{"id":60,"date":"2020-05-25T09:24:00","date_gmt":"2020-05-25T07:24:00","guid":{"rendered":"https:\/\/teenstreet.life\/se\/?page_id=60"},"modified":"2021-02-12T15:28:23","modified_gmt":"2021-02-12T14:28:23","slug":"historia","status":"publish","type":"page","link":"https:\/\/teenstreet.life\/se\/om-teenstreet\/historia\/","title":{"rendered":"Historia"},"content":{"rendered":"\t\t<div data-elementor-type=\"wp-page\" data-elementor-id=\"60\" class=\"elementor elementor-60\" data-elementor-post-type=\"page\">\n\t\t\t\t\t\t<section class=\"elementor-section elementor-top-section elementor-element elementor-element-672cfdb elementor-section-boxed elementor-section-height-default elementor-section-height-default wpr-particle-no wpr-jarallax-no wpr-parallax-no wpr-sticky-section-no wpr-equal-height-no\" data-id=\"672cfdb\" data-element_type=\"section\" data-e-type=\"section\">\n\t\t\t\t\t\t<div class=\"elementor-container elementor-column-gap-default\">\n\t\t\t\t\t<div class=\"elementor-column elementor-col-16 elementor-top-column elementor-element elementor-element-54fde2a\" data-id=\"54fde2a\" data-element_type=\"column\" data-e-type=\"column\">\n\t\t\t<div class=\"elementor-widget-wrap\">\n\t\t\t\t\t\t\t<\/div>\n\t\t<\/div>\n\t\t\t\t<div class=\"elementor-column elementor-col-66 elementor-top-column elementor-element elementor-element-50a2e63\" data-id=\"50a2e63\" data-element_type=\"column\" data-e-type=\"column\">\n\t\t\t<div class=\"elementor-widget-wrap elementor-element-populated\">\n\t\t\t\t\t\t<div class=\"elementor-element elementor-element-19d84d82 elementor-widget elementor-widget-text-editor\" data-id=\"19d84d82\" data-element_type=\"widget\" data-e-type=\"widget\" data-widget_type=\"text-editor.default\">\n\t\t\t\t<div class=\"elementor-widget-container\">\n\t\t\t\t\t\t\t\t\t<p><span class=\"\">TeenStreet b\u00f6rjade 1992 som en vision f\u00f6r en internationell kristen konferens f\u00f6r ton\u00e5ringar.\u00a0<\/span>Grundarna Dan och Suzie Potter fr\u00e5n USA gav det namnet TeenStreet &#8221;eftersom hela syftet var att ge ton\u00e5ringar en v\u00e4g att vandra p\u00e5 &#8230; ett s\u00e4tt att leva&#8221;.<\/p><p>Det f\u00f6rsta TeenStreet h\u00f6lls i Offenburg, Tyskland, sommaren 1993, med totalt 56 personer. Det v\u00e4xte snabbt, och \u00e5r 2000 deltog mer \u00e4n 2000 personer.<\/p><p>\u00c5r 2004 expanderade TeenStreet till Brasilien, sedan till Australien 2010, och ytterligare l\u00e4nder efter det.<\/p><p>\u201dTeenStreet \u00e4r mycket mer \u00e4n en veckas evenemang\u201d, f\u00f6rklarar f\u00f6re detta TeenStreet Europa-ansvarige Ger van Veen. \u201dVarje \u00e5r \u00e5ker tusentals ungdomar hem fr\u00e5n TeenStreet motiverade och st\u00e4rkta i sin l\u00e4ngtan att leva f\u00f6r Jesus och reflektera honom i sin v\u00e4rld.\u201d<\/p><p>2020 lanserade TeenStreet sitt f\u00f6rsta online-evenemang n\u00e5gonsin, som ett svar p\u00e5 COVID-19-pandemin. N\u00e4r v\u00e5rt inflytande v\u00e4xer genom ny teknik och nya m\u00f6jligheter, s\u00f6ker vi som en global gemenskap f\u00f6lja Guds ledning f\u00f6r framtiden med m\u00e5let att f\u00f6rh\u00e4rliga hans namn.<\/p>\t\t\t\t\t\t\t\t<\/div>\n\t\t\t\t<\/div>\n\t\t\t\t\t<\/div>\n\t\t<\/div>\n\t\t\t\t<div class=\"elementor-column elementor-col-16 elementor-top-column elementor-element elementor-element-0320df7\" data-id=\"0320df7\" data-element_type=\"column\" data-e-type=\"column\">\n\t\t\t<div class=\"elementor-widget-wrap\">\n\t\t\t\t\t\t\t<\/div>\n\t\t<\/div>\n\t\t\t\t\t<\/div>\n\t\t<\/section>\n\t\t\t\t<\/div>\n\t\t","protected":false},"excerpt":{"rendered":"<p>TeenStreet b\u00f6rjade 1992 som en vision f\u00f6r en internationell kristen konferens f\u00f6r ton\u00e5ringar.\u00a0Grundarna Dan och Suzie Potter fr\u00e5n USA gav det namnet TeenStreet &#8221;eftersom hela syftet var att ge ton\u00e5ringar en v\u00e4g att vandra p\u00e5 &#8230; ett s\u00e4tt att leva&#8221;. Det f\u00f6rsta TeenStreet h\u00f6lls i Offenburg, Tyskland, sommaren 1993, med totalt 56 personer. Det v\u00e4xte snabbt, och \u00e5r 2000 deltog mer \u00e4n 2000 personer. \u00c5r 2004 expanderade TeenStreet till Brasilien, sedan till Australien 2010, och ytterligare l\u00e4nder efter det. \u201dTeenStreet \u00e4r mycket mer \u00e4n en veckas evenemang\u201d, f\u00f6rklarar f\u00f6re detta TeenStreet Europa-ansvarige Ger van Veen. \u201dVarje \u00e5r \u00e5ker tusentals ungdomar hem fr\u00e5n TeenStreet motiverade och st\u00e4rkta i sin l\u00e4ngtan att leva f\u00f6r Jesus och reflektera honom i sin v\u00e4rld.\u201d 2020 lanserade TeenStreet sitt f\u00f6rsta online-evenemang n\u00e5gonsin, som ett svar p\u00e5 COVID-19-pandemin. N\u00e4r v\u00e5rt inflytande v\u00e4xer genom ny teknik och nya m\u00f6jligheter, s\u00f6ker vi som en global gemenskap f\u00f6lja Guds ledning f\u00f6r framtiden med m\u00e5let att f\u00f6rh\u00e4rliga hans namn.<\/p>\n","protected":false},"author":1,"featured_media":299,"parent":56,"menu_order":0,"comment_status":"closed","ping_status":"closed","template":"","meta":{"footnotes":""},"class_list":["post-60","page","type-page","status-publish","has-post-thumbnail","hentry"],"_links":{"self":[{"href":"https:\/\/teenstreet.life\/se\/wp-json\/wp\/v2\/pages\/60","targetHints":{"allow":["GET"]}}],"collection":[{"href":"https:\/\/teenstreet.life\/se\/wp-json\/wp\/v2\/pages"}],"about":[{"href":"https:\/\/teenstreet.life\/se\/wp-json\/wp\/v2\/types\/page"}],"author":[{"embeddable":true,"href":"https:\/\/teenstreet.life\/se\/wp-json\/wp\/v2\/users\/1"}],"replies":[{"embeddable":true,"href":"https:\/\/teenstreet.life\/se\/wp-json\/wp\/v2\/comments?post=60"}],"version-history":[{"count":0,"href":"https:\/\/teenstreet.life\/se\/wp-json\/wp\/v2\/pages\/60\/revisions"}],"up":[{"embeddable":true,"href":"https:\/\/teenstreet.life\/se\/wp-json\/wp\/v2\/pages\/56"}],"wp:featuredmedia":[{"embeddable":true,"href":"https:\/\/teenstreet.life\/se\/wp-json\/wp\/v2\/media\/299"}],"wp:attachment":[{"href":"https:\/\/teenstreet.life\/se\/wp-json\/wp\/v2\/media?parent=60"}],"curies":[{"name":"wp","href":"https:\/\/api.w.org\/{rel}","templated":true}]}}