{"id":56,"date":"2020-05-25T09:23:25","date_gmt":"2020-05-25T09:23:25","guid":{"rendered":"https:\/\/teenstreet.life\/se\/?page_id=56"},"modified":"2024-12-10T12:58:37","modified_gmt":"2024-12-10T11:58:37","slug":"om-teenstreet","status":"publish","type":"page","link":"https:\/\/teenstreet.life\/se\/om-teenstreet\/","title":{"rendered":"Om TeenStreet"},"content":{"rendered":"\t\t<div data-elementor-type=\"wp-page\" data-elementor-id=\"56\" class=\"elementor elementor-56\" data-elementor-post-type=\"page\">\n\t\t\t\t\t\t<section class=\"elementor-section elementor-top-section elementor-element elementor-element-c593276 elementor-section-boxed elementor-section-height-default elementor-section-height-default wpr-particle-no wpr-jarallax-no wpr-parallax-no wpr-sticky-section-no\" data-id=\"c593276\" data-element_type=\"section\" data-e-type=\"section\">\n\t\t\t\t\t\t<div class=\"elementor-container elementor-column-gap-default\">\n\t\t\t\t\t<div class=\"elementor-column elementor-col-16 elementor-top-column elementor-element elementor-element-2af51f9\" data-id=\"2af51f9\" data-element_type=\"column\" data-e-type=\"column\">\n\t\t\t<div class=\"elementor-widget-wrap elementor-element-populated\">\n\t\t\t\t\t\t<div class=\"elementor-element elementor-element-ebfb531 elementor-widget__width-initial elementor-widget elementor-widget-image\" data-id=\"ebfb531\" data-element_type=\"widget\" data-e-type=\"widget\" data-widget_type=\"image.default\">\n\t\t\t\t<div class=\"elementor-widget-container\">\n\t\t\t\t\t\t\t\t\t\t\t\t\t\t\t<img fetchpriority=\"high\" decoding=\"async\" width=\"799\" height=\"533\" src=\"https:\/\/teenstreet.life\/se\/wp-content\/uploads\/sites\/12\/2024\/12\/53886539125_c58032f42c_c-1.jpg\" class=\"attachment-large size-large wp-image-5448\" alt=\"\" srcset=\"https:\/\/teenstreet.life\/se\/wp-content\/uploads\/sites\/12\/2024\/12\/53886539125_c58032f42c_c-1.jpg 799w, https:\/\/teenstreet.life\/se\/wp-content\/uploads\/sites\/12\/2024\/12\/53886539125_c58032f42c_c-1-300x200.jpg 300w, https:\/\/teenstreet.life\/se\/wp-content\/uploads\/sites\/12\/2024\/12\/53886539125_c58032f42c_c-1-768x512.jpg 768w\" sizes=\"(max-width: 799px) 100vw, 799px\" \/>\t\t\t\t\t\t\t\t\t\t\t\t\t\t\t<\/div>\n\t\t\t\t<\/div>\n\t\t\t\t<div class=\"elementor-element elementor-element-92578ae elementor-widget elementor-widget-spacer\" data-id=\"92578ae\" data-element_type=\"widget\" data-e-type=\"widget\" data-widget_type=\"spacer.default\">\n\t\t\t\t<div class=\"elementor-widget-container\">\n\t\t\t\t\t\t\t<div class=\"elementor-spacer\">\n\t\t\t<div class=\"elementor-spacer-inner\"><\/div>\n\t\t<\/div>\n\t\t\t\t\t\t<\/div>\n\t\t\t\t<\/div>\n\t\t\t\t<div class=\"elementor-element elementor-element-3fbcab6 elementor-widget__width-initial elementor-widget elementor-widget-image\" data-id=\"3fbcab6\" data-element_type=\"widget\" data-e-type=\"widget\" data-widget_type=\"image.default\">\n\t\t\t\t<div class=\"elementor-widget-container\">\n\t\t\t\t\t\t\t\t\t\t\t\t\t\t\t<img decoding=\"async\" width=\"799\" height=\"533\" src=\"https:\/\/teenstreet.life\/se\/wp-content\/uploads\/sites\/12\/2024\/12\/53888629439_e4ccb74140_c.jpg\" class=\"attachment-large size-large wp-image-5449\" alt=\"\" srcset=\"https:\/\/teenstreet.life\/se\/wp-content\/uploads\/sites\/12\/2024\/12\/53888629439_e4ccb74140_c.jpg 799w, https:\/\/teenstreet.life\/se\/wp-content\/uploads\/sites\/12\/2024\/12\/53888629439_e4ccb74140_c-300x200.jpg 300w, https:\/\/teenstreet.life\/se\/wp-content\/uploads\/sites\/12\/2024\/12\/53888629439_e4ccb74140_c-768x512.jpg 768w\" sizes=\"(max-width: 799px) 100vw, 799px\" \/>\t\t\t\t\t\t\t\t\t\t\t\t\t\t\t<\/div>\n\t\t\t\t<\/div>\n\t\t\t\t<div class=\"elementor-element elementor-element-23bb82a elementor-widget elementor-widget-spacer\" data-id=\"23bb82a\" data-element_type=\"widget\" data-e-type=\"widget\" data-widget_type=\"spacer.default\">\n\t\t\t\t<div class=\"elementor-widget-container\">\n\t\t\t\t\t\t\t<div class=\"elementor-spacer\">\n\t\t\t<div class=\"elementor-spacer-inner\"><\/div>\n\t\t<\/div>\n\t\t\t\t\t\t<\/div>\n\t\t\t\t<\/div>\n\t\t\t\t<div class=\"elementor-element elementor-element-3246995 elementor-widget elementor-widget-image\" data-id=\"3246995\" data-element_type=\"widget\" data-e-type=\"widget\" data-widget_type=\"image.default\">\n\t\t\t\t<div class=\"elementor-widget-container\">\n\t\t\t\t\t\t\t\t\t\t\t\t\t\t\t<img decoding=\"async\" width=\"799\" height=\"533\" src=\"https:\/\/teenstreet.life\/se\/wp-content\/uploads\/sites\/12\/2024\/12\/53896138788_7657972973_c.jpg\" class=\"attachment-large size-large wp-image-5451\" alt=\"\" srcset=\"https:\/\/teenstreet.life\/se\/wp-content\/uploads\/sites\/12\/2024\/12\/53896138788_7657972973_c.jpg 799w, https:\/\/teenstreet.life\/se\/wp-content\/uploads\/sites\/12\/2024\/12\/53896138788_7657972973_c-300x200.jpg 300w, https:\/\/teenstreet.life\/se\/wp-content\/uploads\/sites\/12\/2024\/12\/53896138788_7657972973_c-768x512.jpg 768w\" sizes=\"(max-width: 799px) 100vw, 799px\" \/>\t\t\t\t\t\t\t\t\t\t\t\t\t\t\t<\/div>\n\t\t\t\t<\/div>\n\t\t\t\t\t<\/div>\n\t\t<\/div>\n\t\t\t\t<div class=\"elementor-column elementor-col-66 elementor-top-column elementor-element elementor-element-9c8ab1e\" data-id=\"9c8ab1e\" data-element_type=\"column\" data-e-type=\"column\">\n\t\t\t<div class=\"elementor-widget-wrap elementor-element-populated\">\n\t\t\t\t\t\t<div class=\"elementor-element elementor-element-4f3065b elementor-widget__width-initial elementor-widget elementor-widget-text-editor\" data-id=\"4f3065b\" data-element_type=\"widget\" data-e-type=\"widget\" data-widget_type=\"text-editor.default\">\n\t\t\t\t<div class=\"elementor-widget-container\">\n\t\t\t\t\t\t\t\t\t<p>TeenStreet \u00e4r ett kristet, internationellt evenemang f\u00f6r ton\u00e5ringar. Vi arbetar med f\u00f6rsamlingar f\u00f6r att motivera, utrusta och g\u00e5 tillsammans med kristna ton\u00e5ringar fr\u00e5n hela Europa f\u00f6r att f\u00e5 en riktig v\u00e4nskap med Jesus och reflektera honom dagligen i sin v\u00e4rld.<\/p><p>TeenStreet startade 1993 med totalt 53 ton\u00e5ringar och har vuxit snabbt. Idag har vi 7 \u00e5rliga veckol\u00e5nga evenemang i 6 l\u00e4nder och flera helgevenemang i \u00f6ver 15 l\u00e4nder, f\u00f6rdelade p\u00e5 4 kontinenter. Cirka 10 000 deltagare och volont\u00e4rer deltar och investerar i dessa evenemang. Under de n\u00e4rmaste \u00e5ren f\u00f6rv\u00e4ntar vi oss att minst 30 andra evenemang startar p\u00e5 nya platser \u00f6ver hela v\u00e4rlden, inklusive Mellan\u00f6stern, Afrika och Asien.<\/p><p>Vi har \u00e5tagit oss att arbeta med kyrkor och ungdomsgrupper och st\u00f6dja dem i deras tj\u00e4nst f\u00f6r ton\u00e5ringar. Vi betonar samarbete med kyrkor, eftersom det \u00e4r s\u00e5 viktigt att ton\u00e5ringar har en kristen gemenskap att vara en del av efter TeenStreet.<\/p><p>P\u00e5 TeenStreet vill vi uppmuntra ton\u00e5ringar att g\u00e5 med Jesus och hj\u00e4lpa dem att fatta kloka beslut. D\u00e4rf\u00f6r ing\u00e5r varje deltagare i en liten grupp som talar samma spr\u00e5k och \u00e4r i samma \u00e5lder. Deras vuxna ledare st\u00f6der dem och delar med sig av sin personliga relation med Jesus med dem.<\/p><p>Under huvudm\u00f6tena l\u00e4r sig ton\u00e5ringarna mer om hur det \u00e4r att leva och vandra i en relation med Gud. De tar med sig det de l\u00e4r sig under huvudm\u00f6tena till sina sm\u00e5 grupper, f\u00f6r att d\u00e4r reflektera \u00f6ver det och f\u00f6r att sedan kunna till\u00e4mpa det i sina egna liv hemma. Dessutom erbjuder TeenStreet m\u00e5nga sp\u00e4nnande saker f\u00f6r ton\u00e5ringarna att delta i, inklusive sport, kreativ konst, seminarier och workshops. De har ocks\u00e5 ledig tid att l\u00e4ra k\u00e4nna m\u00e4nniskor fr\u00e5n andra l\u00e4nder, med olika kulturell och kyrklig bakgrund.<\/p>\t\t\t\t\t\t\t\t<\/div>\n\t\t\t\t<\/div>\n\t\t\t\t<div class=\"elementor-element elementor-element-905a8a1 elementor-widget elementor-widget-spacer\" data-id=\"905a8a1\" data-element_type=\"widget\" data-e-type=\"widget\" data-widget_type=\"spacer.default\">\n\t\t\t\t<div class=\"elementor-widget-container\">\n\t\t\t\t\t\t\t<div class=\"elementor-spacer\">\n\t\t\t<div class=\"elementor-spacer-inner\"><\/div>\n\t\t<\/div>\n\t\t\t\t\t\t<\/div>\n\t\t\t\t<\/div>\n\t\t\t\t<div class=\"elementor-element elementor-element-bfa60f8 elementor-widget elementor-widget-heading\" data-id=\"bfa60f8\" data-element_type=\"widget\" data-e-type=\"widget\" data-widget_type=\"heading.default\">\n\t\t\t\t<div class=\"elementor-widget-container\">\n\t\t\t\t\t<h2 class=\"elementor-heading-title elementor-size-default\">Vision<\/h2>\t\t\t\t<\/div>\n\t\t\t\t<\/div>\n\t\t\t\t<div class=\"elementor-element elementor-element-7a02c69 elementor-blockquote--skin-quotation elementor-widget elementor-widget-blockquote\" data-id=\"7a02c69\" data-element_type=\"widget\" data-e-type=\"widget\" data-widget_type=\"blockquote.default\">\n\t\t\t\t<div class=\"elementor-widget-container\">\n\t\t\t\t\t\t\t<blockquote class=\"elementor-blockquote\">\n\t\t\t<p class=\"elementor-blockquote__content\">\n\t\t\t\tTeenStreet samverkar med f\u00f6rsamlingar f\u00f6r att motivera, utrusta och vandra j\u00e4msides med kristna ton\u00e5ringar f\u00f6r att se dem f\u00e5 en riktig relation med Jesus och dagligen reflektera honom i sin v\u00e4rld.\t\t\t<\/p>\n\t\t\t\t\t<\/blockquote>\n\t\t\t\t\t\t<\/div>\n\t\t\t\t<\/div>\n\t\t\t\t<div class=\"elementor-element elementor-element-24689eb elementor-widget elementor-widget-image\" data-id=\"24689eb\" data-element_type=\"widget\" data-e-type=\"widget\" data-widget_type=\"image.default\">\n\t\t\t\t<div class=\"elementor-widget-container\">\n\t\t\t\t\t\t\t\t\t\t\t\t<figure class=\"wp-caption\">\n\t\t\t\t\t\t\t\t\t\t<img loading=\"lazy\" decoding=\"async\" width=\"799\" height=\"480\" src=\"https:\/\/teenstreet.life\/se\/wp-content\/uploads\/sites\/12\/2024\/12\/53886121691_bf4d21eb7b_c-799x480.jpg\" class=\"attachment-half-hd size-half-hd wp-image-5452\" alt=\"\" \/>\t\t\t\t\t\t\t\t\t\t\t<figcaption class=\"widget-image-caption wp-caption-text\"><\/figcaption>\n\t\t\t\t\t\t\t\t\t\t<\/figure>\n\t\t\t\t\t\t\t\t\t<\/div>\n\t\t\t\t<\/div>\n\t\t\t\t<div class=\"elementor-element elementor-element-c367197 elementor-widget elementor-widget-heading\" data-id=\"c367197\" data-element_type=\"widget\" data-e-type=\"widget\" data-widget_type=\"heading.default\">\n\t\t\t\t<div class=\"elementor-widget-container\">\n\t\t\t\t\t<h2 class=\"elementor-heading-title elementor-size-default\">Mer om TeenStreet<\/h2>\t\t\t\t<\/div>\n\t\t\t\t<\/div>\n\t\t\t\t\t<\/div>\n\t\t<\/div>\n\t\t\t\t<div class=\"elementor-column elementor-col-16 elementor-top-column elementor-element elementor-element-e3a5560\" data-id=\"e3a5560\" data-element_type=\"column\" data-e-type=\"column\">\n\t\t\t<div class=\"elementor-widget-wrap elementor-element-populated\">\n\t\t\t\t\t\t<div class=\"elementor-element elementor-element-ecf6c6b elementor-widget elementor-widget-spacer\" data-id=\"ecf6c6b\" data-element_type=\"widget\" data-e-type=\"widget\" data-widget_type=\"spacer.default\">\n\t\t\t\t<div class=\"elementor-widget-container\">\n\t\t\t\t\t\t\t<div class=\"elementor-spacer\">\n\t\t\t<div class=\"elementor-spacer-inner\"><\/div>\n\t\t<\/div>\n\t\t\t\t\t\t<\/div>\n\t\t\t\t<\/div>\n\t\t\t\t<div class=\"elementor-element elementor-element-07bd0a9 elementor-widget__width-initial elementor-widget elementor-widget-image\" data-id=\"07bd0a9\" data-element_type=\"widget\" data-e-type=\"widget\" data-widget_type=\"image.default\">\n\t\t\t\t<div class=\"elementor-widget-container\">\n\t\t\t\t\t\t\t\t\t\t\t\t\t\t\t<img loading=\"lazy\" decoding=\"async\" width=\"799\" height=\"533\" src=\"https:\/\/teenstreet.life\/se\/wp-content\/uploads\/sites\/12\/2024\/12\/53888713195_41907bc5e9_c-1.jpg\" class=\"attachment-large size-large wp-image-5450\" alt=\"\" srcset=\"https:\/\/teenstreet.life\/se\/wp-content\/uploads\/sites\/12\/2024\/12\/53888713195_41907bc5e9_c-1.jpg 799w, https:\/\/teenstreet.life\/se\/wp-content\/uploads\/sites\/12\/2024\/12\/53888713195_41907bc5e9_c-1-300x200.jpg 300w, https:\/\/teenstreet.life\/se\/wp-content\/uploads\/sites\/12\/2024\/12\/53888713195_41907bc5e9_c-1-768x512.jpg 768w\" sizes=\"(max-width: 799px) 100vw, 799px\" \/>\t\t\t\t\t\t\t\t\t\t\t\t\t\t\t<\/div>\n\t\t\t\t<\/div>\n\t\t\t\t<div class=\"elementor-element elementor-element-90c1b84 elementor-widget elementor-widget-spacer\" data-id=\"90c1b84\" data-element_type=\"widget\" data-e-type=\"widget\" data-widget_type=\"spacer.default\">\n\t\t\t\t<div class=\"elementor-widget-container\">\n\t\t\t\t\t\t\t<div class=\"elementor-spacer\">\n\t\t\t<div class=\"elementor-spacer-inner\"><\/div>\n\t\t<\/div>\n\t\t\t\t\t\t<\/div>\n\t\t\t\t<\/div>\n\t\t\t\t<div class=\"elementor-element elementor-element-1b67d01 elementor-widget elementor-widget-image\" data-id=\"1b67d01\" data-element_type=\"widget\" data-e-type=\"widget\" data-widget_type=\"image.default\">\n\t\t\t\t<div class=\"elementor-widget-container\">\n\t\t\t\t\t\t\t\t\t\t\t\t\t\t\t<img fetchpriority=\"high\" decoding=\"async\" width=\"799\" height=\"533\" src=\"https:\/\/teenstreet.life\/se\/wp-content\/uploads\/sites\/12\/2024\/12\/53886539125_c58032f42c_c-1.jpg\" class=\"attachment-large size-large wp-image-5448\" alt=\"\" srcset=\"https:\/\/teenstreet.life\/se\/wp-content\/uploads\/sites\/12\/2024\/12\/53886539125_c58032f42c_c-1.jpg 799w, https:\/\/teenstreet.life\/se\/wp-content\/uploads\/sites\/12\/2024\/12\/53886539125_c58032f42c_c-1-300x200.jpg 300w, https:\/\/teenstreet.life\/se\/wp-content\/uploads\/sites\/12\/2024\/12\/53886539125_c58032f42c_c-1-768x512.jpg 768w\" sizes=\"(max-width: 799px) 100vw, 799px\" \/>\t\t\t\t\t\t\t\t\t\t\t\t\t\t\t<\/div>\n\t\t\t\t<\/div>\n\t\t\t\t<div class=\"elementor-element elementor-element-8d3cc13 elementor-widget elementor-widget-spacer\" data-id=\"8d3cc13\" data-element_type=\"widget\" data-e-type=\"widget\" data-widget_type=\"spacer.default\">\n\t\t\t\t<div class=\"elementor-widget-container\">\n\t\t\t\t\t\t\t<div class=\"elementor-spacer\">\n\t\t\t<div class=\"elementor-spacer-inner\"><\/div>\n\t\t<\/div>\n\t\t\t\t\t\t<\/div>\n\t\t\t\t<\/div>\n\t\t\t\t<div class=\"elementor-element elementor-element-458c408 elementor-widget elementor-widget-image\" data-id=\"458c408\" data-element_type=\"widget\" data-e-type=\"widget\" data-widget_type=\"image.default\">\n\t\t\t\t<div class=\"elementor-widget-container\">\n\t\t\t\t\t\t\t\t\t\t\t\t\t\t\t<img loading=\"lazy\" decoding=\"async\" width=\"799\" height=\"533\" src=\"https:\/\/teenstreet.life\/se\/wp-content\/uploads\/sites\/12\/2024\/12\/53896126483_d167d9dcbe_c.jpg\" class=\"attachment-large size-large wp-image-5465\" alt=\"\" srcset=\"https:\/\/teenstreet.life\/se\/wp-content\/uploads\/sites\/12\/2024\/12\/53896126483_d167d9dcbe_c.jpg 799w, https:\/\/teenstreet.life\/se\/wp-content\/uploads\/sites\/12\/2024\/12\/53896126483_d167d9dcbe_c-300x200.jpg 300w, https:\/\/teenstreet.life\/se\/wp-content\/uploads\/sites\/12\/2024\/12\/53896126483_d167d9dcbe_c-768x512.jpg 768w\" sizes=\"(max-width: 799px) 100vw, 799px\" \/>\t\t\t\t\t\t\t\t\t\t\t\t\t\t\t<\/div>\n\t\t\t\t<\/div>\n\t\t\t\t\t<\/div>\n\t\t<\/div>\n\t\t\t\t\t<\/div>\n\t\t<\/section>\n\t\t\t\t<section class=\"elementor-section elementor-inner-section elementor-element elementor-element-6d47c340 elementor-section-boxed elementor-section-height-default elementor-section-height-default wpr-particle-no wpr-jarallax-no wpr-parallax-no wpr-sticky-section-no\" data-id=\"6d47c340\" data-element_type=\"section\" data-e-type=\"section\">\n\t\t\t\t\t\t<div class=\"elementor-container elementor-column-gap-extended\">\n\t\t\t\t\t<div class=\"elementor-column elementor-col-33 elementor-inner-column elementor-element elementor-element-64429f9c\" data-id=\"64429f9c\" data-element_type=\"column\" data-e-type=\"column\">\n\t\t\t<div class=\"elementor-widget-wrap elementor-element-populated\">\n\t\t\t\t\t\t<div class=\"elementor-element elementor-element-59b56d48 elementor-widget elementor-widget-ts-card\" data-id=\"59b56d48\" data-element_type=\"widget\" data-e-type=\"widget\" data-widget_type=\"ts-card.default\">\n\t\t\t\t<div class=\"elementor-widget-container\">\n\t\t\t\t\t            <div class=\"ts-card ts-image-background\" style=\"background-image: url(https:\/\/teenstreet.life\/se\/wp-content\/uploads\/sites\/12\/2024\/02\/Sweden-1080x1080.jpg);\">\r\n\r\n                \t\t\t\t\t<h3 class=\"ts-card-title\">\r\n\t\t\t\t\t\t<a href=\"https:\/\/teenstreet.life\/se\/om-teenstreet\/historia\/\">\r\n\t\t\t\t\t\t\tHistoria\t\t\t\t\t\t<\/a>\r\n                    <\/h3>\r\n                \r\n                                    <p class=\"ts-card-description\">\r\n                        TeenStreet startade 1993 med 56 deltagare i Oldenburg. Nu samlas 4000 deltagare fr\u00e5n 20 olika l\u00e4nder varje \u00e5r f\u00f6r att l\u00e4ra k\u00e4nna Jesus b\u00e4ttre och g\u00f6ra Gud stor!                    <\/p>\r\n                \t\t\t\t\r\n\r\n                                    <a class=\"ts-card-button elementor-button-link\" href=\"https:\/\/teenstreet.life\/se\/om-teenstreet\/historia\/\">\r\n                        Mer information                    <\/a>\r\n                \r\n                 \r\n                    <a class=\"ts-card-full-link\" href=\"https:\/\/teenstreet.life\/se\/om-teenstreet\/historia\/\"><\/a>\r\n                \r\n            <\/div>\r\n\r\n        \t\t\t\t<\/div>\n\t\t\t\t<\/div>\n\t\t\t\t\t<\/div>\n\t\t<\/div>\n\t\t\t\t<div class=\"elementor-column elementor-col-33 elementor-inner-column elementor-element elementor-element-364681c9\" data-id=\"364681c9\" data-element_type=\"column\" data-e-type=\"column\">\n\t\t\t<div class=\"elementor-widget-wrap elementor-element-populated\">\n\t\t\t\t\t\t<div class=\"elementor-element elementor-element-7a182468 elementor-widget elementor-widget-ts-card\" data-id=\"7a182468\" data-element_type=\"widget\" data-e-type=\"widget\" data-widget_type=\"ts-card.default\">\n\t\t\t\t<div class=\"elementor-widget-container\">\n\t\t\t\t\t            <div class=\"ts-card ts-image-background\" style=\"background-image: url(https:\/\/teenstreet.life\/se\/wp-content\/uploads\/sites\/12\/2020\/05\/core-values-480x480.jpg);\">\r\n\r\n                \t\t\t\t\t<h3 class=\"ts-card-title\">\r\n\t\t\t\t\t\t<a href=\"https:\/\/teenstreet.life\/se\/om-teenstreet\/core-values\/\">\r\n\t\t\t\t\t\t\tGrund-v\u00e4rderingar\t\t\t\t\t\t<\/a>\r\n                    <\/h3>\r\n                \r\n                                    <p class=\"ts-card-description\">\r\n                        P\u00e5 TeenStreet tror vi att ton\u00e5ringar ska tas p\u00e5 allvar; deras dr\u00f6mmar och deras kamp. De \u00e4r morgondagens ledare som vi beh\u00f6ver investera i. Det \u00e4r d\u00e4rf\u00f6r TeenStreet finns                    <\/p>\r\n                \t\t\t\t\r\n\r\n                                    <a class=\"ts-card-button elementor-button-link\" href=\"https:\/\/teenstreet.life\/se\/om-teenstreet\/core-values\/\">\r\n                        V\u00e5ra v\u00e4rderingar                    <\/a>\r\n                \r\n                 \r\n                    <a class=\"ts-card-full-link\" href=\"https:\/\/teenstreet.life\/se\/om-teenstreet\/core-values\/\"><\/a>\r\n                \r\n            <\/div>\r\n\r\n        \t\t\t\t<\/div>\n\t\t\t\t<\/div>\n\t\t\t\t\t<\/div>\n\t\t<\/div>\n\t\t\t\t<div class=\"elementor-column elementor-col-33 elementor-inner-column elementor-element elementor-element-10a5bb30\" data-id=\"10a5bb30\" data-element_type=\"column\" data-e-type=\"column\">\n\t\t\t<div class=\"elementor-widget-wrap elementor-element-populated\">\n\t\t\t\t\t\t<div class=\"elementor-element elementor-element-2524ee34 elementor-widget elementor-widget-ts-card\" data-id=\"2524ee34\" data-element_type=\"widget\" data-e-type=\"widget\" data-widget_type=\"ts-card.default\">\n\t\t\t\t<div class=\"elementor-widget-container\">\n\t\t\t\t\t            <div class=\"ts-card ts-image-background\" style=\"background-image: url(https:\/\/teenstreet.life\/se\/wp-content\/uploads\/sites\/12\/2020\/05\/ts-about-om-480x480.png);\">\r\n\r\n                \t\t\t\t\t<h3 class=\"ts-card-title\">\r\n\t\t\t\t\t\t<a href=\"https:\/\/teenstreet.life\/se\/om-teenstreet\/om\/\">\r\n\t\t\t\t\t\t\tOm OM\t\t\t\t\t\t<\/a>\r\n                    <\/h3>\r\n                \r\n                                    <p class=\"ts-card-description\">\r\n                        TeenStreet \u00e4r ett ministerium f\u00f6r Operation Mobilization, en mission\u00e4rsorganisation som verkar i mer \u00e4n 110 l\u00e4nder som utrustar och motiverar m\u00e4nniskor att dela Guds k\u00e4rlek \u00f6ver hela v\u00e4rlden.                    <\/p>\r\n                \t\t\t\t\r\n\r\n                                    <a class=\"ts-card-button elementor-button-link\" href=\"https:\/\/teenstreet.life\/se\/om-teenstreet\/om\/\">\r\n                        Uppt\u00e4ck mer                    <\/a>\r\n                \r\n                 \r\n                    <a class=\"ts-card-full-link\" href=\"https:\/\/teenstreet.life\/se\/om-teenstreet\/om\/\"><\/a>\r\n                \r\n            <\/div>\r\n\r\n        \t\t\t\t<\/div>\n\t\t\t\t<\/div>\n\t\t\t\t\t<\/div>\n\t\t<\/div>\n\t\t\t\t\t<\/div>\n\t\t<\/section>\n\t\t\t\t<section class=\"elementor-section elementor-top-section elementor-element elementor-element-9ec0a67 elementor-section-boxed elementor-section-height-default elementor-section-height-default wpr-particle-no wpr-jarallax-no wpr-parallax-no wpr-sticky-section-no\" data-id=\"9ec0a67\" data-element_type=\"section\" data-e-type=\"section\">\n\t\t\t\t\t\t<div class=\"elementor-container elementor-column-gap-default\">\n\t\t\t\t\t<div class=\"elementor-column elementor-col-100 elementor-top-column elementor-element elementor-element-eb78438\" data-id=\"eb78438\" data-element_type=\"column\" data-e-type=\"column\">\n\t\t\t<div class=\"elementor-widget-wrap\">\n\t\t\t\t\t\t\t<\/div>\n\t\t<\/div>\n\t\t\t\t\t<\/div>\n\t\t<\/section>\n\t\t\t\t<section class=\"elementor-section elementor-top-section elementor-element elementor-element-c37b285 elementor-section-boxed elementor-section-height-default elementor-section-height-default wpr-particle-no wpr-jarallax-no wpr-parallax-no wpr-sticky-section-no\" data-id=\"c37b285\" data-element_type=\"section\" data-e-type=\"section\">\n\t\t\t\t\t\t<div class=\"elementor-container elementor-column-gap-default\">\n\t\t\t\t\t<div class=\"elementor-column elementor-col-100 elementor-top-column elementor-element elementor-element-6a2b81a\" data-id=\"6a2b81a\" data-element_type=\"column\" data-e-type=\"column\">\n\t\t\t<div class=\"elementor-widget-wrap\">\n\t\t\t\t\t\t\t<\/div>\n\t\t<\/div>\n\t\t\t\t\t<\/div>\n\t\t<\/section>\n\t\t\t\t<\/div>\n\t\t","protected":false},"excerpt":{"rendered":"<p>TeenStreet \u00e4r ett kristet, internationellt evenemang f\u00f6r ton\u00e5ringar. Vi arbetar med f\u00f6rsamlingar f\u00f6r att motivera, utrusta och g\u00e5 tillsammans med kristna ton\u00e5ringar fr\u00e5n hela Europa f\u00f6r att f\u00e5 en riktig v\u00e4nskap med Jesus och reflektera honom dagligen i sin v\u00e4rld. TeenStreet startade 1993 med totalt 53 ton\u00e5ringar och har vuxit snabbt. Idag har vi 7 \u00e5rliga veckol\u00e5nga evenemang i 6 l\u00e4nder och flera helgevenemang i \u00f6ver 15 l\u00e4nder, f\u00f6rdelade p\u00e5 4 kontinenter. Cirka 10 000 deltagare och volont\u00e4rer deltar och investerar i dessa evenemang. Under de n\u00e4rmaste \u00e5ren f\u00f6rv\u00e4ntar vi oss att minst 30 andra evenemang startar p\u00e5 nya platser \u00f6ver hela v\u00e4rlden, inklusive Mellan\u00f6stern, Afrika och Asien. Vi har \u00e5tagit oss att arbeta med kyrkor och ungdomsgrupper och st\u00f6dja dem i deras tj\u00e4nst f\u00f6r ton\u00e5ringar. Vi betonar samarbete med kyrkor, eftersom det \u00e4r s\u00e5 viktigt att ton\u00e5ringar har en kristen gemenskap att vara en del av efter TeenStreet. P\u00e5 TeenStreet vill vi uppmuntra ton\u00e5ringar att g\u00e5 med Jesus och hj\u00e4lpa dem att fatta kloka beslut. D\u00e4rf\u00f6r ing\u00e5r varje deltagare i en liten grupp som talar samma spr\u00e5k och \u00e4r i samma \u00e5lder. Deras vuxna ledare st\u00f6der dem och delar med sig av sin personliga relation med Jesus med dem. Under huvudm\u00f6tena l\u00e4r sig ton\u00e5ringarna mer om hur det \u00e4r att leva och vandra i en relation med Gud. De tar med sig det de l\u00e4r sig under huvudm\u00f6tena till sina sm\u00e5 grupper, f\u00f6r att d\u00e4r reflektera \u00f6ver det och f\u00f6r att sedan kunna till\u00e4mpa det i sina egna liv hemma. Dessutom erbjuder TeenStreet m\u00e5nga sp\u00e4nnande saker f\u00f6r ton\u00e5ringarna att delta i, inklusive sport, kreativ konst, seminarier och workshops. De har ocks\u00e5 ledig tid att l\u00e4ra k\u00e4nna m\u00e4nniskor fr\u00e5n andra l\u00e4nder, med olika kulturell och kyrklig bakgrund. Vision TeenStreet samverkar med f\u00f6rsamlingar f\u00f6r att motivera, utrusta och vandra j\u00e4msides med kristna ton\u00e5ringar f\u00f6r att se dem f\u00e5 en riktig relation med Jesus och dagligen reflektera honom i sin v\u00e4rld. Mer om TeenStreet Historia TeenStreet startade 1993 med 56 deltagare i Oldenburg. Nu samlas 4000 deltagare fr\u00e5n 20 olika l\u00e4nder varje \u00e5r f\u00f6r att l\u00e4ra k\u00e4nna Jesus b\u00e4ttre och g\u00f6ra Gud stor! Mer information Grund-v\u00e4rderingar P\u00e5 TeenStreet tror vi att ton\u00e5ringar ska tas p\u00e5 allvar; deras dr\u00f6mmar och deras kamp. De \u00e4r morgondagens ledare som vi beh\u00f6ver investera i. Det \u00e4r d\u00e4rf\u00f6r TeenStreet finns V\u00e5ra v\u00e4rderingar Om OM TeenStreet \u00e4r ett ministerium f\u00f6r Operation Mobilization, en mission\u00e4rsorganisation som verkar i mer \u00e4n 110 l\u00e4nder som utrustar och motiverar m\u00e4nniskor att dela Guds k\u00e4rlek \u00f6ver hela v\u00e4rlden. Uppt\u00e4ck mer<\/p>\n","protected":false},"author":1,"featured_media":334,"parent":0,"menu_order":0,"comment_status":"closed","ping_status":"closed","template":"","meta":{"footnotes":""},"class_list":["post-56","page","type-page","status-publish","has-post-thumbnail","hentry"],"_links":{"self":[{"href":"https:\/\/teenstreet.life\/se\/wp-json\/wp\/v2\/pages\/56","targetHints":{"allow":["GET"]}}],"collection":[{"href":"https:\/\/teenstreet.life\/se\/wp-json\/wp\/v2\/pages"}],"about":[{"href":"https:\/\/teenstreet.life\/se\/wp-json\/wp\/v2\/types\/page"}],"author":[{"embeddable":true,"href":"https:\/\/teenstreet.life\/se\/wp-json\/wp\/v2\/users\/1"}],"replies":[{"embeddable":true,"href":"https:\/\/teenstreet.life\/se\/wp-json\/wp\/v2\/comments?post=56"}],"version-history":[{"count":5,"href":"https:\/\/teenstreet.life\/se\/wp-json\/wp\/v2\/pages\/56\/revisions"}],"predecessor-version":[{"id":5468,"href":"https:\/\/teenstreet.life\/se\/wp-json\/wp\/v2\/pages\/56\/revisions\/5468"}],"wp:featuredmedia":[{"embeddable":true,"href":"https:\/\/teenstreet.life\/se\/wp-json\/wp\/v2\/media\/334"}],"wp:attachment":[{"href":"https:\/\/teenstreet.life\/se\/wp-json\/wp\/v2\/media?parent=56"}],"curies":[{"name":"wp","href":"https:\/\/api.w.org\/{rel}","templated":true}]}}