{"id":4855,"date":"2022-12-14T12:03:03","date_gmt":"2022-12-14T11:03:03","guid":{"rendered":"https:\/\/teenstreet.life\/se\/?page_id=4855"},"modified":"2026-04-22T11:30:10","modified_gmt":"2026-04-22T09:30:10","slug":"teenstreet-2023","status":"publish","type":"page","link":"https:\/\/teenstreet.life\/se\/teenstreet-2023\/","title":{"rendered":"TeenStreet 2026"},"content":{"rendered":"\t\t<div data-elementor-type=\"wp-page\" data-elementor-id=\"4855\" class=\"elementor elementor-4855\" data-elementor-post-type=\"page\">\n\t\t\t\t\t\t<section class=\"elementor-section elementor-top-section elementor-element elementor-element-9b53c42 elementor-section-height-min-height elementor-section-boxed elementor-section-height-default elementor-section-items-middle wpr-particle-no wpr-jarallax-no wpr-parallax-no wpr-sticky-section-no wpr-equal-height-no\" data-id=\"9b53c42\" data-element_type=\"section\" data-e-type=\"section\" data-settings=\"{&quot;background_background&quot;:&quot;video&quot;,&quot;background_video_link&quot;:&quot;https:\\\/\\\/www.youtube.com\\\/watch?v=20RHBCjvEFg&quot;,&quot;background_video_start&quot;:&quot;0&quot;,&quot;background_video_end&quot;:&quot;17&quot;}\">\n\t\t\t\t\t\t\t\t<div class=\"elementor-background-video-container elementor-hidden-mobile\">\n\t\t\t\t\t\t\t\t\t\t\t\t\t<div class=\"elementor-background-video-embed\" role=\"presentation\"><\/div>\n\t\t\t\t\t\t\t\t\t\t\t\t<\/div>\n\t\t\t\t\t\t\t\t<div class=\"elementor-container elementor-column-gap-default\">\n\t\t\t\t\t<div class=\"elementor-column elementor-col-100 elementor-top-column elementor-element elementor-element-98caadf\" data-id=\"98caadf\" data-element_type=\"column\" data-e-type=\"column\">\n\t\t\t<div class=\"elementor-widget-wrap elementor-element-populated\">\n\t\t\t\t\t\t<div class=\"elementor-element elementor-element-02d09e5 elementor-widget elementor-widget-spacer\" data-id=\"02d09e5\" data-element_type=\"widget\" data-e-type=\"widget\" data-widget_type=\"spacer.default\">\n\t\t\t\t<div class=\"elementor-widget-container\">\n\t\t\t\t\t\t\t<div class=\"elementor-spacer\">\n\t\t\t<div class=\"elementor-spacer-inner\"><\/div>\n\t\t<\/div>\n\t\t\t\t\t\t<\/div>\n\t\t\t\t<\/div>\n\t\t\t\t<div class=\"elementor-element elementor-element-24ec3e1 elementor-view-default elementor-widget elementor-widget-icon\" data-id=\"24ec3e1\" data-element_type=\"widget\" data-e-type=\"widget\" data-widget_type=\"icon.default\">\n\t\t\t\t<div class=\"elementor-widget-container\">\n\t\t\t\t\t\t\t<div class=\"elementor-icon-wrapper\">\n\t\t\t<a class=\"elementor-icon\" href=\"#elementor-action%3Aaction%3Dlightbox%26settings%3DeyJ0eXBlIjoidmlkZW8iLCJ2aWRlb1R5cGUiOiJ5b3V0dWJlIiwidXJsIjoiaHR0cHM6XC9cL3d3dy55b3V0dWJlLmNvbVwvZW1iZWRcL244RFM4WFo1RGhNP2ZlYXR1cmU9b2VtYmVkIn0%3D\">\n\t\t\t<i aria-hidden=\"true\" class=\"far fa-play-circle\"><\/i>\t\t\t<\/a>\n\t\t<\/div>\n\t\t\t\t\t\t<\/div>\n\t\t\t\t<\/div>\n\t\t\t\t<div class=\"elementor-element elementor-element-88845e5 elementor-widget elementor-widget-spacer\" data-id=\"88845e5\" data-element_type=\"widget\" data-e-type=\"widget\" data-widget_type=\"spacer.default\">\n\t\t\t\t<div class=\"elementor-widget-container\">\n\t\t\t\t\t\t\t<div class=\"elementor-spacer\">\n\t\t\t<div class=\"elementor-spacer-inner\"><\/div>\n\t\t<\/div>\n\t\t\t\t\t\t<\/div>\n\t\t\t\t<\/div>\n\t\t\t\t\t<\/div>\n\t\t<\/div>\n\t\t\t\t\t<\/div>\n\t\t<\/section>\n\t\t\t\t<section class=\"elementor-section elementor-top-section elementor-element elementor-element-866a511 elementor-reverse-mobile elementor-section-boxed elementor-section-height-default elementor-section-height-default wpr-particle-no wpr-jarallax-no wpr-parallax-no wpr-sticky-section-no wpr-equal-height-no\" data-id=\"866a511\" data-element_type=\"section\" data-e-type=\"section\">\n\t\t\t\t\t\t<div class=\"elementor-container elementor-column-gap-wider\">\n\t\t\t\t\t<div class=\"elementor-column elementor-col-100 elementor-top-column elementor-element elementor-element-de0530e\" data-id=\"de0530e\" data-element_type=\"column\" data-e-type=\"column\">\n\t\t\t<div class=\"elementor-widget-wrap elementor-element-populated\">\n\t\t\t\t\t\t<section class=\"elementor-section elementor-inner-section elementor-element elementor-element-d89cc26 elementor-section-content-middle elementor-section-full_width elementor-section-height-default elementor-section-height-default wpr-particle-no wpr-jarallax-no wpr-parallax-no wpr-sticky-section-no wpr-equal-height-no\" data-id=\"d89cc26\" data-element_type=\"section\" data-e-type=\"section\" data-settings=\"{&quot;background_background&quot;:&quot;classic&quot;}\">\n\t\t\t\t\t\t\t<div class=\"elementor-background-overlay\"><\/div>\n\t\t\t\t\t\t\t<div class=\"elementor-container elementor-column-gap-wider\">\n\t\t\t\t\t<div class=\"elementor-column elementor-col-66 elementor-inner-column elementor-element elementor-element-5e891c0\" data-id=\"5e891c0\" data-element_type=\"column\" data-e-type=\"column\">\n\t\t\t<div class=\"elementor-widget-wrap elementor-element-populated\">\n\t\t\t\t\t\t<div class=\"elementor-element elementor-element-b610748 elementor-widget elementor-widget-heading\" data-id=\"b610748\" data-element_type=\"widget\" data-e-type=\"widget\" data-widget_type=\"heading.default\">\n\t\t\t\t<div class=\"elementor-widget-container\">\n\t\t\t\t\t<h2 class=\"elementor-heading-title elementor-size-default\">Vad  h\u00e4nder 2026?<\/h2>\t\t\t\t<\/div>\n\t\t\t\t<\/div>\n\t\t\t\t\t<\/div>\n\t\t<\/div>\n\t\t\t\t<div class=\"elementor-column elementor-col-33 elementor-inner-column elementor-element elementor-element-57c3cf3\" data-id=\"57c3cf3\" data-element_type=\"column\" data-e-type=\"column\">\n\t\t\t<div class=\"elementor-widget-wrap\">\n\t\t\t\t\t\t\t<\/div>\n\t\t<\/div>\n\t\t\t\t\t<\/div>\n\t\t<\/section>\n\t\t\t\t\t<\/div>\n\t\t<\/div>\n\t\t\t\t\t<\/div>\n\t\t<\/section>\n\t\t\t\t<section class=\"elementor-section elementor-top-section elementor-element elementor-element-a3701e3 elementor-section-boxed elementor-section-height-default elementor-section-height-default wpr-particle-no wpr-jarallax-no wpr-parallax-no wpr-sticky-section-no wpr-equal-height-no\" data-id=\"a3701e3\" data-element_type=\"section\" data-e-type=\"section\">\n\t\t\t\t\t\t<div class=\"elementor-container elementor-column-gap-default\">\n\t\t\t\t\t<div class=\"elementor-column elementor-col-100 elementor-top-column elementor-element elementor-element-c759603\" data-id=\"c759603\" data-element_type=\"column\" data-e-type=\"column\">\n\t\t\t<div class=\"elementor-widget-wrap elementor-element-populated\">\n\t\t\t\t\t\t<div class=\"elementor-element elementor-element-aec9d7d elementor-widget__width-initial elementor-widget elementor-widget-heading\" data-id=\"aec9d7d\" data-element_type=\"widget\" data-e-type=\"widget\" data-widget_type=\"heading.default\">\n\t\t\t\t<div class=\"elementor-widget-container\">\n\t\t\t\t\t<h2 class=\"elementor-heading-title elementor-size-default\">Detta h\u00e4nder nu!<\/h2>\t\t\t\t<\/div>\n\t\t\t\t<\/div>\n\t\t\t\t<section class=\"elementor-section elementor-inner-section elementor-element elementor-element-cd84b66 elementor-section-boxed elementor-section-height-default elementor-section-height-default wpr-particle-no wpr-jarallax-no wpr-parallax-no wpr-sticky-section-no wpr-equal-height-no\" data-id=\"cd84b66\" data-element_type=\"section\" data-e-type=\"section\" data-settings=\"{&quot;background_background&quot;:&quot;gradient&quot;}\">\n\t\t\t\t\t\t\t<div class=\"elementor-background-overlay\"><\/div>\n\t\t\t\t\t\t\t<div class=\"elementor-container elementor-column-gap-default\">\n\t\t\t\t\t<div class=\"elementor-column elementor-col-50 elementor-inner-column elementor-element elementor-element-6f0ff0a\" data-id=\"6f0ff0a\" data-element_type=\"column\" data-e-type=\"column\">\n\t\t\t<div class=\"elementor-widget-wrap elementor-element-populated\">\n\t\t\t\t\t\t<div class=\"elementor-element elementor-element-bfa508a elementor-widget__width-initial elementor-widget elementor-widget-text-editor\" data-id=\"bfa508a\" data-element_type=\"widget\" data-e-type=\"widget\" data-widget_type=\"text-editor.default\">\n\t\t\t\t<div class=\"elementor-widget-container\">\n\t\t\t\t\t\t\t\t\t<p><strong>Det som h\u00e4nder fram\u00f6ver \u00e4r \u00a0<\/strong><\/p><ul><li><strong>Hope Nuremberg:<\/strong><ul><li style=\"list-style-type: none\"><ul><li><strong>27 juli &#8211; 1 augusti<\/strong><\/li><\/ul><\/li><\/ul><\/li><li><strong>TeenStreet 2026:<\/strong><ul><li style=\"list-style-type: none\"><ul><li><strong>31 juli &#8211; 8 augusti<\/strong><\/li><\/ul><\/li><\/ul><\/li><\/ul>\t\t\t\t\t\t\t\t<\/div>\n\t\t\t\t<\/div>\n\t\t\t\t<div class=\"elementor-element elementor-element-12f03c2 elementor-widget__width-initial elementor-widget elementor-widget-image\" data-id=\"12f03c2\" data-element_type=\"widget\" data-e-type=\"widget\" data-widget_type=\"image.default\">\n\t\t\t\t<div class=\"elementor-widget-container\">\n\t\t\t\t\t\t\t\t\t\t\t\t\t\t\t<img decoding=\"async\" src=\"https:\/\/teenstreet.life\/se\/wp-content\/uploads\/sites\/12\/2025\/10\/SaveTheDate-OK.png\" title=\"SaveTheDate-OK\" alt=\"SaveTheDate-OK\" loading=\"lazy\" \/>\t\t\t\t\t\t\t\t\t\t\t\t\t\t\t<\/div>\n\t\t\t\t<\/div>\n\t\t\t\t<div class=\"elementor-element elementor-element-6a0a942 elementor-widget elementor-widget-spacer\" data-id=\"6a0a942\" data-element_type=\"widget\" data-e-type=\"widget\" data-widget_type=\"spacer.default\">\n\t\t\t\t<div class=\"elementor-widget-container\">\n\t\t\t\t\t\t\t<div class=\"elementor-spacer\">\n\t\t\t<div class=\"elementor-spacer-inner\"><\/div>\n\t\t<\/div>\n\t\t\t\t\t\t<\/div>\n\t\t\t\t<\/div>\n\t\t\t\t<div class=\"elementor-element elementor-element-bac1ce8 elementor-widget elementor-widget-text-editor\" data-id=\"bac1ce8\" data-element_type=\"widget\" data-e-type=\"widget\" data-widget_type=\"text-editor.default\">\n\t\t\t\t<div class=\"elementor-widget-container\">\n\t\t\t\t\t\t\t\t\t<h4>Hope Nuremberg<\/h4><p>Hope Nuremberg \u00e4r en fem dagar l\u00e5ng outreach som h\u00e5lls innan TeenStreet. Uppl\u00e4gget kommer vara undervisning och outreach tr\u00e4ning p\u00e5 f\u00f6rmiddagarna och p\u00e5 eftermiddagarna och kv\u00e4llarna kommer man tillsammans g\u00e5 ut f\u00f6r att dela evangeliet och Jeusu k\u00e4rlek men m\u00e4nniskor i Nuremberg.\u00a0<\/p><p>Till Hope Nuremberg kommer man f\u00e5 ordna sin egen resa men TeenStreet ser till att man kommer till TeenStreet evenemanget i Offenburg<\/p>\t\t\t\t\t\t\t\t<\/div>\n\t\t\t\t<\/div>\n\t\t\t\t<div class=\"elementor-element elementor-element-eb74c38 elementor-widget__width-initial elementor-widget elementor-widget-button\" data-id=\"eb74c38\" data-element_type=\"widget\" data-e-type=\"widget\" data-widget_type=\"button.default\">\n\t\t\t\t<div class=\"elementor-widget-container\">\n\t\t\t\t\t\t\t\t\t<div class=\"elementor-button-wrapper\">\n\t\t\t\t\t<a class=\"elementor-button elementor-button-link elementor-size-sm\" href=\"https:\/\/teenstreet.life\/eu\/hope-nuremberg\/\">\n\t\t\t\t\t\t<span class=\"elementor-button-content-wrapper\">\n\t\t\t\t\t\t\t\t\t<span class=\"elementor-button-text\">Mer info h\u00e4r!<\/span>\n\t\t\t\t\t<\/span>\n\t\t\t\t\t<\/a>\n\t\t\t\t<\/div>\n\t\t\t\t\t\t\t\t<\/div>\n\t\t\t\t<\/div>\n\t\t\t\t<div class=\"elementor-element elementor-element-abf9005 elementor-widget elementor-widget-spacer\" data-id=\"abf9005\" data-element_type=\"widget\" data-e-type=\"widget\" data-widget_type=\"spacer.default\">\n\t\t\t\t<div class=\"elementor-widget-container\">\n\t\t\t\t\t\t\t<div class=\"elementor-spacer\">\n\t\t\t<div class=\"elementor-spacer-inner\"><\/div>\n\t\t<\/div>\n\t\t\t\t\t\t<\/div>\n\t\t\t\t<\/div>\n\t\t\t\t\t<\/div>\n\t\t<\/div>\n\t\t\t\t<div class=\"elementor-column elementor-col-50 elementor-inner-column elementor-element elementor-element-51bda50\" data-id=\"51bda50\" data-element_type=\"column\" data-e-type=\"column\">\n\t\t\t<div class=\"elementor-widget-wrap elementor-element-populated\">\n\t\t\t\t\t\t<div class=\"elementor-element elementor-element-44a1bab elementor-widget elementor-widget-heading\" data-id=\"44a1bab\" data-element_type=\"widget\" data-e-type=\"widget\" data-widget_type=\"heading.default\">\n\t\t\t\t<div class=\"elementor-widget-container\">\n\t\t\t\t\t<h2 class=\"elementor-heading-title elementor-size-default\">Anm\u00e4l dig till TeenStreet 2026!<\/h2>\t\t\t\t<\/div>\n\t\t\t\t<\/div>\n\t\t\t\t<div class=\"elementor-element elementor-element-7ee3a47 elementor-widget__width-initial elementor-widget elementor-widget-text-editor\" data-id=\"7ee3a47\" data-element_type=\"widget\" data-e-type=\"widget\" data-widget_type=\"text-editor.default\">\n\t\t\t\t<div class=\"elementor-widget-container\">\n\t\t\t\t\t\t\t\t\t<p><strong>Anm\u00e4lan till sommarens event har nu \u00f6ppnat. Du anm\u00e4ler dig via l\u00e4nken nedan:<\/strong><\/p><p><strong><span style=\"color: #000000\" data-teams=\"true\"><a title=\"https:\/\/registration.teenstreet.de\/tseu\/ts-2026\/\" href=\"https:\/\/registration.teenstreet.de\/tseu\/ts-2026\/\" target=\"_blank\" rel=\"noreferrer noopener\" aria-label=\"L\u00e4nk https:\/\/registration.teenstreet.de\/tseu\/ts-2026\/\">https:\/\/registration.teenstreet.de\/tseu\/ts-2026\/<\/a><\/span><\/strong><\/p><p><span style=\"text-decoration: underline\"><strong>Priser:\u00a0<\/strong><\/span><\/p><ul><li><span style=\"text-decoration: underline\">Ton\u00e5ring<\/span>: <strong>325\u20ac<\/strong> fram till <strong>31 mars<\/strong> d\u00e4refter <strong>350\u20ac<\/strong><\/li><li><span style=\"text-decoration: underline\">Vuxen<\/span> (sm\u00e5gruppsledare, serviceteam, m.m): <strong>210\u20ac<\/strong> fram till <strong>31 mars<\/strong> d\u00e4refter <strong>240\u20ac<\/strong><\/li><li>\u00c4r man flera syskon (ton\u00e5ringar) som anm\u00e4ler sig samtidigt f\u00e5r man en syskonrabatt<\/li><\/ul><p>Sveriges anm\u00e4lan till TeenStreet <span style=\"text-decoration: underline\">st\u00e4nger 18 juni.<\/span><\/p><p><span style=\"text-decoration: underline\">Buss:<\/span><\/p><p>Vill du k\u00f6pa biljett till bussresan hittar du l\u00e4nken i informationsmailet du f\u00e5tt n\u00e4r du anm\u00e4lt dig till eventet. Bussresan kostar <span style=\"text-decoration: underline\">2900kr<\/span> tur och retur\u00a0<\/p><h4>Var och N\u00e4r<\/h4><p>TeenStreet eventet 2026 kommer \u00e4ga rum \u00a0mellan den 1- 7 augusti i Offenburg, Tyskland<\/p><p>Bussarna fr\u00e5n Sverige kommer avg\u00e5 31 juli och kommer tillbaka till Sverige 8 augusti. De exakta tiderna kommer att komma n\u00e4r eventet n\u00e4rmar sig.<\/p>\t\t\t\t\t\t\t\t<\/div>\n\t\t\t\t<\/div>\n\t\t\t\t<div class=\"elementor-element elementor-element-1a9349d elementor-widget__width-initial elementor-widget elementor-widget-image\" data-id=\"1a9349d\" data-element_type=\"widget\" data-e-type=\"widget\" data-widget_type=\"image.default\">\n\t\t\t\t<div class=\"elementor-widget-container\">\n\t\t\t\t\t\t\t\t\t\t\t\t\t\t\t<img fetchpriority=\"high\" decoding=\"async\" width=\"360\" height=\"360\" src=\"https:\/\/teenstreet.life\/se\/wp-content\/uploads\/sites\/12\/2026\/01\/Kopia-av-Feed-December-2025-3-360x360.jpg\" class=\"attachment-square-ld size-square-ld wp-image-5884\" alt=\"\" srcset=\"https:\/\/teenstreet.life\/se\/wp-content\/uploads\/sites\/12\/2026\/01\/Kopia-av-Feed-December-2025-3-360x360.jpg 360w, https:\/\/teenstreet.life\/se\/wp-content\/uploads\/sites\/12\/2026\/01\/Kopia-av-Feed-December-2025-3-150x150.jpg 150w, https:\/\/teenstreet.life\/se\/wp-content\/uploads\/sites\/12\/2026\/01\/Kopia-av-Feed-December-2025-3-480x480.jpg 480w, https:\/\/teenstreet.life\/se\/wp-content\/uploads\/sites\/12\/2026\/01\/Kopia-av-Feed-December-2025-3-720x720.jpg 720w, https:\/\/teenstreet.life\/se\/wp-content\/uploads\/sites\/12\/2026\/01\/Kopia-av-Feed-December-2025-3-1080x1080.jpg 1080w\" sizes=\"(max-width: 360px) 100vw, 360px\" \/>\t\t\t\t\t\t\t\t\t\t\t\t\t\t\t<\/div>\n\t\t\t\t<\/div>\n\t\t\t\t\t<\/div>\n\t\t<\/div>\n\t\t\t\t\t<\/div>\n\t\t<\/section>\n\t\t\t\t\t<\/div>\n\t\t<\/div>\n\t\t\t\t\t<\/div>\n\t\t<\/section>\n\t\t\t\t<section class=\"elementor-section elementor-top-section elementor-element elementor-element-2ad3e96 elementor-section-boxed elementor-section-height-default elementor-section-height-default wpr-particle-no wpr-jarallax-no wpr-parallax-no wpr-sticky-section-no wpr-equal-height-no\" data-id=\"2ad3e96\" data-element_type=\"section\" data-e-type=\"section\">\n\t\t\t\t\t\t<div class=\"elementor-container elementor-column-gap-default\">\n\t\t\t\t\t<div class=\"elementor-column elementor-col-100 elementor-top-column elementor-element elementor-element-d949ff4\" data-id=\"d949ff4\" data-element_type=\"column\" data-e-type=\"column\">\n\t\t\t<div class=\"elementor-widget-wrap elementor-element-populated\">\n\t\t\t\t\t\t<section class=\"elementor-section elementor-inner-section elementor-element elementor-element-be02731 elementor-section-full_width elementor-section-content-middle elementor-section-height-default elementor-section-height-default wpr-particle-no wpr-jarallax-no wpr-parallax-no wpr-equal-height-no\" data-id=\"be02731\" data-element_type=\"section\" data-e-type=\"section\">\n\t\t\t\t\t\t<div class=\"elementor-container elementor-column-gap-wider\">\n\t\t\t\t\t<div class=\"elementor-column elementor-col-66 elementor-inner-column elementor-element elementor-element-d3a0898\" data-id=\"d3a0898\" data-element_type=\"column\" data-e-type=\"column\">\n\t\t\t<div class=\"elementor-widget-wrap elementor-element-populated\">\n\t\t\t\t\t\t<div class=\"elementor-element elementor-element-ea42a35 elementor-button-danger elementor-widget elementor-widget-button\" data-id=\"ea42a35\" data-element_type=\"widget\" data-e-type=\"widget\" data-widget_type=\"button.default\">\n\t\t\t\t<div class=\"elementor-widget-container\">\n\t\t\t\t\t\t\t\t\t<div class=\"elementor-button-wrapper\">\n\t\t\t\t\t<a class=\"elementor-button elementor-button-link elementor-size-sm\" href=\"https:\/\/teenstreet.life\/se\/vanliga-fragor\/\">\n\t\t\t\t\t\t<span class=\"elementor-button-content-wrapper\">\n\t\t\t\t\t\t<span class=\"elementor-button-icon\">\n\t\t\t\t<i aria-hidden=\"true\" class=\"fas fa-arrow-right\"><\/i>\t\t\t<\/span>\n\t\t\t\t\t\t\t\t\t<span class=\"elementor-button-text\">Vanliga fr\u00e5gor<\/span>\n\t\t\t\t\t<\/span>\n\t\t\t\t\t<\/a>\n\t\t\t\t<\/div>\n\t\t\t\t\t\t\t\t<\/div>\n\t\t\t\t<\/div>\n\t\t\t\t<div class=\"elementor-element elementor-element-704385c elementor-button-danger elementor-widget elementor-widget-button\" data-id=\"704385c\" data-element_type=\"widget\" data-e-type=\"widget\" data-widget_type=\"button.default\">\n\t\t\t\t<div class=\"elementor-widget-container\">\n\t\t\t\t\t\t\t\t\t<div class=\"elementor-button-wrapper\">\n\t\t\t\t\t<a class=\"elementor-button elementor-button-link elementor-size-sm\" href=\"https:\/\/teenstreet.life\/se\/kontakt\/\">\n\t\t\t\t\t\t<span class=\"elementor-button-content-wrapper\">\n\t\t\t\t\t\t<span class=\"elementor-button-icon\">\n\t\t\t\t<i aria-hidden=\"true\" class=\"fas fa-arrow-right\"><\/i>\t\t\t<\/span>\n\t\t\t\t\t\t\t\t\t<span class=\"elementor-button-text\">H\u00f6r av dig<\/span>\n\t\t\t\t\t<\/span>\n\t\t\t\t\t<\/a>\n\t\t\t\t<\/div>\n\t\t\t\t\t\t\t\t<\/div>\n\t\t\t\t<\/div>\n\t\t\t\t\t<\/div>\n\t\t<\/div>\n\t\t\t\t<div class=\"elementor-column elementor-col-33 elementor-inner-column elementor-element elementor-element-d775dd5\" data-id=\"d775dd5\" data-element_type=\"column\" data-e-type=\"column\">\n\t\t\t<div class=\"elementor-widget-wrap elementor-element-populated\">\n\t\t\t\t\t\t<div class=\"elementor-element elementor-element-5566c4a elementor-widget elementor-widget-image\" data-id=\"5566c4a\" data-element_type=\"widget\" data-e-type=\"widget\" data-widget_type=\"image.default\">\n\t\t\t\t<div class=\"elementor-widget-container\">\n\t\t\t\t\t\t\t\t\t\t\t\t\t\t\t<img decoding=\"async\" width=\"127\" height=\"127\" src=\"https:\/\/teenstreet.life\/se\/wp-content\/uploads\/sites\/12\/2020\/07\/smile.svg\" class=\"attachment-large size-large wp-image-1618\" alt=\"\" \/>\t\t\t\t\t\t\t\t\t\t\t\t\t\t\t<\/div>\n\t\t\t\t<\/div>\n\t\t\t\t\t<\/div>\n\t\t<\/div>\n\t\t\t\t\t<\/div>\n\t\t<\/section>\n\t\t\t\t<div class=\"elementor-element elementor-element-bf709ed elementor-widget elementor-widget-spacer\" data-id=\"bf709ed\" data-element_type=\"widget\" data-e-type=\"widget\" data-widget_type=\"spacer.default\">\n\t\t\t\t<div class=\"elementor-widget-container\">\n\t\t\t\t\t\t\t<div class=\"elementor-spacer\">\n\t\t\t<div class=\"elementor-spacer-inner\"><\/div>\n\t\t<\/div>\n\t\t\t\t\t\t<\/div>\n\t\t\t\t<\/div>\n\t\t\t\t<div class=\"elementor-element elementor-element-133af65 elementor-widget elementor-widget-heading\" data-id=\"133af65\" data-element_type=\"widget\" data-e-type=\"widget\" data-widget_type=\"heading.default\">\n\t\t\t\t<div class=\"elementor-widget-container\">\n\t\t\t\t\t<h2 class=\"elementor-heading-title elementor-size-default\"><a href=\"https:\/\/www.instagram.com\/teenstreetsverige\/\" target=\"_blank\">Klicka p\u00e5 mig f\u00f6r att se de senaste uppdateringarna fr\u00e5n Instagram!<\/a><\/h2>\t\t\t\t<\/div>\n\t\t\t\t<\/div>\n\t\t\t\t\t<\/div>\n\t\t<\/div>\n\t\t\t\t\t<\/div>\n\t\t<\/section>\n\t\t\t\t<\/div>\n\t\t","protected":false},"excerpt":{"rendered":"<p>Vad h\u00e4nder 2026? Detta h\u00e4nder nu! Det som h\u00e4nder fram\u00f6ver \u00e4r \u00a0 Hope Nuremberg: 27 juli &#8211; 1 augusti TeenStreet 2026: 31 juli &#8211; 8 augusti Hope Nuremberg Hope Nuremberg \u00e4r en fem dagar l\u00e5ng outreach som h\u00e5lls innan TeenStreet. Uppl\u00e4gget kommer vara undervisning och outreach tr\u00e4ning p\u00e5 f\u00f6rmiddagarna och p\u00e5 eftermiddagarna och kv\u00e4llarna kommer man tillsammans g\u00e5 ut f\u00f6r att dela evangeliet och Jeusu k\u00e4rlek men m\u00e4nniskor i Nuremberg.\u00a0 Till Hope Nuremberg kommer man f\u00e5 ordna sin egen resa men TeenStreet ser till att man kommer till TeenStreet evenemanget i Offenburg Mer info h\u00e4r! Anm\u00e4l dig till TeenStreet 2026! Anm\u00e4lan till sommarens event har nu \u00f6ppnat. Du anm\u00e4ler dig via l\u00e4nken nedan: https:\/\/registration.teenstreet.de\/tseu\/ts-2026\/ Priser:\u00a0 Ton\u00e5ring: 325\u20ac fram till 31 mars d\u00e4refter 350\u20ac Vuxen (sm\u00e5gruppsledare, serviceteam, m.m): 210\u20ac fram till 31 mars d\u00e4refter 240\u20ac \u00c4r man flera syskon (ton\u00e5ringar) som anm\u00e4ler sig samtidigt f\u00e5r man en syskonrabatt Sveriges anm\u00e4lan till TeenStreet st\u00e4nger 18 juni. Buss: Vill du k\u00f6pa biljett till bussresan hittar du l\u00e4nken i informationsmailet du f\u00e5tt n\u00e4r du anm\u00e4lt dig till eventet. Bussresan kostar 2900kr tur och retur\u00a0 Var och N\u00e4r TeenStreet eventet 2026 kommer \u00e4ga rum \u00a0mellan den 1- 7 augusti i Offenburg, Tyskland Bussarna fr\u00e5n Sverige kommer avg\u00e5 31 juli och kommer tillbaka till Sverige 8 augusti. De exakta tiderna kommer att komma n\u00e4r eventet n\u00e4rmar sig. Vanliga fr\u00e5gor H\u00f6r av dig Klicka p\u00e5 mig f\u00f6r att se de senaste uppdateringarna fr\u00e5n Instagram!<\/p>\n","protected":false},"author":20,"featured_media":0,"parent":0,"menu_order":0,"comment_status":"closed","ping_status":"closed","template":"","meta":{"footnotes":""},"class_list":["post-4855","page","type-page","status-publish","hentry"],"_links":{"self":[{"href":"https:\/\/teenstreet.life\/se\/wp-json\/wp\/v2\/pages\/4855","targetHints":{"allow":["GET"]}}],"collection":[{"href":"https:\/\/teenstreet.life\/se\/wp-json\/wp\/v2\/pages"}],"about":[{"href":"https:\/\/teenstreet.life\/se\/wp-json\/wp\/v2\/types\/page"}],"author":[{"embeddable":true,"href":"https:\/\/teenstreet.life\/se\/wp-json\/wp\/v2\/users\/20"}],"replies":[{"embeddable":true,"href":"https:\/\/teenstreet.life\/se\/wp-json\/wp\/v2\/comments?post=4855"}],"version-history":[{"count":5,"href":"https:\/\/teenstreet.life\/se\/wp-json\/wp\/v2\/pages\/4855\/revisions"}],"predecessor-version":[{"id":6016,"href":"https:\/\/teenstreet.life\/se\/wp-json\/wp\/v2\/pages\/4855\/revisions\/6016"}],"wp:attachment":[{"href":"https:\/\/teenstreet.life\/se\/wp-json\/wp\/v2\/media?parent=4855"}],"curies":[{"name":"wp","href":"https:\/\/api.w.org\/{rel}","templated":true}]}}