{"id":4708,"date":"2022-07-05T14:32:20","date_gmt":"2022-07-05T12:32:20","guid":{"rendered":"https:\/\/teenstreet.life\/se\/?page_id=4708"},"modified":"2026-04-22T16:58:14","modified_gmt":"2026-04-22T14:58:14","slug":"raise-and-give","status":"publish","type":"page","link":"https:\/\/teenstreet.life\/se\/raise-and-give\/","title":{"rendered":"RAG \u2013 Raise &amp; Give"},"content":{"rendered":"\t\t<div data-elementor-type=\"wp-page\" data-elementor-id=\"4708\" class=\"elementor elementor-4708\" data-elementor-post-type=\"page\">\n\t\t\t\t\t\t<section class=\"elementor-section elementor-top-section elementor-element elementor-element-24d31b59 elementor-section-boxed elementor-section-height-default elementor-section-height-default wpr-particle-no wpr-jarallax-no wpr-parallax-no wpr-sticky-section-no wpr-equal-height-no\" data-id=\"24d31b59\" data-element_type=\"section\" data-e-type=\"section\">\n\t\t\t\t\t\t<div class=\"elementor-container elementor-column-gap-wider\">\n\t\t\t\t\t<div class=\"elementor-column elementor-col-50 elementor-top-column elementor-element elementor-element-5cafff43\" data-id=\"5cafff43\" data-element_type=\"column\" data-e-type=\"column\">\n\t\t\t<div class=\"elementor-widget-wrap elementor-element-populated\">\n\t\t\t\t\t\t<div class=\"elementor-element elementor-element-a12840f elementor-widget elementor-widget-text-editor\" data-id=\"a12840f\" data-element_type=\"widget\" data-e-type=\"widget\" data-widget_type=\"text-editor.default\">\n\t\t\t\t<div class=\"elementor-widget-container\">\n\t\t\t\t\t\t\t\t\t<p><strong>RAG \u00e4r TeenStreets insamlingsevent.<\/strong><\/p><p>F\u00f6re och under varje TeenStreet samlar vi in pengar f\u00f6r att st\u00f6tta ett gott \u00e4ndam\u00e5l, oftast ett projekt inom OM, som kommer att p\u00e5verka ungdomar i och utanf\u00f6r Europa. Pengarna samlas in genom v\u00e5rt RAG-race och andra aktiviteter under veckan.\u202f<\/p>\t\t\t\t\t\t\t\t<\/div>\n\t\t\t\t<\/div>\n\t\t\t\t<div class=\"elementor-element elementor-element-1444d93 elementor-align-center elementor-widget__width-auto elementor-widget elementor-widget-button\" data-id=\"1444d93\" data-element_type=\"widget\" data-e-type=\"widget\" data-widget_type=\"button.default\">\n\t\t\t\t<div class=\"elementor-widget-container\">\n\t\t\t\t\t\t\t\t\t<div class=\"elementor-button-wrapper\">\n\t\t\t\t\t<a class=\"elementor-button elementor-button-link elementor-size-sm\" href=\"#give\">\n\t\t\t\t\t\t<span class=\"elementor-button-content-wrapper\">\n\t\t\t\t\t\t<span class=\"elementor-button-icon\">\n\t\t\t\t<i aria-hidden=\"true\" class=\"fas fa-hand-holding-heart\"><\/i>\t\t\t<\/span>\n\t\t\t\t\t\t\t\t\t<span class=\"elementor-button-text\">Ge en RAG-g\u00e5va<\/span>\n\t\t\t\t\t<\/span>\n\t\t\t\t\t<\/a>\n\t\t\t\t<\/div>\n\t\t\t\t\t\t\t\t<\/div>\n\t\t\t\t<\/div>\n\t\t\t\t<div class=\"elementor-element elementor-element-e1edcc8 elementor-align-center elementor-widget__width-auto elementor-widget elementor-widget-button\" data-id=\"e1edcc8\" data-element_type=\"widget\" data-e-type=\"widget\" data-widget_type=\"button.default\">\n\t\t\t\t<div class=\"elementor-widget-container\">\n\t\t\t\t\t\t\t\t\t<div class=\"elementor-button-wrapper\">\n\t\t\t\t\t<a class=\"elementor-button elementor-button-link elementor-size-sm\" href=\"#give\">\n\t\t\t\t\t\t<span class=\"elementor-button-content-wrapper\">\n\t\t\t\t\t\t<span class=\"elementor-button-icon\">\n\t\t\t\t<i aria-hidden=\"true\" class=\"fas fa-arrow-circle-right\"><\/i>\t\t\t<\/span>\n\t\t\t\t\t\t\t\t\t<span class=\"elementor-button-text\">Betala din sponsring<\/span>\n\t\t\t\t\t<\/span>\n\t\t\t\t\t<\/a>\n\t\t\t\t<\/div>\n\t\t\t\t\t\t\t\t<\/div>\n\t\t\t\t<\/div>\n\t\t\t\t<div class=\"elementor-element elementor-element-c73c3d1 elementor-align-center elementor-widget__width-auto elementor-widget elementor-widget-button\" data-id=\"c73c3d1\" data-element_type=\"widget\" data-e-type=\"widget\" data-widget_type=\"button.default\">\n\t\t\t\t<div class=\"elementor-widget-container\">\n\t\t\t\t\t\t\t\t\t<div class=\"elementor-button-wrapper\">\n\t\t\t\t\t<a class=\"elementor-button elementor-button-link elementor-size-sm\" href=\"http:\/\/ts-de-rag.timm.is\/sv-SE\" rel=\"nofollow\">\n\t\t\t\t\t\t<span class=\"elementor-button-content-wrapper\">\n\t\t\t\t\t\t<span class=\"elementor-button-icon\">\n\t\t\t\t<i aria-hidden=\"true\" class=\"fas fa-arrow-circle-right\"><\/i>\t\t\t<\/span>\n\t\t\t\t\t\t\t\t\t<span class=\"elementor-button-text\">Hantera dina sponsorer<\/span>\n\t\t\t\t\t<\/span>\n\t\t\t\t\t<\/a>\n\t\t\t\t<\/div>\n\t\t\t\t\t\t\t\t<\/div>\n\t\t\t\t<\/div>\n\t\t\t\t<div class=\"elementor-element elementor-element-5b4eb42 elementor-invisible elementor-widget elementor-widget-image\" data-id=\"5b4eb42\" data-element_type=\"widget\" data-e-type=\"widget\" data-settings=\"{&quot;_animation&quot;:&quot;fadeIn&quot;}\" data-widget_type=\"image.default\">\n\t\t\t\t<div class=\"elementor-widget-container\">\n\t\t\t\t\t\t\t\t\t\t\t\t\t\t\t<img fetchpriority=\"high\" decoding=\"async\" width=\"720\" height=\"667\" src=\"https:\/\/teenstreet.life\/se\/wp-content\/uploads\/sites\/12\/2020\/07\/ts-montenegro-one-720x667.jpg\" class=\"attachment-square-hd size-square-hd wp-image-2626\" alt=\"\" \/>\t\t\t\t\t\t\t\t\t\t\t\t\t\t\t<\/div>\n\t\t\t\t<\/div>\n\t\t\t\t<div class=\"elementor-element elementor-element-b0486c7 elementor-widget elementor-widget-text-editor\" data-id=\"b0486c7\" data-element_type=\"widget\" data-e-type=\"widget\" data-widget_type=\"text-editor.default\">\n\t\t\t\t<div class=\"elementor-widget-container\">\n\t\t\t\t\t\t\t\t\t<p>Lite kort praktisk info om RAG-racet:\u00a0<\/p><ul><li>Loppet \u00e4ger rum under 90 minuter d\u00e5 du ska springa\/g\u00e5 s\u00e5 m\u00e5nga varv som m\u00f6jligt.<\/li><li>Ett varv \u00e4r 1 km l\u00e5ngt.<\/li><li>Varven r\u00e4knas automatiskt genom din nummerlapp som du ska f\u00e4sta tydligt p\u00e5 din t-shirt\/kostym<\/li><li>Du m\u00e5ste ha skor p\u00e5 dig n\u00e4r du springer\/g\u00e5r.<\/li><li>Extra-pris f\u00f6r roligaste kostym\/outfit delas ut, s\u00e5 passa p\u00e5 att l\u00e5ta kreativiteten fl\u00f6da tillsammans med dina kompisar!<\/li><\/ul>\t\t\t\t\t\t\t\t<\/div>\n\t\t\t\t<\/div>\n\t\t\t\t\t<\/div>\n\t\t<\/div>\n\t\t\t\t<div class=\"elementor-column elementor-col-50 elementor-top-column elementor-element elementor-element-94c3b70\" data-id=\"94c3b70\" data-element_type=\"column\" data-e-type=\"column\">\n\t\t\t<div class=\"elementor-widget-wrap elementor-element-populated\">\n\t\t\t\t\t\t<div class=\"elementor-element elementor-element-e0cede9 elementor-widget elementor-widget-heading\" data-id=\"e0cede9\" data-element_type=\"widget\" data-e-type=\"widget\" data-widget_type=\"heading.default\">\n\t\t\t\t<div class=\"elementor-widget-container\">\n\t\t\t\t\t<h3 class=\"elementor-heading-title elementor-size-default\">RAG-projekt 2026<\/h3>\t\t\t\t<\/div>\n\t\t\t\t<\/div>\n\t\t\t\t<div class=\"elementor-element elementor-element-39ca117 elementor-widget elementor-widget-accordion\" data-id=\"39ca117\" data-element_type=\"widget\" data-e-type=\"widget\" data-widget_type=\"accordion.default\">\n\t\t\t\t<div class=\"elementor-widget-container\">\n\t\t\t\t\t\t\t<div class=\"elementor-accordion\">\n\t\t\t\t\t\t\t<div class=\"elementor-accordion-item\">\n\t\t\t\t\t<div id=\"elementor-tab-title-6051\" class=\"elementor-tab-title\" data-tab=\"1\" role=\"button\" aria-controls=\"elementor-tab-content-6051\" aria-expanded=\"false\">\n\t\t\t\t\t\t\t\t\t\t\t\t\t<span class=\"elementor-accordion-icon elementor-accordion-icon-left\" aria-hidden=\"true\">\n\t\t\t\t\t\t\t\t\t\t\t\t\t\t\t<span class=\"elementor-accordion-icon-closed\"><i class=\"fas fa-plus\"><\/i><\/span>\n\t\t\t\t\t\t\t\t<span class=\"elementor-accordion-icon-opened\"><i class=\"fas fa-minus\"><\/i><\/span>\n\t\t\t\t\t\t\t\t\t\t\t\t\t\t<\/span>\n\t\t\t\t\t\t\t\t\t\t\t\t<a class=\"elementor-accordion-title\" tabindex=\"0\">\u00c5teruppbyggnad efter stormen i Portugal<\/a>\n\t\t\t\t\t<\/div>\n\t\t\t\t\t<div id=\"elementor-tab-content-6051\" class=\"elementor-tab-content elementor-clearfix\" data-tab=\"1\" role=\"region\" aria-labelledby=\"elementor-tab-title-6051\"><p>I januari 2026 drabbades Portugal av den rekordstarka stormen Kristin. Stormen slog h\u00e5rt mot centrala delar av landet, bland annat staden Monte Real, d\u00e4r ett OM-team planterade en f\u00f6rsamling f\u00f6r fem \u00e5r sedan. F\u00f6rsamlingen \u00e4r strategiskt placerad och den enda evangeliska kyrkan i omr\u00e5det, som har \u00f6ver 20 000 inv\u00e5nare. Kyrkobyggnaden f\u00f6rst\u00f6rdes helt av stormen. Pengarna vi samlar in kommer att anv\u00e4ndas f\u00f6r att \u00e5teruppbygga kyrkan och f\u00f6r att finansiera socialarbetare som kan st\u00f6dja familjer som drabbats av stormens konsekvenser.<\/p><\/div>\n\t\t\t\t<\/div>\n\t\t\t\t\t\t\t<div class=\"elementor-accordion-item\">\n\t\t\t\t\t<div id=\"elementor-tab-title-6052\" class=\"elementor-tab-title\" data-tab=\"2\" role=\"button\" aria-controls=\"elementor-tab-content-6052\" aria-expanded=\"false\">\n\t\t\t\t\t\t\t\t\t\t\t\t\t<span class=\"elementor-accordion-icon elementor-accordion-icon-left\" aria-hidden=\"true\">\n\t\t\t\t\t\t\t\t\t\t\t\t\t\t\t<span class=\"elementor-accordion-icon-closed\"><i class=\"fas fa-plus\"><\/i><\/span>\n\t\t\t\t\t\t\t\t<span class=\"elementor-accordion-icon-opened\"><i class=\"fas fa-minus\"><\/i><\/span>\n\t\t\t\t\t\t\t\t\t\t\t\t\t\t<\/span>\n\t\t\t\t\t\t\t\t\t\t\t\t<a class=\"elementor-accordion-title\" tabindex=\"0\">Mediaevangelisation bland de minst n\u00e5dda<\/a>\n\t\t\t\t\t<\/div>\n\t\t\t\t\t<div id=\"elementor-tab-content-6052\" class=\"elementor-tab-content elementor-clearfix\" data-tab=\"2\" role=\"region\" aria-labelledby=\"elementor-tab-title-6052\"><p>Vi samlar in pengar till en verksamhet som \u00e4gnar sig \u00e5t att sprida evangeliet via sociala medier och TV, f\u00f6r att n\u00e5 en specifik folkgrupp i Afrika b\u00e5de lokalt och globalt. De pengar vi samlar in kommer att st\u00f6dja evangelisationsarbete via sociala medier men \u00e4ven l\u00e4rjungatr\u00e4ning och ledarskapsutbildningar online samt virtuella gudstj\u00e4nster.<\/p><\/div>\n\t\t\t\t<\/div>\n\t\t\t\t\t\t\t<div class=\"elementor-accordion-item\">\n\t\t\t\t\t<div id=\"elementor-tab-title-6053\" class=\"elementor-tab-title\" data-tab=\"3\" role=\"button\" aria-controls=\"elementor-tab-content-6053\" aria-expanded=\"false\">\n\t\t\t\t\t\t\t\t\t\t\t\t\t<span class=\"elementor-accordion-icon elementor-accordion-icon-left\" aria-hidden=\"true\">\n\t\t\t\t\t\t\t\t\t\t\t\t\t\t\t<span class=\"elementor-accordion-icon-closed\"><i class=\"fas fa-plus\"><\/i><\/span>\n\t\t\t\t\t\t\t\t<span class=\"elementor-accordion-icon-opened\"><i class=\"fas fa-minus\"><\/i><\/span>\n\t\t\t\t\t\t\t\t\t\t\t\t\t\t<\/span>\n\t\t\t\t\t\t\t\t\t\t\t\t<a class=\"elementor-accordion-title\" tabindex=\"0\">St\u00f6tta Ton\u00e5ringar och TeenStreet runt om i V\u00e4rlden<\/a>\n\t\t\t\t\t<\/div>\n\t\t\t\t\t<div id=\"elementor-tab-content-6053\" class=\"elementor-tab-content elementor-clearfix\" data-tab=\"3\" role=\"region\" aria-labelledby=\"elementor-tab-title-6053\"><p><span lang=\"SV\" xml:lang=\"SV\" data-contrast=\"none\">Genom \u00e5ren har vi sett hur TeenStreet har p\u00e5verkat ton\u00e5ringar i Europa, och hur de i sin tur har p\u00e5verkat sin omgivning och vidare. Vi vill ocks\u00e5 se ton\u00e5ringar i andra delar av v\u00e4rlden v\u00e4xa i sin personliga relation med Jesus, ha en andlig upplevelse\u00a0och n\u00e5 ut med Jesu k\u00e4rlek i sitt eget land.\u00a0<\/span>Vi tror att detta \u00e4r m\u00f6jligt genom TeenStreet, och vi dr\u00f6mmer inte bara om att utveckla TeenStreet i Europa utan \u00e4ven om att starta nya TeenStreet-evenemang runt om i v\u00e4rlden, s\u00e5 att ungdomar i dessa l\u00e4nder kan g\u00f6ra skillnad.<\/p><p><span lang=\"SV\" xml:lang=\"SV\" data-contrast=\"none\">Pengarna kommer skickas till TeenStreet internationellas fond och till TeenStreet Europas fond. En del av pengarna kommer ocks\u00e5 att anv\u00e4ndas f\u00f6r att hj\u00e4lpa till att g\u00f6ra det m\u00f6jligt f\u00f6r ton\u00e5ringar fr\u00e5n mer utsatta l\u00e4nder i Europa att komma med p\u00e5 eventet i Tyskland i sommar (l\u00e4nder som till exempel Ukraina),\u00a0<\/span><\/p><\/div>\n\t\t\t\t<\/div>\n\t\t\t\t\t\t\t\t<\/div>\n\t\t\t\t\t\t<\/div>\n\t\t\t\t<\/div>\n\t\t\t\t<div class=\"elementor-element elementor-element-e2a2b78 elementor-widget elementor-widget-menu-anchor\" data-id=\"e2a2b78\" data-element_type=\"widget\" data-e-type=\"widget\" data-widget_type=\"menu-anchor.default\">\n\t\t\t\t<div class=\"elementor-widget-container\">\n\t\t\t\t\t\t\t<div class=\"elementor-menu-anchor\" id=\"give\"><\/div>\n\t\t\t\t\t\t<\/div>\n\t\t\t\t<\/div>\n\t\t\t\t<div class=\"elementor-element elementor-element-9e9d20b elementor-widget elementor-widget-spacer\" data-id=\"9e9d20b\" data-element_type=\"widget\" data-e-type=\"widget\" data-widget_type=\"spacer.default\">\n\t\t\t\t<div class=\"elementor-widget-container\">\n\t\t\t\t\t\t\t<div class=\"elementor-spacer\">\n\t\t\t<div class=\"elementor-spacer-inner\"><\/div>\n\t\t<\/div>\n\t\t\t\t\t\t<\/div>\n\t\t\t\t<\/div>\n\t\t\t\t<div class=\"elementor-element elementor-element-da619ca elementor-widget elementor-widget-global elementor-global-4556 elementor-widget-html\" data-id=\"da619ca\" data-element_type=\"widget\" data-e-type=\"widget\" data-widget_type=\"html.default\">\n\t\t\t\t<div class=\"elementor-widget-container\">\n\t\t\t\t\t<div class=\"octany-wrapper\">\n\n<octany-widget\n\n    version=\"2\"\n\n    url=\"https:\/\/app.octany.com\"\n\n    account-id=\"1486\"\n\n    product-id=\"5052\"\n\n    locale=\"sv\"\n\n    type=\"iframe\"\n\n><\/octany-widget>\n\n<\/div>\n\n<style>\n\n    .octany-wrapper {\n\n        text-align: center;\n\n        margin: 0 auto;\n\n        width: 100%;\n\n        max-width: 600px;\n\n        border: 1px solid #F3F4F4;\n\n        background-color: #fff;\n\n    }\n\n<\/style>\n\n<link rel=\"stylesheet\" href=\"https:\/\/app.octany.com\/1486\/checkout\/appearance\">\n\n<script src=\"https:\/\/app.octany.com\/js\/checkout.js\"><\/script>\t\t\t\t<\/div>\n\t\t\t\t<\/div>\n\t\t\t\t\t<\/div>\n\t\t<\/div>\n\t\t\t\t\t<\/div>\n\t\t<\/section>\n\t\t\t\t<\/div>\n\t\t","protected":false},"excerpt":{"rendered":"<p>RAG \u00e4r TeenStreets insamlingsevent. F\u00f6re och under varje TeenStreet samlar vi in pengar f\u00f6r att st\u00f6tta ett gott \u00e4ndam\u00e5l, oftast ett projekt inom OM, som kommer att p\u00e5verka ungdomar i och utanf\u00f6r Europa. Pengarna samlas in genom v\u00e5rt RAG-race och andra aktiviteter under veckan.\u202f Ge en RAG-g\u00e5va Betala din sponsring Hantera dina sponsorer Lite kort praktisk info om RAG-racet:\u00a0 Loppet \u00e4ger rum under 90 minuter d\u00e5 du ska springa\/g\u00e5 s\u00e5 m\u00e5nga varv som m\u00f6jligt. Ett varv \u00e4r 1 km l\u00e5ngt. Varven r\u00e4knas automatiskt genom din nummerlapp som du ska f\u00e4sta tydligt p\u00e5 din t-shirt\/kostym Du m\u00e5ste ha skor p\u00e5 dig n\u00e4r du springer\/g\u00e5r. Extra-pris f\u00f6r roligaste kostym\/outfit delas ut, s\u00e5 passa p\u00e5 att l\u00e5ta kreativiteten fl\u00f6da tillsammans med dina kompisar! RAG-projekt 2026 \u00c5teruppbyggnad efter stormen i Portugal I januari 2026 drabbades Portugal av den rekordstarka stormen Kristin. Stormen slog h\u00e5rt mot centrala delar av landet, bland annat staden Monte Real, d\u00e4r ett OM-team planterade en f\u00f6rsamling f\u00f6r fem \u00e5r sedan. F\u00f6rsamlingen \u00e4r strategiskt placerad och den enda evangeliska kyrkan i omr\u00e5det, som har \u00f6ver 20 000 inv\u00e5nare. Kyrkobyggnaden f\u00f6rst\u00f6rdes helt av stormen. Pengarna vi samlar in kommer att anv\u00e4ndas f\u00f6r att \u00e5teruppbygga kyrkan och f\u00f6r att finansiera socialarbetare som kan st\u00f6dja familjer som drabbats av stormens konsekvenser. Mediaevangelisation bland de minst n\u00e5dda Vi samlar in pengar till en verksamhet som \u00e4gnar sig \u00e5t att sprida evangeliet via sociala medier och TV, f\u00f6r att n\u00e5 en specifik folkgrupp i Afrika b\u00e5de lokalt och globalt. De pengar vi samlar in kommer att st\u00f6dja evangelisationsarbete via sociala medier men \u00e4ven l\u00e4rjungatr\u00e4ning och ledarskapsutbildningar online samt virtuella gudstj\u00e4nster. St\u00f6tta Ton\u00e5ringar och TeenStreet runt om i V\u00e4rlden Genom \u00e5ren har vi sett hur TeenStreet har p\u00e5verkat ton\u00e5ringar i Europa, och hur de i sin tur har p\u00e5verkat sin omgivning och vidare. Vi vill ocks\u00e5 se ton\u00e5ringar i andra delar av v\u00e4rlden v\u00e4xa i sin personliga relation med Jesus, ha en andlig upplevelse\u00a0och n\u00e5 ut med Jesu k\u00e4rlek i sitt eget land.\u00a0Vi tror att detta \u00e4r m\u00f6jligt genom TeenStreet, och vi dr\u00f6mmer inte bara om att utveckla TeenStreet i Europa utan \u00e4ven om att starta nya TeenStreet-evenemang runt om i v\u00e4rlden, s\u00e5 att ungdomar i dessa l\u00e4nder kan g\u00f6ra skillnad. Pengarna kommer skickas till TeenStreet internationellas fond och till TeenStreet Europas fond. En del av pengarna kommer ocks\u00e5 att anv\u00e4ndas f\u00f6r att hj\u00e4lpa till att g\u00f6ra det m\u00f6jligt f\u00f6r ton\u00e5ringar fr\u00e5n mer utsatta l\u00e4nder i Europa att komma med p\u00e5 eventet i Tyskland i sommar (l\u00e4nder som till exempel Ukraina),\u00a0 .octany-wrapper { text-align: center; margin: 0 auto; width: 100%; max-width: 600px; border: 1px solid #F3F4F4; background-color: #fff; }<\/p>\n","protected":false},"author":20,"featured_media":856,"parent":0,"menu_order":0,"comment_status":"closed","ping_status":"closed","template":"","meta":{"footnotes":""},"class_list":["post-4708","page","type-page","status-publish","has-post-thumbnail","hentry"],"_links":{"self":[{"href":"https:\/\/teenstreet.life\/se\/wp-json\/wp\/v2\/pages\/4708","targetHints":{"allow":["GET"]}}],"collection":[{"href":"https:\/\/teenstreet.life\/se\/wp-json\/wp\/v2\/pages"}],"about":[{"href":"https:\/\/teenstreet.life\/se\/wp-json\/wp\/v2\/types\/page"}],"author":[{"embeddable":true,"href":"https:\/\/teenstreet.life\/se\/wp-json\/wp\/v2\/users\/20"}],"replies":[{"embeddable":true,"href":"https:\/\/teenstreet.life\/se\/wp-json\/wp\/v2\/comments?post=4708"}],"version-history":[{"count":5,"href":"https:\/\/teenstreet.life\/se\/wp-json\/wp\/v2\/pages\/4708\/revisions"}],"predecessor-version":[{"id":6032,"href":"https:\/\/teenstreet.life\/se\/wp-json\/wp\/v2\/pages\/4708\/revisions\/6032"}],"wp:featuredmedia":[{"embeddable":true,"href":"https:\/\/teenstreet.life\/se\/wp-json\/wp\/v2\/media\/856"}],"wp:attachment":[{"href":"https:\/\/teenstreet.life\/se\/wp-json\/wp\/v2\/media?parent=4708"}],"curies":[{"name":"wp","href":"https:\/\/api.w.org\/{rel}","templated":true}]}}