{"id":223,"date":"2020-05-25T13:20:13","date_gmt":"2020-05-25T11:20:13","guid":{"rendered":"https:\/\/teenstreet.life\/se\/?page_id=223"},"modified":"2022-09-27T15:11:05","modified_gmt":"2022-09-27T13:11:05","slug":"stod","status":"publish","type":"page","link":"https:\/\/teenstreet.life\/se\/stod\/","title":{"rendered":"St\u00f6d TeenStreet"},"content":{"rendered":"\t\t<div data-elementor-type=\"wp-page\" data-elementor-id=\"223\" class=\"elementor elementor-223\" data-elementor-post-type=\"page\">\n\t\t\t\t\t\t<section class=\"elementor-section elementor-top-section elementor-element elementor-element-24d31b59 elementor-section-boxed elementor-section-height-default elementor-section-height-default\" data-id=\"24d31b59\" data-element_type=\"section\" data-e-type=\"section\">\n\t\t\t\t\t\t<div class=\"elementor-container elementor-column-gap-wider\">\n\t\t\t\t\t<div class=\"elementor-column elementor-col-50 elementor-top-column elementor-element elementor-element-5cafff43\" data-id=\"5cafff43\" data-element_type=\"column\" data-e-type=\"column\">\n\t\t\t<div class=\"elementor-widget-wrap elementor-element-populated\">\n\t\t\t\t\t\t<div class=\"elementor-element elementor-element-8b5c054 elementor-widget elementor-widget-heading\" data-id=\"8b5c054\" data-element_type=\"widget\" data-e-type=\"widget\" data-widget_type=\"heading.default\">\n\t\t\t\t<div class=\"elementor-widget-container\">\n\t\t\t\t\t<h2 class=\"elementor-heading-title elementor-size-default\">St\u00f6tta TeenStreet-r\u00f6relsen!<\/h2>\t\t\t\t<\/div>\n\t\t\t\t<\/div>\n\t\t\t\t<div class=\"elementor-element elementor-element-a12840f elementor-widget elementor-widget-text-editor\" data-id=\"a12840f\" data-element_type=\"widget\" data-e-type=\"widget\" data-widget_type=\"text-editor.default\">\n\t\t\t\t<div class=\"elementor-widget-container\">\n\t\t\t\t\t\t\t\t\t<div>Var med och st\u00f6tta en global gemenskap av ton\u00e5ringar som lever tillsammans med Jesus och som p\u00e5verkar m\u00e4nniskor i sin omgivning.<\/div>\n<div>\u00a0<\/div>\n<div>Som m\u00e5nadsgivare till OM Sverige g\u00e5r dina g\u00e5vor bland annat till att m\u00f6jligg\u00f6ra f\u00f6r oss att leda och utveckla TeenStreets arbete i Sverige och v\u00e4rlden. TeenStreet-arbetet leds av ett helt g\u00e4ng glada volont\u00e4rer och d\u00e5 vi som organisation inte tar emot n\u00e5gra statliga bidrag blir dina g\u00e5vor och ditt st\u00f6d extra viktigt.<\/div>\n<div>\u00a0<\/div>\n<div>V\u00e4lkommen att haka p\u00e5 och bygga r\u00f6relsen med oss!<\/div>\t\t\t\t\t\t\t\t<\/div>\n\t\t\t\t<\/div>\n\t\t\t\t<div class=\"elementor-element elementor-element-1444d93 elementor-align-center elementor-widget elementor-widget-button\" data-id=\"1444d93\" data-element_type=\"widget\" data-e-type=\"widget\" data-widget_type=\"button.default\">\n\t\t\t\t<div class=\"elementor-widget-container\">\n\t\t\t\t\t\t\t\t\t<div class=\"elementor-button-wrapper\">\n\t\t\t\t\t<a class=\"elementor-button elementor-button-link elementor-size-sm\" href=\"https:\/\/omsverige.se\/ge\/stod-teenstreet\/\">\n\t\t\t\t\t\t<span class=\"elementor-button-content-wrapper\">\n\t\t\t\t\t\t<span class=\"elementor-button-icon\">\n\t\t\t\t<i aria-hidden=\"true\" class=\"fas fa-hand-holding-heart\"><\/i>\t\t\t<\/span>\n\t\t\t\t\t\t\t\t\t<span class=\"elementor-button-text\">Jag vill ge<\/span>\n\t\t\t\t\t<\/span>\n\t\t\t\t\t<\/a>\n\t\t\t\t<\/div>\n\t\t\t\t\t\t\t\t<\/div>\n\t\t\t\t<\/div>\n\t\t\t\t<div class=\"elementor-element elementor-element-5b4eb42 elementor-invisible elementor-widget elementor-widget-image\" data-id=\"5b4eb42\" data-element_type=\"widget\" data-e-type=\"widget\" data-settings=\"{&quot;_animation&quot;:&quot;fadeIn&quot;}\" data-widget_type=\"image.default\">\n\t\t\t\t<div class=\"elementor-widget-container\">\n\t\t\t\t\t\t\t\t\t\t\t\t\t\t\t<img fetchpriority=\"high\" decoding=\"async\" width=\"720\" height=\"720\" src=\"https:\/\/teenstreet.life\/se\/wp-content\/uploads\/sites\/12\/2020\/05\/ts-towers-720x720.jpg\" class=\"attachment-square-hd size-square-hd wp-image-839\" alt=\"\" srcset=\"https:\/\/teenstreet.life\/se\/wp-content\/uploads\/sites\/12\/2020\/05\/ts-towers-720x720.jpg 720w, https:\/\/teenstreet.life\/se\/wp-content\/uploads\/sites\/12\/2020\/05\/ts-towers-150x150.jpg 150w, https:\/\/teenstreet.life\/se\/wp-content\/uploads\/sites\/12\/2020\/05\/ts-towers-360x360.jpg 360w, https:\/\/teenstreet.life\/se\/wp-content\/uploads\/sites\/12\/2020\/05\/ts-towers-480x480.jpg 480w, https:\/\/teenstreet.life\/se\/wp-content\/uploads\/sites\/12\/2020\/05\/ts-towers-1080x1080.jpg 1080w, https:\/\/teenstreet.life\/se\/wp-content\/uploads\/sites\/12\/2020\/05\/ts-towers-scaled-100x100.jpg 100w\" sizes=\"(max-width: 720px) 100vw, 720px\" \/>\t\t\t\t\t\t\t\t\t\t\t\t\t\t\t<\/div>\n\t\t\t\t<\/div>\n\t\t\t\t\t<\/div>\n\t\t<\/div>\n\t\t\t\t<div class=\"elementor-column elementor-col-50 elementor-top-column elementor-element elementor-element-94c3b70\" data-id=\"94c3b70\" data-element_type=\"column\" data-e-type=\"column\">\n\t\t\t<div class=\"elementor-widget-wrap elementor-element-populated\">\n\t\t\t\t\t\t<div class=\"elementor-element elementor-element-62ffd26 elementor-testimonial--align-left elementor-testimonial--skin-default elementor-testimonial--layout-image_inline elementor-pagination-type-bullets elementor-widget elementor-widget-testimonial-carousel\" data-id=\"62ffd26\" data-element_type=\"widget\" data-e-type=\"widget\" data-settings=\"{&quot;pagination&quot;:&quot;bullets&quot;,&quot;speed&quot;:500,&quot;autoplay&quot;:&quot;yes&quot;,&quot;autoplay_speed&quot;:5000,&quot;loop&quot;:&quot;yes&quot;,&quot;pause_on_hover&quot;:&quot;yes&quot;,&quot;pause_on_interaction&quot;:&quot;yes&quot;,&quot;space_between&quot;:{&quot;unit&quot;:&quot;px&quot;,&quot;size&quot;:10,&quot;sizes&quot;:[]},&quot;space_between_tablet&quot;:{&quot;unit&quot;:&quot;px&quot;,&quot;size&quot;:10,&quot;sizes&quot;:[]},&quot;space_between_mobile&quot;:{&quot;unit&quot;:&quot;px&quot;,&quot;size&quot;:10,&quot;sizes&quot;:[]}}\" data-widget_type=\"testimonial-carousel.default\">\n\t\t\t\t<div class=\"elementor-widget-container\">\n\t\t\t\t\t\t\t\t\t<div class=\"elementor-swiper\">\n\t\t\t\t\t<div class=\"elementor-main-swiper swiper\" role=\"region\" aria-roledescription=\"carousel\" aria-label=\"Bildspel\">\n\t\t\t\t<div class=\"swiper-wrapper\">\n\t\t\t\t\t\t\t\t\t\t\t<div class=\"swiper-slide\" role=\"group\" aria-roledescription=\"slide\">\n\t\t\t\t\t\t\t\t\t<div class=\"elementor-testimonial\">\n\t\t\t\t\t\t\t<div class=\"elementor-testimonial__content\">\n\t\t\t\t\t<div class=\"elementor-testimonial__text\">\n\t\t\t\t\t\tTeenStreet samverkar med f\u00f6rsamlingar f\u00f6r att motivera, utrusta och vandra j\u00e4msides med kristna ton\u00e5ringar f\u00f6r att se dem f\u00e5 en riktig relation med Jesus och dagligen reflektera honom i sin v\u00e4rld. \t\t\t\t\t<\/div>\n\t\t\t\t\t\t\t\t\t<\/div>\n\t\t\t\t\t\t<div class=\"elementor-testimonial__footer\">\n\t\t\t\t\t\t\t\t\t\t\t<\/div>\n\t\t<\/div>\n\t\t\t\t\t\t\t\t<\/div>\n\t\t\t\t\t\t\t\t\t\t\t<div class=\"swiper-slide\" role=\"group\" aria-roledescription=\"slide\">\n\t\t\t\t\t\t\t\t\t<div class=\"elementor-testimonial\">\n\t\t\t\t\t\t\t<div class=\"elementor-testimonial__content\">\n\t\t\t\t\t<div class=\"elementor-testimonial__text\">\n\t\t\t\t\t\tI n\u00e4ra trettio \u00e5r har TeenStreet utmanat ton\u00e5ringar att n\u00e5 sin fulla potential och \u00e4n t\u00e4nker vi inte sl\u00e5 av p\u00e5 takten! \t\t\t\t\t<\/div>\n\t\t\t\t\t\t\t\t\t<\/div>\n\t\t\t\t\t\t<div class=\"elementor-testimonial__footer\">\n\t\t\t\t\t\t\t\t\t\t\t<\/div>\n\t\t<\/div>\n\t\t\t\t\t\t\t\t<\/div>\n\t\t\t\t\t\t\t\t\t\t\t<div class=\"swiper-slide\" role=\"group\" aria-roledescription=\"slide\">\n\t\t\t\t\t\t\t\t\t<div class=\"elementor-testimonial\">\n\t\t\t\t\t\t\t<div class=\"elementor-testimonial__content\">\n\t\t\t\t\t<div class=\"elementor-testimonial__text\">\n\t\t\t\t\t\tTon\u00e5ringar \u00e4r de som \u00e4r b\u00e4st rustade f\u00f6r att ber\u00e4tta om Jesus f\u00f6r andra ton\u00e5ringar.\t\t\t\t\t<\/div>\n\t\t\t\t\t\t\t\t\t<\/div>\n\t\t\t\t\t\t<div class=\"elementor-testimonial__footer\">\n\t\t\t\t\t\t\t\t\t\t\t<\/div>\n\t\t<\/div>\n\t\t\t\t\t\t\t\t<\/div>\n\t\t\t\t\t\t\t\t\t<\/div>\n\t\t\t\t\t\t\t\t\t\t\t\t\t\t\t\t\t\t\t\t<div class=\"swiper-pagination\"><\/div>\n\t\t\t\t\t\t\t\t\t\t\t\t<\/div>\n\t\t\t\t<\/div>\n\t\t\t\t\t\t\t\t<\/div>\n\t\t\t\t<\/div>\n\t\t\t\t<div class=\"elementor-element elementor-element-7a4f77b elementor-widget elementor-widget-global elementor-global-4779 elementor-widget-html\" data-id=\"7a4f77b\" data-element_type=\"widget\" data-e-type=\"widget\" data-widget_type=\"html.default\">\n\t\t\t\t<div class=\"elementor-widget-container\">\n\t\t\t\t\t<div class=\"octany-wrapper\"> <octany-widget version=\"2\" url=\"https:\/\/app.octany.com\" account-id=\"1486\" product-id=\"5053|5051\" locale=\"sv\" type=\"iframe\" tab-title=\"Regelbunden g\u00e5va|Eng\u00e5ngsg\u00e5va\" page-title=\"M\u00e5nadsg\u00e5va till TeenStreet|G\u00e5va till TeenStreet\" ><\/octany-widget> <\/div> <style> .octany-wrapper { text-align: center; margin: 0 auto; width: 100%; max-width: 600px; border: 1px solid #F3F4F4; background-color: #fff; } <\/style> <link rel=\"stylesheet\" href=\"https:\/\/app.octany.com\/1486\/checkout\/appearance\"> <script src=\"https:\/\/app.octany.com\/js\/checkout.js\"><\/script>\t\t\t\t<\/div>\n\t\t\t\t<\/div>\n\t\t\t\t\t<\/div>\n\t\t<\/div>\n\t\t\t\t\t<\/div>\n\t\t<\/section>\n\t\t\t\t<\/div>\n\t\t","protected":false},"excerpt":{"rendered":"<p>St\u00f6tta TeenStreet-r\u00f6relsen! Var med och st\u00f6tta en global gemenskap av ton\u00e5ringar som lever tillsammans med Jesus och som p\u00e5verkar m\u00e4nniskor i sin omgivning. \u00a0 Som m\u00e5nadsgivare till OM Sverige g\u00e5r dina g\u00e5vor bland annat till att m\u00f6jligg\u00f6ra f\u00f6r oss att leda och utveckla TeenStreets arbete i Sverige och v\u00e4rlden. TeenStreet-arbetet leds av ett helt g\u00e4ng [&hellip;]<\/p>\n","protected":false},"author":1,"featured_media":785,"parent":0,"menu_order":0,"comment_status":"closed","ping_status":"closed","template":"","meta":{"footnotes":""},"class_list":["post-223","page","type-page","status-publish","has-post-thumbnail","hentry"],"_links":{"self":[{"href":"https:\/\/teenstreet.life\/se\/wp-json\/wp\/v2\/pages\/223","targetHints":{"allow":["GET"]}}],"collection":[{"href":"https:\/\/teenstreet.life\/se\/wp-json\/wp\/v2\/pages"}],"about":[{"href":"https:\/\/teenstreet.life\/se\/wp-json\/wp\/v2\/types\/page"}],"author":[{"embeddable":true,"href":"https:\/\/teenstreet.life\/se\/wp-json\/wp\/v2\/users\/1"}],"replies":[{"embeddable":true,"href":"https:\/\/teenstreet.life\/se\/wp-json\/wp\/v2\/comments?post=223"}],"version-history":[{"count":5,"href":"https:\/\/teenstreet.life\/se\/wp-json\/wp\/v2\/pages\/223\/revisions"}],"predecessor-version":[{"id":4852,"href":"https:\/\/teenstreet.life\/se\/wp-json\/wp\/v2\/pages\/223\/revisions\/4852"}],"wp:featuredmedia":[{"embeddable":true,"href":"https:\/\/teenstreet.life\/se\/wp-json\/wp\/v2\/media\/785"}],"wp:attachment":[{"href":"https:\/\/teenstreet.life\/se\/wp-json\/wp\/v2\/media?parent=223"}],"curies":[{"name":"wp","href":"https:\/\/api.w.org\/{rel}","templated":true}]}}