{"id":107,"date":"2020-05-25T10:12:12","date_gmt":"2020-05-25T08:12:12","guid":{"rendered":"https:\/\/teenstreet.life\/se\/?page_id=107"},"modified":"2020-12-17T08:52:38","modified_gmt":"2020-12-17T07:52:38","slug":"om","status":"publish","type":"page","link":"https:\/\/teenstreet.life\/se\/om-teenstreet\/om\/","title":{"rendered":"Mer om OM"},"content":{"rendered":"\t\t<div data-elementor-type=\"wp-page\" data-elementor-id=\"107\" class=\"elementor elementor-107\" data-elementor-post-type=\"page\">\n\t\t\t\t\t\t<section class=\"elementor-section elementor-top-section elementor-element elementor-element-ff69198 elementor-section-boxed elementor-section-height-default elementor-section-height-default wpr-particle-no wpr-jarallax-no wpr-parallax-no wpr-sticky-section-no\" data-id=\"ff69198\" data-element_type=\"section\" data-e-type=\"section\">\n\t\t\t\t\t\t<div class=\"elementor-container elementor-column-gap-default\">\n\t\t\t\t\t<div class=\"elementor-column elementor-col-16 elementor-top-column elementor-element elementor-element-aa9d359\" data-id=\"aa9d359\" data-element_type=\"column\" data-e-type=\"column\">\n\t\t\t<div class=\"elementor-widget-wrap elementor-element-populated\">\n\t\t\t\t\t\t<div class=\"elementor-element elementor-element-aa08e11 elementor-invisible elementor-widget elementor-widget-image\" data-id=\"aa08e11\" data-element_type=\"widget\" data-e-type=\"widget\" data-settings=\"{&quot;_animation&quot;:&quot;fadeIn&quot;}\" data-widget_type=\"image.default\">\n\t\t\t\t<div class=\"elementor-widget-container\">\n\t\t\t\t\t\t\t\t\t\t\t\t\t\t\t<img decoding=\"async\" width=\"150\" height=\"150\" src=\"https:\/\/teenstreet.life\/se\/wp-content\/uploads\/sites\/12\/2020\/05\/om-logo-150x150.png\" class=\"attachment-thumbnail size-thumbnail wp-image-381\" alt=\"Operation Mobilisation Logo\" srcset=\"https:\/\/teenstreet.life\/se\/wp-content\/uploads\/sites\/12\/2020\/05\/om-logo-150x150.png 150w, https:\/\/teenstreet.life\/se\/wp-content\/uploads\/sites\/12\/2020\/05\/om-logo-300x300.png 300w, https:\/\/teenstreet.life\/se\/wp-content\/uploads\/sites\/12\/2020\/05\/om-logo-1024x1024.png 1024w, https:\/\/teenstreet.life\/se\/wp-content\/uploads\/sites\/12\/2020\/05\/om-logo-768x768.png 768w, https:\/\/teenstreet.life\/se\/wp-content\/uploads\/sites\/12\/2020\/05\/om-logo-1536x1536.png 1536w, https:\/\/teenstreet.life\/se\/wp-content\/uploads\/sites\/12\/2020\/05\/om-logo-2048x2048.png 2048w, https:\/\/teenstreet.life\/se\/wp-content\/uploads\/sites\/12\/2020\/05\/om-logo-360x360.png 360w, https:\/\/teenstreet.life\/se\/wp-content\/uploads\/sites\/12\/2020\/05\/om-logo-480x480.png 480w, https:\/\/teenstreet.life\/se\/wp-content\/uploads\/sites\/12\/2020\/05\/om-logo-720x720.png 720w, https:\/\/teenstreet.life\/se\/wp-content\/uploads\/sites\/12\/2020\/05\/om-logo-1080x1080.png 1080w\" sizes=\"(max-width: 150px) 100vw, 150px\" \/>\t\t\t\t\t\t\t\t\t\t\t\t\t\t\t<\/div>\n\t\t\t\t<\/div>\n\t\t\t\t\t<\/div>\n\t\t<\/div>\n\t\t\t\t<div class=\"elementor-column elementor-col-66 elementor-top-column elementor-element elementor-element-6f864be\" data-id=\"6f864be\" data-element_type=\"column\" data-e-type=\"column\">\n\t\t\t<div class=\"elementor-widget-wrap elementor-element-populated\">\n\t\t\t\t\t\t<div class=\"elementor-element elementor-element-e43bc4e elementor-widget elementor-widget-video\" data-id=\"e43bc4e\" data-element_type=\"widget\" data-e-type=\"widget\" data-settings=\"{&quot;youtube_url&quot;:&quot;https:\\\/\\\/www.youtube.com\\\/watch?v=-4P0EcTh4lA&quot;,&quot;video_type&quot;:&quot;youtube&quot;,&quot;controls&quot;:&quot;yes&quot;}\" data-widget_type=\"video.default\">\n\t\t\t\t<div class=\"elementor-widget-container\">\n\t\t\t\t\t\t\t<div class=\"elementor-wrapper elementor-open-inline\">\n\t\t\t<div class=\"elementor-video\"><\/div>\t\t<\/div>\n\t\t\t\t\t\t<\/div>\n\t\t\t\t<\/div>\n\t\t\t\t<div class=\"elementor-element elementor-element-6eb7f94 elementor-widget elementor-widget-text-editor\" data-id=\"6eb7f94\" data-element_type=\"widget\" data-e-type=\"widget\" data-widget_type=\"text-editor.default\">\n\t\t\t\t<div class=\"elementor-widget-container\">\n\t\t\t\t\t\t\t\t\t<div data-id=\"e43bc4e\" data-element_type=\"widget\" data-settings=\"{&quot;aspect_ratio&quot;:&quot;169&quot;}\" data-widget_type=\"video.default\"><div><div>\u00a0<\/div><\/div><\/div><div data-id=\"6eb7f94\" data-element_type=\"widget\" data-widget_type=\"text-editor.default\"><div><div><p>TeenStreet \u00e4r en del av\u00a0<a href=\"http:\/\/www.om.org\/\" target=\"_blank\" rel=\"noopener\">Operation Mobilization<\/a>\u00a0(OM), en kyrklig samh\u00e4lllsorganisation som f\u00f6rs\u00f6ker samlia m\u00e4nniskor f\u00f6r att dela kunskapen om Jesus och hans k\u00e4rlek till varje generation i varje nation.<\/p><p>OM \u00e4r en global uppdragsr\u00f6relse med 3 300 arbetare som representerar \u00f6ver 110 nationer i mer \u00e4n 115 l\u00e4nder och ombord p\u00e5 fartyget Logos Hope f\u00f6r att ge ett budskap om hopp till v\u00e4rldens folk.\u00a0Vi har en sak gemensamt &#8211; vi \u00e4lskar Jesus och vi vill att andra ska f\u00e5 m\u00f6jlighet att h\u00f6ra om honom.<\/p><p>Vi g\u00f6r detta genom fem huvudsakliga \u00e4mnesomr\u00e5den: evangelisering, kyrkoplantering, mentorskap och l\u00e4rjungaskap, bist\u00e5nd och utveckling och r\u00e4ttvisa.\u00a0OM har ocks\u00e5 ett n\u00e4ra samarbete med ett antal andra kristna organisationer.\u00a0Faktum \u00e4r att m\u00e5nga har kommit fr\u00e5n OM under de senaste 50 \u00e5ren.\u00a0F\u00f6r mer information, bes\u00f6k v\u00e5r\u00a0\u00a0<a href=\"http:\/\/www.om.org\/\" target=\"_blank\" rel=\"noopener\">hemsida h\u00e4r<\/a>\u00a0.<\/p><\/div><\/div><\/div><h2>TeenStreet<\/h2><p>Vi som TeenStreet \u00e4r en del av denna gemenskap. Vi vill dela det med ton\u00e5ringar och visa dem behovet av att sprida Guds rike. Detta beh\u00f6ver inte n\u00f6dv\u00e4ndigtvis vara inom OM, men vi vill aktivera dem och visa dem m\u00f6jligheter.<\/p>\t\t\t\t\t\t\t\t<\/div>\n\t\t\t\t<\/div>\n\t\t\t\t\t<\/div>\n\t\t<\/div>\n\t\t\t\t<div class=\"elementor-column elementor-col-16 elementor-top-column elementor-element elementor-element-d9f4974\" data-id=\"d9f4974\" data-element_type=\"column\" data-e-type=\"column\">\n\t\t\t<div class=\"elementor-widget-wrap\">\n\t\t\t\t\t\t\t<\/div>\n\t\t<\/div>\n\t\t\t\t\t<\/div>\n\t\t<\/section>\n\t\t\t\t<\/div>\n\t\t","protected":false},"excerpt":{"rendered":"<p>https:\/\/www.youtube.com\/watch?v=-4P0EcTh4lA\u00a0 TeenStreet \u00e4r en del av\u00a0Operation Mobilization\u00a0(OM), en kyrklig samh\u00e4lllsorganisation som f\u00f6rs\u00f6ker samlia m\u00e4nniskor f\u00f6r att dela kunskapen om Jesus och hans k\u00e4rlek till varje generation i varje nation. OM \u00e4r en global uppdragsr\u00f6relse med 3 300 arbetare som representerar \u00f6ver 110 nationer i mer \u00e4n 115 l\u00e4nder och ombord p\u00e5 fartyget Logos Hope f\u00f6r att ge ett budskap om hopp till v\u00e4rldens folk.\u00a0Vi har en sak gemensamt &#8211; vi \u00e4lskar Jesus och vi vill att andra ska f\u00e5 m\u00f6jlighet att h\u00f6ra om honom. Vi g\u00f6r detta genom fem huvudsakliga \u00e4mnesomr\u00e5den: evangelisering, kyrkoplantering, mentorskap och l\u00e4rjungaskap, bist\u00e5nd och utveckling och r\u00e4ttvisa.\u00a0OM har ocks\u00e5 ett n\u00e4ra samarbete med ett antal andra kristna organisationer.\u00a0Faktum \u00e4r att m\u00e5nga har kommit fr\u00e5n OM under de senaste 50 \u00e5ren.\u00a0F\u00f6r mer information, bes\u00f6k v\u00e5r\u00a0\u00a0hemsida h\u00e4r\u00a0. TeenStreet Vi som TeenStreet \u00e4r en del av denna gemenskap. Vi vill dela det med ton\u00e5ringar och visa dem behovet av att sprida Guds rike. Detta beh\u00f6ver inte n\u00f6dv\u00e4ndigtvis vara inom OM, men vi vill aktivera dem och visa dem m\u00f6jligheter.<\/p>\n","protected":false},"author":1,"featured_media":377,"parent":56,"menu_order":0,"comment_status":"closed","ping_status":"closed","template":"","meta":{"footnotes":""},"class_list":["post-107","page","type-page","status-publish","has-post-thumbnail","hentry"],"_links":{"self":[{"href":"https:\/\/teenstreet.life\/se\/wp-json\/wp\/v2\/pages\/107","targetHints":{"allow":["GET"]}}],"collection":[{"href":"https:\/\/teenstreet.life\/se\/wp-json\/wp\/v2\/pages"}],"about":[{"href":"https:\/\/teenstreet.life\/se\/wp-json\/wp\/v2\/types\/page"}],"author":[{"embeddable":true,"href":"https:\/\/teenstreet.life\/se\/wp-json\/wp\/v2\/users\/1"}],"replies":[{"embeddable":true,"href":"https:\/\/teenstreet.life\/se\/wp-json\/wp\/v2\/comments?post=107"}],"version-history":[{"count":0,"href":"https:\/\/teenstreet.life\/se\/wp-json\/wp\/v2\/pages\/107\/revisions"}],"up":[{"embeddable":true,"href":"https:\/\/teenstreet.life\/se\/wp-json\/wp\/v2\/pages\/56"}],"wp:featuredmedia":[{"embeddable":true,"href":"https:\/\/teenstreet.life\/se\/wp-json\/wp\/v2\/media\/377"}],"wp:attachment":[{"href":"https:\/\/teenstreet.life\/se\/wp-json\/wp\/v2\/media?parent=107"}],"curies":[{"name":"wp","href":"https:\/\/api.w.org\/{rel}","templated":true}]}}