{"id":109,"date":"2020-05-25T10:12:38","date_gmt":"2020-05-25T10:12:38","guid":{"rendered":"https:\/\/teenstreet.life\/ru\/?page_id=109"},"modified":"2022-01-21T02:09:01","modified_gmt":"2022-01-20T19:09:01","slug":"contact","status":"publish","type":"page","link":"https:\/\/teenstreet.life\/ru\/contact\/","title":{"rendered":"\u0418\u043d\u0444\u043e\u0440\u043c\u0430\u0446\u0438\u044f \u043e \u0441\u0442\u0440\u0430\u043d\u0435"},"content":{"rendered":"\t\t<div data-elementor-type=\"wp-page\" data-elementor-id=\"109\" class=\"elementor elementor-109\" data-elementor-post-type=\"page\">\n\t\t\t\t\t\t<section class=\"elementor-section elementor-top-section elementor-element elementor-element-e33f2b1 elementor-section-boxed elementor-section-height-default elementor-section-height-default wpr-particle-no wpr-jarallax-no wpr-parallax-no wpr-sticky-section-no\" data-id=\"e33f2b1\" data-element_type=\"section\" data-e-type=\"section\">\n\t\t\t\t\t\t<div class=\"elementor-container elementor-column-gap-no\">\n\t\t\t\t\t<div class=\"elementor-column elementor-col-100 elementor-top-column elementor-element elementor-element-3ee76ea\" data-id=\"3ee76ea\" data-element_type=\"column\" data-e-type=\"column\">\n\t\t\t<div class=\"elementor-widget-wrap elementor-element-populated\">\n\t\t\t\t\t\t<div class=\"elementor-element elementor-element-88a288e elementor-widget elementor-widget-heading\" data-id=\"88a288e\" data-element_type=\"widget\" data-e-type=\"widget\" data-widget_type=\"heading.default\">\n\t\t\t\t<div class=\"elementor-widget-container\">\n\t\t\t\t\t<h2 class=\"elementor-heading-title elementor-size-default\">\u041a\u043e\u043d\u0442\u0430\u043a\u0442\u043d\u0430\u044f \u0438\u043d\u0444\u043e\u0440\u043c\u0430\u0446\u0438\u044f<\/h2>\t\t\t\t<\/div>\n\t\t\t\t<\/div>\n\t\t\t\t<section class=\"elementor-section elementor-inner-section elementor-element elementor-element-fe1494f elementor-section-full_width elementor-section-height-default elementor-section-height-default wpr-particle-no wpr-jarallax-no wpr-parallax-no wpr-sticky-section-no\" data-id=\"fe1494f\" data-element_type=\"section\" data-e-type=\"section\">\n\t\t\t\t\t\t<div class=\"elementor-container elementor-column-gap-wider\">\n\t\t\t\t\t<div class=\"elementor-column elementor-col-33 elementor-inner-column elementor-element elementor-element-47c08dc\" data-id=\"47c08dc\" data-element_type=\"column\" data-e-type=\"column\">\n\t\t\t<div class=\"elementor-widget-wrap elementor-element-populated\">\n\t\t\t\t\t\t<div class=\"elementor-element elementor-element-014cc1a elementor-widget elementor-widget-text-editor\" data-id=\"014cc1a\" data-element_type=\"widget\" data-e-type=\"widget\" data-widget_type=\"text-editor.default\">\n\t\t\t\t<div class=\"elementor-widget-container\">\n\t\t\t\t\t\t\t\t\t<h3>\u0411\u0435\u043b\u044c\u0433\u0438\u044f<\/h3>\n<p><a href=\"mailto:teenstreet.be@om.org\">teenstreet.be@om.org<\/a><\/p>\t\t\t\t\t\t\t\t<\/div>\n\t\t\t\t<\/div>\n\t\t\t\t\t<\/div>\n\t\t<\/div>\n\t\t\t\t<div class=\"elementor-column elementor-col-33 elementor-inner-column elementor-element elementor-element-a42af55\" data-id=\"a42af55\" data-element_type=\"column\" data-e-type=\"column\">\n\t\t\t<div class=\"elementor-widget-wrap elementor-element-populated\">\n\t\t\t\t\t\t<div class=\"elementor-element elementor-element-2dd018a elementor-widget elementor-widget-text-editor\" data-id=\"2dd018a\" data-element_type=\"widget\" data-e-type=\"widget\" data-widget_type=\"text-editor.default\">\n\t\t\t\t<div class=\"elementor-widget-container\">\n\t\t\t\t\t\t\t\t\t<h3>\u0414\u0430\u043d\u0438\u044f<\/h3><div>Elisabeth Andersen &amp; Samuel B\u00e6k Bramming<\/div><p><a href=\"mailto:Randi.Muren@om.org\">teenstreet.dk@om.org<\/a><\/p><p>Drejervej 17, 3. 2400 K\u00f8benhavn NV<br \/>+45 3170 7930<\/p>\t\t\t\t\t\t\t\t<\/div>\n\t\t\t\t<\/div>\n\t\t\t\t\t<\/div>\n\t\t<\/div>\n\t\t\t\t<div class=\"elementor-column elementor-col-33 elementor-inner-column elementor-element elementor-element-ceb4475\" data-id=\"ceb4475\" data-element_type=\"column\" data-e-type=\"column\">\n\t\t\t<div class=\"elementor-widget-wrap elementor-element-populated\">\n\t\t\t\t\t\t<div class=\"elementor-element elementor-element-f7eab2c elementor-widget elementor-widget-text-editor\" data-id=\"f7eab2c\" data-element_type=\"widget\" data-e-type=\"widget\" data-widget_type=\"text-editor.default\">\n\t\t\t\t<div class=\"elementor-widget-container\">\n\t\t\t\t\t\t\t\t\t<h3>\u0413\u0435\u0440\u043c\u0430\u043d\u0438\u044f<\/h3><p><a href=\"mailto:buero@teenstreet.de\">buero@teenstreet.de<\/a><\/p><p>TeenStreet B\u00fcro<br \/>OM Deutschland<br \/>Alte Neckarelzer Str. 2<br \/>74821 Mosbach<br \/>06261\/947-0<\/p>\t\t\t\t\t\t\t\t<\/div>\n\t\t\t\t<\/div>\n\t\t\t\t\t<\/div>\n\t\t<\/div>\n\t\t\t\t\t<\/div>\n\t\t<\/section>\n\t\t\t\t<section class=\"elementor-section elementor-inner-section elementor-element elementor-element-bfead67 elementor-section-full_width elementor-section-height-default elementor-section-height-default wpr-particle-no wpr-jarallax-no wpr-parallax-no wpr-sticky-section-no\" data-id=\"bfead67\" data-element_type=\"section\" data-e-type=\"section\">\n\t\t\t\t\t\t<div class=\"elementor-container elementor-column-gap-wider\">\n\t\t\t\t\t<div class=\"elementor-column elementor-col-33 elementor-inner-column elementor-element elementor-element-de05567\" data-id=\"de05567\" data-element_type=\"column\" data-e-type=\"column\">\n\t\t\t<div class=\"elementor-widget-wrap elementor-element-populated\">\n\t\t\t\t\t\t<div class=\"elementor-element elementor-element-644eaa3 elementor-widget elementor-widget-text-editor\" data-id=\"644eaa3\" data-element_type=\"widget\" data-e-type=\"widget\" data-widget_type=\"text-editor.default\">\n\t\t\t\t<div class=\"elementor-widget-container\">\n\t\t\t\t\t\t\t\t\t<h3>\u0418\u0440\u043b\u0430\u043d\u0434\u0438\u044f<\/h3><p><a href=\"mailto:teenstreet.ie@om.org\">teenstreet.ie@om.org<\/a><\/p><p>Lacken House, Rahara<br \/>Co. Roscommon, Ireland<br \/>+353(90)6623964 ext. 162 -or- 150<\/p>\t\t\t\t\t\t\t\t<\/div>\n\t\t\t\t<\/div>\n\t\t\t\t\t<\/div>\n\t\t<\/div>\n\t\t\t\t<div class=\"elementor-column elementor-col-33 elementor-inner-column elementor-element elementor-element-c0f5614\" data-id=\"c0f5614\" data-element_type=\"column\" data-e-type=\"column\">\n\t\t\t<div class=\"elementor-widget-wrap elementor-element-populated\">\n\t\t\t\t\t\t<div class=\"elementor-element elementor-element-c5a9b40 elementor-widget elementor-widget-text-editor\" data-id=\"c5a9b40\" data-element_type=\"widget\" data-e-type=\"widget\" data-widget_type=\"text-editor.default\">\n\t\t\t\t<div class=\"elementor-widget-container\">\n\t\t\t\t\t\t\t\t\t<h3>\u0418\u0441\u043f\u0430\u043d\u0438\u044f<\/h3><p><a style=\"background-color: #ffffff\" href=\"http:\/\/www.om.org\/en\/content\/contact-om\">http:\/\/www.om.org\/en\/content\/contact-om<\/a><\/p>\t\t\t\t\t\t\t\t<\/div>\n\t\t\t\t<\/div>\n\t\t\t\t\t<\/div>\n\t\t<\/div>\n\t\t\t\t<div class=\"elementor-column elementor-col-33 elementor-inner-column elementor-element elementor-element-cde9d4b\" data-id=\"cde9d4b\" data-element_type=\"column\" data-e-type=\"column\">\n\t\t\t<div class=\"elementor-widget-wrap elementor-element-populated\">\n\t\t\t\t\t\t<div class=\"elementor-element elementor-element-1d4e124 elementor-widget elementor-widget-text-editor\" data-id=\"1d4e124\" data-element_type=\"widget\" data-e-type=\"widget\" data-widget_type=\"text-editor.default\">\n\t\t\t\t<div class=\"elementor-widget-container\">\n\t\t\t\t\t\t\t\t\t<h3>\u0424\u0440\u0430\u043d\u0446\u0438\u044f<\/h3><p><a href=\"mailto:Teenstreet.fr@om.org\">Teenstreet.fr@om.org<\/a><\/p>\t\t\t\t\t\t\t\t<\/div>\n\t\t\t\t<\/div>\n\t\t\t\t\t<\/div>\n\t\t<\/div>\n\t\t\t\t\t<\/div>\n\t\t<\/section>\n\t\t\t\t<section class=\"elementor-section elementor-inner-section elementor-element elementor-element-ef4c899 elementor-section-full_width elementor-section-height-default elementor-section-height-default wpr-particle-no wpr-jarallax-no wpr-parallax-no wpr-sticky-section-no\" data-id=\"ef4c899\" data-element_type=\"section\" data-e-type=\"section\">\n\t\t\t\t\t\t<div class=\"elementor-container elementor-column-gap-wider\">\n\t\t\t\t\t<div class=\"elementor-column elementor-col-33 elementor-inner-column elementor-element elementor-element-9cf9b70\" data-id=\"9cf9b70\" data-element_type=\"column\" data-e-type=\"column\">\n\t\t\t<div class=\"elementor-widget-wrap elementor-element-populated\">\n\t\t\t\t\t\t<div class=\"elementor-element elementor-element-f9826fc elementor-widget elementor-widget-text-editor\" data-id=\"f9826fc\" data-element_type=\"widget\" data-e-type=\"widget\" data-widget_type=\"text-editor.default\">\n\t\t\t\t<div class=\"elementor-widget-container\">\n\t\t\t\t\t\t\t\t\t<h3>\u0424\u0430\u0440\u0435\u0440\u0441\u043a\u0438\u0435 \u043e\u0441\u0442\u0440\u043e\u0432\u0430<\/h3>\n<p><a href=\"mailto:info.fo@om.org\">info.fo@om.org<\/a><\/p>\n<p>TeenStreet &#8211; OM F\u00f8royar<br>Oyrarnar 10<br>650 Toftir<br>F\u00f8royar<br>+298 219923<\/p>\t\t\t\t\t\t\t\t<\/div>\n\t\t\t\t<\/div>\n\t\t\t\t\t<\/div>\n\t\t<\/div>\n\t\t\t\t<div class=\"elementor-column elementor-col-33 elementor-inner-column elementor-element elementor-element-ddf6771\" data-id=\"ddf6771\" data-element_type=\"column\" data-e-type=\"column\">\n\t\t\t<div class=\"elementor-widget-wrap elementor-element-populated\">\n\t\t\t\t\t\t<div class=\"elementor-element elementor-element-ca542dc elementor-widget elementor-widget-text-editor\" data-id=\"ca542dc\" data-element_type=\"widget\" data-e-type=\"widget\" data-widget_type=\"text-editor.default\">\n\t\t\t\t<div class=\"elementor-widget-container\">\n\t\t\t\t\t\t\t\t\t<h3>\u0413\u0440\u0435\u0446\u0438\u044f<\/h3><p><a href=\"mailto:evie.markus@om.org\">evie.markus@om.org<\/a><\/p><p>\u0392\u03b5\u0390\u03ba\u03bf\u03c5 60\u0393,<br \/>11741 \u039a\u03bf\u03c5\u03ba\u03ac\u03ba\u03b9, \u0391\u03b8\u03ae\u03bd\u03b1<br \/>+ 30 210 9216371<\/p>\t\t\t\t\t\t\t\t<\/div>\n\t\t\t\t<\/div>\n\t\t\t\t\t<\/div>\n\t\t<\/div>\n\t\t\t\t<div class=\"elementor-column elementor-col-33 elementor-inner-column elementor-element elementor-element-7b5f50f\" data-id=\"7b5f50f\" data-element_type=\"column\" data-e-type=\"column\">\n\t\t\t<div class=\"elementor-widget-wrap elementor-element-populated\">\n\t\t\t\t\t\t<div class=\"elementor-element elementor-element-d278446 elementor-widget elementor-widget-text-editor\" data-id=\"d278446\" data-element_type=\"widget\" data-e-type=\"widget\" data-widget_type=\"text-editor.default\">\n\t\t\t\t<div class=\"elementor-widget-container\">\n\t\t\t\t\t\t\t\t\t<h3>\u0418\u0442\u0430\u043b\u0438\u044f<\/h3><p>Simone Baccella<br \/><a href=\"mailto:TeenStreet.it@om.org\">TeenStreet.it@om.org<\/a><\/p><p>Via delle orchidee 35<br \/>56017 San Giuliano Terme (PI)<br \/>Phone number: +393474356244<\/p>\t\t\t\t\t\t\t\t<\/div>\n\t\t\t\t<\/div>\n\t\t\t\t\t<\/div>\n\t\t<\/div>\n\t\t\t\t\t<\/div>\n\t\t<\/section>\n\t\t\t\t<section class=\"elementor-section elementor-inner-section elementor-element elementor-element-80b7ffc elementor-section-full_width elementor-section-height-default elementor-section-height-default wpr-particle-no wpr-jarallax-no wpr-parallax-no wpr-sticky-section-no\" data-id=\"80b7ffc\" data-element_type=\"section\" data-e-type=\"section\">\n\t\t\t\t\t\t<div class=\"elementor-container elementor-column-gap-wider\">\n\t\t\t\t\t<div class=\"elementor-column elementor-col-33 elementor-inner-column elementor-element elementor-element-dba03ea\" data-id=\"dba03ea\" data-element_type=\"column\" data-e-type=\"column\">\n\t\t\t<div class=\"elementor-widget-wrap elementor-element-populated\">\n\t\t\t\t\t\t<div class=\"elementor-element elementor-element-ada641c elementor-widget elementor-widget-text-editor\" data-id=\"ada641c\" data-element_type=\"widget\" data-e-type=\"widget\" data-widget_type=\"text-editor.default\">\n\t\t\t\t<div class=\"elementor-widget-container\">\n\t\t\t\t\t\t\t\t\t<h3>\u0412\u0435\u043d\u0433\u0440\u0438\u044f<\/h3><p><a href=\"mailto:teenstreet.hu@om.org\">teenstreet.hu@om.org<\/a><\/p><p>OM Magyarorsz\u00e1g<br \/>2030 \u00c9rd<br \/>Gyula u. 64.<\/p><p>TeenStreet koordin\u00e1tor:\u00a0 L\u00e9gr\u00e1di Gy\u00f6ngyi<br \/>+36 (20) 773-9763<\/p>\t\t\t\t\t\t\t\t<\/div>\n\t\t\t\t<\/div>\n\t\t\t\t\t<\/div>\n\t\t<\/div>\n\t\t\t\t<div class=\"elementor-column elementor-col-33 elementor-inner-column elementor-element elementor-element-f4cae95\" data-id=\"f4cae95\" data-element_type=\"column\" data-e-type=\"column\">\n\t\t\t<div class=\"elementor-widget-wrap elementor-element-populated\">\n\t\t\t\t\t\t<div class=\"elementor-element elementor-element-67f1be6 elementor-widget elementor-widget-text-editor\" data-id=\"67f1be6\" data-element_type=\"widget\" data-e-type=\"widget\" data-widget_type=\"text-editor.default\">\n\t\t\t\t<div class=\"elementor-widget-container\">\n\t\t\t\t\t\t\t\t\t<h3>\u041d\u043e\u0440\u0432\u0435\u0433\u0438\u044f<\/h3>\n<p><a href=\"http:\/\/www.om.org\/en\/content\/contact-om\" style=\", sans-serif;font-size: 18px;font-style: normal;font-weight: 300\">http:\/\/www.om.org\/en\/content\/contact-om<\/a><br><\/p>\t\t\t\t\t\t\t\t<\/div>\n\t\t\t\t<\/div>\n\t\t\t\t\t<\/div>\n\t\t<\/div>\n\t\t\t\t<div class=\"elementor-column elementor-col-33 elementor-inner-column elementor-element elementor-element-0222da4\" data-id=\"0222da4\" data-element_type=\"column\" data-e-type=\"column\">\n\t\t\t<div class=\"elementor-widget-wrap elementor-element-populated\">\n\t\t\t\t\t\t<div class=\"elementor-element elementor-element-603d36d elementor-widget elementor-widget-text-editor\" data-id=\"603d36d\" data-element_type=\"widget\" data-e-type=\"widget\" data-widget_type=\"text-editor.default\">\n\t\t\t\t<div class=\"elementor-widget-container\">\n\t\t\t\t\t\t\t\t\t<h3>\u0413\u043e\u043b\u043b\u0430\u043d\u0434\u0438\u044f<\/h3><p><a href=\"mailto:teenstreet.nl@om.org\">teenstreet.nl@om.org<\/a><\/p>\t\t\t\t\t\t\t\t<\/div>\n\t\t\t\t<\/div>\n\t\t\t\t\t<\/div>\n\t\t<\/div>\n\t\t\t\t\t<\/div>\n\t\t<\/section>\n\t\t\t\t<section class=\"elementor-section elementor-inner-section elementor-element elementor-element-2a907d2 elementor-section-full_width elementor-section-height-default elementor-section-height-default wpr-particle-no wpr-jarallax-no wpr-parallax-no wpr-sticky-section-no\" data-id=\"2a907d2\" data-element_type=\"section\" data-e-type=\"section\">\n\t\t\t\t\t\t<div class=\"elementor-container elementor-column-gap-wider\">\n\t\t\t\t\t<div class=\"elementor-column elementor-col-33 elementor-inner-column elementor-element elementor-element-b5f101f\" data-id=\"b5f101f\" data-element_type=\"column\" data-e-type=\"column\">\n\t\t\t<div class=\"elementor-widget-wrap elementor-element-populated\">\n\t\t\t\t\t\t<div class=\"elementor-element elementor-element-da83f2d elementor-widget elementor-widget-text-editor\" data-id=\"da83f2d\" data-element_type=\"widget\" data-e-type=\"widget\" data-widget_type=\"text-editor.default\">\n\t\t\t\t<div class=\"elementor-widget-container\">\n\t\t\t\t\t\t\t\t\t<h3>\u0410\u0432\u0441\u0442\u0440\u0438\u044f<\/h3><p><a href=\"mailto:teenstreet.at@om.org\">teenstreet.at@om.org<\/a><\/p><p>OM \u00d6sterreich<br \/>TeenStreet<br \/>Passaustr. 19<br \/>4030 Linz<\/p>\t\t\t\t\t\t\t\t<\/div>\n\t\t\t\t<\/div>\n\t\t\t\t\t<\/div>\n\t\t<\/div>\n\t\t\t\t<div class=\"elementor-column elementor-col-33 elementor-inner-column elementor-element elementor-element-1d85be2\" data-id=\"1d85be2\" data-element_type=\"column\" data-e-type=\"column\">\n\t\t\t<div class=\"elementor-widget-wrap elementor-element-populated\">\n\t\t\t\t\t\t<div class=\"elementor-element elementor-element-98538e6 elementor-widget elementor-widget-text-editor\" data-id=\"98538e6\" data-element_type=\"widget\" data-e-type=\"widget\" data-widget_type=\"text-editor.default\">\n\t\t\t\t<div class=\"elementor-widget-container\">\n\t\t\t\t\t\t\t\t\t<h3>\u041f\u043e\u0440\u0442\u0443\u0433\u0430\u043b\u0438\u044f<\/h3><p><a href=\"mailto:info.pt@om.org\">info.pt@om.org<\/a><\/p><p>Av. da Liberdade, 6 &#8211; 7\u00baEsq.<br \/>+351 914986415<\/p>\t\t\t\t\t\t\t\t<\/div>\n\t\t\t\t<\/div>\n\t\t\t\t\t<\/div>\n\t\t<\/div>\n\t\t\t\t<div class=\"elementor-column elementor-col-33 elementor-inner-column elementor-element elementor-element-7530219\" data-id=\"7530219\" data-element_type=\"column\" data-e-type=\"column\">\n\t\t\t<div class=\"elementor-widget-wrap elementor-element-populated\">\n\t\t\t\t\t\t<div class=\"elementor-element elementor-element-bde4833 elementor-widget elementor-widget-text-editor\" data-id=\"bde4833\" data-element_type=\"widget\" data-e-type=\"widget\" data-widget_type=\"text-editor.default\">\n\t\t\t\t<div class=\"elementor-widget-container\">\n\t\t\t\t\t\t\t\t\t<h3>\u0424\u0438\u043d\u043b\u044f\u043d\u0434\u0438\u044f<\/h3><p><a href=\"mailto:teenstreet.fi@om.org\">teenstreet.fi@om.org<\/a><\/p><p>044-0500115<br \/>OM Toimisto<br \/>Yliopistonkatu 58 B 5 krs.<br \/>33100 Tampere<br \/>puh. 03 2131300<\/p>\t\t\t\t\t\t\t\t<\/div>\n\t\t\t\t<\/div>\n\t\t\t\t\t<\/div>\n\t\t<\/div>\n\t\t\t\t\t<\/div>\n\t\t<\/section>\n\t\t\t\t<section class=\"elementor-section elementor-inner-section elementor-element elementor-element-0453c5a elementor-section-full_width elementor-section-height-default elementor-section-height-default wpr-particle-no wpr-jarallax-no wpr-parallax-no wpr-sticky-section-no\" data-id=\"0453c5a\" data-element_type=\"section\" data-e-type=\"section\">\n\t\t\t\t\t\t<div class=\"elementor-container elementor-column-gap-wider\">\n\t\t\t\t\t<div class=\"elementor-column elementor-col-33 elementor-inner-column elementor-element elementor-element-5b98905\" data-id=\"5b98905\" data-element_type=\"column\" data-e-type=\"column\">\n\t\t\t<div class=\"elementor-widget-wrap elementor-element-populated\">\n\t\t\t\t\t\t<div class=\"elementor-element elementor-element-c825649 elementor-widget elementor-widget-text-editor\" data-id=\"c825649\" data-element_type=\"widget\" data-e-type=\"widget\" data-widget_type=\"text-editor.default\">\n\t\t\t\t<div class=\"elementor-widget-container\">\n\t\t\t\t\t\t\t\t\t<h3>\u0428\u0432\u0435\u0446\u0438\u044f<\/h3><p>Hanna Nordstr\u00f6m<br \/><a href=\"mailto:hanna.nordstrom@om.org\">hanna.nordstrom@om.org<\/a><\/p><p>OM Sverige<br \/>Havs\u00f6rnsgatan 157<br \/>556 11 J\u00f6nk\u00f6ping<br \/>Telefon: 036-184491<br \/>www.teenstreet.se<\/p>\t\t\t\t\t\t\t\t<\/div>\n\t\t\t\t<\/div>\n\t\t\t\t\t<\/div>\n\t\t<\/div>\n\t\t\t\t<div class=\"elementor-column elementor-col-33 elementor-inner-column elementor-element elementor-element-4dfc635\" data-id=\"4dfc635\" data-element_type=\"column\" data-e-type=\"column\">\n\t\t\t<div class=\"elementor-widget-wrap elementor-element-populated\">\n\t\t\t\t\t\t<div class=\"elementor-element elementor-element-bb030fb elementor-widget elementor-widget-text-editor\" data-id=\"bb030fb\" data-element_type=\"widget\" data-e-type=\"widget\" data-widget_type=\"text-editor.default\">\n\t\t\t\t<div class=\"elementor-widget-container\">\n\t\t\t\t\t\t\t\t\t<h3>\u0428\u0432\u0435\u0439\u0446\u0430\u0440\u0438\u044f<\/h3><p>Hugo Maeder<br \/><a href=\"mailto:TeenStreet.ch@om.org\">TeenStreet.ch@om.org<\/a><\/p><p>OM Suisse<br \/>chemin de Bel-Air 3<br \/>2000 Neuch\u00e2tel<\/p><p>T\u00e9l\u00e9phone:<br \/>032 841 75 50<\/p>\t\t\t\t\t\t\t\t<\/div>\n\t\t\t\t<\/div>\n\t\t\t\t\t<\/div>\n\t\t<\/div>\n\t\t\t\t<div class=\"elementor-column elementor-col-33 elementor-inner-column elementor-element elementor-element-3b05971\" data-id=\"3b05971\" data-element_type=\"column\" data-e-type=\"column\">\n\t\t\t<div class=\"elementor-widget-wrap elementor-element-populated\">\n\t\t\t\t\t\t<div class=\"elementor-element elementor-element-1e165a0 elementor-widget elementor-widget-text-editor\" data-id=\"1e165a0\" data-element_type=\"widget\" data-e-type=\"widget\" data-widget_type=\"text-editor.default\">\n\t\t\t\t<div class=\"elementor-widget-container\">\n\t\t\t\t\t\t\t\t\t<h3 data-placeholder=\"Translation\"><span class=\"Y2IQFc\" lang=\"ru\">\u0421\u043e\u0435\u0434\u0438\u043d\u0435\u043d\u043d\u043e\u0435 \u041a\u043e\u0440\u043e\u043b\u0435\u0432\u0441\u0442\u0432\u043e<\/span><\/h3><p style=\"color: #555555;font-size: 18px;font-weight: 300\">Deejay Curtis:<br \/><a href=\"https:\/\/teenstreet.life\/ru\/contact\/teenstreet.uk@om.org?swcfpc=1\">teenstreet.uk@om.org<\/a>\u00a0<br \/>+44 (0) 1691 77 33 88<\/p><p style=\"color: #555555;font-size: 18px;font-weight: 300\">OM UK<br \/>The Quinta<br \/>Weston Rhyn<br \/>Oswestry<br \/>Shropshire<br \/>SY10 7LT<\/p>\t\t\t\t\t\t\t\t<\/div>\n\t\t\t\t<\/div>\n\t\t\t\t\t<\/div>\n\t\t<\/div>\n\t\t\t\t\t<\/div>\n\t\t<\/section>\n\t\t\t\t<section class=\"elementor-section elementor-inner-section elementor-element elementor-element-d4e1ea6 elementor-section-full_width elementor-section-height-default elementor-section-height-default wpr-particle-no wpr-jarallax-no wpr-parallax-no wpr-sticky-section-no\" data-id=\"d4e1ea6\" data-element_type=\"section\" data-e-type=\"section\">\n\t\t\t\t\t\t<div class=\"elementor-container elementor-column-gap-wider\">\n\t\t\t\t\t<div class=\"elementor-column elementor-col-33 elementor-inner-column elementor-element elementor-element-68efd1d\" data-id=\"68efd1d\" data-element_type=\"column\" data-e-type=\"column\">\n\t\t\t<div class=\"elementor-widget-wrap elementor-element-populated\">\n\t\t\t\t\t\t\t<\/div>\n\t\t<\/div>\n\t\t\t\t<div class=\"elementor-column elementor-col-33 elementor-inner-column elementor-element elementor-element-2765adb\" data-id=\"2765adb\" data-element_type=\"column\" data-e-type=\"column\">\n\t\t\t<div class=\"elementor-widget-wrap elementor-element-populated\">\n\t\t\t\t\t\t\t<\/div>\n\t\t<\/div>\n\t\t\t\t<div class=\"elementor-column elementor-col-33 elementor-inner-column elementor-element elementor-element-a123ff7\" data-id=\"a123ff7\" data-element_type=\"column\" data-e-type=\"column\">\n\t\t\t<div class=\"elementor-widget-wrap\">\n\t\t\t\t\t\t\t<\/div>\n\t\t<\/div>\n\t\t\t\t\t<\/div>\n\t\t<\/section>\n\t\t\t\t\t<\/div>\n\t\t<\/div>\n\t\t\t\t\t<\/div>\n\t\t<\/section>\n\t\t\t\t<\/div>\n\t\t","protected":false},"excerpt":{"rendered":"<p>\u041a\u043e\u043d\u0442\u0430\u043a\u0442\u043d\u0430\u044f \u0438\u043d\u0444\u043e\u0440\u043c\u0430\u0446\u0438\u044f \u0411\u0435\u043b\u044c\u0433\u0438\u044f teenstreet.be@om.org \u0414\u0430\u043d\u0438\u044f Elisabeth Andersen &amp; Samuel B\u00e6k Bramming teenstreet.dk@om.org Drejervej 17, 3. 2400 K\u00f8benhavn NV+45 3170 7930 \u0413\u0435\u0440\u043c\u0430\u043d\u0438\u044f buero@teenstreet.de TeenStreet B\u00fcroOM DeutschlandAlte Neckarelzer Str. 274821 Mosbach06261\/947-0 \u0418\u0440\u043b\u0430\u043d\u0434\u0438\u044f teenstreet.ie@om.org Lacken House, RaharaCo. Roscommon, Ireland+353(90)6623964 ext. 162 -or- 150 \u0418\u0441\u043f\u0430\u043d\u0438\u044f http:\/\/www.om.org\/en\/content\/contact-om \u0424\u0440\u0430\u043d\u0446\u0438\u044f Teenstreet.fr@om.org \u0424\u0430\u0440\u0435\u0440\u0441\u043a\u0438\u0435 \u043e\u0441\u0442\u0440\u043e\u0432\u0430 info.fo@om.org TeenStreet &#8211; OM F\u00f8royarOyrarnar 10650 ToftirF\u00f8royar+298 219923 \u0413\u0440\u0435\u0446\u0438\u044f evie.markus@om.org \u0392\u03b5\u0390\u03ba\u03bf\u03c5 60\u0393,11741 \u039a\u03bf\u03c5\u03ba\u03ac\u03ba\u03b9, \u0391\u03b8\u03ae\u03bd\u03b1+ 30 210 9216371 \u0418\u0442\u0430\u043b\u0438\u044f Simone BaccellaTeenStreet.it@om.org Via delle orchidee 3556017 San Giuliano Terme (PI)Phone number: +393474356244 \u0412\u0435\u043d\u0433\u0440\u0438\u044f teenstreet.hu@om.org OM Magyarorsz\u00e1g2030 \u00c9rdGyula u. 64. TeenStreet koordin\u00e1tor:\u00a0 L\u00e9gr\u00e1di Gy\u00f6ngyi+36 (20) 773-9763 \u041d\u043e\u0440\u0432\u0435\u0433\u0438\u044f http:\/\/www.om.org\/en\/content\/contact-om \u0413\u043e\u043b\u043b\u0430\u043d\u0434\u0438\u044f teenstreet.nl@om.org \u0410\u0432\u0441\u0442\u0440\u0438\u044f teenstreet.at@om.org OM \u00d6sterreichTeenStreetPassaustr. 194030 Linz \u041f\u043e\u0440\u0442\u0443\u0433\u0430\u043b\u0438\u044f info.pt@om.org Av. da Liberdade, 6 &#8211; 7\u00baEsq.+351 914986415 \u0424\u0438\u043d\u043b\u044f\u043d\u0434\u0438\u044f teenstreet.fi@om.org 044-0500115OM ToimistoYliopistonkatu 58 B 5 krs.33100 Tamperepuh. 03 2131300 \u0428\u0432\u0435\u0446\u0438\u044f Hanna Nordstr\u00f6mhanna.nordstrom@om.org OM SverigeHavs\u00f6rnsgatan 157556 11 J\u00f6nk\u00f6pingTelefon: 036-184491www.teenstreet.se \u0428\u0432\u0435\u0439\u0446\u0430\u0440\u0438\u044f Hugo MaederTeenStreet.ch@om.org OM Suissechemin de Bel-Air 32000 Neuch\u00e2tel T\u00e9l\u00e9phone:032 841 75 50 \u0421\u043e\u0435\u0434\u0438\u043d\u0435\u043d\u043d\u043e\u0435 \u041a\u043e\u0440\u043e\u043b\u0435\u0432\u0441\u0442\u0432\u043e Deejay Curtis:teenstreet.uk@om.org\u00a0+44 (0) 1691 77 33 88 OM UKThe QuintaWeston RhynOswestryShropshireSY10 7LT<\/p>\n","protected":false},"author":1,"featured_media":2566,"parent":0,"menu_order":0,"comment_status":"closed","ping_status":"closed","template":"","meta":{"footnotes":""},"class_list":["post-109","page","type-page","status-publish","has-post-thumbnail","hentry"],"_links":{"self":[{"href":"https:\/\/teenstreet.life\/ru\/wp-json\/wp\/v2\/pages\/109","targetHints":{"allow":["GET"]}}],"collection":[{"href":"https:\/\/teenstreet.life\/ru\/wp-json\/wp\/v2\/pages"}],"about":[{"href":"https:\/\/teenstreet.life\/ru\/wp-json\/wp\/v2\/types\/page"}],"author":[{"embeddable":true,"href":"https:\/\/teenstreet.life\/ru\/wp-json\/wp\/v2\/users\/1"}],"replies":[{"embeddable":true,"href":"https:\/\/teenstreet.life\/ru\/wp-json\/wp\/v2\/comments?post=109"}],"version-history":[{"count":5,"href":"https:\/\/teenstreet.life\/ru\/wp-json\/wp\/v2\/pages\/109\/revisions"}],"predecessor-version":[{"id":3718,"href":"https:\/\/teenstreet.life\/ru\/wp-json\/wp\/v2\/pages\/109\/revisions\/3718"}],"wp:featuredmedia":[{"embeddable":true,"href":"https:\/\/teenstreet.life\/ru\/wp-json\/wp\/v2\/media\/2566"}],"wp:attachment":[{"href":"https:\/\/teenstreet.life\/ru\/wp-json\/wp\/v2\/media?parent=109"}],"curies":[{"name":"wp","href":"https:\/\/api.w.org\/{rel}","templated":true}]}}