{"id":60,"date":"2020-05-25T09:24:00","date_gmt":"2020-05-25T07:24:00","guid":{"rendered":"https:\/\/teenstreet.life\/nl\/?page_id=60"},"modified":"2024-01-22T15:06:17","modified_gmt":"2024-01-22T14:06:17","slug":"geschiedenis","status":"publish","type":"page","link":"https:\/\/teenstreet.life\/nl\/over\/geschiedenis\/","title":{"rendered":"Geschiedenis"},"content":{"rendered":"\t\t<div data-elementor-type=\"wp-page\" data-elementor-id=\"60\" class=\"elementor elementor-60\" data-elementor-post-type=\"page\">\n\t\t\t\t\t\t<section class=\"elementor-section elementor-top-section elementor-element elementor-element-672cfdb elementor-section-boxed elementor-section-height-default elementor-section-height-default wpr-particle-no wpr-jarallax-no wpr-parallax-no wpr-sticky-section-no wpr-equal-height-no\" data-id=\"672cfdb\" data-element_type=\"section\" data-e-type=\"section\">\n\t\t\t\t\t\t<div class=\"elementor-container elementor-column-gap-default\">\n\t\t\t\t\t<div class=\"elementor-column elementor-col-16 elementor-top-column elementor-element elementor-element-54fde2a\" data-id=\"54fde2a\" data-element_type=\"column\" data-e-type=\"column\">\n\t\t\t<div class=\"elementor-widget-wrap\">\n\t\t\t\t\t\t\t<\/div>\n\t\t<\/div>\n\t\t\t\t<div class=\"elementor-column elementor-col-66 elementor-top-column elementor-element elementor-element-50a2e63\" data-id=\"50a2e63\" data-element_type=\"column\" data-e-type=\"column\">\n\t\t\t<div class=\"elementor-widget-wrap elementor-element-populated\">\n\t\t\t\t\t\t<div class=\"elementor-element elementor-element-19d84d82 elementor-widget elementor-widget-text-editor\" data-id=\"19d84d82\" data-element_type=\"widget\" data-e-type=\"widget\" data-widget_type=\"text-editor.default\">\n\t\t\t\t<div class=\"elementor-widget-container\">\n\t\t\t\t\t\t\t\t\t<p>TeenStreet ontstond in 1992. Oprichters Dan en Suzie Potter (VS) bedachten de naam TeenStreet, omdat het doel is om tieners een \u201cstraat\u201d te geven om doorheen te wandelen, oftewel: een manier om iedere dag te leven met Jezus!<\/p><p>TeenStreet begon als een kamp en de eerste week werd gehouden in Offenburg, Duitsland. In totaal waren daar 56 mensen bij aanwezig! Het aantal deelnemers groeide al snel en in het jaar 2000 was de deelname al boven de 2.000 tieners. Ook vanuit Nederland gingen er bussen vol op pad naar Duitsland.<\/p><p>Wereldwijd groeide bij tieners het verlangen om vaker samen te komen en intensief op te trekken met een kleinere gemeenschap van Jezus-volgers. En zo ontwikkelde wat ooit begon als een jaarlijks kamp in de zomer zich steeds verder uit tot een wereldwijde tienerbeweging van Jezus-volgers. Sinds een aantal jaar groeit deze beweging in razend tempo en verspreidt zich op alle continenten. Landen als Brazili\u00eb, de Balkan, Oekra\u00efne, Australi\u00eb, Egypte, de Filipijnen en Zimbabwe hebben zich de laatste jaren ook aangesloten. Er is een grote honger bij tieners om Jezus serieus te volgen en het volledige Evangelie ten volle uit te willen leven.<\/p><p>We mogen nu actief zijn in 70 landen, waar het aantal small groups en katalyserende events per jaar toeneemt. We geloven dat de impact van TeenStreet nog veel groter kan zijn en dat is de reden waarom, in lijn met de wereldwijde beweging, we in 2024 massaal gaan inzetten op het opzetten, toerusten, verbinden en inspireren van small groups en small group leaders in Nederland. <\/p>\t\t\t\t\t\t\t\t<\/div>\n\t\t\t\t<\/div>\n\t\t\t\t<div class=\"elementor-element elementor-element-066c381 elementor-widget elementor-widget-heading\" data-id=\"066c381\" data-element_type=\"widget\" data-e-type=\"widget\" data-widget_type=\"heading.default\">\n\t\t\t\t<div class=\"elementor-widget-container\">\n\t\t\t\t\t<h2 class=\"elementor-heading-title elementor-size-default\">Meer over ons<\/h2>\t\t\t\t<\/div>\n\t\t\t\t<\/div>\n\t\t\t\t<div class=\"elementor-element elementor-element-10e21b9 elementor-widget elementor-widget-spacer\" data-id=\"10e21b9\" data-element_type=\"widget\" data-e-type=\"widget\" data-widget_type=\"spacer.default\">\n\t\t\t\t<div class=\"elementor-widget-container\">\n\t\t\t\t\t\t\t<div class=\"elementor-spacer\">\n\t\t\t<div class=\"elementor-spacer-inner\"><\/div>\n\t\t<\/div>\n\t\t\t\t\t\t<\/div>\n\t\t\t\t<\/div>\n\t\t\t\t\t<\/div>\n\t\t<\/div>\n\t\t\t\t<div class=\"elementor-column elementor-col-16 elementor-top-column elementor-element elementor-element-0320df7\" data-id=\"0320df7\" data-element_type=\"column\" data-e-type=\"column\">\n\t\t\t<div class=\"elementor-widget-wrap\">\n\t\t\t\t\t\t\t<\/div>\n\t\t<\/div>\n\t\t\t\t\t<\/div>\n\t\t<\/section>\n\t\t\t\t<section class=\"elementor-section elementor-inner-section elementor-element elementor-element-7160cd70 elementor-section-boxed elementor-section-height-default elementor-section-height-default wpr-particle-no wpr-jarallax-no wpr-parallax-no wpr-sticky-section-no wpr-equal-height-no\" data-id=\"7160cd70\" data-element_type=\"section\" data-e-type=\"section\">\n\t\t\t\t\t\t<div class=\"elementor-container elementor-column-gap-extended\">\n\t\t\t\t\t<div class=\"elementor-column elementor-col-33 elementor-inner-column elementor-element elementor-element-993821f\" data-id=\"993821f\" data-element_type=\"column\" data-e-type=\"column\">\n\t\t\t<div class=\"elementor-widget-wrap elementor-element-populated\">\n\t\t\t\t\t\t<div class=\"elementor-element elementor-element-48ef5645 elementor-widget elementor-widget-ts-card\" data-id=\"48ef5645\" data-element_type=\"widget\" data-e-type=\"widget\" data-widget_type=\"ts-card.default\">\n\t\t\t\t<div class=\"elementor-widget-container\">\n\t\t\t\t\t            <div class=\"ts-card ts-image-background\" style=\"background-image: url(https:\/\/teenstreet.life\/nl\/wp-content\/uploads\/sites\/10\/2020\/05\/ts-together-480x480.jpg);\">\r\n\r\n                \t\t\t\t\t<h3 class=\"ts-card-title\">\r\n\t\t\t\t\t\t<a href=\"https:\/\/teenstreet.life\/nl\/over\/\">\r\n\t\t\t\t\t\t\tWat is TeenStreet?\t\t\t\t\t\t<\/a>\r\n                    <\/h3>\r\n                \r\n                                    <p class=\"ts-card-description\">\r\n                        TeenStreet is onderdeel van Operatie Mobilisatie en een wereldwijde tienerbeweging. TeenStreet is een plek waar tieners leren om een discipel te zijn van Jezus.                    <\/p>\r\n                \t\t\t\t\r\n\r\n                                    <a class=\"ts-card-button elementor-button-link\" href=\"https:\/\/teenstreet.life\/nl\/over\/\">\r\n                        Lees verder                    <\/a>\r\n                \r\n                 \r\n                    <a class=\"ts-card-full-link\" href=\"https:\/\/teenstreet.life\/nl\/over\/\"><\/a>\r\n                \r\n            <\/div>\r\n\r\n        \t\t\t\t<\/div>\n\t\t\t\t<\/div>\n\t\t\t\t\t<\/div>\n\t\t<\/div>\n\t\t\t\t<div class=\"elementor-column elementor-col-33 elementor-inner-column elementor-element elementor-element-27804046\" data-id=\"27804046\" data-element_type=\"column\" data-e-type=\"column\">\n\t\t\t<div class=\"elementor-widget-wrap elementor-element-populated\">\n\t\t\t\t\t\t<div class=\"elementor-element elementor-element-7f0c5530 elementor-widget elementor-widget-ts-card\" data-id=\"7f0c5530\" data-element_type=\"widget\" data-e-type=\"widget\" data-widget_type=\"ts-card.default\">\n\t\t\t\t<div class=\"elementor-widget-container\">\n\t\t\t\t\t            <div class=\"ts-card ts-image-background\" style=\"background-image: url(https:\/\/teenstreet.life\/nl\/wp-content\/uploads\/sites\/10\/2020\/05\/core-values-480x480.jpg);\">\r\n\r\n                \t\t\t\t\t<h3 class=\"ts-card-title\">\r\n\t\t\t\t\t\t<a href=\"https:\/\/teenstreet.life\/nl\/over\/team\/\">\r\n\t\t\t\t\t\t\tTeam\t\t\t\t\t\t<\/a>\r\n                    <\/h3>\r\n                \r\n                                    <p class=\"ts-card-description\">\r\n                        Wij zijn TeenStreet! Het Tienerwerk van Operatie Mobilisatie en onderdeel van een wereldwijde tienerbeweging. Wij geloven in jouw! Jij kunt een verschil maken in deze wereld als je Jezus leert kennen. Wil jij deel uit maken van deze tienerbeweging? Wil je weten hoe? Zet de volgende 3 stappen: Get inspired, be enquiped en live connected!                     <\/p>\r\n                \t\t\t\t\r\n\r\n                                    <a class=\"ts-card-button elementor-button-link\" href=\"https:\/\/teenstreet.life\/nl\/over\/team\/\">\r\n                        Lees verder                    <\/a>\r\n                \r\n                 \r\n                    <a class=\"ts-card-full-link\" href=\"https:\/\/teenstreet.life\/nl\/over\/team\/\"><\/a>\r\n                \r\n            <\/div>\r\n\r\n        \t\t\t\t<\/div>\n\t\t\t\t<\/div>\n\t\t\t\t\t<\/div>\n\t\t<\/div>\n\t\t\t\t<div class=\"elementor-column elementor-col-33 elementor-inner-column elementor-element elementor-element-5dd69ae\" data-id=\"5dd69ae\" data-element_type=\"column\" data-e-type=\"column\">\n\t\t\t<div class=\"elementor-widget-wrap elementor-element-populated\">\n\t\t\t\t\t\t<div class=\"elementor-element elementor-element-271120d8 elementor-widget elementor-widget-ts-card\" data-id=\"271120d8\" data-element_type=\"widget\" data-e-type=\"widget\" data-widget_type=\"ts-card.default\">\n\t\t\t\t<div class=\"elementor-widget-container\">\n\t\t\t\t\t            <div class=\"ts-card ts-image-background\" style=\"background-image: url(https:\/\/teenstreet.life\/nl\/wp-content\/uploads\/sites\/10\/2020\/05\/ts-about-om-480x480.png);\">\r\n\r\n                \t\t\t\t\t<h3 class=\"ts-card-title\">\r\n\t\t\t\t\t\t<a href=\"https:\/\/teenstreet.life\/nl\/over\/over-om\/\">\r\n\t\t\t\t\t\t\tOperatie Mobilisatie\t\t\t\t\t\t<\/a>\r\n                    <\/h3>\r\n                \r\n                                    <p class=\"ts-card-description\">\r\n                        Operatie Mobilisatie (OM) is een internationale missionaire organisatie die zich inzet voor de verspreiding van het Evangelie onder hen die het nog nooit hebben gehoord.                     <\/p>\r\n                \t\t\t\t\r\n\r\n                                    <a class=\"ts-card-button elementor-button-link\" href=\"https:\/\/teenstreet.life\/nl\/over\/over-om\/\">\r\n                        Lees verder                    <\/a>\r\n                \r\n                 \r\n                    <a class=\"ts-card-full-link\" href=\"https:\/\/teenstreet.life\/nl\/over\/over-om\/\"><\/a>\r\n                \r\n            <\/div>\r\n\r\n        \t\t\t\t<\/div>\n\t\t\t\t<\/div>\n\t\t\t\t\t<\/div>\n\t\t<\/div>\n\t\t\t\t\t<\/div>\n\t\t<\/section>\n\t\t\t\t<\/div>\n\t\t","protected":false},"excerpt":{"rendered":"<p>TeenStreet ontstond in 1992. Oprichters Dan en Suzie Potter (VS) bedachten de naam TeenStreet, omdat het doel is om tieners een \u201cstraat\u201d te geven om doorheen te wandelen, oftewel: een manier om iedere dag te leven met Jezus! TeenStreet begon als een kamp en de eerste week werd gehouden in Offenburg, Duitsland. In totaal waren daar 56 mensen bij aanwezig! Het aantal deelnemers groeide al snel en in het jaar 2000 was de deelname al boven de 2.000 tieners. Ook vanuit Nederland gingen er bussen vol op pad naar Duitsland. Wereldwijd groeide bij tieners het verlangen om vaker samen te komen en intensief op te trekken met een kleinere gemeenschap van Jezus-volgers. En zo ontwikkelde wat ooit begon als een jaarlijks kamp in de zomer zich steeds verder uit tot een wereldwijde tienerbeweging van Jezus-volgers. Sinds een aantal jaar groeit deze beweging in razend tempo en verspreidt zich op alle continenten. Landen als Brazili\u00eb, de Balkan, Oekra\u00efne, Australi\u00eb, Egypte, de Filipijnen en Zimbabwe hebben zich de laatste jaren ook aangesloten. Er is een grote honger bij tieners om Jezus serieus te volgen en het volledige Evangelie ten volle uit te willen leven. We mogen nu actief zijn in 70 landen, waar het aantal small groups en katalyserende events per jaar toeneemt. We geloven dat de impact van TeenStreet nog veel groter kan zijn en dat is de reden waarom, in lijn met de wereldwijde beweging, we in 2024 massaal gaan inzetten op het opzetten, toerusten, verbinden en inspireren van small groups en small group leaders in Nederland. Meer over ons Wat is TeenStreet? TeenStreet is onderdeel van Operatie Mobilisatie en een wereldwijde tienerbeweging. TeenStreet is een plek waar tieners leren om een discipel te zijn van Jezus. Lees verder Team Wij zijn TeenStreet! Het Tienerwerk van Operatie Mobilisatie en onderdeel van een wereldwijde tienerbeweging. Wij geloven in jouw! Jij kunt een verschil maken in deze wereld als je Jezus leert kennen. Wil jij deel uit maken van deze tienerbeweging? Wil je weten hoe? Zet de volgende 3 stappen: Get inspired, be enquiped en live connected! Lees verder Operatie Mobilisatie Operatie Mobilisatie (OM) is een internationale missionaire organisatie die zich inzet voor de verspreiding van het Evangelie onder hen die het nog nooit hebben gehoord. Lees verder<\/p>\n","protected":false},"author":1,"featured_media":299,"parent":56,"menu_order":0,"comment_status":"closed","ping_status":"closed","template":"","meta":{"footnotes":""},"class_list":["post-60","page","type-page","status-publish","has-post-thumbnail","hentry"],"_links":{"self":[{"href":"https:\/\/teenstreet.life\/nl\/wp-json\/wp\/v2\/pages\/60","targetHints":{"allow":["GET"]}}],"collection":[{"href":"https:\/\/teenstreet.life\/nl\/wp-json\/wp\/v2\/pages"}],"about":[{"href":"https:\/\/teenstreet.life\/nl\/wp-json\/wp\/v2\/types\/page"}],"author":[{"embeddable":true,"href":"https:\/\/teenstreet.life\/nl\/wp-json\/wp\/v2\/users\/1"}],"replies":[{"embeddable":true,"href":"https:\/\/teenstreet.life\/nl\/wp-json\/wp\/v2\/comments?post=60"}],"version-history":[{"count":5,"href":"https:\/\/teenstreet.life\/nl\/wp-json\/wp\/v2\/pages\/60\/revisions"}],"predecessor-version":[{"id":8080,"href":"https:\/\/teenstreet.life\/nl\/wp-json\/wp\/v2\/pages\/60\/revisions\/8080"}],"up":[{"embeddable":true,"href":"https:\/\/teenstreet.life\/nl\/wp-json\/wp\/v2\/pages\/56"}],"wp:featuredmedia":[{"embeddable":true,"href":"https:\/\/teenstreet.life\/nl\/wp-json\/wp\/v2\/media\/299"}],"wp:attachment":[{"href":"https:\/\/teenstreet.life\/nl\/wp-json\/wp\/v2\/media?parent=60"}],"curies":[{"name":"wp","href":"https:\/\/api.w.org\/{rel}","templated":true}]}}