{"id":4207,"date":"2020-10-30T15:11:10","date_gmt":"2020-10-30T14:11:10","guid":{"rendered":"https:\/\/teenstreet.life\/nl\/?page_id=4207"},"modified":"2023-07-07T09:13:47","modified_gmt":"2023-07-07T07:13:47","slug":"co-coach","status":"publish","type":"page","link":"https:\/\/teenstreet.life\/nl\/teenstreet\/co-coach\/","title":{"rendered":"(co)Coach"},"content":{"rendered":"\t\t<div data-elementor-type=\"wp-page\" data-elementor-id=\"4207\" class=\"elementor elementor-4207\" data-elementor-post-type=\"page\">\n\t\t\t\t\t\t<section class=\"elementor-section elementor-top-section elementor-element elementor-element-19d6c30 elementor-section-boxed elementor-section-height-default elementor-section-height-default wpr-particle-no wpr-jarallax-no wpr-parallax-no wpr-sticky-section-no\" data-id=\"19d6c30\" data-element_type=\"section\" data-e-type=\"section\">\n\t\t\t\t\t\t<div class=\"elementor-container elementor-column-gap-default\">\n\t\t\t\t\t<div class=\"elementor-column elementor-col-66 elementor-top-column elementor-element elementor-element-f274e6c\" data-id=\"f274e6c\" data-element_type=\"column\" data-e-type=\"column\">\n\t\t\t<div class=\"elementor-widget-wrap elementor-element-populated\">\n\t\t\t\t\t\t<div class=\"elementor-element elementor-element-e14b7d8 elementor-widget elementor-widget-image\" data-id=\"e14b7d8\" data-element_type=\"widget\" data-e-type=\"widget\" data-widget_type=\"image.default\">\n\t\t\t\t<div class=\"elementor-widget-container\">\n\t\t\t\t\t\t\t\t\t\t\t\t\t\t\t<img decoding=\"async\" width=\"127\" height=\"127\" src=\"https:\/\/teenstreet.life\/nl\/wp-content\/uploads\/sites\/10\/2020\/07\/heart.svg\" class=\"attachment-large size-large wp-image-2717\" alt=\"\" \/>\t\t\t\t\t\t\t\t\t\t\t\t\t\t\t<\/div>\n\t\t\t\t<\/div>\n\t\t\t\t\t<\/div>\n\t\t<\/div>\n\t\t\t\t<div class=\"elementor-column elementor-col-33 elementor-top-column elementor-element elementor-element-6d6e450\" data-id=\"6d6e450\" data-element_type=\"column\" data-e-type=\"column\">\n\t\t\t<div class=\"elementor-widget-wrap elementor-element-populated\">\n\t\t\t\t\t\t<div class=\"elementor-element elementor-element-f7eab2c elementor-widget elementor-widget-text-editor\" data-id=\"f7eab2c\" data-element_type=\"widget\" data-e-type=\"widget\" data-widget_type=\"text-editor.default\">\n\t\t\t\t<div class=\"elementor-widget-container\">\n\t\t\t\t\t\t\t\t\t<h3>Deelnemen als (co)Coach<\/h3><p><span style=\"color: #ff4f4f\">Dit is een korte functieomschrijving van coach bij TeenStreet activiteiten<\/span><\/p>\t\t\t\t\t\t\t\t<\/div>\n\t\t\t\t<\/div>\n\t\t\t\t\t<\/div>\n\t\t<\/div>\n\t\t\t\t\t<\/div>\n\t\t<\/section>\n\t\t\t\t<section class=\"elementor-section elementor-top-section elementor-element elementor-element-1f25e76 elementor-section-boxed elementor-section-height-default elementor-section-height-default wpr-particle-no wpr-jarallax-no wpr-parallax-no wpr-sticky-section-no\" data-id=\"1f25e76\" data-element_type=\"section\" data-e-type=\"section\">\n\t\t\t\t\t\t<div class=\"elementor-container elementor-column-gap-default\">\n\t\t\t\t\t<div class=\"elementor-column elementor-col-16 elementor-top-column elementor-element elementor-element-472e41c\" data-id=\"472e41c\" data-element_type=\"column\" data-e-type=\"column\">\n\t\t\t<div class=\"elementor-widget-wrap\">\n\t\t\t\t\t\t\t<\/div>\n\t\t<\/div>\n\t\t\t\t<div class=\"elementor-column elementor-col-66 elementor-top-column elementor-element elementor-element-e579b3b\" data-id=\"e579b3b\" data-element_type=\"column\" data-e-type=\"column\">\n\t\t\t<div class=\"elementor-widget-wrap elementor-element-populated\">\n\t\t\t\t\t\t<div class=\"elementor-element elementor-element-beefa68 elementor-widget elementor-widget-text-editor\" data-id=\"beefa68\" data-element_type=\"widget\" data-e-type=\"widget\" data-widget_type=\"text-editor.default\">\n\t\t\t\t<div class=\"elementor-widget-container\">\n\t\t\t\t\t\t\t\t\t<p><strong>J\u00edj kunt tieners discipelen \u00e9n aanmoedigen om een (h)echte relatie met Jezus aan te gaan en tieners te laten groeien in hun relatie met Jezus!<\/strong><\/p><p>J\u00edj als coach bent van grote waarde. Een coach binnen TeenStreet is iemand die dichtbij de tieners staat, zijn leven deelt, beschikbaar is, een voorbeeld is, gevoelig is voor wat God aan het doen is en Jezus laat zien in je dagelijks leven. Sommige tieners hebben al jarenlang een relatie met Jezus en anderen zijn daar nog maar net mee bezig. J\u00edj als coach zal veel kansen krijgen om te laten zien en te vertellen wat Jezus heeft gedaan in jou leven. Dit kan echt levens veranderend zijn voor tieners. Tieners zijn opzoek naar echtheid! Tieners zijn opzoek naar een coach die ze vanuit een eigen levende relatie met Jezus kan discipelen \u00e9n aanmoedigen om te groeien.<\/p><p>Jij bent als coach, eventueel samen met een co-coach, verantwoordelijk voor de tieners in je small groep. Deze groep bestaat uit 5-6 jongeren van je eigen geslacht. Als coach ben je verantwoordelijk voor het leiden van de NET-tijd en je trekt met de tieners op gedurende het programma. Onze droom is dat jij, als (co)coach, tijdens het programma een voorbeeld bent voor tieners, maar daarnaast bidden wij dat, jij door het jaar heen, ook een voorbeeldrol mag hebben voor de tieners. Zie jij jezelf nog niet als coach, maar heb je wel het verlangen om je meer te ontwikkelen in coaching vaardigheden binnen tienergroepen dan willen we jou als co-coach uitnodigen om samen met een coach op te trekken tijdens onze programma\u2019s.<\/p><p>Lijkt het jou supergaaf om als (co)coach betrokken te zijn bij TeenStreet? Kijk voor meer informatie bij de verschillende onderdelen en laat het ons weten!<\/p>\t\t\t\t\t\t\t\t<\/div>\n\t\t\t\t<\/div>\n\t\t\t\t<div class=\"elementor-element elementor-element-9d1e76e elementor-button-info elementor-widget elementor-widget-button\" data-id=\"9d1e76e\" data-element_type=\"widget\" data-e-type=\"widget\" data-widget_type=\"button.default\">\n\t\t\t\t<div class=\"elementor-widget-container\">\n\t\t\t\t\t\t\t\t\t<div class=\"elementor-button-wrapper\">\n\t\t\t\t\t<a class=\"elementor-button elementor-button-link elementor-size-sm\" href=\"https:\/\/teenstreet.life\/nl\/contact\/\">\n\t\t\t\t\t\t<span class=\"elementor-button-content-wrapper\">\n\t\t\t\t\t\t\t\t\t<span class=\"elementor-button-text\">Ik heb nog een vraag<\/span>\n\t\t\t\t\t<\/span>\n\t\t\t\t\t<\/a>\n\t\t\t\t<\/div>\n\t\t\t\t\t\t\t\t<\/div>\n\t\t\t\t<\/div>\n\t\t\t\t\t<\/div>\n\t\t<\/div>\n\t\t\t\t<div class=\"elementor-column elementor-col-16 elementor-top-column elementor-element elementor-element-3e3d03b\" data-id=\"3e3d03b\" data-element_type=\"column\" data-e-type=\"column\">\n\t\t\t<div class=\"elementor-widget-wrap\">\n\t\t\t\t\t\t\t<\/div>\n\t\t<\/div>\n\t\t\t\t\t<\/div>\n\t\t<\/section>\n\t\t\t\t<\/div>\n\t\t","protected":false},"excerpt":{"rendered":"<p>Deelnemen als (co)Coach Dit is een korte functieomschrijving van coach bij TeenStreet activiteiten J\u00edj kunt tieners discipelen \u00e9n aanmoedigen om een (h)echte relatie met Jezus aan te gaan en tieners te laten groeien in hun relatie met Jezus! J\u00edj als coach bent van grote waarde. Een coach binnen TeenStreet is iemand die dichtbij de tieners staat, zijn leven deelt, beschikbaar is, een voorbeeld is, gevoelig is voor wat God aan het doen is en Jezus laat zien in je dagelijks leven. Sommige tieners hebben al jarenlang een relatie met Jezus en anderen zijn daar nog maar net mee bezig. J\u00edj als coach zal veel kansen krijgen om te laten zien en te vertellen wat Jezus heeft gedaan in jou leven. Dit kan echt levens veranderend zijn voor tieners. Tieners zijn opzoek naar echtheid! Tieners zijn opzoek naar een coach die ze vanuit een eigen levende relatie met Jezus kan discipelen \u00e9n aanmoedigen om te groeien. Jij bent als coach, eventueel samen met een co-coach, verantwoordelijk voor de tieners in je small groep. Deze groep bestaat uit 5-6 jongeren van je eigen geslacht. Als coach ben je verantwoordelijk voor het leiden van de NET-tijd en je trekt met de tieners op gedurende het programma. Onze droom is dat jij, als (co)coach, tijdens het programma een voorbeeld bent voor tieners, maar daarnaast bidden wij dat, jij door het jaar heen, ook een voorbeeldrol mag hebben voor de tieners. Zie jij jezelf nog niet als coach, maar heb je wel het verlangen om je meer te ontwikkelen in coaching vaardigheden binnen tienergroepen dan willen we jou als co-coach uitnodigen om samen met een coach op te trekken tijdens onze programma\u2019s. Lijkt het jou supergaaf om als (co)coach betrokken te zijn bij TeenStreet? Kijk voor meer informatie bij de verschillende onderdelen en laat het ons weten! Ik heb nog een vraag<\/p>\n","protected":false},"author":10,"featured_media":4198,"parent":3734,"menu_order":0,"comment_status":"closed","ping_status":"closed","template":"","meta":{"footnotes":""},"class_list":["post-4207","page","type-page","status-publish","has-post-thumbnail","hentry"],"_links":{"self":[{"href":"https:\/\/teenstreet.life\/nl\/wp-json\/wp\/v2\/pages\/4207","targetHints":{"allow":["GET"]}}],"collection":[{"href":"https:\/\/teenstreet.life\/nl\/wp-json\/wp\/v2\/pages"}],"about":[{"href":"https:\/\/teenstreet.life\/nl\/wp-json\/wp\/v2\/types\/page"}],"author":[{"embeddable":true,"href":"https:\/\/teenstreet.life\/nl\/wp-json\/wp\/v2\/users\/10"}],"replies":[{"embeddable":true,"href":"https:\/\/teenstreet.life\/nl\/wp-json\/wp\/v2\/comments?post=4207"}],"version-history":[{"count":5,"href":"https:\/\/teenstreet.life\/nl\/wp-json\/wp\/v2\/pages\/4207\/revisions"}],"predecessor-version":[{"id":7813,"href":"https:\/\/teenstreet.life\/nl\/wp-json\/wp\/v2\/pages\/4207\/revisions\/7813"}],"up":[{"embeddable":true,"href":"https:\/\/teenstreet.life\/nl\/wp-json\/wp\/v2\/pages\/3734"}],"wp:featuredmedia":[{"embeddable":true,"href":"https:\/\/teenstreet.life\/nl\/wp-json\/wp\/v2\/media\/4198"}],"wp:attachment":[{"href":"https:\/\/teenstreet.life\/nl\/wp-json\/wp\/v2\/media?parent=4207"}],"curies":[{"name":"wp","href":"https:\/\/api.w.org\/{rel}","templated":true}]}}