{"id":60,"date":"2020-05-25T09:24:00","date_gmt":"2020-05-25T06:24:00","guid":{"rendered":"https:\/\/teenstreet.life\/fi\/?page_id=60"},"modified":"2021-07-22T13:46:53","modified_gmt":"2021-07-22T10:46:53","slug":"history","status":"publish","type":"page","link":"https:\/\/teenstreet.life\/fi\/teenstreet\/history\/","title":{"rendered":"Historia"},"content":{"rendered":"\t\t<div data-elementor-type=\"wp-page\" data-elementor-id=\"60\" class=\"elementor elementor-60\" data-elementor-post-type=\"page\">\n\t\t\t\t\t\t<section class=\"elementor-section elementor-top-section elementor-element elementor-element-672cfdb elementor-section-boxed elementor-section-height-default elementor-section-height-default wpr-particle-no wpr-jarallax-no wpr-parallax-no wpr-sticky-section-no\" data-id=\"672cfdb\" data-element_type=\"section\" data-e-type=\"section\">\n\t\t\t\t\t\t<div class=\"elementor-container elementor-column-gap-default\">\n\t\t\t\t\t<div class=\"elementor-column elementor-col-16 elementor-top-column elementor-element elementor-element-54fde2a\" data-id=\"54fde2a\" data-element_type=\"column\" data-e-type=\"column\">\n\t\t\t<div class=\"elementor-widget-wrap\">\n\t\t\t\t\t\t\t<\/div>\n\t\t<\/div>\n\t\t\t\t<div class=\"elementor-column elementor-col-66 elementor-top-column elementor-element elementor-element-50a2e63\" data-id=\"50a2e63\" data-element_type=\"column\" data-e-type=\"column\">\n\t\t\t<div class=\"elementor-widget-wrap elementor-element-populated\">\n\t\t\t\t\t\t<div class=\"elementor-element elementor-element-19d84d82 elementor-widget elementor-widget-text-editor\" data-id=\"19d84d82\" data-element_type=\"widget\" data-e-type=\"widget\" data-widget_type=\"text-editor.default\">\n\t\t\t\t<div class=\"elementor-widget-container\">\n\t\t\t\t\t\t\t\t\t<p>TeenStreet syntyi vuonna 1992 n\u00e4yst\u00e4 j\u00e4rjest\u00e4\u00e4 nuorille kansainv\u00e4linen kristillinen konferenssi. Tapahtuman amerikkalaiset perustajat Dan ja Suzie Potter antoivat sille nimen TeenStreet, \u201ckoska ideana oli tarjota nuorille tie, jota pitkin kulkea \u2013 kokonainen el\u00e4m\u00e4ntapa\u201d.<\/p><p>Ensimm\u00e4inen TeenStreet-leiri j\u00e4rjestettiin Offenburgissa, Saksassa, kes\u00e4ll\u00e4 1993, ja siihen osallistui 56 nuorta. Tapahtuma kasvoi nopeasti, ja vuoteen 2000 menness\u00e4 osallistujia oli jo yli 2 000.<\/p><p>Vuonna 2004 TeenStreet laajeni Brasiliaan, sitten Australiaan vuonna 2010, ja sittemmin leirej\u00e4 on k\u00e4ynnistetty ymp\u00e4ri maailmaa.\u00a0<\/p><p>T\u00e4n\u00e4 p\u00e4iv\u00e4n\u00e4 TeenStreet-leirej\u00e4 j\u00e4rjestet\u00e4\u00e4n seitsem\u00e4ss\u00e4 maassa. Osallistujia on vuosittain noin 8 000, ja kasvu jatkuu.<\/p><p>\u201cTeenStreet on paljon enemm\u00e4n kuin vain viikon kest\u00e4v\u00e4 tapahtuma,\u201d kertoo Euroopan TeenStreetin entinen johtaja Ger van Veen. \u201cVuosittain TeenStreetill\u00e4 on tuhansia nuoria, jotka syttyv\u00e4t el\u00e4m\u00e4\u00e4n Jeesukselle ja levitt\u00e4m\u00e4\u00e4n H\u00e4nen valoaan el\u00e4m\u00e4ss\u00e4\u00e4n.\u201d<\/p><p>Koronapandemian vuoksi vuonna 2020 j\u00e4rjestettiin ensimm\u00e4inen virtuaalinen TeenStreet-tapahtuma verkossa. Uuden tekniikan ja mahdollisuuksien my\u00f6t\u00e4 vaikutuksemme laajenee yh\u00e4, kun kuljemme kohti tulevaa Jumalan johdatuksessa maailmanlaajuisena Jeesusta seuraavana yhteis\u00f6n\u00e4 ylist\u00e4en ja korottaen H\u00e4nen nime\u00e4\u00e4n.\u00a0<\/p>\t\t\t\t\t\t\t\t<\/div>\n\t\t\t\t<\/div>\n\t\t\t\t\t<\/div>\n\t\t<\/div>\n\t\t\t\t<div class=\"elementor-column elementor-col-16 elementor-top-column elementor-element elementor-element-0320df7\" data-id=\"0320df7\" data-element_type=\"column\" data-e-type=\"column\">\n\t\t\t<div class=\"elementor-widget-wrap\">\n\t\t\t\t\t\t\t<\/div>\n\t\t<\/div>\n\t\t\t\t\t<\/div>\n\t\t<\/section>\n\t\t\t\t<\/div>\n\t\t","protected":false},"excerpt":{"rendered":"<p>TeenStreet syntyi vuonna 1992 n\u00e4yst\u00e4 j\u00e4rjest\u00e4\u00e4 nuorille kansainv\u00e4linen kristillinen konferenssi. Tapahtuman amerikkalaiset perustajat Dan ja Suzie Potter antoivat sille nimen TeenStreet, \u201ckoska ideana oli tarjota nuorille tie, jota pitkin kulkea \u2013 kokonainen el\u00e4m\u00e4ntapa\u201d. Ensimm\u00e4inen TeenStreet-leiri j\u00e4rjestettiin Offenburgissa, Saksassa, kes\u00e4ll\u00e4 1993, ja siihen osallistui 56 nuorta. Tapahtuma kasvoi nopeasti, ja vuoteen 2000 menness\u00e4 osallistujia oli jo yli 2 000. Vuonna 2004 TeenStreet laajeni Brasiliaan, sitten Australiaan vuonna 2010, ja sittemmin leirej\u00e4 on k\u00e4ynnistetty ymp\u00e4ri maailmaa.\u00a0 T\u00e4n\u00e4 p\u00e4iv\u00e4n\u00e4 TeenStreet-leirej\u00e4 j\u00e4rjestet\u00e4\u00e4n seitsem\u00e4ss\u00e4 maassa. Osallistujia on vuosittain noin 8 000, ja kasvu jatkuu. \u201cTeenStreet on paljon enemm\u00e4n kuin vain viikon kest\u00e4v\u00e4 tapahtuma,\u201d kertoo Euroopan TeenStreetin entinen johtaja Ger van Veen. \u201cVuosittain TeenStreetill\u00e4 on tuhansia nuoria, jotka syttyv\u00e4t el\u00e4m\u00e4\u00e4n Jeesukselle ja levitt\u00e4m\u00e4\u00e4n H\u00e4nen valoaan el\u00e4m\u00e4ss\u00e4\u00e4n.\u201d Koronapandemian vuoksi vuonna 2020 j\u00e4rjestettiin ensimm\u00e4inen virtuaalinen TeenStreet-tapahtuma verkossa. Uuden tekniikan ja mahdollisuuksien my\u00f6t\u00e4 vaikutuksemme laajenee yh\u00e4, kun kuljemme kohti tulevaa Jumalan johdatuksessa maailmanlaajuisena Jeesusta seuraavana yhteis\u00f6n\u00e4 ylist\u00e4en ja korottaen H\u00e4nen nime\u00e4\u00e4n.\u00a0<\/p>\n","protected":false},"author":1,"featured_media":299,"parent":1456,"menu_order":0,"comment_status":"closed","ping_status":"closed","template":"","meta":{"footnotes":""},"class_list":["post-60","page","type-page","status-publish","has-post-thumbnail","hentry"],"_links":{"self":[{"href":"https:\/\/teenstreet.life\/fi\/wp-json\/wp\/v2\/pages\/60","targetHints":{"allow":["GET"]}}],"collection":[{"href":"https:\/\/teenstreet.life\/fi\/wp-json\/wp\/v2\/pages"}],"about":[{"href":"https:\/\/teenstreet.life\/fi\/wp-json\/wp\/v2\/types\/page"}],"author":[{"embeddable":true,"href":"https:\/\/teenstreet.life\/fi\/wp-json\/wp\/v2\/users\/1"}],"replies":[{"embeddable":true,"href":"https:\/\/teenstreet.life\/fi\/wp-json\/wp\/v2\/comments?post=60"}],"version-history":[{"count":0,"href":"https:\/\/teenstreet.life\/fi\/wp-json\/wp\/v2\/pages\/60\/revisions"}],"up":[{"embeddable":true,"href":"https:\/\/teenstreet.life\/fi\/wp-json\/wp\/v2\/pages\/1456"}],"wp:featuredmedia":[{"embeddable":true,"href":"https:\/\/teenstreet.life\/fi\/wp-json\/wp\/v2\/media\/299"}],"wp:attachment":[{"href":"https:\/\/teenstreet.life\/fi\/wp-json\/wp\/v2\/media?parent=60"}],"curies":[{"name":"wp","href":"https:\/\/api.w.org\/{rel}","templated":true}]}}