{"id":56,"date":"2020-05-25T09:23:25","date_gmt":"2020-05-25T06:23:25","guid":{"rendered":"https:\/\/teenstreet.life\/fi\/?page_id=56"},"modified":"2021-07-23T10:01:09","modified_gmt":"2021-07-23T07:01:09","slug":"tasta","status":"publish","type":"page","link":"https:\/\/teenstreet.life\/fi\/teenstreet\/tasta\/","title":{"rendered":"Mik\u00e4 on TeenStreet?"},"content":{"rendered":"\t\t<div data-elementor-type=\"wp-page\" data-elementor-id=\"56\" class=\"elementor elementor-56\" data-elementor-post-type=\"page\">\n\t\t\t\t\t\t<section class=\"elementor-section elementor-top-section elementor-element elementor-element-c593276 elementor-section-boxed elementor-section-height-default elementor-section-height-default wpr-particle-no wpr-jarallax-no wpr-parallax-no wpr-sticky-section-no\" data-id=\"c593276\" data-element_type=\"section\" data-e-type=\"section\">\n\t\t\t\t\t\t<div class=\"elementor-container elementor-column-gap-default\">\n\t\t\t\t\t<div class=\"elementor-column elementor-col-16 elementor-top-column elementor-element elementor-element-2af51f9\" data-id=\"2af51f9\" data-element_type=\"column\" data-e-type=\"column\">\n\t\t\t<div class=\"elementor-widget-wrap\">\n\t\t\t\t\t\t\t<\/div>\n\t\t<\/div>\n\t\t\t\t<div class=\"elementor-column elementor-col-66 elementor-top-column elementor-element elementor-element-9c8ab1e\" data-id=\"9c8ab1e\" data-element_type=\"column\" data-e-type=\"column\">\n\t\t\t<div class=\"elementor-widget-wrap elementor-element-populated\">\n\t\t\t\t\t\t<div class=\"elementor-element elementor-element-4f3065b elementor-widget elementor-widget-text-editor\" data-id=\"4f3065b\" data-element_type=\"widget\" data-e-type=\"widget\" data-widget_type=\"text-editor.default\">\n\t\t\t\t<div class=\"elementor-widget-container\">\n\t\t\t\t\t\t\t\t\t<p>TeenStreet on kansainv\u00e4linen, kristillinen nuortentapahtuma. Haluamme yhdess\u00e4 seurakuntien kanssa kulkea kristittyjen nuorten rinnalla ja tukea heit\u00e4 el\u00e4m\u00e4\u00e4n yhteydess\u00e4 Jeesukseen sek\u00e4 heijastamaan Kristusta p\u00e4ivitt\u00e4in omassa el\u00e4m\u00e4ss\u00e4\u00e4n.<\/p><p>Ensimm\u00e4inen TeenStreet-tapahtuma j\u00e4rjestettiin vuonna 1993, ja silloin mukana oli \u00a0reilut 50 nuorta. Sen j\u00e4lkeen tapahtuma on kasvanut vauhdilla. T\u00e4n\u00e4 p\u00e4iv\u00e4n\u00e4 j\u00e4rjestet\u00e4\u00e4n\u00a0vuosittain seitsem\u00e4n viikon mittaista tapahtumaa kuudessa eri maassa sek\u00e4 lukuisia viikonlopputapahtumia yli 15 maassa nelj\u00e4ll\u00e4 eri mantereella. Tapahtumissa on mukana joka vuosi 10 000 osallistujaa ja vapaaehtoista. L\u00e4hivuosina odotamme n\u00e4kev\u00e4mme ainakin 30 uutta tapahtumaa eri puolilla maailmaa, mm. L\u00e4hi-Id\u00e4ss\u00e4, Afrikassa ja Aasiassa.<\/p><p>Haluamme tehd\u00e4 yhteisty\u00f6t\u00e4 seurakuntien ja nuorisoj\u00e4rjest\u00f6jen kanssa ja tukea heid\u00e4n ty\u00f6t\u00e4\u00e4n nuorten parissa. Painotamme ennen kaikkea yhteisty\u00f6t\u00e4 seurakuntien kanssa, sill\u00e4 on t\u00e4rke\u00e4\u00e4, ett\u00e4 nuorilla on kristillinen yhteis\u00f6, jonka osana he voivat olla my\u00f6s TeenStreetin j\u00e4lkeen.<\/p><p>TeenStreetill\u00e4 haluamme rohkaista nuoria heid\u00e4n vaelluksessaan Jeesuksen kanssa ja auttaa heit\u00e4 tekem\u00e4\u00e4n viisaita p\u00e4\u00e4t\u00f6ksi\u00e4. Siksi jokainen osallistuja on osa pienryhm\u00e4\u00e4. Pienryhmien j\u00e4senill\u00e4 on sama \u00e4idinkieli ja he ovat suurin piirtein saman ik\u00e4isi\u00e4. Pienryhmien ohjaajat tukevat nuoria ja kertovat heille henkil\u00f6kohtaisesta uskostaan.<\/p><p>P\u00e4\u00e4tapahtumissa nuoret saavat opetusta siit\u00e4, mit\u00e4 tarkoittaa el\u00e4\u00e4 suhteessa Jumalaan. Pienryhmiss\u00e4 k\u00e4yd\u00e4\u00e4n l\u00e4pi opetuksessa kuultua \u00a0ja pohditaan, miten opittua voi soveltaa omaan arkeen. TeenStreet-leirill\u00e4 on my\u00f6s paljon muuta mielenkiintoista tekemist\u00e4: urheilua, taidetta, seminaareja ja ty\u00f6pajoja. Vapaa-ajalla voi tutustua muiden maiden nuoriin, jotka tulevat eri kulttuureista ja seurakunnista.<\/p>\t\t\t\t\t\t\t\t<\/div>\n\t\t\t\t<\/div>\n\t\t\t\t<div class=\"elementor-element elementor-element-bfa60f8 elementor-widget elementor-widget-heading\" data-id=\"bfa60f8\" data-element_type=\"widget\" data-e-type=\"widget\" data-widget_type=\"heading.default\">\n\t\t\t\t<div class=\"elementor-widget-container\">\n\t\t\t\t\t<h2 class=\"elementor-heading-title elementor-size-default\">N\u00e4ky<\/h2>\t\t\t\t<\/div>\n\t\t\t\t<\/div>\n\t\t\t\t<div class=\"elementor-element elementor-element-7a02c69 elementor-blockquote--skin-quotation elementor-widget elementor-widget-blockquote\" data-id=\"7a02c69\" data-element_type=\"widget\" data-e-type=\"widget\" data-widget_type=\"blockquote.default\">\n\t\t\t\t<div class=\"elementor-widget-container\">\n\t\t\t\t\t\t\t<blockquote class=\"elementor-blockquote\">\n\t\t\t<p class=\"elementor-blockquote__content\">\n\t\t\t\tHaluamme yhdess\u00e4 seurakuntien kanssa kulkea kristittyjen nuorten rinnalla tukien heit\u00e4 el\u00e4m\u00e4\u00e4n yst\u00e4vyyssuhteessa Jeesukseen ja heijastamaan h\u00e4nt\u00e4 p\u00e4ivitt\u00e4in omassa el\u00e4m\u00e4ss\u00e4\u00e4n.\t\t\t<\/p>\n\t\t\t\t\t<\/blockquote>\n\t\t\t\t\t\t<\/div>\n\t\t\t\t<\/div>\n\t\t\t\t<div class=\"elementor-element elementor-element-c367197 elementor-widget elementor-widget-heading\" data-id=\"c367197\" data-element_type=\"widget\" data-e-type=\"widget\" data-widget_type=\"heading.default\">\n\t\t\t\t<div class=\"elementor-widget-container\">\n\t\t\t\t\t<h2 class=\"elementor-heading-title elementor-size-default\">Taustaa TeenStreetist\u00e4:<\/h2>\t\t\t\t<\/div>\n\t\t\t\t<\/div>\n\t\t\t\t\t<\/div>\n\t\t<\/div>\n\t\t\t\t<div class=\"elementor-column elementor-col-16 elementor-top-column elementor-element elementor-element-e3a5560\" data-id=\"e3a5560\" data-element_type=\"column\" data-e-type=\"column\">\n\t\t\t<div class=\"elementor-widget-wrap\">\n\t\t\t\t\t\t\t<\/div>\n\t\t<\/div>\n\t\t\t\t\t<\/div>\n\t\t<\/section>\n\t\t\t\t<section class=\"elementor-section elementor-inner-section elementor-element elementor-element-6d47c340 elementor-section-boxed elementor-section-height-default elementor-section-height-default wpr-particle-no wpr-jarallax-no wpr-parallax-no wpr-sticky-section-no\" data-id=\"6d47c340\" data-element_type=\"section\" data-e-type=\"section\">\n\t\t\t\t\t\t<div class=\"elementor-container elementor-column-gap-extended\">\n\t\t\t\t\t<div class=\"elementor-column elementor-col-33 elementor-inner-column elementor-element elementor-element-64429f9c\" data-id=\"64429f9c\" data-element_type=\"column\" data-e-type=\"column\">\n\t\t\t<div class=\"elementor-widget-wrap elementor-element-populated\">\n\t\t\t\t\t\t<div class=\"elementor-element elementor-element-59b56d48 elementor-widget elementor-widget-ts-card\" data-id=\"59b56d48\" data-element_type=\"widget\" data-e-type=\"widget\" data-widget_type=\"ts-card.default\">\n\t\t\t\t<div class=\"elementor-widget-container\">\n\t\t\t\t\t            <div class=\"ts-card ts-image-background\" style=\"background-image: url(https:\/\/teenstreet.life\/fi\/wp-content\/uploads\/sites\/7\/2020\/05\/teenstreet-1993-participants.jpg);\">\r\n\r\n                \t\t\t\t\t<h3 class=\"ts-card-title\">\r\n\t\t\t\t\t\t<a href=\"https:\/\/teenstreet.life\/fi\/tasta\/history\/\">\r\n\t\t\t\t\t\t\tHistoria\t\t\t\t\t\t<\/a>\r\n                    <\/h3>\r\n                \r\n                                    <p class=\"ts-card-description\">\r\n                        Ensimm\u00e4inen TeenStreet-tapahtuma j\u00e4rjestettiin Offenburgissa, Saksassa, kes\u00e4ll\u00e4 1993, ja siihen osallistui 56 nuorta. Nyky\u00e4\u00e4n 4 000 nuorta 20 eri maasta kokoontuu joka vuosi oppiakseen tuntemaan Jeesusta paremmin  ja ylist\u00e4m\u00e4\u00e4n Jumalan suuruutta!                    <\/p>\r\n                \t\t\t\t\r\n\r\n                                    <a class=\"ts-card-button elementor-button-link\" href=\"https:\/\/teenstreet.life\/fi\/tasta\/history\/\">\r\n                        Lue lis\u00e4\u00e4                    <\/a>\r\n                \r\n                 \r\n                    <a class=\"ts-card-full-link\" href=\"https:\/\/teenstreet.life\/fi\/tasta\/history\/\"><\/a>\r\n                \r\n            <\/div>\r\n\r\n        \t\t\t\t<\/div>\n\t\t\t\t<\/div>\n\t\t\t\t\t<\/div>\n\t\t<\/div>\n\t\t\t\t<div class=\"elementor-column elementor-col-33 elementor-inner-column elementor-element elementor-element-364681c9\" data-id=\"364681c9\" data-element_type=\"column\" data-e-type=\"column\">\n\t\t\t<div class=\"elementor-widget-wrap elementor-element-populated\">\n\t\t\t\t\t\t<div class=\"elementor-element elementor-element-7a182468 elementor-widget elementor-widget-ts-card\" data-id=\"7a182468\" data-element_type=\"widget\" data-e-type=\"widget\" data-widget_type=\"ts-card.default\">\n\t\t\t\t<div class=\"elementor-widget-container\">\n\t\t\t\t\t            <div class=\"ts-card ts-image-background\" style=\"background-image: url(https:\/\/teenstreet.life\/fi\/wp-content\/uploads\/sites\/7\/2020\/05\/core-values-480x480.jpg);\">\r\n\r\n                \t\t\t\t\t<h3 class=\"ts-card-title\">\r\n\t\t\t\t\t\t<a href=\"https:\/\/teenstreet.life\/fi\/teenstreet\/ydinarvot\/?swcfpc=1\">\r\n\t\t\t\t\t\t\tArvot\t\t\t\t\t\t<\/a>\r\n                    <\/h3>\r\n                \r\n                                    <p class=\"ts-card-description\">\r\n                        TeenStreet on olemassa, koska me uskomme, ett\u00e4 nuoriin, heid\u00e4n unelmiinsa ja kipuiluihinsa on suhtauduttava vakavasti. He ovat huomisen johtajia, ja heihin on panostettava.                     <\/p>\r\n                \t\t\t\t\r\n\r\n                                    <a class=\"ts-card-button elementor-button-link\" href=\"https:\/\/teenstreet.life\/fi\/teenstreet\/ydinarvot\/?swcfpc=1\">\r\n                        Lue lis\u00e4\u00e4                    <\/a>\r\n                \r\n                 \r\n                    <a class=\"ts-card-full-link\" href=\"https:\/\/teenstreet.life\/fi\/teenstreet\/ydinarvot\/?swcfpc=1\"><\/a>\r\n                \r\n            <\/div>\r\n\r\n        \t\t\t\t<\/div>\n\t\t\t\t<\/div>\n\t\t\t\t\t<\/div>\n\t\t<\/div>\n\t\t\t\t<div class=\"elementor-column elementor-col-33 elementor-inner-column elementor-element elementor-element-10a5bb30\" data-id=\"10a5bb30\" data-element_type=\"column\" data-e-type=\"column\">\n\t\t\t<div class=\"elementor-widget-wrap elementor-element-populated\">\n\t\t\t\t\t\t<div class=\"elementor-element elementor-element-2524ee34 elementor-widget elementor-widget-ts-card\" data-id=\"2524ee34\" data-element_type=\"widget\" data-e-type=\"widget\" data-widget_type=\"ts-card.default\">\n\t\t\t\t<div class=\"elementor-widget-container\">\n\t\t\t\t\t            <div class=\"ts-card ts-image-background\" style=\"background-image: url(https:\/\/teenstreet.life\/fi\/wp-content\/uploads\/sites\/7\/2020\/05\/ts-about-om-480x480.png);\">\r\n\r\n                \t\t\t\t\t<h3 class=\"ts-card-title\">\r\n\t\t\t\t\t\t<a href=\"https:\/\/teenstreet.life\/fi\/tasta\/about-om\/\">\r\n\t\t\t\t\t\t\tOperaatio Mobilisaatio\t\t\t\t\t\t<\/a>\r\n                    <\/h3>\r\n                \r\n                                    <p class=\"ts-card-description\">\r\n                        TeenStreet on Operaatio Mobilisaation (OM) ty\u00f6muoto. OM on yhteiskristillinen l\u00e4hetysj\u00e4rjest\u00f6, joka varustaa ja innostaa ihmisi\u00e4 kertomaan Jeesuksesta ja H\u00e4nen rakkaudestaan ymp\u00e4ri maailmaa.                    <\/p>\r\n                \t\t\t\t\r\n\r\n                                    <a class=\"ts-card-button elementor-button-link\" href=\"https:\/\/teenstreet.life\/fi\/tasta\/about-om\/\">\r\n                        Lue lis\u00e4\u00e4                    <\/a>\r\n                \r\n                 \r\n                    <a class=\"ts-card-full-link\" href=\"https:\/\/teenstreet.life\/fi\/tasta\/about-om\/\"><\/a>\r\n                \r\n            <\/div>\r\n\r\n        \t\t\t\t<\/div>\n\t\t\t\t<\/div>\n\t\t\t\t\t<\/div>\n\t\t<\/div>\n\t\t\t\t\t<\/div>\n\t\t<\/section>\n\t\t\t\t<\/div>\n\t\t","protected":false},"excerpt":{"rendered":"<p>TeenStreet on kansainv\u00e4linen, kristillinen nuortentapahtuma. Haluamme yhdess\u00e4 seurakuntien kanssa kulkea kristittyjen nuorten rinnalla ja tukea heit\u00e4 el\u00e4m\u00e4\u00e4n yhteydess\u00e4 Jeesukseen sek\u00e4 heijastamaan Kristusta p\u00e4ivitt\u00e4in omassa el\u00e4m\u00e4ss\u00e4\u00e4n. Ensimm\u00e4inen TeenStreet-tapahtuma j\u00e4rjestettiin vuonna 1993, ja silloin mukana oli \u00a0reilut 50 nuorta. Sen j\u00e4lkeen tapahtuma on kasvanut vauhdilla. T\u00e4n\u00e4 p\u00e4iv\u00e4n\u00e4 j\u00e4rjestet\u00e4\u00e4n\u00a0vuosittain seitsem\u00e4n viikon mittaista tapahtumaa kuudessa eri maassa sek\u00e4 lukuisia viikonlopputapahtumia yli 15 maassa nelj\u00e4ll\u00e4 eri mantereella. Tapahtumissa on mukana joka vuosi 10 000 osallistujaa ja vapaaehtoista. L\u00e4hivuosina odotamme n\u00e4kev\u00e4mme ainakin 30 uutta tapahtumaa eri puolilla maailmaa, mm. L\u00e4hi-Id\u00e4ss\u00e4, Afrikassa ja Aasiassa. Haluamme tehd\u00e4 yhteisty\u00f6t\u00e4 seurakuntien ja nuorisoj\u00e4rjest\u00f6jen kanssa ja tukea heid\u00e4n ty\u00f6t\u00e4\u00e4n nuorten parissa. Painotamme ennen kaikkea yhteisty\u00f6t\u00e4 seurakuntien kanssa, sill\u00e4 on t\u00e4rke\u00e4\u00e4, ett\u00e4 nuorilla on kristillinen yhteis\u00f6, jonka osana he voivat olla my\u00f6s TeenStreetin j\u00e4lkeen. TeenStreetill\u00e4 haluamme rohkaista nuoria heid\u00e4n vaelluksessaan Jeesuksen kanssa ja auttaa heit\u00e4 tekem\u00e4\u00e4n viisaita p\u00e4\u00e4t\u00f6ksi\u00e4. Siksi jokainen osallistuja on osa pienryhm\u00e4\u00e4. Pienryhmien j\u00e4senill\u00e4 on sama \u00e4idinkieli ja he ovat suurin piirtein saman ik\u00e4isi\u00e4. Pienryhmien ohjaajat tukevat nuoria ja kertovat heille henkil\u00f6kohtaisesta uskostaan. P\u00e4\u00e4tapahtumissa nuoret saavat opetusta siit\u00e4, mit\u00e4 tarkoittaa el\u00e4\u00e4 suhteessa Jumalaan. Pienryhmiss\u00e4 k\u00e4yd\u00e4\u00e4n l\u00e4pi opetuksessa kuultua \u00a0ja pohditaan, miten opittua voi soveltaa omaan arkeen. TeenStreet-leirill\u00e4 on my\u00f6s paljon muuta mielenkiintoista tekemist\u00e4: urheilua, taidetta, seminaareja ja ty\u00f6pajoja. Vapaa-ajalla voi tutustua muiden maiden nuoriin, jotka tulevat eri kulttuureista ja seurakunnista. N\u00e4ky Haluamme yhdess\u00e4 seurakuntien kanssa kulkea kristittyjen nuorten rinnalla tukien heit\u00e4 el\u00e4m\u00e4\u00e4n yst\u00e4vyyssuhteessa Jeesukseen ja heijastamaan h\u00e4nt\u00e4 p\u00e4ivitt\u00e4in omassa el\u00e4m\u00e4ss\u00e4\u00e4n. Taustaa TeenStreetist\u00e4:<\/p>\n","protected":false},"author":1,"featured_media":334,"parent":1456,"menu_order":0,"comment_status":"closed","ping_status":"closed","template":"","meta":{"footnotes":""},"class_list":["post-56","page","type-page","status-publish","has-post-thumbnail","hentry"],"_links":{"self":[{"href":"https:\/\/teenstreet.life\/fi\/wp-json\/wp\/v2\/pages\/56","targetHints":{"allow":["GET"]}}],"collection":[{"href":"https:\/\/teenstreet.life\/fi\/wp-json\/wp\/v2\/pages"}],"about":[{"href":"https:\/\/teenstreet.life\/fi\/wp-json\/wp\/v2\/types\/page"}],"author":[{"embeddable":true,"href":"https:\/\/teenstreet.life\/fi\/wp-json\/wp\/v2\/users\/1"}],"replies":[{"embeddable":true,"href":"https:\/\/teenstreet.life\/fi\/wp-json\/wp\/v2\/comments?post=56"}],"version-history":[{"count":0,"href":"https:\/\/teenstreet.life\/fi\/wp-json\/wp\/v2\/pages\/56\/revisions"}],"up":[{"embeddable":true,"href":"https:\/\/teenstreet.life\/fi\/wp-json\/wp\/v2\/pages\/1456"}],"wp:featuredmedia":[{"embeddable":true,"href":"https:\/\/teenstreet.life\/fi\/wp-json\/wp\/v2\/media\/334"}],"wp:attachment":[{"href":"https:\/\/teenstreet.life\/fi\/wp-json\/wp\/v2\/media?parent=56"}],"curies":[{"name":"wp","href":"https:\/\/api.w.org\/{rel}","templated":true}]}}