{"id":3563,"date":"2021-07-22T15:50:04","date_gmt":"2021-07-22T12:50:04","guid":{"rendered":"https:\/\/teenstreet.life\/fi\/?page_id=3563"},"modified":"2021-07-22T16:20:45","modified_gmt":"2021-07-22T13:20:45","slug":"tule-mukaan","status":"publish","type":"page","link":"https:\/\/teenstreet.life\/fi\/teenstreet-2021\/tule-mukaan\/","title":{"rendered":"Tule mukaan!"},"content":{"rendered":"\t\t<div data-elementor-type=\"wp-page\" data-elementor-id=\"3563\" class=\"elementor elementor-3563\" data-elementor-post-type=\"page\">\n\t\t\t\t\t\t<section class=\"elementor-section elementor-top-section elementor-element elementor-element-fe6ae5d elementor-section-content-middle elementor-section-boxed elementor-section-height-default elementor-section-height-default\" data-id=\"fe6ae5d\" data-element_type=\"section\" data-e-type=\"section\">\n\t\t\t\t\t\t<div class=\"elementor-container elementor-column-gap-wider\">\n\t\t\t\t\t<div class=\"elementor-column elementor-col-50 elementor-top-column elementor-element elementor-element-c15dec7\" data-id=\"c15dec7\" data-element_type=\"column\" data-e-type=\"column\">\n\t\t\t<div class=\"elementor-widget-wrap elementor-element-populated\">\n\t\t\t\t\t\t<div class=\"elementor-element elementor-element-3b6c134 elementor-widget elementor-widget-heading\" data-id=\"3b6c134\" data-element_type=\"widget\" data-e-type=\"widget\" data-widget_type=\"heading.default\">\n\t\t\t\t<div class=\"elementor-widget-container\">\n\t\t\t\t\t<h2 class=\"elementor-heading-title elementor-size-default\">Nuoret<\/h2>\t\t\t\t<\/div>\n\t\t\t\t<\/div>\n\t\t\t\t<div class=\"elementor-element elementor-element-98e43df elementor-widget elementor-widget-text-editor\" data-id=\"98e43df\" data-element_type=\"widget\" data-e-type=\"widget\" data-widget_type=\"text-editor.default\">\n\t\t\t\t<div class=\"elementor-widget-container\">\n\t\t\t\t\t\t\t\t\t<p>TeenStreetill\u00e4 tutustut moniin muihin nuoriin, jotka ovat vastaavassa el\u00e4m\u00e4ntilanteessa kuin sin\u00e4. Voit esitt\u00e4\u00e4 sinua askarruttavia kysymyksi\u00e4, viett\u00e4\u00e4 aikaa Jumalan l\u00e4sn\u00e4olossa, ylist\u00e4\u00e4 Herraa muiden eri puolilta Eurooppaa tulevien nuorten kanssa, saada raamatunopetusta ja paljon muuta. TeenStreet on paikka, jossa sinulla on mahdollisuus vahvistaa suhdettasi Jumalaan ja l\u00f6yt\u00e4\u00e4 H\u00e4nen valmistamansa suunta el\u00e4m\u00e4\u00e4si!<\/p>\t\t\t\t\t\t\t\t<\/div>\n\t\t\t\t<\/div>\n\t\t\t\t<div class=\"elementor-element elementor-element-a9a637d elementor-widget elementor-widget-image\" data-id=\"a9a637d\" data-element_type=\"widget\" data-e-type=\"widget\" data-widget_type=\"image.default\">\n\t\t\t\t<div class=\"elementor-widget-container\">\n\t\t\t\t\t\t\t\t\t\t\t\t\t\t\t<img decoding=\"async\" width=\"127\" height=\"127\" src=\"https:\/\/teenstreet.life\/fi\/wp-content\/uploads\/sites\/7\/2020\/07\/smile.svg\" class=\"attachment-large size-large wp-image-1618\" alt=\"\" \/>\t\t\t\t\t\t\t\t\t\t\t\t\t\t\t<\/div>\n\t\t\t\t<\/div>\n\t\t\t\t\t<\/div>\n\t\t<\/div>\n\t\t\t\t<div class=\"elementor-column elementor-col-50 elementor-top-column elementor-element elementor-element-d8467e7\" data-id=\"d8467e7\" data-element_type=\"column\" data-e-type=\"column\">\n\t\t\t<div class=\"elementor-widget-wrap elementor-element-populated\">\n\t\t\t\t\t\t<div class=\"elementor-element elementor-element-2a8858d elementor-widget elementor-widget-ts-card\" data-id=\"2a8858d\" data-element_type=\"widget\" data-e-type=\"widget\" data-widget_type=\"ts-card.default\">\n\t\t\t\t<div class=\"elementor-widget-container\">\n\t\t\t\t\t            <div class=\"ts-card ts-image-background\" style=\"background-image: url(https:\/\/teenstreet.life\/fi\/wp-content\/uploads\/sites\/7\/2021\/06\/ts-awesome-image-scaled-1-720x720.jpg);\">\r\n\r\n                \t\t\t\t\t<h3 class=\"ts-card-title\">\r\n\t\t\t\t\t\t<a href=\"#\">\r\n\t\t\t\t\t\t\t \t\t\t\t\t\t<\/a>\r\n                    <\/h3>\r\n                \r\n                \t\t\t\t\r\n\r\n                \r\n                 \r\n                    <a class=\"ts-card-full-link\" href=\"#\"><\/a>\r\n                \r\n            <\/div>\r\n\r\n        \t\t\t\t<\/div>\n\t\t\t\t<\/div>\n\t\t\t\t\t<\/div>\n\t\t<\/div>\n\t\t\t\t\t<\/div>\n\t\t<\/section>\n\t\t\t\t<section class=\"elementor-section elementor-top-section elementor-element elementor-element-8785f18 elementor-section-content-middle elementor-section-boxed elementor-section-height-default elementor-section-height-default\" data-id=\"8785f18\" data-element_type=\"section\" data-e-type=\"section\" data-settings=\"{&quot;background_background&quot;:&quot;classic&quot;}\">\n\t\t\t\t\t\t<div class=\"elementor-container elementor-column-gap-wider\">\n\t\t\t\t\t<div class=\"elementor-column elementor-col-50 elementor-top-column elementor-element elementor-element-47cf75f\" data-id=\"47cf75f\" data-element_type=\"column\" data-e-type=\"column\">\n\t\t\t<div class=\"elementor-widget-wrap elementor-element-populated\">\n\t\t\t\t\t\t<div class=\"elementor-element elementor-element-5b6b062 elementor-widget elementor-widget-ts-card\" data-id=\"5b6b062\" data-element_type=\"widget\" data-e-type=\"widget\" data-widget_type=\"ts-card.default\">\n\t\t\t\t<div class=\"elementor-widget-container\">\n\t\t\t\t\t            <div class=\"ts-card ts-image-background\" style=\"background-image: url(https:\/\/teenstreet.life\/fi\/wp-content\/uploads\/sites\/7\/2021\/06\/48421154806_bab4b3f931_o-scaled-1-720x720.jpg);\">\r\n\r\n                \t\t\t\t\t<h3 class=\"ts-card-title\">\r\n\t\t\t\t\t\t<a href=\"#\">\r\n\t\t\t\t\t\t\t \t\t\t\t\t\t<\/a>\r\n                    <\/h3>\r\n                \r\n                \t\t\t\t\r\n\r\n                \r\n                 \r\n                    <a class=\"ts-card-full-link\" href=\"#\"><\/a>\r\n                \r\n            <\/div>\r\n\r\n        \t\t\t\t<\/div>\n\t\t\t\t<\/div>\n\t\t\t\t\t<\/div>\n\t\t<\/div>\n\t\t\t\t<div class=\"elementor-column elementor-col-50 elementor-top-column elementor-element elementor-element-c496539\" data-id=\"c496539\" data-element_type=\"column\" data-e-type=\"column\">\n\t\t\t<div class=\"elementor-widget-wrap elementor-element-populated\">\n\t\t\t\t\t\t<div class=\"elementor-element elementor-element-0415383 elementor-widget elementor-widget-heading\" data-id=\"0415383\" data-element_type=\"widget\" data-e-type=\"widget\" data-widget_type=\"heading.default\">\n\t\t\t\t<div class=\"elementor-widget-container\">\n\t\t\t\t\t<h2 class=\"elementor-heading-title elementor-size-default\">Ohjaajat<\/h2>\t\t\t\t<\/div>\n\t\t\t\t<\/div>\n\t\t\t\t<div class=\"elementor-element elementor-element-8ac6fee elementor-widget elementor-widget-text-editor\" data-id=\"8ac6fee\" data-element_type=\"widget\" data-e-type=\"widget\" data-widget_type=\"text-editor.default\">\n\t\t\t\t<div class=\"elementor-widget-container\">\n\t\t\t\t\t\t\t\t\t<p>Pienryhm\u00e4ohjaajana olet nuorille rinnallakulkija, joka jakaa heid\u00e4n ilojaan ja surujaan, rukoilee heid\u00e4n kanssaan ja tukee heit\u00e4 l\u00f6yt\u00e4m\u00e4\u00e4n yh\u00e4 syvemp\u00e4\u00e4 yhteytt\u00e4 Jeesukseen. Sinulla on my\u00f6s mahdollisuus todistaa siit\u00e4, mit\u00e4 Jeesus on tehnyt sinun el\u00e4m\u00e4ss\u00e4si. Todistuksesi voivat olla nuorille el\u00e4m\u00e4\u00e4 muuttavia. Nuoret tarvitsevat roolimalleja ja mentoreita, jotka motivoivat, innostavat ja haastavat heit\u00e4.\u00a0<\/p><p>TeenStreetill\u00e4 vastaat omasta pienryhm\u00e4st\u00e4si. Ryhm\u00e4\u00e4n kuuluu enint\u00e4\u00e4n kuusi samaa sukupuolta olevaa nuorta. Ohjaajat johtavat pienryhmien kokoontumisia ja ovat muuten &#8221;k\u00e4ytett\u00e4viss\u00e4&#8221; nuoria varten. Ilmoittaudu mukaan, jos kiinnostuit ja olet v\u00e4hint\u00e4\u00e4n 20-vuotias.<\/p>\t\t\t\t\t\t\t\t<\/div>\n\t\t\t\t<\/div>\n\t\t\t\t\t<\/div>\n\t\t<\/div>\n\t\t\t\t\t<\/div>\n\t\t<\/section>\n\t\t\t\t<section class=\"elementor-section elementor-top-section elementor-element elementor-element-cc99f42 elementor-section-content-middle elementor-section-boxed elementor-section-height-default elementor-section-height-default\" data-id=\"cc99f42\" data-element_type=\"section\" data-e-type=\"section\">\n\t\t\t\t\t\t<div class=\"elementor-container elementor-column-gap-wider\">\n\t\t\t\t\t<div class=\"elementor-column elementor-col-50 elementor-top-column elementor-element elementor-element-5b4196c\" data-id=\"5b4196c\" data-element_type=\"column\" data-e-type=\"column\">\n\t\t\t<div class=\"elementor-widget-wrap elementor-element-populated\">\n\t\t\t\t\t\t<div class=\"elementor-element elementor-element-ab4ba08 elementor-widget elementor-widget-heading\" data-id=\"ab4ba08\" data-element_type=\"widget\" data-e-type=\"widget\" data-widget_type=\"heading.default\">\n\t\t\t\t<div class=\"elementor-widget-container\">\n\t\t\t\t\t<h2 class=\"elementor-heading-title elementor-size-default\">Palvelutiimi<\/h2>\t\t\t\t<\/div>\n\t\t\t\t<\/div>\n\t\t\t\t<div class=\"elementor-element elementor-element-bcc6885 elementor-widget elementor-widget-text-editor\" data-id=\"bcc6885\" data-element_type=\"widget\" data-e-type=\"widget\" data-widget_type=\"text-editor.default\">\n\t\t\t\t<div class=\"elementor-widget-container\">\n\t\t\t\t\t\t\t\t\t<p>T\u00e4n\u00e4 vuonna etsimme taas vapaaehtoisia palvelemaan monissa eri k\u00e4yt\u00e4nn\u00f6n teht\u00e4viss\u00e4 TeenStreetin aikaan. Ota yhteytt\u00e4 TS-koordinaattoriin: <a href=\"mailto:teenstreet.fi@om.org\">teenstreet.fi@om.org<\/a>.<\/p>\t\t\t\t\t\t\t\t<\/div>\n\t\t\t\t<\/div>\n\t\t\t\t<div class=\"elementor-element elementor-element-b59458d elementor-widget elementor-widget-image\" data-id=\"b59458d\" data-element_type=\"widget\" data-e-type=\"widget\" data-widget_type=\"image.default\">\n\t\t\t\t<div class=\"elementor-widget-container\">\n\t\t\t\t\t\t\t\t\t\t\t\t\t\t\t<img decoding=\"async\" width=\"127\" height=\"127\" src=\"https:\/\/teenstreet.life\/fi\/wp-content\/uploads\/sites\/7\/2020\/07\/support.svg\" class=\"attachment-large size-large wp-image-2740\" alt=\"\" \/>\t\t\t\t\t\t\t\t\t\t\t\t\t\t\t<\/div>\n\t\t\t\t<\/div>\n\t\t\t\t\t<\/div>\n\t\t<\/div>\n\t\t\t\t<div class=\"elementor-column elementor-col-50 elementor-top-column elementor-element elementor-element-4fcae22\" data-id=\"4fcae22\" data-element_type=\"column\" data-e-type=\"column\">\n\t\t\t<div class=\"elementor-widget-wrap elementor-element-populated\">\n\t\t\t\t\t\t<div class=\"elementor-element elementor-element-af96dac elementor-widget elementor-widget-ts-card\" data-id=\"af96dac\" data-element_type=\"widget\" data-e-type=\"widget\" data-widget_type=\"ts-card.default\">\n\t\t\t\t<div class=\"elementor-widget-container\">\n\t\t\t\t\t            <div class=\"ts-card ts-image-background\" style=\"background-image: url(https:\/\/teenstreet.life\/fi\/wp-content\/uploads\/sites\/7\/2021\/06\/48584667401_847b2f04a0_c-720x533.jpg);\">\r\n\r\n                \t\t\t\t\t<h3 class=\"ts-card-title\">\r\n\t\t\t\t\t\t<a href=\"#\">\r\n\t\t\t\t\t\t\t \t\t\t\t\t\t<\/a>\r\n                    <\/h3>\r\n                \r\n                \t\t\t\t\r\n\r\n                \r\n                 \r\n                    <a class=\"ts-card-full-link\" href=\"#\"><\/a>\r\n                \r\n            <\/div>\r\n\r\n        \t\t\t\t<\/div>\n\t\t\t\t<\/div>\n\t\t\t\t\t<\/div>\n\t\t<\/div>\n\t\t\t\t\t<\/div>\n\t\t<\/section>\n\t\t\t\t<\/div>\n\t\t","protected":false},"excerpt":{"rendered":"<p>Nuoret TeenStreetill\u00e4 tutustut moniin muihin nuoriin, jotka ovat vastaavassa el\u00e4m\u00e4ntilanteessa kuin sin\u00e4. Voit esitt\u00e4\u00e4 sinua askarruttavia kysymyksi\u00e4, viett\u00e4\u00e4 aikaa Jumalan l\u00e4sn\u00e4olossa, ylist\u00e4\u00e4 Herraa muiden eri puolilta Eurooppaa tulevien nuorten kanssa, saada raamatunopetusta ja paljon muuta. TeenStreet on paikka, jossa sinulla on mahdollisuus vahvistaa suhdettasi Jumalaan ja l\u00f6yt\u00e4\u00e4 H\u00e4nen valmistamansa suunta el\u00e4m\u00e4\u00e4si! Ohjaajat Pienryhm\u00e4ohjaajana olet nuorille [&hellip;]<\/p>\n","protected":false},"author":1,"featured_media":2968,"parent":2989,"menu_order":0,"comment_status":"closed","ping_status":"closed","template":"","meta":{"footnotes":""},"class_list":["post-3563","page","type-page","status-publish","has-post-thumbnail","hentry"],"_links":{"self":[{"href":"https:\/\/teenstreet.life\/fi\/wp-json\/wp\/v2\/pages\/3563","targetHints":{"allow":["GET"]}}],"collection":[{"href":"https:\/\/teenstreet.life\/fi\/wp-json\/wp\/v2\/pages"}],"about":[{"href":"https:\/\/teenstreet.life\/fi\/wp-json\/wp\/v2\/types\/page"}],"author":[{"embeddable":true,"href":"https:\/\/teenstreet.life\/fi\/wp-json\/wp\/v2\/users\/1"}],"replies":[{"embeddable":true,"href":"https:\/\/teenstreet.life\/fi\/wp-json\/wp\/v2\/comments?post=3563"}],"version-history":[{"count":0,"href":"https:\/\/teenstreet.life\/fi\/wp-json\/wp\/v2\/pages\/3563\/revisions"}],"up":[{"embeddable":true,"href":"https:\/\/teenstreet.life\/fi\/wp-json\/wp\/v2\/pages\/2989"}],"wp:featuredmedia":[{"embeddable":true,"href":"https:\/\/teenstreet.life\/fi\/wp-json\/wp\/v2\/media\/2968"}],"wp:attachment":[{"href":"https:\/\/teenstreet.life\/fi\/wp-json\/wp\/v2\/media?parent=3563"}],"curies":[{"name":"wp","href":"https:\/\/api.w.org\/{rel}","templated":true}]}}