{"id":109,"date":"2020-05-25T10:12:38","date_gmt":"2020-05-25T07:12:38","guid":{"rendered":"https:\/\/teenstreet.life\/fi\/?page_id=109"},"modified":"2021-07-21T11:34:59","modified_gmt":"2021-07-21T08:34:59","slug":"yhteystiedot","status":"publish","type":"page","link":"https:\/\/teenstreet.life\/fi\/yhteystiedot\/","title":{"rendered":"Yhteystiedot"},"content":{"rendered":"\t\t<div data-elementor-type=\"wp-page\" data-elementor-id=\"109\" class=\"elementor elementor-109\" data-elementor-post-type=\"page\">\n\t\t\t\t\t\t<section class=\"elementor-section elementor-top-section elementor-element elementor-element-630f5b47 elementor-section-boxed elementor-section-height-default elementor-section-height-default wpr-particle-no wpr-jarallax-no wpr-parallax-no wpr-sticky-section-no wpr-equal-height-no\" data-id=\"630f5b47\" data-element_type=\"section\" data-e-type=\"section\">\n\t\t\t\t\t\t<div class=\"elementor-container elementor-column-gap-default\">\n\t\t\t\t\t<div class=\"elementor-column elementor-col-100 elementor-top-column elementor-element elementor-element-709550f\" data-id=\"709550f\" data-element_type=\"column\" data-e-type=\"column\">\n\t\t\t<div class=\"elementor-widget-wrap elementor-element-populated\">\n\t\t\t\t\t\t<div class=\"elementor-element elementor-element-78444e6a elementor-widget elementor-widget-heading\" data-id=\"78444e6a\" data-element_type=\"widget\" data-e-type=\"widget\" data-widget_type=\"heading.default\">\n\t\t\t\t<div class=\"elementor-widget-container\">\n\t\t\t\t\t<h2 class=\"elementor-heading-title elementor-size-default\">Yhteystiedot<\/h2>\t\t\t\t<\/div>\n\t\t\t\t<\/div>\n\t\t\t\t<section class=\"elementor-section elementor-inner-section elementor-element elementor-element-1e3fbd0b elementor-section-full_width elementor-section-height-default elementor-section-height-default wpr-particle-no wpr-jarallax-no wpr-parallax-no wpr-sticky-section-no wpr-equal-height-no\" data-id=\"1e3fbd0b\" data-element_type=\"section\" data-e-type=\"section\">\n\t\t\t\t\t\t<div class=\"elementor-container elementor-column-gap-wider\">\n\t\t\t\t\t<div class=\"elementor-column elementor-col-33 elementor-inner-column elementor-element elementor-element-3f1d0aff\" data-id=\"3f1d0aff\" data-element_type=\"column\" data-e-type=\"column\">\n\t\t\t<div class=\"elementor-widget-wrap elementor-element-populated\">\n\t\t\t\t\t\t<div class=\"elementor-element elementor-element-62c0fbbe elementor-widget elementor-widget-text-editor\" data-id=\"62c0fbbe\" data-element_type=\"widget\" data-e-type=\"widget\" data-widget_type=\"text-editor.default\">\n\t\t\t\t<div class=\"elementor-widget-container\">\n\t\t\t\t\t\t\t\t\t<h3>Suomi<\/h3><p style=\"color: #555555;font-size: 18px;font-weight: 300\"><a href=\"mailto:teenstreet.fi@om.org\">teenstreet.fi@om.org<\/a><\/p><p style=\"color: #555555;font-size: 18px;font-weight: 300\">TS-koordinaattori: 044 050 0115<br \/>toimiston puh. 03 213 1300<\/p><p style=\"color: #555555;font-size: 18px;font-weight: 300\">Operaatio Mobilisaatio<br \/>Yliopistonkatu 58 B, 5. krs<br \/>33100 Tampere<\/p>\t\t\t\t\t\t\t\t<\/div>\n\t\t\t\t<\/div>\n\t\t\t\t\t<\/div>\n\t\t<\/div>\n\t\t\t\t<div class=\"elementor-column elementor-col-33 elementor-inner-column elementor-element elementor-element-dcc6bc8\" data-id=\"dcc6bc8\" data-element_type=\"column\" data-e-type=\"column\">\n\t\t\t<div class=\"elementor-widget-wrap elementor-element-populated\">\n\t\t\t\t\t\t<div class=\"elementor-element elementor-element-63b720bc elementor-widget elementor-widget-text-editor\" data-id=\"63b720bc\" data-element_type=\"widget\" data-e-type=\"widget\" data-widget_type=\"text-editor.default\">\n\t\t\t\t<div class=\"elementor-widget-container\">\n\t\t\t\t\t\t\t\t\t<h3>Tanska<\/h3><div>Elisabeth Andersen &amp; Samuel B\u00e6k Bramming<\/div><p><a href=\"mailto:Randi.Muren@om.org\">teenstreet.dk@om.org<\/a><\/p><p>Address OM office:<br \/>Drejervej 17, 3. 2400 K\u00f8benhavn NV<br \/>+45 3170 7930<\/p>\t\t\t\t\t\t\t\t<\/div>\n\t\t\t\t<\/div>\n\t\t\t\t\t<\/div>\n\t\t<\/div>\n\t\t\t\t<div class=\"elementor-column elementor-col-33 elementor-inner-column elementor-element elementor-element-4783315\" data-id=\"4783315\" data-element_type=\"column\" data-e-type=\"column\">\n\t\t\t<div class=\"elementor-widget-wrap elementor-element-populated\">\n\t\t\t\t\t\t<div class=\"elementor-element elementor-element-68d42e93 elementor-widget elementor-widget-text-editor\" data-id=\"68d42e93\" data-element_type=\"widget\" data-e-type=\"widget\" data-widget_type=\"text-editor.default\">\n\t\t\t\t<div class=\"elementor-widget-container\">\n\t\t\t\t\t\t\t\t\t<h3>Saksa<\/h3><p><a href=\"mailto:buero@teenstreet.de\">buero@teenstreet.de<\/a><\/p><p>TeenStreet B\u00fcro<br \/>OM Deutschland<br \/>Alte Neckarelzer Str. 2<br \/>74821 Mosbach<br \/>06261\/947-0<\/p>\t\t\t\t\t\t\t\t<\/div>\n\t\t\t\t<\/div>\n\t\t\t\t\t<\/div>\n\t\t<\/div>\n\t\t\t\t\t<\/div>\n\t\t<\/section>\n\t\t\t\t<section class=\"elementor-section elementor-inner-section elementor-element elementor-element-21f90254 elementor-section-full_width elementor-section-height-default elementor-section-height-default wpr-particle-no wpr-jarallax-no wpr-parallax-no wpr-sticky-section-no wpr-equal-height-no\" data-id=\"21f90254\" data-element_type=\"section\" data-e-type=\"section\">\n\t\t\t\t\t\t<div class=\"elementor-container elementor-column-gap-wider\">\n\t\t\t\t\t<div class=\"elementor-column elementor-col-33 elementor-inner-column elementor-element elementor-element-558174\" data-id=\"558174\" data-element_type=\"column\" data-e-type=\"column\">\n\t\t\t<div class=\"elementor-widget-wrap elementor-element-populated\">\n\t\t\t\t\t\t<div class=\"elementor-element elementor-element-7d3d89c2 elementor-widget elementor-widget-text-editor\" data-id=\"7d3d89c2\" data-element_type=\"widget\" data-e-type=\"widget\" data-widget_type=\"text-editor.default\">\n\t\t\t\t<div class=\"elementor-widget-container\">\n\t\t\t\t\t\t\t\t\t<h3>Irlanti<\/h3><p><a href=\"mailto:teenstreet.ie@om.org\">teenstreet.ie@om.org<\/a><\/p><p>OM office:<br \/>Lacken House, Rahara<br \/>Co. Roscommon, Ireland<br \/>+353(90)6623964 ext. 162 -or- 150<\/p>\t\t\t\t\t\t\t\t<\/div>\n\t\t\t\t<\/div>\n\t\t\t\t\t<\/div>\n\t\t<\/div>\n\t\t\t\t<div class=\"elementor-column elementor-col-33 elementor-inner-column elementor-element elementor-element-72cd0a0d\" data-id=\"72cd0a0d\" data-element_type=\"column\" data-e-type=\"column\">\n\t\t\t<div class=\"elementor-widget-wrap elementor-element-populated\">\n\t\t\t\t\t\t<div class=\"elementor-element elementor-element-28676219 elementor-widget elementor-widget-text-editor\" data-id=\"28676219\" data-element_type=\"widget\" data-e-type=\"widget\" data-widget_type=\"text-editor.default\">\n\t\t\t\t<div class=\"elementor-widget-container\">\n\t\t\t\t\t\t\t\t\t<h3>Espanja<\/h3>\n<p>Paikallisen OM-toimiston yhteystiedot l\u00f6ytyv\u00e4t&nbsp;<a href=\"https:\/\/www.om.org\/es\/es_es\/content\/contacta-con-om\" target=\"_blank\">t\u00e4st\u00e4 linkist\u00e4<\/a>.&nbsp;<\/p>\t\t\t\t\t\t\t\t<\/div>\n\t\t\t\t<\/div>\n\t\t\t\t\t<\/div>\n\t\t<\/div>\n\t\t\t\t<div class=\"elementor-column elementor-col-33 elementor-inner-column elementor-element elementor-element-694d8e93\" data-id=\"694d8e93\" data-element_type=\"column\" data-e-type=\"column\">\n\t\t\t<div class=\"elementor-widget-wrap elementor-element-populated\">\n\t\t\t\t\t\t<div class=\"elementor-element elementor-element-2f593bce elementor-widget elementor-widget-text-editor\" data-id=\"2f593bce\" data-element_type=\"widget\" data-e-type=\"widget\" data-widget_type=\"text-editor.default\">\n\t\t\t\t<div class=\"elementor-widget-container\">\n\t\t\t\t\t\t\t\t\t<h3>Ranska<\/h3><p><a href=\"mailto:Teenstreet.fr@om.org\">Teenstreet.fr@om.org<\/a><\/p>\t\t\t\t\t\t\t\t<\/div>\n\t\t\t\t<\/div>\n\t\t\t\t\t<\/div>\n\t\t<\/div>\n\t\t\t\t\t<\/div>\n\t\t<\/section>\n\t\t\t\t<section class=\"elementor-section elementor-inner-section elementor-element elementor-element-6134b187 elementor-section-full_width elementor-section-height-default elementor-section-height-default wpr-particle-no wpr-jarallax-no wpr-parallax-no wpr-sticky-section-no wpr-equal-height-no\" data-id=\"6134b187\" data-element_type=\"section\" data-e-type=\"section\">\n\t\t\t\t\t\t<div class=\"elementor-container elementor-column-gap-wider\">\n\t\t\t\t\t<div class=\"elementor-column elementor-col-33 elementor-inner-column elementor-element elementor-element-46ad7f1a\" data-id=\"46ad7f1a\" data-element_type=\"column\" data-e-type=\"column\">\n\t\t\t<div class=\"elementor-widget-wrap elementor-element-populated\">\n\t\t\t\t\t\t<div class=\"elementor-element elementor-element-424699e2 elementor-widget elementor-widget-text-editor\" data-id=\"424699e2\" data-element_type=\"widget\" data-e-type=\"widget\" data-widget_type=\"text-editor.default\">\n\t\t\t\t<div class=\"elementor-widget-container\">\n\t\t\t\t\t\t\t\t\t<h3>F\u00e4rsaaret<\/h3><p><a href=\"mailto:info.fo@om.org\">info.fo@om.org<\/a><\/p><p>TeenStreet &#8211; OM F\u00f8royar<br \/>Oyrarnar 10<br \/>650 Toftir<br \/>F\u00f8royar<br \/>+298 219923<\/p>\t\t\t\t\t\t\t\t<\/div>\n\t\t\t\t<\/div>\n\t\t\t\t\t<\/div>\n\t\t<\/div>\n\t\t\t\t<div class=\"elementor-column elementor-col-33 elementor-inner-column elementor-element elementor-element-4c36d593\" data-id=\"4c36d593\" data-element_type=\"column\" data-e-type=\"column\">\n\t\t\t<div class=\"elementor-widget-wrap elementor-element-populated\">\n\t\t\t\t\t\t<div class=\"elementor-element elementor-element-64b97ac7 elementor-widget elementor-widget-text-editor\" data-id=\"64b97ac7\" data-element_type=\"widget\" data-e-type=\"widget\" data-widget_type=\"text-editor.default\">\n\t\t\t\t<div class=\"elementor-widget-container\">\n\t\t\t\t\t\t\t\t\t<h3>Kreikka<\/h3><p><a href=\"mailto:evie.markus@om.org\">evie.markus@om.org<\/a><\/p><p>Address OM office:<br \/>\u0392\u03b5\u0390\u03ba\u03bf\u03c5 60\u0393,<br \/>11741 \u039a\u03bf\u03c5\u03ba\u03ac\u03ba\u03b9, \u0391\u03b8\u03ae\u03bd\u03b1<br \/>+ 30 210 9216371<\/p>\t\t\t\t\t\t\t\t<\/div>\n\t\t\t\t<\/div>\n\t\t\t\t\t<\/div>\n\t\t<\/div>\n\t\t\t\t<div class=\"elementor-column elementor-col-33 elementor-inner-column elementor-element elementor-element-768348ef\" data-id=\"768348ef\" data-element_type=\"column\" data-e-type=\"column\">\n\t\t\t<div class=\"elementor-widget-wrap elementor-element-populated\">\n\t\t\t\t\t\t<div class=\"elementor-element elementor-element-1aff2883 elementor-widget elementor-widget-text-editor\" data-id=\"1aff2883\" data-element_type=\"widget\" data-e-type=\"widget\" data-widget_type=\"text-editor.default\">\n\t\t\t\t<div class=\"elementor-widget-container\">\n\t\t\t\t\t\t\t\t\t<h3>Italia<\/h3><p>Simone Baccella<br \/><a href=\"mailto:TeenStreet.it@om.org\">TeenStreet.it@om.org<\/a><\/p><p>Address OM office:<br \/>Via delle orchidee 35<br \/>56017 San Giuliano Terme (PI)<br \/>Phone number: +393474356244<\/p>\t\t\t\t\t\t\t\t<\/div>\n\t\t\t\t<\/div>\n\t\t\t\t\t<\/div>\n\t\t<\/div>\n\t\t\t\t\t<\/div>\n\t\t<\/section>\n\t\t\t\t<section class=\"elementor-section elementor-inner-section elementor-element elementor-element-1583391a elementor-section-full_width elementor-section-height-default elementor-section-height-default wpr-particle-no wpr-jarallax-no wpr-parallax-no wpr-sticky-section-no wpr-equal-height-no\" data-id=\"1583391a\" data-element_type=\"section\" data-e-type=\"section\">\n\t\t\t\t\t\t<div class=\"elementor-container elementor-column-gap-wider\">\n\t\t\t\t\t<div class=\"elementor-column elementor-col-33 elementor-inner-column elementor-element elementor-element-7c468504\" data-id=\"7c468504\" data-element_type=\"column\" data-e-type=\"column\">\n\t\t\t<div class=\"elementor-widget-wrap elementor-element-populated\">\n\t\t\t\t\t\t<div class=\"elementor-element elementor-element-59c98741 elementor-widget elementor-widget-text-editor\" data-id=\"59c98741\" data-element_type=\"widget\" data-e-type=\"widget\" data-widget_type=\"text-editor.default\">\n\t\t\t\t<div class=\"elementor-widget-container\">\n\t\t\t\t\t\t\t\t\t<h3>Unkari<\/h3><p><a href=\"mailto:teenstreet.hu@om.org\">teenstreet.hu@om.org<\/a><\/p><p>OM Magyarorsz\u00e1g<br \/>2030 \u00c9rd<br \/>Gyula u. 64.<\/p><p>TeenStreet koordin\u00e1tor:\u00a0 L\u00e9gr\u00e1di Gy\u00f6ngyi<br \/>+36 (20) 773-9763<\/p>\t\t\t\t\t\t\t\t<\/div>\n\t\t\t\t<\/div>\n\t\t\t\t\t<\/div>\n\t\t<\/div>\n\t\t\t\t<div class=\"elementor-column elementor-col-33 elementor-inner-column elementor-element elementor-element-3800d6c6\" data-id=\"3800d6c6\" data-element_type=\"column\" data-e-type=\"column\">\n\t\t\t<div class=\"elementor-widget-wrap elementor-element-populated\">\n\t\t\t\t\t\t<div class=\"elementor-element elementor-element-d6d5322 elementor-widget elementor-widget-text-editor\" data-id=\"d6d5322\" data-element_type=\"widget\" data-e-type=\"widget\" data-widget_type=\"text-editor.default\">\n\t\t\t\t<div class=\"elementor-widget-container\">\n\t\t\t\t\t\t\t\t\t<h3>Norja<\/h3><p>You can find contact details to your local OM office here:<\/p><p><a href=\"http:\/\/www.om.org\/en\/content\/contact-om\">http:\/\/www.om.org\/en\/content\/contact-om<\/a><\/p>\t\t\t\t\t\t\t\t<\/div>\n\t\t\t\t<\/div>\n\t\t\t\t\t<\/div>\n\t\t<\/div>\n\t\t\t\t<div class=\"elementor-column elementor-col-33 elementor-inner-column elementor-element elementor-element-23d29b77\" data-id=\"23d29b77\" data-element_type=\"column\" data-e-type=\"column\">\n\t\t\t<div class=\"elementor-widget-wrap elementor-element-populated\">\n\t\t\t\t\t\t<div class=\"elementor-element elementor-element-28f928bb elementor-widget elementor-widget-text-editor\" data-id=\"28f928bb\" data-element_type=\"widget\" data-e-type=\"widget\" data-widget_type=\"text-editor.default\">\n\t\t\t\t<div class=\"elementor-widget-container\">\n\t\t\t\t\t\t\t\t\t<h3>Alankomaat<\/h3><p><a href=\"mailto:teenstreet.nl@om.org\">teenstreet.nl@om.org<\/a><\/p>\t\t\t\t\t\t\t\t<\/div>\n\t\t\t\t<\/div>\n\t\t\t\t\t<\/div>\n\t\t<\/div>\n\t\t\t\t\t<\/div>\n\t\t<\/section>\n\t\t\t\t<section class=\"elementor-section elementor-inner-section elementor-element elementor-element-43e38ed4 elementor-section-full_width elementor-section-height-default elementor-section-height-default wpr-particle-no wpr-jarallax-no wpr-parallax-no wpr-sticky-section-no wpr-equal-height-no\" data-id=\"43e38ed4\" data-element_type=\"section\" data-e-type=\"section\">\n\t\t\t\t\t\t<div class=\"elementor-container elementor-column-gap-wider\">\n\t\t\t\t\t<div class=\"elementor-column elementor-col-33 elementor-inner-column elementor-element elementor-element-68b8414c\" data-id=\"68b8414c\" data-element_type=\"column\" data-e-type=\"column\">\n\t\t\t<div class=\"elementor-widget-wrap elementor-element-populated\">\n\t\t\t\t\t\t<div class=\"elementor-element elementor-element-78ea7a35 elementor-widget elementor-widget-text-editor\" data-id=\"78ea7a35\" data-element_type=\"widget\" data-e-type=\"widget\" data-widget_type=\"text-editor.default\">\n\t\t\t\t<div class=\"elementor-widget-container\">\n\t\t\t\t\t\t\t\t\t<h3>It\u00e4valta<\/h3><p><a href=\"mailto:teenstreet.at@om.org\">teenstreet.at@om.org<\/a><\/p><p>OM \u00d6sterreich<br \/>TeenStreet<br \/>Passaustr. 19<br \/>4030 Linz<\/p>\t\t\t\t\t\t\t\t<\/div>\n\t\t\t\t<\/div>\n\t\t\t\t\t<\/div>\n\t\t<\/div>\n\t\t\t\t<div class=\"elementor-column elementor-col-33 elementor-inner-column elementor-element elementor-element-24c47716\" data-id=\"24c47716\" data-element_type=\"column\" data-e-type=\"column\">\n\t\t\t<div class=\"elementor-widget-wrap elementor-element-populated\">\n\t\t\t\t\t\t<div class=\"elementor-element elementor-element-69a4b3dc elementor-widget elementor-widget-text-editor\" data-id=\"69a4b3dc\" data-element_type=\"widget\" data-e-type=\"widget\" data-widget_type=\"text-editor.default\">\n\t\t\t\t<div class=\"elementor-widget-container\">\n\t\t\t\t\t\t\t\t\t<h3>Portugali<\/h3><p><a href=\"mailto:info.pt@om.org\">info.pt@om.org<\/a><\/p><p>Address OM Office:<br \/>Av. da Liberdade, 6 &#8211; 7\u00baEsq.<br \/>+351 914986415<\/p>\t\t\t\t\t\t\t\t<\/div>\n\t\t\t\t<\/div>\n\t\t\t\t\t<\/div>\n\t\t<\/div>\n\t\t\t\t<div class=\"elementor-column elementor-col-33 elementor-inner-column elementor-element elementor-element-6f5f9e3c\" data-id=\"6f5f9e3c\" data-element_type=\"column\" data-e-type=\"column\">\n\t\t\t<div class=\"elementor-widget-wrap elementor-element-populated\">\n\t\t\t\t\t\t<div class=\"elementor-element elementor-element-54eb2e03 elementor-widget elementor-widget-text-editor\" data-id=\"54eb2e03\" data-element_type=\"widget\" data-e-type=\"widget\" data-widget_type=\"text-editor.default\">\n\t\t\t\t<div class=\"elementor-widget-container\">\n\t\t\t\t\t\t\t\t\t<h3>Belgia<\/h3><p><a href=\"mailto:teenstreet.be@om.org\">teenstreet.be@om.org<\/a><\/p><p>\u00a0<\/p>\t\t\t\t\t\t\t\t<\/div>\n\t\t\t\t<\/div>\n\t\t\t\t\t<\/div>\n\t\t<\/div>\n\t\t\t\t\t<\/div>\n\t\t<\/section>\n\t\t\t\t<section class=\"elementor-section elementor-inner-section elementor-element elementor-element-101c36e elementor-section-full_width elementor-section-height-default elementor-section-height-default wpr-particle-no wpr-jarallax-no wpr-parallax-no wpr-sticky-section-no wpr-equal-height-no\" data-id=\"101c36e\" data-element_type=\"section\" data-e-type=\"section\">\n\t\t\t\t\t\t<div class=\"elementor-container elementor-column-gap-wider\">\n\t\t\t\t\t<div class=\"elementor-column elementor-col-33 elementor-inner-column elementor-element elementor-element-360f9bf0\" data-id=\"360f9bf0\" data-element_type=\"column\" data-e-type=\"column\">\n\t\t\t<div class=\"elementor-widget-wrap elementor-element-populated\">\n\t\t\t\t\t\t<div class=\"elementor-element elementor-element-52219d4d elementor-widget elementor-widget-text-editor\" data-id=\"52219d4d\" data-element_type=\"widget\" data-e-type=\"widget\" data-widget_type=\"text-editor.default\">\n\t\t\t\t<div class=\"elementor-widget-container\">\n\t\t\t\t\t\t\t\t\t<h3>Ruotsi<\/h3><p>Hanna Nordstr\u00f6m<br \/><a href=\"mailto:hanna.nordstrom@om.org\">hanna.nordstrom@om.org<\/a><\/p><p>OM Sverige<br \/>Havs\u00f6rnsgatan 157<br \/>556 11 J\u00f6nk\u00f6ping<br \/>Telefon: 036-184491<br \/>www.teenstreet.se<\/p>\t\t\t\t\t\t\t\t<\/div>\n\t\t\t\t<\/div>\n\t\t\t\t\t<\/div>\n\t\t<\/div>\n\t\t\t\t<div class=\"elementor-column elementor-col-33 elementor-inner-column elementor-element elementor-element-18fe2848\" data-id=\"18fe2848\" data-element_type=\"column\" data-e-type=\"column\">\n\t\t\t<div class=\"elementor-widget-wrap elementor-element-populated\">\n\t\t\t\t\t\t<div class=\"elementor-element elementor-element-4ccde577 elementor-widget elementor-widget-text-editor\" data-id=\"4ccde577\" data-element_type=\"widget\" data-e-type=\"widget\" data-widget_type=\"text-editor.default\">\n\t\t\t\t<div class=\"elementor-widget-container\">\n\t\t\t\t\t\t\t\t\t<h3>Sveitsi (ranskankiel.)<\/h3><p>Hugo Maeder<br \/><a href=\"mailto:TeenStreet.ch@om.org\">TeenStreet.ch@om.org<\/a><\/p><p>OM Suisse<br \/>chemin de Bel-Air 3<br \/>2000 Neuch\u00e2tel<\/p><p>T\u00e9l\u00e9phone:<br \/>032 841 75 50<\/p>\t\t\t\t\t\t\t\t<\/div>\n\t\t\t\t<\/div>\n\t\t\t\t\t<\/div>\n\t\t<\/div>\n\t\t\t\t<div class=\"elementor-column elementor-col-33 elementor-inner-column elementor-element elementor-element-4d8494cf\" data-id=\"4d8494cf\" data-element_type=\"column\" data-e-type=\"column\">\n\t\t\t<div class=\"elementor-widget-wrap elementor-element-populated\">\n\t\t\t\t\t\t<div class=\"elementor-element elementor-element-371da9d5 elementor-widget elementor-widget-text-editor\" data-id=\"371da9d5\" data-element_type=\"widget\" data-e-type=\"widget\" data-widget_type=\"text-editor.default\">\n\t\t\t\t<div class=\"elementor-widget-container\">\n\t\t\t\t\t\t\t\t\t<h3>Sveitsi (saksankiel.)<\/h3><p>Olivia Felber: <a href=\"mailto:TeenStreet.ch@om.org\">TeenStreet.ch@om.org<\/a><\/p><p>OM Schweiz<br \/>Hertistrasse 31<br \/>8304 Wallisellen<\/p>\t\t\t\t\t\t\t\t<\/div>\n\t\t\t\t<\/div>\n\t\t\t\t\t<\/div>\n\t\t<\/div>\n\t\t\t\t\t<\/div>\n\t\t<\/section>\n\t\t\t\t<section class=\"elementor-section elementor-inner-section elementor-element elementor-element-1ea47297 elementor-section-full_width elementor-section-height-default elementor-section-height-default wpr-particle-no wpr-jarallax-no wpr-parallax-no wpr-sticky-section-no wpr-equal-height-no\" data-id=\"1ea47297\" data-element_type=\"section\" data-e-type=\"section\">\n\t\t\t\t\t\t<div class=\"elementor-container elementor-column-gap-wider\">\n\t\t\t\t\t<div class=\"elementor-column elementor-col-33 elementor-inner-column elementor-element elementor-element-40f481ec\" data-id=\"40f481ec\" data-element_type=\"column\" data-e-type=\"column\">\n\t\t\t<div class=\"elementor-widget-wrap elementor-element-populated\">\n\t\t\t\t\t\t<div class=\"elementor-element elementor-element-4c283dc6 elementor-widget elementor-widget-text-editor\" data-id=\"4c283dc6\" data-element_type=\"widget\" data-e-type=\"widget\" data-widget_type=\"text-editor.default\">\n\t\t\t\t<div class=\"elementor-widget-container\">\n\t\t\t\t\t\t\t\t\t<h3>Iso-Britannia<\/h3>\n<p>Deejay Curtis:<br><a href=\"teenstreet.uk@om.org\">teenstreet.uk@om.org<\/a>&nbsp;<br>+44 (0) 1691 77 33 88<\/p>\n<p>OM UK<br>The Quinta<br>Weston Rhyn<br>Oswestry<br>Shropshire<br>SY10 7LT<\/p>\t\t\t\t\t\t\t\t<\/div>\n\t\t\t\t<\/div>\n\t\t\t\t\t<\/div>\n\t\t<\/div>\n\t\t\t\t<div class=\"elementor-column elementor-col-33 elementor-inner-column elementor-element elementor-element-54bb4e58\" data-id=\"54bb4e58\" data-element_type=\"column\" data-e-type=\"column\">\n\t\t\t<div class=\"elementor-widget-wrap elementor-element-populated\">\n\t\t\t\t\t\t\t<\/div>\n\t\t<\/div>\n\t\t\t\t<div class=\"elementor-column elementor-col-33 elementor-inner-column elementor-element elementor-element-73732a5a\" data-id=\"73732a5a\" data-element_type=\"column\" data-e-type=\"column\">\n\t\t\t<div class=\"elementor-widget-wrap\">\n\t\t\t\t\t\t\t<\/div>\n\t\t<\/div>\n\t\t\t\t\t<\/div>\n\t\t<\/section>\n\t\t\t\t\t<\/div>\n\t\t<\/div>\n\t\t\t\t\t<\/div>\n\t\t<\/section>\n\t\t\t\t<\/div>\n\t\t","protected":false},"excerpt":{"rendered":"<p>Yhteystiedot Suomi teenstreet.fi@om.org TS-koordinaattori: 044 050 0115toimiston puh. 03 213 1300 Operaatio MobilisaatioYliopistonkatu 58 B, 5. krs33100 Tampere Tanska Elisabeth Andersen &amp; Samuel B\u00e6k Bramming teenstreet.dk@om.org Address OM office:Drejervej 17, 3. 2400 K\u00f8benhavn NV+45 3170 7930 Saksa buero@teenstreet.de TeenStreet B\u00fcroOM DeutschlandAlte Neckarelzer Str. 274821 Mosbach06261\/947-0 Irlanti teenstreet.ie@om.org OM office:Lacken House, RaharaCo. Roscommon, Ireland+353(90)6623964 ext. 162 -or- 150 Espanja Paikallisen OM-toimiston yhteystiedot l\u00f6ytyv\u00e4t&nbsp;t\u00e4st\u00e4 linkist\u00e4.&nbsp; Ranska Teenstreet.fr@om.org F\u00e4rsaaret info.fo@om.org TeenStreet &#8211; OM F\u00f8royarOyrarnar 10650 ToftirF\u00f8royar+298 219923 Kreikka evie.markus@om.org Address OM office:\u0392\u03b5\u0390\u03ba\u03bf\u03c5 60\u0393,11741 \u039a\u03bf\u03c5\u03ba\u03ac\u03ba\u03b9, \u0391\u03b8\u03ae\u03bd\u03b1+ 30 210 9216371 Italia Simone BaccellaTeenStreet.it@om.org Address OM office:Via delle orchidee 3556017 San Giuliano Terme (PI)Phone number: +393474356244 Unkari teenstreet.hu@om.org OM Magyarorsz\u00e1g2030 \u00c9rdGyula u. 64. TeenStreet koordin\u00e1tor:\u00a0 L\u00e9gr\u00e1di Gy\u00f6ngyi+36 (20) 773-9763 Norja You can find contact details to your local OM office here: http:\/\/www.om.org\/en\/content\/contact-om Alankomaat teenstreet.nl@om.org It\u00e4valta teenstreet.at@om.org OM \u00d6sterreichTeenStreetPassaustr. 194030 Linz Portugali info.pt@om.org Address OM Office:Av. da Liberdade, 6 &#8211; 7\u00baEsq.+351 914986415 Belgia teenstreet.be@om.org \u00a0 Ruotsi Hanna Nordstr\u00f6mhanna.nordstrom@om.org OM SverigeHavs\u00f6rnsgatan 157556 11 J\u00f6nk\u00f6pingTelefon: 036-184491www.teenstreet.se Sveitsi (ranskankiel.) Hugo MaederTeenStreet.ch@om.org OM Suissechemin de Bel-Air 32000 Neuch\u00e2tel T\u00e9l\u00e9phone:032 841 75 50 Sveitsi (saksankiel.) Olivia Felber: TeenStreet.ch@om.org OM SchweizHertistrasse 318304 Wallisellen Iso-Britannia Deejay Curtis:teenstreet.uk@om.org&nbsp;+44 (0) 1691 77 33 88 OM UKThe QuintaWeston RhynOswestryShropshireSY10 7LT<\/p>\n","protected":false},"author":1,"featured_media":2566,"parent":0,"menu_order":0,"comment_status":"closed","ping_status":"closed","template":"","meta":{"footnotes":""},"class_list":["post-109","page","type-page","status-publish","has-post-thumbnail","hentry"],"_links":{"self":[{"href":"https:\/\/teenstreet.life\/fi\/wp-json\/wp\/v2\/pages\/109","targetHints":{"allow":["GET"]}}],"collection":[{"href":"https:\/\/teenstreet.life\/fi\/wp-json\/wp\/v2\/pages"}],"about":[{"href":"https:\/\/teenstreet.life\/fi\/wp-json\/wp\/v2\/types\/page"}],"author":[{"embeddable":true,"href":"https:\/\/teenstreet.life\/fi\/wp-json\/wp\/v2\/users\/1"}],"replies":[{"embeddable":true,"href":"https:\/\/teenstreet.life\/fi\/wp-json\/wp\/v2\/comments?post=109"}],"version-history":[{"count":0,"href":"https:\/\/teenstreet.life\/fi\/wp-json\/wp\/v2\/pages\/109\/revisions"}],"wp:featuredmedia":[{"embeddable":true,"href":"https:\/\/teenstreet.life\/fi\/wp-json\/wp\/v2\/media\/2566"}],"wp:attachment":[{"href":"https:\/\/teenstreet.life\/fi\/wp-json\/wp\/v2\/media?parent=109"}],"curies":[{"name":"wp","href":"https:\/\/api.w.org\/{rel}","templated":true}]}}