{"id":107,"date":"2020-05-25T10:12:12","date_gmt":"2020-05-25T07:12:12","guid":{"rendered":"https:\/\/teenstreet.life\/fi\/?page_id=107"},"modified":"2021-07-22T13:47:03","modified_gmt":"2021-07-22T10:47:03","slug":"about-om","status":"publish","type":"page","link":"https:\/\/teenstreet.life\/fi\/teenstreet\/about-om\/","title":{"rendered":"Operaatio Mobilisaatio"},"content":{"rendered":"\t\t<div data-elementor-type=\"wp-page\" data-elementor-id=\"107\" class=\"elementor elementor-107\" data-elementor-post-type=\"page\">\n\t\t\t\t\t\t<section class=\"elementor-section elementor-top-section elementor-element elementor-element-ff69198 elementor-section-boxed elementor-section-height-default elementor-section-height-default wpr-particle-no wpr-jarallax-no wpr-parallax-no wpr-sticky-section-no\" data-id=\"ff69198\" data-element_type=\"section\" data-e-type=\"section\">\n\t\t\t\t\t\t<div class=\"elementor-container elementor-column-gap-default\">\n\t\t\t\t\t<div class=\"elementor-column elementor-col-16 elementor-top-column elementor-element elementor-element-aa9d359\" data-id=\"aa9d359\" data-element_type=\"column\" data-e-type=\"column\">\n\t\t\t<div class=\"elementor-widget-wrap elementor-element-populated\">\n\t\t\t\t\t\t<div class=\"elementor-element elementor-element-aa08e11 elementor-invisible elementor-widget elementor-widget-image\" data-id=\"aa08e11\" data-element_type=\"widget\" data-e-type=\"widget\" data-settings=\"{&quot;_animation&quot;:&quot;fadeIn&quot;}\" data-widget_type=\"image.default\">\n\t\t\t\t<div class=\"elementor-widget-container\">\n\t\t\t\t\t\t\t\t\t\t\t\t\t\t\t<img decoding=\"async\" width=\"150\" height=\"150\" src=\"https:\/\/teenstreet.life\/fi\/wp-content\/uploads\/sites\/7\/2020\/05\/om-logo-150x150.png\" class=\"attachment-thumbnail size-thumbnail wp-image-381\" alt=\"Operation Mobilisation Logo\" srcset=\"https:\/\/teenstreet.life\/fi\/wp-content\/uploads\/sites\/7\/2020\/05\/om-logo-150x150.png 150w, https:\/\/teenstreet.life\/fi\/wp-content\/uploads\/sites\/7\/2020\/05\/om-logo-300x300.png 300w, https:\/\/teenstreet.life\/fi\/wp-content\/uploads\/sites\/7\/2020\/05\/om-logo-1024x1024.png 1024w, https:\/\/teenstreet.life\/fi\/wp-content\/uploads\/sites\/7\/2020\/05\/om-logo-768x768.png 768w, https:\/\/teenstreet.life\/fi\/wp-content\/uploads\/sites\/7\/2020\/05\/om-logo-1536x1536.png 1536w, https:\/\/teenstreet.life\/fi\/wp-content\/uploads\/sites\/7\/2020\/05\/om-logo-2048x2048.png 2048w, https:\/\/teenstreet.life\/fi\/wp-content\/uploads\/sites\/7\/2020\/05\/om-logo-360x360.png 360w, https:\/\/teenstreet.life\/fi\/wp-content\/uploads\/sites\/7\/2020\/05\/om-logo-480x480.png 480w, https:\/\/teenstreet.life\/fi\/wp-content\/uploads\/sites\/7\/2020\/05\/om-logo-720x720.png 720w, https:\/\/teenstreet.life\/fi\/wp-content\/uploads\/sites\/7\/2020\/05\/om-logo-1080x1080.png 1080w\" sizes=\"(max-width: 150px) 100vw, 150px\" \/>\t\t\t\t\t\t\t\t\t\t\t\t\t\t\t<\/div>\n\t\t\t\t<\/div>\n\t\t\t\t\t<\/div>\n\t\t<\/div>\n\t\t\t\t<div class=\"elementor-column elementor-col-66 elementor-top-column elementor-element elementor-element-6f864be\" data-id=\"6f864be\" data-element_type=\"column\" data-e-type=\"column\">\n\t\t\t<div class=\"elementor-widget-wrap elementor-element-populated\">\n\t\t\t\t\t\t<div class=\"elementor-element elementor-element-e43bc4e elementor-widget elementor-widget-video\" data-id=\"e43bc4e\" data-element_type=\"widget\" data-e-type=\"widget\" data-settings=\"{&quot;youtube_url&quot;:&quot;https:\\\/\\\/www.youtube.com\\\/watch?v=-4P0EcTh4lA&quot;,&quot;video_type&quot;:&quot;youtube&quot;,&quot;controls&quot;:&quot;yes&quot;}\" data-widget_type=\"video.default\">\n\t\t\t\t<div class=\"elementor-widget-container\">\n\t\t\t\t\t\t\t<div class=\"elementor-wrapper elementor-open-inline\">\n\t\t\t<div class=\"elementor-video\"><\/div>\t\t<\/div>\n\t\t\t\t\t\t<\/div>\n\t\t\t\t<\/div>\n\t\t\t\t<div class=\"elementor-element elementor-element-6eb7f94 elementor-widget elementor-widget-text-editor\" data-id=\"6eb7f94\" data-element_type=\"widget\" data-e-type=\"widget\" data-widget_type=\"text-editor.default\">\n\t\t\t\t<div class=\"elementor-widget-container\">\n\t\t\t\t\t\t\t\t\t<p>TeenStreet on\u00a0<a href=\"http:\/\/www.om.org\/\" target=\"_blank\" rel=\"noopener\">Operaatio Mobilisaation<\/a> (OM) ty\u00f6muoto. OM on tunnustustenv\u00e4linen l\u00e4hetysj\u00e4rjest\u00f6, joka l\u00e4hett\u00e4\u00e4 kristittyj\u00e4 kertomaan Jeesuksesta ja H\u00e4nen rakkaudestaan, niin ett\u00e4 eri-ik\u00e4iset ihmiset kaikkialla maailmassa voisivat kuulla evankeliumin.<\/p><p>Maailmanlaajuisesti OM:lla on yli 115 eri maassa sek\u00e4 Logos Hope -l\u00e4hetyslaivalla yhteens\u00e4 3 300 ty\u00f6ntekij\u00e4\u00e4, jotka edustavat yli 110:t\u00e4 eri kansallisuutta. Yhteist\u00e4 kaikille on rakkaus Jeesukseen, halu kertoa ihmisille Jeesuksesta ja levitt\u00e4\u00e4 n\u00e4in toivon sanomaa kaikille kansoille.\u00a0<\/p><p>Ty\u00f6n peruspilareita ovat evankeliointi, seurakuntien istutus, opetuslapseuskoulutus, kehitysyhteisty\u00f6 ja oikeudenmukaisuus. OM toimii l\u00e4heisess\u00e4 yhteisty\u00f6ss\u00e4 lukuisten muiden kristillisten j\u00e4rjest\u00f6jen kanssa. Itse asiassa monet niist\u00e4 ovat syntyneet OM:n vaikutuksesta viimeisten 50 vuoden aikana. Lue lis\u00e4\u00e4\u00a0<a href=\"http:\/\/www.om.org\/\" target=\"_blank\" rel=\"noopener\">nettisivuiltamme<\/a>.<\/p><h2>TeenStreet<\/h2><p>TeenStreet on osa t\u00e4t\u00e4 missiota. Haluamme kertoa nuorille, miten t\u00e4rke\u00e4\u00e4 on \u00a0kertoa Jeesuksesta ja Jumalan valtakunnasta. Sen ei tarvitse v\u00e4ltt\u00e4m\u00e4tt\u00e4 tapahtua OM:n kautta, mutta haluamme olla aktivoimassa nuoria ja tarjoamassa heille mahdollisuuksia.<\/p>\t\t\t\t\t\t\t\t<\/div>\n\t\t\t\t<\/div>\n\t\t\t\t\t<\/div>\n\t\t<\/div>\n\t\t\t\t<div class=\"elementor-column elementor-col-16 elementor-top-column elementor-element elementor-element-d9f4974\" data-id=\"d9f4974\" data-element_type=\"column\" data-e-type=\"column\">\n\t\t\t<div class=\"elementor-widget-wrap\">\n\t\t\t\t\t\t\t<\/div>\n\t\t<\/div>\n\t\t\t\t\t<\/div>\n\t\t<\/section>\n\t\t\t\t<\/div>\n\t\t","protected":false},"excerpt":{"rendered":"<p>TeenStreet on&nbsp;Operaatio Mobilisaation (OM) ty\u00f6muoto. OM on tunnustustenv\u00e4linen l\u00e4hetysj\u00e4rjest\u00f6, joka l\u00e4hett\u00e4\u00e4 kristittyj\u00e4 kertomaan Jeesuksesta ja H\u00e4nen rakkaudestaan, niin ett\u00e4 eri-ik\u00e4iset ihmiset kaikkialla maailmassa voisivat kuulla evankeliumin. Maailmanlaajuisesti OM:lla on yli 115 eri maassa sek\u00e4 Logos Hope -l\u00e4hetyslaivalla yhteens\u00e4 3 300 ty\u00f6ntekij\u00e4\u00e4, jotka edustavat yli 110:t\u00e4 eri kansallisuutta. Yhteist\u00e4 kaikille on rakkaus Jeesukseen, halu kertoa ihmisille Jeesuksesta ja levitt\u00e4\u00e4 n\u00e4in toivon sanomaa kaikille kansoille.&nbsp; Ty\u00f6n peruspilareita ovat evankeliointi, seurakuntien istutus, opetuslapseuskoulutus, kehitysyhteisty\u00f6 ja oikeudenmukaisuus. OM toimii l\u00e4heisess\u00e4 yhteisty\u00f6ss\u00e4 lukuisten muiden kristillisten j\u00e4rjest\u00f6jen kanssa. Itse asiassa monet niist\u00e4 ovat syntyneet OM:n vaikutuksesta viimeisten 50 vuoden aikana. Lue lis\u00e4\u00e4&nbsp;nettisivuiltamme. TeenStreet TeenStreet on osa t\u00e4t\u00e4 missiota. Haluamme kertoa nuorille, miten t\u00e4rke\u00e4\u00e4 on &nbsp;kertoa Jeesuksesta ja Jumalan valtakunnasta. Sen ei tarvitse v\u00e4ltt\u00e4m\u00e4tt\u00e4 tapahtua OM:n kautta, mutta haluamme olla aktivoimassa nuoria ja tarjoamassa heille mahdollisuuksia.<\/p>\n","protected":false},"author":1,"featured_media":377,"parent":1456,"menu_order":0,"comment_status":"closed","ping_status":"closed","template":"","meta":{"footnotes":""},"class_list":["post-107","page","type-page","status-publish","has-post-thumbnail","hentry"],"_links":{"self":[{"href":"https:\/\/teenstreet.life\/fi\/wp-json\/wp\/v2\/pages\/107","targetHints":{"allow":["GET"]}}],"collection":[{"href":"https:\/\/teenstreet.life\/fi\/wp-json\/wp\/v2\/pages"}],"about":[{"href":"https:\/\/teenstreet.life\/fi\/wp-json\/wp\/v2\/types\/page"}],"author":[{"embeddable":true,"href":"https:\/\/teenstreet.life\/fi\/wp-json\/wp\/v2\/users\/1"}],"replies":[{"embeddable":true,"href":"https:\/\/teenstreet.life\/fi\/wp-json\/wp\/v2\/comments?post=107"}],"version-history":[{"count":0,"href":"https:\/\/teenstreet.life\/fi\/wp-json\/wp\/v2\/pages\/107\/revisions"}],"up":[{"embeddable":true,"href":"https:\/\/teenstreet.life\/fi\/wp-json\/wp\/v2\/pages\/1456"}],"wp:featuredmedia":[{"embeddable":true,"href":"https:\/\/teenstreet.life\/fi\/wp-json\/wp\/v2\/media\/377"}],"wp:attachment":[{"href":"https:\/\/teenstreet.life\/fi\/wp-json\/wp\/v2\/media?parent=107"}],"curies":[{"name":"wp","href":"https:\/\/api.w.org\/{rel}","templated":true}]}}