{"id":9061,"date":"2026-04-02T11:33:19","date_gmt":"2026-04-02T09:33:19","guid":{"rendered":"https:\/\/teenstreet.life\/eu\/?page_id=9061"},"modified":"2026-04-20T06:56:27","modified_gmt":"2026-04-20T04:56:27","slug":"kucuk-grup-lideri-egitimi","status":"publish","type":"page","link":"https:\/\/teenstreet.life\/eu\/tr\/small-group-leader-training\/","title":{"rendered":"K\u00fc\u00e7\u00fck Grup Lideri E\u011fitimi"},"content":{"rendered":"<div data-elementor-type=\"wp-page\" data-elementor-id=\"9061\" class=\"elementor elementor-9061\" data-elementor-post-type=\"page\">\n\t\t\t\t\t\t<section class=\"elementor-section elementor-top-section elementor-element elementor-element-3b45328 elementor-section-boxed elementor-section-height-default elementor-section-height-default\" data-id=\"3b45328\" data-element_type=\"section\" data-e-type=\"section\">\n\t\t\t\t\t\t<div class=\"elementor-container elementor-column-gap-default\">\n\t\t\t\t\t<div class=\"elementor-column elementor-col-50 elementor-top-column elementor-element elementor-element-c291639\" data-id=\"c291639\" data-element_type=\"column\" data-e-type=\"column\">\n\t\t\t<div class=\"elementor-widget-wrap elementor-element-populated\">\n\t\t\t\t\t\t<div class=\"elementor-element elementor-element-b8729ba elementor-widget elementor-widget-image\" data-id=\"b8729ba\" data-element_type=\"widget\" data-e-type=\"widget\" data-widget_type=\"image.default\">\n\t\t\t\t<div class=\"elementor-widget-container\">\n\t\t\t\t\t\t\t\t\t\t\t\t\t\t\t<img fetchpriority=\"high\" decoding=\"async\" width=\"820\" height=\"1024\" src=\"https:\/\/teenstreet.life\/eu\/wp-content\/uploads\/sites\/13\/2026\/04\/SGL-training-1-820x1024.png\" class=\"attachment-large size-large wp-image-9069\" alt=\"\" srcset=\"https:\/\/teenstreet.life\/eu\/wp-content\/uploads\/sites\/13\/2026\/04\/SGL-training-1-820x1024.png 820w, https:\/\/teenstreet.life\/eu\/wp-content\/uploads\/sites\/13\/2026\/04\/SGL-training-1-240x300.png 240w, https:\/\/teenstreet.life\/eu\/wp-content\/uploads\/sites\/13\/2026\/04\/SGL-training-1-768x959.png 768w, https:\/\/teenstreet.life\/eu\/wp-content\/uploads\/sites\/13\/2026\/04\/SGL-training-1-10x12.png 10w, https:\/\/teenstreet.life\/eu\/wp-content\/uploads\/sites\/13\/2026\/04\/SGL-training-1-600x749.png 600w, https:\/\/teenstreet.life\/eu\/wp-content\/uploads\/sites\/13\/2026\/04\/SGL-training-1.png 1006w\" sizes=\"(max-width: 820px) 100vw, 820px\" \/>\t\t\t\t\t\t\t\t\t\t\t\t\t\t\t<\/div>\n\t\t\t\t<\/div>\n\t\t\t\t\t<\/div>\n\t\t<\/div>\n\t\t\t\t<div class=\"elementor-column elementor-col-50 elementor-top-column elementor-element elementor-element-25afd00\" data-id=\"25afd00\" data-element_type=\"column\" data-e-type=\"column\">\n\t\t\t<div class=\"elementor-widget-wrap elementor-element-populated\">\n\t\t\t\t\t\t<div class=\"elementor-element elementor-element-2bad4f4 elementor-widget elementor-widget-text-editor\" data-id=\"2bad4f4\" data-element_type=\"widget\" data-e-type=\"widget\" data-widget_type=\"text-editor.default\">\n\t\t\t\t<div class=\"elementor-widget-container\">\n\t\t\t\t\t\t\t\t\t<p>\u0130nsanlara hizmet etme konusunda bir kalbiniz var m\u0131? K\u00fc\u00e7\u00fck bir gruba liderlik etmenin nas\u0131l bir \u015fey oldu\u011funu merak ediyor musunuz?<\/p>\n<p>Sizin i\u00e7in bir \u015feyler yaratt\u0131k!<\/p>\n<p>2026 TeenStreet etkinli\u011finde gelecekteki k\u00fc\u00e7\u00fck grup liderleri i\u00e7in e\u011fitim verece\u011fiz.<\/p>\n<h4><strong>Nas\u0131l Liderlik Edilir \u00d6\u011frenin<\/strong><\/h4>\n<p>SGL Training, gelecekte hem TeenStreet etkinli\u011finde hem de evde k\u00fc\u00e7\u00fck bir gruba liderlik etmek isteyen, \u00f6zellikle 18-20 ya\u015f aras\u0131ndaki Servis Ekibi \u00fcyeleri i\u00e7in tasarlanm\u0131\u015ft\u0131r.&nbsp;<\/p>\n<h4><strong>E\u011fitim Program\u0131<\/strong><\/h4>\n<p>Program, Interact 2 s\u0131ras\u0131nda ger\u00e7ekle\u015fen g\u00fcnl\u00fck e\u011fitim seminerlerinden olu\u015fur. Kat\u0131l\u0131mc\u0131lara belirli bir Hizmet Ekibi g\u00f6revi atanmayacak, ancak hafta boyunca grup olarak \u00f6zel hizmet projelerine kat\u0131lacaklard\u0131r.<\/p>\n<p>\u00d6nemli bir e\u011fitim k\u0131sm\u0131, liderlik becerilerini prati\u011fe d\u00f6kmek olacakt\u0131r: her kat\u0131l\u0131mc\u0131 etkinlik haftas\u0131 boyunca kendi k\u00fc\u00e7\u00fck grubuna liderlik etmek i\u00e7in s\u0131rayla g\u00f6rev alacakt\u0131r. (Bu bir s\u0131nav de\u011fildir \u2013 yard\u0131m ve destek sa\u011flanacakt\u0131r!) K\u00fc\u00e7\u00fck grup, di\u011fer SGL E\u011fitim kat\u0131l\u0131mc\u0131lar\u0131ndan olu\u015facakt\u0131r.<\/p>\t\t\t\t\t\t\t\t<\/div>\n\t\t\t\t<\/div>\n\t\t\t\t\t<\/div>\n\t\t<\/div>\n\t\t\t\t\t<\/div>\n\t\t<\/section>\n\t\t\t\t<section class=\"elementor-section elementor-top-section elementor-element elementor-element-c1db653 elementor-section-boxed elementor-section-height-default elementor-section-height-default\" data-id=\"c1db653\" data-element_type=\"section\" data-e-type=\"section\">\n\t\t\t\t\t\t<div class=\"elementor-container elementor-column-gap-default\">\n\t\t\t\t\t<div class=\"elementor-column elementor-col-50 elementor-top-column elementor-element elementor-element-e3eb4e0\" data-id=\"e3eb4e0\" data-element_type=\"column\" data-e-type=\"column\">\n\t\t\t<div class=\"elementor-widget-wrap elementor-element-populated\">\n\t\t\t\t\t\t<div class=\"elementor-element elementor-element-7737bd0 elementor-widget elementor-widget-text-editor\" data-id=\"7737bd0\" data-element_type=\"widget\" data-e-type=\"widget\" data-widget_type=\"text-editor.default\">\n\t\t\t\t<div class=\"elementor-widget-container\">\n\t\t\t\t\t\t\t\t\t<p>Seminerler TeenStreet International'dan e\u011fitmenler taraf\u0131ndan verilecektir. Bireysel dan\u0131\u015fmanl\u0131k ve ko\u00e7luk program\u0131n bir par\u00e7as\u0131 olacakt\u0131r.<\/p><p>T\u00fcm planlanm\u0131\u015f program oturumlar\u0131na kat\u0131l\u0131m zorunlu olacakt\u0131r. E\u011fitim seminerleri ve hizmet projelerinin yan\u0131 s\u0131ra, bunlar Ana Salon, Sessiz Zaman, k\u00fc\u00e7\u00fck grup zaman\u0131 ve Taht Odas\u0131'n\u0131 i\u00e7erir. Her kat\u0131l\u0131mc\u0131n\u0131n etkinlik haftas\u0131 boyunca en az bir kez saha \u00e7al\u0131\u015fmas\u0131na kat\u0131lmas\u0131 gerekecektir.<\/p><h4><strong>\u0130lgileniyor musunuz? <\/strong><\/h4><p>Bir Hizmet Ekibi \u00fcyesi olarak etkinli\u011fe kaydolun. SGL E\u011fitimi ile ilgilendi\u011finizi belirtmek i\u00e7in i\u015flerin alt\u0131na bir yorum ekleyin. Ayr\u0131ca \u00fclke ofisinizle de ileti\u015fime ge\u00e7ebilir ve ilgilendi\u011finizi bildirebilirsiniz.<\/p><p>E\u011fer etkinli\u011fe zaten kay\u0131tl\u0131ysan\u0131z, sipari\u015finizi d\u00fczenleyebilir (TeenStreet Europe 2026'dan size e-postayla g\u00f6nderilen sipari\u015f makbuzunuzda bir ba\u011flant\u0131 bulacaks\u0131n\u0131z) veya \u00fclke ofisinizle ileti\u015fime ge\u00e7ebilirsiniz.<\/p><p>Gelecekte k\u00fc\u00e7\u00fck bir grubu y\u00f6netebilir misin - yoksa \u015fimdiden evde bir grubu mu y\u00f6netiyorsun?<\/p><p>K\u00fc\u00e7\u00fck Grup Liderli\u011fi E\u011fitimi sizin i\u00e7in tasarland\u0131!<\/p><p><a href=\"https:\/\/registration.teenstreet.de\/tseu\/ts-2026\/\" target=\"_blank\" rel=\"noopener\"><b>Buraya kaydolun!<\/b><\/a><\/p>\t\t\t\t\t\t\t\t<\/div>\n\t\t\t\t<\/div>\n\t\t\t\t\t<\/div>\n\t\t<\/div>\n\t\t\t\t<div class=\"elementor-column elementor-col-50 elementor-top-column elementor-element elementor-element-612d36c\" data-id=\"612d36c\" data-element_type=\"column\" data-e-type=\"column\">\n\t\t\t<div class=\"elementor-widget-wrap elementor-element-populated\">\n\t\t\t\t\t\t<div class=\"elementor-element elementor-element-a5ce481 elementor-widget elementor-widget-image\" data-id=\"a5ce481\" data-element_type=\"widget\" data-e-type=\"widget\" data-widget_type=\"image.default\">\n\t\t\t\t<div class=\"elementor-widget-container\">\n\t\t\t\t\t\t\t\t\t\t\t\t\t\t\t<img decoding=\"async\" width=\"820\" height=\"1024\" src=\"https:\/\/teenstreet.life\/eu\/wp-content\/uploads\/sites\/13\/2026\/04\/SGL-training-2-820x1024.png\" class=\"attachment-large size-large wp-image-9070\" alt=\"\" srcset=\"https:\/\/teenstreet.life\/eu\/wp-content\/uploads\/sites\/13\/2026\/04\/SGL-training-2-820x1024.png 820w, https:\/\/teenstreet.life\/eu\/wp-content\/uploads\/sites\/13\/2026\/04\/SGL-training-2-240x300.png 240w, https:\/\/teenstreet.life\/eu\/wp-content\/uploads\/sites\/13\/2026\/04\/SGL-training-2-768x959.png 768w, https:\/\/teenstreet.life\/eu\/wp-content\/uploads\/sites\/13\/2026\/04\/SGL-training-2-10x12.png 10w, https:\/\/teenstreet.life\/eu\/wp-content\/uploads\/sites\/13\/2026\/04\/SGL-training-2-600x749.png 600w, https:\/\/teenstreet.life\/eu\/wp-content\/uploads\/sites\/13\/2026\/04\/SGL-training-2.png 1006w\" sizes=\"(max-width: 820px) 100vw, 820px\" \/>\t\t\t\t\t\t\t\t\t\t\t\t\t\t\t<\/div>\n\t\t\t\t<\/div>\n\t\t\t\t\t<\/div>\n\t\t<\/div>\n\t\t\t\t\t<\/div>\n\t\t<\/section>\n\t\t\t\t<\/div>","protected":false},"excerpt":{"rendered":"<p>Do you have a heart for serving others?&nbsp;Are you curious about what leading a small group is like? We have created something for you! We will be offering training for future small group leaders&nbsp;at the 2026 TeenStreet event. Learn How to Lead SGL Training is designed for Service Team members \u2013 particularly those between the [&hellip;]<\/p>\n","protected":false},"author":82,"featured_media":0,"parent":0,"menu_order":0,"comment_status":"closed","ping_status":"closed","template":"","meta":{"iawp_total_views":191,"footnotes":""},"class_list":["post-9061","page","type-page","status-publish","hentry"],"_links":{"self":[{"href":"https:\/\/teenstreet.life\/eu\/tr\/wp-json\/wp\/v2\/pages\/9061","targetHints":{"allow":["GET"]}}],"collection":[{"href":"https:\/\/teenstreet.life\/eu\/tr\/wp-json\/wp\/v2\/pages"}],"about":[{"href":"https:\/\/teenstreet.life\/eu\/tr\/wp-json\/wp\/v2\/types\/page"}],"author":[{"embeddable":true,"href":"https:\/\/teenstreet.life\/eu\/tr\/wp-json\/wp\/v2\/users\/82"}],"replies":[{"embeddable":true,"href":"https:\/\/teenstreet.life\/eu\/tr\/wp-json\/wp\/v2\/comments?post=9061"}],"version-history":[{"count":6,"href":"https:\/\/teenstreet.life\/eu\/tr\/wp-json\/wp\/v2\/pages\/9061\/revisions"}],"predecessor-version":[{"id":9088,"href":"https:\/\/teenstreet.life\/eu\/tr\/wp-json\/wp\/v2\/pages\/9061\/revisions\/9088"}],"wp:attachment":[{"href":"https:\/\/teenstreet.life\/eu\/tr\/wp-json\/wp\/v2\/media?parent=9061"}],"curies":[{"name":"wp","href":"https:\/\/api.w.org\/{rel}","templated":true}]}}