{"id":7873,"date":"2024-07-31T11:52:59","date_gmt":"2024-07-31T09:52:59","guid":{"rendered":"https:\/\/teenstreet.life\/eu\/?page_id=7873"},"modified":"2024-07-31T11:53:00","modified_gmt":"2024-07-31T09:53:00","slug":"4-gun-hosnutluk","status":"publish","type":"page","link":"https:\/\/teenstreet.life\/eu\/tr\/day-4-contentment\/","title":{"rendered":"4. G\u00fcn - Ho\u015fnutluk"},"content":{"rendered":"<div data-elementor-type=\"wp-page\" data-elementor-id=\"7873\" class=\"elementor elementor-7873\" data-elementor-post-type=\"page\">\n\t\t\t\t\t\t<section class=\"elementor-section elementor-top-section elementor-element elementor-element-174c546 elementor-section-boxed elementor-section-height-default elementor-section-height-default wpr-particle-no wpr-jarallax-no wpr-parallax-no wpr-sticky-section-no\" data-id=\"174c546\" data-element_type=\"section\" data-e-type=\"section\">\n\t\t\t\t\t\t<div class=\"elementor-container elementor-column-gap-default\">\n\t\t\t\t\t<div class=\"elementor-column elementor-col-100 elementor-top-column elementor-element elementor-element-8efb91b\" data-id=\"8efb91b\" data-element_type=\"column\" data-e-type=\"column\">\n\t\t\t<div class=\"elementor-widget-wrap elementor-element-populated\">\n\t\t\t\t\t\t<div class=\"elementor-element elementor-element-4ab9919 elementor-skin-carousel elementor-arrows-yes elementor-pagination-type-bullets elementor-pagination-position-outside elementor-widget elementor-widget-media-carousel\" data-id=\"4ab9919\" data-element_type=\"widget\" data-e-type=\"widget\" data-settings=\"{&quot;skin&quot;:&quot;carousel&quot;,&quot;effect&quot;:&quot;slide&quot;,&quot;show_arrows&quot;:&quot;yes&quot;,&quot;pagination&quot;:&quot;bullets&quot;,&quot;speed&quot;:500,&quot;autoplay&quot;:&quot;yes&quot;,&quot;autoplay_speed&quot;:5000,&quot;loop&quot;:&quot;yes&quot;,&quot;pause_on_hover&quot;:&quot;yes&quot;,&quot;pause_on_interaction&quot;:&quot;yes&quot;,&quot;space_between&quot;:{&quot;unit&quot;:&quot;px&quot;,&quot;size&quot;:10,&quot;sizes&quot;:[]},&quot;space_between_tablet&quot;:{&quot;unit&quot;:&quot;px&quot;,&quot;size&quot;:10,&quot;sizes&quot;:[]},&quot;space_between_mobile&quot;:{&quot;unit&quot;:&quot;px&quot;,&quot;size&quot;:10,&quot;sizes&quot;:[]}}\" data-widget_type=\"media-carousel.default\">\n\t\t\t\t<div class=\"elementor-widget-container\">\n\t\t\t\t\t\t\t\t\t<div class=\"elementor-swiper\">\n\t\t\t\t\t<div class=\"elementor-main-swiper swiper\" role=\"region\" aria-roledescription=\"carousel\" aria-label=\"Kayd\u0131raklar\">\n\t\t\t\t<div class=\"swiper-wrapper\">\n\t\t\t\t\t\t\t\t\t\t\t<div class=\"swiper-slide\" role=\"group\" aria-roledescription=\"slide\">\n\t\t\t\t\t\t\t\t\t<div class=\"elementor-carousel-image\" role=\"img\" aria-label=\"TS24_DAY4_Logo_ASchneider_02_Interact2\" style=\"background-image: url(&#039;https:\/\/teenstreet.life\/eu\/wp-content\/uploads\/sites\/13\/2024\/07\/TS24_DAY4_Logo_ASchneider_02_Interact2.jpg&#039;)\">\n\n\t\t\t\n\t\t\t\t\t<\/div>\n\t\t\t\t\t\t\t\t<\/div>\n\t\t\t\t\t\t\t\t\t\t\t<div class=\"swiper-slide\" role=\"group\" aria-roledescription=\"slide\">\n\t\t\t\t\t\t\t\t\t<div class=\"elementor-carousel-image\" role=\"img\" aria-label=\"\ud83d\udcf8 Benjamin H\u00f8yland\" style=\"background-image: url(&#039;https:\/\/teenstreet.life\/eu\/wp-content\/uploads\/sites\/13\/2024\/07\/TS24-DAY4-Logo-BHoyland-36-Interact.jpg&#039;)\">\n\n\t\t\t\n\t\t\t\t\t<\/div>\n\t\t\t\t\t\t\t\t<\/div>\n\t\t\t\t\t\t\t\t\t\t\t<div class=\"swiper-slide\" role=\"group\" aria-roledescription=\"slide\">\n\t\t\t\t\t\t\t\t\t<div class=\"elementor-carousel-image\" role=\"img\" aria-label=\"TS24_DAY4_Logo_ASchneider_02_Interact3\" style=\"background-image: url(&#039;https:\/\/teenstreet.life\/eu\/wp-content\/uploads\/sites\/13\/2024\/07\/TS24_DAY4_Logo_ASchneider_02_Interact3.jpg&#039;)\">\n\n\t\t\t\n\t\t\t\t\t<\/div>\n\t\t\t\t\t\t\t\t<\/div>\n\t\t\t\t\t\t\t\t\t\t\t<div class=\"swiper-slide\" role=\"group\" aria-roledescription=\"slide\">\n\t\t\t\t\t\t\t\t\t<div class=\"elementor-carousel-image\" role=\"img\" aria-label=\"TS24_DAY4_Logo_ASchneider_05_Interact3\" style=\"background-image: url(&#039;https:\/\/teenstreet.life\/eu\/wp-content\/uploads\/sites\/13\/2024\/07\/TS24_DAY4_Logo_ASchneider_05_Interact3.jpg&#039;)\">\n\n\t\t\t\n\t\t\t\t\t<\/div>\n\t\t\t\t\t\t\t\t<\/div>\n\t\t\t\t\t\t\t\t\t\t\t<div class=\"swiper-slide\" role=\"group\" aria-roledescription=\"slide\">\n\t\t\t\t\t\t\t\t\t<div class=\"elementor-carousel-image\" role=\"img\" aria-label=\"TS24_Day4_Logo_MBosch_16_Throne Room\" style=\"background-image: url(&#039;https:\/\/teenstreet.life\/eu\/wp-content\/uploads\/sites\/13\/2024\/07\/TS24_Day4_Logo_MBosch_16_Throne-Room.jpg&#039;)\">\n\n\t\t\t\n\t\t\t\t\t<\/div>\n\t\t\t\t\t\t\t\t<\/div>\n\t\t\t\t\t\t\t\t\t<\/div>\n\t\t\t\t\t\t\t\t\t\t\t\t\t\t\t<div class=\"elementor-swiper-button elementor-swiper-button-prev\" role=\"button\" tabindex=\"0\" aria-label=\"\u00d6nceki\">\n\t\t\t\t\t\t\t<i aria-hidden=\"true\" class=\"eicon-chevron-left\"><\/i>\t\t\t\t\t\t<\/div>\n\t\t\t\t\t\t<div class=\"elementor-swiper-button elementor-swiper-button-next\" role=\"button\" tabindex=\"0\" aria-label=\"Sonraki\">\n\t\t\t\t\t\t\t<i aria-hidden=\"true\" class=\"eicon-chevron-right\"><\/i>\t\t\t\t\t\t<\/div>\n\t\t\t\t\t\t\t\t\t\t\t\t\t\t\t\t<div class=\"swiper-pagination\"><\/div>\n\t\t\t\t\t\t\t\t\t\t\t\t<\/div>\n\t\t\t\t<\/div>\n\t\t\t\t\t\t\t\t<\/div>\n\t\t\t\t<\/div>\n\t\t\t\t\t<\/div>\n\t\t<\/div>\n\t\t\t\t\t<\/div>\n\t\t<\/section>\n\t\t\t\t<section class=\"elementor-section elementor-top-section elementor-element elementor-element-22d2b21 elementor-section-boxed elementor-section-height-default elementor-section-height-default wpr-particle-no wpr-jarallax-no wpr-parallax-no wpr-sticky-section-no\" data-id=\"22d2b21\" data-element_type=\"section\" data-e-type=\"section\">\n\t\t\t\t\t\t<div class=\"elementor-container elementor-column-gap-default\">\n\t\t\t\t\t<div class=\"elementor-column elementor-col-100 elementor-top-column elementor-element elementor-element-e8fba36\" data-id=\"e8fba36\" data-element_type=\"column\" data-e-type=\"column\">\n\t\t\t<div class=\"elementor-widget-wrap elementor-element-populated\">\n\t\t\t\t\t\t<div class=\"elementor-element elementor-element-52a0a51 elementor-widget elementor-widget-text-editor\" data-id=\"52a0a51\" data-element_type=\"widget\" data-e-type=\"widget\" data-widget_type=\"text-editor.default\">\n\t\t\t\t<div class=\"elementor-widget-container\">\n\t\t\t\t\t\t\t\t\t<p>4. G\u00fcn: Ho\u015fnutluk<\/p><p>G\u00fcr\u00fclt\u00fcl\u00fc olabilir\" - gen\u00e7ler bug\u00fcn Ana Salon'da bu \u015fark\u0131yla kar\u015f\u0131land\u0131. Pa\u00e7avra yar\u0131\u015f\u0131nda en iyi kost\u00fcm olan Uzayl\u0131lar se\u00e7ildi\u011finde ve toplam ba\u011f\u0131\u015f miktar\u0131 a\u00e7\u0131kland\u0131\u011f\u0131nda da sesler y\u00fckseldi: 48.166 Avro.<\/p>\n<p>Bug\u00fcn\u00fcn temas\u0131 ac\u0131 \u00e7ekti\u011fimiz zamanlarda bile ho\u015fnut olmak \u00fczerineydi. H\u0131ristiyanlara zulmeden eski Saul Pavlus, din de\u011fi\u015ftirdikten sonra \u0130sa'y\u0131 hen\u00fcz tan\u0131mayan insanlara gitti ve \u00e7ok ac\u0131 \u00e7ekti. Di\u011fer \u015feylerin yan\u0131 s\u0131ra, kendi ta\u015flanmas\u0131ndan da kurtuldu. Romal\u0131lar 8:18'den yola \u00e7\u0131karak, ac\u0131 \u00e7ekti\u011fimiz zamanlarda soruna mikroskopla yakla\u015f\u0131r gibi yakla\u015ft\u0131\u011f\u0131m\u0131z\u0131, ancak Pavlus'un bizden uzakla\u015fmam\u0131z\u0131 ve Tanr\u0131'ya odaklanmam\u0131z\u0131 istedi\u011fini fark ettik.<\/p>\n<p>\u00d6\u011fleden sonra s\u0131cak nedeniyle TeenStreet alan\u0131nda pek bir \u015fey olmad\u0131, \u00e7o\u011fu ki\u015fi i\u00e7eride kalmay\u0131 veya yak\u0131ndaki g\u00f6lde y\u00fczmeyi tercih etti.<\/p>\n<p>&nbsp;Ak\u015fam programda biraz daha farkl\u0131 bir Taht Odas\u0131 vard\u0131: dua gecesi. Grup akustik olarak \u00e7ald\u0131 ve 24-7 Dua Gen\u00e7lik Direkt\u00f6r\u00fc Josh Green ak\u015fam boyunca \u00f6nderlik etti. Green, \u0130sa'n\u0131n kiliseyi bir dua toplant\u0131s\u0131 olarak ba\u015flatt\u0131\u011f\u0131n\u0131 ve art\u0131k kilisenin k\u00f6kenine d\u00f6nerek bir dua evi haline gelmesinin zaman\u0131n\u0131n geldi\u011fini vurgulad\u0131. \"Dua \u0131srarc\u0131, tutarl\u0131 ve diren\u00e7li olmal\u0131d\u0131r,\" diyerek bize meydan okudu.<\/p>\n<p>Daha sonra gen\u00e7ler k\u00fc\u00e7\u00fck gruplar halinde ula\u015f\u0131lamayanlar ve birbirleri i\u00e7in dua etmek \u00fczere farkl\u0131 dua istasyonlar\u0131na gittiler. Sonunda, 30'dan fazla ulustan gen\u00e7ler sahneye \u00e7\u0131karak kendi dillerinde \u00fclkeleri i\u00e7in dua ettiler. \"Kutsal bir kaos\" ve yine de Mesih'in bedeninin \u00e7ok g\u00fczel bir i\u015fareti. Son olarak herkes ayn\u0131 anda kendi dillerinde Rab'bin Duas\u0131'n\u0131 okudu.<\/p>\t\t\t\t\t\t\t\t<\/div>\n\t\t\t\t<\/div>\n\t\t\t\t\t<\/div>\n\t\t<\/div>\n\t\t\t\t\t<\/div>\n\t\t<\/section>\n\t\t\t\t<section class=\"elementor-section elementor-top-section elementor-element elementor-element-87967e1 elementor-section-boxed elementor-section-height-default elementor-section-height-default wpr-particle-no wpr-jarallax-no wpr-parallax-no wpr-sticky-section-no\" data-id=\"87967e1\" data-element_type=\"section\" data-e-type=\"section\">\n\t\t\t\t\t\t<div class=\"elementor-container elementor-column-gap-default\">\n\t\t\t\t\t<div class=\"elementor-column elementor-col-100 elementor-top-column elementor-element elementor-element-386a533\" data-id=\"386a533\" data-element_type=\"column\" data-e-type=\"column\">\n\t\t\t<div class=\"elementor-widget-wrap elementor-element-populated\">\n\t\t\t\t\t\t<div class=\"elementor-element elementor-element-887f3fc elementor-widget elementor-widget-image\" data-id=\"887f3fc\" data-element_type=\"widget\" data-e-type=\"widget\" data-widget_type=\"image.default\">\n\t\t\t\t<div class=\"elementor-widget-container\">\n\t\t\t\t\t\t\t\t\t\t\t\t\t\t\t<img decoding=\"async\" src=\"https:\/\/teenstreet.life\/eu\/wp-content\/uploads\/sites\/13\/2024\/07\/Capture-decran-2024-07-30-a-09.37.43.png\" title=\"Capture d&#039;\u00e9cran 2024-07-30 \u00e0 09.37.43\" alt=\"Capture d&#039;\u00e9cran 2024-07-30 \u00e0 09.37.43\" loading=\"lazy\" \/>\t\t\t\t\t\t\t\t\t\t\t\t\t\t\t<\/div>\n\t\t\t\t<\/div>\n\t\t\t\t\t<\/div>\n\t\t<\/div>\n\t\t\t\t\t<\/div>\n\t\t<\/section>\n\t\t\t\t<\/div>","protected":false},"excerpt":{"rendered":"<p>\u00d6nceki Sonraki 4. G\u00fcn: memnuniyet G\u00fcr\u00fclt\u00fcl\u00fc olabilir\u201d - gen\u00e7ler bug\u00fcn Ana Salon'da bu \u015fark\u0131yla kar\u015f\u0131land\u0131. Pa\u00e7avra yar\u0131\u015f\u0131nda en iyi kost\u00fcm olan Uzayl\u0131lar se\u00e7ildi\u011finde ve toplam ba\u011f\u0131\u015f miktar\u0131 a\u00e7\u0131kland\u0131\u011f\u0131nda da sesler y\u00fckseldi: 48,166 Euro. Bug\u00fcn\u00fcn temas\u0131 ac\u0131 \u00e7ekerken bile mutlu olmak \u00fczerineydi. H\u0131ristiyanlara zulmeden eski Saul Pavlus, din de\u011fi\u015ftirdikten sonra \u0130sa'y\u0131 hen\u00fcz tan\u0131mayan insanlara gitti ve \u00e7ok ac\u0131 \u00e7ekti. Di\u011fer \u015feylerin yan\u0131 s\u0131ra, kendi ta\u015flanmas\u0131ndan da kurtuldu. Romal\u0131lar 8:18\u201ce dayanarak, ac\u0131 \u00e7ekti\u011fimiz zamanlarda genellikle soruna mikroskopla yakla\u015ft\u0131\u011f\u0131m\u0131z\u0131, ancak Pavlus'un bizden uzakla\u015fmam\u0131z\u0131 ve Tanr\u0131'ya odaklanmam\u0131z\u0131 istedi\u011fini fark ettik. \u00d6\u011fleden sonra TeenStreet alan\u0131nda s\u0131cak nedeniyle pek bir \u015fey olmad\u0131, bir\u00e7ok ki\u015fi i\u00e7eride kalmay\u0131 ya da yak\u0131ndaki g\u00f6lde y\u00fczmeyi tercih etti.  Ak\u015fam programda biraz daha farkl\u0131 bir Taht Odas\u0131 vard\u0131: dua gecesi. Grup akustik olarak \u00e7ald\u0131 ve 24-7 Dua Gen\u00e7lik Direkt\u00f6r\u00fc Josh Green ak\u015fam boyunca \u00f6nderlik etti. Green, \u0130sa'n\u0131n kiliseyi bir dua toplant\u0131s\u0131 olarak ba\u015flatt\u0131\u011f\u0131n\u0131 ve art\u0131k kilisenin k\u00f6kenine d\u00f6nerek bir dua evi haline gelmesinin zaman\u0131n\u0131n geldi\u011fini vurgulad\u0131. \u201dDua \u0131srarc\u0131, tutarl\u0131 ve diren\u00e7li olmal\u0131d\u0131r\u201c diyerek bizi zorlad\u0131. Daha sonra gen\u00e7ler k\u00fc\u00e7\u00fck gruplar halinde ula\u015f\u0131lamayanlar ve birbirleri i\u00e7in dua etmek \u00fczere farkl\u0131 dua istasyonlar\u0131na gittiler. Sonunda, 30\u201ddan fazla \u00fclkeden gen\u00e7ler kendi dillerinde \u00fclkeleri i\u00e7in dua etmek \u00fczere sahneye \u00e7\u0131kt\u0131lar. \"Kutsal bir kaos\" ve yine de Mesih'in bedeninin \u00e7ok g\u00fczel bir i\u015fareti. Son olarak herkes ayn\u0131 anda kendi dillerinde Rab'bin Duas\u0131'n\u0131 okudu.<\/p>","protected":false},"author":74,"featured_media":7876,"parent":0,"menu_order":0,"comment_status":"closed","ping_status":"closed","template":"","meta":{"iawp_total_views":0,"footnotes":""},"class_list":["post-7873","page","type-page","status-publish","has-post-thumbnail","hentry"],"_links":{"self":[{"href":"https:\/\/teenstreet.life\/eu\/tr\/wp-json\/wp\/v2\/pages\/7873","targetHints":{"allow":["GET"]}}],"collection":[{"href":"https:\/\/teenstreet.life\/eu\/tr\/wp-json\/wp\/v2\/pages"}],"about":[{"href":"https:\/\/teenstreet.life\/eu\/tr\/wp-json\/wp\/v2\/types\/page"}],"author":[{"embeddable":true,"href":"https:\/\/teenstreet.life\/eu\/tr\/wp-json\/wp\/v2\/users\/74"}],"replies":[{"embeddable":true,"href":"https:\/\/teenstreet.life\/eu\/tr\/wp-json\/wp\/v2\/comments?post=7873"}],"version-history":[{"count":5,"href":"https:\/\/teenstreet.life\/eu\/tr\/wp-json\/wp\/v2\/pages\/7873\/revisions"}],"predecessor-version":[{"id":7908,"href":"https:\/\/teenstreet.life\/eu\/tr\/wp-json\/wp\/v2\/pages\/7873\/revisions\/7908"}],"wp:featuredmedia":[{"embeddable":true,"href":"https:\/\/teenstreet.life\/eu\/tr\/wp-json\/wp\/v2\/media\/7876"}],"wp:attachment":[{"href":"https:\/\/teenstreet.life\/eu\/tr\/wp-json\/wp\/v2\/media?parent=7873"}],"curies":[{"name":"wp","href":"https:\/\/api.w.org\/{rel}","templated":true}]}}