{"id":7613,"date":"2024-07-30T11:52:49","date_gmt":"2024-07-30T09:52:49","guid":{"rendered":"https:\/\/teenstreet.life\/eu\/?page_id=7613"},"modified":"2024-08-03T20:11:55","modified_gmt":"2024-08-03T18:11:55","slug":"3-gun-amac","status":"publish","type":"page","link":"https:\/\/teenstreet.life\/eu\/tr\/day-3-purpose\/","title":{"rendered":"3. G\u00fcn - Kamu Yarar\u0131"},"content":{"rendered":"<div data-elementor-type=\"wp-page\" data-elementor-id=\"7613\" class=\"elementor elementor-7613\" data-elementor-post-type=\"page\">\n\t\t\t\t\t\t<section class=\"elementor-section elementor-top-section elementor-element elementor-element-3c756d8 elementor-section-boxed elementor-section-height-default elementor-section-height-default\" data-id=\"3c756d8\" data-element_type=\"section\" data-e-type=\"section\">\n\t\t\t\t\t\t<div class=\"elementor-container elementor-column-gap-default\">\n\t\t\t\t\t<div class=\"elementor-column elementor-col-100 elementor-top-column elementor-element elementor-element-f69963b\" data-id=\"f69963b\" data-element_type=\"column\" data-e-type=\"column\">\n\t\t\t<div class=\"elementor-widget-wrap elementor-element-populated\">\n\t\t\t\t\t\t<div class=\"elementor-element elementor-element-8fdaf50 elementor-skin-carousel elementor-arrows-yes elementor-pagination-type-bullets elementor-pagination-position-outside elementor-widget elementor-widget-media-carousel\" data-id=\"8fdaf50\" data-element_type=\"widget\" data-e-type=\"widget\" data-settings=\"{&quot;skin&quot;:&quot;carousel&quot;,&quot;effect&quot;:&quot;slide&quot;,&quot;show_arrows&quot;:&quot;yes&quot;,&quot;pagination&quot;:&quot;bullets&quot;,&quot;speed&quot;:500,&quot;autoplay&quot;:&quot;yes&quot;,&quot;autoplay_speed&quot;:5000,&quot;loop&quot;:&quot;yes&quot;,&quot;pause_on_hover&quot;:&quot;yes&quot;,&quot;pause_on_interaction&quot;:&quot;yes&quot;,&quot;space_between&quot;:{&quot;unit&quot;:&quot;px&quot;,&quot;size&quot;:10,&quot;sizes&quot;:[]},&quot;space_between_tablet&quot;:{&quot;unit&quot;:&quot;px&quot;,&quot;size&quot;:10,&quot;sizes&quot;:[]},&quot;space_between_mobile&quot;:{&quot;unit&quot;:&quot;px&quot;,&quot;size&quot;:10,&quot;sizes&quot;:[]}}\" data-widget_type=\"media-carousel.default\">\n\t\t\t\t<div class=\"elementor-widget-container\">\n\t\t\t\t\t\t\t\t\t<div class=\"elementor-swiper\">\n\t\t\t\t\t<div class=\"elementor-main-swiper swiper\" role=\"region\" aria-roledescription=\"carousel\" aria-label=\"Kayd\u0131raklar\">\n\t\t\t\t<div class=\"swiper-wrapper\">\n\t\t\t\t\t\t\t\t\t\t\t<div class=\"swiper-slide\" role=\"group\" aria-roledescription=\"slide\">\n\t\t\t\t\t\t\t\t\t<div class=\"elementor-carousel-image\" role=\"img\" aria-label=\"TS24_Day3_Logo_BRathke_09_Mainhall\" style=\"background-image: url(&#039;https:\/\/teenstreet.life\/eu\/wp-content\/uploads\/sites\/13\/2024\/07\/TS24_Day3_Logo_BRathke_09_Mainhall.jpg&#039;)\">\n\n\t\t\t\n\t\t\t\t\t<\/div>\n\t\t\t\t\t\t\t\t<\/div>\n\t\t\t\t\t\t\t\t\t\t\t<div class=\"swiper-slide\" role=\"group\" aria-roledescription=\"slide\">\n\t\t\t\t\t\t\t\t\t<div class=\"elementor-carousel-image\" role=\"img\" aria-label=\"TS24_Day3_Logo_BRathke_11_Mainhall\" style=\"background-image: url(&#039;https:\/\/teenstreet.life\/eu\/wp-content\/uploads\/sites\/13\/2024\/07\/TS24_Day3_Logo_BRathke_11_Mainhall.jpg&#039;)\">\n\n\t\t\t\n\t\t\t\t\t<\/div>\n\t\t\t\t\t\t\t\t<\/div>\n\t\t\t\t\t\t\t\t\t\t\t<div class=\"swiper-slide\" role=\"group\" aria-roledescription=\"slide\">\n\t\t\t\t\t\t\t\t\t<div class=\"elementor-carousel-image\" role=\"img\" aria-label=\"TS24_Day3_Logo_MBosch_52_RAG\" style=\"background-image: url(&#039;https:\/\/teenstreet.life\/eu\/wp-content\/uploads\/sites\/13\/2024\/07\/TS24_Day3_Logo_MBosch_52_RAG.jpg&#039;)\">\n\n\t\t\t\n\t\t\t\t\t<\/div>\n\t\t\t\t\t\t\t\t<\/div>\n\t\t\t\t\t\t\t\t\t\t\t<div class=\"swiper-slide\" role=\"group\" aria-roledescription=\"slide\">\n\t\t\t\t\t\t\t\t\t<div class=\"elementor-carousel-image\" role=\"img\" aria-label=\"TS24_Day3_Logo_MBosch_48_RAG\" style=\"background-image: url(&#039;https:\/\/teenstreet.life\/eu\/wp-content\/uploads\/sites\/13\/2024\/07\/TS24_Day3_Logo_MBosch_48_RAG.jpg&#039;)\">\n\n\t\t\t\n\t\t\t\t\t<\/div>\n\t\t\t\t\t\t\t\t<\/div>\n\t\t\t\t\t\t\t\t\t\t\t<div class=\"swiper-slide\" role=\"group\" aria-roledescription=\"slide\">\n\t\t\t\t\t\t\t\t\t<div class=\"elementor-carousel-image\" role=\"img\" aria-label=\"TS24_DAY3_ARENBERG_LOGO_MAINHALL_GIRLS-10\" style=\"background-image: url(&#039;https:\/\/teenstreet.life\/eu\/wp-content\/uploads\/sites\/13\/2024\/07\/TS24_DAY3_ARENBERG_LOGO_MAINHALL_GIRLS-10-scaled.jpg&#039;)\">\n\n\t\t\t\n\t\t\t\t\t<\/div>\n\t\t\t\t\t\t\t\t<\/div>\n\t\t\t\t\t\t\t\t\t\t\t<div class=\"swiper-slide\" role=\"group\" aria-roledescription=\"slide\">\n\t\t\t\t\t\t\t\t\t<div class=\"elementor-carousel-image\" role=\"img\" aria-label=\"TS24_DAY3_Logo_ASchneider_07_SmallGrooup\" style=\"background-image: url(&#039;https:\/\/teenstreet.life\/eu\/wp-content\/uploads\/sites\/13\/2024\/07\/TS24_DAY3_Logo_ASchneider_07_SmallGrooup-scaled.jpg&#039;)\">\n\n\t\t\t\n\t\t\t\t\t<\/div>\n\t\t\t\t\t\t\t\t<\/div>\n\t\t\t\t\t\t\t\t\t<\/div>\n\t\t\t\t\t\t\t\t\t\t\t\t\t\t\t<div class=\"elementor-swiper-button elementor-swiper-button-prev\" role=\"button\" tabindex=\"0\" aria-label=\"\u00d6nceki\">\n\t\t\t\t\t\t\t<i aria-hidden=\"true\" class=\"eicon-chevron-left\"><\/i>\t\t\t\t\t\t<\/div>\n\t\t\t\t\t\t<div class=\"elementor-swiper-button elementor-swiper-button-next\" role=\"button\" tabindex=\"0\" aria-label=\"Sonraki\">\n\t\t\t\t\t\t\t<i aria-hidden=\"true\" class=\"eicon-chevron-right\"><\/i>\t\t\t\t\t\t<\/div>\n\t\t\t\t\t\t\t\t\t\t\t\t\t\t\t\t<div class=\"swiper-pagination\"><\/div>\n\t\t\t\t\t\t\t\t\t\t\t\t<\/div>\n\t\t\t\t<\/div>\n\t\t\t\t\t\t\t\t<\/div>\n\t\t\t\t<\/div>\n\t\t\t\t<div class=\"elementor-element elementor-element-6c674de elementor-widget elementor-widget-text-editor\" data-id=\"6c674de\" data-element_type=\"widget\" data-e-type=\"widget\" data-widget_type=\"text-editor.default\">\n\t\t\t\t<div class=\"elementor-widget-container\">\n\t\t\t\t\t\t\t\t\t<p>TeenStreet'te 3. G\u00fcn! Erkekler ve K\u0131zlar g\u00fcn\u00fc! RAG yar\u0131\u015f\u0131! Ne g\u00fcnd\u00fc ama! &nbsp;<\/p>\n<p>Bu sabah, k\u0131zlar k\u00fc\u00e7\u00fck grup zamanlar\u0131n\u0131 ge\u00e7irirken erkekler ilk olarak ana salonda bir araya geldi. \u00c7ocuklar El\u00e7ilerin \u0130\u015fleri kitab\u0131ndaki Timoteos, Silas ve Filipus'u incelediler ve \u00fc\u00e7 \u015fey buldular: \u0130sa'ya odaklanmak, kestirme yollara ba\u015fvurmamak ve birbirimize ihtiyac\u0131m\u0131z oldu\u011fu. &nbsp;<\/p>\n<p>Daha sonra k\u0131zlar ana salondayd\u0131 (ve erkekler k\u00fc\u00e7\u00fck gruptayd\u0131). El\u00e7ilerin \u0130\u015fleri kitab\u0131ndaki \u00fc\u00e7 kad\u0131n\u0131 incelediler: Lidya, Meryem (\u0130sa'n\u0131n annesi) ve Tabitha. Bu kad\u0131nlara ve \u00fc\u00e7 konu\u015fmac\u0131n\u0131n tan\u0131kl\u0131klar\u0131na dayanarak, k\u0131zlar birbirleriyle olan birlikteli\u011fin - k\u0131z karde\u015fli\u011fin - ne kadar \u00f6nemli oldu\u011funu, DUNAMIS'in onlarla birlikte oldu\u011funu ve Tanr\u0131 i\u00e7in hi\u00e7bir \u015feyin imkans\u0131z olmad\u0131\u011f\u0131n\u0131 \u00f6\u011frendiler.&nbsp;<\/p>\n<p>\u00d6\u011fleden sonras\u0131 renkli ve g\u00fcr\u00fclt\u00fcl\u00fc ge\u00e7ti - RAG yar\u0131\u015f\u0131! Saat 15:00'ten k\u0131sa bir s\u00fcre sonra ba\u015flang\u0131\u00e7 tabancas\u0131 \u00e7ald\u0131 ve y\u00fczlerce ko\u015fucu - gen\u00e7ler ve yeti\u015fkinler - yola \u00e7\u0131kt\u0131. G\u00fczel yaz havas\u0131nda tur \u00fcst\u00fcne tur att\u0131lar ve TeenStreet toplulu\u011funun geri kalan\u0131 taraf\u0131ndan y\u00fcksek sesle alk\u0131\u015fland\u0131lar ve su ile beslendiler. Sadece en \u00e7ok tur atan ya da en \u00e7ok ba\u011f\u0131\u015f yapan ko\u015fucu de\u011fil, ayn\u0131 zamanda en iyi kost\u00fcm de \u00f6d\u00fcl kazand\u0131; Vikingler, t\u0131rt\u0131llar, astronotlar, uzayl\u0131lar, bir tak\u0131m elbise giyenler ve daha bir\u00e7ok yarat\u0131c\u0131 k\u0131yafet g\u00f6r\u00fclebilir. Ne kadar para topland\u0131\u011f\u0131n\u0131 ve kimin \u00f6d\u00fcl kazand\u0131\u011f\u0131n\u0131 yar\u0131n \u00f6\u011frenece\u011fiz.&nbsp;<\/p>\n<p>&nbsp;Bir ba\u015fka g\u00fczel Taht Odas\u0131n\u0131n ard\u0131ndan, dostluk, spontane ibadet zamanlar\u0131, e\u011flenceli yemekler, spor ve yeni \u0130sa filmine \u00f6zel bir bak\u0131\u015f i\u00e7in de bolca zaman vard\u0131.<\/p>\t\t\t\t\t\t\t\t<\/div>\n\t\t\t\t<\/div>\n\t\t\t\t\t<\/div>\n\t\t<\/div>\n\t\t\t\t\t<\/div>\n\t\t<\/section>\n\t\t\t\t<section class=\"elementor-section elementor-top-section elementor-element elementor-element-52a689e elementor-section-boxed elementor-section-height-default elementor-section-height-default\" data-id=\"52a689e\" data-element_type=\"section\" data-e-type=\"section\">\n\t\t\t\t\t\t<div class=\"elementor-container elementor-column-gap-default\">\n\t\t\t\t\t<div class=\"elementor-column elementor-col-100 elementor-top-column elementor-element elementor-element-3e74c35\" data-id=\"3e74c35\" data-element_type=\"column\" data-e-type=\"column\">\n\t\t\t<div class=\"elementor-widget-wrap elementor-element-populated\">\n\t\t\t\t\t\t<div class=\"elementor-element elementor-element-6abc27e elementor-widget elementor-widget-image\" data-id=\"6abc27e\" data-element_type=\"widget\" data-e-type=\"widget\" data-widget_type=\"image.default\">\n\t\t\t\t<div class=\"elementor-widget-container\">\n\t\t\t\t\t\t\t\t\t\t\t\t\t\t\t<img decoding=\"async\" src=\"https:\/\/teenstreet.life\/eu\/wp-content\/uploads\/sites\/13\/2024\/07\/Capture-decran-2024-07-30-a-09.37.43.png\" title=\"Capture d&#039;\u00e9cran 2024-07-30 \u00e0 09.37.43\" alt=\"Capture d&#039;\u00e9cran 2024-07-30 \u00e0 09.37.43\" loading=\"lazy\" \/>\t\t\t\t\t\t\t\t\t\t\t\t\t\t\t<\/div>\n\t\t\t\t<\/div>\n\t\t\t\t\t<\/div>\n\t\t<\/div>\n\t\t\t\t\t<\/div>\n\t\t<\/section>\n\t\t\t\t<\/div>","protected":false},"excerpt":{"rendered":"<p>Previous Next Day 3 at TeenStreet! Boys and Girls day! RAG race! What a day! &nbsp; This morning, the boys met first in the main hall while the girls had their small group time. The boys looked at Timothy, Silas and Philip in the book of Acts and came up with three things: focus on [&hellip;]<\/p>\n","protected":false},"author":74,"featured_media":7814,"parent":0,"menu_order":0,"comment_status":"closed","ping_status":"closed","template":"","meta":{"iawp_total_views":2,"footnotes":""},"class_list":["post-7613","page","type-page","status-publish","has-post-thumbnail","hentry"],"_links":{"self":[{"href":"https:\/\/teenstreet.life\/eu\/tr\/wp-json\/wp\/v2\/pages\/7613","targetHints":{"allow":["GET"]}}],"collection":[{"href":"https:\/\/teenstreet.life\/eu\/tr\/wp-json\/wp\/v2\/pages"}],"about":[{"href":"https:\/\/teenstreet.life\/eu\/tr\/wp-json\/wp\/v2\/types\/page"}],"author":[{"embeddable":true,"href":"https:\/\/teenstreet.life\/eu\/tr\/wp-json\/wp\/v2\/users\/74"}],"replies":[{"embeddable":true,"href":"https:\/\/teenstreet.life\/eu\/tr\/wp-json\/wp\/v2\/comments?post=7613"}],"version-history":[{"count":5,"href":"https:\/\/teenstreet.life\/eu\/tr\/wp-json\/wp\/v2\/pages\/7613\/revisions"}],"predecessor-version":[{"id":7942,"href":"https:\/\/teenstreet.life\/eu\/tr\/wp-json\/wp\/v2\/pages\/7613\/revisions\/7942"}],"wp:featuredmedia":[{"embeddable":true,"href":"https:\/\/teenstreet.life\/eu\/tr\/wp-json\/wp\/v2\/media\/7814"}],"wp:attachment":[{"href":"https:\/\/teenstreet.life\/eu\/tr\/wp-json\/wp\/v2\/media?parent=7613"}],"curies":[{"name":"wp","href":"https:\/\/api.w.org\/{rel}","templated":true}]}}