{"id":7608,"date":"2024-07-29T19:04:06","date_gmt":"2024-07-29T17:04:06","guid":{"rendered":"https:\/\/teenstreet.life\/eu\/?page_id=7608"},"modified":"2024-07-30T12:33:11","modified_gmt":"2024-07-30T10:33:11","slug":"2-gun-cesur","status":"publish","type":"page","link":"https:\/\/teenstreet.life\/eu\/tr\/day-2-bold\/","title":{"rendered":"2. G\u00fcn - Cesur"},"content":{"rendered":"<div data-elementor-type=\"wp-page\" data-elementor-id=\"7608\" class=\"elementor elementor-7608\" data-elementor-post-type=\"page\">\n\t\t\t\t\t\t<section class=\"elementor-section elementor-top-section elementor-element elementor-element-2146acf elementor-section-boxed elementor-section-height-default elementor-section-height-default\" data-id=\"2146acf\" data-element_type=\"section\" data-e-type=\"section\">\n\t\t\t\t\t\t<div class=\"elementor-container elementor-column-gap-default\">\n\t\t\t\t\t<div class=\"elementor-column elementor-col-100 elementor-top-column elementor-element elementor-element-ce80660\" data-id=\"ce80660\" data-element_type=\"column\" data-e-type=\"column\">\n\t\t\t<div class=\"elementor-widget-wrap elementor-element-populated\">\n\t\t\t\t\t\t<div class=\"elementor-element elementor-element-04e814a elementor-skin-carousel elementor-arrows-yes elementor-pagination-type-bullets elementor-pagination-position-outside elementor-widget elementor-widget-media-carousel\" data-id=\"04e814a\" data-element_type=\"widget\" data-e-type=\"widget\" data-settings=\"{&quot;skin&quot;:&quot;carousel&quot;,&quot;effect&quot;:&quot;slide&quot;,&quot;show_arrows&quot;:&quot;yes&quot;,&quot;pagination&quot;:&quot;bullets&quot;,&quot;speed&quot;:500,&quot;autoplay&quot;:&quot;yes&quot;,&quot;autoplay_speed&quot;:5000,&quot;loop&quot;:&quot;yes&quot;,&quot;pause_on_hover&quot;:&quot;yes&quot;,&quot;pause_on_interaction&quot;:&quot;yes&quot;,&quot;space_between&quot;:{&quot;unit&quot;:&quot;px&quot;,&quot;size&quot;:10,&quot;sizes&quot;:[]},&quot;space_between_tablet&quot;:{&quot;unit&quot;:&quot;px&quot;,&quot;size&quot;:10,&quot;sizes&quot;:[]},&quot;space_between_mobile&quot;:{&quot;unit&quot;:&quot;px&quot;,&quot;size&quot;:10,&quot;sizes&quot;:[]}}\" data-widget_type=\"media-carousel.default\">\n\t\t\t\t<div class=\"elementor-widget-container\">\n\t\t\t\t\t\t\t\t\t<div class=\"elementor-swiper\">\n\t\t\t\t\t<div class=\"elementor-main-swiper swiper\" role=\"region\" aria-roledescription=\"carousel\" aria-label=\"Slajdy\">\n\t\t\t\t<div class=\"swiper-wrapper\">\n\t\t\t\t\t\t\t\t\t\t\t<div class=\"swiper-slide\" role=\"group\" aria-roledescription=\"slide\">\n\t\t\t\t\t\t\t\t\t<div class=\"elementor-carousel-image\" role=\"img\" aria-label=\"TS24_Day2_Logo_RvanKranenburg_18_Mainhall\" style=\"background-image: url(&#039;https:\/\/teenstreet.life\/eu\/wp-content\/uploads\/sites\/13\/2024\/07\/TS24_Day2_Logo_RvanKranenburg_18_Mainhall.jpg&#039;)\">\n\n\t\t\t\n\t\t\t\t\t<\/div>\n\t\t\t\t\t\t\t\t<\/div>\n\t\t\t\t\t\t\t\t\t\t\t<div class=\"swiper-slide\" role=\"group\" aria-roledescription=\"slide\">\n\t\t\t\t\t\t\t\t\t<div class=\"elementor-carousel-image\" role=\"img\" aria-label=\"TS24_Day2_Logo_RvanKranenburg_12_Mainhall\" style=\"background-image: url(&#039;https:\/\/teenstreet.life\/eu\/wp-content\/uploads\/sites\/13\/2024\/07\/TS24_Day2_Logo_RvanKranenburg_12_Mainhall.jpg&#039;)\">\n\n\t\t\t\n\t\t\t\t\t<\/div>\n\t\t\t\t\t\t\t\t<\/div>\n\t\t\t\t\t\t\t\t\t\t\t<div class=\"swiper-slide\" role=\"group\" aria-roledescription=\"slide\">\n\t\t\t\t\t\t\t\t\t<div class=\"elementor-carousel-image\" role=\"img\" aria-label=\"TS24_Day2_Logo_MBosch_28_Throneroom\" style=\"background-image: url(&#039;https:\/\/teenstreet.life\/eu\/wp-content\/uploads\/sites\/13\/2024\/07\/TS24_Day2_Logo_MBosch_28_Throneroom.jpg&#039;)\">\n\n\t\t\t\n\t\t\t\t\t<\/div>\n\t\t\t\t\t\t\t\t<\/div>\n\t\t\t\t\t\t\t\t\t\t\t<div class=\"swiper-slide\" role=\"group\" aria-roledescription=\"slide\">\n\t\t\t\t\t\t\t\t\t<div class=\"elementor-carousel-image\" role=\"img\" aria-label=\"TS24_DAY2_Logo_ASchneider_10_Interact\" style=\"background-image: url(&#039;https:\/\/teenstreet.life\/eu\/wp-content\/uploads\/sites\/13\/2024\/07\/TS24_DAY2_Logo_ASchneider_10_Interact-scaled.jpg&#039;)\">\n\n\t\t\t\n\t\t\t\t\t<\/div>\n\t\t\t\t\t\t\t\t<\/div>\n\t\t\t\t\t\t\t\t\t\t\t<div class=\"swiper-slide\" role=\"group\" aria-roledescription=\"slide\">\n\t\t\t\t\t\t\t\t\t<div class=\"elementor-carousel-image\" role=\"img\" aria-label=\"TS24_Day2_Logo_RvanKranenburg_09_Mainhall\" style=\"background-image: url(&#039;https:\/\/teenstreet.life\/eu\/wp-content\/uploads\/sites\/13\/2024\/07\/TS24_Day2_Logo_RvanKranenburg_09_Mainhall.jpg&#039;)\">\n\n\t\t\t\n\t\t\t\t\t<\/div>\n\t\t\t\t\t\t\t\t<\/div>\n\t\t\t\t\t\t\t\t\t<\/div>\n\t\t\t\t\t\t\t\t\t\t\t\t\t\t\t<div class=\"elementor-swiper-button elementor-swiper-button-prev\" role=\"button\" tabindex=\"0\" aria-label=\"Poprzedni\" data-no-translation-aria-label=\"\">\n\t\t\t\t\t\t\t<i aria-hidden=\"true\" class=\"eicon-chevron-left\"><\/i>\t\t\t\t\t\t<\/div>\n\t\t\t\t\t\t<div class=\"elementor-swiper-button elementor-swiper-button-next\" role=\"button\" tabindex=\"0\" aria-label=\"Nast\u0119pny\" data-no-translation-aria-label=\"\">\n\t\t\t\t\t\t\t<i aria-hidden=\"true\" class=\"eicon-chevron-right\"><\/i>\t\t\t\t\t\t<\/div>\n\t\t\t\t\t\t\t\t\t\t\t\t\t\t\t\t<div class=\"swiper-pagination\"><\/div>\n\t\t\t\t\t\t\t\t\t\t\t\t<\/div>\n\t\t\t\t<\/div>\n\t\t\t\t\t\t\t\t<\/div>\n\t\t\t\t<\/div>\n\t\t\t\t<div class=\"elementor-element elementor-element-976dc05 elementor-widget elementor-widget-text-editor\" data-id=\"976dc05\" data-element_type=\"widget\" data-e-type=\"widget\" data-widget_type=\"text-editor.default\">\n\t\t\t\t<div class=\"elementor-widget-container\">\n\t\t\t\t\t\t\t\t\t<div style=\"clear: both;cursor: text;overflow: visible;position: relative;direction: ltr;, arial, verdana, sans-serif;font-size: 12px\"><div style=\"clear: both;cursor: text;overflow: visible;position: relative;direction: ltr;font-family: 'Segoe UI', 'Segoe UI Web', Arial, Verdana, sans-serif\"><p style=\"margin-right: 0px;margin-bottom: 0px;margin-left: 0px;vertical-align: baseline\"><span lang=\"EN-US\" style=\"font-size: 13pt;line-height: 21.583333px;font-family: AppleSystemUIFont, AppleSystemUIFont_EmbeddedFont, AppleSystemUIFont_MSFontService, sans-serif\" xml:lang=\"EN-US\" data-contrast=\"auto\"><span>\"<\/span><span>Cesaret baz\u0131 \u015feyleri hissetmemektir<\/span><span>\u015fey ve SONRA oyunculuk - tam tersi!\" <\/span><span>\u0130sa'y\u0131 inkar eden korkak Petrus <\/span><span>cesur<\/span><span> \u0130sa gibi davranmaya, onu taklit etmeye ba\u015flad\u0131\u011f\u0131nda. \u0130\u015fte b\u00f6yle <\/span><span style=\"background-position: 0px 100%;background-repeat: repeat-x;background-image: var(--urlSpellingErrorV2,);border-bottom-width: 1px;border-bottom-style: solid;border-bottom-color: transparent\">CESARET<\/span><span> do\u011fmu\u015ftur. Romal\u0131lar 8:37-39'dan ayetler ve fatihlerden daha fazlas\u0131 oldu\u011fumuz vaadiyle gen\u00e7ler k\u00fc\u00e7\u00fck gruplar\u0131na gitmek \u00fczere Ana Salondan ayr\u0131ld\u0131lar.<\/span><\/span><span style=\"font-size: 13pt;line-height: 21.583333px;font-family: AppleSystemUIFont, AppleSystemUIFont_EmbeddedFont, AppleSystemUIFont_MSFontService, sans-serif\" data-ccp-props=\"{}\">\u00a0<\/span><\/p><\/div><div style=\"clear: both;cursor: text;overflow: visible;position: relative;direction: ltr;font-family: 'Segoe UI', 'Segoe UI Web', Arial, Verdana, sans-serif\"><p style=\"margin-right: 0px;margin-bottom: 0px;margin-left: 0px;vertical-align: baseline\"><span style=\"font-size: 13pt;line-height: 21.583333px;font-family: AppleSystemUIFont, AppleSystemUIFont_EmbeddedFont, AppleSystemUIFont_MSFontService, sans-serif\" data-ccp-props=\"{}\">\u00a0<\/span><\/p><\/div><div style=\"clear: both;cursor: text;overflow: visible;position: relative;direction: ltr;font-family: 'Segoe UI', 'Segoe UI Web', Arial, Verdana, sans-serif\"><p style=\"margin-right: 0px;margin-bottom: 0px;margin-left: 0px;vertical-align: baseline\"><span lang=\"EN-US\" style=\"font-size: 13pt;line-height: 21.583333px;font-family: AppleSystemUIFont, AppleSystemUIFont_EmbeddedFont, AppleSystemUIFont_MSFontService, sans-serif\" xml:lang=\"EN-US\" data-contrast=\"auto\"><span>TeenStreet, OM'nin (Operation Mobili<\/span><span>z<\/span><span>ation<\/span><span style=\"background-position: 0px 100%;background-repeat: repeat-x;background-image: var(--urlContextualSpellingAndGrammarErrorV2,);border-bottom-width: 1px;border-bottom-style: solid;border-bottom-color: transparent\">)<\/span><span> OM ise \u0130sa'y\u0131 ve O'nun sevgisini duymak i\u00e7in \u00e7ok az f\u0131rsat\u0131 olan 3 milyar insana ula\u015fmak istiyor. Bu y\u00fczden TeenStreet de her g\u00fcn ula\u015f\u0131lmam\u0131\u015f bir \u00fclkeye odaklan\u0131yor. Bug\u00fcn\u00fcn ula\u015f\u0131lamayan \u00fclkesi K\u0131rg\u0131zistan'd\u0131, bu y\u00fczden g\u00fcn boyunca \u00e7e\u015fitli yerlerde \u00fclke ve halk\u0131 i\u00e7in dua ettik.\u00a0<\/span><\/span><span style=\"font-size: 13pt;line-height: 21.583333px;font-family: AppleSystemUIFont, AppleSystemUIFont_EmbeddedFont, AppleSystemUIFont_MSFontService, sans-serif\" data-ccp-props=\"{}\">\u00a0<\/span><\/p><\/div><div style=\"clear: both;cursor: text;overflow: visible;position: relative;direction: ltr;font-family: 'Segoe UI', 'Segoe UI Web', Arial, Verdana, sans-serif\"><p style=\"margin-right: 0px;margin-bottom: 0px;margin-left: 0px;vertical-align: baseline\"><span style=\"font-size: 13pt;line-height: 21.583333px;font-family: AppleSystemUIFont, AppleSystemUIFont_EmbeddedFont, AppleSystemUIFont_MSFontService, sans-serif\" data-ccp-props=\"{}\">\u00a0<\/span><\/p><\/div><div style=\"clear: both;cursor: text;overflow: visible;position: relative;direction: ltr;font-family: 'Segoe UI', 'Segoe UI Web', Arial, Verdana, sans-serif\"><p style=\"margin-right: 0px;margin-bottom: 0px;margin-left: 0px;vertical-align: baseline\"><span lang=\"EN-US\" style=\"font-size: 13pt;line-height: 21.583333px;font-family: AppleSystemUIFont, AppleSystemUIFont_EmbeddedFont, AppleSystemUIFont_MSFontService, sans-serif\" xml:lang=\"EN-US\" data-contrast=\"auto\"><span>Taht Odas\u0131'nda, El\u00e7ilerin \u0130\u015fleri 3'teki dilencinin iyile\u015ftirilmesi \u00f6yk\u00fcs\u00fcn\u00fc hat\u0131rlad\u0131k. Dilenci, Petrus ve Yuhanna'n\u0131n ortak bir noktas\u0131 vard\u0131: <\/span><span style=\"background-position: 0px 100%;background-repeat: repeat-x;background-image: var(--urlContextualSpellingAndGrammarErrorV2,);border-bottom-width: 1px;border-bottom-style: solid;border-bottom-color: transparent\">Baba<\/span><span> Onlar\u0131 tan\u0131yan, seven <\/span><span>onlar<\/span><span> ve onlar\u0131 iyile\u015ftirmek istiyor - ve ayn\u0131 \u015fey bizim i\u00e7in de ge\u00e7erli. Elle <\/span><span style=\"background-position: 0px 100%;background-repeat: repeat-x;background-image: var(--urlSpellingErrorV2,);border-bottom-width: 1px;border-bottom-style: solid;border-bottom-color: transparent\">Limebear<\/span><span> (Birle\u015fik Krall\u0131k) ibadeti y\u00f6netti. Ruh sa\u011fl\u0131\u011f\u0131 ve kendi anksiyete ve kayg\u0131 sorunlar\u0131 hakk\u0131nda konu\u015ftu. <\/span><span>vurguland\u0131<\/span><span> sadece \u0130sa'da g\u00fcvenlik, umut ve huzur bulabilece\u011fimizi s\u00f6yledi. Bizi bir sonraki cesur iman ad\u0131m\u0131n\u0131 atmaya davet etti - dua ekibine gidin, ko\u00e7umuzla veya k\u00fc\u00e7\u00fck grubumuzla konu\u015fun. Tanr\u0131 zaten bizi bekliyor.\u00a0<\/span><\/span><span style=\"font-size: 13pt;line-height: 21.583333px;font-family: AppleSystemUIFont, AppleSystemUIFont_EmbeddedFont, AppleSystemUIFont_MSFontService, sans-serif\" data-ccp-props=\"{}\">\u00a0<\/span><\/p><\/div><div style=\"clear: both;cursor: text;overflow: visible;position: relative;direction: ltr;font-family: 'Segoe UI', 'Segoe UI Web', Arial, Verdana, sans-serif\"><p style=\"margin-right: 0px;margin-bottom: 0px;margin-left: 0px;vertical-align: baseline\"><span style=\"font-size: 13pt;line-height: 21.583333px;font-family: AppleSystemUIFont, AppleSystemUIFont_EmbeddedFont, AppleSystemUIFont_MSFontService, sans-serif\" data-ccp-props=\"{}\">\u00a0<\/span><\/p><\/div><div style=\"clear: both;cursor: text;overflow: visible;position: relative;direction: ltr;font-family: 'Segoe UI', 'Segoe UI Web', Arial, Verdana, sans-serif\"><p style=\"margin-right: 0px;margin-bottom: 0px;margin-left: 0px;vertical-align: baseline\"><span lang=\"EN-US\" style=\"font-size: 13pt;line-height: 21.583333px;font-family: AppleSystemUIFont, AppleSystemUIFont_EmbeddedFont, AppleSystemUIFont_MSFontService, sans-serif\" xml:lang=\"EN-US\" data-contrast=\"auto\"><span>\u0130badet s\u00fcresi yo\u011fundu ve Tanr\u0131'n\u0131n huzurunda daha uzun s\u00fcre kalmak isteyenler devam edebildi<\/span><span> \u00d6vmek<\/span><span> O Ana Salonda, di\u011ferleri ise hamburger, alkols\u00fcz kokteyller, spor, e\u011flence ve dostlukla bir TeenStreet g\u00fcn\u00fcn\u00fc daha sonland\u0131rd\u0131.<\/span><\/span><span style=\"font-size: 13pt;line-height: 21.583333px;font-family: AppleSystemUIFont, AppleSystemUIFont_EmbeddedFont, AppleSystemUIFont_MSFontService, sans-serif\" data-ccp-props=\"{}\">\u00a0<\/span><\/p><\/div><\/div><div style=\"clear: both;cursor: text;overflow: visible;position: relative;direction: ltr;, arial, verdana, sans-serif;font-size: 12px\">\u00a0<\/div>\t\t\t\t\t\t\t\t<\/div>\n\t\t\t\t<\/div>\n\t\t\t\t\t<\/div>\n\t\t<\/div>\n\t\t\t\t\t<\/div>\n\t\t<\/section>\n\t\t\t\t<section class=\"elementor-section elementor-top-section elementor-element elementor-element-ae84be4 elementor-section-boxed elementor-section-height-default elementor-section-height-default\" data-id=\"ae84be4\" data-element_type=\"section\" data-e-type=\"section\">\n\t\t\t\t\t\t<div class=\"elementor-container elementor-column-gap-default\">\n\t\t\t\t\t<div class=\"elementor-column elementor-col-100 elementor-top-column elementor-element elementor-element-06f2652\" data-id=\"06f2652\" data-element_type=\"column\" data-e-type=\"column\">\n\t\t\t<div class=\"elementor-widget-wrap elementor-element-populated\">\n\t\t\t\t\t\t<div class=\"elementor-element elementor-element-1054a12 elementor-widget elementor-widget-image\" data-id=\"1054a12\" data-element_type=\"widget\" data-e-type=\"widget\" data-widget_type=\"image.default\">\n\t\t\t\t<div class=\"elementor-widget-container\">\n\t\t\t\t\t\t\t\t\t\t\t\t\t\t\t<img decoding=\"async\" src=\"https:\/\/teenstreet.life\/eu\/wp-content\/uploads\/sites\/13\/2024\/07\/Capture-decran-2024-07-30-a-09.37.43.png\" title=\"Capture d&#039;\u00e9cran 2024-07-30 \u00e0 09.37.43\" alt=\"Capture d&#039;\u00e9cran 2024-07-30 \u00e0 09.37.43\" loading=\"lazy\" \/>\t\t\t\t\t\t\t\t\t\t\t\t\t\t\t<\/div>\n\t\t\t\t<\/div>\n\t\t\t\t\t<\/div>\n\t\t<\/div>\n\t\t\t\t\t<\/div>\n\t\t<\/section>\n\t\t\t\t<\/div>","protected":false},"excerpt":{"rendered":"<p>Previous Next \u201cBoldness is not feeling something and THEN acting \u2013 it\u2019s the opposite!\u201d Peter, the coward who denied Jesus, became bold when he began to act like Jesus, imitating him. This is how boldness is born. With the verses from Romans 8:37-39 and the promise that we are more than conquerors, the teenagers were [&hellip;]<\/p>\n","protected":false},"author":74,"featured_media":7720,"parent":0,"menu_order":0,"comment_status":"closed","ping_status":"closed","template":"","meta":{"iawp_total_views":0,"footnotes":""},"class_list":["post-7608","page","type-page","status-publish","has-post-thumbnail","hentry"],"_links":{"self":[{"href":"https:\/\/teenstreet.life\/eu\/tr\/wp-json\/wp\/v2\/pages\/7608","targetHints":{"allow":["GET"]}}],"collection":[{"href":"https:\/\/teenstreet.life\/eu\/tr\/wp-json\/wp\/v2\/pages"}],"about":[{"href":"https:\/\/teenstreet.life\/eu\/tr\/wp-json\/wp\/v2\/types\/page"}],"author":[{"embeddable":true,"href":"https:\/\/teenstreet.life\/eu\/tr\/wp-json\/wp\/v2\/users\/74"}],"replies":[{"embeddable":true,"href":"https:\/\/teenstreet.life\/eu\/tr\/wp-json\/wp\/v2\/comments?post=7608"}],"version-history":[{"count":5,"href":"https:\/\/teenstreet.life\/eu\/tr\/wp-json\/wp\/v2\/pages\/7608\/revisions"}],"predecessor-version":[{"id":7868,"href":"https:\/\/teenstreet.life\/eu\/tr\/wp-json\/wp\/v2\/pages\/7608\/revisions\/7868"}],"wp:featuredmedia":[{"embeddable":true,"href":"https:\/\/teenstreet.life\/eu\/tr\/wp-json\/wp\/v2\/media\/7720"}],"wp:attachment":[{"href":"https:\/\/teenstreet.life\/eu\/tr\/wp-json\/wp\/v2\/media?parent=7608"}],"curies":[{"name":"wp","href":"https:\/\/api.w.org\/{rel}","templated":true}]}}