{"id":7592,"date":"2024-07-27T18:40:09","date_gmt":"2024-07-27T16:40:09","guid":{"rendered":"https:\/\/teenstreet.life\/eu\/?page_id=7592"},"modified":"2024-07-30T12:23:48","modified_gmt":"2024-07-30T10:23:48","slug":"teenstreet-2024u-deneyimleyin","status":"publish","type":"page","link":"https:\/\/teenstreet.life\/eu\/tr\/experience-teenstreet-2024\/","title":{"rendered":"Teenstreet Avrupa 2024 Blog"},"content":{"rendered":"<div data-elementor-type=\"wp-page\" data-elementor-id=\"7592\" class=\"elementor elementor-7592\" data-elementor-post-type=\"page\">\n\t\t\t\t\t\t<section class=\"elementor-section elementor-top-section elementor-element elementor-element-ad54b7a elementor-section-boxed elementor-section-height-default elementor-section-height-default wpr-particle-no wpr-jarallax-no wpr-parallax-no wpr-sticky-section-no\" data-id=\"ad54b7a\" data-element_type=\"section\" data-e-type=\"section\">\n\t\t\t\t\t\t<div class=\"elementor-container elementor-column-gap-default\">\n\t\t\t\t\t<div class=\"elementor-column elementor-col-100 elementor-top-column elementor-element elementor-element-65aa540\" data-id=\"65aa540\" data-element_type=\"column\" data-e-type=\"column\">\n\t\t\t<div class=\"elementor-widget-wrap elementor-element-populated\">\n\t\t\t\t\t\t<div class=\"elementor-element elementor-element-d7b7f09 elementor-grid-3 elementor-grid-tablet-2 elementor-grid-mobile-1 elementor-posts--thumbnail-top elementor-widget elementor-widget-posts\" data-id=\"d7b7f09\" data-element_type=\"widget\" data-e-type=\"widget\" data-settings=\"{&quot;classic_columns&quot;:&quot;3&quot;,&quot;classic_columns_tablet&quot;:&quot;2&quot;,&quot;classic_columns_mobile&quot;:&quot;1&quot;,&quot;classic_row_gap&quot;:{&quot;unit&quot;:&quot;px&quot;,&quot;size&quot;:35,&quot;sizes&quot;:[]},&quot;classic_row_gap_tablet&quot;:{&quot;unit&quot;:&quot;px&quot;,&quot;size&quot;:&quot;&quot;,&quot;sizes&quot;:[]},&quot;classic_row_gap_mobile&quot;:{&quot;unit&quot;:&quot;px&quot;,&quot;size&quot;:&quot;&quot;,&quot;sizes&quot;:[]}}\" data-widget_type=\"posts.classic\">\n\t\t\t\t<div class=\"elementor-widget-container\">\n\t\t\t\t\t\t\t<div class=\"elementor-posts-container elementor-posts elementor-posts--skin-classic elementor-grid\" role=\"list\">\n\t\t\t\t<article class=\"elementor-post elementor-grid-item post-7927 page type-page status-publish has-post-thumbnail hentry\" role=\"listitem\">\n\t\t\t\t<a class=\"elementor-post__thumbnail__link\" href=\"https:\/\/teenstreet.life\/eu\/tr\/day-6-filled\/\" tabindex=\"-1\" >\n\t\t\t<div class=\"elementor-post__thumbnail\"><img fetchpriority=\"high\" decoding=\"async\" width=\"300\" height=\"200\" src=\"https:\/\/teenstreet.life\/eu\/wp-content\/uploads\/sites\/13\/2024\/08\/53896292740_4d5d36e8be_k-300x200.jpg\" class=\"attachment-medium size-medium wp-image-7934\" alt=\"\" srcset=\"https:\/\/teenstreet.life\/eu\/wp-content\/uploads\/sites\/13\/2024\/08\/53896292740_4d5d36e8be_k-300x200.jpg 300w, https:\/\/teenstreet.life\/eu\/wp-content\/uploads\/sites\/13\/2024\/08\/53896292740_4d5d36e8be_k-1024x683.jpg 1024w, https:\/\/teenstreet.life\/eu\/wp-content\/uploads\/sites\/13\/2024\/08\/53896292740_4d5d36e8be_k-768x512.jpg 768w, https:\/\/teenstreet.life\/eu\/wp-content\/uploads\/sites\/13\/2024\/08\/53896292740_4d5d36e8be_k-1536x1024.jpg 1536w, https:\/\/teenstreet.life\/eu\/wp-content\/uploads\/sites\/13\/2024\/08\/53896292740_4d5d36e8be_k-18x12.jpg 18w, https:\/\/teenstreet.life\/eu\/wp-content\/uploads\/sites\/13\/2024\/08\/53896292740_4d5d36e8be_k.jpg 2048w\" sizes=\"(max-width: 300px) 100vw, 300px\" \/><\/div>\n\t\t<\/a>\n\t\t\t\t<div class=\"elementor-post__text\">\n\t\t\t\t<h3 class=\"elementor-post__title\">\n\t\t\t<a href=\"https:\/\/teenstreet.life\/eu\/tr\/day-6-filled\/\" >\n\t\t\t\t6. G\u00fcn - Dolu\t\t\t<\/a>\n\t\t<\/h3>\n\t\t\t\t<div class=\"elementor-post__excerpt\">\n\t\t\t<p>\u00d6nceki Sonraki Bu sabah RAG yar\u0131\u015f\u0131nda en \u00e7ok turu kimin att\u0131\u011f\u0131n\u0131 (24 turla Fransa'dan Axel) ve en \u00e7ok paray\u0131 kimin kazand\u0131\u011f\u0131n\u0131 (Fransa'dan Hanus) \u00f6\u011frendik.<\/p>\n\t\t<\/div>\n\t\t\n\t\t<a class=\"elementor-post__read-more\" href=\"https:\/\/teenstreet.life\/eu\/tr\/day-6-filled\/\" aria-label=\"Read more about Day 6 &#8211; Filled\" tabindex=\"-1\" >\n\t\t\tDaha Fazla Oku \"\t\t<\/a>\n\n\t\t\t\t<\/div>\n\t\t\t\t<\/article>\n\t\t\t\t<article class=\"elementor-post elementor-grid-item post-7888 page type-page status-publish has-post-thumbnail hentry\" role=\"listitem\">\n\t\t\t\t<a class=\"elementor-post__thumbnail__link\" href=\"https:\/\/teenstreet.life\/eu\/tr\/day-5-purpose\/\" tabindex=\"-1\" >\n\t\t\t<div class=\"elementor-post__thumbnail\"><img decoding=\"async\" width=\"300\" height=\"200\" src=\"https:\/\/teenstreet.life\/eu\/wp-content\/uploads\/sites\/13\/2024\/08\/TS24_Day5_Logo_BRathke_08_Throne-Room-300x200.jpg\" class=\"attachment-medium size-medium wp-image-7913\" alt=\"\" srcset=\"https:\/\/teenstreet.life\/eu\/wp-content\/uploads\/sites\/13\/2024\/08\/TS24_Day5_Logo_BRathke_08_Throne-Room-300x200.jpg 300w, https:\/\/teenstreet.life\/eu\/wp-content\/uploads\/sites\/13\/2024\/08\/TS24_Day5_Logo_BRathke_08_Throne-Room-1024x683.jpg 1024w, https:\/\/teenstreet.life\/eu\/wp-content\/uploads\/sites\/13\/2024\/08\/TS24_Day5_Logo_BRathke_08_Throne-Room-768x512.jpg 768w, https:\/\/teenstreet.life\/eu\/wp-content\/uploads\/sites\/13\/2024\/08\/TS24_Day5_Logo_BRathke_08_Throne-Room-1536x1024.jpg 1536w, https:\/\/teenstreet.life\/eu\/wp-content\/uploads\/sites\/13\/2024\/08\/TS24_Day5_Logo_BRathke_08_Throne-Room-2048x1365.jpg 2048w, https:\/\/teenstreet.life\/eu\/wp-content\/uploads\/sites\/13\/2024\/08\/TS24_Day5_Logo_BRathke_08_Throne-Room-18x12.jpg 18w\" sizes=\"(max-width: 300px) 100vw, 300px\" \/><\/div>\n\t\t<\/a>\n\t\t\t\t<div class=\"elementor-post__text\">\n\t\t\t\t<h3 class=\"elementor-post__title\">\n\t\t\t<a href=\"https:\/\/teenstreet.life\/eu\/tr\/day-5-purpose\/\" >\n\t\t\t\t5. G\u00fcn - Ama\u00e7\t\t\t<\/a>\n\t\t<\/h3>\n\t\t\t\t<div class=\"elementor-post__excerpt\">\n\t\t\t<p>\u00d6nceki Sonraki 5. G\u00fcn: Ama\u00e7 Hizmet ekibi olmadan TeenStreet ne olurdu? 652 ki\u015fi bu y\u0131l perde arkas\u0131nda \u00e7al\u0131\u015f\u0131yor ve TeenStreet'i m\u00fcmk\u00fcn k\u0131l\u0131yor - mutfakta,<\/p>\n\t\t<\/div>\n\t\t\n\t\t<a class=\"elementor-post__read-more\" href=\"https:\/\/teenstreet.life\/eu\/tr\/day-5-purpose\/\" aria-label=\"Read more about Day 5 &#8211; Purpose\" tabindex=\"-1\" >\n\t\t\tDaha Fazla Oku \"\t\t<\/a>\n\n\t\t\t\t<\/div>\n\t\t\t\t<\/article>\n\t\t\t\t<article class=\"elementor-post elementor-grid-item post-7873 page type-page status-publish has-post-thumbnail hentry\" role=\"listitem\">\n\t\t\t\t<a class=\"elementor-post__thumbnail__link\" href=\"https:\/\/teenstreet.life\/eu\/tr\/day-4-contentment\/\" tabindex=\"-1\" >\n\t\t\t<div class=\"elementor-post__thumbnail\"><img decoding=\"async\" width=\"300\" height=\"200\" src=\"https:\/\/teenstreet.life\/eu\/wp-content\/uploads\/sites\/13\/2024\/07\/TS24_DAY4_Logo_ASchneider_02_Interact2-300x200.jpg\" class=\"attachment-medium size-medium wp-image-7876\" alt=\"\" srcset=\"https:\/\/teenstreet.life\/eu\/wp-content\/uploads\/sites\/13\/2024\/07\/TS24_DAY4_Logo_ASchneider_02_Interact2-300x200.jpg 300w, https:\/\/teenstreet.life\/eu\/wp-content\/uploads\/sites\/13\/2024\/07\/TS24_DAY4_Logo_ASchneider_02_Interact2-1024x683.jpg 1024w, https:\/\/teenstreet.life\/eu\/wp-content\/uploads\/sites\/13\/2024\/07\/TS24_DAY4_Logo_ASchneider_02_Interact2-768x512.jpg 768w, https:\/\/teenstreet.life\/eu\/wp-content\/uploads\/sites\/13\/2024\/07\/TS24_DAY4_Logo_ASchneider_02_Interact2-1536x1024.jpg 1536w, https:\/\/teenstreet.life\/eu\/wp-content\/uploads\/sites\/13\/2024\/07\/TS24_DAY4_Logo_ASchneider_02_Interact2-2048x1365.jpg 2048w, https:\/\/teenstreet.life\/eu\/wp-content\/uploads\/sites\/13\/2024\/07\/TS24_DAY4_Logo_ASchneider_02_Interact2-18x12.jpg 18w\" sizes=\"(max-width: 300px) 100vw, 300px\" \/><\/div>\n\t\t<\/a>\n\t\t\t\t<div class=\"elementor-post__text\">\n\t\t\t\t<h3 class=\"elementor-post__title\">\n\t\t\t<a href=\"https:\/\/teenstreet.life\/eu\/tr\/day-4-contentment\/\" >\n\t\t\t\t4. G\u00fcn - Ho\u015fnutluk\t\t\t<\/a>\n\t\t<\/h3>\n\t\t\t\t<div class=\"elementor-post__excerpt\">\n\t\t\t<p>\u00d6nceki Sonraki 4. G\u00fcn: contentment It might get loud\" - gen\u00e7ler bug\u00fcn Ana Salon'da bu \u015fark\u0131yla kar\u015f\u0131land\u0131. Ve en iyi kost\u00fcm<\/p>\n\t\t<\/div>\n\t\t\n\t\t<a class=\"elementor-post__read-more\" href=\"https:\/\/teenstreet.life\/eu\/tr\/day-4-contentment\/\" aria-label=\"Read more about Day 4 &#8211; Contentment\" tabindex=\"-1\" >\n\t\t\tDaha Fazla Oku \"\t\t<\/a>\n\n\t\t\t\t<\/div>\n\t\t\t\t<\/article>\n\t\t\t\t<article class=\"elementor-post elementor-grid-item post-7613 page type-page status-publish has-post-thumbnail hentry\" role=\"listitem\">\n\t\t\t\t<a class=\"elementor-post__thumbnail__link\" href=\"https:\/\/teenstreet.life\/eu\/tr\/day-3-purpose\/\" tabindex=\"-1\" >\n\t\t\t<div class=\"elementor-post__thumbnail\"><img loading=\"lazy\" decoding=\"async\" width=\"300\" height=\"200\" src=\"https:\/\/teenstreet.life\/eu\/wp-content\/uploads\/sites\/13\/2024\/07\/TS24_Day3_Logo_MBosch_54_RAG-300x200.jpg\" class=\"attachment-medium size-medium wp-image-7814\" alt=\"\" srcset=\"https:\/\/teenstreet.life\/eu\/wp-content\/uploads\/sites\/13\/2024\/07\/TS24_Day3_Logo_MBosch_54_RAG-300x200.jpg 300w, https:\/\/teenstreet.life\/eu\/wp-content\/uploads\/sites\/13\/2024\/07\/TS24_Day3_Logo_MBosch_54_RAG-1024x683.jpg 1024w, https:\/\/teenstreet.life\/eu\/wp-content\/uploads\/sites\/13\/2024\/07\/TS24_Day3_Logo_MBosch_54_RAG-768x512.jpg 768w, https:\/\/teenstreet.life\/eu\/wp-content\/uploads\/sites\/13\/2024\/07\/TS24_Day3_Logo_MBosch_54_RAG-1536x1024.jpg 1536w, https:\/\/teenstreet.life\/eu\/wp-content\/uploads\/sites\/13\/2024\/07\/TS24_Day3_Logo_MBosch_54_RAG-2048x1365.jpg 2048w, https:\/\/teenstreet.life\/eu\/wp-content\/uploads\/sites\/13\/2024\/07\/TS24_Day3_Logo_MBosch_54_RAG-18x12.jpg 18w\" sizes=\"(max-width: 300px) 100vw, 300px\" \/><\/div>\n\t\t<\/a>\n\t\t\t\t<div class=\"elementor-post__text\">\n\t\t\t\t<h3 class=\"elementor-post__title\">\n\t\t\t<a href=\"https:\/\/teenstreet.life\/eu\/tr\/day-3-purpose\/\" >\n\t\t\t\t3. G\u00fcn - Kamu Yarar\u0131\t\t\t<\/a>\n\t\t<\/h3>\n\t\t\t\t<div class=\"elementor-post__excerpt\">\n\t\t\t<p>\u00d6nceki Sonraki TeenStreet'te 3. G\u00fcn! Erkekler ve K\u0131zlar g\u00fcn\u00fc! RAG yar\u0131\u015f\u0131! Ne g\u00fcnd\u00fc ama!   Bu sabah ilk olarak erkekler ana salonda bir araya gelirken, k\u0131zlar<\/p>\n\t\t<\/div>\n\t\t\n\t\t<a class=\"elementor-post__read-more\" href=\"https:\/\/teenstreet.life\/eu\/tr\/day-3-purpose\/\" aria-label=\"Read more about Day 3 &#8211; The Common Good\" tabindex=\"-1\" >\n\t\t\tDaha Fazla Oku \"\t\t<\/a>\n\n\t\t\t\t<\/div>\n\t\t\t\t<\/article>\n\t\t\t\t<article class=\"elementor-post elementor-grid-item post-7608 page type-page status-publish has-post-thumbnail hentry\" role=\"listitem\">\n\t\t\t\t<a class=\"elementor-post__thumbnail__link\" href=\"https:\/\/teenstreet.life\/eu\/tr\/day-2-bold\/\" tabindex=\"-1\" >\n\t\t\t<div class=\"elementor-post__thumbnail\"><img loading=\"lazy\" decoding=\"async\" width=\"300\" height=\"200\" src=\"https:\/\/teenstreet.life\/eu\/wp-content\/uploads\/sites\/13\/2024\/07\/TS24_Day2_Logo_RvanKranenburg_12_Mainhall-300x200.jpg\" class=\"attachment-medium size-medium wp-image-7720\" alt=\"\" srcset=\"https:\/\/teenstreet.life\/eu\/wp-content\/uploads\/sites\/13\/2024\/07\/TS24_Day2_Logo_RvanKranenburg_12_Mainhall-300x200.jpg 300w, https:\/\/teenstreet.life\/eu\/wp-content\/uploads\/sites\/13\/2024\/07\/TS24_Day2_Logo_RvanKranenburg_12_Mainhall-1024x683.jpg 1024w, https:\/\/teenstreet.life\/eu\/wp-content\/uploads\/sites\/13\/2024\/07\/TS24_Day2_Logo_RvanKranenburg_12_Mainhall-768x512.jpg 768w, https:\/\/teenstreet.life\/eu\/wp-content\/uploads\/sites\/13\/2024\/07\/TS24_Day2_Logo_RvanKranenburg_12_Mainhall-1536x1024.jpg 1536w, https:\/\/teenstreet.life\/eu\/wp-content\/uploads\/sites\/13\/2024\/07\/TS24_Day2_Logo_RvanKranenburg_12_Mainhall-2048x1365.jpg 2048w, https:\/\/teenstreet.life\/eu\/wp-content\/uploads\/sites\/13\/2024\/07\/TS24_Day2_Logo_RvanKranenburg_12_Mainhall-18x12.jpg 18w\" sizes=\"(max-width: 300px) 100vw, 300px\" \/><\/div>\n\t\t<\/a>\n\t\t\t\t<div class=\"elementor-post__text\">\n\t\t\t\t<h3 class=\"elementor-post__title\">\n\t\t\t<a href=\"https:\/\/teenstreet.life\/eu\/tr\/day-2-bold\/\" >\n\t\t\t\t2. G\u00fcn - Cesur\t\t\t<\/a>\n\t\t<\/h3>\n\t\t\t\t<div class=\"elementor-post__excerpt\">\n\t\t\t<p>\u00d6nceki Sonraki \"Cesaret bir \u015feyi hissedip sonra harekete ge\u00e7mek de\u011fildir - tam tersidir!\" \u0130sa'y\u0131 ink\u00e2r eden korkak Petrus, \u0130sa gibi davranmaya ba\u015flad\u0131\u011f\u0131nda cesur oldu ve \u0130sa'y\u0131 taklit etti.<\/p>\n\t\t<\/div>\n\t\t\n\t\t<a class=\"elementor-post__read-more\" href=\"https:\/\/teenstreet.life\/eu\/tr\/day-2-bold\/\" aria-label=\"Read more about Day 2 &#8211; Bold\" tabindex=\"-1\" >\n\t\t\tDaha Fazla Oku \"\t\t<\/a>\n\n\t\t\t\t<\/div>\n\t\t\t\t<\/article>\n\t\t\t\t<article class=\"elementor-post elementor-grid-item post-7600 page type-page status-publish has-post-thumbnail hentry\" role=\"listitem\">\n\t\t\t\t<a class=\"elementor-post__thumbnail__link\" href=\"https:\/\/teenstreet.life\/eu\/tr\/day-1-expectation\/\" tabindex=\"-1\" >\n\t\t\t<div class=\"elementor-post__thumbnail\"><img loading=\"lazy\" decoding=\"async\" width=\"300\" height=\"200\" src=\"https:\/\/teenstreet.life\/eu\/wp-content\/uploads\/sites\/13\/2024\/07\/TS24-DAY1-Logo-VanDenHeuvel-1562-Throneroom-300x200.jpg\" class=\"attachment-medium size-medium wp-image-7666\" alt=\"\" srcset=\"https:\/\/teenstreet.life\/eu\/wp-content\/uploads\/sites\/13\/2024\/07\/TS24-DAY1-Logo-VanDenHeuvel-1562-Throneroom-300x200.jpg 300w, https:\/\/teenstreet.life\/eu\/wp-content\/uploads\/sites\/13\/2024\/07\/TS24-DAY1-Logo-VanDenHeuvel-1562-Throneroom-1024x683.jpg 1024w, https:\/\/teenstreet.life\/eu\/wp-content\/uploads\/sites\/13\/2024\/07\/TS24-DAY1-Logo-VanDenHeuvel-1562-Throneroom-768x512.jpg 768w, https:\/\/teenstreet.life\/eu\/wp-content\/uploads\/sites\/13\/2024\/07\/TS24-DAY1-Logo-VanDenHeuvel-1562-Throneroom-1536x1024.jpg 1536w, https:\/\/teenstreet.life\/eu\/wp-content\/uploads\/sites\/13\/2024\/07\/TS24-DAY1-Logo-VanDenHeuvel-1562-Throneroom-2048x1365.jpg 2048w, https:\/\/teenstreet.life\/eu\/wp-content\/uploads\/sites\/13\/2024\/07\/TS24-DAY1-Logo-VanDenHeuvel-1562-Throneroom-18x12.jpg 18w\" sizes=\"(max-width: 300px) 100vw, 300px\" \/><\/div>\n\t\t<\/a>\n\t\t\t\t<div class=\"elementor-post__text\">\n\t\t\t\t<h3 class=\"elementor-post__title\">\n\t\t\t<a href=\"https:\/\/teenstreet.life\/eu\/tr\/day-1-expectation\/\" >\n\t\t\t\t1. G\u00fcn - Beklentiler\t\t\t<\/a>\n\t\t<\/h3>\n\t\t\t\t<div class=\"elementor-post__excerpt\">\n\t\t\t<p>\u00d6nceki Sonraki 'Tanr\u0131'ya \u015f\u00fck\u00fcrler olsun ey ruhum' - TeenStreet 2024 bug\u00fcn bu \u015fark\u0131yla ba\u015flad\u0131. Ana Salonda b\u00fcy\u00fck bir heyecan ve beklenti vard\u0131.<\/p>\n\t\t<\/div>\n\t\t\n\t\t<a class=\"elementor-post__read-more\" href=\"https:\/\/teenstreet.life\/eu\/tr\/day-1-expectation\/\" aria-label=\"Read more about Day 1 &#8211; Expectation\" tabindex=\"-1\" >\n\t\t\tDaha Fazla Oku \"\t\t<\/a>\n\n\t\t\t\t<\/div>\n\t\t\t\t<\/article>\n\t\t\t\t<\/div>\n\t\t\n\t\t\t\t\t\t<\/div>\n\t\t\t\t<\/div>\n\t\t\t\t\t<\/div>\n\t\t<\/div>\n\t\t\t\t\t<\/div>\n\t\t<\/section>\n\t\t\t\t<\/div>","protected":false},"excerpt":{"rendered":"","protected":false},"author":42,"featured_media":0,"parent":0,"menu_order":0,"comment_status":"closed","ping_status":"closed","template":"","meta":{"iawp_total_views":1,"footnotes":""},"class_list":["post-7592","page","type-page","status-publish","hentry"],"_links":{"self":[{"href":"https:\/\/teenstreet.life\/eu\/tr\/wp-json\/wp\/v2\/pages\/7592","targetHints":{"allow":["GET"]}}],"collection":[{"href":"https:\/\/teenstreet.life\/eu\/tr\/wp-json\/wp\/v2\/pages"}],"about":[{"href":"https:\/\/teenstreet.life\/eu\/tr\/wp-json\/wp\/v2\/types\/page"}],"author":[{"embeddable":true,"href":"https:\/\/teenstreet.life\/eu\/tr\/wp-json\/wp\/v2\/users\/42"}],"replies":[{"embeddable":true,"href":"https:\/\/teenstreet.life\/eu\/tr\/wp-json\/wp\/v2\/comments?post=7592"}],"version-history":[{"count":5,"href":"https:\/\/teenstreet.life\/eu\/tr\/wp-json\/wp\/v2\/pages\/7592\/revisions"}],"predecessor-version":[{"id":7762,"href":"https:\/\/teenstreet.life\/eu\/tr\/wp-json\/wp\/v2\/pages\/7592\/revisions\/7762"}],"wp:attachment":[{"href":"https:\/\/teenstreet.life\/eu\/tr\/wp-json\/wp\/v2\/media?parent=7592"}],"curies":[{"name":"wp","href":"https:\/\/api.w.org\/{rel}","templated":true}]}}