{"id":60,"date":"2020-05-25T09:24:00","date_gmt":"2020-05-25T09:24:00","guid":{"rendered":"https:\/\/teenstreet.life\/eu\/?page_id=60"},"modified":"2023-11-29T12:57:44","modified_gmt":"2023-11-29T11:57:44","slug":"tarih","status":"publish","type":"page","link":"https:\/\/teenstreet.life\/eu\/tr\/about\/history\/","title":{"rendered":"Tarih"},"content":{"rendered":"<div data-elementor-type=\"wp-page\" data-elementor-id=\"60\" class=\"elementor elementor-60\" data-elementor-post-type=\"page\">\n\t\t\t\t\t\t<section class=\"elementor-section elementor-top-section elementor-element elementor-element-672cfdb elementor-section-boxed elementor-section-height-default elementor-section-height-default\" data-id=\"672cfdb\" data-element_type=\"section\" data-e-type=\"section\">\n\t\t\t\t\t\t<div class=\"elementor-container elementor-column-gap-default\">\n\t\t\t\t\t<div class=\"elementor-column elementor-col-16 elementor-top-column elementor-element elementor-element-54fde2a\" data-id=\"54fde2a\" data-element_type=\"column\" data-e-type=\"column\">\n\t\t\t<div class=\"elementor-widget-wrap\">\n\t\t\t\t\t\t\t<\/div>\n\t\t<\/div>\n\t\t\t\t<div class=\"elementor-column elementor-col-66 elementor-top-column elementor-element elementor-element-50a2e63\" data-id=\"50a2e63\" data-element_type=\"column\" data-e-type=\"column\">\n\t\t\t<div class=\"elementor-widget-wrap elementor-element-populated\">\n\t\t\t\t\t\t<div class=\"elementor-element elementor-element-19d84d82 elementor-widget elementor-widget-text-editor\" data-id=\"19d84d82\" data-element_type=\"widget\" data-e-type=\"widget\" data-widget_type=\"text-editor.default\">\n\t\t\t\t<div class=\"elementor-widget-container\">\n\t\t\t\t\t\t\t\t\t<p>TeenStreet, 1992&#039;de gen\u00e7ler i\u00e7in uluslararas\u0131 bir H\u0131ristiyan konferans\u0131 i\u00e7in bir vizyon olarak ba\u015flad\u0131. ABD&#039;den kurucular Dan ve Suzie Potter ona TeenStreet ad\u0131n\u0131 verdiler, \u00e7\u00fcnk\u00fc &quot;b\u00fct\u00fcn ama\u00e7 gen\u00e7lere seyahat edecekleri bir sokak...ya\u015famak i\u00e7in bir yol vermekti&quot;.<\/p>\n<p>\u0130lk TeenStreet 1993 yaz\u0131nda Almanya&#039;n\u0131n Offenburg kentinde toplam 56 ki\u015fiyle yap\u0131ld\u0131. Oradan h\u0131zla b\u00fcy\u00fcd\u00fc ve 2000 y\u0131l\u0131na kadar kat\u0131l\u0131m 2.000&#039;i a\u015ft\u0131.<\/p>\n<p>2004&#039;te TeenStreet Brezilya&#039;ya, ard\u0131ndan 2010&#039;da Avustralya&#039;ya geni\u015fledi ve d\u00fcnya \u00e7ap\u0131nda benzer hareketler ba\u015flat\u0131ld\u0131.<\/p>\n<p>Bug\u00fcn, TeenStreet yedi \u00fclkede faaliyet g\u00f6steriyor ve her y\u0131l toplam 8.000 kat\u0131l\u0131mc\u0131yla \u00e7al\u0131\u015f\u0131yor - ancak b\u00fcy\u00fcmeyi bitirmedik.<\/p>\n<p>Eski TeenStreet Europe direkt\u00f6r\u00fc Ger van Veen, &quot;TeenStreet bir haftal\u0131k bir etkinlikten \u00e7ok daha fazlas\u0131d\u0131r&quot; diye a\u00e7\u0131kl\u0131yor. &quot;Binlerce gen\u00e7 her y\u0131l TeenStreet&#039;ten ayr\u0131l\u0131yor ve \u0130sa i\u00e7in ya\u015fama ve O&#039;nu kendi d\u00fcnyalar\u0131na yans\u0131tma yetkisine sahip oluyor.&quot;<\/p>\n<p>2020&#039;de TeenStreet, COVID-19 pandemisine yan\u0131t olarak ilk \u00e7evrimi\u00e7i etkinli\u011fini ba\u015flatt\u0131. Etkimiz yeni teknolojiler ve f\u0131rsatlar yoluyla geni\u015fledik\u00e7e, Tanr\u0131&#039;n\u0131n gelece\u011fe y\u00f6nelik y\u00f6nlendirmesini izliyoruz, kendisini O&#039;nun ad\u0131n\u0131 y\u00fcceltmeye adam\u0131\u015f \u0130sa takip\u00e7ilerinin k\u00fcresel bir toplulu\u011fu olarak birlikte yolculuk ediyoruz.<\/p>\t\t\t\t\t\t\t\t<\/div>\n\t\t\t\t<\/div>\n\t\t\t\t\t<\/div>\n\t\t<\/div>\n\t\t\t\t<div class=\"elementor-column elementor-col-16 elementor-top-column elementor-element elementor-element-0320df7\" data-id=\"0320df7\" data-element_type=\"column\" data-e-type=\"column\">\n\t\t\t<div class=\"elementor-widget-wrap\">\n\t\t\t\t\t\t\t<\/div>\n\t\t<\/div>\n\t\t\t\t\t<\/div>\n\t\t<\/section>\n\t\t\t\t<\/div>","protected":false},"excerpt":{"rendered":"<p>TeenStreet began in 1992 as a vision for an international Christian conference for teens. Founders Dan and Suzie Potter from the U.S. gave it the name TeenStreet \u201cbecause the whole purpose was to give teens a street to travel upon\u2026a way to live\u201d. The first TeenStreet was held in Offenburg, Germany, in the summer of [&hellip;]<\/p>\n","protected":false},"author":1,"featured_media":7036,"parent":56,"menu_order":0,"comment_status":"closed","ping_status":"closed","template":"","meta":{"iawp_total_views":30,"footnotes":""},"class_list":["post-60","page","type-page","status-publish","has-post-thumbnail","hentry"],"_links":{"self":[{"href":"https:\/\/teenstreet.life\/eu\/tr\/wp-json\/wp\/v2\/pages\/60","targetHints":{"allow":["GET"]}}],"collection":[{"href":"https:\/\/teenstreet.life\/eu\/tr\/wp-json\/wp\/v2\/pages"}],"about":[{"href":"https:\/\/teenstreet.life\/eu\/tr\/wp-json\/wp\/v2\/types\/page"}],"author":[{"embeddable":true,"href":"https:\/\/teenstreet.life\/eu\/tr\/wp-json\/wp\/v2\/users\/1"}],"replies":[{"embeddable":true,"href":"https:\/\/teenstreet.life\/eu\/tr\/wp-json\/wp\/v2\/comments?post=60"}],"version-history":[{"count":1,"href":"https:\/\/teenstreet.life\/eu\/tr\/wp-json\/wp\/v2\/pages\/60\/revisions"}],"predecessor-version":[{"id":7039,"href":"https:\/\/teenstreet.life\/eu\/tr\/wp-json\/wp\/v2\/pages\/60\/revisions\/7039"}],"up":[{"embeddable":true,"href":"https:\/\/teenstreet.life\/eu\/tr\/wp-json\/wp\/v2\/pages\/56"}],"wp:featuredmedia":[{"embeddable":true,"href":"https:\/\/teenstreet.life\/eu\/tr\/wp-json\/wp\/v2\/media\/7036"}],"wp:attachment":[{"href":"https:\/\/teenstreet.life\/eu\/tr\/wp-json\/wp\/v2\/media?parent=60"}],"curies":[{"name":"wp","href":"https:\/\/api.w.org\/{rel}","templated":true}]}}