{"id":56,"date":"2020-05-25T09:23:25","date_gmt":"2020-05-25T09:23:25","guid":{"rendered":"https:\/\/teenstreet.life\/eu\/?page_id=56"},"modified":"2023-11-29T12:56:54","modified_gmt":"2023-11-29T11:56:54","slug":"hakkinda","status":"publish","type":"page","link":"https:\/\/teenstreet.life\/eu\/tr\/about\/","title":{"rendered":"Teenstreet hakk\u0131nda"},"content":{"rendered":"<div data-elementor-type=\"wp-page\" data-elementor-id=\"56\" class=\"elementor elementor-56\" data-elementor-post-type=\"page\">\n\t\t\t\t\t\t<section class=\"elementor-section elementor-top-section elementor-element elementor-element-c593276 elementor-section-boxed elementor-section-height-default elementor-section-height-default wpr-particle-no wpr-jarallax-no wpr-parallax-no wpr-sticky-section-no\" data-id=\"c593276\" data-element_type=\"section\" data-e-type=\"section\">\n\t\t\t\t\t\t<div class=\"elementor-container elementor-column-gap-default\">\n\t\t\t\t\t<div class=\"elementor-column elementor-col-16 elementor-top-column elementor-element elementor-element-2af51f9\" data-id=\"2af51f9\" data-element_type=\"column\" data-e-type=\"column\">\n\t\t\t<div class=\"elementor-widget-wrap\">\n\t\t\t\t\t\t\t<\/div>\n\t\t<\/div>\n\t\t\t\t<div class=\"elementor-column elementor-col-66 elementor-top-column elementor-element elementor-element-9c8ab1e\" data-id=\"9c8ab1e\" data-element_type=\"column\" data-e-type=\"column\">\n\t\t\t<div class=\"elementor-widget-wrap elementor-element-populated\">\n\t\t\t\t\t\t<div class=\"elementor-element elementor-element-4f3065b elementor-widget elementor-widget-text-editor\" data-id=\"4f3065b\" data-element_type=\"widget\" data-e-type=\"widget\" data-widget_type=\"text-editor.default\">\n\t\t\t\t<div class=\"elementor-widget-container\">\n\t\t\t\t\t\t\t\t\t<p>TeenStreet, gen\u00e7ler i\u00e7in uluslararas\u0131 bir H\u0131ristiyan etkinli\u011fidir. Avrupa&#039;n\u0131n her yerinden (H\u0131ristiyan) gen\u00e7leri, \u0130sa ile ger\u00e7ek bir dostlu\u011fa sahip olmalar\u0131 ve O&#039;nu kendi d\u00fcnyalar\u0131nda her g\u00fcn yans\u0131tmalar\u0131 i\u00e7in motive etmek, donatmak ve onlarla birlikte y\u00fcr\u00fcmek i\u00e7in Kilise ile birlikte \u00e7al\u0131\u015f\u0131yoruz.<\/p><p>TeenStreet 1993 y\u0131l\u0131nda toplam 53 gen\u00e7le ba\u015flad\u0131 ve h\u0131zla b\u00fcy\u00fcd\u00fc. Bug\u00fcn 6 \u00fclkede 7 y\u0131ll\u0131k haftal\u0131k etkinli\u011fimiz ve 4 k\u0131taya yay\u0131lm\u0131\u015f 15&#039;ten fazla \u00fclkede birden fazla hafta sonu etkinli\u011fimiz var. Bu etkinliklere yakla\u015f\u0131k 10.000 kat\u0131l\u0131mc\u0131 ve g\u00f6n\u00fcll\u00fc kat\u0131l\u0131r ve yat\u0131r\u0131m yapar. \u00d6n\u00fcm\u00fczdeki y\u0131llarda, Orta Do\u011fu, Afrika ve Asya dahil olmak \u00fczere d\u00fcnyan\u0131n d\u00f6rt bir yan\u0131ndaki \u00fclkelerde en az 30 etkinli\u011fin daha ba\u015flamas\u0131n\u0131 bekliyoruz.<\/p><p>Kiliseler ve gen\u00e7lik gruplar\u0131yla birlikte \u00e7al\u0131\u015fmaya, onlar\u0131 gen\u00e7lere y\u00f6nelik hizmetlerinde desteklemeye kararl\u0131y\u0131z. Ayn\u0131 zamanda, kiliselerle i\u015fbirli\u011fini vurguluyoruz, \u00e7\u00fcnk\u00fc gen\u00e7lerin TeenStreet&#039;ten sonra par\u00e7as\u0131 olacaklar\u0131 bir H\u0131ristiyan toplulu\u011fa sahip olmas\u0131 \u00e7ok \u00f6nemli.<\/p><p>TeenStreet&#039;te gen\u00e7leri \u0130sa ile y\u00fcr\u00fcy\u00fc\u015fleri konusunda cesaretlendirmek ve ak\u0131ll\u0131ca kararlar vermelerine yard\u0131mc\u0131 olmak istiyoruz. Bu nedenle her kat\u0131l\u0131mc\u0131 k\u00fc\u00e7\u00fck bir grubun par\u00e7as\u0131d\u0131r. K\u00fc\u00e7\u00fck bir grubun \u00fcyeleri ayn\u0131 dili payla\u015f\u0131r ve ayn\u0131 ya\u015ftad\u0131r. Yeti\u015fkin liderleri onlar\u0131 destekler ve \u0130sa ile olan ki\u015fisel ili\u015fkisini onlarla payla\u015f\u0131r.<\/p><p>Ana toplant\u0131lar s\u0131ras\u0131nda gen\u00e7ler, Tanr\u0131 ile ili\u015fki i\u00e7inde ya\u015famay\u0131 da \u00f6\u011frenirler. Ana toplant\u0131larda duyduklar\u0131n\u0131 k\u00fc\u00e7\u00fck gruplar\u0131na al\u0131p \u00fczerinde d\u00fc\u015f\u00fcnmeleri ve evdeki ya\u015famlar\u0131na uygulamalar\u0131. Buna ek olarak, TeenStreet gen\u00e7lerin kat\u0131lmas\u0131 i\u00e7in spor, yarat\u0131c\u0131 sanatlar, seminerler ve at\u00f6lye \u00e7al\u0131\u015fmalar\u0131 gibi bir\u00e7ok heyecan verici \u015fey sunuyor. Ayr\u0131ca, farkl\u0131 k\u00fclt\u00fcrel ve kilise ge\u00e7mi\u015flerine sahip di\u011fer \u00fclkelerden insanlarla tan\u0131\u015fmak i\u00e7in bo\u015f zamanlar\u0131 vard\u0131r.<\/p>\t\t\t\t\t\t\t\t<\/div>\n\t\t\t\t<\/div>\n\t\t\t\t<div class=\"elementor-element elementor-element-bfa60f8 elementor-widget elementor-widget-heading\" data-id=\"bfa60f8\" data-element_type=\"widget\" data-e-type=\"widget\" data-widget_type=\"heading.default\">\n\t\t\t\t<div class=\"elementor-widget-container\">\n\t\t\t\t\t<h2 class=\"elementor-heading-title elementor-size-default\">G\u00f6r\u00fc\u015f<\/h2>\t\t\t\t<\/div>\n\t\t\t\t<\/div>\n\t\t\t\t<div class=\"elementor-element elementor-element-7a02c69 elementor-blockquote--skin-quotation elementor-widget elementor-widget-blockquote\" data-id=\"7a02c69\" data-element_type=\"widget\" data-e-type=\"widget\" data-widget_type=\"blockquote.default\">\n\t\t\t\t<div class=\"elementor-widget-container\">\n\t\t\t\t\t\t\t<blockquote class=\"elementor-blockquote\">\n\t\t\t<p class=\"elementor-blockquote__content\">\n\t\t\t\tTeenStreet, (H\u0131ristiyan) gen\u00e7leri \u0130sa ile ger\u00e7ek bir dostluk kurmalar\u0131 ve O&#039;nu kendi d\u00fcnyalar\u0131nda her g\u00fcn yans\u0131tmalar\u0131 i\u00e7in motive etmek, donatmak ve onlarla birlikte y\u00fcr\u00fcmek i\u00e7in Kilise ile birlikte \u00e7al\u0131\u015f\u0131r.  \t\t\t<\/p>\n\t\t\t\t\t<\/blockquote>\n\t\t\t\t\t\t<\/div>\n\t\t\t\t<\/div>\n\t\t\t\t<div class=\"elementor-element elementor-element-c367197 elementor-widget elementor-widget-heading\" data-id=\"c367197\" data-element_type=\"widget\" data-e-type=\"widget\" data-widget_type=\"heading.default\">\n\t\t\t\t<div class=\"elementor-widget-container\">\n\t\t\t\t\t<h2 class=\"elementor-heading-title elementor-size-default\">TeenStreet hakk\u0131nda daha fazla bilgi<\/h2>\t\t\t\t<\/div>\n\t\t\t\t<\/div>\n\t\t\t\t\t<\/div>\n\t\t<\/div>\n\t\t\t\t<div class=\"elementor-column elementor-col-16 elementor-top-column elementor-element elementor-element-e3a5560\" data-id=\"e3a5560\" data-element_type=\"column\" data-e-type=\"column\">\n\t\t\t<div class=\"elementor-widget-wrap\">\n\t\t\t\t\t\t\t<\/div>\n\t\t<\/div>\n\t\t\t\t\t<\/div>\n\t\t<\/section>\n\t\t\t\t<section class=\"elementor-section elementor-inner-section elementor-element elementor-element-6d47c340 elementor-section-boxed elementor-section-height-default elementor-section-height-default wpr-particle-no wpr-jarallax-no wpr-parallax-no wpr-sticky-section-no\" data-id=\"6d47c340\" data-element_type=\"section\" data-e-type=\"section\">\n\t\t\t\t\t\t<div class=\"elementor-container elementor-column-gap-extended\">\n\t\t\t\t\t<div class=\"elementor-column elementor-col-33 elementor-inner-column elementor-element elementor-element-64429f9c\" data-id=\"64429f9c\" data-element_type=\"column\" data-e-type=\"column\">\n\t\t\t<div class=\"elementor-widget-wrap elementor-element-populated\">\n\t\t\t\t\t\t<div class=\"elementor-element elementor-element-59b56d48 elementor-widget elementor-widget-ts-card\" data-id=\"59b56d48\" data-element_type=\"widget\" data-e-type=\"widget\" data-widget_type=\"ts-card.default\">\n\t\t\t\t<div class=\"elementor-widget-container\">\n\t\t\t\t\t            <div class=\"ts-card ts-image-background\" style=\"background-image: url(https:\/\/teenstreet.life\/eu\/wp-content\/uploads\/sites\/13\/2020\/05\/teenstreet-1993-participants.jpg);\">\r\n\r\n                \t\t\t\t\t<h3 class=\"ts-card-title\">\r\n\t\t\t\t\t\t<a href=\"https:\/\/teenstreet.life\/eu\/tr\/hakkinda\/tarih\/\">\r\n\t\t\t\t\t\t\tTarih\t\t\t\t\t\t<\/a>\r\n                    <\/h3>\r\n                \r\n                                    <p class=\"ts-card-description\">\r\n                        TeenStreet, 1993 y\u0131l\u0131nda Oldenburg&#039;da 56 kat\u0131l\u0131mc\u0131 ile ba\u015flad\u0131. \u015eimdi her y\u0131l 20 farkl\u0131 \u00fclkeden 4.000 kat\u0131l\u0131mc\u0131, \u0130sa&#039;y\u0131 daha iyi tan\u0131mak ve Tanr\u0131&#039;y\u0131 b\u00fcy\u00fck yapmak i\u00e7in bir araya geliyor!                    <\/p>\r\n                \t\t\t\t\r\n\r\n                                    <a class=\"ts-card-button elementor-button-link\" href=\"https:\/\/teenstreet.life\/eu\/tr\/hakkinda\/tarih\/\">\r\n                        Daha fazla bilgi                    <\/a>\r\n                \r\n                 \r\n                    <a class=\"ts-card-full-link\" href=\"https:\/\/teenstreet.life\/eu\/tr\/hakkinda\/tarih\/\"><\/a>\r\n                \r\n            <\/div>\r\n\r\n        \t\t\t\t<\/div>\n\t\t\t\t<\/div>\n\t\t\t\t\t<\/div>\n\t\t<\/div>\n\t\t\t\t<div class=\"elementor-column elementor-col-33 elementor-inner-column elementor-element elementor-element-364681c9\" data-id=\"364681c9\" data-element_type=\"column\" data-e-type=\"column\">\n\t\t\t<div class=\"elementor-widget-wrap elementor-element-populated\">\n\t\t\t\t\t\t<div class=\"elementor-element elementor-element-7a182468 elementor-widget elementor-widget-ts-card\" data-id=\"7a182468\" data-element_type=\"widget\" data-e-type=\"widget\" data-widget_type=\"ts-card.default\">\n\t\t\t\t<div class=\"elementor-widget-container\">\n\t\t\t\t\t            <div class=\"ts-card ts-image-background\" style=\"background-image: url(https:\/\/teenstreet.life\/eu\/wp-content\/uploads\/sites\/13\/2020\/05\/core-values-480x480.jpg);\">\r\n\r\n                \t\t\t\t\t<h3 class=\"ts-card-title\">\r\n\t\t\t\t\t\t<a href=\"https:\/\/teenstreet.life\/eu\/tr\/hakkinda\/temel-degerler\/\">\r\n\t\t\t\t\t\t\tTemel de\u011ferler\t\t\t\t\t\t<\/a>\r\n                    <\/h3>\r\n                \r\n                                    <p class=\"ts-card-description\">\r\n                        TeenStreet&#039;te gen\u00e7lerin ciddiye al\u0131nmas\u0131 gerekti\u011fine inan\u0131yoruz; hayalleri ve m\u00fccadeleleri. Onlar, yat\u0131r\u0131m yapmam\u0131z gereken yar\u0131n\u0131n liderleridir. \u0130\u015fte bu y\u00fczden TeenStreet var.                    <\/p>\r\n                \t\t\t\t\r\n\r\n                                    <a class=\"ts-card-button elementor-button-link\" href=\"https:\/\/teenstreet.life\/eu\/tr\/hakkinda\/temel-degerler\/\">\r\n                        Degerlerimiz                    <\/a>\r\n                \r\n                 \r\n                    <a class=\"ts-card-full-link\" href=\"https:\/\/teenstreet.life\/eu\/tr\/hakkinda\/temel-degerler\/\"><\/a>\r\n                \r\n            <\/div>\r\n\r\n        \t\t\t\t<\/div>\n\t\t\t\t<\/div>\n\t\t\t\t\t<\/div>\n\t\t<\/div>\n\t\t\t\t<div class=\"elementor-column elementor-col-33 elementor-inner-column elementor-element elementor-element-10a5bb30\" data-id=\"10a5bb30\" data-element_type=\"column\" data-e-type=\"column\">\n\t\t\t<div class=\"elementor-widget-wrap elementor-element-populated\">\n\t\t\t\t\t\t<div class=\"elementor-element elementor-element-2524ee34 elementor-widget elementor-widget-ts-card\" data-id=\"2524ee34\" data-element_type=\"widget\" data-e-type=\"widget\" data-widget_type=\"ts-card.default\">\n\t\t\t\t<div class=\"elementor-widget-container\">\n\t\t\t\t\t            <div class=\"ts-card ts-image-background\" style=\"background-image: url(https:\/\/teenstreet.life\/eu\/wp-content\/uploads\/sites\/13\/2020\/05\/ts-about-om-480x480.png);\">\r\n\r\n                \t\t\t\t\t<h3 class=\"ts-card-title\">\r\n\t\t\t\t\t\t<a href=\"https:\/\/teenstreet.life\/eu\/tr\/hakkinda\/om-hakkinda\/\">\r\n\t\t\t\t\t\t\tOM hakk\u0131nda\t\t\t\t\t\t<\/a>\r\n                    <\/h3>\r\n                \r\n                                    <p class=\"ts-card-description\">\r\n                        TeenStreet, 110&#039;dan fazla \u00fclkede faaliyet g\u00f6steren ve insanlar\u0131 Tanr\u0131&#039;n\u0131n sevgisini d\u00fcnya \u00e7ap\u0131nda payla\u015fmalar\u0131 i\u00e7in donatan ve motive eden misyoner bir organizasyon olan Mobilizasyon Operasyonu&#039;nun bir bakanl\u0131\u011f\u0131d\u0131r.                    <\/p>\r\n                \t\t\t\t\r\n\r\n                                    <a class=\"ts-card-button elementor-button-link\" href=\"https:\/\/teenstreet.life\/eu\/tr\/hakkinda\/om-hakkinda\/\">\r\n                        Daha fazlas\u0131n\u0131 ke\u015ffet                    <\/a>\r\n                \r\n                 \r\n                    <a class=\"ts-card-full-link\" href=\"https:\/\/teenstreet.life\/eu\/tr\/hakkinda\/om-hakkinda\/\"><\/a>\r\n                \r\n            <\/div>\r\n\r\n        \t\t\t\t<\/div>\n\t\t\t\t<\/div>\n\t\t\t\t\t<\/div>\n\t\t<\/div>\n\t\t\t\t\t<\/div>\n\t\t<\/section>\n\t\t\t\t<\/div>","protected":false},"excerpt":{"rendered":"<p>TeenStreet gen\u00e7ler i\u00e7in uluslararas\u0131 bir Hristiyan etkinli\u011fidir. Avrupa'n\u0131n d\u00f6rt bir yan\u0131ndan gelen (Hristiyan) gen\u00e7leri \u0130sa ile ger\u00e7ek bir dostluk kurmalar\u0131 ve O'nu kendi d\u00fcnyalar\u0131nda her g\u00fcn yans\u0131tmalar\u0131 i\u00e7in motive etmek, donatmak ve onlarla birlikte y\u00fcr\u00fcmek \u00fczere Kilise ile birlikte \u00e7al\u0131\u015f\u0131yoruz. TeenStreet 1993 y\u0131l\u0131nda toplam 53 gen\u00e7le ba\u015flad\u0131 ve h\u0131zla b\u00fcy\u00fcd\u00fc. Bug\u00fcn 6 \u00fclkede 7 y\u0131ll\u0131k hafta boyu etkinli\u011fimiz ve 4 k\u0131taya yay\u0131lm\u0131\u015f 15'ten fazla \u00fclkede \u00e7ok say\u0131da hafta sonu etkinli\u011fimiz var. Yakla\u015f\u0131k 10.000 kat\u0131l\u0131mc\u0131 ve g\u00f6n\u00fcll\u00fc bu etkinliklere kat\u0131l\u0131yor ve yat\u0131r\u0131m yap\u0131yor. \u00d6n\u00fcm\u00fczdeki y\u0131llarda Orta Do\u011fu, Afrika ve Asya da dahil olmak \u00fczere d\u00fcnyan\u0131n d\u00f6rt bir yan\u0131ndaki \u00fclkelerde en az 30 etkinli\u011fin daha ba\u015flat\u0131lmas\u0131n\u0131 bekliyoruz. Kiliseler ve gen\u00e7lik gruplar\u0131yla birlikte \u00e7al\u0131\u015farak onlar\u0131 gen\u00e7lere y\u00f6nelik hizmetlerinde desteklemeye kararl\u0131y\u0131z. Ayn\u0131 zamanda kiliselerle i\u015fbirli\u011fini de vurguluyoruz, \u00e7\u00fcnk\u00fc gen\u00e7lerin TeenStreet'ten sonra par\u00e7as\u0131 olacaklar\u0131 bir Hristiyan toplulu\u011funa sahip olmalar\u0131 \u00e7ok \u00f6nemli. TeenStreet'te gen\u00e7leri \u0130sa ile olan y\u00fcr\u00fcy\u00fc\u015flerinde cesaretlendirmek ve ak\u0131ll\u0131ca kararlar almalar\u0131na yard\u0131mc\u0131 olmak istiyoruz. Bu nedenle her kat\u0131l\u0131mc\u0131 k\u00fc\u00e7\u00fck bir grubun par\u00e7as\u0131d\u0131r. K\u00fc\u00e7\u00fck bir grubun \u00fcyeleri ayn\u0131 dili payla\u015f\u0131r ve ayn\u0131 ya\u015ftad\u0131r. Yeti\u015fkin liderleri onlar\u0131 destekler ve \u0130sa ile olan ki\u015fisel ili\u015fkisini onlarla payla\u015f\u0131r. Ana toplant\u0131lar s\u0131ras\u0131nda gen\u00e7ler Tanr\u0131 ile ili\u015fki i\u00e7inde ya\u015famay\u0131 da \u00f6\u011frenirler. Ana toplant\u0131larda duyduklar\u0131n\u0131 k\u00fc\u00e7\u00fck gruplar\u0131na ta\u015f\u0131yarak \u00fczerinde d\u00fc\u015f\u00fcn\u00fcr ve evdeki ya\u015famlar\u0131na uygularlar. Ayr\u0131ca TeenStreet, gen\u00e7lerin kat\u0131labilece\u011fi spor, yarat\u0131c\u0131 sanatlar, seminerler ve at\u00f6lye \u00e7al\u0131\u015fmalar\u0131 gibi bir\u00e7ok heyecan verici etkinlik sunmaktad\u0131r. Ayr\u0131ca, farkl\u0131 k\u00fclt\u00fcrel ve kilise ge\u00e7mi\u015flerine sahip di\u011fer \u00fclkelerden gelen insanlarla tan\u0131\u015fmak i\u00e7in bo\u015f zamanlar\u0131 vard\u0131r. Vision TeenStreet, \u0130sa ile ger\u00e7ek bir dostluk kurmalar\u0131 ve O'nu kendi d\u00fcnyalar\u0131nda her g\u00fcn yans\u0131tmalar\u0131 i\u00e7in (Hristiyan) gen\u00e7leri motive etmek, donatmak ve onlarla birlikte y\u00fcr\u00fcmek i\u00e7in Kilise ile birlikte \u00e7al\u0131\u015f\u0131r. TeenStreet hakk\u0131nda daha fazla bilgi<\/p>","protected":false},"author":1,"featured_media":334,"parent":0,"menu_order":0,"comment_status":"closed","ping_status":"closed","template":"","meta":{"iawp_total_views":41,"footnotes":""},"class_list":["post-56","page","type-page","status-publish","has-post-thumbnail","hentry"],"_links":{"self":[{"href":"https:\/\/teenstreet.life\/eu\/tr\/wp-json\/wp\/v2\/pages\/56","targetHints":{"allow":["GET"]}}],"collection":[{"href":"https:\/\/teenstreet.life\/eu\/tr\/wp-json\/wp\/v2\/pages"}],"about":[{"href":"https:\/\/teenstreet.life\/eu\/tr\/wp-json\/wp\/v2\/types\/page"}],"author":[{"embeddable":true,"href":"https:\/\/teenstreet.life\/eu\/tr\/wp-json\/wp\/v2\/users\/1"}],"replies":[{"embeddable":true,"href":"https:\/\/teenstreet.life\/eu\/tr\/wp-json\/wp\/v2\/comments?post=56"}],"version-history":[{"count":2,"href":"https:\/\/teenstreet.life\/eu\/tr\/wp-json\/wp\/v2\/pages\/56\/revisions"}],"predecessor-version":[{"id":8573,"href":"https:\/\/teenstreet.life\/eu\/tr\/wp-json\/wp\/v2\/pages\/56\/revisions\/8573"}],"wp:featuredmedia":[{"embeddable":true,"href":"https:\/\/teenstreet.life\/eu\/tr\/wp-json\/wp\/v2\/media\/334"}],"wp:attachment":[{"href":"https:\/\/teenstreet.life\/eu\/tr\/wp-json\/wp\/v2\/media?parent=56"}],"curies":[{"name":"wp","href":"https:\/\/api.w.org\/{rel}","templated":true}]}}