{"id":4013,"date":"2021-04-19T16:30:12","date_gmt":"2021-04-19T14:30:12","guid":{"rendered":"https:\/\/teenstreet.life\/eu\/?page_id=4013"},"modified":"2025-02-14T10:29:04","modified_gmt":"2025-02-14T09:29:04","slug":"ayri-olmak","status":"publish","type":"page","link":"https:\/\/teenstreet.life\/eu\/tr\/teenstreet\/be-a-part\/","title":{"rendered":"Bir Par\u00e7as\u0131 Olun!"},"content":{"rendered":"<div data-elementor-type=\"wp-page\" data-elementor-id=\"4013\" class=\"elementor elementor-4013\" data-elementor-post-type=\"page\">\n\t\t\t\t\t\t<section class=\"elementor-section elementor-top-section elementor-element elementor-element-4079d3f elementor-section-content-middle elementor-section-boxed elementor-section-height-default elementor-section-height-default wpr-particle-no wpr-jarallax-no wpr-parallax-no wpr-sticky-section-no\" data-id=\"4079d3f\" data-element_type=\"section\" data-e-type=\"section\">\n\t\t\t\t\t\t<div class=\"elementor-container elementor-column-gap-wider\">\n\t\t\t\t\t<div class=\"elementor-column elementor-col-50 elementor-top-column elementor-element elementor-element-0f5309c\" data-id=\"0f5309c\" data-element_type=\"column\" data-e-type=\"column\">\n\t\t\t<div class=\"elementor-widget-wrap elementor-element-populated\">\n\t\t\t\t\t\t<div class=\"elementor-element elementor-element-6adfb40 elementor-widget elementor-widget-heading\" data-id=\"6adfb40\" data-element_type=\"widget\" data-e-type=\"widget\" data-widget_type=\"heading.default\">\n\t\t\t\t<div class=\"elementor-widget-container\">\n\t\t\t\t\t<h2 class=\"elementor-heading-title elementor-size-default\">Gen\u00e7<\/h2>\t\t\t\t<\/div>\n\t\t\t\t<\/div>\n\t\t\t\t<div class=\"elementor-element elementor-element-7ae250d elementor-widget elementor-widget-text-editor\" data-id=\"7ae250d\" data-element_type=\"widget\" data-e-type=\"widget\" data-widget_type=\"text-editor.default\">\n\t\t\t\t<div class=\"elementor-widget-container\">\n\t\t\t\t\t\t\t\t\t<p><b>Ya\u015flar: 2007-2012 y\u0131llar\u0131 aras\u0131nda do\u011fan gen\u00e7ler<\/b><\/p>\t\t\t\t\t\t\t\t<\/div>\n\t\t\t\t<\/div>\n\t\t\t\t<div class=\"elementor-element elementor-element-2850c2d elementor-widget elementor-widget-text-editor\" data-id=\"2850c2d\" data-element_type=\"widget\" data-e-type=\"widget\" data-widget_type=\"text-editor.default\">\n\t\t\t\t<div class=\"elementor-widget-container\">\n\t\t\t\t\t\t\t\t\t<p>TeenStreet&#039;in bir par\u00e7as\u0131 olmak, sizinle ayn\u0131 yolculukta olan di\u011fer bir\u00e7ok gen\u00e7le arkada\u015fl\u0131k anlam\u0131na gelir. TeenStreet&#039;te akl\u0131n\u0131za tak\u0131lan t\u00fcm sorular\u0131 sorma, Tanr\u0131&#039;n\u0131n huzurunda vakit ge\u00e7irme, Avrupa&#039;daki di\u011fer gen\u00e7lerle birlikte Tanr\u0131&#039;ya ibadet etme, \u0130ncil&#039;den \u00f6\u011frenme ve \u00e7ok daha fazlas\u0131n\u0131 yapma f\u0131rsat\u0131na sahip olacaks\u0131n\u0131z. TeenStreet tam olarak g\u00f6r\u00fcnd\u00fc\u011f\u00fc gibidir; Tanr\u0131 ile ili\u015fkinizi g\u00fc\u00e7lendirebilece\u011finiz ve O&#039;nun ya\u015fam\u0131n\u0131z i\u00e7in y\u00f6n\u00fcn\u00fc ke\u015ffetmenize yard\u0131mc\u0131 olabilece\u011finiz bir yer!<\/p>\t\t\t\t\t\t\t\t<\/div>\n\t\t\t\t<\/div>\n\t\t\t\t<div class=\"elementor-element elementor-element-3548968 elementor-widget elementor-widget-image\" data-id=\"3548968\" data-element_type=\"widget\" data-e-type=\"widget\" data-widget_type=\"image.default\">\n\t\t\t\t<div class=\"elementor-widget-container\">\n\t\t\t\t\t\t\t\t\t\t\t\t\t\t\t<img decoding=\"async\" width=\"127\" height=\"127\" src=\"https:\/\/teenstreet.life\/eu\/wp-content\/uploads\/sites\/13\/2020\/07\/smile.svg\" class=\"attachment-medium size-medium wp-image-1618\" alt=\"\" \/>\t\t\t\t\t\t\t\t\t\t\t\t\t\t\t<\/div>\n\t\t\t\t<\/div>\n\t\t\t\t\t<\/div>\n\t\t<\/div>\n\t\t\t\t<div class=\"elementor-column elementor-col-50 elementor-top-column elementor-element elementor-element-17212f0\" data-id=\"17212f0\" data-element_type=\"column\" data-e-type=\"column\">\n\t\t\t<div class=\"elementor-widget-wrap elementor-element-populated\">\n\t\t\t\t\t\t<div class=\"elementor-element elementor-element-7092561 elementor-widget elementor-widget-ts-card\" data-id=\"7092561\" data-element_type=\"widget\" data-e-type=\"widget\" data-widget_type=\"ts-card.default\">\n\t\t\t\t<div class=\"elementor-widget-container\">\n\t\t\t\t\t            <div class=\"ts-card ts-image-background\" style=\"background-image: url(https:\/\/teenstreet.life\/eu\/wp-content\/uploads\/sites\/13\/2020\/05\/ts-awesome-image-480x480.jpg);\">\r\n\r\n                \r\n                \t\t\t\t\r\n\r\n                \r\n                \r\n            <\/div>\r\n\r\n        \t\t\t\t<\/div>\n\t\t\t\t<\/div>\n\t\t\t\t\t<\/div>\n\t\t<\/div>\n\t\t\t\t\t<\/div>\n\t\t<\/section>\n\t\t\t\t<section class=\"elementor-section elementor-top-section elementor-element elementor-element-23231d4 elementor-section-content-middle elementor-section-boxed elementor-section-height-default elementor-section-height-default wpr-particle-no wpr-jarallax-no wpr-parallax-no wpr-sticky-section-no\" data-id=\"23231d4\" data-element_type=\"section\" data-e-type=\"section\" data-settings=\"{&quot;background_background&quot;:&quot;classic&quot;}\">\n\t\t\t\t\t\t<div class=\"elementor-container elementor-column-gap-wider\">\n\t\t\t\t\t<div class=\"elementor-column elementor-col-50 elementor-top-column elementor-element elementor-element-b9dd4eb\" data-id=\"b9dd4eb\" data-element_type=\"column\" data-e-type=\"column\">\n\t\t\t<div class=\"elementor-widget-wrap elementor-element-populated\">\n\t\t\t\t\t\t<div class=\"elementor-element elementor-element-f02abf9 elementor-widget elementor-widget-ts-card\" data-id=\"f02abf9\" data-element_type=\"widget\" data-e-type=\"widget\" data-widget_type=\"ts-card.default\">\n\t\t\t\t<div class=\"elementor-widget-container\">\n\t\t\t\t\t            <div class=\"ts-card ts-image-background\" style=\"background-image: url(https:\/\/teenstreet.life\/eu\/wp-content\/uploads\/sites\/13\/2021\/04\/48421154806_bab4b3f931_o-480x480.jpg);\">\r\n\r\n                \r\n                \t\t\t\t\r\n\r\n                \r\n                 \r\n                    <a class=\"ts-card-full-link\" href=\"#\"><\/a>\r\n                \r\n            <\/div>\r\n\r\n        \t\t\t\t<\/div>\n\t\t\t\t<\/div>\n\t\t\t\t\t<\/div>\n\t\t<\/div>\n\t\t\t\t<div class=\"elementor-column elementor-col-50 elementor-top-column elementor-element elementor-element-68e4444\" data-id=\"68e4444\" data-element_type=\"column\" data-e-type=\"column\">\n\t\t\t<div class=\"elementor-widget-wrap elementor-element-populated\">\n\t\t\t\t\t\t<div class=\"elementor-element elementor-element-dafab5e elementor-widget elementor-widget-heading\" data-id=\"dafab5e\" data-element_type=\"widget\" data-e-type=\"widget\" data-widget_type=\"heading.default\">\n\t\t\t\t<div class=\"elementor-widget-container\">\n\t\t\t\t\t<h2 class=\"elementor-heading-title elementor-size-default\">K\u00fc\u00e7\u00fck Grup Lideri<\/h2>\t\t\t\t<\/div>\n\t\t\t\t<\/div>\n\t\t\t\t<div class=\"elementor-element elementor-element-5ddaf0e elementor-widget elementor-widget-text-editor\" data-id=\"5ddaf0e\" data-element_type=\"widget\" data-e-type=\"widget\" data-widget_type=\"text-editor.default\">\n\t\t\t\t<div class=\"elementor-widget-container\">\n\t\t\t\t\t\t\t\t\t<p style=\"text-align: left\"><b>Ya\u015flar: <\/b><b>20+ (Yard\u0131mc\u0131 ko\u00e7lar 18 veya 19 ya\u015f\u0131nda olabilir<\/b><b>(e\u011fer 20 ya\u015f\u0131nda veya daha b\u00fcy\u00fck bir ko\u00e7la birlikteyse)<\/b><\/p>\t\t\t\t\t\t\t\t<\/div>\n\t\t\t\t<\/div>\n\t\t\t\t<div class=\"elementor-element elementor-element-6ce2cb5 elementor-widget elementor-widget-text-editor\" data-id=\"6ce2cb5\" data-element_type=\"widget\" data-e-type=\"widget\" data-widget_type=\"text-editor.default\">\n\t\t\t\t<div class=\"elementor-widget-container\">\n\t\t\t\t\t\t\t\t\t<p class=\"p1\">Gen\u00e7lik \u00e7al\u0131\u015fmas\u0131 kalbinize yak\u0131nsa ve en az 20 ya\u015f\u0131ndaysan\u0131z, TeenStreet'te bir K\u00fc\u00e7\u00fck Gruba liderlik etmek tam size g\u00f6re bir i\u015ftir. Bir K\u00fc\u00e7\u00fck Grup Lideri (SGL) olarak, \u00fclkenizden be\u015f ila yedi gen\u00e7ten olu\u015fan bir grubun birlikte Kutsal Kitap'\u0131n derinliklerine inmesi i\u00e7in g\u00fcvenli bir alan yarat\u0131lmas\u0131na yard\u0131mc\u0131 olacaks\u0131n\u0131z. Etkinlik haftas\u0131 boyunca K\u00fc\u00e7\u00fck Gruba e\u015flik edecek ve Kutsal Kitap \u00e7al\u0131\u015fmalar\u0131, grup etkinlikleri, dua, spor ve daha fazlas\u0131 arac\u0131l\u0131\u011f\u0131yla gen\u00e7lerin hayatlar\u0131na yat\u0131r\u0131m yapma f\u0131rsat\u0131na sahip olacaks\u0131n\u0131z. Gen\u00e7lik grubunuzdan veya kilisenizden gen\u00e7lerle gelebilirsiniz, ancak yeni bir gen\u00e7 grubunu da \u00fcstlenebilirsiniz.<\/p><p>TeenStreet'te k\u00fc\u00e7\u00fck bir gruptan sorumlu olacaks\u0131n\u0131z. Bu k\u00fc\u00e7\u00fck grup ayn\u0131 cinsiyetten en fazla alt\u0131 gen\u00e7ten olu\u015facakt\u0131r. K\u00fc\u00e7\u00fck Grup Liderleri bu k\u00fc\u00e7\u00fck grup zamanlar\u0131n\u0131 y\u00f6netmekten sorumludur ve genellikle gen\u00e7leri i\u00e7in 'orada olmak' i\u00e7in zaman ay\u0131rmal\u0131d\u0131r. 20 ya\u015f veya \u00fczerindeyseniz ve SGL olmak istiyorsan\u0131z, do\u011frudan kaydolabilirsiniz.<\/p>\t\t\t\t\t\t\t\t<\/div>\n\t\t\t\t<\/div>\n\t\t\t\t\t<\/div>\n\t\t<\/div>\n\t\t\t\t\t<\/div>\n\t\t<\/section>\n\t\t\t\t<section class=\"elementor-section elementor-top-section elementor-element elementor-element-d7d9d6b elementor-section-content-middle elementor-section-boxed elementor-section-height-default elementor-section-height-default wpr-particle-no wpr-jarallax-no wpr-parallax-no wpr-sticky-section-no\" data-id=\"d7d9d6b\" data-element_type=\"section\" data-e-type=\"section\" id=\"service-team\">\n\t\t\t\t\t\t<div class=\"elementor-container elementor-column-gap-wider\">\n\t\t\t\t\t<div class=\"elementor-column elementor-col-50 elementor-top-column elementor-element elementor-element-f6b28e9\" data-id=\"f6b28e9\" data-element_type=\"column\" data-e-type=\"column\">\n\t\t\t<div class=\"elementor-widget-wrap elementor-element-populated\">\n\t\t\t\t\t\t<div class=\"elementor-element elementor-element-f1990db elementor-widget elementor-widget-heading\" data-id=\"f1990db\" data-element_type=\"widget\" data-e-type=\"widget\" data-widget_type=\"heading.default\">\n\t\t\t\t<div class=\"elementor-widget-container\">\n\t\t\t\t\t<h2 class=\"elementor-heading-title elementor-size-default\"><a href=\"#service-team\">Hizmet ekibi<\/a><\/h2>\t\t\t\t<\/div>\n\t\t\t\t<\/div>\n\t\t\t\t<div class=\"elementor-element elementor-element-92c670a elementor-widget elementor-widget-text-editor\" data-id=\"92c670a\" data-element_type=\"widget\" data-e-type=\"widget\" data-widget_type=\"text-editor.default\">\n\t\t\t\t<div class=\"elementor-widget-container\">\n\t\t\t\t\t\t\t\t\t<p><b>Ya\u015flar 18+ (2007 veya daha \u00f6nce do\u011fmu\u015f)<\/b><\/p>\t\t\t\t\t\t\t\t<\/div>\n\t\t\t\t<\/div>\n\t\t\t\t<div class=\"elementor-element elementor-element-764c794 elementor-widget__width-initial elementor-widget elementor-widget-text-editor\" data-id=\"764c794\" data-element_type=\"widget\" data-e-type=\"widget\" data-widget_type=\"text-editor.default\">\n\t\t\t\t<div class=\"elementor-widget-container\">\n\t\t\t\t\t\t\t\t\t<p>Bu y\u0131l yine Servis Ekibinde \u00e7e\u015fitli g\u00f6revlerde yer alacak ki\u015filer ar\u0131yoruz.\u00a0<\/p><p>Ma\u011fazalar (Kiosk, Fruitstand, IceCream shop, Funfood, T-ShirtShop, kitap\u00e7\u0131, \u00f6rn.)<\/p><p>-CleanStreet (toplama ve temizlik)<\/p><p>-\u0130\u00e7ecekler ve i\u00e7ecekler (Coffebar, Mocktailbar, StaffCaf\u00e9)<\/p><p>- Yemekhane (Bula\u015f\u0131k, servis, mutfak vb.)<\/p><p>-KidsStreet (Kre\u015f, program ve \u00e7ocuklarla oyun)<\/p><p>-G\u00fcvenlik (B\u00f6lge \u00e7evresinde, Mainhall, havuzlar vb.)<\/p><p>-Ofis (Info-desk, Day-misafir kayd\u0131, TS-office, TS-Bank \u00f6r.))<\/p><p>-Spor ve aktiviteler (Futbol, basketbol, yar\u0131\u015fmalar vb.)<\/p><p>-Teknik (BT, Elektrik, \u00f6r.)<\/p><p><b>Daha fazla bilgi i\u00e7in l\u00fctfen TS ofisinizle veya\u00a0<\/b><\/p>\t\t\t\t\t\t\t\t<\/div>\n\t\t\t\t<\/div>\n\t\t\t\t<div class=\"elementor-element elementor-element-7c90d5f elementor-widget elementor-widget-button\" data-id=\"7c90d5f\" data-element_type=\"widget\" data-e-type=\"widget\" data-widget_type=\"button.default\">\n\t\t\t\t<div class=\"elementor-widget-container\">\n\t\t\t\t\t\t\t\t\t<div class=\"elementor-button-wrapper\">\n\t\t\t\t\t<a class=\"elementor-button elementor-button-link elementor-size-sm\" href=\"https:\/\/registration.teenstreet.de\/ts-2025\/\" target=\"_blank\" rel=\"noopener\">\n\t\t\t\t\t\t<span class=\"elementor-button-content-wrapper\">\n\t\t\t\t\t\t\t\t\t<span class=\"elementor-button-text\"> Buradan Kaydolun<\/span>\n\t\t\t\t\t<\/span>\n\t\t\t\t\t<\/a>\n\t\t\t\t<\/div>\n\t\t\t\t\t\t\t\t<\/div>\n\t\t\t\t<\/div>\n\t\t\t\t<div class=\"elementor-element elementor-element-2a7ced1 elementor-widget elementor-widget-image\" data-id=\"2a7ced1\" data-element_type=\"widget\" data-e-type=\"widget\" data-widget_type=\"image.default\">\n\t\t\t\t<div class=\"elementor-widget-container\">\n\t\t\t\t\t\t\t\t\t\t\t\t\t\t\t<img decoding=\"async\" width=\"127\" height=\"127\" src=\"https:\/\/teenstreet.life\/eu\/wp-content\/uploads\/sites\/13\/2020\/07\/support.svg\" class=\"attachment-thumbnail size-thumbnail wp-image-2727\" alt=\"\" \/>\t\t\t\t\t\t\t\t\t\t\t\t\t\t\t<\/div>\n\t\t\t\t<\/div>\n\t\t\t\t\t<\/div>\n\t\t<\/div>\n\t\t\t\t<div class=\"elementor-column elementor-col-50 elementor-top-column elementor-element elementor-element-2c252a3\" data-id=\"2c252a3\" data-element_type=\"column\" data-e-type=\"column\">\n\t\t\t<div class=\"elementor-widget-wrap elementor-element-populated\">\n\t\t\t\t\t\t<div class=\"elementor-element elementor-element-d2310c6 elementor-widget elementor-widget-ts-card\" data-id=\"d2310c6\" data-element_type=\"widget\" data-e-type=\"widget\" data-widget_type=\"ts-card.default\">\n\t\t\t\t<div class=\"elementor-widget-container\">\n\t\t\t\t\t            <div class=\"ts-card ts-image-background\" style=\"background-image: url(https:\/\/teenstreet.life\/eu\/wp-content\/uploads\/sites\/13\/2021\/04\/48584667401_847b2f04a0_c-480x480.jpg);\">\r\n\r\n                \r\n                \t\t\t\t\r\n\r\n                \r\n                 \r\n                    <a class=\"ts-card-full-link\" href=\"#\"><\/a>\r\n                \r\n            <\/div>\r\n\r\n        \t\t\t\t<\/div>\n\t\t\t\t<\/div>\n\t\t\t\t\t<\/div>\n\t\t<\/div>\n\t\t\t\t\t<\/div>\n\t\t<\/section>\n\t\t\t\t<\/div>","protected":false},"excerpt":{"rendered":"<p>Teenager Ages: Teenagers born between 2007 &#8211; 2012 Being a part of TeenStreet means fellowship with many other teens who are on the same journey as you. At TeenStreet you will have the opportunity to ask any questions you may have, spend time in the presence of God, worship God with other teens across Europe, learn from the Bible and much more. TeenStreet is exactly as it sounds; it&#8217;s a place where you can strengthen your relationship with God and help discover His direction for your life! Small Group Leader Ages: 20+ (Co-coaches can be 18 or 19 years old, if they are with a coach that is 20 or older) If youth work is close to your heart and you are at least 20 years old then leading a Small Group at TeenStreet is the job for you. As a Small Group Leader (SGL), you will help create a safe space for a group of five &#8211; seven teens from your country to go deep in the Bible together. You will accompany the Small Group throughout the event week and have the opportunity to invest in the teens&#8217; lives through Bible studies, group activities, prayer, sports, and more. You are welcome to come with the teens from your youth group or church, but you can also take on a new group of teens. At TeenStreet you will be responsible for a small group. This small group will be made up of up to six teens of the same gender. Small Group Leaders are responsible for leading these small group times and generally should just take time to \u2018be there\u2019 for their teens. If you are 20 years or older and would like to be a SGL, you can simply sign up directly. Service Team Ages: 18+ (born in 2007 or before) This year we are looking again for people to take part in various tasks in the Service Team.\u00a0 Shops (Kiosk, Fruitstand, IceCream shop, Funfood, T-ShirtShop, bookstore, e.g.) -CleanStreet (tidying up and cleaning) -Drinks and beverages (Coffebar, Mocktailbar, StaffCaf\u00e9) -Dininghall (Dishwashing, serving, kitchen e.g.) -KidsStreet (Daycare, program and play with kids) -Security (Around the area, Mainhall, pools e.g) -Office (Info-desk, Day-guest registration, TS-office, TS-Bank e.g)) -Sports and activities (Football, basketball, competitions e.g.) -Technical (IT, Electricity, e.g.) For more information, please contact your TS office or\u00a0 Register Here<\/p>","protected":false},"author":18,"featured_media":7043,"parent":3641,"menu_order":0,"comment_status":"closed","ping_status":"closed","template":"","meta":{"iawp_total_views":28,"footnotes":""},"class_list":["post-4013","page","type-page","status-publish","has-post-thumbnail","hentry"],"_links":{"self":[{"href":"https:\/\/teenstreet.life\/eu\/tr\/wp-json\/wp\/v2\/pages\/4013","targetHints":{"allow":["GET"]}}],"collection":[{"href":"https:\/\/teenstreet.life\/eu\/tr\/wp-json\/wp\/v2\/pages"}],"about":[{"href":"https:\/\/teenstreet.life\/eu\/tr\/wp-json\/wp\/v2\/types\/page"}],"author":[{"embeddable":true,"href":"https:\/\/teenstreet.life\/eu\/tr\/wp-json\/wp\/v2\/users\/18"}],"replies":[{"embeddable":true,"href":"https:\/\/teenstreet.life\/eu\/tr\/wp-json\/wp\/v2\/comments?post=4013"}],"version-history":[{"count":5,"href":"https:\/\/teenstreet.life\/eu\/tr\/wp-json\/wp\/v2\/pages\/4013\/revisions"}],"predecessor-version":[{"id":8193,"href":"https:\/\/teenstreet.life\/eu\/tr\/wp-json\/wp\/v2\/pages\/4013\/revisions\/8193"}],"up":[{"embeddable":true,"href":"https:\/\/teenstreet.life\/eu\/tr\/wp-json\/wp\/v2\/pages\/3641"}],"wp:featuredmedia":[{"embeddable":true,"href":"https:\/\/teenstreet.life\/eu\/tr\/wp-json\/wp\/v2\/media\/7043"}],"wp:attachment":[{"href":"https:\/\/teenstreet.life\/eu\/tr\/wp-json\/wp\/v2\/media?parent=4013"}],"curies":[{"name":"wp","href":"https:\/\/api.w.org\/{rel}","templated":true}]}}