{"id":1034,"date":"2020-05-29T15:15:20","date_gmt":"2020-05-29T15:15:20","guid":{"rendered":"https:\/\/teenstreet.life\/eu\/?page_id=1034"},"modified":"2025-05-23T16:08:39","modified_gmt":"2025-05-23T14:08:39","slug":"damga","status":"publish","type":"page","link":"https:\/\/teenstreet.life\/eu\/tr\/imprint\/","title":{"rendered":"K\u00fcnye"},"content":{"rendered":"<div data-elementor-type=\"wp-page\" data-elementor-id=\"1034\" class=\"elementor elementor-1034\" data-elementor-post-type=\"page\">\n\t\t\t\t\t\t<section class=\"elementor-section elementor-top-section elementor-element elementor-element-51f46195 elementor-section-boxed elementor-section-height-default elementor-section-height-default wpr-particle-no wpr-jarallax-no wpr-parallax-no wpr-sticky-section-no\" data-id=\"51f46195\" data-element_type=\"section\" data-e-type=\"section\">\n\t\t\t\t\t\t<div class=\"elementor-container elementor-column-gap-default\">\n\t\t\t\t\t<div class=\"elementor-column elementor-col-100 elementor-top-column elementor-element elementor-element-4a8aaae4\" data-id=\"4a8aaae4\" data-element_type=\"column\" data-e-type=\"column\">\n\t\t\t<div class=\"elementor-widget-wrap elementor-element-populated\">\n\t\t\t\t\t\t<div class=\"elementor-element elementor-element-6efcf38 elementor-widget elementor-widget-text-editor\" data-id=\"6efcf38\" data-element_type=\"widget\" data-e-type=\"widget\" data-widget_type=\"text-editor.default\">\n\t\t\t\t<div class=\"elementor-widget-container\">\n\t\t\t\t\t\t\t\t\t\n<p>OM Almanya \/ Operasyon Seferberli\u011fi e. V. <br \/>Alte Neckarelzer Cad. 2 <br \/>74821 Mosbach\/Almanya<\/p>\n\n<p>Telefon: +49 6261 947-0 <br \/>Faks: +49 6261 947-147 <br \/>e-posta: <a href=\"mailto:info.de@om.org\">info.de@om.org<\/a><\/p>\n\n<h2 class=\"wp-block-heading\">BGB \u00a7 26 anlam\u0131nda ortak temsil yetkisine sahip y\u00fcr\u00fctme kurulu:<\/h2>\n\n<p>Simone Schwab (Ba\u015fkan)<\/p>\n\n<p>Adres yukar\u0131ya bak\u0131n.<\/p>\n\n<h2 class=\"wp-block-heading\">Sicil mahkemesi:<\/h2>\n\n<p>Mannheim<\/p>\n\n<h2 class=\"wp-block-heading\">Kay\u0131t numaras\u0131:<\/h2>\n\n<p>VR 440471<\/p>\n\n<h2 class=\"wp-block-heading\">\u00a7 27a&#039;ya g\u00f6re sat\u0131\u015f vergisi kimlik numaras\u0131:<\/h2>\n\n<p>DE 144031730<\/p>\n\n<h2 class=\"wp-block-heading\">\u00a7 6 MDStV uyar\u0131nca i\u00e7erikten sorumlu:<\/h2>\n\n<p>Tobias K\u00fcebler<\/p>\n\n<p>Adres yukar\u0131ya bak\u0131n.<\/p>\n\n<h2 class=\"wp-block-heading\">N<strong>notlar:<\/strong><\/h2>\n\n<p>\u0130\u00e7eri\u011fin dikkatli bir \u015fekilde kontrol edilmesine ra\u011fmen, harici ba\u011flant\u0131lar\u0131n i\u00e7eri\u011fi i\u00e7in herhangi bir sorumluluk kabul etmiyoruz. Ba\u011flant\u0131 verilen sayfalar\u0131n operat\u00f6rleri, sayfalar\u0131n\u0131n i\u00e7eri\u011finden m\u00fcnhas\u0131ran sorumludur.<\/p>\n\n<p>Bu web sitesinde g\u00f6sterilen t\u00fcm resimler, grafikler ve tasar\u0131m telif haklar\u0131 ile korunmaktad\u0131r ve yazar\u0131n yaz\u0131l\u0131 izni olmadan kullan\u0131lamaz.<\/p>\n\n<p>\u00c7evrimi\u00e7i Uyu\u015fmazl\u0131k \u00c7\u00f6z\u00fcm\u00fc (ODR) ile ilgili 524\/2013 say\u0131l\u0131 AB Y\u00f6netmeli\u011fi 9 Ocak 2016&#039;dan itibaren ge\u00e7erli olacakt\u0131r. AB Komisyonu&#039;nun \u00c7evrimi\u00e7i Uyu\u015fmazl\u0131k \u00c7\u00f6z\u00fcm\u00fc platformuna a\u015fa\u011f\u0131daki ba\u011flant\u0131dan eri\u015filebilir: ec.europa.eu\/consumers\/odr\/ orada yay\u0131nlanan bilgiler, platform 15 \u015eubat 2016 tarihinden itibaren ODR&#039;ye uygun olarak kullan\u0131labilir.<\/p>\n\n<p>Operasyon Seferberli\u011fi e. V., 09.01.2020 tarihinde ald\u0131\u011f\u0131m\u0131z son kurumlar vergisi de\u011ferlendirmesine g\u00f6re, StNr. 40004\/04959, Mosbach vergi dairesi taraf\u0131ndan dini ama\u00e7lar\u0131n te\u015fviki nedeniyle \u00a7 5 Paragraf\u0131 uyar\u0131nca kurumlar vergisinden muaft\u0131r. 1 No.lu Kurumlar Vergisi Kanunu&#039;nun 9 No&#039;lu ve Ticaret Vergisi Kanunu&#039;nun 3 No.lu 6. Maddesi uyar\u0131nca ticaret vergisinden. Dernek \u00fcyelik \u00fccreti almaz.<\/p>\n\t\t\t\t\t\t\t\t<\/div>\n\t\t\t\t<\/div>\n\t\t\t\t\t<\/div>\n\t\t<\/div>\n\t\t\t\t\t<\/div>\n\t\t<\/section>\n\t\t\t\t<\/div>","protected":false},"excerpt":{"rendered":"<p>OM Germany \/ Operation Mobilisation e. V. Alte Neckarelzer Str. 2 74821 Mosbach\/Germany Phone: +49 6261 947-0 Fax: +49 6261 947-147 e-mail: info.de@om.org Executive committee with joint power of representation in the sense of BGB \u00a7 26: Simone Schwab (Chairwoman) Address see above. Registry court: Mannheim Register number: VR 440471 Sales tax identification number according to \u00a7 27a: DE 144031730 Responsible for content according to \u00a7 6 MDStV: Tobias Kuebler Address see above. Notes: Despite careful control of the contents, we do not assume any liability for the contents of external links. The operators of the linked pages are solely responsible for the content of their pages. All pictures, graphics and the design shown on this website are protected by copyright and may not be used without written permission of the author. The EU Regulation No. 524\/2013 on Online Dispute Resolution (ODR) will apply from 9 January 2016. The EU Commission&#8217;s platform for Online Dispute Resolution can be accessed via the following link: ec.europa.eu\/consumers\/odr\/ According to the information published there, the platform can be used in accordance with the ODR from 15 February 2016. Operation Mobilisation e. V. is, according to the last corporate income tax assessment we received on 09.01.2020, StNr. 40004\/04959, exempt from corporate income tax by the Mosbach tax office due to the promotion of religious purposes in accordance with \u00a7 5 Para. 1 No. 9 of the Corporate Income Tax Act and from trade tax in accordance with \u00a7 3 No. 6 of the Trade Tax Act. The association does not charge membership fees.<\/p>","protected":false},"author":1,"featured_media":0,"parent":0,"menu_order":0,"comment_status":"closed","ping_status":"closed","template":"","meta":{"iawp_total_views":3,"footnotes":""},"class_list":["post-1034","page","type-page","status-publish","hentry"],"_links":{"self":[{"href":"https:\/\/teenstreet.life\/eu\/tr\/wp-json\/wp\/v2\/pages\/1034","targetHints":{"allow":["GET"]}}],"collection":[{"href":"https:\/\/teenstreet.life\/eu\/tr\/wp-json\/wp\/v2\/pages"}],"about":[{"href":"https:\/\/teenstreet.life\/eu\/tr\/wp-json\/wp\/v2\/types\/page"}],"author":[{"embeddable":true,"href":"https:\/\/teenstreet.life\/eu\/tr\/wp-json\/wp\/v2\/users\/1"}],"replies":[{"embeddable":true,"href":"https:\/\/teenstreet.life\/eu\/tr\/wp-json\/wp\/v2\/comments?post=1034"}],"version-history":[{"count":5,"href":"https:\/\/teenstreet.life\/eu\/tr\/wp-json\/wp\/v2\/pages\/1034\/revisions"}],"predecessor-version":[{"id":8329,"href":"https:\/\/teenstreet.life\/eu\/tr\/wp-json\/wp\/v2\/pages\/1034\/revisions\/8329"}],"wp:attachment":[{"href":"https:\/\/teenstreet.life\/eu\/tr\/wp-json\/wp\/v2\/media?parent=1034"}],"curies":[{"name":"wp","href":"https:\/\/api.w.org\/{rel}","templated":true}]}}