{"id":9061,"date":"2026-04-02T11:33:19","date_gmt":"2026-04-02T09:33:19","guid":{"rendered":"https:\/\/teenstreet.life\/eu\/?page_id=9061"},"modified":"2026-04-20T06:56:27","modified_gmt":"2026-04-20T04:56:27","slug":"instruire-lideri-grupuri-mici","status":"publish","type":"page","link":"https:\/\/teenstreet.life\/eu\/ro\/small-group-leader-training\/","title":{"rendered":"Instruire lideri grupuri mici"},"content":{"rendered":"<div data-elementor-type=\"wp-page\" data-elementor-id=\"9061\" class=\"elementor elementor-9061\" data-elementor-post-type=\"page\">\n\t\t\t\t\t\t<section class=\"elementor-section elementor-top-section elementor-element elementor-element-3b45328 elementor-section-boxed elementor-section-height-default elementor-section-height-default\" data-id=\"3b45328\" data-element_type=\"section\" data-e-type=\"section\">\n\t\t\t\t\t\t<div class=\"elementor-container elementor-column-gap-default\">\n\t\t\t\t\t<div class=\"elementor-column elementor-col-50 elementor-top-column elementor-element elementor-element-c291639\" data-id=\"c291639\" data-element_type=\"column\" data-e-type=\"column\">\n\t\t\t<div class=\"elementor-widget-wrap elementor-element-populated\">\n\t\t\t\t\t\t<div class=\"elementor-element elementor-element-b8729ba elementor-widget elementor-widget-image\" data-id=\"b8729ba\" data-element_type=\"widget\" data-e-type=\"widget\" data-widget_type=\"image.default\">\n\t\t\t\t<div class=\"elementor-widget-container\">\n\t\t\t\t\t\t\t\t\t\t\t\t\t\t\t<img fetchpriority=\"high\" decoding=\"async\" width=\"820\" height=\"1024\" src=\"https:\/\/teenstreet.life\/eu\/wp-content\/uploads\/sites\/13\/2026\/04\/SGL-training-1-820x1024.png\" class=\"attachment-large size-large wp-image-9069\" alt=\"\" srcset=\"https:\/\/teenstreet.life\/eu\/wp-content\/uploads\/sites\/13\/2026\/04\/SGL-training-1-820x1024.png 820w, https:\/\/teenstreet.life\/eu\/wp-content\/uploads\/sites\/13\/2026\/04\/SGL-training-1-240x300.png 240w, https:\/\/teenstreet.life\/eu\/wp-content\/uploads\/sites\/13\/2026\/04\/SGL-training-1-768x959.png 768w, https:\/\/teenstreet.life\/eu\/wp-content\/uploads\/sites\/13\/2026\/04\/SGL-training-1-10x12.png 10w, https:\/\/teenstreet.life\/eu\/wp-content\/uploads\/sites\/13\/2026\/04\/SGL-training-1-600x749.png 600w, https:\/\/teenstreet.life\/eu\/wp-content\/uploads\/sites\/13\/2026\/04\/SGL-training-1.png 1006w\" sizes=\"(max-width: 820px) 100vw, 820px\" \/>\t\t\t\t\t\t\t\t\t\t\t\t\t\t\t<\/div>\n\t\t\t\t<\/div>\n\t\t\t\t\t<\/div>\n\t\t<\/div>\n\t\t\t\t<div class=\"elementor-column elementor-col-50 elementor-top-column elementor-element elementor-element-25afd00\" data-id=\"25afd00\" data-element_type=\"column\" data-e-type=\"column\">\n\t\t\t<div class=\"elementor-widget-wrap elementor-element-populated\">\n\t\t\t\t\t\t<div class=\"elementor-element elementor-element-2bad4f4 elementor-widget elementor-widget-text-editor\" data-id=\"2bad4f4\" data-element_type=\"widget\" data-e-type=\"widget\" data-widget_type=\"text-editor.default\">\n\t\t\t\t<div class=\"elementor-widget-container\">\n\t\t\t\t\t\t\t\t\t<p>Ai o inim\u0103 pentru a-i servi pe al\u021bii? E\u0219ti curios cum este s\u0103 conduci un grup mic?<\/p>\n<p>Am creat ceva pentru tine!<\/p>\n<p>Vom oferi preg\u0103tire pentru viitorii lideri de grupuri mici la evenimentul TeenStreet din 2026.<\/p>\n<h4><strong>\u00cenva\u021b\u0103 cum s\u0103 conduci<\/strong><\/h4>\n<p>SGL Training este conceput pentru membrii Echipei de Serviciu \u2013 \u00een special pentru cei cu v\u00e2rste cuprinse \u00eentre 18 \u0219i 20 de ani \u2013 care sunt interesa\u021bi s\u0103 conduc\u0103 un grup mic \u00een viitor, fie la evenimentul TeenStreet, fie acas\u0103.&nbsp;<\/p>\n<h4><strong>Program de formare<\/strong><\/h4>\n<p>Programul const\u0103 \u00een seminarii de formare zilnice care au loc pe parcursul Interact 2. Participan\u021bii nu vor fi repartiza\u021bi la un post specific \u00eentr-o echip\u0103 de servicii, dar vor lua parte la proiecte de servicii speciale, ca grup, pe parcursul s\u0103pt\u0103m\u00e2nii.<\/p>\n<p>O parte important\u0103 a antrenamentului va consta \u00een punerea \u00een practic\u0103 a abilit\u0103\u021bilor de leadership: fiecare participant va prelua pe r\u00e2nd conducerea grupului s\u0103u mic pe parcursul s\u0103pt\u0103m\u00e2nii evenimentului. (Acesta nu este un test \u2013 ajutorul \u0219i sprijinul vor fi disponibile!) Grupul mic va fi compus din al\u021bi participan\u021bi la antrenamentul SGL.<\/p>\t\t\t\t\t\t\t\t<\/div>\n\t\t\t\t<\/div>\n\t\t\t\t\t<\/div>\n\t\t<\/div>\n\t\t\t\t\t<\/div>\n\t\t<\/section>\n\t\t\t\t<section class=\"elementor-section elementor-top-section elementor-element elementor-element-c1db653 elementor-section-boxed elementor-section-height-default elementor-section-height-default\" data-id=\"c1db653\" data-element_type=\"section\" data-e-type=\"section\">\n\t\t\t\t\t\t<div class=\"elementor-container elementor-column-gap-default\">\n\t\t\t\t\t<div class=\"elementor-column elementor-col-50 elementor-top-column elementor-element elementor-element-e3eb4e0\" data-id=\"e3eb4e0\" data-element_type=\"column\" data-e-type=\"column\">\n\t\t\t<div class=\"elementor-widget-wrap elementor-element-populated\">\n\t\t\t\t\t\t<div class=\"elementor-element elementor-element-7737bd0 elementor-widget elementor-widget-text-editor\" data-id=\"7737bd0\" data-element_type=\"widget\" data-e-type=\"widget\" data-widget_type=\"text-editor.default\">\n\t\t\t\t<div class=\"elementor-widget-container\">\n\t\t\t\t\t\t\t\t\t<p>Seminarele vor fi sus\u021binute de formatori de la TeenStreet International. Mentoratul \u0219i coachingul individual vor face parte din program.<\/p><p>Participarea la toate sesiunile programului programat va fi obligatorie. Pe l\u00e2ng\u0103 seminariile de formare \u0219i proiectele de servicii, acestea includ Mainhall, Shhh-time, discu\u021bii \u00een grupuri mici \u0219i Throne Room. Fiecare participant va fi obligat s\u0103 participe la o ac\u021biune de outreach cel pu\u021bin o dat\u0103 pe parcursul s\u0103pt\u0103m\u00e2nii evenimentului.<\/p><h4><strong>E\u0219ti interesat? <\/strong><\/h4><p>\u00cenregistra\u021bi-v\u0103 la eveniment \u00een calitate de membru al Echipei de Servicii. Ad\u0103uga\u021bi un comentariu sub sectiunea de posturi pentru a indica interesul dumneavoastr\u0103 fa\u021b\u0103 de Formarea SGL. Pute\u021bi, de asemenea, s\u0103 contacta\u021bi biroul dumneavoastr\u0103 na\u021bional \u0219i s\u0103-i informa\u021bi despre interesul dumneavoastr\u0103.<\/p><p>Dac\u0103 sunte\u021bi deja \u00eenregistrat la eveniment, pute\u021bi fie s\u0103 v\u0103 edita\u021bi comanda (ve\u021bi g\u0103si un link \u00een chitan\u021ba comenzii trimis\u0103 prin e-mail de la TeenStreet Europe 2026), fie s\u0103 contacta\u021bi biroul \u021b\u0103rii dumneavoastr\u0103.<\/p><p>\u00ce\u021bi po\u021bi imagina conduc\u00e2nd un grup mic \u00een viitor \u2013 sau deja conduci un grup acas\u0103?<\/p><p>Instruirea Liderilor de Grupuri Mici este conceput\u0103 pentru tine!<\/p><p><a href=\"https:\/\/registration.teenstreet.de\/tseu\/ts-2026\/\" target=\"_blank\" rel=\"noopener\"><b>\u00cenregistra\u021bi-v\u0103 aici!<\/b><\/a><\/p>\t\t\t\t\t\t\t\t<\/div>\n\t\t\t\t<\/div>\n\t\t\t\t\t<\/div>\n\t\t<\/div>\n\t\t\t\t<div class=\"elementor-column elementor-col-50 elementor-top-column elementor-element elementor-element-612d36c\" data-id=\"612d36c\" data-element_type=\"column\" data-e-type=\"column\">\n\t\t\t<div class=\"elementor-widget-wrap elementor-element-populated\">\n\t\t\t\t\t\t<div class=\"elementor-element elementor-element-a5ce481 elementor-widget elementor-widget-image\" data-id=\"a5ce481\" data-element_type=\"widget\" data-e-type=\"widget\" data-widget_type=\"image.default\">\n\t\t\t\t<div class=\"elementor-widget-container\">\n\t\t\t\t\t\t\t\t\t\t\t\t\t\t\t<img decoding=\"async\" width=\"820\" height=\"1024\" src=\"https:\/\/teenstreet.life\/eu\/wp-content\/uploads\/sites\/13\/2026\/04\/SGL-training-2-820x1024.png\" class=\"attachment-large size-large wp-image-9070\" alt=\"\" srcset=\"https:\/\/teenstreet.life\/eu\/wp-content\/uploads\/sites\/13\/2026\/04\/SGL-training-2-820x1024.png 820w, https:\/\/teenstreet.life\/eu\/wp-content\/uploads\/sites\/13\/2026\/04\/SGL-training-2-240x300.png 240w, https:\/\/teenstreet.life\/eu\/wp-content\/uploads\/sites\/13\/2026\/04\/SGL-training-2-768x959.png 768w, https:\/\/teenstreet.life\/eu\/wp-content\/uploads\/sites\/13\/2026\/04\/SGL-training-2-10x12.png 10w, https:\/\/teenstreet.life\/eu\/wp-content\/uploads\/sites\/13\/2026\/04\/SGL-training-2-600x749.png 600w, https:\/\/teenstreet.life\/eu\/wp-content\/uploads\/sites\/13\/2026\/04\/SGL-training-2.png 1006w\" sizes=\"(max-width: 820px) 100vw, 820px\" \/>\t\t\t\t\t\t\t\t\t\t\t\t\t\t\t<\/div>\n\t\t\t\t<\/div>\n\t\t\t\t\t<\/div>\n\t\t<\/div>\n\t\t\t\t\t<\/div>\n\t\t<\/section>\n\t\t\t\t<\/div>","protected":false},"excerpt":{"rendered":"<p>Do you have a heart for serving others?&nbsp;Are you curious about what leading a small group is like? We have created something for you! We will be offering training for future small group leaders&nbsp;at the 2026 TeenStreet event. Learn How to Lead SGL Training is designed for Service Team members \u2013 particularly those between the [&hellip;]<\/p>\n","protected":false},"author":82,"featured_media":0,"parent":0,"menu_order":0,"comment_status":"closed","ping_status":"closed","template":"","meta":{"iawp_total_views":182,"footnotes":""},"class_list":["post-9061","page","type-page","status-publish","hentry"],"_links":{"self":[{"href":"https:\/\/teenstreet.life\/eu\/ro\/wp-json\/wp\/v2\/pages\/9061","targetHints":{"allow":["GET"]}}],"collection":[{"href":"https:\/\/teenstreet.life\/eu\/ro\/wp-json\/wp\/v2\/pages"}],"about":[{"href":"https:\/\/teenstreet.life\/eu\/ro\/wp-json\/wp\/v2\/types\/page"}],"author":[{"embeddable":true,"href":"https:\/\/teenstreet.life\/eu\/ro\/wp-json\/wp\/v2\/users\/82"}],"replies":[{"embeddable":true,"href":"https:\/\/teenstreet.life\/eu\/ro\/wp-json\/wp\/v2\/comments?post=9061"}],"version-history":[{"count":6,"href":"https:\/\/teenstreet.life\/eu\/ro\/wp-json\/wp\/v2\/pages\/9061\/revisions"}],"predecessor-version":[{"id":9088,"href":"https:\/\/teenstreet.life\/eu\/ro\/wp-json\/wp\/v2\/pages\/9061\/revisions\/9088"}],"wp:attachment":[{"href":"https:\/\/teenstreet.life\/eu\/ro\/wp-json\/wp\/v2\/media?parent=9061"}],"curies":[{"name":"wp","href":"https:\/\/api.w.org\/{rel}","templated":true}]}}