{"id":8297,"date":"2025-05-09T12:59:58","date_gmt":"2025-05-09T10:59:58","guid":{"rendered":"https:\/\/teenstreet.life\/eu\/?page_id=8297"},"modified":"2026-03-30T09:06:45","modified_gmt":"2026-03-30T07:06:45","slug":"carpa","status":"publish","type":"page","link":"https:\/\/teenstreet.life\/eu\/ro\/rag\/","title":{"rendered":"C\u00c2RP\u0102"},"content":{"rendered":"<div data-elementor-type=\"wp-page\" data-elementor-id=\"8297\" class=\"elementor elementor-8297\" data-elementor-post-type=\"page\">\n\t\t\t\t\t\t<section class=\"elementor-section elementor-top-section elementor-element elementor-element-395d558 elementor-section-boxed elementor-section-height-default elementor-section-height-default wpr-particle-no wpr-jarallax-no wpr-parallax-no wpr-sticky-section-no\" data-id=\"395d558\" data-element_type=\"section\" data-e-type=\"section\">\n\t\t\t\t\t\t<div class=\"elementor-container elementor-column-gap-default\">\n\t\t\t\t\t<div class=\"elementor-column elementor-col-100 elementor-top-column elementor-element elementor-element-558de68\" data-id=\"558de68\" data-element_type=\"column\" data-e-type=\"column\">\n\t\t\t<div class=\"elementor-widget-wrap elementor-element-populated\">\n\t\t\t\t\t\t<div class=\"elementor-element elementor-element-f5c9a71 elementor-widget elementor-widget-image\" data-id=\"f5c9a71\" data-element_type=\"widget\" data-e-type=\"widget\" data-widget_type=\"image.default\">\n\t\t\t\t<div class=\"elementor-widget-container\">\n\t\t\t\t\t\t\t\t\t\t\t\t\t\t\t<img fetchpriority=\"high\" decoding=\"async\" width=\"1024\" height=\"683\" src=\"https:\/\/teenstreet.life\/eu\/wp-content\/uploads\/sites\/13\/2025\/11\/54700690382_07eff34a4a_k-1024x683.jpg\" class=\"attachment-large size-large wp-image-8560\" alt=\"\" srcset=\"https:\/\/teenstreet.life\/eu\/wp-content\/uploads\/sites\/13\/2025\/11\/54700690382_07eff34a4a_k-1024x683.jpg 1024w, https:\/\/teenstreet.life\/eu\/wp-content\/uploads\/sites\/13\/2025\/11\/54700690382_07eff34a4a_k-300x200.jpg 300w, https:\/\/teenstreet.life\/eu\/wp-content\/uploads\/sites\/13\/2025\/11\/54700690382_07eff34a4a_k-768x512.jpg 768w, https:\/\/teenstreet.life\/eu\/wp-content\/uploads\/sites\/13\/2025\/11\/54700690382_07eff34a4a_k-1536x1024.jpg 1536w, https:\/\/teenstreet.life\/eu\/wp-content\/uploads\/sites\/13\/2025\/11\/54700690382_07eff34a4a_k-18x12.jpg 18w, https:\/\/teenstreet.life\/eu\/wp-content\/uploads\/sites\/13\/2025\/11\/54700690382_07eff34a4a_k-600x400.jpg 600w, https:\/\/teenstreet.life\/eu\/wp-content\/uploads\/sites\/13\/2025\/11\/54700690382_07eff34a4a_k.jpg 2048w\" sizes=\"(max-width: 1024px) 100vw, 1024px\" \/>\t\t\t\t\t\t\t\t\t\t\t\t\t\t\t<\/div>\n\t\t\t\t<\/div>\n\t\t\t\t\t<\/div>\n\t\t<\/div>\n\t\t\t\t\t<\/div>\n\t\t<\/section>\n\t\t\t\t<section class=\"elementor-section elementor-top-section elementor-element elementor-element-7d71714 elementor-section-boxed elementor-section-height-default elementor-section-height-default wpr-particle-no wpr-jarallax-no wpr-parallax-no wpr-sticky-section-no\" data-id=\"7d71714\" data-element_type=\"section\" data-e-type=\"section\">\n\t\t\t\t\t\t<div class=\"elementor-container elementor-column-gap-default\">\n\t\t\t\t\t<div class=\"elementor-column elementor-col-100 elementor-top-column elementor-element elementor-element-a4a6bcf\" data-id=\"a4a6bcf\" data-element_type=\"column\" data-e-type=\"column\">\n\t\t\t<div class=\"elementor-widget-wrap elementor-element-populated\">\n\t\t\t\t\t\t<div class=\"elementor-element elementor-element-664fa80 elementor-widget elementor-widget-text-editor\" data-id=\"664fa80\" data-element_type=\"widget\" data-e-type=\"widget\" data-widget_type=\"text-editor.default\">\n\t\t\t\t<div class=\"elementor-widget-container\">\n\t\t\t\t\t\t\t\t\t<p>RAG ( Raise and Give) este str\u00e2ngerea de fonduri la TeenStreet. \u00cenainte \u0219i \u00een timpul fiec\u0103rui TeenStreet, str\u00e2ngem fonduri pentru a sprijini cauze bune care vor avea un impact pozitiv asupra tinerilor din Europa \u0219i nu numai. Banii sunt str\u00e2n\u0219i prin cursa noastr\u0103 RAG \u0219i prin alte activit\u0103\u021bi din timpul s\u0103pt\u0103m\u00e2nii. <span class=\"TextRun SCXW8656431 BCX0\" lang=\"EN-GB\" xml:lang=\"EN-GB\" data-contrast=\"auto\"><span class=\"NormalTextRun SCXW8656431 BCX0\">Anul acesta vom str\u00e2nge bani pentru urm\u0103toarele proiecte.<\/span><\/span><\/p>\t\t\t\t\t\t\t\t<\/div>\n\t\t\t\t<\/div>\n\t\t\t\t\t<\/div>\n\t\t<\/div>\n\t\t\t\t\t<\/div>\n\t\t<\/section>\n\t\t\t\t<section class=\"elementor-section elementor-top-section elementor-element elementor-element-b06c416 elementor-section-boxed elementor-section-height-default elementor-section-height-default wpr-particle-no wpr-jarallax-no wpr-parallax-no wpr-sticky-section-no\" data-id=\"b06c416\" data-element_type=\"section\" data-e-type=\"section\">\n\t\t\t\t\t\t<div class=\"elementor-container elementor-column-gap-default\">\n\t\t\t\t\t<div class=\"elementor-column elementor-col-50 elementor-top-column elementor-element elementor-element-8c36043\" data-id=\"8c36043\" data-element_type=\"column\" data-e-type=\"column\">\n\t\t\t<div class=\"elementor-widget-wrap elementor-element-populated\">\n\t\t\t\t\t\t<div class=\"elementor-element elementor-element-23f6739 elementor-widget elementor-widget-image\" data-id=\"23f6739\" data-element_type=\"widget\" data-e-type=\"widget\" data-widget_type=\"image.default\">\n\t\t\t\t<div class=\"elementor-widget-container\">\n\t\t\t\t\t\t\t\t\t\t\t\t\t\t\t<img decoding=\"async\" width=\"1024\" height=\"768\" src=\"https:\/\/teenstreet.life\/eu\/wp-content\/uploads\/sites\/13\/2026\/03\/WhatsApp-Image-2026-02-22-at-10.13.47-1-1024x768.jpeg\" class=\"attachment-large size-large wp-image-8991\" alt=\"\" srcset=\"https:\/\/teenstreet.life\/eu\/wp-content\/uploads\/sites\/13\/2026\/03\/WhatsApp-Image-2026-02-22-at-10.13.47-1-1024x768.jpeg 1024w, https:\/\/teenstreet.life\/eu\/wp-content\/uploads\/sites\/13\/2026\/03\/WhatsApp-Image-2026-02-22-at-10.13.47-1-300x225.jpeg 300w, https:\/\/teenstreet.life\/eu\/wp-content\/uploads\/sites\/13\/2026\/03\/WhatsApp-Image-2026-02-22-at-10.13.47-1-768x576.jpeg 768w, https:\/\/teenstreet.life\/eu\/wp-content\/uploads\/sites\/13\/2026\/03\/WhatsApp-Image-2026-02-22-at-10.13.47-1-1536x1152.jpeg 1536w, https:\/\/teenstreet.life\/eu\/wp-content\/uploads\/sites\/13\/2026\/03\/WhatsApp-Image-2026-02-22-at-10.13.47-1-16x12.jpeg 16w, https:\/\/teenstreet.life\/eu\/wp-content\/uploads\/sites\/13\/2026\/03\/WhatsApp-Image-2026-02-22-at-10.13.47-1-600x450.jpeg 600w, https:\/\/teenstreet.life\/eu\/wp-content\/uploads\/sites\/13\/2026\/03\/WhatsApp-Image-2026-02-22-at-10.13.47-1.jpeg 1600w\" sizes=\"(max-width: 1024px) 100vw, 1024px\" \/>\t\t\t\t\t\t\t\t\t\t\t\t\t\t\t<\/div>\n\t\t\t\t<\/div>\n\t\t\t\t\t<\/div>\n\t\t<\/div>\n\t\t\t\t<div class=\"elementor-column elementor-col-50 elementor-top-column elementor-element elementor-element-1c70343\" data-id=\"1c70343\" data-element_type=\"column\" data-e-type=\"column\">\n\t\t\t<div class=\"elementor-widget-wrap elementor-element-populated\">\n\t\t\t\t\t\t<div class=\"elementor-element elementor-element-55da049 elementor-widget elementor-widget-text-editor\" data-id=\"55da049\" data-element_type=\"widget\" data-e-type=\"widget\" data-widget_type=\"text-editor.default\">\n\t\t\t\t<div class=\"elementor-widget-container\">\n\t\t\t\t\t\t\t\t\t<h4><b><span data-contrast=\"auto\">Reconstruc\u021bie dup\u0103 furtun\u0103 Portugalia<\/span><\/b><span data-ccp-props=\"{&quot;134233117&quot;:false,&quot;134233118&quot;:false,&quot;201341983&quot;:0,&quot;335551550&quot;:1,&quot;335551620&quot;:1,&quot;335559685&quot;:0,&quot;335559737&quot;:0,&quot;335559738&quot;:0,&quot;335559739&quot;:0,&quot;335559740&quot;:279}\">\u00a0<\/span><\/h4><p><span data-contrast=\"auto\">\u00cen ianuarie 2026, Portugalia a fost lovit\u0103 de temperaturi record\u00a0<\/span><span data-contrast=\"auto\">Furtuna Kristin<\/span><span data-contrast=\"auto\">. Furtuna a afectat grav p\u0103r\u021bile centrale ale \u021b\u0103rii, inclusiv ora\u0219ul Monte Real, unde o echip\u0103 OM a plantat o biseric\u0103 \u00een urm\u0103 cu cinci ani. Biserica este situat\u0103 strategic \u0219i este singura biseric\u0103 evanghelic\u0103 care deserve\u0219te o zon\u0103 de peste 20 000 de locuitori. Cl\u0103direa bisericii a fost complet distrus\u0103 de furtun\u0103. Fondurile pe care le vom str\u00e2nge vor fi folosite pentru a reconstrui cl\u0103direa bisericii \u0219i pentru a sponsoriza un asistent social care s\u0103 sprijine familiile care se lupt\u0103 \u00een urma furtunii.<\/span><span data-ccp-props=\"{&quot;134233117&quot;:false,&quot;134233118&quot;:false,&quot;201341983&quot;:0,&quot;335551550&quot;:1,&quot;335551620&quot;:1,&quot;335559685&quot;:0,&quot;335559737&quot;:0,&quot;335559738&quot;:0,&quot;335559739&quot;:0,&quot;335559740&quot;:279}\">\u00a0<\/span><\/p>\t\t\t\t\t\t\t\t<\/div>\n\t\t\t\t<\/div>\n\t\t\t\t\t<\/div>\n\t\t<\/div>\n\t\t\t\t\t<\/div>\n\t\t<\/section>\n\t\t\t\t<section class=\"elementor-section elementor-top-section elementor-element elementor-element-0b8a916 elementor-section-boxed elementor-section-height-default elementor-section-height-default wpr-particle-no wpr-jarallax-no wpr-parallax-no wpr-sticky-section-no\" data-id=\"0b8a916\" data-element_type=\"section\" data-e-type=\"section\">\n\t\t\t\t\t\t<div class=\"elementor-container elementor-column-gap-default\">\n\t\t\t\t\t<div class=\"elementor-column elementor-col-100 elementor-top-column elementor-element elementor-element-d599ebc\" data-id=\"d599ebc\" data-element_type=\"column\" data-e-type=\"column\">\n\t\t\t<div class=\"elementor-widget-wrap elementor-element-populated\">\n\t\t\t\t\t\t<div class=\"elementor-element elementor-element-212bde3 elementor-widget elementor-widget-text-editor\" data-id=\"212bde3\" data-element_type=\"widget\" data-e-type=\"widget\" data-widget_type=\"text-editor.default\">\n\t\t\t\t<div class=\"elementor-widget-container\">\n\t\t\t\t\t\t\t\t\t<h4><b>Ministerul media printre cei mai greu de atins<\/b><\/h4><p>Str\u00e2ngem fonduri pentru o misiune dedicat\u0103 \u00eemp\u0103rt\u0103\u0219irii Evangheliei prin intermediul re\u021belelor sociale \u0219i al televiziunii, ajung\u00e2nd astfel la un grup specific de oameni, at\u00e2t la nivel local, c\u00e2t \u0219i global. Fondurile pe care le str\u00e2ngem vor sprijini eforturile de outreach \u0219i evanghelizare pe re\u021belele sociale, ucenicia online \u0219i formarea liderilor, precum \u0219i un serviciu virtual de biseric\u0103.\u00a0\u00a0<\/p>\t\t\t\t\t\t\t\t<\/div>\n\t\t\t\t<\/div>\n\t\t\t\t\t<\/div>\n\t\t<\/div>\n\t\t\t\t\t<\/div>\n\t\t<\/section>\n\t\t\t\t<section class=\"elementor-section elementor-top-section elementor-element elementor-element-565ac34 elementor-section-boxed elementor-section-height-default elementor-section-height-default wpr-particle-no wpr-jarallax-no wpr-parallax-no wpr-sticky-section-no\" data-id=\"565ac34\" data-element_type=\"section\" data-e-type=\"section\">\n\t\t\t\t\t\t<div class=\"elementor-container elementor-column-gap-default\">\n\t\t\t\t\t<div class=\"elementor-column elementor-col-100 elementor-top-column elementor-element elementor-element-4b2a389\" data-id=\"4b2a389\" data-element_type=\"column\" data-e-type=\"column\">\n\t\t\t<div class=\"elementor-widget-wrap elementor-element-populated\">\n\t\t\t\t\t\t<div class=\"elementor-element elementor-element-67f50c4 elementor-widget elementor-widget-text-editor\" data-id=\"67f50c4\" data-element_type=\"widget\" data-e-type=\"widget\" data-widget_type=\"text-editor.default\">\n\t\t\t\t<div class=\"elementor-widget-container\">\n\t\t\t\t\t\t\t\t\t<h4><b><span data-contrast=\"auto\">Sprijinirea adolescen\u021bilor din \u00eentreaga lume\u00a0\u00a0<\/span><\/b><span data-ccp-props=\"{&quot;134233117&quot;:false,&quot;134233118&quot;:false,&quot;335559738&quot;:0,&quot;335559739&quot;:0}\">\u00a0<\/span><\/h4><p><span data-contrast=\"auto\">\u00a0<\/span><span data-contrast=\"auto\">De-a lungul anilor, am v\u0103zut cum TeenStreet a influen\u021bat adolescen\u021bii din Europa \u0219i cum ace\u0219tia au influen\u021bat mediul lor \u0219i nu numai. De asemenea, ne dorim s\u0103 vedem adolescen\u021bi din alte p\u0103r\u021bi ale lumii cresc\u00e2nd \u00een rela\u021bia lor personal\u0103 cu Isus, s\u0103 aib\u0103 un impact spiritual \u0219i s\u0103 ajung\u0103 cu dragostea lui Isus \u00een propria lor \u021bar\u0103. Credem c\u0103 acest lucru este posibil prin TeenStreet \u0219i vis\u0103m nu numai s\u0103 cre\u0219tem TeenStreet \u00een Europa, ci \u0219i s\u0103 \u00eencepem noi TeenStreet-uri \u00een \u00eentreaga lume, astfel \u00eenc\u00e2t adolescen\u021bii din aceste \u021b\u0103ri s\u0103 poat\u0103 face o diferen\u021b\u0103. Aceste fonduri vor fi direc\u021bionate c\u0103tre Fondul de multiplicare interna\u021bional\u0103 TeenStreet \u0219i c\u0103tre Fondul TeenStreet Europa. O parte din aceste fonduri vor fi folosite \u0219i pentru a ajuta adolescen\u021bii defavoriza\u021bi din Europa s\u0103 vin\u0103 la evenimentul european, de exemplu adolescen\u021bii din Ucraina.<\/span><span data-ccp-props=\"{&quot;134233117&quot;:false,&quot;134233118&quot;:false,&quot;335559738&quot;:0,&quot;335559739&quot;:0}\">\u00a0<\/span><\/p>\t\t\t\t\t\t\t\t<\/div>\n\t\t\t\t<\/div>\n\t\t\t\t\t<\/div>\n\t\t<\/div>\n\t\t\t\t\t<\/div>\n\t\t<\/section>\n\t\t\t\t<\/div>","protected":false},"excerpt":{"rendered":"<p>RAG ( Raise and Give) is the fundraising at TeenStreet. Before and during every TeenStreet, we raise funds to support good causes that will positively impact youth in Europe and beyond. Money is raised through our RAG race and other activities during the week. This year we will be raising money for the following projects. Post-storm reconstruction Portugal\u00a0 In January 2026, Portugal was hit by record-breaking\u00a0Storm Kristin. The storm severely\u00a0impacted\u00a0the central parts of the country, including the town of Monte Real, where an OM team planted a church five years ago. The church is strategically\u00a0located\u00a0and is the only evangelical church serving an area of over 20,000 inhabitants. The church building was\u00a0completely destroyed\u00a0by the storm. The funds we raise will be used to rebuild the church building and to sponsor a social worker to support families who are struggling in the aftermath of the storm.\u00a0 Media ministry among the Least Reached We are raising funds for a ministry that is dedicated to sharing the Gospel through social media and TV, reaching a specific people group both locally and globally. The funds we raise will support social media outreach and evangelism, online discipleship and leadership training, and a virtual church service.\u00a0\u00a0 Supporting Teens around the World\u00a0\u00a0\u00a0 \u00a0Throughout the years we have seen how\u00a0TeenStreet\u00a0has\u00a0impacted\u00a0teens in Europe, and how they have been\u00a0impacting\u00a0their environment and beyond. We also want to see teens in other parts of the world grow in their personal relationship with Jesus, to have a spiritual impact and to reach out with the love of Jesus in their own country. We believe this is possible through\u00a0TeenStreet\u00a0and we dream not only of growing\u00a0TeenStreet\u00a0in Europe but also starting new\u00a0TeenStreets\u00a0around the world, so that teens in these countries can make a difference. These funds will be directed to the\u00a0TeenStreet\u00a0International Multiplication Fund and to the\u00a0TeenStreet\u00a0Europe Fund. Part of these funds will also be used to help make it possible for underprivileged teenagers in Europe to come to the European event, for example teenagers from Ukraine.\u00a0<\/p>","protected":false},"author":42,"featured_media":0,"parent":0,"menu_order":0,"comment_status":"closed","ping_status":"closed","template":"","meta":{"iawp_total_views":18,"footnotes":""},"class_list":["post-8297","page","type-page","status-publish","hentry"],"_links":{"self":[{"href":"https:\/\/teenstreet.life\/eu\/ro\/wp-json\/wp\/v2\/pages\/8297","targetHints":{"allow":["GET"]}}],"collection":[{"href":"https:\/\/teenstreet.life\/eu\/ro\/wp-json\/wp\/v2\/pages"}],"about":[{"href":"https:\/\/teenstreet.life\/eu\/ro\/wp-json\/wp\/v2\/types\/page"}],"author":[{"embeddable":true,"href":"https:\/\/teenstreet.life\/eu\/ro\/wp-json\/wp\/v2\/users\/42"}],"replies":[{"embeddable":true,"href":"https:\/\/teenstreet.life\/eu\/ro\/wp-json\/wp\/v2\/comments?post=8297"}],"version-history":[{"count":5,"href":"https:\/\/teenstreet.life\/eu\/ro\/wp-json\/wp\/v2\/pages\/8297\/revisions"}],"predecessor-version":[{"id":9057,"href":"https:\/\/teenstreet.life\/eu\/ro\/wp-json\/wp\/v2\/pages\/8297\/revisions\/9057"}],"wp:attachment":[{"href":"https:\/\/teenstreet.life\/eu\/ro\/wp-json\/wp\/v2\/media?parent=8297"}],"curies":[{"name":"wp","href":"https:\/\/api.w.org\/{rel}","templated":true}]}}