{"id":7888,"date":"2024-08-01T09:35:47","date_gmt":"2024-08-01T07:35:47","guid":{"rendered":"https:\/\/teenstreet.life\/eu\/?page_id=7888"},"modified":"2024-08-01T11:54:05","modified_gmt":"2024-08-01T09:54:05","slug":"ziua-5-scop","status":"publish","type":"page","link":"https:\/\/teenstreet.life\/eu\/ro\/day-5-purpose\/","title":{"rendered":"Ziua 5 - Scop"},"content":{"rendered":"<div data-elementor-type=\"wp-page\" data-elementor-id=\"7888\" class=\"elementor elementor-7888\" data-elementor-post-type=\"page\">\n\t\t\t\t\t\t<section class=\"elementor-section elementor-top-section elementor-element elementor-element-bcdf2cd elementor-section-boxed elementor-section-height-default elementor-section-height-default wpr-particle-no wpr-jarallax-no wpr-parallax-no wpr-sticky-section-no\" data-id=\"bcdf2cd\" data-element_type=\"section\" data-e-type=\"section\">\n\t\t\t\t\t\t<div class=\"elementor-container elementor-column-gap-default\">\n\t\t\t\t\t<div class=\"elementor-column elementor-col-100 elementor-top-column elementor-element elementor-element-631672e\" data-id=\"631672e\" data-element_type=\"column\" data-e-type=\"column\">\n\t\t\t<div class=\"elementor-widget-wrap elementor-element-populated\">\n\t\t\t\t\t\t<div class=\"elementor-element elementor-element-fb452f1 elementor-skin-carousel elementor-arrows-yes elementor-pagination-type-bullets elementor-pagination-position-outside elementor-widget elementor-widget-media-carousel\" data-id=\"fb452f1\" data-element_type=\"widget\" data-e-type=\"widget\" data-settings=\"{&quot;skin&quot;:&quot;carousel&quot;,&quot;effect&quot;:&quot;slide&quot;,&quot;show_arrows&quot;:&quot;yes&quot;,&quot;pagination&quot;:&quot;bullets&quot;,&quot;speed&quot;:500,&quot;autoplay&quot;:&quot;yes&quot;,&quot;autoplay_speed&quot;:5000,&quot;loop&quot;:&quot;yes&quot;,&quot;pause_on_hover&quot;:&quot;yes&quot;,&quot;pause_on_interaction&quot;:&quot;yes&quot;,&quot;space_between&quot;:{&quot;unit&quot;:&quot;px&quot;,&quot;size&quot;:10,&quot;sizes&quot;:[]},&quot;space_between_tablet&quot;:{&quot;unit&quot;:&quot;px&quot;,&quot;size&quot;:10,&quot;sizes&quot;:[]},&quot;space_between_mobile&quot;:{&quot;unit&quot;:&quot;px&quot;,&quot;size&quot;:10,&quot;sizes&quot;:[]}}\" data-widget_type=\"media-carousel.default\">\n\t\t\t\t<div class=\"elementor-widget-container\">\n\t\t\t\t\t\t\t\t\t<div class=\"elementor-swiper\">\n\t\t\t\t\t<div class=\"elementor-main-swiper swiper\" role=\"region\" aria-roledescription=\"carousel\" aria-label=\"Diapozitive\">\n\t\t\t\t<div class=\"swiper-wrapper\">\n\t\t\t\t\t\t\t\t\t\t\t<div class=\"swiper-slide\" role=\"group\" aria-roledescription=\"slide\">\n\t\t\t\t\t\t\t\t\t<div class=\"elementor-carousel-image\" role=\"img\" aria-label=\"\ud83d\udcf8 Benjamin H\u00f8yland\" style=\"background-image: url(&#039;https:\/\/teenstreet.life\/eu\/wp-content\/uploads\/sites\/13\/2024\/08\/TS24-DAY5-Logo-BHoyland-25-Mainhall.jpg&#039;)\">\n\n\t\t\t\n\t\t\t\t\t<\/div>\n\t\t\t\t\t\t\t\t<\/div>\n\t\t\t\t\t\t\t\t\t\t\t<div class=\"swiper-slide\" role=\"group\" aria-roledescription=\"slide\">\n\t\t\t\t\t\t\t\t\t<div class=\"elementor-carousel-image\" role=\"img\" aria-label=\"\ud83d\udcf8 Benjamin H\u00f8yland\" style=\"background-image: url(&#039;https:\/\/teenstreet.life\/eu\/wp-content\/uploads\/sites\/13\/2024\/08\/TS24-DAY5-Logo-BHoyland-15-Mainhall.jpg&#039;)\">\n\n\t\t\t\n\t\t\t\t\t<\/div>\n\t\t\t\t\t\t\t\t<\/div>\n\t\t\t\t\t\t\t\t\t\t\t<div class=\"swiper-slide\" role=\"group\" aria-roledescription=\"slide\">\n\t\t\t\t\t\t\t\t\t<div class=\"elementor-carousel-image\" role=\"img\" aria-label=\"TS24_Day5_BRathke_10_Outreach\" style=\"background-image: url(&#039;https:\/\/teenstreet.life\/eu\/wp-content\/uploads\/sites\/13\/2024\/08\/TS24_Day5_BRathke_10_Outreach-scaled.jpg&#039;)\">\n\n\t\t\t\n\t\t\t\t\t<\/div>\n\t\t\t\t\t\t\t\t<\/div>\n\t\t\t\t\t\t\t\t\t\t\t<div class=\"swiper-slide\" role=\"group\" aria-roledescription=\"slide\">\n\t\t\t\t\t\t\t\t\t<div class=\"elementor-carousel-image\" role=\"img\" aria-label=\"TS24_Day5_Logo_BRathke_08_Throne Room\" style=\"background-image: url(&#039;https:\/\/teenstreet.life\/eu\/wp-content\/uploads\/sites\/13\/2024\/08\/TS24_Day5_Logo_BRathke_08_Throne-Room.jpg&#039;)\">\n\n\t\t\t\n\t\t\t\t\t<\/div>\n\t\t\t\t\t\t\t\t<\/div>\n\t\t\t\t\t\t\t\t\t\t\t<div class=\"swiper-slide\" role=\"group\" aria-roledescription=\"slide\">\n\t\t\t\t\t\t\t\t\t<div class=\"elementor-carousel-image\" role=\"img\" aria-label=\"\ud83d\udcf8 Benjamin H\u00f8yland\" style=\"background-image: url(&#039;https:\/\/teenstreet.life\/eu\/wp-content\/uploads\/sites\/13\/2024\/08\/TS24-DAY5-Logo-BHoyland-27-Interact.jpg&#039;)\">\n\n\t\t\t\n\t\t\t\t\t<\/div>\n\t\t\t\t\t\t\t\t<\/div>\n\t\t\t\t\t\t\t\t\t<\/div>\n\t\t\t\t\t\t\t\t\t\t\t\t\t\t\t<div class=\"elementor-swiper-button elementor-swiper-button-prev\" role=\"button\" tabindex=\"0\" aria-label=\"Articolul precedent\">\n\t\t\t\t\t\t\t<i aria-hidden=\"true\" class=\"eicon-chevron-left\"><\/i>\t\t\t\t\t\t<\/div>\n\t\t\t\t\t\t<div class=\"elementor-swiper-button elementor-swiper-button-next\" role=\"button\" tabindex=\"0\" aria-label=\"Urm\u0103torul\">\n\t\t\t\t\t\t\t<i aria-hidden=\"true\" class=\"eicon-chevron-right\"><\/i>\t\t\t\t\t\t<\/div>\n\t\t\t\t\t\t\t\t\t\t\t\t\t\t\t\t<div class=\"swiper-pagination\"><\/div>\n\t\t\t\t\t\t\t\t\t\t\t\t<\/div>\n\t\t\t\t<\/div>\n\t\t\t\t\t\t\t\t<\/div>\n\t\t\t\t<\/div>\n\t\t\t\t\t<\/div>\n\t\t<\/div>\n\t\t\t\t\t<\/div>\n\t\t<\/section>\n\t\t\t\t<section class=\"elementor-section elementor-top-section elementor-element elementor-element-948dfb4 elementor-section-boxed elementor-section-height-default elementor-section-height-default wpr-particle-no wpr-jarallax-no wpr-parallax-no wpr-sticky-section-no\" data-id=\"948dfb4\" data-element_type=\"section\" data-e-type=\"section\">\n\t\t\t\t\t\t<div class=\"elementor-container elementor-column-gap-default\">\n\t\t\t\t\t<div class=\"elementor-column elementor-col-100 elementor-top-column elementor-element elementor-element-05e9216\" data-id=\"05e9216\" data-element_type=\"column\" data-e-type=\"column\">\n\t\t\t<div class=\"elementor-widget-wrap elementor-element-populated\">\n\t\t\t\t\t\t<div class=\"elementor-element elementor-element-b5568df elementor-widget elementor-widget-text-editor\" data-id=\"b5568df\" data-element_type=\"widget\" data-e-type=\"widget\" data-widget_type=\"text-editor.default\">\n\t\t\t\t<div class=\"elementor-widget-container\">\n\t\t\t\t\t\t\t\t\t<p>Ziua 5: Scop\u00a0<\/p><p>\u00a0Ce ar fi TeenStreet f\u0103r\u0103 echipa de serviciu? 652 de persoane lucreaz\u0103 \u00een spatele scenei \u00een acest an \u0219i fac TeenStreet posibil - \u00een buc\u0103t\u0103rie, cur\u0103\u021b\u00e2nd toaletele, ca paznici, la un stand de m\u00e2ncare distractiv\u0103 \u0219i a\u0219a mai departe. \u00cen aceast\u0103 diminea\u021b\u0103 le-am mul\u021bumit cu voce tare! Echipa de serviciu, v\u0103 iubim!\u00a0<\/p><p>\u00a0La fel ca flac\u0103ra olimpic\u0103, este important \u0219i pentru noi, cre\u0219tinii, s\u0103 transmitem tor\u021ba \u0219i s\u0103 aducem lumina lui Isus \u00een lume. Pentru c\u0103 exist\u0103 \u00eenc\u0103 3 miliarde de oameni care au pu\u021bine sau deloc ocazia de a auzi despre Isus. \u00a0<\/p><p>\u00a0\u0218tim de la Pavel c\u0103 nu s-a odihnit nici m\u0103car la sf\u00e2r\u0219itul slujbei sale, ci a continuat s\u0103 predice Evanghelia p\u00e2n\u0103 c\u00e2nd genera\u021bia urm\u0103toare a preluat \u0219tafeta. Chiar \u00eenainte de a se \u00eentoarce la Tat\u0103l S\u0103u ceresc, Isus le-a spus ucenicilor S\u0103i c\u0103 ei vor fi martorii S\u0103i - dovezile, dovada Sa (Fapte 1:8). Cu puterea DUNAMIS a Duhului Sf\u00e2nt, vie\u021bile noastre se vor schimba \u0219i ele, iar noi vom fi dovezi, probe ale iubirii Sale \u0219i vom aduce lumina Sa \u00een lume. Puterea Sa DUMANIS ne va proteja.\u00a0<\/p><p>\u00a0Dup\u0103-amiaz\u0103, mul\u021bi adolescen\u021bi au ie\u0219it \u00een ora\u0219 \u0219i au adus lumina Sa oamenilor din Offenburg - juc\u00e2nd fotbal, la standurile de rug\u0103ciune sau vorbind cu trec\u0103torii. Adolescen\u021bii s-au \u00eentors cu ochii str\u0103lucitori \u0219i plini de entuziasm cu privire la ceea ce au tr\u0103it. \u00a0<\/p><p>\u00a0La Throne Room ni s-a reamintit c\u0103, \u00een calitate de cre\u0219tini, trebuie s\u0103-L alegem pe Dumnezeu \u00een fiecare zi. Apoi am \u00eenceput un timp de \u00eenchinare, \u00een care am folosit \u0219i micile tor\u021be pe care toat\u0103 lumea le-a primit la intrare flutur\u00e2ndu-le \u00een jur l\u0103ud\u00e2ndu-L pe Dumnezeu. C\u00e2nd am c\u00e2ntat melodia \"Battle belongs\", ne-am pus cu to\u021bii \u00een genunchi \u0219i am c\u00e2ntat: \"A\u0219a c\u0103 atunci c\u00e2nd lupt, lupt \u00een genunchi, cu m\u00e2inile ridicate. Oh, Doamne, b\u0103t\u0103lia \u00ee\u021bi apar\u021bine\". Mai t\u00e2rziu, ne-am pus din nou \u00een genunchi - de data aceasta pentru a ne m\u0103rturisi p\u0103catele lui Dumnezeu - \u0219i am c\u00e2ntat \"Hristos \u0219i Hristos r\u0103stignit\". Ce sear\u0103!<\/p>\t\t\t\t\t\t\t\t<\/div>\n\t\t\t\t<\/div>\n\t\t\t\t\t<\/div>\n\t\t<\/div>\n\t\t\t\t\t<\/div>\n\t\t<\/section>\n\t\t\t\t<section class=\"elementor-section elementor-top-section elementor-element elementor-element-0ee6a83 elementor-section-boxed elementor-section-height-default elementor-section-height-default wpr-particle-no wpr-jarallax-no wpr-parallax-no wpr-sticky-section-no\" data-id=\"0ee6a83\" data-element_type=\"section\" data-e-type=\"section\">\n\t\t\t\t\t\t<div class=\"elementor-container elementor-column-gap-default\">\n\t\t\t\t\t<div class=\"elementor-column elementor-col-100 elementor-top-column elementor-element elementor-element-2573971\" data-id=\"2573971\" data-element_type=\"column\" data-e-type=\"column\">\n\t\t\t<div class=\"elementor-widget-wrap elementor-element-populated\">\n\t\t\t\t\t\t<div class=\"elementor-element elementor-element-95bab5a elementor-widget elementor-widget-image\" data-id=\"95bab5a\" data-element_type=\"widget\" data-e-type=\"widget\" data-widget_type=\"image.default\">\n\t\t\t\t<div class=\"elementor-widget-container\">\n\t\t\t\t\t\t\t\t\t\t\t\t\t\t\t<img decoding=\"async\" src=\"https:\/\/teenstreet.life\/eu\/wp-content\/uploads\/sites\/13\/2024\/07\/Capture-decran-2024-07-30-a-09.37.43.png\" title=\"Captur\u0103 de ecran 2024-07-30 la 09.37.43\" alt=\"Captur\u0103 de ecran 2024-07-30 la 09.37.43\" loading=\"lazy\" \/>\t\t\t\t\t\t\t\t\t\t\t\t\t\t\t<\/div>\n\t\t\t\t<\/div>\n\t\t\t\t\t<\/div>\n\t\t<\/div>\n\t\t\t\t\t<\/div>\n\t\t<\/section>\n\t\t\t\t<\/div>","protected":false},"excerpt":{"rendered":"<p>Previous Next Day 5: Purpose\u00a0 \u00a0What would TeenStreet be without the Service team? 652 people are working behind the scenes this year and making TeenStreet possible &#8211; in the kitchen, cleaning toilets, as security, at a fun food stand and so on. This morning we thanked them out loud! Service team, we love you!\u00a0 \u00a0Just like the Olympic flame, it is also important for us as Christians to pass on the torch and bring the light of Jesus into the world. Because there are still a good 3 billion people who have little or no opportunity to hear about Jesus. \u00a0 \u00a0We know from Paul that he did not rest even at the end of his ministry, but continued to preach the gospel until the next generation took up the torch. Just before Jesus went back to his heavenly Father, he told his disciples that they would be his witnesses &#8211; his evidence, proof (Acts 1:8). With the DUNAMIS power of the Holy Spirit, our lives will also change and we will be evidence, proof of his love and bring his light into the world. His DUMANIS power will protect us.\u00a0 \u00a0In the afternoon, many teens went out into the city and brought His light to the people of Offenburg &#8211; playing football, at prayer stands or by talking to passers-by. The teens came back with shining eyes and full of enthusiasm about what they had experienced. \u00a0 \u00a0At Throne Room we were reminded that as Christians we have to choose God EVERY day. Then we started a time of worship, where we also used the little torches that everyone received at the entrance waving them around praising God. When we sang the song &#8220;Battle belongs&#8221;, we all got down on our knees and sung: &#8220;So when I fight, I fight on my knees with my hands lifted high. Oh, God, the battle belongs to you.&#8221; Later, we got down on our knees again &#8211; this time to confess our sins to God &#8211; and sang &#8220;Christ and Christ crucified&#8221;. What an evening!<\/p>","protected":false},"author":74,"featured_media":7913,"parent":0,"menu_order":0,"comment_status":"closed","ping_status":"closed","template":"","meta":{"iawp_total_views":0,"footnotes":""},"class_list":["post-7888","page","type-page","status-publish","has-post-thumbnail","hentry"],"_links":{"self":[{"href":"https:\/\/teenstreet.life\/eu\/ro\/wp-json\/wp\/v2\/pages\/7888","targetHints":{"allow":["GET"]}}],"collection":[{"href":"https:\/\/teenstreet.life\/eu\/ro\/wp-json\/wp\/v2\/pages"}],"about":[{"href":"https:\/\/teenstreet.life\/eu\/ro\/wp-json\/wp\/v2\/types\/page"}],"author":[{"embeddable":true,"href":"https:\/\/teenstreet.life\/eu\/ro\/wp-json\/wp\/v2\/users\/74"}],"replies":[{"embeddable":true,"href":"https:\/\/teenstreet.life\/eu\/ro\/wp-json\/wp\/v2\/comments?post=7888"}],"version-history":[{"count":5,"href":"https:\/\/teenstreet.life\/eu\/ro\/wp-json\/wp\/v2\/pages\/7888\/revisions"}],"predecessor-version":[{"id":7926,"href":"https:\/\/teenstreet.life\/eu\/ro\/wp-json\/wp\/v2\/pages\/7888\/revisions\/7926"}],"wp:featuredmedia":[{"embeddable":true,"href":"https:\/\/teenstreet.life\/eu\/ro\/wp-json\/wp\/v2\/media\/7913"}],"wp:attachment":[{"href":"https:\/\/teenstreet.life\/eu\/ro\/wp-json\/wp\/v2\/media?parent=7888"}],"curies":[{"name":"wp","href":"https:\/\/api.w.org\/{rel}","templated":true}]}}