{"id":7873,"date":"2024-07-31T11:52:59","date_gmt":"2024-07-31T09:52:59","guid":{"rendered":"https:\/\/teenstreet.life\/eu\/?page_id=7873"},"modified":"2024-07-31T11:53:00","modified_gmt":"2024-07-31T09:53:00","slug":"ziua-4-multumire","status":"publish","type":"page","link":"https:\/\/teenstreet.life\/eu\/ro\/day-4-contentment\/","title":{"rendered":"Ziua 4 - Mul\u021bumire"},"content":{"rendered":"<div data-elementor-type=\"wp-page\" data-elementor-id=\"7873\" class=\"elementor elementor-7873\" data-elementor-post-type=\"page\">\n\t\t\t\t\t\t<section class=\"elementor-section elementor-top-section elementor-element elementor-element-174c546 elementor-section-boxed elementor-section-height-default elementor-section-height-default wpr-particle-no wpr-jarallax-no wpr-parallax-no wpr-sticky-section-no\" data-id=\"174c546\" data-element_type=\"section\" data-e-type=\"section\">\n\t\t\t\t\t\t<div class=\"elementor-container elementor-column-gap-default\">\n\t\t\t\t\t<div class=\"elementor-column elementor-col-100 elementor-top-column elementor-element elementor-element-8efb91b\" data-id=\"8efb91b\" data-element_type=\"column\" data-e-type=\"column\">\n\t\t\t<div class=\"elementor-widget-wrap elementor-element-populated\">\n\t\t\t\t\t\t<div class=\"elementor-element elementor-element-4ab9919 elementor-skin-carousel elementor-arrows-yes elementor-pagination-type-bullets elementor-pagination-position-outside elementor-widget elementor-widget-media-carousel\" data-id=\"4ab9919\" data-element_type=\"widget\" data-e-type=\"widget\" data-settings=\"{&quot;skin&quot;:&quot;carousel&quot;,&quot;effect&quot;:&quot;slide&quot;,&quot;show_arrows&quot;:&quot;yes&quot;,&quot;pagination&quot;:&quot;bullets&quot;,&quot;speed&quot;:500,&quot;autoplay&quot;:&quot;yes&quot;,&quot;autoplay_speed&quot;:5000,&quot;loop&quot;:&quot;yes&quot;,&quot;pause_on_hover&quot;:&quot;yes&quot;,&quot;pause_on_interaction&quot;:&quot;yes&quot;,&quot;space_between&quot;:{&quot;unit&quot;:&quot;px&quot;,&quot;size&quot;:10,&quot;sizes&quot;:[]},&quot;space_between_tablet&quot;:{&quot;unit&quot;:&quot;px&quot;,&quot;size&quot;:10,&quot;sizes&quot;:[]},&quot;space_between_mobile&quot;:{&quot;unit&quot;:&quot;px&quot;,&quot;size&quot;:10,&quot;sizes&quot;:[]}}\" data-widget_type=\"media-carousel.default\">\n\t\t\t\t<div class=\"elementor-widget-container\">\n\t\t\t\t\t\t\t\t\t<div class=\"elementor-swiper\">\n\t\t\t\t\t<div class=\"elementor-main-swiper swiper\" role=\"region\" aria-roledescription=\"carousel\" aria-label=\"Diapozitive\">\n\t\t\t\t<div class=\"swiper-wrapper\">\n\t\t\t\t\t\t\t\t\t\t\t<div class=\"swiper-slide\" role=\"group\" aria-roledescription=\"slide\">\n\t\t\t\t\t\t\t\t\t<div class=\"elementor-carousel-image\" role=\"img\" aria-label=\"TS24_DAY4_Logo_ASchneider_02_Interact2\" style=\"background-image: url(&#039;https:\/\/teenstreet.life\/eu\/wp-content\/uploads\/sites\/13\/2024\/07\/TS24_DAY4_Logo_ASchneider_02_Interact2.jpg&#039;)\">\n\n\t\t\t\n\t\t\t\t\t<\/div>\n\t\t\t\t\t\t\t\t<\/div>\n\t\t\t\t\t\t\t\t\t\t\t<div class=\"swiper-slide\" role=\"group\" aria-roledescription=\"slide\">\n\t\t\t\t\t\t\t\t\t<div class=\"elementor-carousel-image\" role=\"img\" aria-label=\"\ud83d\udcf8 Benjamin H\u00f8yland\" style=\"background-image: url(&#039;https:\/\/teenstreet.life\/eu\/wp-content\/uploads\/sites\/13\/2024\/07\/TS24-DAY4-Logo-BHoyland-36-Interact.jpg&#039;)\">\n\n\t\t\t\n\t\t\t\t\t<\/div>\n\t\t\t\t\t\t\t\t<\/div>\n\t\t\t\t\t\t\t\t\t\t\t<div class=\"swiper-slide\" role=\"group\" aria-roledescription=\"slide\">\n\t\t\t\t\t\t\t\t\t<div class=\"elementor-carousel-image\" role=\"img\" aria-label=\"TS24_DAY4_Logo_ASchneider_02_Interact3\" style=\"background-image: url(&#039;https:\/\/teenstreet.life\/eu\/wp-content\/uploads\/sites\/13\/2024\/07\/TS24_DAY4_Logo_ASchneider_02_Interact3.jpg&#039;)\">\n\n\t\t\t\n\t\t\t\t\t<\/div>\n\t\t\t\t\t\t\t\t<\/div>\n\t\t\t\t\t\t\t\t\t\t\t<div class=\"swiper-slide\" role=\"group\" aria-roledescription=\"slide\">\n\t\t\t\t\t\t\t\t\t<div class=\"elementor-carousel-image\" role=\"img\" aria-label=\"TS24_DAY4_Logo_ASchneider_05_Interact3\" style=\"background-image: url(&#039;https:\/\/teenstreet.life\/eu\/wp-content\/uploads\/sites\/13\/2024\/07\/TS24_DAY4_Logo_ASchneider_05_Interact3.jpg&#039;)\">\n\n\t\t\t\n\t\t\t\t\t<\/div>\n\t\t\t\t\t\t\t\t<\/div>\n\t\t\t\t\t\t\t\t\t\t\t<div class=\"swiper-slide\" role=\"group\" aria-roledescription=\"slide\">\n\t\t\t\t\t\t\t\t\t<div class=\"elementor-carousel-image\" role=\"img\" aria-label=\"TS24_Day4_Logo_MBosch_16_Throne Room\" style=\"background-image: url(&#039;https:\/\/teenstreet.life\/eu\/wp-content\/uploads\/sites\/13\/2024\/07\/TS24_Day4_Logo_MBosch_16_Throne-Room.jpg&#039;)\">\n\n\t\t\t\n\t\t\t\t\t<\/div>\n\t\t\t\t\t\t\t\t<\/div>\n\t\t\t\t\t\t\t\t\t<\/div>\n\t\t\t\t\t\t\t\t\t\t\t\t\t\t\t<div class=\"elementor-swiper-button elementor-swiper-button-prev\" role=\"button\" tabindex=\"0\" aria-label=\"Articolul precedent\">\n\t\t\t\t\t\t\t<i aria-hidden=\"true\" class=\"eicon-chevron-left\"><\/i>\t\t\t\t\t\t<\/div>\n\t\t\t\t\t\t<div class=\"elementor-swiper-button elementor-swiper-button-next\" role=\"button\" tabindex=\"0\" aria-label=\"Urm\u0103torul\">\n\t\t\t\t\t\t\t<i aria-hidden=\"true\" class=\"eicon-chevron-right\"><\/i>\t\t\t\t\t\t<\/div>\n\t\t\t\t\t\t\t\t\t\t\t\t\t\t\t\t<div class=\"swiper-pagination\"><\/div>\n\t\t\t\t\t\t\t\t\t\t\t\t<\/div>\n\t\t\t\t<\/div>\n\t\t\t\t\t\t\t\t<\/div>\n\t\t\t\t<\/div>\n\t\t\t\t\t<\/div>\n\t\t<\/div>\n\t\t\t\t\t<\/div>\n\t\t<\/section>\n\t\t\t\t<section class=\"elementor-section elementor-top-section elementor-element elementor-element-22d2b21 elementor-section-boxed elementor-section-height-default elementor-section-height-default wpr-particle-no wpr-jarallax-no wpr-parallax-no wpr-sticky-section-no\" data-id=\"22d2b21\" data-element_type=\"section\" data-e-type=\"section\">\n\t\t\t\t\t\t<div class=\"elementor-container elementor-column-gap-default\">\n\t\t\t\t\t<div class=\"elementor-column elementor-col-100 elementor-top-column elementor-element elementor-element-e8fba36\" data-id=\"e8fba36\" data-element_type=\"column\" data-e-type=\"column\">\n\t\t\t<div class=\"elementor-widget-wrap elementor-element-populated\">\n\t\t\t\t\t\t<div class=\"elementor-element elementor-element-52a0a51 elementor-widget elementor-widget-text-editor\" data-id=\"52a0a51\" data-element_type=\"widget\" data-e-type=\"widget\" data-widget_type=\"text-editor.default\">\n\t\t\t\t<div class=\"elementor-widget-container\">\n\t\t\t\t\t\t\t\t\t<p>Ziua 4: mul\u021bumire<\/p><p>S-ar putea s\u0103 se aud\u0103 tare\" - adolescen\u021bii au fost \u00eent\u00e2mpina\u021bi ast\u0103zi cu acest c\u00e2ntec \u00een sala principal\u0103. \u0218i s-a auzit tare c\u00e2nd a fost ales cel mai bun costum din cursa de c\u00e2rpe - extratere\u0219trii - \u0219i c\u00e2nd a fost anun\u021bat totalul dona\u021biilor: 48.166 de euro.<\/p>\n<p>Tema de ast\u0103zi a fost despre a fi mul\u021bumit chiar \u0219i \u00een momente de suferin\u021b\u0103. Dup\u0103 convertirea sa, Pavel, fostul persecutor al cre\u0219tinilor Saul, a mers la oamenii care nu \u00eel cuno\u0219teau \u00eenc\u0103 pe Isus \u0219i a suferit mult. Printre altele, el a supravie\u021buit propriei sale lapid\u0103ri. Baz\u00e2ndu-ne pe Romani 8:18, am recunoscut c\u0103, \u00een vremuri de suferin\u021b\u0103, deseori facem zoom pe problem\u0103 ca \u0219i cum am avea un microscop, \u00eens\u0103 Pavel ne cere s\u0103 facem zoom out \u0219i s\u0103 ne concentr\u0103m asupra lui Dumnezeu.<\/p>\n<p>Dup\u0103-amiaza nu s-au \u00eent\u00e2mplat prea multe la TeenStreet din cauza c\u0103ldurii, mul\u021bi prefer\u00e2nd s\u0103 r\u0103m\u00e2n\u0103 \u00een cas\u0103 sau s\u0103 \u00eenoate \u00een lacul din apropiere.<\/p>\n<p>&nbsp;Seara, o Camer\u0103 a Tronului u\u0219or diferit\u0103 a fost \u00een program: seara de rug\u0103ciune. Forma\u021bia a c\u00e2ntat acustic, iar Josh Green, directorul de tineret pentru 24-7 Prayer, a condus \u00eentreaga sear\u0103. El a subliniat c\u0103 Isus a \u00eenceput biserica ca o \u00eent\u00e2lnire de rug\u0103ciune \u0219i c\u0103 acum este timpul ca biserica s\u0103 se \u00eentoarc\u0103 la originile sale \u0219i s\u0103 devin\u0103 o cas\u0103 de rug\u0103ciune. \"Rug\u0103ciunea trebuie s\u0103 fie persistent\u0103, consecvent\u0103 \u0219i rezistent\u0103\", ne-a provocat el.<\/p>\n<p>Apoi, adolescen\u021bii au mers \u00een grupurile lor mici la diferite sta\u021bii de rug\u0103ciune pentru a se ruga pentru cei neatins \u0219i unii pentru al\u021bii. La final, adolescen\u021bi din peste 30 de na\u021biuni au urcat pe scen\u0103 pentru a se ruga pentru \u021bara lor \u00een limbile lor. Un \"haos sf\u00e2nt\" \u0219i totu\u0219i un semn at\u00e2t de frumos al trupului lui Hristos. \u00cen cele din urm\u0103, toat\u0103 lumea s-a rugat Tat\u0103l Nostru simultan \u00een propriile limbi.<\/p>\t\t\t\t\t\t\t\t<\/div>\n\t\t\t\t<\/div>\n\t\t\t\t\t<\/div>\n\t\t<\/div>\n\t\t\t\t\t<\/div>\n\t\t<\/section>\n\t\t\t\t<section class=\"elementor-section elementor-top-section elementor-element elementor-element-87967e1 elementor-section-boxed elementor-section-height-default elementor-section-height-default wpr-particle-no wpr-jarallax-no wpr-parallax-no wpr-sticky-section-no\" data-id=\"87967e1\" data-element_type=\"section\" data-e-type=\"section\">\n\t\t\t\t\t\t<div class=\"elementor-container elementor-column-gap-default\">\n\t\t\t\t\t<div class=\"elementor-column elementor-col-100 elementor-top-column elementor-element elementor-element-386a533\" data-id=\"386a533\" data-element_type=\"column\" data-e-type=\"column\">\n\t\t\t<div class=\"elementor-widget-wrap elementor-element-populated\">\n\t\t\t\t\t\t<div class=\"elementor-element elementor-element-887f3fc elementor-widget elementor-widget-image\" data-id=\"887f3fc\" data-element_type=\"widget\" data-e-type=\"widget\" data-widget_type=\"image.default\">\n\t\t\t\t<div class=\"elementor-widget-container\">\n\t\t\t\t\t\t\t\t\t\t\t\t\t\t\t<img decoding=\"async\" src=\"https:\/\/teenstreet.life\/eu\/wp-content\/uploads\/sites\/13\/2024\/07\/Capture-decran-2024-07-30-a-09.37.43.png\" title=\"Captur\u0103 de ecran 2024-07-30 la 09.37.43\" alt=\"Captur\u0103 de ecran 2024-07-30 la 09.37.43\" loading=\"lazy\" \/>\t\t\t\t\t\t\t\t\t\t\t\t\t\t\t<\/div>\n\t\t\t\t<\/div>\n\t\t\t\t\t<\/div>\n\t\t<\/div>\n\t\t\t\t\t<\/div>\n\t\t<\/section>\n\t\t\t\t<\/div>","protected":false},"excerpt":{"rendered":"<p>Previous Next Ziua 4: contentment It might get loud\u201d - adolescen\u021bii au fost \u00eent\u00e2mpina\u021bi ast\u0103zi cu acest c\u00e2ntec \u00een sala principal\u0103. \u0218i s-a auzit tare c\u00e2nd a fost ales cel mai bun costum din cursa de c\u00e2rpe - extratere\u0219trii - \u0219i c\u00e2nd a fost anun\u021bat totalul dona\u021biilor: 48.166 de euro. Tema de ast\u0103zi a fost despre a fi mul\u021bumit chiar \u0219i \u00een momente de suferin\u021b\u0103. Dup\u0103 convertirea sa, Pavel, fostul persecutor al cre\u0219tinilor Saul, a mers la oamenii care nu \u00eel cuno\u0219teau \u00eenc\u0103 pe Isus \u0219i a suferit mult. Printre altele, el a supravie\u021buit propriei sale lapid\u0103ri. Baz\u00e2ndu-ne pe Romani 8:18, am recunoscut c\u0103, \u00een momentele de suferin\u021b\u0103, de multe ori facem zoom pe problem\u0103 ca \u0219i cum am avea un microscop, \u00eens\u0103 Pavel ne cere s\u0103 facem zoom out \u0219i s\u0103 ne concentr\u0103m asupra lui Dumnezeu. Dup\u0103-amiaz\u0103 nu s-au \u00eent\u00e2mplat prea multe la TeenStreet din cauza c\u0103ldurii, mul\u021bi au preferat s\u0103 r\u0103m\u00e2n\u0103 \u00een cas\u0103 sau s\u0103 \u00eenoate \u00een lacul din apropiere.  Seara, \u00een program a fost o Camer\u0103 a Tronului u\u0219or diferit\u0103: seara de rug\u0103ciune. Forma\u021bia a c\u00e2ntat acustic, iar Josh Green, directorul de tineret al 24-7 Prayer, a condus \u00eentreaga sear\u0103. El a subliniat c\u0103 Isus a \u00eenceput biserica ca o \u00eent\u00e2lnire de rug\u0103ciune \u0219i c\u0103 acum este timpul ca biserica s\u0103 se \u00eentoarc\u0103 la originile sale \u0219i s\u0103 devin\u0103 o cas\u0103 de rug\u0103ciune. \u201cRug\u0103ciunea trebuie s\u0103 fie persistent\u0103, consecvent\u0103 \u0219i rezistent\u0103\u201d, ne-a provocat el. Apoi, adolescen\u021bii au mers \u00een grupurile lor mici la diferite sta\u021bii de rug\u0103ciune pentru a se ruga pentru cei neatinsi \u0219i unii pentru al\u021bii. La final, adolescen\u021bi din peste 30 de na\u021biuni au urcat pe scen\u0103 pentru a se ruga pentru \u021bara lor \u00een limbile lor. Un \u201chaos sf\u00e2nt\u201d \u0219i totu\u0219i un semn at\u00e2t de frumos al trupului lui Hristos. \u00cen cele din urm\u0103, toat\u0103 lumea s-a rugat Tat\u0103l Nostru simultan \u00een propriile limbi.<\/p>","protected":false},"author":74,"featured_media":7876,"parent":0,"menu_order":0,"comment_status":"closed","ping_status":"closed","template":"","meta":{"iawp_total_views":0,"footnotes":""},"class_list":["post-7873","page","type-page","status-publish","has-post-thumbnail","hentry"],"_links":{"self":[{"href":"https:\/\/teenstreet.life\/eu\/ro\/wp-json\/wp\/v2\/pages\/7873","targetHints":{"allow":["GET"]}}],"collection":[{"href":"https:\/\/teenstreet.life\/eu\/ro\/wp-json\/wp\/v2\/pages"}],"about":[{"href":"https:\/\/teenstreet.life\/eu\/ro\/wp-json\/wp\/v2\/types\/page"}],"author":[{"embeddable":true,"href":"https:\/\/teenstreet.life\/eu\/ro\/wp-json\/wp\/v2\/users\/74"}],"replies":[{"embeddable":true,"href":"https:\/\/teenstreet.life\/eu\/ro\/wp-json\/wp\/v2\/comments?post=7873"}],"version-history":[{"count":5,"href":"https:\/\/teenstreet.life\/eu\/ro\/wp-json\/wp\/v2\/pages\/7873\/revisions"}],"predecessor-version":[{"id":7908,"href":"https:\/\/teenstreet.life\/eu\/ro\/wp-json\/wp\/v2\/pages\/7873\/revisions\/7908"}],"wp:featuredmedia":[{"embeddable":true,"href":"https:\/\/teenstreet.life\/eu\/ro\/wp-json\/wp\/v2\/media\/7876"}],"wp:attachment":[{"href":"https:\/\/teenstreet.life\/eu\/ro\/wp-json\/wp\/v2\/media?parent=7873"}],"curies":[{"name":"wp","href":"https:\/\/api.w.org\/{rel}","templated":true}]}}