{"id":7592,"date":"2024-07-27T18:40:09","date_gmt":"2024-07-27T16:40:09","guid":{"rendered":"https:\/\/teenstreet.life\/eu\/?page_id=7592"},"modified":"2024-07-30T12:23:48","modified_gmt":"2024-07-30T10:23:48","slug":"experienta-teenstreet-2024","status":"publish","type":"page","link":"https:\/\/teenstreet.life\/eu\/ro\/experience-teenstreet-2024\/","title":{"rendered":"Blogul Teenstreet Europa 2024"},"content":{"rendered":"<div data-elementor-type=\"wp-page\" data-elementor-id=\"7592\" class=\"elementor elementor-7592\" data-elementor-post-type=\"page\">\n\t\t\t\t\t\t<section class=\"elementor-section elementor-top-section elementor-element elementor-element-ad54b7a elementor-section-boxed elementor-section-height-default elementor-section-height-default wpr-particle-no wpr-jarallax-no wpr-parallax-no wpr-sticky-section-no\" data-id=\"ad54b7a\" data-element_type=\"section\" data-e-type=\"section\">\n\t\t\t\t\t\t<div class=\"elementor-container elementor-column-gap-default\">\n\t\t\t\t\t<div class=\"elementor-column elementor-col-100 elementor-top-column elementor-element elementor-element-65aa540\" data-id=\"65aa540\" data-element_type=\"column\" data-e-type=\"column\">\n\t\t\t<div class=\"elementor-widget-wrap elementor-element-populated\">\n\t\t\t\t\t\t<div class=\"elementor-element elementor-element-d7b7f09 elementor-grid-3 elementor-grid-tablet-2 elementor-grid-mobile-1 elementor-posts--thumbnail-top elementor-widget elementor-widget-posts\" data-id=\"d7b7f09\" data-element_type=\"widget\" data-e-type=\"widget\" data-settings=\"{&quot;classic_columns&quot;:&quot;3&quot;,&quot;classic_columns_tablet&quot;:&quot;2&quot;,&quot;classic_columns_mobile&quot;:&quot;1&quot;,&quot;classic_row_gap&quot;:{&quot;unit&quot;:&quot;px&quot;,&quot;size&quot;:35,&quot;sizes&quot;:[]},&quot;classic_row_gap_tablet&quot;:{&quot;unit&quot;:&quot;px&quot;,&quot;size&quot;:&quot;&quot;,&quot;sizes&quot;:[]},&quot;classic_row_gap_mobile&quot;:{&quot;unit&quot;:&quot;px&quot;,&quot;size&quot;:&quot;&quot;,&quot;sizes&quot;:[]}}\" data-widget_type=\"posts.classic\">\n\t\t\t\t<div class=\"elementor-widget-container\">\n\t\t\t\t\t\t\t<div class=\"elementor-posts-container elementor-posts elementor-posts--skin-classic elementor-grid\" role=\"list\">\n\t\t\t\t<article class=\"elementor-post elementor-grid-item post-7927 page type-page status-publish has-post-thumbnail hentry\" role=\"listitem\">\n\t\t\t\t<a class=\"elementor-post__thumbnail__link\" href=\"https:\/\/teenstreet.life\/eu\/ro\/day-6-filled\/\" tabindex=\"-1\" >\n\t\t\t<div class=\"elementor-post__thumbnail\"><img fetchpriority=\"high\" decoding=\"async\" width=\"300\" height=\"200\" src=\"https:\/\/teenstreet.life\/eu\/wp-content\/uploads\/sites\/13\/2024\/08\/53896292740_4d5d36e8be_k-300x200.jpg\" class=\"attachment-medium size-medium wp-image-7934\" alt=\"\" srcset=\"https:\/\/teenstreet.life\/eu\/wp-content\/uploads\/sites\/13\/2024\/08\/53896292740_4d5d36e8be_k-300x200.jpg 300w, https:\/\/teenstreet.life\/eu\/wp-content\/uploads\/sites\/13\/2024\/08\/53896292740_4d5d36e8be_k-1024x683.jpg 1024w, https:\/\/teenstreet.life\/eu\/wp-content\/uploads\/sites\/13\/2024\/08\/53896292740_4d5d36e8be_k-768x512.jpg 768w, https:\/\/teenstreet.life\/eu\/wp-content\/uploads\/sites\/13\/2024\/08\/53896292740_4d5d36e8be_k-1536x1024.jpg 1536w, https:\/\/teenstreet.life\/eu\/wp-content\/uploads\/sites\/13\/2024\/08\/53896292740_4d5d36e8be_k-18x12.jpg 18w, https:\/\/teenstreet.life\/eu\/wp-content\/uploads\/sites\/13\/2024\/08\/53896292740_4d5d36e8be_k.jpg 2048w\" sizes=\"(max-width: 300px) 100vw, 300px\" \/><\/div>\n\t\t<\/a>\n\t\t\t\t<div class=\"elementor-post__text\">\n\t\t\t\t<h3 class=\"elementor-post__title\">\n\t\t\t<a href=\"https:\/\/teenstreet.life\/eu\/ro\/day-6-filled\/\" >\n\t\t\t\tZiua 6 - Umplut\t\t\t<\/a>\n\t\t<\/h3>\n\t\t\t\t<div class=\"elementor-post__excerpt\">\n\t\t\t<p>Previous Next \u00cen aceast\u0103 diminea\u021b\u0103 am aflat cine a f\u0103cut cele mai multe tururi \u00een cursa RAG (Axel din Fran\u021ba, cu 24 de tururi) \u0219i cine a primit cei mai mul\u021bi bani (Hanus din<\/p>\n\t\t<\/div>\n\t\t\n\t\t<a class=\"elementor-post__read-more\" href=\"https:\/\/teenstreet.life\/eu\/ro\/day-6-filled\/\" aria-label=\"Read more about Day 6 &#8211; Filled\" tabindex=\"-1\" >\n\t\t\tCite\u0219te mai mult \"\t\t<\/a>\n\n\t\t\t\t<\/div>\n\t\t\t\t<\/article>\n\t\t\t\t<article class=\"elementor-post elementor-grid-item post-7888 page type-page status-publish has-post-thumbnail hentry\" role=\"listitem\">\n\t\t\t\t<a class=\"elementor-post__thumbnail__link\" href=\"https:\/\/teenstreet.life\/eu\/ro\/day-5-purpose\/\" tabindex=\"-1\" >\n\t\t\t<div class=\"elementor-post__thumbnail\"><img decoding=\"async\" width=\"300\" height=\"200\" src=\"https:\/\/teenstreet.life\/eu\/wp-content\/uploads\/sites\/13\/2024\/08\/TS24_Day5_Logo_BRathke_08_Throne-Room-300x200.jpg\" class=\"attachment-medium size-medium wp-image-7913\" alt=\"\" srcset=\"https:\/\/teenstreet.life\/eu\/wp-content\/uploads\/sites\/13\/2024\/08\/TS24_Day5_Logo_BRathke_08_Throne-Room-300x200.jpg 300w, https:\/\/teenstreet.life\/eu\/wp-content\/uploads\/sites\/13\/2024\/08\/TS24_Day5_Logo_BRathke_08_Throne-Room-1024x683.jpg 1024w, https:\/\/teenstreet.life\/eu\/wp-content\/uploads\/sites\/13\/2024\/08\/TS24_Day5_Logo_BRathke_08_Throne-Room-768x512.jpg 768w, https:\/\/teenstreet.life\/eu\/wp-content\/uploads\/sites\/13\/2024\/08\/TS24_Day5_Logo_BRathke_08_Throne-Room-1536x1024.jpg 1536w, https:\/\/teenstreet.life\/eu\/wp-content\/uploads\/sites\/13\/2024\/08\/TS24_Day5_Logo_BRathke_08_Throne-Room-2048x1365.jpg 2048w, https:\/\/teenstreet.life\/eu\/wp-content\/uploads\/sites\/13\/2024\/08\/TS24_Day5_Logo_BRathke_08_Throne-Room-18x12.jpg 18w\" sizes=\"(max-width: 300px) 100vw, 300px\" \/><\/div>\n\t\t<\/a>\n\t\t\t\t<div class=\"elementor-post__text\">\n\t\t\t\t<h3 class=\"elementor-post__title\">\n\t\t\t<a href=\"https:\/\/teenstreet.life\/eu\/ro\/day-5-purpose\/\" >\n\t\t\t\tZiua 5 - Scop\t\t\t<\/a>\n\t\t<\/h3>\n\t\t\t\t<div class=\"elementor-post__excerpt\">\n\t\t\t<p>Anterior Urm\u0103torul Ziua 5: Scopul Ce ar fi TeenStreet f\u0103r\u0103 echipa de serviciu? 652 de persoane lucreaz\u0103 \u00een spatele scenei \u00een acest an \u0219i fac TeenStreet posibil - \u00een buc\u0103t\u0103rie,<\/p>\n\t\t<\/div>\n\t\t\n\t\t<a class=\"elementor-post__read-more\" href=\"https:\/\/teenstreet.life\/eu\/ro\/day-5-purpose\/\" aria-label=\"Read more about Day 5 &#8211; Purpose\" tabindex=\"-1\" >\n\t\t\tCite\u0219te mai mult \"\t\t<\/a>\n\n\t\t\t\t<\/div>\n\t\t\t\t<\/article>\n\t\t\t\t<article class=\"elementor-post elementor-grid-item post-7873 page type-page status-publish has-post-thumbnail hentry\" role=\"listitem\">\n\t\t\t\t<a class=\"elementor-post__thumbnail__link\" href=\"https:\/\/teenstreet.life\/eu\/ro\/day-4-contentment\/\" tabindex=\"-1\" >\n\t\t\t<div class=\"elementor-post__thumbnail\"><img decoding=\"async\" width=\"300\" height=\"200\" src=\"https:\/\/teenstreet.life\/eu\/wp-content\/uploads\/sites\/13\/2024\/07\/TS24_DAY4_Logo_ASchneider_02_Interact2-300x200.jpg\" class=\"attachment-medium size-medium wp-image-7876\" alt=\"\" srcset=\"https:\/\/teenstreet.life\/eu\/wp-content\/uploads\/sites\/13\/2024\/07\/TS24_DAY4_Logo_ASchneider_02_Interact2-300x200.jpg 300w, https:\/\/teenstreet.life\/eu\/wp-content\/uploads\/sites\/13\/2024\/07\/TS24_DAY4_Logo_ASchneider_02_Interact2-1024x683.jpg 1024w, https:\/\/teenstreet.life\/eu\/wp-content\/uploads\/sites\/13\/2024\/07\/TS24_DAY4_Logo_ASchneider_02_Interact2-768x512.jpg 768w, https:\/\/teenstreet.life\/eu\/wp-content\/uploads\/sites\/13\/2024\/07\/TS24_DAY4_Logo_ASchneider_02_Interact2-1536x1024.jpg 1536w, https:\/\/teenstreet.life\/eu\/wp-content\/uploads\/sites\/13\/2024\/07\/TS24_DAY4_Logo_ASchneider_02_Interact2-2048x1365.jpg 2048w, https:\/\/teenstreet.life\/eu\/wp-content\/uploads\/sites\/13\/2024\/07\/TS24_DAY4_Logo_ASchneider_02_Interact2-18x12.jpg 18w\" sizes=\"(max-width: 300px) 100vw, 300px\" \/><\/div>\n\t\t<\/a>\n\t\t\t\t<div class=\"elementor-post__text\">\n\t\t\t\t<h3 class=\"elementor-post__title\">\n\t\t\t<a href=\"https:\/\/teenstreet.life\/eu\/ro\/day-4-contentment\/\" >\n\t\t\t\tZiua 4 - Mul\u021bumire\t\t\t<\/a>\n\t\t<\/h3>\n\t\t\t\t<div class=\"elementor-post__excerpt\">\n\t\t\t<p>Precedentul Urm\u0103torul Ziua 4: contentment It might get loud\" - adolescen\u021bii au fost \u00eent\u00e2mpina\u021bi ast\u0103zi cu acest c\u00e2ntec \u00een sala principal\u0103. \u0218i s-a auzit tare c\u00e2nd cel mai bun costum<\/p>\n\t\t<\/div>\n\t\t\n\t\t<a class=\"elementor-post__read-more\" href=\"https:\/\/teenstreet.life\/eu\/ro\/day-4-contentment\/\" aria-label=\"Read more about Day 4 &#8211; Contentment\" tabindex=\"-1\" >\n\t\t\tCite\u0219te mai mult \"\t\t<\/a>\n\n\t\t\t\t<\/div>\n\t\t\t\t<\/article>\n\t\t\t\t<article class=\"elementor-post elementor-grid-item post-7613 page type-page status-publish has-post-thumbnail hentry\" role=\"listitem\">\n\t\t\t\t<a class=\"elementor-post__thumbnail__link\" href=\"https:\/\/teenstreet.life\/eu\/ro\/day-3-purpose\/\" tabindex=\"-1\" >\n\t\t\t<div class=\"elementor-post__thumbnail\"><img loading=\"lazy\" decoding=\"async\" width=\"300\" height=\"200\" src=\"https:\/\/teenstreet.life\/eu\/wp-content\/uploads\/sites\/13\/2024\/07\/TS24_Day3_Logo_MBosch_54_RAG-300x200.jpg\" class=\"attachment-medium size-medium wp-image-7814\" alt=\"\" srcset=\"https:\/\/teenstreet.life\/eu\/wp-content\/uploads\/sites\/13\/2024\/07\/TS24_Day3_Logo_MBosch_54_RAG-300x200.jpg 300w, https:\/\/teenstreet.life\/eu\/wp-content\/uploads\/sites\/13\/2024\/07\/TS24_Day3_Logo_MBosch_54_RAG-1024x683.jpg 1024w, https:\/\/teenstreet.life\/eu\/wp-content\/uploads\/sites\/13\/2024\/07\/TS24_Day3_Logo_MBosch_54_RAG-768x512.jpg 768w, https:\/\/teenstreet.life\/eu\/wp-content\/uploads\/sites\/13\/2024\/07\/TS24_Day3_Logo_MBosch_54_RAG-1536x1024.jpg 1536w, https:\/\/teenstreet.life\/eu\/wp-content\/uploads\/sites\/13\/2024\/07\/TS24_Day3_Logo_MBosch_54_RAG-2048x1365.jpg 2048w, https:\/\/teenstreet.life\/eu\/wp-content\/uploads\/sites\/13\/2024\/07\/TS24_Day3_Logo_MBosch_54_RAG-18x12.jpg 18w\" sizes=\"(max-width: 300px) 100vw, 300px\" \/><\/div>\n\t\t<\/a>\n\t\t\t\t<div class=\"elementor-post__text\">\n\t\t\t\t<h3 class=\"elementor-post__title\">\n\t\t\t<a href=\"https:\/\/teenstreet.life\/eu\/ro\/day-3-purpose\/\" >\n\t\t\t\tZiua 3 - Binele comun\t\t\t<\/a>\n\t\t<\/h3>\n\t\t\t\t<div class=\"elementor-post__excerpt\">\n\t\t\t<p>Previous Next Ziua 3 la TeenStreet! Ziua b\u0103ie\u021bilor \u0219i a fetelor! Cursa RAG! Ce mai zi!   \u00cen aceast\u0103 diminea\u021b\u0103, b\u0103ie\u021bii s-au \u00eent\u00e2lnit mai \u00eent\u00e2i \u00een sala principal\u0103, \u00een timp ce fetele au avut<\/p>\n\t\t<\/div>\n\t\t\n\t\t<a class=\"elementor-post__read-more\" href=\"https:\/\/teenstreet.life\/eu\/ro\/day-3-purpose\/\" aria-label=\"Read more about Day 3 &#8211; The Common Good\" tabindex=\"-1\" >\n\t\t\tCite\u0219te mai mult \"\t\t<\/a>\n\n\t\t\t\t<\/div>\n\t\t\t\t<\/article>\n\t\t\t\t<article class=\"elementor-post elementor-grid-item post-7608 page type-page status-publish has-post-thumbnail hentry\" role=\"listitem\">\n\t\t\t\t<a class=\"elementor-post__thumbnail__link\" href=\"https:\/\/teenstreet.life\/eu\/ro\/day-2-bold\/\" tabindex=\"-1\" >\n\t\t\t<div class=\"elementor-post__thumbnail\"><img loading=\"lazy\" decoding=\"async\" width=\"300\" height=\"200\" src=\"https:\/\/teenstreet.life\/eu\/wp-content\/uploads\/sites\/13\/2024\/07\/TS24_Day2_Logo_RvanKranenburg_12_Mainhall-300x200.jpg\" class=\"attachment-medium size-medium wp-image-7720\" alt=\"\" srcset=\"https:\/\/teenstreet.life\/eu\/wp-content\/uploads\/sites\/13\/2024\/07\/TS24_Day2_Logo_RvanKranenburg_12_Mainhall-300x200.jpg 300w, https:\/\/teenstreet.life\/eu\/wp-content\/uploads\/sites\/13\/2024\/07\/TS24_Day2_Logo_RvanKranenburg_12_Mainhall-1024x683.jpg 1024w, https:\/\/teenstreet.life\/eu\/wp-content\/uploads\/sites\/13\/2024\/07\/TS24_Day2_Logo_RvanKranenburg_12_Mainhall-768x512.jpg 768w, https:\/\/teenstreet.life\/eu\/wp-content\/uploads\/sites\/13\/2024\/07\/TS24_Day2_Logo_RvanKranenburg_12_Mainhall-1536x1024.jpg 1536w, https:\/\/teenstreet.life\/eu\/wp-content\/uploads\/sites\/13\/2024\/07\/TS24_Day2_Logo_RvanKranenburg_12_Mainhall-2048x1365.jpg 2048w, https:\/\/teenstreet.life\/eu\/wp-content\/uploads\/sites\/13\/2024\/07\/TS24_Day2_Logo_RvanKranenburg_12_Mainhall-18x12.jpg 18w\" sizes=\"(max-width: 300px) 100vw, 300px\" \/><\/div>\n\t\t<\/a>\n\t\t\t\t<div class=\"elementor-post__text\">\n\t\t\t\t<h3 class=\"elementor-post__title\">\n\t\t\t<a href=\"https:\/\/teenstreet.life\/eu\/ro\/day-2-bold\/\" >\n\t\t\t\tZiua 2 - \u00cendr\u0103zne\u021b\t\t\t<\/a>\n\t\t<\/h3>\n\t\t\t\t<div class=\"elementor-post__excerpt\">\n\t\t\t<p>Precedentul Urm\u0103torul \"\u00cendr\u0103zneala nu \u00eenseamn\u0103 s\u0103 sim\u021bi ceva \u0219i apoi s\u0103 ac\u021bionezi - este opusul!\" Petru, la\u0219ul care L-a negat pe Iisus, a devenit \u00eendr\u0103zne\u021b atunci c\u00e2nd a \u00eenceput s\u0103 ac\u021bioneze ca Iisus, imit\u00e2ndu-l<\/p>\n\t\t<\/div>\n\t\t\n\t\t<a class=\"elementor-post__read-more\" href=\"https:\/\/teenstreet.life\/eu\/ro\/day-2-bold\/\" aria-label=\"Read more about Day 2 &#8211; Bold\" tabindex=\"-1\" >\n\t\t\tCite\u0219te mai mult \"\t\t<\/a>\n\n\t\t\t\t<\/div>\n\t\t\t\t<\/article>\n\t\t\t\t<article class=\"elementor-post elementor-grid-item post-7600 page type-page status-publish has-post-thumbnail hentry\" role=\"listitem\">\n\t\t\t\t<a class=\"elementor-post__thumbnail__link\" href=\"https:\/\/teenstreet.life\/eu\/ro\/day-1-expectation\/\" tabindex=\"-1\" >\n\t\t\t<div class=\"elementor-post__thumbnail\"><img loading=\"lazy\" decoding=\"async\" width=\"300\" height=\"200\" src=\"https:\/\/teenstreet.life\/eu\/wp-content\/uploads\/sites\/13\/2024\/07\/TS24-DAY1-Logo-VanDenHeuvel-1562-Throneroom-300x200.jpg\" class=\"attachment-medium size-medium wp-image-7666\" alt=\"\" srcset=\"https:\/\/teenstreet.life\/eu\/wp-content\/uploads\/sites\/13\/2024\/07\/TS24-DAY1-Logo-VanDenHeuvel-1562-Throneroom-300x200.jpg 300w, https:\/\/teenstreet.life\/eu\/wp-content\/uploads\/sites\/13\/2024\/07\/TS24-DAY1-Logo-VanDenHeuvel-1562-Throneroom-1024x683.jpg 1024w, https:\/\/teenstreet.life\/eu\/wp-content\/uploads\/sites\/13\/2024\/07\/TS24-DAY1-Logo-VanDenHeuvel-1562-Throneroom-768x512.jpg 768w, https:\/\/teenstreet.life\/eu\/wp-content\/uploads\/sites\/13\/2024\/07\/TS24-DAY1-Logo-VanDenHeuvel-1562-Throneroom-1536x1024.jpg 1536w, https:\/\/teenstreet.life\/eu\/wp-content\/uploads\/sites\/13\/2024\/07\/TS24-DAY1-Logo-VanDenHeuvel-1562-Throneroom-2048x1365.jpg 2048w, https:\/\/teenstreet.life\/eu\/wp-content\/uploads\/sites\/13\/2024\/07\/TS24-DAY1-Logo-VanDenHeuvel-1562-Throneroom-18x12.jpg 18w\" sizes=\"(max-width: 300px) 100vw, 300px\" \/><\/div>\n\t\t<\/a>\n\t\t\t\t<div class=\"elementor-post__text\">\n\t\t\t\t<h3 class=\"elementor-post__title\">\n\t\t\t<a href=\"https:\/\/teenstreet.life\/eu\/ro\/day-1-expectation\/\" >\n\t\t\t\tZiua 1 - A\u0219tept\u0103ri\t\t\t<\/a>\n\t\t<\/h3>\n\t\t\t\t<div class=\"elementor-post__excerpt\">\n\t\t\t<p>Previous Next \"L\u0103uda\u021bi-L pe Domnul, sufletul meu\" - TeenStreet 2024 a \u00eenceput ast\u0103zi cu acest c\u00e2ntec. A existat o mare emo\u021bie \u0219i anticipare \u00een sala principal\u0103 c\u00e2nd \u00eentreaga<\/p>\n\t\t<\/div>\n\t\t\n\t\t<a class=\"elementor-post__read-more\" href=\"https:\/\/teenstreet.life\/eu\/ro\/day-1-expectation\/\" aria-label=\"Read more about Day 1 &#8211; Expectation\" tabindex=\"-1\" >\n\t\t\tCite\u0219te mai mult \"\t\t<\/a>\n\n\t\t\t\t<\/div>\n\t\t\t\t<\/article>\n\t\t\t\t<\/div>\n\t\t\n\t\t\t\t\t\t<\/div>\n\t\t\t\t<\/div>\n\t\t\t\t\t<\/div>\n\t\t<\/div>\n\t\t\t\t\t<\/div>\n\t\t<\/section>\n\t\t\t\t<\/div>","protected":false},"excerpt":{"rendered":"","protected":false},"author":42,"featured_media":0,"parent":0,"menu_order":0,"comment_status":"closed","ping_status":"closed","template":"","meta":{"iawp_total_views":3,"footnotes":""},"class_list":["post-7592","page","type-page","status-publish","hentry"],"_links":{"self":[{"href":"https:\/\/teenstreet.life\/eu\/ro\/wp-json\/wp\/v2\/pages\/7592","targetHints":{"allow":["GET"]}}],"collection":[{"href":"https:\/\/teenstreet.life\/eu\/ro\/wp-json\/wp\/v2\/pages"}],"about":[{"href":"https:\/\/teenstreet.life\/eu\/ro\/wp-json\/wp\/v2\/types\/page"}],"author":[{"embeddable":true,"href":"https:\/\/teenstreet.life\/eu\/ro\/wp-json\/wp\/v2\/users\/42"}],"replies":[{"embeddable":true,"href":"https:\/\/teenstreet.life\/eu\/ro\/wp-json\/wp\/v2\/comments?post=7592"}],"version-history":[{"count":5,"href":"https:\/\/teenstreet.life\/eu\/ro\/wp-json\/wp\/v2\/pages\/7592\/revisions"}],"predecessor-version":[{"id":7762,"href":"https:\/\/teenstreet.life\/eu\/ro\/wp-json\/wp\/v2\/pages\/7592\/revisions\/7762"}],"wp:attachment":[{"href":"https:\/\/teenstreet.life\/eu\/ro\/wp-json\/wp\/v2\/media?parent=7592"}],"curies":[{"name":"wp","href":"https:\/\/api.w.org\/{rel}","templated":true}]}}