{"id":60,"date":"2020-05-25T09:24:00","date_gmt":"2020-05-25T09:24:00","guid":{"rendered":"https:\/\/teenstreet.life\/eu\/?page_id=60"},"modified":"2023-11-29T12:57:44","modified_gmt":"2023-11-29T11:57:44","slug":"istorie","status":"publish","type":"page","link":"https:\/\/teenstreet.life\/eu\/ro\/about\/history\/","title":{"rendered":"Istorie"},"content":{"rendered":"<div data-elementor-type=\"wp-page\" data-elementor-id=\"60\" class=\"elementor elementor-60\" data-elementor-post-type=\"page\">\n\t\t\t\t\t\t<section class=\"elementor-section elementor-top-section elementor-element elementor-element-672cfdb elementor-section-boxed elementor-section-height-default elementor-section-height-default\" data-id=\"672cfdb\" data-element_type=\"section\" data-e-type=\"section\">\n\t\t\t\t\t\t<div class=\"elementor-container elementor-column-gap-default\">\n\t\t\t\t\t<div class=\"elementor-column elementor-col-16 elementor-top-column elementor-element elementor-element-54fde2a\" data-id=\"54fde2a\" data-element_type=\"column\" data-e-type=\"column\">\n\t\t\t<div class=\"elementor-widget-wrap\">\n\t\t\t\t\t\t\t<\/div>\n\t\t<\/div>\n\t\t\t\t<div class=\"elementor-column elementor-col-66 elementor-top-column elementor-element elementor-element-50a2e63\" data-id=\"50a2e63\" data-element_type=\"column\" data-e-type=\"column\">\n\t\t\t<div class=\"elementor-widget-wrap elementor-element-populated\">\n\t\t\t\t\t\t<div class=\"elementor-element elementor-element-19d84d82 elementor-widget elementor-widget-text-editor\" data-id=\"19d84d82\" data-element_type=\"widget\" data-e-type=\"widget\" data-widget_type=\"text-editor.default\">\n\t\t\t\t<div class=\"elementor-widget-container\">\n\t\t\t\t\t\t\t\t\t<p>TeenStreet a \u00eenceput \u00een 1992 ca o viziune pentru o conferin\u021b\u0103 interna\u021bional\u0103 cre\u0219tin\u0103 pentru adolescen\u021bi. Fondatorii Dan \u0219i Suzie Potter din SUA i-au dat numele TeenStreet \u201epentru c\u0103 scopul \u00eentreg a fost de a oferi adolescen\u021bilor o strad\u0103 pe care s\u0103 c\u0103l\u0103toreasc\u0103... un mod de a tr\u0103i\u201d.<\/p>\n<p>Prima TeenStreet a avut loc \u00een Offenburg, Germania, \u00een vara anului 1993, cu un total de 56 de persoane. De acolo a crescut rapid, iar p\u00e2n\u0103 \u00een 2000, participarea a dep\u0103\u0219it 2.000.<\/p>\n<p>\u00cen 2004, TeenStreet sa extins \u00een Brazilia, apoi \u00een Australia \u00een 2010, iar mi\u0219c\u0103ri similare au fost lansate pe tot globul.<\/p>\n<p>Ast\u0103zi, TeenStreet opereaz\u0103 \u00een \u0219apte \u021b\u0103ri, cu un total de 8.000 de participan\u021bi \u00een fiecare an, dar nu am terminat s\u0103 cre\u0219tem.<\/p>\n<p>\u201eTeenStreet este mult mai mult dec\u00e2t un eveniment de o s\u0103pt\u0103m\u00e2n\u0103\u201d, explic\u0103 fostul director TeenStreet Europe Ger van Veen. \u201eMii de tineri p\u0103r\u0103sesc TeenStreet \u00een fiecare an \u0219i sunt \u00eemputernici\u021bi s\u0103 tr\u0103iasc\u0103 pentru Isus \u0219i s\u0103-L reflecte \u00een lumea lor.\u201d<\/p>\n<p>\u00cen 2020, TeenStreet a lansat primul s\u0103u eveniment online, ca r\u0103spuns la pandemia COVID-19. Pe m\u0103sur\u0103 ce influen\u021ba noastr\u0103 se extinde prin noile tehnologii \u0219i oportunit\u0103\u021bi, urm\u0103m direc\u021bia lui Dumnezeu pentru viitor, c\u0103l\u0103torind \u00eempreun\u0103 ca o comunitate global\u0103 de discipoli ai lui Isus care se angajeaz\u0103 s\u0103 glorifice Numele S\u0103u.<\/p>\t\t\t\t\t\t\t\t<\/div>\n\t\t\t\t<\/div>\n\t\t\t\t\t<\/div>\n\t\t<\/div>\n\t\t\t\t<div class=\"elementor-column elementor-col-16 elementor-top-column elementor-element elementor-element-0320df7\" data-id=\"0320df7\" data-element_type=\"column\" data-e-type=\"column\">\n\t\t\t<div class=\"elementor-widget-wrap\">\n\t\t\t\t\t\t\t<\/div>\n\t\t<\/div>\n\t\t\t\t\t<\/div>\n\t\t<\/section>\n\t\t\t\t<\/div>","protected":false},"excerpt":{"rendered":"<p>TeenStreet began in 1992 as a vision for an international Christian conference for teens. Founders Dan and Suzie Potter from the U.S. gave it the name TeenStreet \u201cbecause the whole purpose was to give teens a street to travel upon\u2026a way to live\u201d. The first TeenStreet was held in Offenburg, Germany, in the summer of [&hellip;]<\/p>\n","protected":false},"author":1,"featured_media":7036,"parent":56,"menu_order":0,"comment_status":"closed","ping_status":"closed","template":"","meta":{"iawp_total_views":30,"footnotes":""},"class_list":["post-60","page","type-page","status-publish","has-post-thumbnail","hentry"],"_links":{"self":[{"href":"https:\/\/teenstreet.life\/eu\/ro\/wp-json\/wp\/v2\/pages\/60","targetHints":{"allow":["GET"]}}],"collection":[{"href":"https:\/\/teenstreet.life\/eu\/ro\/wp-json\/wp\/v2\/pages"}],"about":[{"href":"https:\/\/teenstreet.life\/eu\/ro\/wp-json\/wp\/v2\/types\/page"}],"author":[{"embeddable":true,"href":"https:\/\/teenstreet.life\/eu\/ro\/wp-json\/wp\/v2\/users\/1"}],"replies":[{"embeddable":true,"href":"https:\/\/teenstreet.life\/eu\/ro\/wp-json\/wp\/v2\/comments?post=60"}],"version-history":[{"count":1,"href":"https:\/\/teenstreet.life\/eu\/ro\/wp-json\/wp\/v2\/pages\/60\/revisions"}],"predecessor-version":[{"id":7039,"href":"https:\/\/teenstreet.life\/eu\/ro\/wp-json\/wp\/v2\/pages\/60\/revisions\/7039"}],"up":[{"embeddable":true,"href":"https:\/\/teenstreet.life\/eu\/ro\/wp-json\/wp\/v2\/pages\/56"}],"wp:featuredmedia":[{"embeddable":true,"href":"https:\/\/teenstreet.life\/eu\/ro\/wp-json\/wp\/v2\/media\/7036"}],"wp:attachment":[{"href":"https:\/\/teenstreet.life\/eu\/ro\/wp-json\/wp\/v2\/media?parent=60"}],"curies":[{"name":"wp","href":"https:\/\/api.w.org\/{rel}","templated":true}]}}