{"id":56,"date":"2020-05-25T09:23:25","date_gmt":"2020-05-25T09:23:25","guid":{"rendered":"https:\/\/teenstreet.life\/eu\/?page_id=56"},"modified":"2023-11-29T12:56:54","modified_gmt":"2023-11-29T11:56:54","slug":"despre","status":"publish","type":"page","link":"https:\/\/teenstreet.life\/eu\/ro\/about\/","title":{"rendered":"Despre Teenstreet"},"content":{"rendered":"<div data-elementor-type=\"wp-page\" data-elementor-id=\"56\" class=\"elementor elementor-56\" data-elementor-post-type=\"page\">\n\t\t\t\t\t\t<section class=\"elementor-section elementor-top-section elementor-element elementor-element-c593276 elementor-section-boxed elementor-section-height-default elementor-section-height-default wpr-particle-no wpr-jarallax-no wpr-parallax-no wpr-sticky-section-no\" data-id=\"c593276\" data-element_type=\"section\" data-e-type=\"section\">\n\t\t\t\t\t\t<div class=\"elementor-container elementor-column-gap-default\">\n\t\t\t\t\t<div class=\"elementor-column elementor-col-16 elementor-top-column elementor-element elementor-element-2af51f9\" data-id=\"2af51f9\" data-element_type=\"column\" data-e-type=\"column\">\n\t\t\t<div class=\"elementor-widget-wrap\">\n\t\t\t\t\t\t\t<\/div>\n\t\t<\/div>\n\t\t\t\t<div class=\"elementor-column elementor-col-66 elementor-top-column elementor-element elementor-element-9c8ab1e\" data-id=\"9c8ab1e\" data-element_type=\"column\" data-e-type=\"column\">\n\t\t\t<div class=\"elementor-widget-wrap elementor-element-populated\">\n\t\t\t\t\t\t<div class=\"elementor-element elementor-element-4f3065b elementor-widget elementor-widget-text-editor\" data-id=\"4f3065b\" data-element_type=\"widget\" data-e-type=\"widget\" data-widget_type=\"text-editor.default\">\n\t\t\t\t<div class=\"elementor-widget-container\">\n\t\t\t\t\t\t\t\t\t<p>TeenStreet este un eveniment cre\u0219tin interna\u021bional pentru adolescen\u021bi. Lucr\u0103m cu Biserica pentru a motiva, echipa \u0219i merge al\u0103turi de adolescen\u021bi (cre\u0219tini) din toat\u0103 Europa pentru a avea o prietenie real\u0103 cu Isus \u0219i a-L reflecta zilnic \u00een lumea lor.<\/p><p>TeenStreet a \u00eenceput \u00een 1993 cu un total de 53 de adolescen\u021bi \u0219i a crescut rapid. Ast\u0103zi avem 7 evenimente anuale de o s\u0103pt\u0103m\u00e2n\u0103 \u00een 6 \u021b\u0103ri \u0219i mai multe evenimente de weekend \u00een peste 15 \u021b\u0103ri, r\u0103sp\u00e2ndite pe 4 continente. Aproximativ 10.000 de participan\u021bi \u0219i voluntari particip\u0103 \u0219i investesc \u00een aceste evenimente. \u00cen urm\u0103torii ani, ne a\u0219tept\u0103m s\u0103 vedem \u00eenc\u0103 cel pu\u021bin 30 de evenimente \u00eencepute \u00een \u021b\u0103ri din \u00eentreaga lume, inclusiv Orientul Mijlociu, Africa \u0219i Asia.<\/p><p>Ne angaj\u0103m s\u0103 lucr\u0103m cu bisericile \u0219i grupurile de tineri, sprijinindu-le \u00een slujirea lor fa\u021b\u0103 de adolescen\u021bi. \u00cen acela\u0219i timp, punem accent pe cooperarea cu bisericile, pentru c\u0103 este at\u00e2t de important ca adolescen\u021bii s\u0103 aib\u0103 o comunitate cre\u0219tin\u0103 din care s\u0103 fac\u0103 parte dup\u0103 TeenStreet.<\/p><p>La TeenStreet vrem s\u0103 \u00eencuraj\u0103m adolescen\u021bii \u00een plimbarea lor cu Isus \u0219i s\u0103-i ajut\u0103m s\u0103 ia decizii \u00een\u021belepte. De aceea fiecare participant face parte dintr-un grup mic. Membrii unui grup mic \u00eemp\u0103rt\u0103\u0219esc aceea\u0219i limb\u0103 \u0219i au aceea\u0219i v\u00e2rst\u0103. Liderul lor adult \u00eei sprijin\u0103 \u0219i le \u00eemp\u0103rt\u0103\u0219e\u0219te rela\u021bia sa personal\u0103 cu Isus.<\/p><p>\u00cen cadrul \u00eent\u00e2lnirilor principale, adolescen\u021bii \u00eenva\u021b\u0103 \u0219i despre via\u021ba \u00een rela\u021bie cu Dumnezeu. Ei duc ceea ce aud \u00een \u00eent\u00e2lnirile principale c\u0103tre grupurile lor mici pentru a reflecta asupra acestui lucru \u0219i pentru a-l aplica \u00een via\u021ba lor de acas\u0103. \u00cen plus, TeenStreet ofer\u0103 multe lucruri interesante pentru adolescen\u021bi la care s\u0103 ia parte, inclusiv sporturi, arte creative, seminarii \u0219i ateliere. De asemenea, au timp liber pentru a cunoa\u0219te oameni din alte \u021b\u0103ri, cu medii culturale \u0219i biserice\u0219ti diferite.<\/p>\t\t\t\t\t\t\t\t<\/div>\n\t\t\t\t<\/div>\n\t\t\t\t<div class=\"elementor-element elementor-element-bfa60f8 elementor-widget elementor-widget-heading\" data-id=\"bfa60f8\" data-element_type=\"widget\" data-e-type=\"widget\" data-widget_type=\"heading.default\">\n\t\t\t\t<div class=\"elementor-widget-container\">\n\t\t\t\t\t<h2 class=\"elementor-heading-title elementor-size-default\">Viziune<\/h2>\t\t\t\t<\/div>\n\t\t\t\t<\/div>\n\t\t\t\t<div class=\"elementor-element elementor-element-7a02c69 elementor-blockquote--skin-quotation elementor-widget elementor-widget-blockquote\" data-id=\"7a02c69\" data-element_type=\"widget\" data-e-type=\"widget\" data-widget_type=\"blockquote.default\">\n\t\t\t\t<div class=\"elementor-widget-container\">\n\t\t\t\t\t\t\t<blockquote class=\"elementor-blockquote\">\n\t\t\t<p class=\"elementor-blockquote__content\">\n\t\t\t\tTeenStreet lucreaz\u0103 cu Biserica pentru a motiva, echipa \u0219i merge al\u0103turi de adolescen\u021bi (cre\u0219tini) pentru a avea o prietenie real\u0103 cu Isus \u0219i pentru a-L reflecta zilnic \u00een lumea lor.  \t\t\t<\/p>\n\t\t\t\t\t<\/blockquote>\n\t\t\t\t\t\t<\/div>\n\t\t\t\t<\/div>\n\t\t\t\t<div class=\"elementor-element elementor-element-c367197 elementor-widget elementor-widget-heading\" data-id=\"c367197\" data-element_type=\"widget\" data-e-type=\"widget\" data-widget_type=\"heading.default\">\n\t\t\t\t<div class=\"elementor-widget-container\">\n\t\t\t\t\t<h2 class=\"elementor-heading-title elementor-size-default\">Mai multe despre TeenStreet<\/h2>\t\t\t\t<\/div>\n\t\t\t\t<\/div>\n\t\t\t\t\t<\/div>\n\t\t<\/div>\n\t\t\t\t<div class=\"elementor-column elementor-col-16 elementor-top-column elementor-element elementor-element-e3a5560\" data-id=\"e3a5560\" data-element_type=\"column\" data-e-type=\"column\">\n\t\t\t<div class=\"elementor-widget-wrap\">\n\t\t\t\t\t\t\t<\/div>\n\t\t<\/div>\n\t\t\t\t\t<\/div>\n\t\t<\/section>\n\t\t\t\t<section class=\"elementor-section elementor-inner-section elementor-element elementor-element-6d47c340 elementor-section-boxed elementor-section-height-default elementor-section-height-default wpr-particle-no wpr-jarallax-no wpr-parallax-no wpr-sticky-section-no\" data-id=\"6d47c340\" data-element_type=\"section\" data-e-type=\"section\">\n\t\t\t\t\t\t<div class=\"elementor-container elementor-column-gap-extended\">\n\t\t\t\t\t<div class=\"elementor-column elementor-col-33 elementor-inner-column elementor-element elementor-element-64429f9c\" data-id=\"64429f9c\" data-element_type=\"column\" data-e-type=\"column\">\n\t\t\t<div class=\"elementor-widget-wrap elementor-element-populated\">\n\t\t\t\t\t\t<div class=\"elementor-element elementor-element-59b56d48 elementor-widget elementor-widget-ts-card\" data-id=\"59b56d48\" data-element_type=\"widget\" data-e-type=\"widget\" data-widget_type=\"ts-card.default\">\n\t\t\t\t<div class=\"elementor-widget-container\">\n\t\t\t\t\t            <div class=\"ts-card ts-image-background\" style=\"background-image: url(https:\/\/teenstreet.life\/eu\/wp-content\/uploads\/sites\/13\/2020\/05\/teenstreet-1993-participants.jpg);\">\r\n\r\n                \t\t\t\t\t<h3 class=\"ts-card-title\">\r\n\t\t\t\t\t\t<a href=\"https:\/\/teenstreet.life\/eu\/ro\/despre\/istorie\/\">\r\n\t\t\t\t\t\t\tIstorie\t\t\t\t\t\t<\/a>\r\n                    <\/h3>\r\n                \r\n                                    <p class=\"ts-card-description\">\r\n                        TeenStreet a \u00eenceput \u00een 1993 cu 56 de participan\u021bi \u00een Oldenburg. Acum 4.000 de participan\u021bi din 20 de \u021b\u0103ri diferite se adun\u0103 \u00een fiecare an pentru a-L cunoa\u0219te mai bine pe Isus \u0219i pentru a-L face pe Dumnezeu mare!                    <\/p>\r\n                \t\t\t\t\r\n\r\n                                    <a class=\"ts-card-button elementor-button-link\" href=\"https:\/\/teenstreet.life\/eu\/ro\/despre\/istorie\/\">\r\n                        Mai multe informatii                    <\/a>\r\n                \r\n                 \r\n                    <a class=\"ts-card-full-link\" href=\"https:\/\/teenstreet.life\/eu\/ro\/despre\/istorie\/\"><\/a>\r\n                \r\n            <\/div>\r\n\r\n        \t\t\t\t<\/div>\n\t\t\t\t<\/div>\n\t\t\t\t\t<\/div>\n\t\t<\/div>\n\t\t\t\t<div class=\"elementor-column elementor-col-33 elementor-inner-column elementor-element elementor-element-364681c9\" data-id=\"364681c9\" data-element_type=\"column\" data-e-type=\"column\">\n\t\t\t<div class=\"elementor-widget-wrap elementor-element-populated\">\n\t\t\t\t\t\t<div class=\"elementor-element elementor-element-7a182468 elementor-widget elementor-widget-ts-card\" data-id=\"7a182468\" data-element_type=\"widget\" data-e-type=\"widget\" data-widget_type=\"ts-card.default\">\n\t\t\t\t<div class=\"elementor-widget-container\">\n\t\t\t\t\t            <div class=\"ts-card ts-image-background\" style=\"background-image: url(https:\/\/teenstreet.life\/eu\/wp-content\/uploads\/sites\/13\/2020\/05\/core-values-480x480.jpg);\">\r\n\r\n                \t\t\t\t\t<h3 class=\"ts-card-title\">\r\n\t\t\t\t\t\t<a href=\"https:\/\/teenstreet.life\/eu\/ro\/despre\/valorile-de-baza\/\">\r\n\t\t\t\t\t\t\tValorile de baz\u0103\t\t\t\t\t\t<\/a>\r\n                    <\/h3>\r\n                \r\n                                    <p class=\"ts-card-description\">\r\n                        La TeenStreet credem c\u0103 adolescen\u021bii trebuie lua\u021bi \u00een serios; visele \u0219i luptele lor. Ei sunt liderii de m\u00e2ine \u00een care trebuie s\u0103 investim. De aceea exist\u0103 TeenStreet.                    <\/p>\r\n                \t\t\t\t\r\n\r\n                                    <a class=\"ts-card-button elementor-button-link\" href=\"https:\/\/teenstreet.life\/eu\/ro\/despre\/valorile-de-baza\/\">\r\n                        Valorile noastre                    <\/a>\r\n                \r\n                 \r\n                    <a class=\"ts-card-full-link\" href=\"https:\/\/teenstreet.life\/eu\/ro\/despre\/valorile-de-baza\/\"><\/a>\r\n                \r\n            <\/div>\r\n\r\n        \t\t\t\t<\/div>\n\t\t\t\t<\/div>\n\t\t\t\t\t<\/div>\n\t\t<\/div>\n\t\t\t\t<div class=\"elementor-column elementor-col-33 elementor-inner-column elementor-element elementor-element-10a5bb30\" data-id=\"10a5bb30\" data-element_type=\"column\" data-e-type=\"column\">\n\t\t\t<div class=\"elementor-widget-wrap elementor-element-populated\">\n\t\t\t\t\t\t<div class=\"elementor-element elementor-element-2524ee34 elementor-widget elementor-widget-ts-card\" data-id=\"2524ee34\" data-element_type=\"widget\" data-e-type=\"widget\" data-widget_type=\"ts-card.default\">\n\t\t\t\t<div class=\"elementor-widget-container\">\n\t\t\t\t\t            <div class=\"ts-card ts-image-background\" style=\"background-image: url(https:\/\/teenstreet.life\/eu\/wp-content\/uploads\/sites\/13\/2020\/05\/ts-about-om-480x480.png);\">\r\n\r\n                \t\t\t\t\t<h3 class=\"ts-card-title\">\r\n\t\t\t\t\t\t<a href=\"https:\/\/teenstreet.life\/eu\/ro\/despre\/despre-om\/\">\r\n\t\t\t\t\t\t\tDespre OM\t\t\t\t\t\t<\/a>\r\n                    <\/h3>\r\n                \r\n                                    <p class=\"ts-card-description\">\r\n                        TeenStreet este un minister al Opera\u021biunii Mobilizare, o organiza\u021bie misionar\u0103 care opereaz\u0103 \u00een peste 110 de \u021b\u0103ri care echipeaz\u0103 \u0219i motiveaz\u0103 oamenii s\u0103 \u00eemp\u0103rt\u0103\u0219easc\u0103 dragostea lui Dumnezeu \u00een \u00eentreaga lume.                    <\/p>\r\n                \t\t\t\t\r\n\r\n                                    <a class=\"ts-card-button elementor-button-link\" href=\"https:\/\/teenstreet.life\/eu\/ro\/despre\/despre-om\/\">\r\n                        Descopera mai mult                    <\/a>\r\n                \r\n                 \r\n                    <a class=\"ts-card-full-link\" href=\"https:\/\/teenstreet.life\/eu\/ro\/despre\/despre-om\/\"><\/a>\r\n                \r\n            <\/div>\r\n\r\n        \t\t\t\t<\/div>\n\t\t\t\t<\/div>\n\t\t\t\t\t<\/div>\n\t\t<\/div>\n\t\t\t\t\t<\/div>\n\t\t<\/section>\n\t\t\t\t<\/div>","protected":false},"excerpt":{"rendered":"<p>TeenStreet is an international Christian event for teenagers. We work with the Church to motivate, equip and walk alongside (Christian) teens from all across Europe to have a real friendship with Jesus and reflect Him daily in their world. TeenStreet started in 1993 with a total of 53 teenagers and has grown rapidly. Today we have 7 annual week-long events in 6 countries and multiple weekend events in over 15 countries, spread over 4 continents. Around 10,000 participants and volunteers attend and invest in these events. In the next years, we expect to see at least 30 more events started in countries across the world, including the Middle East, Africa, and Asia. We are committed to working with churches and youth groups, supporting them in their ministry to teenagers. At the same time, we emphasise cooperation with churches, because it\u2019s so important that teenagers have a Christian community to be part of after TeenStreet. At TeenStreet we want to encourage teenagers in their walk with Jesus and help them make wise decisions. That is why every participant is part of a small group. Members of a small group share the same language and are the same age. Their adult leader supports them and shares his or her personal relationship with Jesus with them. During the main meetings the teenagers also learn about living in relationship with God. They take what they hear in the main meetings to their small groups to reflect on it and apply it to their lives at home. In addition, TeenStreet offers many exciting things for the teenagers to take part in, including sports, creative arts, seminars and workshops. They also have free time to get to know people from other countries, with different cultural and church backgrounds. Vision TeenStreet works with the Church to motivate, equip and walk alongside (Christian) teens to have a real friendship with Jesus and reflect Him daily in their world. More about TeenStreet<\/p>","protected":false},"author":1,"featured_media":334,"parent":0,"menu_order":0,"comment_status":"closed","ping_status":"closed","template":"","meta":{"iawp_total_views":77,"footnotes":""},"class_list":["post-56","page","type-page","status-publish","has-post-thumbnail","hentry"],"_links":{"self":[{"href":"https:\/\/teenstreet.life\/eu\/ro\/wp-json\/wp\/v2\/pages\/56","targetHints":{"allow":["GET"]}}],"collection":[{"href":"https:\/\/teenstreet.life\/eu\/ro\/wp-json\/wp\/v2\/pages"}],"about":[{"href":"https:\/\/teenstreet.life\/eu\/ro\/wp-json\/wp\/v2\/types\/page"}],"author":[{"embeddable":true,"href":"https:\/\/teenstreet.life\/eu\/ro\/wp-json\/wp\/v2\/users\/1"}],"replies":[{"embeddable":true,"href":"https:\/\/teenstreet.life\/eu\/ro\/wp-json\/wp\/v2\/comments?post=56"}],"version-history":[{"count":2,"href":"https:\/\/teenstreet.life\/eu\/ro\/wp-json\/wp\/v2\/pages\/56\/revisions"}],"predecessor-version":[{"id":8573,"href":"https:\/\/teenstreet.life\/eu\/ro\/wp-json\/wp\/v2\/pages\/56\/revisions\/8573"}],"wp:featuredmedia":[{"embeddable":true,"href":"https:\/\/teenstreet.life\/eu\/ro\/wp-json\/wp\/v2\/media\/334"}],"wp:attachment":[{"href":"https:\/\/teenstreet.life\/eu\/ro\/wp-json\/wp\/v2\/media?parent=56"}],"curies":[{"name":"wp","href":"https:\/\/api.w.org\/{rel}","templated":true}]}}