{"id":1034,"date":"2020-05-29T15:15:20","date_gmt":"2020-05-29T15:15:20","guid":{"rendered":"https:\/\/teenstreet.life\/eu\/?page_id=1034"},"modified":"2025-05-23T16:08:39","modified_gmt":"2025-05-23T14:08:39","slug":"imprima","status":"publish","type":"page","link":"https:\/\/teenstreet.life\/eu\/ro\/imprint\/","title":{"rendered":"Imprima"},"content":{"rendered":"<div data-elementor-type=\"wp-page\" data-elementor-id=\"1034\" class=\"elementor elementor-1034\" data-elementor-post-type=\"page\">\n\t\t\t\t\t\t<section class=\"elementor-section elementor-top-section elementor-element elementor-element-51f46195 elementor-section-boxed elementor-section-height-default elementor-section-height-default wpr-particle-no wpr-jarallax-no wpr-parallax-no wpr-sticky-section-no\" data-id=\"51f46195\" data-element_type=\"section\" data-e-type=\"section\">\n\t\t\t\t\t\t<div class=\"elementor-container elementor-column-gap-default\">\n\t\t\t\t\t<div class=\"elementor-column elementor-col-100 elementor-top-column elementor-element elementor-element-4a8aaae4\" data-id=\"4a8aaae4\" data-element_type=\"column\" data-e-type=\"column\">\n\t\t\t<div class=\"elementor-widget-wrap elementor-element-populated\">\n\t\t\t\t\t\t<div class=\"elementor-element elementor-element-6efcf38 elementor-widget elementor-widget-text-editor\" data-id=\"6efcf38\" data-element_type=\"widget\" data-e-type=\"widget\" data-widget_type=\"text-editor.default\">\n\t\t\t\t<div class=\"elementor-widget-container\">\n\t\t\t\t\t\t\t\t\t\n<p>OM Germania \/ Opera\u021biunea Mobilizare e. V. <br \/>Alte Neckarelzer Str. 2 <br \/>74821 Mosbach\/Germania<\/p>\n\n<p>Telefon: +49 6261 947-0 <br \/>Fax: +49 6261 947-147 <br \/>e-mail: <a href=\"mailto:info.de@om.org\">info.de@om.org<\/a><\/p>\n\n<h2 class=\"wp-block-heading\">Comitetul executiv cu putere comun\u0103 de reprezentare \u00een sensul BGB \u00a7 26:<\/h2>\n\n<p>Simone Schwab (pre\u0219edinte)<\/p>\n\n<p>Adresa vezi mai sus.<\/p>\n\n<h2 class=\"wp-block-heading\">Tribunalul grefa:<\/h2>\n\n<p>Mannheim<\/p>\n\n<h2 class=\"wp-block-heading\">Num\u0103r de \u00eenregistrare:<\/h2>\n\n<p>VR 440471<\/p>\n\n<h2 class=\"wp-block-heading\">Num\u0103r de identificare fiscal\u0103 conform \u00a7 27a:<\/h2>\n\n<p>DE 144031730<\/p>\n\n<h2 class=\"wp-block-heading\">Responsabil pentru con\u021binut conform \u00a7 6 MDStV:<\/h2>\n\n<p>Tobias Kuebler<\/p>\n\n<p>Adresa vezi mai sus.<\/p>\n\n<h2 class=\"wp-block-heading\">N<strong>note:<\/strong><\/h2>\n\n<p>\u00cen ciuda controlului atent al con\u021binutului, nu ne asum\u0103m nicio r\u0103spundere pentru con\u021binutul leg\u0103turilor externe. Operatorii paginilor legate sunt singurii responsabili pentru con\u021binutul paginilor lor.<\/p>\n\n<p>Toate imaginile, grafica \u0219i designul afi\u0219at pe acest site sunt protejate de drepturi de autor \u0219i nu pot fi utilizate f\u0103r\u0103 permisiunea scris\u0103 a autorului.<\/p>\n\n<p>Regulamentul UE nr. 524\/2013 privind solu\u021bionarea online a litigiilor (ODR) se va aplica \u00eencep\u00e2nd cu 9 ianuarie 2016. Platforma Comisiei UE pentru solu\u021bionarea online a litigiilor poate fi accesat\u0103 prin urm\u0103torul link: ec.europa.eu\/consumers\/odr\/ Conform cu informa\u021biile publicate acolo, platforma poate fi utilizat\u0103 \u00een conformitate cu ODR din 15 februarie 2016.<\/p>\n\n<p>Opera\u021biunea Mobilizare e. V. este, conform ultimei stabiliri de impozit pe profit primite la data de 09.01.2020, StNr. 40004\/04959, scutite de impozitul pe profit de c\u0103tre fiscul Mosbach din cauza promov\u0103rii scopurilor religioase \u00een conformitate cu \u00a7 5 alin. 1 nr. 9 din Legea privind impozitul pe profit \u0219i din impozitul comercial \u00een conformitate cu \u00a7 3 nr. 6 din Legea privind impozitul pe comer\u021b. Asocia\u021bia nu percepe taxe de membru.<\/p>\n\t\t\t\t\t\t\t\t<\/div>\n\t\t\t\t<\/div>\n\t\t\t\t\t<\/div>\n\t\t<\/div>\n\t\t\t\t\t<\/div>\n\t\t<\/section>\n\t\t\t\t<\/div>","protected":false},"excerpt":{"rendered":"<p>OM Germania \/ Operation Mobilisation e. V. Alte Neckarelzer Str. 2 74821 Mosbach\/Germania Telefon: +49 6261 947-0 Fax: +49 6261 947-147 e-mail: info.de@om.org Comitet executiv cu putere comun\u0103 de reprezentare \u00een sensul BGB \u00a7 26: Simone Schwab (pre\u0219edinte) Adresa a se vedea mai sus. Curtea de \u00eenregistrare: Mannheim Num\u0103rul de \u00eenregistrare: VR 440471 Num\u0103rul de identificare fiscal\u0103 \u00een conformitate cu \u00a7 27a: DE 144031730 Responsabil pentru con\u021binut \u00een conformitate cu \u00a7 6 MDStV: Tobias Kuebler Adresa a se vedea mai sus. Note: \u00cen ciuda controlului atent al con\u021binutului, nu ne asum\u0103m nicio r\u0103spundere pentru con\u021binutul linkurilor externe. Operatorii paginilor legate sunt singurii responsabili pentru con\u021binutul paginilor lor. Toate imaginile, grafica \u0219i designul prezentate pe acest site sunt protejate de drepturi de autor \u0219i nu pot fi utilizate f\u0103r\u0103 acordul scris al autorului. Regulamentul UE nr. 524\/2013 privind solu\u021bionarea online a litigiilor (ODR) se va aplica \u00eencep\u00e2nd cu 9 ianuarie 2016. Platforma Comisiei UE pentru solu\u021bionarea online a litigiilor poate fi accesat\u0103 la urm\u0103torul link: ec.europa.eu\/consumers\/odr\/ Conform informa\u021biilor publicate acolo, platforma poate fi utilizat\u0103 \u00een conformitate cu ODR \u00eencep\u00e2nd cu 15 februarie 2016. Operation Mobilisation e. V. este, conform ultimei evalu\u0103ri privind impozitul pe profit pe care am primit-o la 09.01.2020, StNr. 40004\/04959, scutit\u0103 de impozitul pe profit de c\u0103tre biroul fiscal din Mosbach datorit\u0103 promov\u0103rii scopurilor religioase \u00een conformitate cu \u00a7 5 alin. 1 nr. 9 din Legea privind impozitul pe profit \u0219i de la impozitul pe comer\u021b \u00een conformitate cu \u00a7 3 nr. 6 din Legea privind impozitul pe comer\u021b. Asocia\u021bia nu percepe taxe de membru.<\/p>","protected":false},"author":1,"featured_media":0,"parent":0,"menu_order":0,"comment_status":"closed","ping_status":"closed","template":"","meta":{"iawp_total_views":1,"footnotes":""},"class_list":["post-1034","page","type-page","status-publish","hentry"],"_links":{"self":[{"href":"https:\/\/teenstreet.life\/eu\/ro\/wp-json\/wp\/v2\/pages\/1034","targetHints":{"allow":["GET"]}}],"collection":[{"href":"https:\/\/teenstreet.life\/eu\/ro\/wp-json\/wp\/v2\/pages"}],"about":[{"href":"https:\/\/teenstreet.life\/eu\/ro\/wp-json\/wp\/v2\/types\/page"}],"author":[{"embeddable":true,"href":"https:\/\/teenstreet.life\/eu\/ro\/wp-json\/wp\/v2\/users\/1"}],"replies":[{"embeddable":true,"href":"https:\/\/teenstreet.life\/eu\/ro\/wp-json\/wp\/v2\/comments?post=1034"}],"version-history":[{"count":5,"href":"https:\/\/teenstreet.life\/eu\/ro\/wp-json\/wp\/v2\/pages\/1034\/revisions"}],"predecessor-version":[{"id":8329,"href":"https:\/\/teenstreet.life\/eu\/ro\/wp-json\/wp\/v2\/pages\/1034\/revisions\/8329"}],"wp:attachment":[{"href":"https:\/\/teenstreet.life\/eu\/ro\/wp-json\/wp\/v2\/media?parent=1034"}],"curies":[{"name":"wp","href":"https:\/\/api.w.org\/{rel}","templated":true}]}}