{"id":9061,"date":"2026-04-02T11:33:19","date_gmt":"2026-04-02T09:33:19","guid":{"rendered":"https:\/\/teenstreet.life\/eu\/?page_id=9061"},"modified":"2026-04-20T06:56:27","modified_gmt":"2026-04-20T04:56:27","slug":"formacao-de-lideres-de-pequenos-grupos","status":"publish","type":"page","link":"https:\/\/teenstreet.life\/eu\/pt\/small-group-leader-training\/","title":{"rendered":"Forma\u00e7\u00e3o de L\u00edderes de Pequenos Grupos"},"content":{"rendered":"<div data-elementor-type=\"wp-page\" data-elementor-id=\"9061\" class=\"elementor elementor-9061\" data-elementor-post-type=\"page\">\n\t\t\t\t\t\t<section class=\"elementor-section elementor-top-section elementor-element elementor-element-3b45328 elementor-section-boxed elementor-section-height-default elementor-section-height-default wpr-particle-no wpr-jarallax-no wpr-parallax-no wpr-sticky-section-no wpr-equal-height-no\" data-id=\"3b45328\" data-element_type=\"section\" data-e-type=\"section\">\n\t\t\t\t\t\t<div class=\"elementor-container elementor-column-gap-default\">\n\t\t\t\t\t<div class=\"elementor-column elementor-col-50 elementor-top-column elementor-element elementor-element-c291639\" data-id=\"c291639\" data-element_type=\"column\" data-e-type=\"column\">\n\t\t\t<div class=\"elementor-widget-wrap elementor-element-populated\">\n\t\t\t\t\t\t<div class=\"elementor-element elementor-element-b8729ba elementor-widget elementor-widget-image\" data-id=\"b8729ba\" data-element_type=\"widget\" data-e-type=\"widget\" data-widget_type=\"image.default\">\n\t\t\t\t<div class=\"elementor-widget-container\">\n\t\t\t\t\t\t\t\t\t\t\t\t\t\t\t<img fetchpriority=\"high\" decoding=\"async\" width=\"820\" height=\"1024\" src=\"https:\/\/teenstreet.life\/eu\/wp-content\/uploads\/sites\/13\/2026\/04\/SGL-training-1-820x1024.png\" class=\"attachment-large size-large wp-image-9069\" alt=\"\" srcset=\"https:\/\/teenstreet.life\/eu\/wp-content\/uploads\/sites\/13\/2026\/04\/SGL-training-1-820x1024.png 820w, https:\/\/teenstreet.life\/eu\/wp-content\/uploads\/sites\/13\/2026\/04\/SGL-training-1-240x300.png 240w, https:\/\/teenstreet.life\/eu\/wp-content\/uploads\/sites\/13\/2026\/04\/SGL-training-1-768x959.png 768w, https:\/\/teenstreet.life\/eu\/wp-content\/uploads\/sites\/13\/2026\/04\/SGL-training-1-10x12.png 10w, https:\/\/teenstreet.life\/eu\/wp-content\/uploads\/sites\/13\/2026\/04\/SGL-training-1-600x749.png 600w, https:\/\/teenstreet.life\/eu\/wp-content\/uploads\/sites\/13\/2026\/04\/SGL-training-1.png 1006w\" sizes=\"(max-width: 820px) 100vw, 820px\" \/>\t\t\t\t\t\t\t\t\t\t\t\t\t\t\t<\/div>\n\t\t\t\t<\/div>\n\t\t\t\t\t<\/div>\n\t\t<\/div>\n\t\t\t\t<div class=\"elementor-column elementor-col-50 elementor-top-column elementor-element elementor-element-25afd00\" data-id=\"25afd00\" data-element_type=\"column\" data-e-type=\"column\">\n\t\t\t<div class=\"elementor-widget-wrap elementor-element-populated\">\n\t\t\t\t\t\t<div class=\"elementor-element elementor-element-2bad4f4 elementor-widget elementor-widget-text-editor\" data-id=\"2bad4f4\" data-element_type=\"widget\" data-e-type=\"widget\" data-widget_type=\"text-editor.default\">\n\t\t\t\t<div class=\"elementor-widget-container\">\n\t\t\t\t\t\t\t\t\t<p>Tem um cora\u00e7\u00e3o para servir os outros? Tem curiosidade sobre como \u00e9 liderar um pequeno grupo?<\/p>\n<p>Cri\u00e1mos algo para si!<\/p>\n<p>Teremos forma\u00e7\u00e3o para futuros l\u00edderes de pequenos grupos no evento TeenStreet de 2026.<\/p>\n<h4><strong>Aprenda a Liderar<\/strong><\/h4>\n<p>A Forma\u00e7\u00e3o SGL destina-se aos membros da Equipa de Servi\u00e7o \u2013 particularmente aqueles com idades entre os 18 e os 20 anos \u2013 que tenham interesse em liderar um pequeno grupo no futuro, quer no evento TeenStreet quer em casa.&nbsp;<\/p>\n<h4><strong>Programa de Forma\u00e7\u00e3o<\/strong><\/h4>\n<p>O programa consiste em semin\u00e1rios de forma\u00e7\u00e3o di\u00e1rios que decorrem durante o Interact 2. Os participantes n\u00e3o ser\u00e3o designados para um cargo espec\u00edfico numa Equipa de Servi\u00e7o, mas participar\u00e3o em projetos de servi\u00e7o especiais em grupo ao longo da semana.<\/p>\n<p>Uma parte importante da forma\u00e7\u00e3o ser\u00e1 colocar em pr\u00e1tica as compet\u00eancias de lideran\u00e7a: cada formando ter\u00e1 a oportunidade de liderar o seu pequeno grupo durante a semana do evento. (Isto n\u00e3o \u00e9 um teste \u2013 haver\u00e1 ajuda e apoio dispon\u00edveis!) O pequeno grupo ser\u00e1 composto por outros participantes do Treino SGL.<\/p>\t\t\t\t\t\t\t\t<\/div>\n\t\t\t\t<\/div>\n\t\t\t\t\t<\/div>\n\t\t<\/div>\n\t\t\t\t\t<\/div>\n\t\t<\/section>\n\t\t\t\t<section class=\"elementor-section elementor-top-section elementor-element elementor-element-c1db653 elementor-section-boxed elementor-section-height-default elementor-section-height-default wpr-particle-no wpr-jarallax-no wpr-parallax-no wpr-sticky-section-no wpr-equal-height-no\" data-id=\"c1db653\" data-element_type=\"section\" data-e-type=\"section\">\n\t\t\t\t\t\t<div class=\"elementor-container elementor-column-gap-default\">\n\t\t\t\t\t<div class=\"elementor-column elementor-col-50 elementor-top-column elementor-element elementor-element-e3eb4e0\" data-id=\"e3eb4e0\" data-element_type=\"column\" data-e-type=\"column\">\n\t\t\t<div class=\"elementor-widget-wrap elementor-element-populated\">\n\t\t\t\t\t\t<div class=\"elementor-element elementor-element-7737bd0 elementor-widget elementor-widget-text-editor\" data-id=\"7737bd0\" data-element_type=\"widget\" data-e-type=\"widget\" data-widget_type=\"text-editor.default\">\n\t\t\t\t<div class=\"elementor-widget-container\">\n\t\t\t\t\t\t\t\t\t<p>Os semin\u00e1rios ser\u00e3o ministrados por formadores da TeenStreet International. A mentoria e o coaching individuais far\u00e3o parte do programa.<\/p><p>A participa\u00e7\u00e3o em todas as sess\u00f5es do programa agendado ser\u00e1 obrigat\u00f3ria. Para al\u00e9m dos semin\u00e1rios de forma\u00e7\u00e3o e projetos de servi\u00e7o, estas incluem Mainhall, Shhh-time, trabalho em pequenos grupos e Throne Room. Cada formando ser\u00e1 obrigado a participar em pelo menos uma a\u00e7\u00e3o externa durante a semana do evento.<\/p><h4><strong>Est\u00e1s interessado? <\/strong><\/h4><p>Inscreva-se no evento como membro da Equipa de Servi\u00e7o. Adicione um coment\u00e1rio abaixo das fun\u00e7\u00f5es para indicar que est\u00e1 interessado na Forma\u00e7\u00e3o SGL. Pode tamb\u00e9m contactar o seu gabinete nacional e inform\u00e1-los do seu interesse.<\/p><p>Se j\u00e1 estiver registado para o evento, pode editar a sua encomenda (encontrar\u00e1 uma liga\u00e7\u00e3o no seu recibo de encomenda enviado por e-mail pela TeenStreet Europe 2026) ou contactar o seu escrit\u00f3rio nacional.<\/p><p>Consegue ver-se a liderar um pequeno grupo no futuro \u2013 ou j\u00e1 lidera um grupo a\u00ed onde mora?<\/p><p>O Treino para L\u00edderes de Pequenos Grupos foi concebido para si!<\/p><p><a href=\"https:\/\/registration.teenstreet.de\/tseu\/ts-2026\/\" target=\"_blank\" rel=\"noopener\"><b>Registe-se aqui!<\/b><\/a><\/p>\t\t\t\t\t\t\t\t<\/div>\n\t\t\t\t<\/div>\n\t\t\t\t\t<\/div>\n\t\t<\/div>\n\t\t\t\t<div class=\"elementor-column elementor-col-50 elementor-top-column elementor-element elementor-element-612d36c\" data-id=\"612d36c\" data-element_type=\"column\" data-e-type=\"column\">\n\t\t\t<div class=\"elementor-widget-wrap elementor-element-populated\">\n\t\t\t\t\t\t<div class=\"elementor-element elementor-element-a5ce481 elementor-widget elementor-widget-image\" data-id=\"a5ce481\" data-element_type=\"widget\" data-e-type=\"widget\" data-widget_type=\"image.default\">\n\t\t\t\t<div class=\"elementor-widget-container\">\n\t\t\t\t\t\t\t\t\t\t\t\t\t\t\t<img decoding=\"async\" width=\"820\" height=\"1024\" src=\"https:\/\/teenstreet.life\/eu\/wp-content\/uploads\/sites\/13\/2026\/04\/SGL-training-2-820x1024.png\" class=\"attachment-large size-large wp-image-9070\" alt=\"\" srcset=\"https:\/\/teenstreet.life\/eu\/wp-content\/uploads\/sites\/13\/2026\/04\/SGL-training-2-820x1024.png 820w, https:\/\/teenstreet.life\/eu\/wp-content\/uploads\/sites\/13\/2026\/04\/SGL-training-2-240x300.png 240w, https:\/\/teenstreet.life\/eu\/wp-content\/uploads\/sites\/13\/2026\/04\/SGL-training-2-768x959.png 768w, https:\/\/teenstreet.life\/eu\/wp-content\/uploads\/sites\/13\/2026\/04\/SGL-training-2-10x12.png 10w, https:\/\/teenstreet.life\/eu\/wp-content\/uploads\/sites\/13\/2026\/04\/SGL-training-2-600x749.png 600w, https:\/\/teenstreet.life\/eu\/wp-content\/uploads\/sites\/13\/2026\/04\/SGL-training-2.png 1006w\" sizes=\"(max-width: 820px) 100vw, 820px\" \/>\t\t\t\t\t\t\t\t\t\t\t\t\t\t\t<\/div>\n\t\t\t\t<\/div>\n\t\t\t\t\t<\/div>\n\t\t<\/div>\n\t\t\t\t\t<\/div>\n\t\t<\/section>\n\t\t\t\t<\/div>","protected":false},"excerpt":{"rendered":"<p>Do you have a heart for serving others?&nbsp;Are you curious about what leading a small group is like? We have created something for you! We will be offering training for future small group leaders&nbsp;at the 2026 TeenStreet event. Learn How to Lead SGL Training is designed for Service Team members \u2013 particularly those between the ages 18 and 20 \u2013 who are interested in leading a small group in the future either at the TeenStreet event or at home.&nbsp; Training Programme The programme consists of daily training seminars that take place during Interact 2. Participants will not be assigned a specific Service Team job, but they will take part in special service projects as a group throughout the week. An important part of the training will be putting leadership skills into practice: each trainee will take turns leading their small group during the event week. (This is not a test \u2013 help and support will be available!) The small group will consist of other SGL Training participants. The seminars will be led by trainers from TeenStreet International. Individual mentoring and coaching will be part of the programme. Participation in all scheduled programme sessions will be mandatory. In addition to the training seminars and service projects, these include Mainhall, Shhh-time, small group time, and Throne Room. Each trainee will be required to participate in an outreach at least one during the event week. Are You Interested? Sign up for the event as a Service Team member. Add a comment below jobs to indicate you are interested in the SGL Training. You can also contact your country office and let them know you are interested. If you are already registered for the event, you can either edit your order (you will find a link in your order receipt that was emailed to you from TeenStreet Europe 2026) or contact your country office. Can you see yourself leading a small group in the future \u2013 or are you already leading a group back home? The Small Group Leader Training is designed for you! Register here!<\/p>","protected":false},"author":82,"featured_media":0,"parent":0,"menu_order":0,"comment_status":"closed","ping_status":"closed","template":"","meta":{"iawp_total_views":38,"footnotes":""},"class_list":["post-9061","page","type-page","status-publish","hentry"],"_links":{"self":[{"href":"https:\/\/teenstreet.life\/eu\/pt\/wp-json\/wp\/v2\/pages\/9061","targetHints":{"allow":["GET"]}}],"collection":[{"href":"https:\/\/teenstreet.life\/eu\/pt\/wp-json\/wp\/v2\/pages"}],"about":[{"href":"https:\/\/teenstreet.life\/eu\/pt\/wp-json\/wp\/v2\/types\/page"}],"author":[{"embeddable":true,"href":"https:\/\/teenstreet.life\/eu\/pt\/wp-json\/wp\/v2\/users\/82"}],"replies":[{"embeddable":true,"href":"https:\/\/teenstreet.life\/eu\/pt\/wp-json\/wp\/v2\/comments?post=9061"}],"version-history":[{"count":6,"href":"https:\/\/teenstreet.life\/eu\/pt\/wp-json\/wp\/v2\/pages\/9061\/revisions"}],"predecessor-version":[{"id":9088,"href":"https:\/\/teenstreet.life\/eu\/pt\/wp-json\/wp\/v2\/pages\/9061\/revisions\/9088"}],"wp:attachment":[{"href":"https:\/\/teenstreet.life\/eu\/pt\/wp-json\/wp\/v2\/media?parent=9061"}],"curies":[{"name":"wp","href":"https:\/\/api.w.org\/{rel}","templated":true}]}}