{"id":7888,"date":"2024-08-01T09:35:47","date_gmt":"2024-08-01T07:35:47","guid":{"rendered":"https:\/\/teenstreet.life\/eu\/?page_id=7888"},"modified":"2024-08-01T11:54:05","modified_gmt":"2024-08-01T09:54:05","slug":"dia-5-objetivo","status":"publish","type":"page","link":"https:\/\/teenstreet.life\/eu\/pt\/day-5-purpose\/","title":{"rendered":"Dia 5 - Objetivo"},"content":{"rendered":"<div data-elementor-type=\"wp-page\" data-elementor-id=\"7888\" class=\"elementor elementor-7888\" data-elementor-post-type=\"page\">\n\t\t\t\t\t\t<section class=\"elementor-section elementor-top-section elementor-element elementor-element-bcdf2cd elementor-section-boxed elementor-section-height-default elementor-section-height-default wpr-particle-no wpr-jarallax-no wpr-parallax-no wpr-sticky-section-no\" data-id=\"bcdf2cd\" data-element_type=\"section\" data-e-type=\"section\">\n\t\t\t\t\t\t<div class=\"elementor-container elementor-column-gap-default\">\n\t\t\t\t\t<div class=\"elementor-column elementor-col-100 elementor-top-column elementor-element elementor-element-631672e\" data-id=\"631672e\" data-element_type=\"column\" data-e-type=\"column\">\n\t\t\t<div class=\"elementor-widget-wrap elementor-element-populated\">\n\t\t\t\t\t\t<div class=\"elementor-element elementor-element-fb452f1 elementor-skin-carousel elementor-arrows-yes elementor-pagination-type-bullets elementor-pagination-position-outside elementor-widget elementor-widget-media-carousel\" data-id=\"fb452f1\" data-element_type=\"widget\" data-e-type=\"widget\" data-settings=\"{&quot;skin&quot;:&quot;carousel&quot;,&quot;effect&quot;:&quot;slide&quot;,&quot;show_arrows&quot;:&quot;yes&quot;,&quot;pagination&quot;:&quot;bullets&quot;,&quot;speed&quot;:500,&quot;autoplay&quot;:&quot;yes&quot;,&quot;autoplay_speed&quot;:5000,&quot;loop&quot;:&quot;yes&quot;,&quot;pause_on_hover&quot;:&quot;yes&quot;,&quot;pause_on_interaction&quot;:&quot;yes&quot;,&quot;space_between&quot;:{&quot;unit&quot;:&quot;px&quot;,&quot;size&quot;:10,&quot;sizes&quot;:[]},&quot;space_between_tablet&quot;:{&quot;unit&quot;:&quot;px&quot;,&quot;size&quot;:10,&quot;sizes&quot;:[]},&quot;space_between_mobile&quot;:{&quot;unit&quot;:&quot;px&quot;,&quot;size&quot;:10,&quot;sizes&quot;:[]}}\" data-widget_type=\"media-carousel.default\">\n\t\t\t\t<div class=\"elementor-widget-container\">\n\t\t\t\t\t\t\t\t\t<div class=\"elementor-swiper\">\n\t\t\t\t\t<div class=\"elementor-main-swiper swiper\" role=\"region\" aria-roledescription=\"carousel\" aria-label=\"Deslizamentos\">\n\t\t\t\t<div class=\"swiper-wrapper\">\n\t\t\t\t\t\t\t\t\t\t\t<div class=\"swiper-slide\" role=\"group\" aria-roledescription=\"slide\">\n\t\t\t\t\t\t\t\t\t<div class=\"elementor-carousel-image\" role=\"img\" aria-label=\"Benjamin H\u00f8yland\" style=\"background-image: url(&#039;https:\/\/teenstreet.life\/eu\/wp-content\/uploads\/sites\/13\/2024\/08\/TS24-DAY5-Logo-BHoyland-25-Mainhall.jpg&#039;)\">\n\n\t\t\t\n\t\t\t\t\t<\/div>\n\t\t\t\t\t\t\t\t<\/div>\n\t\t\t\t\t\t\t\t\t\t\t<div class=\"swiper-slide\" role=\"group\" aria-roledescription=\"slide\">\n\t\t\t\t\t\t\t\t\t<div class=\"elementor-carousel-image\" role=\"img\" aria-label=\"Benjamin H\u00f8yland\" style=\"background-image: url(&#039;https:\/\/teenstreet.life\/eu\/wp-content\/uploads\/sites\/13\/2024\/08\/TS24-DAY5-Logo-BHoyland-15-Mainhall.jpg&#039;)\">\n\n\t\t\t\n\t\t\t\t\t<\/div>\n\t\t\t\t\t\t\t\t<\/div>\n\t\t\t\t\t\t\t\t\t\t\t<div class=\"swiper-slide\" role=\"group\" aria-roledescription=\"slide\">\n\t\t\t\t\t\t\t\t\t<div class=\"elementor-carousel-image\" role=\"img\" aria-label=\"TS24_Day5_BRathke_10_Outreach\" style=\"background-image: url(&#039;https:\/\/teenstreet.life\/eu\/wp-content\/uploads\/sites\/13\/2024\/08\/TS24_Day5_BRathke_10_Outreach-scaled.jpg&#039;)\">\n\n\t\t\t\n\t\t\t\t\t<\/div>\n\t\t\t\t\t\t\t\t<\/div>\n\t\t\t\t\t\t\t\t\t\t\t<div class=\"swiper-slide\" role=\"group\" aria-roledescription=\"slide\">\n\t\t\t\t\t\t\t\t\t<div class=\"elementor-carousel-image\" role=\"img\" aria-label=\"TS24_Day5_Logo_BRathke_08_Throne Room\" style=\"background-image: url(&#039;https:\/\/teenstreet.life\/eu\/wp-content\/uploads\/sites\/13\/2024\/08\/TS24_Day5_Logo_BRathke_08_Throne-Room.jpg&#039;)\">\n\n\t\t\t\n\t\t\t\t\t<\/div>\n\t\t\t\t\t\t\t\t<\/div>\n\t\t\t\t\t\t\t\t\t\t\t<div class=\"swiper-slide\" role=\"group\" aria-roledescription=\"slide\">\n\t\t\t\t\t\t\t\t\t<div class=\"elementor-carousel-image\" role=\"img\" aria-label=\"Benjamin H\u00f8yland\" style=\"background-image: url(&#039;https:\/\/teenstreet.life\/eu\/wp-content\/uploads\/sites\/13\/2024\/08\/TS24-DAY5-Logo-BHoyland-27-Interact.jpg&#039;)\">\n\n\t\t\t\n\t\t\t\t\t<\/div>\n\t\t\t\t\t\t\t\t<\/div>\n\t\t\t\t\t\t\t\t\t<\/div>\n\t\t\t\t\t\t\t\t\t\t\t\t\t\t\t<div class=\"elementor-swiper-button elementor-swiper-button-prev\" role=\"button\" tabindex=\"0\" aria-label=\"Anterior\">\n\t\t\t\t\t\t\t<i aria-hidden=\"true\" class=\"eicon-chevron-left\"><\/i>\t\t\t\t\t\t<\/div>\n\t\t\t\t\t\t<div class=\"elementor-swiper-button elementor-swiper-button-next\" role=\"button\" tabindex=\"0\" aria-label=\"Seguinte\">\n\t\t\t\t\t\t\t<i aria-hidden=\"true\" class=\"eicon-chevron-right\"><\/i>\t\t\t\t\t\t<\/div>\n\t\t\t\t\t\t\t\t\t\t\t\t\t\t\t\t<div class=\"swiper-pagination\"><\/div>\n\t\t\t\t\t\t\t\t\t\t\t\t<\/div>\n\t\t\t\t<\/div>\n\t\t\t\t\t\t\t\t<\/div>\n\t\t\t\t<\/div>\n\t\t\t\t\t<\/div>\n\t\t<\/div>\n\t\t\t\t\t<\/div>\n\t\t<\/section>\n\t\t\t\t<section class=\"elementor-section elementor-top-section elementor-element elementor-element-948dfb4 elementor-section-boxed elementor-section-height-default elementor-section-height-default wpr-particle-no wpr-jarallax-no wpr-parallax-no wpr-sticky-section-no\" data-id=\"948dfb4\" data-element_type=\"section\" data-e-type=\"section\">\n\t\t\t\t\t\t<div class=\"elementor-container elementor-column-gap-default\">\n\t\t\t\t\t<div class=\"elementor-column elementor-col-100 elementor-top-column elementor-element elementor-element-05e9216\" data-id=\"05e9216\" data-element_type=\"column\" data-e-type=\"column\">\n\t\t\t<div class=\"elementor-widget-wrap elementor-element-populated\">\n\t\t\t\t\t\t<div class=\"elementor-element elementor-element-b5568df elementor-widget elementor-widget-text-editor\" data-id=\"b5568df\" data-element_type=\"widget\" data-e-type=\"widget\" data-widget_type=\"text-editor.default\">\n\t\t\t\t<div class=\"elementor-widget-container\">\n\t\t\t\t\t\t\t\t\t<p>Dia 5: Objetivo\u00a0<\/p><p>\u00a0O que seria do TeenStreet sem a equipa de servi\u00e7o? Este ano, 652 pessoas est\u00e3o a trabalhar nos bastidores e a tornar o TeenStreet poss\u00edvel - na cozinha, na limpeza das casas de banho, na seguran\u00e7a, numa divertida banca de comida, etc. Esta manh\u00e3, agradecemos-lhes em voz alta! Equipa de servi\u00e7o, adoramos-vos!\u00a0<\/p><p>\u00a0Tal como a chama ol\u00edmpica, tamb\u00e9m para n\u00f3s, crist\u00e3os, \u00e9 importante passar a tocha e levar a luz de Jesus ao mundo. Porque ainda h\u00e1 3 bili\u00f5es de pessoas que t\u00eam pouca ou nenhuma oportunidade de ouvir falar de Jesus. \u00a0<\/p><p>\u00a0Sabemos por Paulo que ele n\u00e3o descansou nem mesmo no final do seu minist\u00e9rio, mas continuou a pregar o evangelho at\u00e9 que a gera\u00e7\u00e3o seguinte pegasse na tocha. Pouco antes de Jesus voltar para o seu Pai celestial, disse aos seus disc\u00edpulos que eles seriam as suas testemunhas - a sua evid\u00eancia, a sua prova (Actos 1:8). Com o poder DUNAMIS do Esp\u00edrito Santo, as nossas vidas tamb\u00e9m mudar\u00e3o e seremos a evid\u00eancia, a prova do seu amor e levaremos a sua luz ao mundo. O seu poder DUMANIS proteger-nos-\u00e1.\u00a0<\/p><p>\u00a0\u00c0 tarde, muitos jovens sa\u00edram para a cidade e levaram a Sua luz aos habitantes de Offenburg - a jogar futebol, nas bancas de ora\u00e7\u00e3o ou a falar com os transeuntes. Os jovens regressaram com os olhos a brilhar e cheios de entusiasmo pelo que tinham vivido. \u00a0<\/p><p>\u00a0Na Sala do Trono fomos lembrados de que, como crist\u00e3os, temos de escolher Deus TODOS os dias. Depois come\u00e7\u00e1mos um tempo de adora\u00e7\u00e3o, onde tamb\u00e9m us\u00e1mos as pequenas tochas que todos receberam \u00e0 entrada, agitando-as para louvar a Deus. Quando cant\u00e1mos a can\u00e7\u00e3o \"Battle belongs\", todos nos ajoelh\u00e1mos e cant\u00e1mos: \"Por isso, quando luto, luto de joelhos com as m\u00e3os bem levantadas. Oh, Deus, a batalha pertence a Ti\". Mais tarde, volt\u00e1mos a p\u00f4r-nos de joelhos - desta vez para confessar os nossos pecados a Deus - e cant\u00e1mos \"Cristo e Cristo crucificado\". Que noite!<\/p>\t\t\t\t\t\t\t\t<\/div>\n\t\t\t\t<\/div>\n\t\t\t\t\t<\/div>\n\t\t<\/div>\n\t\t\t\t\t<\/div>\n\t\t<\/section>\n\t\t\t\t<section class=\"elementor-section elementor-top-section elementor-element elementor-element-0ee6a83 elementor-section-boxed elementor-section-height-default elementor-section-height-default wpr-particle-no wpr-jarallax-no wpr-parallax-no wpr-sticky-section-no\" data-id=\"0ee6a83\" data-element_type=\"section\" data-e-type=\"section\">\n\t\t\t\t\t\t<div class=\"elementor-container elementor-column-gap-default\">\n\t\t\t\t\t<div class=\"elementor-column elementor-col-100 elementor-top-column elementor-element elementor-element-2573971\" data-id=\"2573971\" data-element_type=\"column\" data-e-type=\"column\">\n\t\t\t<div class=\"elementor-widget-wrap elementor-element-populated\">\n\t\t\t\t\t\t<div class=\"elementor-element elementor-element-95bab5a elementor-widget elementor-widget-image\" data-id=\"95bab5a\" data-element_type=\"widget\" data-e-type=\"widget\" data-widget_type=\"image.default\">\n\t\t\t\t<div class=\"elementor-widget-container\">\n\t\t\t\t\t\t\t\t\t\t\t\t\t\t\t<img decoding=\"async\" src=\"https:\/\/teenstreet.life\/eu\/wp-content\/uploads\/sites\/13\/2024\/07\/Capture-decran-2024-07-30-a-09.37.43.png\" title=\"Captura de ecr\u00e3 2024-07-30 \u00e0s 09.37.43\" alt=\"Captura de ecr\u00e3 2024-07-30 \u00e0s 09.37.43\" loading=\"lazy\" \/>\t\t\t\t\t\t\t\t\t\t\t\t\t\t\t<\/div>\n\t\t\t\t<\/div>\n\t\t\t\t\t<\/div>\n\t\t<\/div>\n\t\t\t\t\t<\/div>\n\t\t<\/section>\n\t\t\t\t<\/div>","protected":false},"excerpt":{"rendered":"<p>Anterior Seguinte Dia 5: Prop\u00f3sito O que seria do TeenStreet sem a equipa de Servi\u00e7o? 652 pessoas est\u00e3o a trabalhar nos bastidores este ano e a tornar o TeenStreet poss\u00edvel - na cozinha, a limpar casas de banho, como seguran\u00e7a, numa divertida banca de comida e por a\u00ed fora. Esta manh\u00e3, agradecemos-lhes em voz alta! Equipa de servi\u00e7o, adoramos-vos!   Tal como a chama ol\u00edmpica, tamb\u00e9m para n\u00f3s, crist\u00e3os, \u00e9 importante passar a tocha e levar a luz de Jesus ao mundo. Porque ainda h\u00e1 uns bons 3 bili\u00f5es de pessoas que t\u00eam pouca ou nenhuma oportunidade de ouvir falar de Jesus.    Sabemos por Paulo que ele n\u00e3o descansou nem mesmo no final do seu minist\u00e9rio, mas continuou a pregar o evangelho at\u00e9 que a gera\u00e7\u00e3o seguinte pegasse na tocha. Pouco antes de Jesus voltar para o seu Pai celestial, disse aos seus disc\u00edpulos que eles seriam as suas testemunhas - a sua evid\u00eancia, a sua prova (Actos 1:8). Com o poder DUNAMIS do Esp\u00edrito Santo, as nossas vidas tamb\u00e9m mudar\u00e3o e seremos a evid\u00eancia, a prova do seu amor e levaremos a sua luz ao mundo. O seu poder DUMANIS proteger-nos-\u00e1.   \u00c0 tarde, muitos jovens sa\u00edram para a cidade e levaram a Sua luz \u00e0s pessoas de Offenburg - jogando futebol, nas bancas de ora\u00e7\u00e3o ou falando com os transeuntes. Os jovens voltaram com os olhos a brilhar e cheios de entusiasmo pelo que tinham vivido.    Na Sala do Trono, lembr\u00e1mo-nos de que, como crist\u00e3os, temos de escolher Deus TODOS os dias. Depois come\u00e7\u00e1mos um tempo de adora\u00e7\u00e3o, onde tamb\u00e9m us\u00e1mos as pequenas tochas que todos receberam \u00e0 entrada, acenando-as para louvar a Deus. Quando cant\u00e1mos a can\u00e7\u00e3o \"Battle belongs\", todos nos ajoelh\u00e1mos e cant\u00e1mos: \"Por isso, quando luto, luto de joelhos com as m\u00e3os bem levantadas. Oh, Deus, a batalha pertence a Ti\". Mais tarde, volt\u00e1mos a p\u00f4r-nos de joelhos - desta vez para confessar os nossos pecados a Deus - e cant\u00e1mos \"Cristo e Cristo crucificado\". Que noite!<\/p>","protected":false},"author":74,"featured_media":7913,"parent":0,"menu_order":0,"comment_status":"closed","ping_status":"closed","template":"","meta":{"iawp_total_views":0,"footnotes":""},"class_list":["post-7888","page","type-page","status-publish","has-post-thumbnail","hentry"],"_links":{"self":[{"href":"https:\/\/teenstreet.life\/eu\/pt\/wp-json\/wp\/v2\/pages\/7888","targetHints":{"allow":["GET"]}}],"collection":[{"href":"https:\/\/teenstreet.life\/eu\/pt\/wp-json\/wp\/v2\/pages"}],"about":[{"href":"https:\/\/teenstreet.life\/eu\/pt\/wp-json\/wp\/v2\/types\/page"}],"author":[{"embeddable":true,"href":"https:\/\/teenstreet.life\/eu\/pt\/wp-json\/wp\/v2\/users\/74"}],"replies":[{"embeddable":true,"href":"https:\/\/teenstreet.life\/eu\/pt\/wp-json\/wp\/v2\/comments?post=7888"}],"version-history":[{"count":5,"href":"https:\/\/teenstreet.life\/eu\/pt\/wp-json\/wp\/v2\/pages\/7888\/revisions"}],"predecessor-version":[{"id":7926,"href":"https:\/\/teenstreet.life\/eu\/pt\/wp-json\/wp\/v2\/pages\/7888\/revisions\/7926"}],"wp:featuredmedia":[{"embeddable":true,"href":"https:\/\/teenstreet.life\/eu\/pt\/wp-json\/wp\/v2\/media\/7913"}],"wp:attachment":[{"href":"https:\/\/teenstreet.life\/eu\/pt\/wp-json\/wp\/v2\/media?parent=7888"}],"curies":[{"name":"wp","href":"https:\/\/api.w.org\/{rel}","templated":true}]}}