{"id":7873,"date":"2024-07-31T11:52:59","date_gmt":"2024-07-31T09:52:59","guid":{"rendered":"https:\/\/teenstreet.life\/eu\/?page_id=7873"},"modified":"2024-07-31T11:53:00","modified_gmt":"2024-07-31T09:53:00","slug":"dia-4-contentamento","status":"publish","type":"page","link":"https:\/\/teenstreet.life\/eu\/pt\/day-4-contentment\/","title":{"rendered":"Dia 4 - Contentamento"},"content":{"rendered":"<div data-elementor-type=\"wp-page\" data-elementor-id=\"7873\" class=\"elementor elementor-7873\" data-elementor-post-type=\"page\">\n\t\t\t\t\t\t<section class=\"elementor-section elementor-top-section elementor-element elementor-element-174c546 elementor-section-boxed elementor-section-height-default elementor-section-height-default wpr-particle-no wpr-jarallax-no wpr-parallax-no wpr-sticky-section-no\" data-id=\"174c546\" data-element_type=\"section\" data-e-type=\"section\">\n\t\t\t\t\t\t<div class=\"elementor-container elementor-column-gap-default\">\n\t\t\t\t\t<div class=\"elementor-column elementor-col-100 elementor-top-column elementor-element elementor-element-8efb91b\" data-id=\"8efb91b\" data-element_type=\"column\" data-e-type=\"column\">\n\t\t\t<div class=\"elementor-widget-wrap elementor-element-populated\">\n\t\t\t\t\t\t<div class=\"elementor-element elementor-element-4ab9919 elementor-skin-carousel elementor-arrows-yes elementor-pagination-type-bullets elementor-pagination-position-outside elementor-widget elementor-widget-media-carousel\" data-id=\"4ab9919\" data-element_type=\"widget\" data-e-type=\"widget\" data-settings=\"{&quot;skin&quot;:&quot;carousel&quot;,&quot;effect&quot;:&quot;slide&quot;,&quot;show_arrows&quot;:&quot;yes&quot;,&quot;pagination&quot;:&quot;bullets&quot;,&quot;speed&quot;:500,&quot;autoplay&quot;:&quot;yes&quot;,&quot;autoplay_speed&quot;:5000,&quot;loop&quot;:&quot;yes&quot;,&quot;pause_on_hover&quot;:&quot;yes&quot;,&quot;pause_on_interaction&quot;:&quot;yes&quot;,&quot;space_between&quot;:{&quot;unit&quot;:&quot;px&quot;,&quot;size&quot;:10,&quot;sizes&quot;:[]},&quot;space_between_tablet&quot;:{&quot;unit&quot;:&quot;px&quot;,&quot;size&quot;:10,&quot;sizes&quot;:[]},&quot;space_between_mobile&quot;:{&quot;unit&quot;:&quot;px&quot;,&quot;size&quot;:10,&quot;sizes&quot;:[]}}\" data-widget_type=\"media-carousel.default\">\n\t\t\t\t<div class=\"elementor-widget-container\">\n\t\t\t\t\t\t\t\t\t<div class=\"elementor-swiper\">\n\t\t\t\t\t<div class=\"elementor-main-swiper swiper\" role=\"region\" aria-roledescription=\"carousel\" aria-label=\"Deslizamentos\">\n\t\t\t\t<div class=\"swiper-wrapper\">\n\t\t\t\t\t\t\t\t\t\t\t<div class=\"swiper-slide\" role=\"group\" aria-roledescription=\"slide\">\n\t\t\t\t\t\t\t\t\t<div class=\"elementor-carousel-image\" role=\"img\" aria-label=\"TS24_DAY4_Logo_ASchneider_02_Interact2\" style=\"background-image: url(&#039;https:\/\/teenstreet.life\/eu\/wp-content\/uploads\/sites\/13\/2024\/07\/TS24_DAY4_Logo_ASchneider_02_Interact2.jpg&#039;)\">\n\n\t\t\t\n\t\t\t\t\t<\/div>\n\t\t\t\t\t\t\t\t<\/div>\n\t\t\t\t\t\t\t\t\t\t\t<div class=\"swiper-slide\" role=\"group\" aria-roledescription=\"slide\">\n\t\t\t\t\t\t\t\t\t<div class=\"elementor-carousel-image\" role=\"img\" aria-label=\"Benjamin H\u00f8yland\" style=\"background-image: url(&#039;https:\/\/teenstreet.life\/eu\/wp-content\/uploads\/sites\/13\/2024\/07\/TS24-DAY4-Logo-BHoyland-36-Interact.jpg&#039;)\">\n\n\t\t\t\n\t\t\t\t\t<\/div>\n\t\t\t\t\t\t\t\t<\/div>\n\t\t\t\t\t\t\t\t\t\t\t<div class=\"swiper-slide\" role=\"group\" aria-roledescription=\"slide\">\n\t\t\t\t\t\t\t\t\t<div class=\"elementor-carousel-image\" role=\"img\" aria-label=\"TS24_DAY4_Logo_ASchneider_02_Interact3\" style=\"background-image: url(&#039;https:\/\/teenstreet.life\/eu\/wp-content\/uploads\/sites\/13\/2024\/07\/TS24_DAY4_Logo_ASchneider_02_Interact3.jpg&#039;)\">\n\n\t\t\t\n\t\t\t\t\t<\/div>\n\t\t\t\t\t\t\t\t<\/div>\n\t\t\t\t\t\t\t\t\t\t\t<div class=\"swiper-slide\" role=\"group\" aria-roledescription=\"slide\">\n\t\t\t\t\t\t\t\t\t<div class=\"elementor-carousel-image\" role=\"img\" aria-label=\"TS24_DAY4_Logo_ASchneider_05_Interact3\" style=\"background-image: url(&#039;https:\/\/teenstreet.life\/eu\/wp-content\/uploads\/sites\/13\/2024\/07\/TS24_DAY4_Logo_ASchneider_05_Interact3.jpg&#039;)\">\n\n\t\t\t\n\t\t\t\t\t<\/div>\n\t\t\t\t\t\t\t\t<\/div>\n\t\t\t\t\t\t\t\t\t\t\t<div class=\"swiper-slide\" role=\"group\" aria-roledescription=\"slide\">\n\t\t\t\t\t\t\t\t\t<div class=\"elementor-carousel-image\" role=\"img\" aria-label=\"TS24_Day4_Logo_MBosch_16_Throne Room\" style=\"background-image: url(&#039;https:\/\/teenstreet.life\/eu\/wp-content\/uploads\/sites\/13\/2024\/07\/TS24_Day4_Logo_MBosch_16_Throne-Room.jpg&#039;)\">\n\n\t\t\t\n\t\t\t\t\t<\/div>\n\t\t\t\t\t\t\t\t<\/div>\n\t\t\t\t\t\t\t\t\t<\/div>\n\t\t\t\t\t\t\t\t\t\t\t\t\t\t\t<div class=\"elementor-swiper-button elementor-swiper-button-prev\" role=\"button\" tabindex=\"0\" aria-label=\"Anterior\">\n\t\t\t\t\t\t\t<i aria-hidden=\"true\" class=\"eicon-chevron-left\"><\/i>\t\t\t\t\t\t<\/div>\n\t\t\t\t\t\t<div class=\"elementor-swiper-button elementor-swiper-button-next\" role=\"button\" tabindex=\"0\" aria-label=\"Seguinte\">\n\t\t\t\t\t\t\t<i aria-hidden=\"true\" class=\"eicon-chevron-right\"><\/i>\t\t\t\t\t\t<\/div>\n\t\t\t\t\t\t\t\t\t\t\t\t\t\t\t\t<div class=\"swiper-pagination\"><\/div>\n\t\t\t\t\t\t\t\t\t\t\t\t<\/div>\n\t\t\t\t<\/div>\n\t\t\t\t\t\t\t\t<\/div>\n\t\t\t\t<\/div>\n\t\t\t\t\t<\/div>\n\t\t<\/div>\n\t\t\t\t\t<\/div>\n\t\t<\/section>\n\t\t\t\t<section class=\"elementor-section elementor-top-section elementor-element elementor-element-22d2b21 elementor-section-boxed elementor-section-height-default elementor-section-height-default wpr-particle-no wpr-jarallax-no wpr-parallax-no wpr-sticky-section-no\" data-id=\"22d2b21\" data-element_type=\"section\" data-e-type=\"section\">\n\t\t\t\t\t\t<div class=\"elementor-container elementor-column-gap-default\">\n\t\t\t\t\t<div class=\"elementor-column elementor-col-100 elementor-top-column elementor-element elementor-element-e8fba36\" data-id=\"e8fba36\" data-element_type=\"column\" data-e-type=\"column\">\n\t\t\t<div class=\"elementor-widget-wrap elementor-element-populated\">\n\t\t\t\t\t\t<div class=\"elementor-element elementor-element-52a0a51 elementor-widget elementor-widget-text-editor\" data-id=\"52a0a51\" data-element_type=\"widget\" data-e-type=\"widget\" data-widget_type=\"text-editor.default\">\n\t\t\t\t<div class=\"elementor-widget-container\">\n\t\t\t\t\t\t\t\t\t<p>Dia 4: contentamento<\/p><p>It might get loud\" - foi com esta can\u00e7\u00e3o que os adolescentes foram recebidos hoje na sala principal. E fez-se barulho quando foi escolhido o melhor traje da corrida de trapos - os Aliens - e quando foi anunciado o total de donativos: 48 166 euros.<\/p>\n<p>O tema de hoje era sobre a satisfa\u00e7\u00e3o mesmo em momentos de sofrimento. Depois da sua convers\u00e3o, Paulo, o antigo perseguidor de crist\u00e3os Saulo, foi ter com as pessoas que ainda n\u00e3o conheciam Jesus e sofreu muito. Entre outras coisas, sobreviveu ao seu pr\u00f3prio apedrejamento. Com base em Romanos 8,18, reconhecemos que, em tempos de sofrimento, muitas vezes fazemos zoom sobre o problema como se fosse um microsc\u00f3pio, mas Paulo pede-nos que fa\u00e7amos zoom out e nos concentremos em Deus.<\/p>\n<p>N\u00e3o houve muito movimento no local do TeenStreet durante a tarde devido ao calor, muitos preferiram ficar em casa ou nadar no lago pr\u00f3ximo.<\/p>\n<p>&nbsp;\u00c0 noite, o programa da Sala do Trono era um pouco diferente: a noite de ora\u00e7\u00e3o. A banda tocou em ac\u00fastica e Josh Green, Diretor da Juventude da 24-7 Prayer, conduziu a noite. O jovem sublinhou que Jesus come\u00e7ou a igreja como uma reuni\u00e3o de ora\u00e7\u00e3o e que \u00e9 agora altura de a igreja regressar \u00e0s suas origens e tornar-se uma casa de ora\u00e7\u00e3o. \"A ora\u00e7\u00e3o tem de ser persistente, consistente e resistente\", desafiou-nos.<\/p>\n<p>De seguida, os adolescentes foram, nos seus pequenos grupos, para diferentes esta\u00e7\u00f5es de ora\u00e7\u00e3o para rezarem pelos n\u00e3o alcan\u00e7ados e uns pelos outros. No final, adolescentes de mais de 30 na\u00e7\u00f5es subiram ao palco para rezar pelo seu pa\u00eds nas suas pr\u00f3prias l\u00ednguas. Um \"caos sagrado\" e, no entanto, um sinal t\u00e3o bonito do corpo de Cristo. Por fim, todos rezaram o Pai Nosso simultaneamente nas suas pr\u00f3prias l\u00ednguas.<\/p>\t\t\t\t\t\t\t\t<\/div>\n\t\t\t\t<\/div>\n\t\t\t\t\t<\/div>\n\t\t<\/div>\n\t\t\t\t\t<\/div>\n\t\t<\/section>\n\t\t\t\t<section class=\"elementor-section elementor-top-section elementor-element elementor-element-87967e1 elementor-section-boxed elementor-section-height-default elementor-section-height-default wpr-particle-no wpr-jarallax-no wpr-parallax-no wpr-sticky-section-no\" data-id=\"87967e1\" data-element_type=\"section\" data-e-type=\"section\">\n\t\t\t\t\t\t<div class=\"elementor-container elementor-column-gap-default\">\n\t\t\t\t\t<div class=\"elementor-column elementor-col-100 elementor-top-column elementor-element elementor-element-386a533\" data-id=\"386a533\" data-element_type=\"column\" data-e-type=\"column\">\n\t\t\t<div class=\"elementor-widget-wrap elementor-element-populated\">\n\t\t\t\t\t\t<div class=\"elementor-element elementor-element-887f3fc elementor-widget elementor-widget-image\" data-id=\"887f3fc\" data-element_type=\"widget\" data-e-type=\"widget\" data-widget_type=\"image.default\">\n\t\t\t\t<div class=\"elementor-widget-container\">\n\t\t\t\t\t\t\t\t\t\t\t\t\t\t\t<img decoding=\"async\" src=\"https:\/\/teenstreet.life\/eu\/wp-content\/uploads\/sites\/13\/2024\/07\/Capture-decran-2024-07-30-a-09.37.43.png\" title=\"Captura de ecr\u00e3 2024-07-30 \u00e0s 09.37.43\" alt=\"Captura de ecr\u00e3 2024-07-30 \u00e0s 09.37.43\" loading=\"lazy\" \/>\t\t\t\t\t\t\t\t\t\t\t\t\t\t\t<\/div>\n\t\t\t\t<\/div>\n\t\t\t\t\t<\/div>\n\t\t<\/div>\n\t\t\t\t\t<\/div>\n\t\t<\/section>\n\t\t\t\t<\/div>","protected":false},"excerpt":{"rendered":"<p>Previous Next Dia 4: contentamento It might get loud\" - os adolescentes foram recebidos com esta can\u00e7\u00e3o no Sal\u00e3o Principal hoje. E fez-se barulho quando foi escolhido o melhor traje da corrida de trapos - os Aliens - e quando foi anunciado o total de donativos: 48.166 euros. O tema de hoje foi sobre a satisfa\u00e7\u00e3o mesmo em momentos de sofrimento. Depois da sua convers\u00e3o, Paulo, o antigo perseguidor dos crist\u00e3os Saulo, foi ter com as pessoas que ainda n\u00e3o conheciam Jesus e sofreu muito. Entre outras coisas, sobreviveu ao seu pr\u00f3prio apedrejamento. Com base em Romanos 8,18, reconhecemos que, em tempos de sofrimento, \u00e9 frequente fazermos zoom sobre o problema como se fosse um microsc\u00f3pio, mas Paulo pede-nos que fa\u00e7amos zoom out e nos concentremos em Deus. N\u00e3o houve muito movimento no local do TeenStreet durante a tarde devido ao calor, muitos preferiram ficar em casa ou nadar no lago pr\u00f3ximo.  \u00c0 noite, o programa da Sala do Trono era um pouco diferente: a noite de ora\u00e7\u00e3o. A banda tocou em ac\u00fastica e Josh Green, Diretor da Juventude da 24-7 Prayer, conduziu a noite. O jovem sublinhou que Jesus come\u00e7ou a igreja como uma reuni\u00e3o de ora\u00e7\u00e3o e que \u00e9 agora altura de a igreja regressar \u00e0s suas origens e tornar-se uma casa de ora\u00e7\u00e3o. \"A ora\u00e7\u00e3o tem de ser persistente, consistente e resistente\", desafiou-nos. De seguida, os adolescentes foram, nos seus pequenos grupos, para diferentes esta\u00e7\u00f5es de ora\u00e7\u00e3o para rezarem pelos n\u00e3o alcan\u00e7ados e uns pelos outros. No final, adolescentes de mais de 30 na\u00e7\u00f5es subiram ao palco para rezar pelo seu pa\u00eds nas suas pr\u00f3prias l\u00ednguas. Um \"caos sagrado\" e, no entanto, um sinal t\u00e3o bonito do corpo de Cristo. Por fim, todos rezaram o Pai Nosso simultaneamente nas suas pr\u00f3prias l\u00ednguas.<\/p>","protected":false},"author":74,"featured_media":7876,"parent":0,"menu_order":0,"comment_status":"closed","ping_status":"closed","template":"","meta":{"iawp_total_views":0,"footnotes":""},"class_list":["post-7873","page","type-page","status-publish","has-post-thumbnail","hentry"],"_links":{"self":[{"href":"https:\/\/teenstreet.life\/eu\/pt\/wp-json\/wp\/v2\/pages\/7873","targetHints":{"allow":["GET"]}}],"collection":[{"href":"https:\/\/teenstreet.life\/eu\/pt\/wp-json\/wp\/v2\/pages"}],"about":[{"href":"https:\/\/teenstreet.life\/eu\/pt\/wp-json\/wp\/v2\/types\/page"}],"author":[{"embeddable":true,"href":"https:\/\/teenstreet.life\/eu\/pt\/wp-json\/wp\/v2\/users\/74"}],"replies":[{"embeddable":true,"href":"https:\/\/teenstreet.life\/eu\/pt\/wp-json\/wp\/v2\/comments?post=7873"}],"version-history":[{"count":5,"href":"https:\/\/teenstreet.life\/eu\/pt\/wp-json\/wp\/v2\/pages\/7873\/revisions"}],"predecessor-version":[{"id":7908,"href":"https:\/\/teenstreet.life\/eu\/pt\/wp-json\/wp\/v2\/pages\/7873\/revisions\/7908"}],"wp:featuredmedia":[{"embeddable":true,"href":"https:\/\/teenstreet.life\/eu\/pt\/wp-json\/wp\/v2\/media\/7876"}],"wp:attachment":[{"href":"https:\/\/teenstreet.life\/eu\/pt\/wp-json\/wp\/v2\/media?parent=7873"}],"curies":[{"name":"wp","href":"https:\/\/api.w.org\/{rel}","templated":true}]}}