{"id":7608,"date":"2024-07-29T19:04:06","date_gmt":"2024-07-29T17:04:06","guid":{"rendered":"https:\/\/teenstreet.life\/eu\/?page_id=7608"},"modified":"2024-07-30T12:33:11","modified_gmt":"2024-07-30T10:33:11","slug":"dia-2-em-negrito","status":"publish","type":"page","link":"https:\/\/teenstreet.life\/eu\/pt\/day-2-bold\/","title":{"rendered":"Dia 2 - Negrito"},"content":{"rendered":"<div data-elementor-type=\"wp-page\" data-elementor-id=\"7608\" class=\"elementor elementor-7608\" data-elementor-post-type=\"page\">\n\t\t\t\t\t\t<section class=\"elementor-section elementor-top-section elementor-element elementor-element-2146acf elementor-section-boxed elementor-section-height-default elementor-section-height-default\" data-id=\"2146acf\" data-element_type=\"section\" data-e-type=\"section\">\n\t\t\t\t\t\t<div class=\"elementor-container elementor-column-gap-default\">\n\t\t\t\t\t<div class=\"elementor-column elementor-col-100 elementor-top-column elementor-element elementor-element-ce80660\" data-id=\"ce80660\" data-element_type=\"column\" data-e-type=\"column\">\n\t\t\t<div class=\"elementor-widget-wrap elementor-element-populated\">\n\t\t\t\t\t\t<div class=\"elementor-element elementor-element-04e814a elementor-skin-carousel elementor-arrows-yes elementor-pagination-type-bullets elementor-pagination-position-outside elementor-widget elementor-widget-media-carousel\" data-id=\"04e814a\" data-element_type=\"widget\" data-e-type=\"widget\" data-settings=\"{&quot;skin&quot;:&quot;carousel&quot;,&quot;effect&quot;:&quot;slide&quot;,&quot;show_arrows&quot;:&quot;yes&quot;,&quot;pagination&quot;:&quot;bullets&quot;,&quot;speed&quot;:500,&quot;autoplay&quot;:&quot;yes&quot;,&quot;autoplay_speed&quot;:5000,&quot;loop&quot;:&quot;yes&quot;,&quot;pause_on_hover&quot;:&quot;yes&quot;,&quot;pause_on_interaction&quot;:&quot;yes&quot;,&quot;space_between&quot;:{&quot;unit&quot;:&quot;px&quot;,&quot;size&quot;:10,&quot;sizes&quot;:[]},&quot;space_between_tablet&quot;:{&quot;unit&quot;:&quot;px&quot;,&quot;size&quot;:10,&quot;sizes&quot;:[]},&quot;space_between_mobile&quot;:{&quot;unit&quot;:&quot;px&quot;,&quot;size&quot;:10,&quot;sizes&quot;:[]}}\" data-widget_type=\"media-carousel.default\">\n\t\t\t\t<div class=\"elementor-widget-container\">\n\t\t\t\t\t\t\t\t\t<div class=\"elementor-swiper\">\n\t\t\t\t\t<div class=\"elementor-main-swiper swiper\" role=\"region\" aria-roledescription=\"carousel\" aria-label=\"Slajdy\">\n\t\t\t\t<div class=\"swiper-wrapper\">\n\t\t\t\t\t\t\t\t\t\t\t<div class=\"swiper-slide\" role=\"group\" aria-roledescription=\"slide\">\n\t\t\t\t\t\t\t\t\t<div class=\"elementor-carousel-image\" role=\"img\" aria-label=\"TS24_Day2_Logo_RvanKranenburg_18_Mainhall\" style=\"background-image: url(&#039;https:\/\/teenstreet.life\/eu\/wp-content\/uploads\/sites\/13\/2024\/07\/TS24_Day2_Logo_RvanKranenburg_18_Mainhall.jpg&#039;)\">\n\n\t\t\t\n\t\t\t\t\t<\/div>\n\t\t\t\t\t\t\t\t<\/div>\n\t\t\t\t\t\t\t\t\t\t\t<div class=\"swiper-slide\" role=\"group\" aria-roledescription=\"slide\">\n\t\t\t\t\t\t\t\t\t<div class=\"elementor-carousel-image\" role=\"img\" aria-label=\"TS24_Day2_Logo_RvanKranenburg_12_Mainhall\" style=\"background-image: url(&#039;https:\/\/teenstreet.life\/eu\/wp-content\/uploads\/sites\/13\/2024\/07\/TS24_Day2_Logo_RvanKranenburg_12_Mainhall.jpg&#039;)\">\n\n\t\t\t\n\t\t\t\t\t<\/div>\n\t\t\t\t\t\t\t\t<\/div>\n\t\t\t\t\t\t\t\t\t\t\t<div class=\"swiper-slide\" role=\"group\" aria-roledescription=\"slide\">\n\t\t\t\t\t\t\t\t\t<div class=\"elementor-carousel-image\" role=\"img\" aria-label=\"TS24_Day2_Logo_MBosch_28_Throneroom\" style=\"background-image: url(&#039;https:\/\/teenstreet.life\/eu\/wp-content\/uploads\/sites\/13\/2024\/07\/TS24_Day2_Logo_MBosch_28_Throneroom.jpg&#039;)\">\n\n\t\t\t\n\t\t\t\t\t<\/div>\n\t\t\t\t\t\t\t\t<\/div>\n\t\t\t\t\t\t\t\t\t\t\t<div class=\"swiper-slide\" role=\"group\" aria-roledescription=\"slide\">\n\t\t\t\t\t\t\t\t\t<div class=\"elementor-carousel-image\" role=\"img\" aria-label=\"TS24_DAY2_Logo_ASchneider_10_Interact\" style=\"background-image: url(&#039;https:\/\/teenstreet.life\/eu\/wp-content\/uploads\/sites\/13\/2024\/07\/TS24_DAY2_Logo_ASchneider_10_Interact-scaled.jpg&#039;)\">\n\n\t\t\t\n\t\t\t\t\t<\/div>\n\t\t\t\t\t\t\t\t<\/div>\n\t\t\t\t\t\t\t\t\t\t\t<div class=\"swiper-slide\" role=\"group\" aria-roledescription=\"slide\">\n\t\t\t\t\t\t\t\t\t<div class=\"elementor-carousel-image\" role=\"img\" aria-label=\"TS24_Day2_Logo_RvanKranenburg_09_Mainhall\" style=\"background-image: url(&#039;https:\/\/teenstreet.life\/eu\/wp-content\/uploads\/sites\/13\/2024\/07\/TS24_Day2_Logo_RvanKranenburg_09_Mainhall.jpg&#039;)\">\n\n\t\t\t\n\t\t\t\t\t<\/div>\n\t\t\t\t\t\t\t\t<\/div>\n\t\t\t\t\t\t\t\t\t<\/div>\n\t\t\t\t\t\t\t\t\t\t\t\t\t\t\t<div class=\"elementor-swiper-button elementor-swiper-button-prev\" role=\"button\" tabindex=\"0\" aria-label=\"Poprzedni\" data-no-translation-aria-label=\"\">\n\t\t\t\t\t\t\t<i aria-hidden=\"true\" class=\"eicon-chevron-left\"><\/i>\t\t\t\t\t\t<\/div>\n\t\t\t\t\t\t<div class=\"elementor-swiper-button elementor-swiper-button-next\" role=\"button\" tabindex=\"0\" aria-label=\"Nast\u0119pny\" data-no-translation-aria-label=\"\">\n\t\t\t\t\t\t\t<i aria-hidden=\"true\" class=\"eicon-chevron-right\"><\/i>\t\t\t\t\t\t<\/div>\n\t\t\t\t\t\t\t\t\t\t\t\t\t\t\t\t<div class=\"swiper-pagination\"><\/div>\n\t\t\t\t\t\t\t\t\t\t\t\t<\/div>\n\t\t\t\t<\/div>\n\t\t\t\t\t\t\t\t<\/div>\n\t\t\t\t<\/div>\n\t\t\t\t<div class=\"elementor-element elementor-element-976dc05 elementor-widget elementor-widget-text-editor\" data-id=\"976dc05\" data-element_type=\"widget\" data-e-type=\"widget\" data-widget_type=\"text-editor.default\">\n\t\t\t\t<div class=\"elementor-widget-container\">\n\t\t\t\t\t\t\t\t\t<div style=\"clear: both;cursor: text;overflow: visible;position: relative;direction: ltr;, arial, verdana, sans-serif;font-size: 12px\"><div style=\"clear: both;cursor: text;overflow: visible;position: relative;direction: ltr;font-family: 'Segoe UI', 'Segoe UI Web', Arial, Verdana, sans-serif\"><p style=\"margin-right: 0px;margin-bottom: 0px;margin-left: 0px;vertical-align: baseline\"><span lang=\"EN-US\" style=\"font-size: 13pt;line-height: 21.583333px;font-family: AppleSystemUIFont, AppleSystemUIFont_EmbeddedFont, AppleSystemUIFont_MSFontService, sans-serif\" xml:lang=\"EN-US\" data-contrast=\"auto\"><span>\"<\/span><span>Ousadia n\u00e3o \u00e9 sentir-se<\/span><span>e depois atuar - \u00e9 o oposto!\" <\/span><span>Pedro, o cobarde que negou Jesus, tornou-se <\/span><span>ousado<\/span><span> quando come\u00e7ou a agir como Jesus, imitando-o. \u00c9 assim que <\/span><span style=\"background-position: 0px 100%;background-repeat: repeat-x;background-image: var(--urlSpellingErrorV2,);border-bottom-width: 1px;border-bottom-style: solid;border-bottom-color: transparent\">ousadia<\/span><span> nasceu. Com os vers\u00edculos de Romanos 8:37-39 e a promessa de que somos mais do que vencedores, os adolescentes foram dispensados do Sal\u00e3o Principal para irem para os seus pequenos grupos.<\/span><\/span><span style=\"font-size: 13pt;line-height: 21.583333px;font-family: AppleSystemUIFont, AppleSystemUIFont_EmbeddedFont, AppleSystemUIFont_MSFontService, sans-serif\" data-ccp-props=\"{}\">\u00a0<\/span><\/p><\/div><div style=\"clear: both;cursor: text;overflow: visible;position: relative;direction: ltr;font-family: 'Segoe UI', 'Segoe UI Web', Arial, Verdana, sans-serif\"><p style=\"margin-right: 0px;margin-bottom: 0px;margin-left: 0px;vertical-align: baseline\"><span style=\"font-size: 13pt;line-height: 21.583333px;font-family: AppleSystemUIFont, AppleSystemUIFont_EmbeddedFont, AppleSystemUIFont_MSFontService, sans-serif\" data-ccp-props=\"{}\">\u00a0<\/span><\/p><\/div><div style=\"clear: both;cursor: text;overflow: visible;position: relative;direction: ltr;font-family: 'Segoe UI', 'Segoe UI Web', Arial, Verdana, sans-serif\"><p style=\"margin-right: 0px;margin-bottom: 0px;margin-left: 0px;vertical-align: baseline\"><span lang=\"EN-US\" style=\"font-size: 13pt;line-height: 21.583333px;font-family: AppleSystemUIFont, AppleSystemUIFont_EmbeddedFont, AppleSystemUIFont_MSFontService, sans-serif\" xml:lang=\"EN-US\" data-contrast=\"auto\"><span>A TeenStreet faz parte da OM (Operation Mobili<\/span><span>z<\/span><span>a\u00e7\u00e3o<\/span><span style=\"background-position: 0px 100%;background-repeat: repeat-x;background-image: var(--urlContextualSpellingAndGrammarErrorV2,);border-bottom-width: 1px;border-bottom-style: solid;border-bottom-color: transparent\">)<\/span><span> e a OM quer alcan\u00e7ar os 3 bili\u00f5es de pessoas que t\u00eam poucas oportunidades de ouvir falar de Jesus e do Seu amor. Por isso, o TeenStreet tamb\u00e9m se concentra num pa\u00eds n\u00e3o alcan\u00e7ado todos os dias. O pa\u00eds n\u00e3o alcan\u00e7ado de hoje foi o Quirguist\u00e3o, por isso rez\u00e1mos pelo pa\u00eds e pelo seu povo em v\u00e1rios locais ao longo do dia.\u00a0<\/span><\/span><span style=\"font-size: 13pt;line-height: 21.583333px;font-family: AppleSystemUIFont, AppleSystemUIFont_EmbeddedFont, AppleSystemUIFont_MSFontService, sans-serif\" data-ccp-props=\"{}\">\u00a0<\/span><\/p><\/div><div style=\"clear: both;cursor: text;overflow: visible;position: relative;direction: ltr;font-family: 'Segoe UI', 'Segoe UI Web', Arial, Verdana, sans-serif\"><p style=\"margin-right: 0px;margin-bottom: 0px;margin-left: 0px;vertical-align: baseline\"><span style=\"font-size: 13pt;line-height: 21.583333px;font-family: AppleSystemUIFont, AppleSystemUIFont_EmbeddedFont, AppleSystemUIFont_MSFontService, sans-serif\" data-ccp-props=\"{}\">\u00a0<\/span><\/p><\/div><div style=\"clear: both;cursor: text;overflow: visible;position: relative;direction: ltr;font-family: 'Segoe UI', 'Segoe UI Web', Arial, Verdana, sans-serif\"><p style=\"margin-right: 0px;margin-bottom: 0px;margin-left: 0px;vertical-align: baseline\"><span lang=\"EN-US\" style=\"font-size: 13pt;line-height: 21.583333px;font-family: AppleSystemUIFont, AppleSystemUIFont_EmbeddedFont, AppleSystemUIFont_MSFontService, sans-serif\" xml:lang=\"EN-US\" data-contrast=\"auto\"><span>Durante a Sala do Trono, record\u00e1mos a hist\u00f3ria da cura do mendigo em Actos 3. O mendigo, Pedro e Jo\u00e3o tinham uma coisa em comum: a <\/span><span style=\"background-position: 0px 100%;background-repeat: repeat-x;background-image: var(--urlContextualSpellingAndGrammarErrorV2,);border-bottom-width: 1px;border-bottom-style: solid;border-bottom-color: transparent\">Pai<\/span><span> que os conhece, ama <\/span><span>eles<\/span><span> e quer cur\u00e1-los - e o mesmo se aplica a n\u00f3s. Elle <\/span><span style=\"background-position: 0px 100%;background-repeat: repeat-x;background-image: var(--urlSpellingErrorV2,);border-bottom-width: 1px;border-bottom-style: solid;border-bottom-color: transparent\">Limebear<\/span><span> (Reino Unido) dirigiu o culto. Falou sobre sa\u00fade mental e sobre os seus pr\u00f3prios problemas de ansiedade e <\/span><span>enfatizado<\/span><span> que s\u00f3 podemos encontrar seguran\u00e7a, esperan\u00e7a e paz em Jesus. Ela desafiou-nos a dar o pr\u00f3ximo passo ousado de f\u00e9 - ir \u00e0 equipa de ora\u00e7\u00e3o, falar com o nosso treinador ou com o nosso pequeno grupo. Deus j\u00e1 est\u00e1 \u00e0 nossa espera.\u00a0<\/span><\/span><span style=\"font-size: 13pt;line-height: 21.583333px;font-family: AppleSystemUIFont, AppleSystemUIFont_EmbeddedFont, AppleSystemUIFont_MSFontService, sans-serif\" data-ccp-props=\"{}\">\u00a0<\/span><\/p><\/div><div style=\"clear: both;cursor: text;overflow: visible;position: relative;direction: ltr;font-family: 'Segoe UI', 'Segoe UI Web', Arial, Verdana, sans-serif\"><p style=\"margin-right: 0px;margin-bottom: 0px;margin-left: 0px;vertical-align: baseline\"><span style=\"font-size: 13pt;line-height: 21.583333px;font-family: AppleSystemUIFont, AppleSystemUIFont_EmbeddedFont, AppleSystemUIFont_MSFontService, sans-serif\" data-ccp-props=\"{}\">\u00a0<\/span><\/p><\/div><div style=\"clear: both;cursor: text;overflow: visible;position: relative;direction: ltr;font-family: 'Segoe UI', 'Segoe UI Web', Arial, Verdana, sans-serif\"><p style=\"margin-right: 0px;margin-bottom: 0px;margin-left: 0px;vertical-align: baseline\"><span lang=\"EN-US\" style=\"font-size: 13pt;line-height: 21.583333px;font-family: AppleSystemUIFont, AppleSystemUIFont_EmbeddedFont, AppleSystemUIFont_MSFontService, sans-serif\" xml:lang=\"EN-US\" data-contrast=\"auto\"><span>O tempo de adora\u00e7\u00e3o foi intenso e aqueles que quiseram ficar mais tempo na presen\u00e7a de Deus puderam continuar<\/span><span> elogio<\/span><span> Ele no sal\u00e3o principal, enquanto os outros terminaram mais um dia de TeenStreet com hamb\u00fargueres, cocktails sem \u00e1lcool, desporto, divers\u00e3o e companheirismo.<\/span><\/span><span style=\"font-size: 13pt;line-height: 21.583333px;font-family: AppleSystemUIFont, AppleSystemUIFont_EmbeddedFont, AppleSystemUIFont_MSFontService, sans-serif\" data-ccp-props=\"{}\">\u00a0<\/span><\/p><\/div><\/div><div style=\"clear: both;cursor: text;overflow: visible;position: relative;direction: ltr;, arial, verdana, sans-serif;font-size: 12px\">\u00a0<\/div>\t\t\t\t\t\t\t\t<\/div>\n\t\t\t\t<\/div>\n\t\t\t\t\t<\/div>\n\t\t<\/div>\n\t\t\t\t\t<\/div>\n\t\t<\/section>\n\t\t\t\t<section class=\"elementor-section elementor-top-section elementor-element elementor-element-ae84be4 elementor-section-boxed elementor-section-height-default elementor-section-height-default\" data-id=\"ae84be4\" data-element_type=\"section\" data-e-type=\"section\">\n\t\t\t\t\t\t<div class=\"elementor-container elementor-column-gap-default\">\n\t\t\t\t\t<div class=\"elementor-column elementor-col-100 elementor-top-column elementor-element elementor-element-06f2652\" data-id=\"06f2652\" data-element_type=\"column\" data-e-type=\"column\">\n\t\t\t<div class=\"elementor-widget-wrap elementor-element-populated\">\n\t\t\t\t\t\t<div class=\"elementor-element elementor-element-1054a12 elementor-widget elementor-widget-image\" data-id=\"1054a12\" data-element_type=\"widget\" data-e-type=\"widget\" data-widget_type=\"image.default\">\n\t\t\t\t<div class=\"elementor-widget-container\">\n\t\t\t\t\t\t\t\t\t\t\t\t\t\t\t<img decoding=\"async\" src=\"https:\/\/teenstreet.life\/eu\/wp-content\/uploads\/sites\/13\/2024\/07\/Capture-decran-2024-07-30-a-09.37.43.png\" title=\"Captura de ecr\u00e3 2024-07-30 \u00e0s 09.37.43\" alt=\"Captura de ecr\u00e3 2024-07-30 \u00e0s 09.37.43\" loading=\"lazy\" \/>\t\t\t\t\t\t\t\t\t\t\t\t\t\t\t<\/div>\n\t\t\t\t<\/div>\n\t\t\t\t\t<\/div>\n\t\t<\/div>\n\t\t\t\t\t<\/div>\n\t\t<\/section>\n\t\t\t\t<\/div>","protected":false},"excerpt":{"rendered":"<p>Previous Next \u201cBoldness is not feeling something and THEN acting \u2013 it\u2019s the opposite!\u201d Peter, the coward who denied Jesus, became bold when he began to act like Jesus, imitating him. This is how boldness is born. With the verses from Romans 8:37-39 and the promise that we are more than conquerors, the teenagers were [&hellip;]<\/p>\n","protected":false},"author":74,"featured_media":7720,"parent":0,"menu_order":0,"comment_status":"closed","ping_status":"closed","template":"","meta":{"iawp_total_views":0,"footnotes":""},"class_list":["post-7608","page","type-page","status-publish","has-post-thumbnail","hentry"],"_links":{"self":[{"href":"https:\/\/teenstreet.life\/eu\/pt\/wp-json\/wp\/v2\/pages\/7608","targetHints":{"allow":["GET"]}}],"collection":[{"href":"https:\/\/teenstreet.life\/eu\/pt\/wp-json\/wp\/v2\/pages"}],"about":[{"href":"https:\/\/teenstreet.life\/eu\/pt\/wp-json\/wp\/v2\/types\/page"}],"author":[{"embeddable":true,"href":"https:\/\/teenstreet.life\/eu\/pt\/wp-json\/wp\/v2\/users\/74"}],"replies":[{"embeddable":true,"href":"https:\/\/teenstreet.life\/eu\/pt\/wp-json\/wp\/v2\/comments?post=7608"}],"version-history":[{"count":5,"href":"https:\/\/teenstreet.life\/eu\/pt\/wp-json\/wp\/v2\/pages\/7608\/revisions"}],"predecessor-version":[{"id":7868,"href":"https:\/\/teenstreet.life\/eu\/pt\/wp-json\/wp\/v2\/pages\/7608\/revisions\/7868"}],"wp:featuredmedia":[{"embeddable":true,"href":"https:\/\/teenstreet.life\/eu\/pt\/wp-json\/wp\/v2\/media\/7720"}],"wp:attachment":[{"href":"https:\/\/teenstreet.life\/eu\/pt\/wp-json\/wp\/v2\/media?parent=7608"}],"curies":[{"name":"wp","href":"https:\/\/api.w.org\/{rel}","templated":true}]}}