{"id":60,"date":"2020-05-25T09:24:00","date_gmt":"2020-05-25T09:24:00","guid":{"rendered":"https:\/\/teenstreet.life\/eu\/?page_id=60"},"modified":"2023-11-29T12:57:44","modified_gmt":"2023-11-29T11:57:44","slug":"historia","status":"publish","type":"page","link":"https:\/\/teenstreet.life\/eu\/pt\/about\/history\/","title":{"rendered":"Hist\u00f3ria"},"content":{"rendered":"<div data-elementor-type=\"wp-page\" data-elementor-id=\"60\" class=\"elementor elementor-60\" data-elementor-post-type=\"page\">\n\t\t\t\t\t\t<section class=\"elementor-section elementor-top-section elementor-element elementor-element-672cfdb elementor-section-boxed elementor-section-height-default elementor-section-height-default wpr-particle-no wpr-jarallax-no wpr-parallax-no wpr-sticky-section-no wpr-equal-height-no\" data-id=\"672cfdb\" data-element_type=\"section\" data-e-type=\"section\">\n\t\t\t\t\t\t<div class=\"elementor-container elementor-column-gap-default\">\n\t\t\t\t\t<div class=\"elementor-column elementor-col-16 elementor-top-column elementor-element elementor-element-54fde2a\" data-id=\"54fde2a\" data-element_type=\"column\" data-e-type=\"column\">\n\t\t\t<div class=\"elementor-widget-wrap\">\n\t\t\t\t\t\t\t<\/div>\n\t\t<\/div>\n\t\t\t\t<div class=\"elementor-column elementor-col-66 elementor-top-column elementor-element elementor-element-50a2e63\" data-id=\"50a2e63\" data-element_type=\"column\" data-e-type=\"column\">\n\t\t\t<div class=\"elementor-widget-wrap elementor-element-populated\">\n\t\t\t\t\t\t<div class=\"elementor-element elementor-element-19d84d82 elementor-widget elementor-widget-text-editor\" data-id=\"19d84d82\" data-element_type=\"widget\" data-e-type=\"widget\" data-widget_type=\"text-editor.default\">\n\t\t\t\t<div class=\"elementor-widget-container\">\n\t\t\t\t\t\t\t\t\t<p>O TeenStreet come\u00e7ou em 1993 como uma vis\u00e3o para uma confer\u00eancia crist\u00e3 internacional para adolescentes. Os fundadores Dan e Suzie Potter, dos EUA, deram-lhe o nome de TeenStreet \u00abporque o objetivo era dar aos adolescentes uma rua para percorrerem... um caminho para viverem\u00bb.<\/p>\n<p>O primeiro TeenStreet foi realizado em Offenburg, na Alemanha, no ver\u00e3o de 1993, com um total de 56 pessoas. A partir da\u00ed, cresceu rapidamente e, em 2000, a participa\u00e7\u00e3o ultrapassou as 2.000 pessoas.<\/p>\n<p>Em 2004, o TeenStreet expandiu-se para o Brasil. Em 2010, come\u00e7ou na Austr\u00e1lia. E movimentos semelhantes come\u00e7aram a surgir em todo o mundo.<\/p>\n<p>Hoje, o TeenStreet opera em sete pa\u00edses, com um total de 8.000 participantes a cada ano, mas ainda n\u00e3o paramos de crescer.<\/p>\n<p>\u201cO TeenStreet \u00e9 muito mais do que um evento de uma semana\u201d, explica o ex-diretor do TeenStreet Europa Ger van Veen. \u201cMilhares de jovens saem do TeenStreet todos os anos e s\u00e3o capacitados para viver para Jesus e refleti-Lo no seu mundo.\u201d<\/p>\n<p>Em 2020, o TeenStreet lan\u00e7ou o seu primeiro evento online, como resposta \u00e0 pandemia do COVID-19. \u00c0 medida que a nossa influ\u00eancia se expande por meio de novas tecnologias e oportunidades, estamos a seguir a dire\u00e7\u00e3o de Deus para o futuro, caminhando juntos como uma comunidade global de seguidores de Jesus comprometidos em glorificar o Seu nome.<\/p>\t\t\t\t\t\t\t\t<\/div>\n\t\t\t\t<\/div>\n\t\t\t\t\t<\/div>\n\t\t<\/div>\n\t\t\t\t<div class=\"elementor-column elementor-col-16 elementor-top-column elementor-element elementor-element-0320df7\" data-id=\"0320df7\" data-element_type=\"column\" data-e-type=\"column\">\n\t\t\t<div class=\"elementor-widget-wrap\">\n\t\t\t\t\t\t\t<\/div>\n\t\t<\/div>\n\t\t\t\t\t<\/div>\n\t\t<\/section>\n\t\t\t\t<\/div>","protected":false},"excerpt":{"rendered":"<p>TeenStreet began in 1992 as a vision for an international Christian conference for teens. Founders Dan and Suzie Potter from the U.S. gave it the name TeenStreet \u201cbecause the whole purpose was to give teens a street to travel upon\u2026a way to live\u201d. The first TeenStreet was held in Offenburg, Germany, in the summer of 1993, with a total of 56 people. It grew rapidly from there, and by 2000, participation topped 2,000. In 2004, TeenStreet expanded to Brazil, then to Australia in 2010, and similar movements have been launched around the globe. Today, TeenStreet operates in seven countries, with a total of 8,000 participants each year\u2014but we\u2019re not done growing. \u201cTeenStreet is much more than a one-week event,\u201d explains former TeenStreet Europe director Ger van Veen. \u201cThousands of young people leave TeenStreet every year and are empowered to live for Jesus and reflect Him in their world.\u201d In 2020, TeenStreet launched its first ever online event, as a response to the COVID-19 pandemic. As our influence expands through new technologies and opportunities, we\u2019re following God\u2019s direction for the future, journeying together as a global community of Jesus followers who are committed to glorifying His name.<\/p>","protected":false},"author":1,"featured_media":7036,"parent":56,"menu_order":0,"comment_status":"closed","ping_status":"closed","template":"","meta":{"iawp_total_views":18,"footnotes":""},"class_list":["post-60","page","type-page","status-publish","has-post-thumbnail","hentry"],"_links":{"self":[{"href":"https:\/\/teenstreet.life\/eu\/pt\/wp-json\/wp\/v2\/pages\/60","targetHints":{"allow":["GET"]}}],"collection":[{"href":"https:\/\/teenstreet.life\/eu\/pt\/wp-json\/wp\/v2\/pages"}],"about":[{"href":"https:\/\/teenstreet.life\/eu\/pt\/wp-json\/wp\/v2\/types\/page"}],"author":[{"embeddable":true,"href":"https:\/\/teenstreet.life\/eu\/pt\/wp-json\/wp\/v2\/users\/1"}],"replies":[{"embeddable":true,"href":"https:\/\/teenstreet.life\/eu\/pt\/wp-json\/wp\/v2\/comments?post=60"}],"version-history":[{"count":1,"href":"https:\/\/teenstreet.life\/eu\/pt\/wp-json\/wp\/v2\/pages\/60\/revisions"}],"predecessor-version":[{"id":7039,"href":"https:\/\/teenstreet.life\/eu\/pt\/wp-json\/wp\/v2\/pages\/60\/revisions\/7039"}],"up":[{"embeddable":true,"href":"https:\/\/teenstreet.life\/eu\/pt\/wp-json\/wp\/v2\/pages\/56"}],"wp:featuredmedia":[{"embeddable":true,"href":"https:\/\/teenstreet.life\/eu\/pt\/wp-json\/wp\/v2\/media\/7036"}],"wp:attachment":[{"href":"https:\/\/teenstreet.life\/eu\/pt\/wp-json\/wp\/v2\/media?parent=60"}],"curies":[{"name":"wp","href":"https:\/\/api.w.org\/{rel}","templated":true}]}}