{"id":4013,"date":"2021-04-19T16:30:12","date_gmt":"2021-04-19T14:30:12","guid":{"rendered":"https:\/\/teenstreet.life\/eu\/?page_id=4013"},"modified":"2025-02-14T10:29:04","modified_gmt":"2025-02-14T09:29:04","slug":"faca-parte","status":"publish","type":"page","link":"https:\/\/teenstreet.life\/eu\/pt\/teenstreet\/be-a-part\/","title":{"rendered":"Faz parte disto!"},"content":{"rendered":"<div data-elementor-type=\"wp-page\" data-elementor-id=\"4013\" class=\"elementor elementor-4013\" data-elementor-post-type=\"page\">\n\t\t\t\t\t\t<section class=\"elementor-section elementor-top-section elementor-element elementor-element-4079d3f elementor-section-content-middle elementor-section-boxed elementor-section-height-default elementor-section-height-default\" data-id=\"4079d3f\" data-element_type=\"section\" data-e-type=\"section\">\n\t\t\t\t\t\t<div class=\"elementor-container elementor-column-gap-wider\">\n\t\t\t\t\t<div class=\"elementor-column elementor-col-50 elementor-top-column elementor-element elementor-element-0f5309c\" data-id=\"0f5309c\" data-element_type=\"column\" data-e-type=\"column\">\n\t\t\t<div class=\"elementor-widget-wrap elementor-element-populated\">\n\t\t\t\t\t\t<div class=\"elementor-element elementor-element-6adfb40 elementor-widget elementor-widget-heading\" data-id=\"6adfb40\" data-element_type=\"widget\" data-e-type=\"widget\" data-widget_type=\"heading.default\">\n\t\t\t\t<div class=\"elementor-widget-container\">\n\t\t\t\t\t<h2 class=\"elementor-heading-title elementor-size-default\">Adolescente<\/h2>\t\t\t\t<\/div>\n\t\t\t\t<\/div>\n\t\t\t\t<div class=\"elementor-element elementor-element-7ae250d elementor-widget elementor-widget-text-editor\" data-id=\"7ae250d\" data-element_type=\"widget\" data-e-type=\"widget\" data-widget_type=\"text-editor.default\">\n\t\t\t\t<div class=\"elementor-widget-container\">\n\t\t\t\t\t\t\t\t\t<p><b>Idades: Adolescentes nascidos entre 2007 e 2012<\/b><\/p>\t\t\t\t\t\t\t\t<\/div>\n\t\t\t\t<\/div>\n\t\t\t\t<div class=\"elementor-element elementor-element-2850c2d elementor-widget elementor-widget-text-editor\" data-id=\"2850c2d\" data-element_type=\"widget\" data-e-type=\"widget\" data-widget_type=\"text-editor.default\">\n\t\t\t\t<div class=\"elementor-widget-container\">\n\t\t\t\t\t\t\t\t\t<p>Fazer parte do TeenStreet significa estar em comunh\u00e3o com muitos outros adolescentes que est\u00e3o na mesma jornada que tu. No TeenStreet ter\u00e1s a oportunidade de fazer quaisquer perguntas que possas ter, passar tempo na presen\u00e7a de Deus, louvar a Deus com outros adolescentes de toda a Europa, aprender com a B\u00edblia e muito mais. O TeenStreet \u00e9 exatamente o que parece; \u00e9 um lugar onde podes fortalecer a tua rela\u00e7\u00e3o com Deus e que te quer ajudar a descobrir a dire\u00e7\u00e3o que Ele tem para a tua vida!<\/p>\t\t\t\t\t\t\t\t<\/div>\n\t\t\t\t<\/div>\n\t\t\t\t<div class=\"elementor-element elementor-element-3548968 elementor-widget elementor-widget-image\" data-id=\"3548968\" data-element_type=\"widget\" data-e-type=\"widget\" data-widget_type=\"image.default\">\n\t\t\t\t<div class=\"elementor-widget-container\">\n\t\t\t\t\t\t\t\t\t\t\t\t\t\t\t<img decoding=\"async\" width=\"127\" height=\"127\" src=\"https:\/\/teenstreet.life\/eu\/wp-content\/uploads\/sites\/13\/2020\/07\/smile.svg\" class=\"attachment-medium size-medium wp-image-1618\" alt=\"\" \/>\t\t\t\t\t\t\t\t\t\t\t\t\t\t\t<\/div>\n\t\t\t\t<\/div>\n\t\t\t\t\t<\/div>\n\t\t<\/div>\n\t\t\t\t<div class=\"elementor-column elementor-col-50 elementor-top-column elementor-element elementor-element-17212f0\" data-id=\"17212f0\" data-element_type=\"column\" data-e-type=\"column\">\n\t\t\t<div class=\"elementor-widget-wrap elementor-element-populated\">\n\t\t\t\t\t\t<div class=\"elementor-element elementor-element-7092561 elementor-widget elementor-widget-ts-card\" data-id=\"7092561\" data-element_type=\"widget\" data-e-type=\"widget\" data-widget_type=\"ts-card.default\">\n\t\t\t\t<div class=\"elementor-widget-container\">\n\t\t\t\t\t            <div class=\"ts-card ts-image-background\" style=\"background-image: url(https:\/\/teenstreet.life\/eu\/wp-content\/uploads\/sites\/13\/2020\/05\/ts-awesome-image-480x480.jpg);\">\r\n\r\n                \r\n                \t\t\t\t\r\n\r\n                \r\n                \r\n            <\/div>\r\n\r\n        \t\t\t\t<\/div>\n\t\t\t\t<\/div>\n\t\t\t\t\t<\/div>\n\t\t<\/div>\n\t\t\t\t\t<\/div>\n\t\t<\/section>\n\t\t\t\t<section class=\"elementor-section elementor-top-section elementor-element elementor-element-23231d4 elementor-section-content-middle elementor-section-boxed elementor-section-height-default elementor-section-height-default\" data-id=\"23231d4\" data-element_type=\"section\" data-e-type=\"section\" data-settings=\"{&quot;background_background&quot;:&quot;classic&quot;}\">\n\t\t\t\t\t\t<div class=\"elementor-container elementor-column-gap-wider\">\n\t\t\t\t\t<div class=\"elementor-column elementor-col-50 elementor-top-column elementor-element elementor-element-b9dd4eb\" data-id=\"b9dd4eb\" data-element_type=\"column\" data-e-type=\"column\">\n\t\t\t<div class=\"elementor-widget-wrap elementor-element-populated\">\n\t\t\t\t\t\t<div class=\"elementor-element elementor-element-f02abf9 elementor-widget elementor-widget-ts-card\" data-id=\"f02abf9\" data-element_type=\"widget\" data-e-type=\"widget\" data-widget_type=\"ts-card.default\">\n\t\t\t\t<div class=\"elementor-widget-container\">\n\t\t\t\t\t            <div class=\"ts-card ts-image-background\" style=\"background-image: url(https:\/\/teenstreet.life\/eu\/wp-content\/uploads\/sites\/13\/2021\/04\/48421154806_bab4b3f931_o-480x480.jpg);\">\r\n\r\n                \r\n                \t\t\t\t\r\n\r\n                \r\n                 \r\n                    <a class=\"ts-card-full-link\" href=\"#\"><\/a>\r\n                \r\n            <\/div>\r\n\r\n        \t\t\t\t<\/div>\n\t\t\t\t<\/div>\n\t\t\t\t\t<\/div>\n\t\t<\/div>\n\t\t\t\t<div class=\"elementor-column elementor-col-50 elementor-top-column elementor-element elementor-element-68e4444\" data-id=\"68e4444\" data-element_type=\"column\" data-e-type=\"column\">\n\t\t\t<div class=\"elementor-widget-wrap elementor-element-populated\">\n\t\t\t\t\t\t<div class=\"elementor-element elementor-element-dafab5e elementor-widget elementor-widget-heading\" data-id=\"dafab5e\" data-element_type=\"widget\" data-e-type=\"widget\" data-widget_type=\"heading.default\">\n\t\t\t\t<div class=\"elementor-widget-container\">\n\t\t\t\t\t<h2 class=\"elementor-heading-title elementor-size-default\">L\u00edder de pequenos grupos<\/h2>\t\t\t\t<\/div>\n\t\t\t\t<\/div>\n\t\t\t\t<div class=\"elementor-element elementor-element-5ddaf0e elementor-widget elementor-widget-text-editor\" data-id=\"5ddaf0e\" data-element_type=\"widget\" data-e-type=\"widget\" data-widget_type=\"text-editor.default\">\n\t\t\t\t<div class=\"elementor-widget-container\">\n\t\t\t\t\t\t\t\t\t<p style=\"text-align: left\"><b>Idades: <\/b><b>20+ (Os co-LPGs podem ter 18 ou 19 anos de idade)<\/b><b>se estiverem com um LPG com 20 anos ou mais)<\/b><\/p>\t\t\t\t\t\t\t\t<\/div>\n\t\t\t\t<\/div>\n\t\t\t\t<div class=\"elementor-element elementor-element-6ce2cb5 elementor-widget elementor-widget-text-editor\" data-id=\"6ce2cb5\" data-element_type=\"widget\" data-e-type=\"widget\" data-widget_type=\"text-editor.default\">\n\t\t\t\t<div class=\"elementor-widget-container\">\n\t\t\t\t\t\t\t\t\t<p class=\"p1\">Se o trabalho com adolescentes est\u00e1 no teu cora\u00e7\u00e3o e tens pelo menos 20 anos de idade, ent\u00e3o liderar um pequeno grupo no TeenStreet \u00e9 o trabalho para ti. Como l\u00edder de um pequeno grupo (LPG), ajudar\u00e1s a criar um espa\u00e7o seguro para que um grupo de cinco a sete adolescentes do teu pa\u00eds v\u00e1 a fundo na B\u00edblia. Acompanhar\u00e1s o pequeno grupo durante toda a semana do evento e ter\u00e1s a oportunidade de investir na vida dos adolescentes atrav\u00e9s de estudos b\u00edblicos, atividades de grupo, ora\u00e7\u00e3o, desporto e muito mais. Podes vir com os adolescentes do teu grupo de jovens ou da tua igreja, mas tamb\u00e9m podes aceitar um novo grupo de adolescentes.<\/p><p>No TeenStreet, ser\u00e1s respons\u00e1vel por um pequeno grupo. Este pequeno grupo ser\u00e1 composto por um m\u00e1ximo de seis adolescentes do mesmo sexo. Os l\u00edderes dos pequenos grupos s\u00e3o respons\u00e1veis por liderar estes pequenos grupos e, geralmente, devem ter tempo para \"estar l\u00e1\" para os seus adolescentes. Se tens 20 anos ou mais e gostarias de ser um LPG, basta inscreveres-te diretamente.<\/p>\t\t\t\t\t\t\t\t<\/div>\n\t\t\t\t<\/div>\n\t\t\t\t\t<\/div>\n\t\t<\/div>\n\t\t\t\t\t<\/div>\n\t\t<\/section>\n\t\t\t\t<section class=\"elementor-section elementor-top-section elementor-element elementor-element-d7d9d6b elementor-section-content-middle elementor-section-boxed elementor-section-height-default elementor-section-height-default\" data-id=\"d7d9d6b\" data-element_type=\"section\" data-e-type=\"section\" id=\"service-team\">\n\t\t\t\t\t\t<div class=\"elementor-container elementor-column-gap-wider\">\n\t\t\t\t\t<div class=\"elementor-column elementor-col-50 elementor-top-column elementor-element elementor-element-f6b28e9\" data-id=\"f6b28e9\" data-element_type=\"column\" data-e-type=\"column\">\n\t\t\t<div class=\"elementor-widget-wrap elementor-element-populated\">\n\t\t\t\t\t\t<div class=\"elementor-element elementor-element-f1990db elementor-widget elementor-widget-heading\" data-id=\"f1990db\" data-element_type=\"widget\" data-e-type=\"widget\" data-widget_type=\"heading.default\">\n\t\t\t\t<div class=\"elementor-widget-container\">\n\t\t\t\t\t<h2 class=\"elementor-heading-title elementor-size-default\"><a href=\"#service-team\">Service Team<\/a><\/h2>\t\t\t\t<\/div>\n\t\t\t\t<\/div>\n\t\t\t\t<div class=\"elementor-element elementor-element-92c670a elementor-widget elementor-widget-text-editor\" data-id=\"92c670a\" data-element_type=\"widget\" data-e-type=\"widget\" data-widget_type=\"text-editor.default\">\n\t\t\t\t<div class=\"elementor-widget-container\">\n\t\t\t\t\t\t\t\t\t<p><b>Idade: 18+ (nascidos em 2007 ou antes)<\/b><\/p>\t\t\t\t\t\t\t\t<\/div>\n\t\t\t\t<\/div>\n\t\t\t\t<div class=\"elementor-element elementor-element-764c794 elementor-widget__width-initial elementor-widget elementor-widget-text-editor\" data-id=\"764c794\" data-element_type=\"widget\" data-e-type=\"widget\" data-widget_type=\"text-editor.default\">\n\t\t\t\t<div class=\"elementor-widget-container\">\n\t\t\t\t\t\t\t\t\t<p>Este ano estamos novamente \u00e0 procura de pessoas para participar em v\u00e1rias tarefas na Service Team (Equipa de Servi\u00e7o).\u00a0<\/p><p>-Lojas (quiosque, banca da fruta, gelataria, funfood, loja do TS, livraria, por exemplo)<\/p><p>-CleanStreet (arruma\u00e7\u00e3o e limpeza)<\/p><p>-Bebidas (Cafetaria, Mocktailbar, Sala dos Volunt\u00e1rios)<\/p><p>-Refeit\u00f3rio (lavar a loi\u00e7a, servir a comida, cozinhar, por exemplo)<\/p><p>-KidsStreet (Creche, ter um programa e brincar com as crian\u00e7as)<\/p><p>-Seguran\u00e7a (ao redor do espa\u00e7o, Mainhall, por exemplo)<\/p><p>-Escrit\u00f3rio (Info-desk, registo de h\u00f3spedes do dia, Escrit\u00f3rio do TS, Banco do TS, por exemplo))<\/p><p>-Desportos e atividades (Futebol, basquetebol, competi\u00e7\u00f5es, por exemplo)<\/p><p>-Suporte T\u00e9cnico (TI, Eletricidade, por exemplo)<\/p><p><b>Para mais informa\u00e7\u00f5es, contacta o escrit\u00f3rio do TS do teu pa\u00eds ou\u00a0<\/b><\/p>\t\t\t\t\t\t\t\t<\/div>\n\t\t\t\t<\/div>\n\t\t\t\t<div class=\"elementor-element elementor-element-7c90d5f elementor-widget elementor-widget-button\" data-id=\"7c90d5f\" data-element_type=\"widget\" data-e-type=\"widget\" data-widget_type=\"button.default\">\n\t\t\t\t<div class=\"elementor-widget-container\">\n\t\t\t\t\t\t\t\t\t<div class=\"elementor-button-wrapper\">\n\t\t\t\t\t<a class=\"elementor-button elementor-button-link elementor-size-sm\" href=\"https:\/\/registration.teenstreet.de\/ts-2025\/\" target=\"_blank\" rel=\"noopener\">\n\t\t\t\t\t\t<span class=\"elementor-button-content-wrapper\">\n\t\t\t\t\t\t\t\t\t<span class=\"elementor-button-text\"> Inscreve-te Aqui<\/span>\n\t\t\t\t\t<\/span>\n\t\t\t\t\t<\/a>\n\t\t\t\t<\/div>\n\t\t\t\t\t\t\t\t<\/div>\n\t\t\t\t<\/div>\n\t\t\t\t<div class=\"elementor-element elementor-element-2a7ced1 elementor-widget elementor-widget-image\" data-id=\"2a7ced1\" data-element_type=\"widget\" data-e-type=\"widget\" data-widget_type=\"image.default\">\n\t\t\t\t<div class=\"elementor-widget-container\">\n\t\t\t\t\t\t\t\t\t\t\t\t\t\t\t<img decoding=\"async\" width=\"127\" height=\"127\" src=\"https:\/\/teenstreet.life\/eu\/wp-content\/uploads\/sites\/13\/2020\/07\/support.svg\" class=\"attachment-thumbnail size-thumbnail wp-image-2727\" alt=\"\" \/>\t\t\t\t\t\t\t\t\t\t\t\t\t\t\t<\/div>\n\t\t\t\t<\/div>\n\t\t\t\t\t<\/div>\n\t\t<\/div>\n\t\t\t\t<div class=\"elementor-column elementor-col-50 elementor-top-column elementor-element elementor-element-2c252a3\" data-id=\"2c252a3\" data-element_type=\"column\" data-e-type=\"column\">\n\t\t\t<div class=\"elementor-widget-wrap elementor-element-populated\">\n\t\t\t\t\t\t<div class=\"elementor-element elementor-element-d2310c6 elementor-widget elementor-widget-ts-card\" data-id=\"d2310c6\" data-element_type=\"widget\" data-e-type=\"widget\" data-widget_type=\"ts-card.default\">\n\t\t\t\t<div class=\"elementor-widget-container\">\n\t\t\t\t\t            <div class=\"ts-card ts-image-background\" style=\"background-image: url(https:\/\/teenstreet.life\/eu\/wp-content\/uploads\/sites\/13\/2021\/04\/48584667401_847b2f04a0_c-480x480.jpg);\">\r\n\r\n                \r\n                \t\t\t\t\r\n\r\n                \r\n                 \r\n                    <a class=\"ts-card-full-link\" href=\"#\"><\/a>\r\n                \r\n            <\/div>\r\n\r\n        \t\t\t\t<\/div>\n\t\t\t\t<\/div>\n\t\t\t\t\t<\/div>\n\t\t<\/div>\n\t\t\t\t\t<\/div>\n\t\t<\/section>\n\t\t\t\t<\/div>","protected":false},"excerpt":{"rendered":"<p>Teenager Ages: Teenagers born between 2007 &#8211; 2012 Being a part of TeenStreet means fellowship with many other teens who are on the same journey as you. At TeenStreet you will have the opportunity to ask any questions you may have, spend time in the presence of God, worship God with other teens across Europe, [&hellip;]<\/p>\n","protected":false},"author":18,"featured_media":7043,"parent":3641,"menu_order":0,"comment_status":"closed","ping_status":"closed","template":"","meta":{"iawp_total_views":71,"footnotes":""},"class_list":["post-4013","page","type-page","status-publish","has-post-thumbnail","hentry"],"_links":{"self":[{"href":"https:\/\/teenstreet.life\/eu\/pt\/wp-json\/wp\/v2\/pages\/4013","targetHints":{"allow":["GET"]}}],"collection":[{"href":"https:\/\/teenstreet.life\/eu\/pt\/wp-json\/wp\/v2\/pages"}],"about":[{"href":"https:\/\/teenstreet.life\/eu\/pt\/wp-json\/wp\/v2\/types\/page"}],"author":[{"embeddable":true,"href":"https:\/\/teenstreet.life\/eu\/pt\/wp-json\/wp\/v2\/users\/18"}],"replies":[{"embeddable":true,"href":"https:\/\/teenstreet.life\/eu\/pt\/wp-json\/wp\/v2\/comments?post=4013"}],"version-history":[{"count":5,"href":"https:\/\/teenstreet.life\/eu\/pt\/wp-json\/wp\/v2\/pages\/4013\/revisions"}],"predecessor-version":[{"id":8193,"href":"https:\/\/teenstreet.life\/eu\/pt\/wp-json\/wp\/v2\/pages\/4013\/revisions\/8193"}],"up":[{"embeddable":true,"href":"https:\/\/teenstreet.life\/eu\/pt\/wp-json\/wp\/v2\/pages\/3641"}],"wp:featuredmedia":[{"embeddable":true,"href":"https:\/\/teenstreet.life\/eu\/pt\/wp-json\/wp\/v2\/media\/7043"}],"wp:attachment":[{"href":"https:\/\/teenstreet.life\/eu\/pt\/wp-json\/wp\/v2\/media?parent=4013"}],"curies":[{"name":"wp","href":"https:\/\/api.w.org\/{rel}","templated":true}]}}