{"id":109,"date":"2020-05-25T10:12:38","date_gmt":"2020-05-25T10:12:38","guid":{"rendered":"https:\/\/teenstreet.life\/eu\/?page_id=109"},"modified":"2026-02-04T09:41:05","modified_gmt":"2026-02-04T08:41:05","slug":"contato","status":"publish","type":"page","link":"https:\/\/teenstreet.life\/eu\/pt\/contact-country-info\/","title":{"rendered":"Pa\u00edses e Informa\u00e7\u00f5es de Contacto"},"content":{"rendered":"<div data-elementor-type=\"wp-page\" data-elementor-id=\"109\" class=\"elementor elementor-109\" data-elementor-post-type=\"page\">\n\t\t\t\t\t\t<section class=\"elementor-section elementor-top-section elementor-element elementor-element-e33f2b1 elementor-section-boxed elementor-section-height-default elementor-section-height-default wpr-particle-no wpr-jarallax-no wpr-parallax-no wpr-sticky-section-no\" data-id=\"e33f2b1\" data-element_type=\"section\" data-e-type=\"section\">\n\t\t\t\t\t\t<div class=\"elementor-container elementor-column-gap-no\">\n\t\t\t\t\t<div class=\"elementor-column elementor-col-100 elementor-top-column elementor-element elementor-element-3ee76ea\" data-id=\"3ee76ea\" data-element_type=\"column\" data-e-type=\"column\">\n\t\t\t<div class=\"elementor-widget-wrap elementor-element-populated\">\n\t\t\t\t\t\t<div class=\"elementor-element elementor-element-88a288e elementor-widget elementor-widget-heading\" data-id=\"88a288e\" data-element_type=\"widget\" data-e-type=\"widget\" data-widget_type=\"heading.default\">\n\t\t\t\t<div class=\"elementor-widget-container\">\n\t\t\t\t\t<h2 class=\"elementor-heading-title elementor-size-default\">Detalhes e informa\u00e7\u00f5es de contacto por pa\u00eds<\/h2>\t\t\t\t<\/div>\n\t\t\t\t<\/div>\n\t\t\t\t<section class=\"elementor-section elementor-inner-section elementor-element elementor-element-fe1494f elementor-section-full_width elementor-section-height-default elementor-section-height-default wpr-particle-no wpr-jarallax-no wpr-parallax-no wpr-sticky-section-no\" data-id=\"fe1494f\" data-element_type=\"section\" data-e-type=\"section\">\n\t\t\t\t\t\t<div class=\"elementor-container elementor-column-gap-wider\">\n\t\t\t\t\t<div class=\"elementor-column elementor-col-33 elementor-inner-column elementor-element elementor-element-47c08dc\" data-id=\"47c08dc\" data-element_type=\"column\" data-e-type=\"column\">\n\t\t\t<div class=\"elementor-widget-wrap elementor-element-populated\">\n\t\t\t\t\t\t<div class=\"elementor-element elementor-element-014cc1a elementor-widget elementor-widget-text-editor\" data-id=\"014cc1a\" data-element_type=\"widget\" data-e-type=\"widget\" data-widget_type=\"text-editor.default\">\n\t\t\t\t<div class=\"elementor-widget-container\">\n\t\t\t\t\t\t\t\t\t<h3>B\u00e9lgica<\/h3><p><a href=\"mailto:teenstreet.be@om.org\">teenstreet.be@om.org<\/a><\/p><p>OM B\u00e9lgica<br \/>Fabrieksstraat 63<br \/>1930 Zaventem<\/p><p><a href=\"http:\/\/www.om.org\/be\/teenstreet-belgium\" target=\"_blank\" rel=\"noopener\">www.om.org\/be\/teenstreet-belgium<\/a><\/p>\t\t\t\t\t\t\t\t<\/div>\n\t\t\t\t<\/div>\n\t\t\t\t\t<\/div>\n\t\t<\/div>\n\t\t\t\t<div class=\"elementor-column elementor-col-33 elementor-inner-column elementor-element elementor-element-a42af55\" data-id=\"a42af55\" data-element_type=\"column\" data-e-type=\"column\">\n\t\t\t<div class=\"elementor-widget-wrap elementor-element-populated\">\n\t\t\t\t\t\t<div class=\"elementor-element elementor-element-2dd018a elementor-widget elementor-widget-text-editor\" data-id=\"2dd018a\" data-element_type=\"widget\" data-e-type=\"widget\" data-widget_type=\"text-editor.default\">\n\t\t\t\t<div class=\"elementor-widget-container\">\n\t\t\t\t\t\t\t\t\t<h3>Dinamarca<\/h3><div><a href=\"mailto:teenstreet.dk@om.org\">teenstreet.dk@om.org<\/a><\/div><div>\u00a0<\/div><p>Endere\u00e7o do escrit\u00f3rio da OM:<br \/><span data-teams=\"true\">Drejervej 17<br \/>2400 K\u00f8benhavn NV<br \/><a target=\"_blank\" rel=\"noreferrer noopener\">+45 42453500<\/a><\/span><\/p>\t\t\t\t\t\t\t\t<\/div>\n\t\t\t\t<\/div>\n\t\t\t\t\t<\/div>\n\t\t<\/div>\n\t\t\t\t<div class=\"elementor-column elementor-col-33 elementor-inner-column elementor-element elementor-element-ceb4475\" data-id=\"ceb4475\" data-element_type=\"column\" data-e-type=\"column\">\n\t\t\t<div class=\"elementor-widget-wrap elementor-element-populated\">\n\t\t\t\t\t\t<div class=\"elementor-element elementor-element-f7eab2c elementor-widget elementor-widget-text-editor\" data-id=\"f7eab2c\" data-element_type=\"widget\" data-e-type=\"widget\" data-widget_type=\"text-editor.default\">\n\t\t\t\t<div class=\"elementor-widget-container\">\n\t\t\t\t\t\t\t\t\t<h3>Alemanha<\/h3><p><a href=\"mailto:buero@teenstreet.de\">teenstreet.de@om.org<\/a><\/p><p>Escrit\u00f3rio do TeenStreet:<br \/>OM Deutschland<br \/>Alte Neckarelzer Str. 2<br \/>74821 Mosbach<br \/>06261\/947-0<\/p>\t\t\t\t\t\t\t\t<\/div>\n\t\t\t\t<\/div>\n\t\t\t\t\t<\/div>\n\t\t<\/div>\n\t\t\t\t\t<\/div>\n\t\t<\/section>\n\t\t\t\t<section class=\"elementor-section elementor-inner-section elementor-element elementor-element-bfead67 elementor-section-full_width elementor-section-height-default elementor-section-height-default wpr-particle-no wpr-jarallax-no wpr-parallax-no wpr-sticky-section-no\" data-id=\"bfead67\" data-element_type=\"section\" data-e-type=\"section\">\n\t\t\t\t\t\t<div class=\"elementor-container elementor-column-gap-wider\">\n\t\t\t\t\t<div class=\"elementor-column elementor-col-33 elementor-inner-column elementor-element elementor-element-de05567\" data-id=\"de05567\" data-element_type=\"column\" data-e-type=\"column\">\n\t\t\t<div class=\"elementor-widget-wrap elementor-element-populated\">\n\t\t\t\t\t\t<div class=\"elementor-element elementor-element-644eaa3 elementor-widget elementor-widget-text-editor\" data-id=\"644eaa3\" data-element_type=\"widget\" data-e-type=\"widget\" data-widget_type=\"text-editor.default\">\n\t\t\t\t<div class=\"elementor-widget-container\">\n\t\t\t\t\t\t\t\t\t<h3>Irlanda<\/h3><p><a href=\"mailto:teenstreet.ie@om.org\">teenstreet.ie@om.org<\/a><\/p><p>Escrit\u00f3rio da OM:<br \/>Lacken House, Rahara<br \/>Co. Roscommon, Irlanda<\/p><p>+353 (90) 6623964 ext. 162 -ou- 150<\/p>\t\t\t\t\t\t\t\t<\/div>\n\t\t\t\t<\/div>\n\t\t\t\t\t<\/div>\n\t\t<\/div>\n\t\t\t\t<div class=\"elementor-column elementor-col-33 elementor-inner-column elementor-element elementor-element-c0f5614\" data-id=\"c0f5614\" data-element_type=\"column\" data-e-type=\"column\">\n\t\t\t<div class=\"elementor-widget-wrap elementor-element-populated\">\n\t\t\t\t\t\t<div class=\"elementor-element elementor-element-c5a9b40 elementor-widget elementor-widget-text-editor\" data-id=\"c5a9b40\" data-element_type=\"widget\" data-e-type=\"widget\" data-widget_type=\"text-editor.default\">\n\t\t\t\t<div class=\"elementor-widget-container\">\n\t\t\t\t\t\t\t\t\t<h3>Espanha<\/h3><p><a href=\"mailto:teenstreet.es@om.org\">teenstreet.es@om.org<\/a><\/p>\t\t\t\t\t\t\t\t<\/div>\n\t\t\t\t<\/div>\n\t\t\t\t\t<\/div>\n\t\t<\/div>\n\t\t\t\t<div class=\"elementor-column elementor-col-33 elementor-inner-column elementor-element elementor-element-cde9d4b\" data-id=\"cde9d4b\" data-element_type=\"column\" data-e-type=\"column\">\n\t\t\t<div class=\"elementor-widget-wrap elementor-element-populated\">\n\t\t\t\t\t\t<div class=\"elementor-element elementor-element-1d4e124 elementor-widget elementor-widget-text-editor\" data-id=\"1d4e124\" data-element_type=\"widget\" data-e-type=\"widget\" data-widget_type=\"text-editor.default\">\n\t\t\t\t<div class=\"elementor-widget-container\">\n\t\t\t\t\t\t\t\t\t<h3>Fran\u00e7a<\/h3><p><a href=\"mailto:teenstreet.fr@om.org\">teenstreet.fr@om.org<\/a><\/p><p>Todas as informa\u00e7\u00f5es para os franceses (transporte organizado, informa\u00e7\u00f5es pr\u00e1ticas, coloca\u00e7\u00e3o no local, FAQ...) encontram-se nas nossas p\u00e1ginas dedicadas a este link:\u00a0<br \/><a href=\"https:\/\/www.om.org\/fr\/teenstreet_france\" target=\"_blank\" rel=\"noopener\">www.om.org\/fr\/teenstreet_france<\/a><\/p><p>\u00a0<\/p>\t\t\t\t\t\t\t\t<\/div>\n\t\t\t\t<\/div>\n\t\t\t\t\t<\/div>\n\t\t<\/div>\n\t\t\t\t\t<\/div>\n\t\t<\/section>\n\t\t\t\t<section class=\"elementor-section elementor-inner-section elementor-element elementor-element-80b7ffc elementor-section-full_width elementor-section-height-default elementor-section-height-default wpr-particle-no wpr-jarallax-no wpr-parallax-no wpr-sticky-section-no\" data-id=\"80b7ffc\" data-element_type=\"section\" data-e-type=\"section\">\n\t\t\t\t\t\t<div class=\"elementor-container elementor-column-gap-wider\">\n\t\t\t\t\t<div class=\"elementor-column elementor-col-33 elementor-inner-column elementor-element elementor-element-dba03ea\" data-id=\"dba03ea\" data-element_type=\"column\" data-e-type=\"column\">\n\t\t\t<div class=\"elementor-widget-wrap elementor-element-populated\">\n\t\t\t\t\t\t<div class=\"elementor-element elementor-element-ada641c elementor-widget elementor-widget-text-editor\" data-id=\"ada641c\" data-element_type=\"widget\" data-e-type=\"widget\" data-widget_type=\"text-editor.default\">\n\t\t\t\t<div class=\"elementor-widget-container\">\n\t\t\t\t\t\t\t\t\t<h3>Luxemburgo<\/h3><p><span data-teams=\"true\"><a href=\"mailto:eunice.sampaio@om.org\">eunice.sampaio@om.org<\/a><br \/><br \/><\/span><span data-teams=\"true\">+352 621282211<\/span><\/p>\t\t\t\t\t\t\t\t<\/div>\n\t\t\t\t<\/div>\n\t\t\t\t\t<\/div>\n\t\t<\/div>\n\t\t\t\t<div class=\"elementor-column elementor-col-33 elementor-inner-column elementor-element elementor-element-f4cae95\" data-id=\"f4cae95\" data-element_type=\"column\" data-e-type=\"column\">\n\t\t\t<div class=\"elementor-widget-wrap elementor-element-populated\">\n\t\t\t\t\t\t<div class=\"elementor-element elementor-element-67f1be6 elementor-widget elementor-widget-text-editor\" data-id=\"67f1be6\" data-element_type=\"widget\" data-e-type=\"widget\" data-widget_type=\"text-editor.default\">\n\t\t\t\t<div class=\"elementor-widget-container\">\n\t\t\t\t\t\t\t\t\t<h3>Malta<\/h3><p><a id=\"menurlc4\" class=\"fui-Link ___1q1shib f2hkw1w f3rmtva f1ewtqcl fyind8e f1k6fduh f1w7gpdv fk6fouc fjoy568 figsok6 f1s184ao f1mk8lai fnbmjn9 f1o700av f13mvf36 f1cmlufx f9n3di6 f1ids18y f1tx3yz7 f1deo86v f1eh06m1 f1iescvh fhgqx19 f1olyrje f1p93eir f1nev41a f1h8hb77 f1lqvz6u f10aw75t fsle3fq f17ae5zn\" title=\"mailto:cornel.christen@om.org\" href=\"mailto:cornel.christen@om.org\" target=\"_blank\" rel=\"noreferrer noopener\" aria-label=\"Liga\u00e7\u00e3o cornel.christen@om.org\">cornel.christen@om.org<\/a><\/p><p>+365 7965 0227<\/p>\t\t\t\t\t\t\t\t<\/div>\n\t\t\t\t<\/div>\n\t\t\t\t\t<\/div>\n\t\t<\/div>\n\t\t\t\t<div class=\"elementor-column elementor-col-33 elementor-inner-column elementor-element elementor-element-0222da4\" data-id=\"0222da4\" data-element_type=\"column\" data-e-type=\"column\">\n\t\t\t<div class=\"elementor-widget-wrap elementor-element-populated\">\n\t\t\t\t\t\t<div class=\"elementor-element elementor-element-603d36d elementor-widget elementor-widget-text-editor\" data-id=\"603d36d\" data-element_type=\"widget\" data-e-type=\"widget\" data-widget_type=\"text-editor.default\">\n\t\t\t\t<div class=\"elementor-widget-container\">\n\t\t\t\t\t\t\t\t\t<h3>Holanda\u00a0<\/h3><div data-ogsc=\"black\" data-ogsb=\"rgb(255, 255, 255)\"><a href=\"mailto:teenstreet.nl@om.org\">teenstreet.nl@om.org<\/a><\/div>\t\t\t\t\t\t\t\t<\/div>\n\t\t\t\t<\/div>\n\t\t\t\t\t<\/div>\n\t\t<\/div>\n\t\t\t\t\t<\/div>\n\t\t<\/section>\n\t\t\t\t<section class=\"elementor-section elementor-inner-section elementor-element elementor-element-5ec58a0 elementor-section-full_width elementor-section-height-default elementor-section-height-default wpr-particle-no wpr-jarallax-no wpr-parallax-no wpr-sticky-section-no\" data-id=\"5ec58a0\" data-element_type=\"section\" data-e-type=\"section\">\n\t\t\t\t\t\t<div class=\"elementor-container elementor-column-gap-wider\">\n\t\t\t\t\t<div class=\"elementor-column elementor-col-33 elementor-inner-column elementor-element elementor-element-805694d\" data-id=\"805694d\" data-element_type=\"column\" data-e-type=\"column\">\n\t\t\t<div class=\"elementor-widget-wrap elementor-element-populated\">\n\t\t\t\t\t\t<div class=\"elementor-element elementor-element-ef05546 elementor-widget elementor-widget-text-editor\" data-id=\"ef05546\" data-element_type=\"widget\" data-e-type=\"widget\" data-widget_type=\"text-editor.default\">\n\t\t\t\t<div class=\"elementor-widget-container\">\n\t\t\t\t\t\t\t\t\t<h3>Noruega\u00a0<\/h3><div data-ogsc=\"black\" data-ogsb=\"rgb(255, 255, 255)\"><a class=\"ms-outlook-linkify\" href=\"mailto:teenstreet.no@om.org\" data-ogsc=\"\">teenstreet.no@om.org<\/a><\/div><div data-ogsc=\"black\" data-ogsb=\"rgb(255, 255, 255)\">\u00a0<\/div><div data-ogsc=\"black\" data-ogsb=\"rgb(255, 255, 255)\">OM Norge<\/div><div data-ogsc=\"black\" data-ogsb=\"rgb(255, 255, 255)\">Tinnheiveien 18<\/div><div data-ogsc=\"black\" data-ogsb=\"rgb(255, 255, 255)\">4629 Kristiansand<\/div><div data-ogsc=\"black\" data-ogsb=\"rgb(255, 255, 255)\">\u00a0<\/div><div data-ogsc=\"black\" data-ogsb=\"rgb(255, 255, 255)\">Telem\u00f3vel: 915 41 819<\/div>\t\t\t\t\t\t\t\t<\/div>\n\t\t\t\t<\/div>\n\t\t\t\t\t<\/div>\n\t\t<\/div>\n\t\t\t\t<div class=\"elementor-column elementor-col-33 elementor-inner-column elementor-element elementor-element-f1ce18f\" data-id=\"f1ce18f\" data-element_type=\"column\" data-e-type=\"column\">\n\t\t\t<div class=\"elementor-widget-wrap elementor-element-populated\">\n\t\t\t\t\t\t<div class=\"elementor-element elementor-element-d8e1aa0 elementor-widget elementor-widget-text-editor\" data-id=\"d8e1aa0\" data-element_type=\"widget\" data-e-type=\"widget\" data-widget_type=\"text-editor.default\">\n\t\t\t\t<div class=\"elementor-widget-container\">\n\t\t\t\t\t\t\t\t\t<h3>\u00c1ustria<\/h3><p><a href=\"mailto:teenstreet.at@om.org\">teenstreet.at@om.org<\/a><\/p><p>OM \u00c1ustria<br \/>TeenStreet<br \/>Passaustr. 19<br \/>4030 Linz<\/p>\t\t\t\t\t\t\t\t<\/div>\n\t\t\t\t<\/div>\n\t\t\t\t\t<\/div>\n\t\t<\/div>\n\t\t\t\t<div class=\"elementor-column elementor-col-33 elementor-inner-column elementor-element elementor-element-768d251\" data-id=\"768d251\" data-element_type=\"column\" data-e-type=\"column\">\n\t\t\t<div class=\"elementor-widget-wrap elementor-element-populated\">\n\t\t\t\t\t\t<div class=\"elementor-element elementor-element-80f63a3 elementor-widget elementor-widget-text-editor\" data-id=\"80f63a3\" data-element_type=\"widget\" data-e-type=\"widget\" data-widget_type=\"text-editor.default\">\n\t\t\t\t<div class=\"elementor-widget-container\">\n\t\t\t\t\t\t\t\t\t<h3>Portugal<\/h3><p><a href=\"mailto:teenstreet.pt@om.org\">teenstreet.pt@om.org<\/a><\/p><p><span data-teams=\"true\">+351 938951115<\/span><\/p>\t\t\t\t\t\t\t\t<\/div>\n\t\t\t\t<\/div>\n\t\t\t\t\t<\/div>\n\t\t<\/div>\n\t\t\t\t\t<\/div>\n\t\t<\/section>\n\t\t\t\t<section class=\"elementor-section elementor-inner-section elementor-element elementor-element-2a907d2 elementor-section-full_width elementor-section-height-default elementor-section-height-default wpr-particle-no wpr-jarallax-no wpr-parallax-no wpr-sticky-section-no\" data-id=\"2a907d2\" data-element_type=\"section\" data-e-type=\"section\">\n\t\t\t\t\t\t<div class=\"elementor-container elementor-column-gap-wider\">\n\t\t\t\t\t<div class=\"elementor-column elementor-col-33 elementor-inner-column elementor-element elementor-element-b5f101f\" data-id=\"b5f101f\" data-element_type=\"column\" data-e-type=\"column\">\n\t\t\t<div class=\"elementor-widget-wrap elementor-element-populated\">\n\t\t\t\t\t\t<div class=\"elementor-element elementor-element-da83f2d elementor-widget elementor-widget-text-editor\" data-id=\"da83f2d\" data-element_type=\"widget\" data-e-type=\"widget\" data-widget_type=\"text-editor.default\">\n\t\t\t\t<div class=\"elementor-widget-container\">\n\t\t\t\t\t\t\t\t\t<h3>Su\u00ed\u00e7a (alem\u00e3)<\/h3><p><a id=\"menur387i\" class=\"fui-Link ___1q1shib f2hkw1w f3rmtva f1ewtqcl fyind8e f1k6fduh f1w7gpdv fk6fouc fjoy568 figsok6 f1s184ao f1mk8lai fnbmjn9 f1o700av f13mvf36 f1cmlufx f9n3di6 f1ids18y f1tx3yz7 f1deo86v f1eh06m1 f1iescvh fhgqx19 f1olyrje f1p93eir f1nev41a f1h8hb77 f1lqvz6u f10aw75t fsle3fq f17ae5zn\" title=\"mailto:teenstreet.ch@om.org\" href=\"mailto:TeenStreet.ch@om.org\" target=\"_blank\" rel=\"noreferrer noopener\" aria-label=\"Liga\u00e7\u00e3o eenstreet.ch@om.org\">teenstreet.ch@om.org<\/a><\/p><p>OM Su\u00ed\u00e7a (alem\u00e3)<br \/>Andrea Bock<br \/>Hertistrasse 31<br \/>8304 Wallisellen<\/p><p>Tel: 044 832 83 83<\/p>\t\t\t\t\t\t\t\t<\/div>\n\t\t\t\t<\/div>\n\t\t\t\t\t<\/div>\n\t\t<\/div>\n\t\t\t\t<div class=\"elementor-column elementor-col-33 elementor-inner-column elementor-element elementor-element-1d85be2\" data-id=\"1d85be2\" data-element_type=\"column\" data-e-type=\"column\">\n\t\t\t<div class=\"elementor-widget-wrap elementor-element-populated\">\n\t\t\t\t\t\t<div class=\"elementor-element elementor-element-98538e6 elementor-widget elementor-widget-text-editor\" data-id=\"98538e6\" data-element_type=\"widget\" data-e-type=\"widget\" data-widget_type=\"text-editor.default\">\n\t\t\t\t<div class=\"elementor-widget-container\">\n\t\t\t\t\t\t\t\t\t<h3>Su\u00ed\u00e7a (francesa)<\/h3><p><a id=\"menur387f\" class=\"fui-Link ___1q1shib f2hkw1w f3rmtva f1ewtqcl fyind8e f1k6fduh f1w7gpdv fk6fouc fjoy568 figsok6 f1s184ao f1mk8lai fnbmjn9 f1o700av f13mvf36 f1cmlufx f9n3di6 f1ids18y f1tx3yz7 f1deo86v f1eh06m1 f1iescvh fhgqx19 f1olyrje f1p93eir f1nev41a f1h8hb77 f1lqvz6u f10aw75t fsle3fq f17ae5zn\" title=\"mailto:teenstreet.ch@om.org\" href=\"mailto:TeenStreet.ch@om.org\" target=\"_blank\" rel=\"noreferrer noopener\" aria-label=\"Liga\u00e7\u00e3o eenstreet.ch@om.org\">teenstreet.ch@om.org<\/a><\/p><p>OM Su\u00ed\u00e7a (francesa)<br \/>Ousmane Liechti<br \/>chemin de Bel Air 3<br \/>2000 Neuch\u00e2tel<\/p><p>Telefone: 032 841 75 50<\/p>\t\t\t\t\t\t\t\t<\/div>\n\t\t\t\t<\/div>\n\t\t\t\t\t<\/div>\n\t\t<\/div>\n\t\t\t\t<div class=\"elementor-column elementor-col-33 elementor-inner-column elementor-element elementor-element-7530219\" data-id=\"7530219\" data-element_type=\"column\" data-e-type=\"column\">\n\t\t\t<div class=\"elementor-widget-wrap elementor-element-populated\">\n\t\t\t\t\t\t<div class=\"elementor-element elementor-element-bde4833 elementor-widget elementor-widget-text-editor\" data-id=\"bde4833\" data-element_type=\"widget\" data-e-type=\"widget\" data-widget_type=\"text-editor.default\">\n\t\t\t\t<div class=\"elementor-widget-container\">\n\t\t\t\t\t\t\t\t\t<h3 class=\"p1\"><span class=\"s1\">Finl\u00e2ndia<\/span><\/h3><p class=\"p2\"><span class=\"s2\"><a href=\"mailto:teenstreet.fi@om.org\">teenstreet.fi@om.org<\/a><\/span><\/p><p class=\"p3\"><span class=\"s1\">Opera\u00e7\u00e3o Mobiliza\u00e7\u00e3o<br \/>Yliopistonkatu 58 B 5 krs.<br \/>33100 Tampere<\/span><\/p><p class=\"p2\"><span class=\"s2\"><a href=\"https:\/\/www.om.org\/fi\/teenstreet\" target=\"_blank\" rel=\"noopener\">www.om.org\/fi\/teenstreet<\/a><\/span><\/p>\t\t\t\t\t\t\t\t<\/div>\n\t\t\t\t<\/div>\n\t\t\t\t\t<\/div>\n\t\t<\/div>\n\t\t\t\t\t<\/div>\n\t\t<\/section>\n\t\t\t\t<section class=\"elementor-section elementor-inner-section elementor-element elementor-element-0453c5a elementor-section-full_width elementor-section-height-default elementor-section-height-default wpr-particle-no wpr-jarallax-no wpr-parallax-no wpr-sticky-section-no\" data-id=\"0453c5a\" data-element_type=\"section\" data-e-type=\"section\">\n\t\t\t\t\t\t<div class=\"elementor-container elementor-column-gap-wider\">\n\t\t\t\t\t<div class=\"elementor-column elementor-col-33 elementor-inner-column elementor-element elementor-element-5b98905\" data-id=\"5b98905\" data-element_type=\"column\" data-e-type=\"column\">\n\t\t\t<div class=\"elementor-widget-wrap elementor-element-populated\">\n\t\t\t\t\t\t<div class=\"elementor-element elementor-element-c825649 elementor-widget elementor-widget-text-editor\" data-id=\"c825649\" data-element_type=\"widget\" data-e-type=\"widget\" data-widget_type=\"text-editor.default\">\n\t\t\t\t<div class=\"elementor-widget-container\">\n\t\t\t\t\t\t\t\t\t<h3>Su\u00e9cia<\/h3><p><a href=\"mailto:teenstreet.se@om.org\">teenstreet.se@om.org<\/a><\/p><p>OM Su\u00e9cia<br \/>Elisabeth Rodriguez<br \/>Havs\u00f6rnsgatan 157<br \/>556 11 J\u00f6nk\u00f6ping<br \/>Telefone: 036-184491<\/p><p><a href=\"http:\/\/www.teenstreet.se\" target=\"_blank\" rel=\"noopener\">www.teenstreet.se<\/a><\/p>\t\t\t\t\t\t\t\t<\/div>\n\t\t\t\t<\/div>\n\t\t\t\t\t<\/div>\n\t\t<\/div>\n\t\t\t\t<div class=\"elementor-column elementor-col-33 elementor-inner-column elementor-element elementor-element-4dfc635\" data-id=\"4dfc635\" data-element_type=\"column\" data-e-type=\"column\">\n\t\t\t<div class=\"elementor-widget-wrap elementor-element-populated\">\n\t\t\t\t\t\t\t<\/div>\n\t\t<\/div>\n\t\t\t\t<div class=\"elementor-column elementor-col-33 elementor-inner-column elementor-element elementor-element-3b05971\" data-id=\"3b05971\" data-element_type=\"column\" data-e-type=\"column\">\n\t\t\t<div class=\"elementor-widget-wrap elementor-element-populated\">\n\t\t\t\t\t\t\t<\/div>\n\t\t<\/div>\n\t\t\t\t\t<\/div>\n\t\t<\/section>\n\t\t\t\t\t<\/div>\n\t\t<\/div>\n\t\t\t\t\t<\/div>\n\t\t<\/section>\n\t\t\t\t<\/div>","protected":false},"excerpt":{"rendered":"<p>Contact Details &amp; Information per Country Belgium teenstreet.be@om.org OM BelgiumFabrieksstraat 631930 Zaventem www.om.org\/be\/teenstreet-belgium Denmark teenstreet.dk@om.org\u00a0 Address OM office:Drejervej 172400 K\u00f8benhavn NV+45 42453500 Deutschland teenstreet.de@om.org TeenStreet B\u00fcroOM DeutschlandAlte Neckarelzer Str. 274821 Mosbach06261\/947-0 \u00c9ire\/Ireland teenstreet.ie@om.org OM office:Lacken House, RaharaCo. Roscommon, Ireland +353 (90) 6623964 ext. 162 -or- 150 Espa\u00f1a teenstreet.es@om.org France teenstreet.fr@om.org Toutes les infos pour les Fran\u00e7ais (transport organis\u00e9, info pratiques, d\u00e9roulement sur place, FAQ&#8230;) se trouvent sur nos pages y d\u00e9di\u00e9es sur ce lien:\u00a0www.om.org\/fr\/teenstreet_france \u00a0 Luxembourg eunice.sampaio@om.org +352 621282211 Malta cornel.christen@om.org +365 7965 0227 Nederland\u00a0 teenstreet.nl@om.org Norge\u00a0 teenstreet.no@om.org\u00a0OM NorgeTinnheiveien 184629 Kristiansand\u00a0Mobil: 915 41 819 \u00d6sterreich teenstreet.at@om.org OM \u00d6sterreichTeenStreetPassaustr. 194030 Linz Portugal teenstreet.pt@om.org +351 938951115 Schweiz teenstreet.ch@om.org OM SchweizAndrea BockHertistrasse 318304 Wallisellen Tel: 044 832 83 83 Suisse teenstreet.ch@om.org OM SuisseOusmane Liechtichemin de Bel Air 32000 Neuch\u00e2tel T\u00e9l\u00e9phone: 032 841 75 50 Suomi teenstreet.fi@om.org Operaatio MobilisaatioYliopistonkatu 58 B 5 krs.33100 Tampere www.om.org\/fi\/teenstreet Sverige teenstreet.se@om.org OM SverigeElisabeth RodriguezHavs\u00f6rnsgatan 157556 11 J\u00f6nk\u00f6pingTelefon: 036-184491 www.teenstreet.se<\/p>","protected":false},"author":1,"featured_media":7032,"parent":0,"menu_order":0,"comment_status":"closed","ping_status":"closed","template":"","meta":{"iawp_total_views":19,"footnotes":""},"class_list":["post-109","page","type-page","status-publish","has-post-thumbnail","hentry"],"_links":{"self":[{"href":"https:\/\/teenstreet.life\/eu\/pt\/wp-json\/wp\/v2\/pages\/109","targetHints":{"allow":["GET"]}}],"collection":[{"href":"https:\/\/teenstreet.life\/eu\/pt\/wp-json\/wp\/v2\/pages"}],"about":[{"href":"https:\/\/teenstreet.life\/eu\/pt\/wp-json\/wp\/v2\/types\/page"}],"author":[{"embeddable":true,"href":"https:\/\/teenstreet.life\/eu\/pt\/wp-json\/wp\/v2\/users\/1"}],"replies":[{"embeddable":true,"href":"https:\/\/teenstreet.life\/eu\/pt\/wp-json\/wp\/v2\/comments?post=109"}],"version-history":[{"count":5,"href":"https:\/\/teenstreet.life\/eu\/pt\/wp-json\/wp\/v2\/pages\/109\/revisions"}],"predecessor-version":[{"id":8952,"href":"https:\/\/teenstreet.life\/eu\/pt\/wp-json\/wp\/v2\/pages\/109\/revisions\/8952"}],"wp:featuredmedia":[{"embeddable":true,"href":"https:\/\/teenstreet.life\/eu\/pt\/wp-json\/wp\/v2\/media\/7032"}],"wp:attachment":[{"href":"https:\/\/teenstreet.life\/eu\/pt\/wp-json\/wp\/v2\/media?parent=109"}],"curies":[{"name":"wp","href":"https:\/\/api.w.org\/{rel}","templated":true}]}}