{"id":9061,"date":"2026-04-02T11:33:19","date_gmt":"2026-04-02T09:33:19","guid":{"rendered":"https:\/\/teenstreet.life\/eu\/?page_id=9061"},"modified":"2026-04-20T06:56:27","modified_gmt":"2026-04-20T04:56:27","slug":"szkolenie-liderow-malych-grup","status":"publish","type":"page","link":"https:\/\/teenstreet.life\/eu\/pl\/small-group-leader-training\/","title":{"rendered":"Szkolenie Lider\u00f3w Ma\u0142ych Grup"},"content":{"rendered":"<div data-elementor-type=\"wp-page\" data-elementor-id=\"9061\" class=\"elementor elementor-9061\" data-elementor-post-type=\"page\">\n\t\t\t\t\t\t<section class=\"elementor-section elementor-top-section elementor-element elementor-element-3b45328 elementor-section-boxed elementor-section-height-default elementor-section-height-default\" data-id=\"3b45328\" data-element_type=\"section\" data-e-type=\"section\">\n\t\t\t\t\t\t<div class=\"elementor-container elementor-column-gap-default\">\n\t\t\t\t\t<div class=\"elementor-column elementor-col-50 elementor-top-column elementor-element elementor-element-c291639\" data-id=\"c291639\" data-element_type=\"column\" data-e-type=\"column\">\n\t\t\t<div class=\"elementor-widget-wrap elementor-element-populated\">\n\t\t\t\t\t\t<div class=\"elementor-element elementor-element-b8729ba elementor-widget elementor-widget-image\" data-id=\"b8729ba\" data-element_type=\"widget\" data-e-type=\"widget\" data-widget_type=\"image.default\">\n\t\t\t\t<div class=\"elementor-widget-container\">\n\t\t\t\t\t\t\t\t\t\t\t\t\t\t\t<img fetchpriority=\"high\" decoding=\"async\" width=\"820\" height=\"1024\" src=\"https:\/\/teenstreet.life\/eu\/wp-content\/uploads\/sites\/13\/2026\/04\/SGL-training-1-820x1024.png\" class=\"attachment-large size-large wp-image-9069\" alt=\"\" srcset=\"https:\/\/teenstreet.life\/eu\/wp-content\/uploads\/sites\/13\/2026\/04\/SGL-training-1-820x1024.png 820w, https:\/\/teenstreet.life\/eu\/wp-content\/uploads\/sites\/13\/2026\/04\/SGL-training-1-240x300.png 240w, https:\/\/teenstreet.life\/eu\/wp-content\/uploads\/sites\/13\/2026\/04\/SGL-training-1-768x959.png 768w, https:\/\/teenstreet.life\/eu\/wp-content\/uploads\/sites\/13\/2026\/04\/SGL-training-1-10x12.png 10w, https:\/\/teenstreet.life\/eu\/wp-content\/uploads\/sites\/13\/2026\/04\/SGL-training-1-600x749.png 600w, https:\/\/teenstreet.life\/eu\/wp-content\/uploads\/sites\/13\/2026\/04\/SGL-training-1.png 1006w\" sizes=\"(max-width: 820px) 100vw, 820px\" \/>\t\t\t\t\t\t\t\t\t\t\t\t\t\t\t<\/div>\n\t\t\t\t<\/div>\n\t\t\t\t\t<\/div>\n\t\t<\/div>\n\t\t\t\t<div class=\"elementor-column elementor-col-50 elementor-top-column elementor-element elementor-element-25afd00\" data-id=\"25afd00\" data-element_type=\"column\" data-e-type=\"column\">\n\t\t\t<div class=\"elementor-widget-wrap elementor-element-populated\">\n\t\t\t\t\t\t<div class=\"elementor-element elementor-element-2bad4f4 elementor-widget elementor-widget-text-editor\" data-id=\"2bad4f4\" data-element_type=\"widget\" data-e-type=\"widget\" data-widget_type=\"text-editor.default\">\n\t\t\t\t<div class=\"elementor-widget-container\">\n\t\t\t\t\t\t\t\t\t<p>Czy masz serce do s\u0142u\u017cenia innym? Czy ciekawi Ci\u0119, jak to jest prowadzi\u0107 ma\u0142\u0105 grup\u0119?<\/p>\n<p>Stworzyli\u015bmy co\u015b dla Ciebie!<\/p>\n<p>Zapraszamy na szkolenie dla przysz\u0142ych lider\u00f3w ma\u0142ych grup podczas wydarzenia TeenStreet w 2026 roku.<\/p>\n<h4><strong>Naucz si\u0119 przewodzi\u0107<\/strong><\/h4>\n<p>Szkolenie SGL jest przeznaczone dla cz\u0142onk\u00f3w zespo\u0142u serwisowego \u2013 zw\u0142aszcza tych w wieku od 18 do 20 lat \u2013 kt\u00f3rzy s\u0105 zainteresowani przysz\u0142ym prowadzeniem ma\u0142ej grupy, czy to na wydarzeniu TeenStreet, czy w domu.&nbsp;<\/p>\n<h4><strong>Program szkoleniowy<\/strong><\/h4>\n<p>Program obejmuje codzienne seminaria treningowe, kt\u00f3re odbywaj\u0105 si\u0119 podczas Interactive 2. Uczestnicy nie zostan\u0105 przypisani do konkretnego stanowiska w Zespole Serwisowym, ale b\u0119d\u0105 bra\u0107 udzia\u0142 w specjalnych projektach serwisowych jako grupa przez ca\u0142y tydzie\u0144.<\/p>\n<p>Istotn\u0105 cz\u0119\u015bci\u0105 szkolenia b\u0119dzie praktyczne zastosowanie umiej\u0119tno\u015bci przyw\u00f3dczych: ka\u017cdy uczestnik b\u0119dzie naprzemiennie kierowa\u0142 swoj\u0105 ma\u0142\u0105 grup\u0105 podczas tygodnia wydarzenia. (Nie jest to test \u2013 pomoc i wsparcie b\u0119d\u0105 dost\u0119pne!) Ma\u0142a grupa b\u0119dzie sk\u0142ada\u0107 si\u0119 z innych uczestnik\u00f3w szkolenia SGL.<\/p>\t\t\t\t\t\t\t\t<\/div>\n\t\t\t\t<\/div>\n\t\t\t\t\t<\/div>\n\t\t<\/div>\n\t\t\t\t\t<\/div>\n\t\t<\/section>\n\t\t\t\t<section class=\"elementor-section elementor-top-section elementor-element elementor-element-c1db653 elementor-section-boxed elementor-section-height-default elementor-section-height-default\" data-id=\"c1db653\" data-element_type=\"section\" data-e-type=\"section\">\n\t\t\t\t\t\t<div class=\"elementor-container elementor-column-gap-default\">\n\t\t\t\t\t<div class=\"elementor-column elementor-col-50 elementor-top-column elementor-element elementor-element-e3eb4e0\" data-id=\"e3eb4e0\" data-element_type=\"column\" data-e-type=\"column\">\n\t\t\t<div class=\"elementor-widget-wrap elementor-element-populated\">\n\t\t\t\t\t\t<div class=\"elementor-element elementor-element-7737bd0 elementor-widget elementor-widget-text-editor\" data-id=\"7737bd0\" data-element_type=\"widget\" data-e-type=\"widget\" data-widget_type=\"text-editor.default\">\n\t\t\t\t<div class=\"elementor-widget-container\">\n\t\t\t\t\t\t\t\t\t<p>Seminaria poprowadz\u0105 trenerzy z TeenStreet International. Indywidualne mentoring i coaching b\u0119d\u0105 cz\u0119\u015bci\u0105 programu.<\/p><p>Udzia\u0142 we wszystkich zaplanowanych sesjach programu b\u0119dzie obowi\u0105zkowy. Opr\u00f3cz seminari\u00f3w szkoleniowych i projekt\u00f3w us\u0142ugowych, obejmuj\u0105 one Mainhall, Shhh-time, spotkania w ma\u0142ych grupach i Tron Kr\u00f3lewski. Ka\u017cdy uczestnik jest zobowi\u0105zany do udzia\u0142u w akcji ewangelizacyjnej co najmniej raz podczas tygodnia wydarzenia.<\/p><h4><strong>Czy jeste\u015b zainteresowany? <\/strong><\/h4><p>Zarejestruj si\u0119 na wydarzenie jako cz\u0142onek Zespo\u0142u Serwisowego. Dodaj komentarz pod wybranymi obowi\u0105zkami, aby zaznaczy\u0107 swoje zainteresowanie szkoleniem SGL. Mo\u017cesz r\u00f3wnie\u017c skontaktowa\u0107 si\u0119 z biurem w swoim kraju i poinformowa\u0107 o swoim zainteresowaniu.<\/p><p>Je\u015bli jeste\u015b ju\u017c zarejestrowany na wydarzenie, mo\u017cesz edytowa\u0107 swoje zam\u00f3wienie (link znajdziesz w potwierdzeniu zam\u00f3wienia, kt\u00f3re zosta\u0142o wys\u0142ane na Tw\u00f3j adres e-mail od TeenStreet Europe 2026) lub skontaktowa\u0107 si\u0119 z biurem swojego kraju.<\/p><p>Czy m\u00f3g\u0142by\u015b\/mog\u0142aby\u015b siebie wyobrazi\u0107 w przysz\u0142o\u015bci kieruj\u0105cego\/kieruj\u0105c\u0105 ma\u0142\u0105 grup\u0105 \u2013 czy mo\u017ce ju\u017c kierujesz jak\u0105\u015b grup\u0105 w domu?<\/p><p>Szkolenie dla lider\u00f3w ma\u0142ych grup jest przeznaczone dla Ciebie!<\/p><p><a href=\"https:\/\/registration.teenstreet.de\/tseu\/ts-2026\/\" target=\"_blank\" rel=\"noopener\"><b>Zarejestruj si\u0119 tutaj!<\/b><\/a><\/p>\t\t\t\t\t\t\t\t<\/div>\n\t\t\t\t<\/div>\n\t\t\t\t\t<\/div>\n\t\t<\/div>\n\t\t\t\t<div class=\"elementor-column elementor-col-50 elementor-top-column elementor-element elementor-element-612d36c\" data-id=\"612d36c\" data-element_type=\"column\" data-e-type=\"column\">\n\t\t\t<div class=\"elementor-widget-wrap elementor-element-populated\">\n\t\t\t\t\t\t<div class=\"elementor-element elementor-element-a5ce481 elementor-widget elementor-widget-image\" data-id=\"a5ce481\" data-element_type=\"widget\" data-e-type=\"widget\" data-widget_type=\"image.default\">\n\t\t\t\t<div class=\"elementor-widget-container\">\n\t\t\t\t\t\t\t\t\t\t\t\t\t\t\t<img decoding=\"async\" width=\"820\" height=\"1024\" src=\"https:\/\/teenstreet.life\/eu\/wp-content\/uploads\/sites\/13\/2026\/04\/SGL-training-2-820x1024.png\" class=\"attachment-large size-large wp-image-9070\" alt=\"\" srcset=\"https:\/\/teenstreet.life\/eu\/wp-content\/uploads\/sites\/13\/2026\/04\/SGL-training-2-820x1024.png 820w, https:\/\/teenstreet.life\/eu\/wp-content\/uploads\/sites\/13\/2026\/04\/SGL-training-2-240x300.png 240w, https:\/\/teenstreet.life\/eu\/wp-content\/uploads\/sites\/13\/2026\/04\/SGL-training-2-768x959.png 768w, https:\/\/teenstreet.life\/eu\/wp-content\/uploads\/sites\/13\/2026\/04\/SGL-training-2-10x12.png 10w, https:\/\/teenstreet.life\/eu\/wp-content\/uploads\/sites\/13\/2026\/04\/SGL-training-2-600x749.png 600w, https:\/\/teenstreet.life\/eu\/wp-content\/uploads\/sites\/13\/2026\/04\/SGL-training-2.png 1006w\" sizes=\"(max-width: 820px) 100vw, 820px\" \/>\t\t\t\t\t\t\t\t\t\t\t\t\t\t\t<\/div>\n\t\t\t\t<\/div>\n\t\t\t\t\t<\/div>\n\t\t<\/div>\n\t\t\t\t\t<\/div>\n\t\t<\/section>\n\t\t\t\t<\/div>","protected":false},"excerpt":{"rendered":"<p>Do you have a heart for serving others?&nbsp;Are you curious about what leading a small group is like? We have created something for you! We will be offering training for future small group leaders&nbsp;at the 2026 TeenStreet event. Learn How to Lead SGL Training is designed for Service Team members \u2013 particularly those between the [&hellip;]<\/p>\n","protected":false},"author":82,"featured_media":0,"parent":0,"menu_order":0,"comment_status":"closed","ping_status":"closed","template":"","meta":{"iawp_total_views":164,"footnotes":""},"class_list":["post-9061","page","type-page","status-publish","hentry"],"_links":{"self":[{"href":"https:\/\/teenstreet.life\/eu\/pl\/wp-json\/wp\/v2\/pages\/9061","targetHints":{"allow":["GET"]}}],"collection":[{"href":"https:\/\/teenstreet.life\/eu\/pl\/wp-json\/wp\/v2\/pages"}],"about":[{"href":"https:\/\/teenstreet.life\/eu\/pl\/wp-json\/wp\/v2\/types\/page"}],"author":[{"embeddable":true,"href":"https:\/\/teenstreet.life\/eu\/pl\/wp-json\/wp\/v2\/users\/82"}],"replies":[{"embeddable":true,"href":"https:\/\/teenstreet.life\/eu\/pl\/wp-json\/wp\/v2\/comments?post=9061"}],"version-history":[{"count":6,"href":"https:\/\/teenstreet.life\/eu\/pl\/wp-json\/wp\/v2\/pages\/9061\/revisions"}],"predecessor-version":[{"id":9088,"href":"https:\/\/teenstreet.life\/eu\/pl\/wp-json\/wp\/v2\/pages\/9061\/revisions\/9088"}],"wp:attachment":[{"href":"https:\/\/teenstreet.life\/eu\/pl\/wp-json\/wp\/v2\/media?parent=9061"}],"curies":[{"name":"wp","href":"https:\/\/api.w.org\/{rel}","templated":true}]}}