{"id":8297,"date":"2025-05-09T12:59:58","date_gmt":"2025-05-09T10:59:58","guid":{"rendered":"https:\/\/teenstreet.life\/eu\/?page_id=8297"},"modified":"2026-03-30T09:06:45","modified_gmt":"2026-03-30T07:06:45","slug":"szmata","status":"publish","type":"page","link":"https:\/\/teenstreet.life\/eu\/pl\/rag\/","title":{"rendered":"SZMATA"},"content":{"rendered":"<div data-elementor-type=\"wp-page\" data-elementor-id=\"8297\" class=\"elementor elementor-8297\" data-elementor-post-type=\"page\">\n\t\t\t\t\t\t<section class=\"elementor-section elementor-top-section elementor-element elementor-element-395d558 elementor-section-boxed elementor-section-height-default elementor-section-height-default wpr-particle-no wpr-jarallax-no wpr-parallax-no wpr-sticky-section-no\" data-id=\"395d558\" data-element_type=\"section\" data-e-type=\"section\">\n\t\t\t\t\t\t<div class=\"elementor-container elementor-column-gap-default\">\n\t\t\t\t\t<div class=\"elementor-column elementor-col-100 elementor-top-column elementor-element elementor-element-558de68\" data-id=\"558de68\" data-element_type=\"column\" data-e-type=\"column\">\n\t\t\t<div class=\"elementor-widget-wrap elementor-element-populated\">\n\t\t\t\t\t\t<div class=\"elementor-element elementor-element-f5c9a71 elementor-widget elementor-widget-image\" data-id=\"f5c9a71\" data-element_type=\"widget\" data-e-type=\"widget\" data-widget_type=\"image.default\">\n\t\t\t\t<div class=\"elementor-widget-container\">\n\t\t\t\t\t\t\t\t\t\t\t\t\t\t\t<img fetchpriority=\"high\" decoding=\"async\" width=\"1024\" height=\"683\" src=\"https:\/\/teenstreet.life\/eu\/wp-content\/uploads\/sites\/13\/2025\/11\/54700690382_07eff34a4a_k-1024x683.jpg\" class=\"attachment-large size-large wp-image-8560\" alt=\"\" srcset=\"https:\/\/teenstreet.life\/eu\/wp-content\/uploads\/sites\/13\/2025\/11\/54700690382_07eff34a4a_k-1024x683.jpg 1024w, https:\/\/teenstreet.life\/eu\/wp-content\/uploads\/sites\/13\/2025\/11\/54700690382_07eff34a4a_k-300x200.jpg 300w, https:\/\/teenstreet.life\/eu\/wp-content\/uploads\/sites\/13\/2025\/11\/54700690382_07eff34a4a_k-768x512.jpg 768w, https:\/\/teenstreet.life\/eu\/wp-content\/uploads\/sites\/13\/2025\/11\/54700690382_07eff34a4a_k-1536x1024.jpg 1536w, https:\/\/teenstreet.life\/eu\/wp-content\/uploads\/sites\/13\/2025\/11\/54700690382_07eff34a4a_k-18x12.jpg 18w, https:\/\/teenstreet.life\/eu\/wp-content\/uploads\/sites\/13\/2025\/11\/54700690382_07eff34a4a_k-600x400.jpg 600w, https:\/\/teenstreet.life\/eu\/wp-content\/uploads\/sites\/13\/2025\/11\/54700690382_07eff34a4a_k.jpg 2048w\" sizes=\"(max-width: 1024px) 100vw, 1024px\" \/>\t\t\t\t\t\t\t\t\t\t\t\t\t\t\t<\/div>\n\t\t\t\t<\/div>\n\t\t\t\t\t<\/div>\n\t\t<\/div>\n\t\t\t\t\t<\/div>\n\t\t<\/section>\n\t\t\t\t<section class=\"elementor-section elementor-top-section elementor-element elementor-element-7d71714 elementor-section-boxed elementor-section-height-default elementor-section-height-default wpr-particle-no wpr-jarallax-no wpr-parallax-no wpr-sticky-section-no\" data-id=\"7d71714\" data-element_type=\"section\" data-e-type=\"section\">\n\t\t\t\t\t\t<div class=\"elementor-container elementor-column-gap-default\">\n\t\t\t\t\t<div class=\"elementor-column elementor-col-100 elementor-top-column elementor-element elementor-element-a4a6bcf\" data-id=\"a4a6bcf\" data-element_type=\"column\" data-e-type=\"column\">\n\t\t\t<div class=\"elementor-widget-wrap elementor-element-populated\">\n\t\t\t\t\t\t<div class=\"elementor-element elementor-element-664fa80 elementor-widget elementor-widget-text-editor\" data-id=\"664fa80\" data-element_type=\"widget\" data-e-type=\"widget\" data-widget_type=\"text-editor.default\">\n\t\t\t\t<div class=\"elementor-widget-container\">\n\t\t\t\t\t\t\t\t\t<p>RAG (Raise and Give) to zbi\u00f3rka funduszy na TeenStreet. Przed i podczas ka\u017cdego TeenStreet zbieramy fundusze na wsparcie dobrych cel\u00f3w, kt\u00f3re pozytywnie wp\u0142yn\u0105 na m\u0142odzie\u017c w Europie i poza ni\u0105. Pieni\u0105dze s\u0105 zbierane poprzez nasz wy\u015bcig RAG i inne dzia\u0142ania w ci\u0105gu tygodnia. <span class=\"TextRun SCXW8656431 BCX0\" lang=\"EN-GB\" xml:lang=\"EN-GB\" data-contrast=\"auto\"><span class=\"NormalTextRun SCXW8656431 BCX0\">W tym roku b\u0119dziemy zbiera\u0107 pieni\u0105dze na nast\u0119puj\u0105ce projekty.<\/span><\/span><\/p>\t\t\t\t\t\t\t\t<\/div>\n\t\t\t\t<\/div>\n\t\t\t\t\t<\/div>\n\t\t<\/div>\n\t\t\t\t\t<\/div>\n\t\t<\/section>\n\t\t\t\t<section class=\"elementor-section elementor-top-section elementor-element elementor-element-b06c416 elementor-section-boxed elementor-section-height-default elementor-section-height-default wpr-particle-no wpr-jarallax-no wpr-parallax-no wpr-sticky-section-no\" data-id=\"b06c416\" data-element_type=\"section\" data-e-type=\"section\">\n\t\t\t\t\t\t<div class=\"elementor-container elementor-column-gap-default\">\n\t\t\t\t\t<div class=\"elementor-column elementor-col-50 elementor-top-column elementor-element elementor-element-8c36043\" data-id=\"8c36043\" data-element_type=\"column\" data-e-type=\"column\">\n\t\t\t<div class=\"elementor-widget-wrap elementor-element-populated\">\n\t\t\t\t\t\t<div class=\"elementor-element elementor-element-23f6739 elementor-widget elementor-widget-image\" data-id=\"23f6739\" data-element_type=\"widget\" data-e-type=\"widget\" data-widget_type=\"image.default\">\n\t\t\t\t<div class=\"elementor-widget-container\">\n\t\t\t\t\t\t\t\t\t\t\t\t\t\t\t<img decoding=\"async\" width=\"1024\" height=\"768\" src=\"https:\/\/teenstreet.life\/eu\/wp-content\/uploads\/sites\/13\/2026\/03\/WhatsApp-Image-2026-02-22-at-10.13.47-1-1024x768.jpeg\" class=\"attachment-large size-large wp-image-8991\" alt=\"\" srcset=\"https:\/\/teenstreet.life\/eu\/wp-content\/uploads\/sites\/13\/2026\/03\/WhatsApp-Image-2026-02-22-at-10.13.47-1-1024x768.jpeg 1024w, https:\/\/teenstreet.life\/eu\/wp-content\/uploads\/sites\/13\/2026\/03\/WhatsApp-Image-2026-02-22-at-10.13.47-1-300x225.jpeg 300w, https:\/\/teenstreet.life\/eu\/wp-content\/uploads\/sites\/13\/2026\/03\/WhatsApp-Image-2026-02-22-at-10.13.47-1-768x576.jpeg 768w, https:\/\/teenstreet.life\/eu\/wp-content\/uploads\/sites\/13\/2026\/03\/WhatsApp-Image-2026-02-22-at-10.13.47-1-1536x1152.jpeg 1536w, https:\/\/teenstreet.life\/eu\/wp-content\/uploads\/sites\/13\/2026\/03\/WhatsApp-Image-2026-02-22-at-10.13.47-1-16x12.jpeg 16w, https:\/\/teenstreet.life\/eu\/wp-content\/uploads\/sites\/13\/2026\/03\/WhatsApp-Image-2026-02-22-at-10.13.47-1-600x450.jpeg 600w, https:\/\/teenstreet.life\/eu\/wp-content\/uploads\/sites\/13\/2026\/03\/WhatsApp-Image-2026-02-22-at-10.13.47-1.jpeg 1600w\" sizes=\"(max-width: 1024px) 100vw, 1024px\" \/>\t\t\t\t\t\t\t\t\t\t\t\t\t\t\t<\/div>\n\t\t\t\t<\/div>\n\t\t\t\t\t<\/div>\n\t\t<\/div>\n\t\t\t\t<div class=\"elementor-column elementor-col-50 elementor-top-column elementor-element elementor-element-1c70343\" data-id=\"1c70343\" data-element_type=\"column\" data-e-type=\"column\">\n\t\t\t<div class=\"elementor-widget-wrap elementor-element-populated\">\n\t\t\t\t\t\t<div class=\"elementor-element elementor-element-55da049 elementor-widget elementor-widget-text-editor\" data-id=\"55da049\" data-element_type=\"widget\" data-e-type=\"widget\" data-widget_type=\"text-editor.default\">\n\t\t\t\t<div class=\"elementor-widget-container\">\n\t\t\t\t\t\t\t\t\t<h4><b><span data-contrast=\"auto\">Odbudowa po burzy Portugalia<\/span><\/b><span data-ccp-props=\"{&quot;134233117&quot;:false,&quot;134233118&quot;:false,&quot;201341983&quot;:0,&quot;335551550&quot;:1,&quot;335551620&quot;:1,&quot;335559685&quot;:0,&quot;335559737&quot;:0,&quot;335559738&quot;:0,&quot;335559739&quot;:0,&quot;335559740&quot;:279}\">\u00a0<\/span><\/h4><p><span data-contrast=\"auto\">W styczniu 2026 r. Portugalia zosta\u0142a dotkni\u0119ta rekordowymi\u00a0<\/span><span data-contrast=\"auto\">Storm Kristin<\/span><span data-contrast=\"auto\">. Huragan powa\u017cnie dotkn\u0105\u0142 centraln\u0105 cz\u0119\u015b\u0107 kraju, w tym miasto Monte Real, gdzie pi\u0119\u0107 lat temu zesp\u00f3\u0142 OM za\u0142o\u017cy\u0142 ko\u015bci\u00f3\u0142. Ko\u015bci\u00f3\u0142 jest strategicznie po\u0142o\u017cony i jest jedynym ko\u015bcio\u0142em ewangelickim obs\u0142uguj\u0105cym obszar licz\u0105cy ponad 20 000 mieszka\u0144c\u00f3w. Budynek ko\u015bcio\u0142a zosta\u0142 ca\u0142kowicie zniszczony przez burz\u0119. Zebrane fundusze zostan\u0105 wykorzystane na odbudow\u0119 budynku ko\u015bcio\u0142a i sponsorowanie pracownika socjalnego, kt\u00f3ry b\u0119dzie wspiera\u0142 rodziny zmagaj\u0105ce si\u0119 z trudno\u015bciami po burzy.<\/span><span data-ccp-props=\"{&quot;134233117&quot;:false,&quot;134233118&quot;:false,&quot;201341983&quot;:0,&quot;335551550&quot;:1,&quot;335551620&quot;:1,&quot;335559685&quot;:0,&quot;335559737&quot;:0,&quot;335559738&quot;:0,&quot;335559739&quot;:0,&quot;335559740&quot;:279}\">\u00a0<\/span><\/p>\t\t\t\t\t\t\t\t<\/div>\n\t\t\t\t<\/div>\n\t\t\t\t\t<\/div>\n\t\t<\/div>\n\t\t\t\t\t<\/div>\n\t\t<\/section>\n\t\t\t\t<section class=\"elementor-section elementor-top-section elementor-element elementor-element-0b8a916 elementor-section-boxed elementor-section-height-default elementor-section-height-default wpr-particle-no wpr-jarallax-no wpr-parallax-no wpr-sticky-section-no\" data-id=\"0b8a916\" data-element_type=\"section\" data-e-type=\"section\">\n\t\t\t\t\t\t<div class=\"elementor-container elementor-column-gap-default\">\n\t\t\t\t\t<div class=\"elementor-column elementor-col-100 elementor-top-column elementor-element elementor-element-d599ebc\" data-id=\"d599ebc\" data-element_type=\"column\" data-e-type=\"column\">\n\t\t\t<div class=\"elementor-widget-wrap elementor-element-populated\">\n\t\t\t\t\t\t<div class=\"elementor-element elementor-element-212bde3 elementor-widget elementor-widget-text-editor\" data-id=\"212bde3\" data-element_type=\"widget\" data-e-type=\"widget\" data-widget_type=\"text-editor.default\">\n\t\t\t\t<div class=\"elementor-widget-container\">\n\t\t\t\t\t\t\t\t\t<h4><b>Dzia\u0142alno\u015b\u0107 medialna w\u015br\u00f3d najmniej dost\u0119pnych<\/b><\/h4><p>Zbieramy fundusze na dzia\u0142alno\u015b\u0107 misyjn\u0105, kt\u00f3ra ma na celu g\u0142oszenie Ewangelii za po\u015brednictwem medi\u00f3w spo\u0142eczno\u015bciowych i telewizji, docieraj\u0105c do okre\u015blonej grupy ludzi zar\u00f3wno lokalnie, jak i globalnie. Zebrane fundusze wespr\u0105 dzia\u0142ania ewangelizacyjne w mediach spo\u0142eczno\u015bciowych, internetowe kszta\u0142cenie uczni\u00f3w i lider\u00f3w oraz wirtualne nabo\u017ce\u0144stwo ko\u015bcielne.\u00a0\u00a0<\/p>\t\t\t\t\t\t\t\t<\/div>\n\t\t\t\t<\/div>\n\t\t\t\t\t<\/div>\n\t\t<\/div>\n\t\t\t\t\t<\/div>\n\t\t<\/section>\n\t\t\t\t<section class=\"elementor-section elementor-top-section elementor-element elementor-element-565ac34 elementor-section-boxed elementor-section-height-default elementor-section-height-default wpr-particle-no wpr-jarallax-no wpr-parallax-no wpr-sticky-section-no\" data-id=\"565ac34\" data-element_type=\"section\" data-e-type=\"section\">\n\t\t\t\t\t\t<div class=\"elementor-container elementor-column-gap-default\">\n\t\t\t\t\t<div class=\"elementor-column elementor-col-100 elementor-top-column elementor-element elementor-element-4b2a389\" data-id=\"4b2a389\" data-element_type=\"column\" data-e-type=\"column\">\n\t\t\t<div class=\"elementor-widget-wrap elementor-element-populated\">\n\t\t\t\t\t\t<div class=\"elementor-element elementor-element-67f50c4 elementor-widget elementor-widget-text-editor\" data-id=\"67f50c4\" data-element_type=\"widget\" data-e-type=\"widget\" data-widget_type=\"text-editor.default\">\n\t\t\t\t<div class=\"elementor-widget-container\">\n\t\t\t\t\t\t\t\t\t<h4><b><span data-contrast=\"auto\">Wspieranie nastolatk\u00f3w na ca\u0142ym \u015bwiecie\u00a0\u00a0<\/span><\/b><span data-ccp-props=\"{&quot;134233117&quot;:false,&quot;134233118&quot;:false,&quot;335559738&quot;:0,&quot;335559739&quot;:0}\">\u00a0<\/span><\/h4><p><span data-contrast=\"auto\">\u00a0<\/span><span data-contrast=\"auto\">Przez lata widzieli\u015bmy, jak TeenStreet wp\u0142yn\u0105\u0142 na nastolatk\u00f3w w Europie i jak oni wp\u0142ywaj\u0105 na swoje otoczenie i nie tylko. Chcemy r\u00f3wnie\u017c, aby nastolatki w innych cz\u0119\u015bciach \u015bwiata wzrasta\u0142y w osobistej relacji z Jezusem, wywiera\u0142y duchowy wp\u0142yw i dociera\u0142y z mi\u0142o\u015bci\u0105 Jezusa do swoich kraj\u00f3w. Wierzymy, \u017ce jest to mo\u017cliwe dzi\u0119ki TeenStreet i marzymy nie tylko o rozwoju TeenStreet w Europie, ale tak\u017ce o zak\u0142adaniu nowych TeenStreet na ca\u0142ym \u015bwiecie, aby nastolatki w tych krajach mog\u0142y co\u015b zmieni\u0107. \u015arodki te zostan\u0105 skierowane do TeenStreet International Multiplication Fund i TeenStreet Europe Fund. Cz\u0119\u015b\u0107 tych \u015brodk\u00f3w zostanie r\u00f3wnie\u017c wykorzystana na pomoc w umo\u017cliwieniu nastolatkom z ubogich kraj\u00f3w Europy przyjazdu na europejskie wydarzenie, na przyk\u0142ad nastolatkom z Ukrainy.<\/span><span data-ccp-props=\"{&quot;134233117&quot;:false,&quot;134233118&quot;:false,&quot;335559738&quot;:0,&quot;335559739&quot;:0}\">\u00a0<\/span><\/p>\t\t\t\t\t\t\t\t<\/div>\n\t\t\t\t<\/div>\n\t\t\t\t\t<\/div>\n\t\t<\/div>\n\t\t\t\t\t<\/div>\n\t\t<\/section>\n\t\t\t\t<\/div>","protected":false},"excerpt":{"rendered":"<p>RAG ( Raise and Give) is the fundraising at TeenStreet. Before and during every TeenStreet, we raise funds to support good causes that will positively impact youth in Europe and beyond. Money is raised through our RAG race and other activities during the week. This year we will be raising money for the following projects. Post-storm reconstruction Portugal\u00a0 In January 2026, Portugal was hit by record-breaking\u00a0Storm Kristin. The storm severely\u00a0impacted\u00a0the central parts of the country, including the town of Monte Real, where an OM team planted a church five years ago. The church is strategically\u00a0located\u00a0and is the only evangelical church serving an area of over 20,000 inhabitants. The church building was\u00a0completely destroyed\u00a0by the storm. The funds we raise will be used to rebuild the church building and to sponsor a social worker to support families who are struggling in the aftermath of the storm.\u00a0 Media ministry among the Least Reached We are raising funds for a ministry that is dedicated to sharing the Gospel through social media and TV, reaching a specific people group both locally and globally. The funds we raise will support social media outreach and evangelism, online discipleship and leadership training, and a virtual church service.\u00a0\u00a0 Supporting Teens around the World\u00a0\u00a0\u00a0 \u00a0Throughout the years we have seen how\u00a0TeenStreet\u00a0has\u00a0impacted\u00a0teens in Europe, and how they have been\u00a0impacting\u00a0their environment and beyond. We also want to see teens in other parts of the world grow in their personal relationship with Jesus, to have a spiritual impact and to reach out with the love of Jesus in their own country. We believe this is possible through\u00a0TeenStreet\u00a0and we dream not only of growing\u00a0TeenStreet\u00a0in Europe but also starting new\u00a0TeenStreets\u00a0around the world, so that teens in these countries can make a difference. These funds will be directed to the\u00a0TeenStreet\u00a0International Multiplication Fund and to the\u00a0TeenStreet\u00a0Europe Fund. Part of these funds will also be used to help make it possible for underprivileged teenagers in Europe to come to the European event, for example teenagers from Ukraine.\u00a0<\/p>","protected":false},"author":42,"featured_media":0,"parent":0,"menu_order":0,"comment_status":"closed","ping_status":"closed","template":"","meta":{"iawp_total_views":23,"footnotes":""},"class_list":["post-8297","page","type-page","status-publish","hentry"],"_links":{"self":[{"href":"https:\/\/teenstreet.life\/eu\/pl\/wp-json\/wp\/v2\/pages\/8297","targetHints":{"allow":["GET"]}}],"collection":[{"href":"https:\/\/teenstreet.life\/eu\/pl\/wp-json\/wp\/v2\/pages"}],"about":[{"href":"https:\/\/teenstreet.life\/eu\/pl\/wp-json\/wp\/v2\/types\/page"}],"author":[{"embeddable":true,"href":"https:\/\/teenstreet.life\/eu\/pl\/wp-json\/wp\/v2\/users\/42"}],"replies":[{"embeddable":true,"href":"https:\/\/teenstreet.life\/eu\/pl\/wp-json\/wp\/v2\/comments?post=8297"}],"version-history":[{"count":5,"href":"https:\/\/teenstreet.life\/eu\/pl\/wp-json\/wp\/v2\/pages\/8297\/revisions"}],"predecessor-version":[{"id":9057,"href":"https:\/\/teenstreet.life\/eu\/pl\/wp-json\/wp\/v2\/pages\/8297\/revisions\/9057"}],"wp:attachment":[{"href":"https:\/\/teenstreet.life\/eu\/pl\/wp-json\/wp\/v2\/media?parent=8297"}],"curies":[{"name":"wp","href":"https:\/\/api.w.org\/{rel}","templated":true}]}}