{"id":7613,"date":"2024-07-30T11:52:49","date_gmt":"2024-07-30T09:52:49","guid":{"rendered":"https:\/\/teenstreet.life\/eu\/?page_id=7613"},"modified":"2024-08-03T20:11:55","modified_gmt":"2024-08-03T18:11:55","slug":"cel-dnia-3","status":"publish","type":"page","link":"https:\/\/teenstreet.life\/eu\/pl\/day-3-purpose\/","title":{"rendered":"Dzie\u0144 3 - Wsp\u00f3lne dobro"},"content":{"rendered":"<div data-elementor-type=\"wp-page\" data-elementor-id=\"7613\" class=\"elementor elementor-7613\" data-elementor-post-type=\"page\">\n\t\t\t\t\t\t<section class=\"elementor-section elementor-top-section elementor-element elementor-element-3c756d8 elementor-section-boxed elementor-section-height-default elementor-section-height-default\" data-id=\"3c756d8\" data-element_type=\"section\" data-e-type=\"section\">\n\t\t\t\t\t\t<div class=\"elementor-container elementor-column-gap-default\">\n\t\t\t\t\t<div class=\"elementor-column elementor-col-100 elementor-top-column elementor-element elementor-element-f69963b\" data-id=\"f69963b\" data-element_type=\"column\" data-e-type=\"column\">\n\t\t\t<div class=\"elementor-widget-wrap elementor-element-populated\">\n\t\t\t\t\t\t<div class=\"elementor-element elementor-element-8fdaf50 elementor-skin-carousel elementor-arrows-yes elementor-pagination-type-bullets elementor-pagination-position-outside elementor-widget elementor-widget-media-carousel\" data-id=\"8fdaf50\" data-element_type=\"widget\" data-e-type=\"widget\" data-settings=\"{&quot;skin&quot;:&quot;carousel&quot;,&quot;effect&quot;:&quot;slide&quot;,&quot;show_arrows&quot;:&quot;yes&quot;,&quot;pagination&quot;:&quot;bullets&quot;,&quot;speed&quot;:500,&quot;autoplay&quot;:&quot;yes&quot;,&quot;autoplay_speed&quot;:5000,&quot;loop&quot;:&quot;yes&quot;,&quot;pause_on_hover&quot;:&quot;yes&quot;,&quot;pause_on_interaction&quot;:&quot;yes&quot;,&quot;space_between&quot;:{&quot;unit&quot;:&quot;px&quot;,&quot;size&quot;:10,&quot;sizes&quot;:[]},&quot;space_between_tablet&quot;:{&quot;unit&quot;:&quot;px&quot;,&quot;size&quot;:10,&quot;sizes&quot;:[]},&quot;space_between_mobile&quot;:{&quot;unit&quot;:&quot;px&quot;,&quot;size&quot;:10,&quot;sizes&quot;:[]}}\" data-widget_type=\"media-carousel.default\">\n\t\t\t\t<div class=\"elementor-widget-container\">\n\t\t\t\t\t\t\t\t\t<div class=\"elementor-swiper\">\n\t\t\t\t\t<div class=\"elementor-main-swiper swiper\" role=\"region\" aria-roledescription=\"carousel\" aria-label=\"Slajdy\">\n\t\t\t\t<div class=\"swiper-wrapper\">\n\t\t\t\t\t\t\t\t\t\t\t<div class=\"swiper-slide\" role=\"group\" aria-roledescription=\"slide\">\n\t\t\t\t\t\t\t\t\t<div class=\"elementor-carousel-image\" role=\"img\" aria-label=\"TS24_Day3_Logo_BRathke_09_Mainhall\" style=\"background-image: url(&#039;https:\/\/teenstreet.life\/eu\/wp-content\/uploads\/sites\/13\/2024\/07\/TS24_Day3_Logo_BRathke_09_Mainhall.jpg&#039;)\">\n\n\t\t\t\n\t\t\t\t\t<\/div>\n\t\t\t\t\t\t\t\t<\/div>\n\t\t\t\t\t\t\t\t\t\t\t<div class=\"swiper-slide\" role=\"group\" aria-roledescription=\"slide\">\n\t\t\t\t\t\t\t\t\t<div class=\"elementor-carousel-image\" role=\"img\" aria-label=\"TS24_Day3_Logo_BRathke_11_Mainhall\" style=\"background-image: url(&#039;https:\/\/teenstreet.life\/eu\/wp-content\/uploads\/sites\/13\/2024\/07\/TS24_Day3_Logo_BRathke_11_Mainhall.jpg&#039;)\">\n\n\t\t\t\n\t\t\t\t\t<\/div>\n\t\t\t\t\t\t\t\t<\/div>\n\t\t\t\t\t\t\t\t\t\t\t<div class=\"swiper-slide\" role=\"group\" aria-roledescription=\"slide\">\n\t\t\t\t\t\t\t\t\t<div class=\"elementor-carousel-image\" role=\"img\" aria-label=\"TS24_Day3_Logo_MBosch_52_RAG\" style=\"background-image: url(&#039;https:\/\/teenstreet.life\/eu\/wp-content\/uploads\/sites\/13\/2024\/07\/TS24_Day3_Logo_MBosch_52_RAG.jpg&#039;)\">\n\n\t\t\t\n\t\t\t\t\t<\/div>\n\t\t\t\t\t\t\t\t<\/div>\n\t\t\t\t\t\t\t\t\t\t\t<div class=\"swiper-slide\" role=\"group\" aria-roledescription=\"slide\">\n\t\t\t\t\t\t\t\t\t<div class=\"elementor-carousel-image\" role=\"img\" aria-label=\"TS24_Day3_Logo_MBosch_48_RAG\" style=\"background-image: url(&#039;https:\/\/teenstreet.life\/eu\/wp-content\/uploads\/sites\/13\/2024\/07\/TS24_Day3_Logo_MBosch_48_RAG.jpg&#039;)\">\n\n\t\t\t\n\t\t\t\t\t<\/div>\n\t\t\t\t\t\t\t\t<\/div>\n\t\t\t\t\t\t\t\t\t\t\t<div class=\"swiper-slide\" role=\"group\" aria-roledescription=\"slide\">\n\t\t\t\t\t\t\t\t\t<div class=\"elementor-carousel-image\" role=\"img\" aria-label=\"TS24_DAY3_ARENBERG_LOGO_MAINHALL_GIRLS-10\" style=\"background-image: url(&#039;https:\/\/teenstreet.life\/eu\/wp-content\/uploads\/sites\/13\/2024\/07\/TS24_DAY3_ARENBERG_LOGO_MAINHALL_GIRLS-10-scaled.jpg&#039;)\">\n\n\t\t\t\n\t\t\t\t\t<\/div>\n\t\t\t\t\t\t\t\t<\/div>\n\t\t\t\t\t\t\t\t\t\t\t<div class=\"swiper-slide\" role=\"group\" aria-roledescription=\"slide\">\n\t\t\t\t\t\t\t\t\t<div class=\"elementor-carousel-image\" role=\"img\" aria-label=\"TS24_DAY3_Logo_ASchneider_07_SmallGrooup\" style=\"background-image: url(&#039;https:\/\/teenstreet.life\/eu\/wp-content\/uploads\/sites\/13\/2024\/07\/TS24_DAY3_Logo_ASchneider_07_SmallGrooup-scaled.jpg&#039;)\">\n\n\t\t\t\n\t\t\t\t\t<\/div>\n\t\t\t\t\t\t\t\t<\/div>\n\t\t\t\t\t\t\t\t\t<\/div>\n\t\t\t\t\t\t\t\t\t\t\t\t\t\t\t<div class=\"elementor-swiper-button elementor-swiper-button-prev\" role=\"button\" tabindex=\"0\" aria-label=\"Anterior\" data-no-translation-aria-label=\"\">\n\t\t\t\t\t\t\t<i aria-hidden=\"true\" class=\"eicon-chevron-left\"><\/i>\t\t\t\t\t\t<\/div>\n\t\t\t\t\t\t<div class=\"elementor-swiper-button elementor-swiper-button-next\" role=\"button\" tabindex=\"0\" aria-label=\"Urm\u0103torul\" data-no-translation-aria-label=\"\">\n\t\t\t\t\t\t\t<i aria-hidden=\"true\" class=\"eicon-chevron-right\"><\/i>\t\t\t\t\t\t<\/div>\n\t\t\t\t\t\t\t\t\t\t\t\t\t\t\t\t<div class=\"swiper-pagination\"><\/div>\n\t\t\t\t\t\t\t\t\t\t\t\t<\/div>\n\t\t\t\t<\/div>\n\t\t\t\t\t\t\t\t<\/div>\n\t\t\t\t<\/div>\n\t\t\t\t<div class=\"elementor-element elementor-element-6c674de elementor-widget elementor-widget-text-editor\" data-id=\"6c674de\" data-element_type=\"widget\" data-e-type=\"widget\" data-widget_type=\"text-editor.default\">\n\t\t\t\t<div class=\"elementor-widget-container\">\n\t\t\t\t\t\t\t\t\t<p>Dzie\u0144 3 w TeenStreet! Dzie\u0144 ch\u0142opc\u00f3w i dziewcz\u0105t! Wy\u015bcig RAG! Co za dzie\u0144! &nbsp;<\/p>\n<p>Tego ranka ch\u0142opcy spotkali si\u0119 najpierw w g\u0142\u00f3wnej sali, podczas gdy dziewcz\u0119ta mia\u0142y sw\u00f3j czas w ma\u0142ych grupach. Ch\u0142opcy przyjrzeli si\u0119 Tymoteuszowi, Sylasowi i Filipowi w Dziejach Apostolskich i wymy\u015blili trzy rzeczy: skupi\u0107 si\u0119 na Jezusie, nie i\u015b\u0107 na skr\u00f3ty i potrzebowa\u0107 siebie nawzajem. &nbsp;<\/p>\n<p>Nast\u0119pnie dziewcz\u0119ta by\u0142y w g\u0142\u00f3wnej sali (a ch\u0142opcy w ma\u0142ych grupach). Przyjrzeli si\u0119 trzem kobietom z Dziej\u00f3w Apostolskich: Lidii, Marii (matce Jezusa) i Tabithcie. Opieraj\u0105c si\u0119 na tych kobietach i \u015bwiadectwach trzech m\u00f3wc\u00f3w, dziewcz\u0119ta dowiedzia\u0142y si\u0119, jak wa\u017cna jest wsp\u00f3lnota mi\u0119dzy sob\u0105 - siostrze\u0144stwo - \u017ce DUNAMIS jest z nimi i \u017ce u Boga nie ma nic niemo\u017cliwego.&nbsp;<\/p>\n<p>Popo\u0142udnie by\u0142o kolorowe i g\u0142o\u015bne - RAG race! Kr\u00f3tko po godzinie 15:00 rozleg\u0142 si\u0119 d\u017awi\u0119k pistoletu startowego i setki biegaczy - nastolatk\u00f3w i doros\u0142ych - wyruszy\u0142o na tras\u0119. Pokonywali okr\u0105\u017cenie za okr\u0105\u017ceniem przy pi\u0119knej letniej pogodzie, g\u0142o\u015bno dopingowani i zaopatrywani w wod\u0119 przez reszt\u0119 spo\u0142eczno\u015bci TeenStreet. Poniewa\u017c nie tylko biegacz z najwi\u0119ksz\u0105 liczb\u0105 okr\u0105\u017ce\u0144 lub najwi\u0119ksz\u0105 liczb\u0105 darowizn wygrywa nagrod\u0119, ale tak\u017ce najlepszy kostium, mo\u017cna by\u0142o zobaczy\u0107 Wiking\u00f3w, g\u0105sienice, astronaut\u00f3w, kosmit\u00f3w, nosz\u0105cych garnitur i wiele innych kreatywnych stroj\u00f3w. Jutro dowiemy si\u0119, ile pieni\u0119dzy uda\u0142o si\u0119 zebra\u0107 i kto wygra\u0142 nagrod\u0119.&nbsp;<\/p>\n<p>&nbsp;Po kolejnej dobrej Sali Tronowej by\u0142o te\u017c mn\u00f3stwo czasu na spo\u0142eczno\u015b\u0107, spontaniczne uwielbienie, zabawne jedzenie, sport i ekskluzywny wgl\u0105d w nowy film o Jezusie.<\/p>\t\t\t\t\t\t\t\t<\/div>\n\t\t\t\t<\/div>\n\t\t\t\t\t<\/div>\n\t\t<\/div>\n\t\t\t\t\t<\/div>\n\t\t<\/section>\n\t\t\t\t<section class=\"elementor-section elementor-top-section elementor-element elementor-element-52a689e elementor-section-boxed elementor-section-height-default elementor-section-height-default\" data-id=\"52a689e\" data-element_type=\"section\" data-e-type=\"section\">\n\t\t\t\t\t\t<div class=\"elementor-container elementor-column-gap-default\">\n\t\t\t\t\t<div class=\"elementor-column elementor-col-100 elementor-top-column elementor-element elementor-element-3e74c35\" data-id=\"3e74c35\" data-element_type=\"column\" data-e-type=\"column\">\n\t\t\t<div class=\"elementor-widget-wrap elementor-element-populated\">\n\t\t\t\t\t\t<div class=\"elementor-element elementor-element-6abc27e elementor-widget elementor-widget-image\" data-id=\"6abc27e\" data-element_type=\"widget\" data-e-type=\"widget\" data-widget_type=\"image.default\">\n\t\t\t\t<div class=\"elementor-widget-container\">\n\t\t\t\t\t\t\t\t\t\t\t\t\t\t\t<img decoding=\"async\" src=\"https:\/\/teenstreet.life\/eu\/wp-content\/uploads\/sites\/13\/2024\/07\/Capture-decran-2024-07-30-a-09.37.43.png\" title=\"Przechwytywanie ekranu 2024-07-30 \u00e0 09.37.43\" alt=\"Przechwytywanie ekranu 2024-07-30 \u00e0 09.37.43\" loading=\"lazy\" \/>\t\t\t\t\t\t\t\t\t\t\t\t\t\t\t<\/div>\n\t\t\t\t<\/div>\n\t\t\t\t\t<\/div>\n\t\t<\/div>\n\t\t\t\t\t<\/div>\n\t\t<\/section>\n\t\t\t\t<\/div>","protected":false},"excerpt":{"rendered":"<p>Previous Next Day 3 at TeenStreet! Boys and Girls day! RAG race! What a day! &nbsp; This morning, the boys met first in the main hall while the girls had their small group time. The boys looked at Timothy, Silas and Philip in the book of Acts and came up with three things: focus on [&hellip;]<\/p>\n","protected":false},"author":74,"featured_media":7814,"parent":0,"menu_order":0,"comment_status":"closed","ping_status":"closed","template":"","meta":{"iawp_total_views":1,"footnotes":""},"class_list":["post-7613","page","type-page","status-publish","has-post-thumbnail","hentry"],"_links":{"self":[{"href":"https:\/\/teenstreet.life\/eu\/pl\/wp-json\/wp\/v2\/pages\/7613","targetHints":{"allow":["GET"]}}],"collection":[{"href":"https:\/\/teenstreet.life\/eu\/pl\/wp-json\/wp\/v2\/pages"}],"about":[{"href":"https:\/\/teenstreet.life\/eu\/pl\/wp-json\/wp\/v2\/types\/page"}],"author":[{"embeddable":true,"href":"https:\/\/teenstreet.life\/eu\/pl\/wp-json\/wp\/v2\/users\/74"}],"replies":[{"embeddable":true,"href":"https:\/\/teenstreet.life\/eu\/pl\/wp-json\/wp\/v2\/comments?post=7613"}],"version-history":[{"count":5,"href":"https:\/\/teenstreet.life\/eu\/pl\/wp-json\/wp\/v2\/pages\/7613\/revisions"}],"predecessor-version":[{"id":7942,"href":"https:\/\/teenstreet.life\/eu\/pl\/wp-json\/wp\/v2\/pages\/7613\/revisions\/7942"}],"wp:featuredmedia":[{"embeddable":true,"href":"https:\/\/teenstreet.life\/eu\/pl\/wp-json\/wp\/v2\/media\/7814"}],"wp:attachment":[{"href":"https:\/\/teenstreet.life\/eu\/pl\/wp-json\/wp\/v2\/media?parent=7613"}],"curies":[{"name":"wp","href":"https:\/\/api.w.org\/{rel}","templated":true}]}}