{"id":60,"date":"2020-05-25T09:24:00","date_gmt":"2020-05-25T09:24:00","guid":{"rendered":"https:\/\/teenstreet.life\/eu\/?page_id=60"},"modified":"2023-11-29T12:57:44","modified_gmt":"2023-11-29T11:57:44","slug":"historia","status":"publish","type":"page","link":"https:\/\/teenstreet.life\/eu\/pl\/about\/history\/","title":{"rendered":"Historia"},"content":{"rendered":"<div data-elementor-type=\"wp-page\" data-elementor-id=\"60\" class=\"elementor elementor-60\" data-elementor-post-type=\"page\">\n\t\t\t\t\t\t<section class=\"elementor-section elementor-top-section elementor-element elementor-element-672cfdb elementor-section-boxed elementor-section-height-default elementor-section-height-default\" data-id=\"672cfdb\" data-element_type=\"section\" data-e-type=\"section\">\n\t\t\t\t\t\t<div class=\"elementor-container elementor-column-gap-default\">\n\t\t\t\t\t<div class=\"elementor-column elementor-col-16 elementor-top-column elementor-element elementor-element-54fde2a\" data-id=\"54fde2a\" data-element_type=\"column\" data-e-type=\"column\">\n\t\t\t<div class=\"elementor-widget-wrap\">\n\t\t\t\t\t\t\t<\/div>\n\t\t<\/div>\n\t\t\t\t<div class=\"elementor-column elementor-col-66 elementor-top-column elementor-element elementor-element-50a2e63\" data-id=\"50a2e63\" data-element_type=\"column\" data-e-type=\"column\">\n\t\t\t<div class=\"elementor-widget-wrap elementor-element-populated\">\n\t\t\t\t\t\t<div class=\"elementor-element elementor-element-19d84d82 elementor-widget elementor-widget-text-editor\" data-id=\"19d84d82\" data-element_type=\"widget\" data-e-type=\"widget\" data-widget_type=\"text-editor.default\">\n\t\t\t\t<div class=\"elementor-widget-container\">\n\t\t\t\t\t\t\t\t\t<p>TeenStreet powsta\u0142 w 1992 roku jako wizja mi\u0119dzynarodowej chrze\u015bcija\u0144skiej konferencji dla nastolatk\u00f3w. Za\u0142o\u017cyciele Dan i Suzie Potter z USA nadali mu nazw\u0119 TeenStreet, \u201eponiewa\u017c celem by\u0142o zapewnienie nastolatkom ulicy, po kt\u00f3rej mog\u0105 podr\u00f3\u017cowa\u0107\u2026 sposobu na \u017cycie\u201d.<\/p>\n<p>Pierwsza impreza TeenStreet odby\u0142a si\u0119 w Offenburgu w Niemczech latem 1993 r. z udzia\u0142em 56 os\u00f3b. Stamt\u0105d szybko r\u00f3s\u0142, a do 2000 r. udzia\u0142 przekroczy\u0142 2000.<\/p>\n<p>W 2004 roku TeenStreet rozszerzy\u0142o si\u0119 na Brazyli\u0119, a nast\u0119pnie na Australi\u0119 w 2010 roku, a podobne ruchy pojawi\u0142y si\u0119 na ca\u0142ym \u015bwiecie.<\/p>\n<p>Dzi\u015b TeenStreet dzia\u0142a w siedmiu krajach, z 8000 uczestnik\u00f3w ka\u017cdego roku \u2014 ale nie sko\u0144czyli\u015bmy z rozwojem.<\/p>\n<p>\u201eTeenStreet to znacznie wi\u0119cej ni\u017c jednotygodniowe wydarzenie\u201d \u2014 wyja\u015bnia by\u0142y dyrektor TeenStreet Europe Ger van Veen. \u201eTysi\u0105ce m\u0142odych ludzi co roku opuszcza TeenStreet i jest upowa\u017cnione do \u017cycia dla Jezusa i odzwierciedlania Go w swoim \u015bwiecie\u201d.<\/p>\n<p>W 2020 r. TeenStreet zorganizowa\u0142o swoje pierwsze wydarzenie online w odpowiedzi na pandemi\u0119 COVID-19. W miar\u0119 jak nasz wp\u0142yw rozszerza si\u0119 dzi\u0119ki nowym technologiom i mo\u017cliwo\u015bciom, pod\u0105\u017camy za Bo\u017cym kierunkiem na przysz\u0142o\u015b\u0107, podr\u00f3\u017cuj\u0105c razem jako globalna spo\u0142eczno\u015b\u0107 wyznawc\u00f3w Jezusa, kt\u00f3rzy s\u0105 oddani wychwalaniu Jego imienia.<\/p>\t\t\t\t\t\t\t\t<\/div>\n\t\t\t\t<\/div>\n\t\t\t\t\t<\/div>\n\t\t<\/div>\n\t\t\t\t<div class=\"elementor-column elementor-col-16 elementor-top-column elementor-element elementor-element-0320df7\" data-id=\"0320df7\" data-element_type=\"column\" data-e-type=\"column\">\n\t\t\t<div class=\"elementor-widget-wrap\">\n\t\t\t\t\t\t\t<\/div>\n\t\t<\/div>\n\t\t\t\t\t<\/div>\n\t\t<\/section>\n\t\t\t\t<\/div>","protected":false},"excerpt":{"rendered":"<p>TeenStreet began in 1992 as a vision for an international Christian conference for teens. Founders Dan and Suzie Potter from the U.S. gave it the name TeenStreet \u201cbecause the whole purpose was to give teens a street to travel upon\u2026a way to live\u201d. The first TeenStreet was held in Offenburg, Germany, in the summer of [&hellip;]<\/p>\n","protected":false},"author":1,"featured_media":7036,"parent":56,"menu_order":0,"comment_status":"closed","ping_status":"closed","template":"","meta":{"iawp_total_views":23,"footnotes":""},"class_list":["post-60","page","type-page","status-publish","has-post-thumbnail","hentry"],"_links":{"self":[{"href":"https:\/\/teenstreet.life\/eu\/pl\/wp-json\/wp\/v2\/pages\/60","targetHints":{"allow":["GET"]}}],"collection":[{"href":"https:\/\/teenstreet.life\/eu\/pl\/wp-json\/wp\/v2\/pages"}],"about":[{"href":"https:\/\/teenstreet.life\/eu\/pl\/wp-json\/wp\/v2\/types\/page"}],"author":[{"embeddable":true,"href":"https:\/\/teenstreet.life\/eu\/pl\/wp-json\/wp\/v2\/users\/1"}],"replies":[{"embeddable":true,"href":"https:\/\/teenstreet.life\/eu\/pl\/wp-json\/wp\/v2\/comments?post=60"}],"version-history":[{"count":1,"href":"https:\/\/teenstreet.life\/eu\/pl\/wp-json\/wp\/v2\/pages\/60\/revisions"}],"predecessor-version":[{"id":7039,"href":"https:\/\/teenstreet.life\/eu\/pl\/wp-json\/wp\/v2\/pages\/60\/revisions\/7039"}],"up":[{"embeddable":true,"href":"https:\/\/teenstreet.life\/eu\/pl\/wp-json\/wp\/v2\/pages\/56"}],"wp:featuredmedia":[{"embeddable":true,"href":"https:\/\/teenstreet.life\/eu\/pl\/wp-json\/wp\/v2\/media\/7036"}],"wp:attachment":[{"href":"https:\/\/teenstreet.life\/eu\/pl\/wp-json\/wp\/v2\/media?parent=60"}],"curies":[{"name":"wp","href":"https:\/\/api.w.org\/{rel}","templated":true}]}}