{"id":56,"date":"2020-05-25T09:23:25","date_gmt":"2020-05-25T09:23:25","guid":{"rendered":"https:\/\/teenstreet.life\/eu\/?page_id=56"},"modified":"2023-11-29T12:56:54","modified_gmt":"2023-11-29T11:56:54","slug":"o","status":"publish","type":"page","link":"https:\/\/teenstreet.life\/eu\/pl\/about\/","title":{"rendered":"O Teenstreet"},"content":{"rendered":"<div data-elementor-type=\"wp-page\" data-elementor-id=\"56\" class=\"elementor elementor-56\" data-elementor-post-type=\"page\">\n\t\t\t\t\t\t<section class=\"elementor-section elementor-top-section elementor-element elementor-element-c593276 elementor-section-boxed elementor-section-height-default elementor-section-height-default wpr-particle-no wpr-jarallax-no wpr-parallax-no wpr-sticky-section-no\" data-id=\"c593276\" data-element_type=\"section\" data-e-type=\"section\">\n\t\t\t\t\t\t<div class=\"elementor-container elementor-column-gap-default\">\n\t\t\t\t\t<div class=\"elementor-column elementor-col-16 elementor-top-column elementor-element elementor-element-2af51f9\" data-id=\"2af51f9\" data-element_type=\"column\" data-e-type=\"column\">\n\t\t\t<div class=\"elementor-widget-wrap\">\n\t\t\t\t\t\t\t<\/div>\n\t\t<\/div>\n\t\t\t\t<div class=\"elementor-column elementor-col-66 elementor-top-column elementor-element elementor-element-9c8ab1e\" data-id=\"9c8ab1e\" data-element_type=\"column\" data-e-type=\"column\">\n\t\t\t<div class=\"elementor-widget-wrap elementor-element-populated\">\n\t\t\t\t\t\t<div class=\"elementor-element elementor-element-4f3065b elementor-widget elementor-widget-text-editor\" data-id=\"4f3065b\" data-element_type=\"widget\" data-e-type=\"widget\" data-widget_type=\"text-editor.default\">\n\t\t\t\t<div class=\"elementor-widget-container\">\n\t\t\t\t\t\t\t\t\t<p>TeenStreet to mi\u0119dzynarodowe chrze\u015bcija\u0144skie wydarzenie dla m\u0142odzie\u017cy. Wsp\u00f3\u0142pracujemy z Ko\u015bcio\u0142em, aby motywowa\u0107, wyposa\u017ca\u0107 i chodzi\u0107 razem z (chrze\u015bcija\u0144skimi) nastolatkami z ca\u0142ej Europy, aby nawi\u0105za\u0107 prawdziw\u0105 przyja\u017a\u0144 z Jezusem i codziennie odzwierciedla\u0107 Go w swoim \u015bwiecie.<\/p><p>TeenStreet powsta\u0142 w 1993 roku z 53 nastolatkami i szybko si\u0119 rozr\u00f3s\u0142. Dzi\u015b mamy 7 corocznych tygodniowych wydarze\u0144 w 6 krajach i wiele wydarze\u0144 weekendowych w ponad 15 krajach na 4 kontynentach. Oko\u0142o 10 000 uczestnik\u00f3w i wolontariuszy uczestniczy w tych wydarzeniach i inwestuje w nie. W najbli\u017cszych latach spodziewamy si\u0119, \u017ce co najmniej 30 kolejnych wydarze\u0144 rozpocznie si\u0119 w krajach na ca\u0142ym \u015bwiecie, w tym na Bliskim Wschodzie, w Afryce i Azji.<\/p><p>Jeste\u015bmy zaanga\u017cowani we wsp\u00f3\u0142prac\u0119 z ko\u015bcio\u0142ami i grupami m\u0142odzie\u017cowymi, wspieraj\u0105c je w ich pos\u0142udze nastolatkom. Jednocze\u015bnie k\u0142adziemy nacisk na wsp\u00f3\u0142prac\u0119 z ko\u015bcio\u0142ami, bo tak wa\u017cne jest, aby po TeenStreet nastolatki mia\u0142y chrze\u015bcija\u0144sk\u0105 wsp\u00f3lnot\u0119.<\/p><p>Na TeenStreet chcemy zach\u0119ci\u0107 nastolatk\u00f3w do chodzenia z Jezusem i pom\u00f3c im w podejmowaniu m\u0105drych decyzji. Dlatego ka\u017cdy uczestnik jest cz\u0119\u015bci\u0105 ma\u0142ej grupy. Cz\u0142onkowie ma\u0142ej grupy pos\u0142uguj\u0105 si\u0119 tym samym j\u0119zykiem i s\u0105 w tym samym wieku. Ich doros\u0142y przyw\u00f3dca wspiera ich i dzieli si\u0119 z nimi swoj\u0105 osobist\u0105 relacj\u0105 z Jezusem.<\/p><p>Podczas g\u0142\u00f3wnych spotka\u0144 m\u0142odzie\u017c uczy si\u0119 tak\u017ce \u017cycia w relacji z Bogiem. Zabieraj\u0105 to, co s\u0142ysz\u0105 na g\u0142\u00f3wnych spotkaniach, do swoich ma\u0142ych grup, aby zastanowi\u0107 si\u0119 nad tym i zastosowa\u0107 to w swoim \u017cyciu w domu. Ponadto TeenStreet oferuje wiele ekscytuj\u0105cych rzeczy, w kt\u00f3rych m\u0142odzie\u017c mo\u017ce wzi\u0105\u0107 udzia\u0142, w tym sport, sztuki tw\u00f3rcze, seminaria i warsztaty. Maj\u0105 te\u017c czas wolny na poznanie ludzi z innych kraj\u00f3w, z r\u00f3\u017cnych \u015brodowisk kulturowych i ko\u015bcielnych.<\/p>\t\t\t\t\t\t\t\t<\/div>\n\t\t\t\t<\/div>\n\t\t\t\t<div class=\"elementor-element elementor-element-bfa60f8 elementor-widget elementor-widget-heading\" data-id=\"bfa60f8\" data-element_type=\"widget\" data-e-type=\"widget\" data-widget_type=\"heading.default\">\n\t\t\t\t<div class=\"elementor-widget-container\">\n\t\t\t\t\t<h2 class=\"elementor-heading-title elementor-size-default\">Wizja<\/h2>\t\t\t\t<\/div>\n\t\t\t\t<\/div>\n\t\t\t\t<div class=\"elementor-element elementor-element-7a02c69 elementor-blockquote--skin-quotation elementor-widget elementor-widget-blockquote\" data-id=\"7a02c69\" data-element_type=\"widget\" data-e-type=\"widget\" data-widget_type=\"blockquote.default\">\n\t\t\t\t<div class=\"elementor-widget-container\">\n\t\t\t\t\t\t\t<blockquote class=\"elementor-blockquote\">\n\t\t\t<p class=\"elementor-blockquote__content\">\n\t\t\t\tTeenStreet wsp\u00f3\u0142pracuje z Ko\u015bcio\u0142em, aby motywowa\u0107, wyposa\u017ca\u0107 i chodzi\u0107 razem z (chrze\u015bcija\u0144skimi) nastolatkami, aby nawi\u0105za\u0107 prawdziw\u0105 przyja\u017a\u0144 z Jezusem i codziennie odzwierciedla\u0107 Go w ich \u015bwiecie.  \t\t\t<\/p>\n\t\t\t\t\t<\/blockquote>\n\t\t\t\t\t\t<\/div>\n\t\t\t\t<\/div>\n\t\t\t\t<div class=\"elementor-element elementor-element-c367197 elementor-widget elementor-widget-heading\" data-id=\"c367197\" data-element_type=\"widget\" data-e-type=\"widget\" data-widget_type=\"heading.default\">\n\t\t\t\t<div class=\"elementor-widget-container\">\n\t\t\t\t\t<h2 class=\"elementor-heading-title elementor-size-default\">Wi\u0119cej o TeenStreet<\/h2>\t\t\t\t<\/div>\n\t\t\t\t<\/div>\n\t\t\t\t\t<\/div>\n\t\t<\/div>\n\t\t\t\t<div class=\"elementor-column elementor-col-16 elementor-top-column elementor-element elementor-element-e3a5560\" data-id=\"e3a5560\" data-element_type=\"column\" data-e-type=\"column\">\n\t\t\t<div class=\"elementor-widget-wrap\">\n\t\t\t\t\t\t\t<\/div>\n\t\t<\/div>\n\t\t\t\t\t<\/div>\n\t\t<\/section>\n\t\t\t\t<section class=\"elementor-section elementor-inner-section elementor-element elementor-element-6d47c340 elementor-section-boxed elementor-section-height-default elementor-section-height-default wpr-particle-no wpr-jarallax-no wpr-parallax-no wpr-sticky-section-no\" data-id=\"6d47c340\" data-element_type=\"section\" data-e-type=\"section\">\n\t\t\t\t\t\t<div class=\"elementor-container elementor-column-gap-extended\">\n\t\t\t\t\t<div class=\"elementor-column elementor-col-33 elementor-inner-column elementor-element elementor-element-64429f9c\" data-id=\"64429f9c\" data-element_type=\"column\" data-e-type=\"column\">\n\t\t\t<div class=\"elementor-widget-wrap elementor-element-populated\">\n\t\t\t\t\t\t<div class=\"elementor-element elementor-element-59b56d48 elementor-widget elementor-widget-ts-card\" data-id=\"59b56d48\" data-element_type=\"widget\" data-e-type=\"widget\" data-widget_type=\"ts-card.default\">\n\t\t\t\t<div class=\"elementor-widget-container\">\n\t\t\t\t\t            <div class=\"ts-card ts-image-background\" style=\"background-image: url(https:\/\/teenstreet.life\/eu\/wp-content\/uploads\/sites\/13\/2020\/05\/teenstreet-1993-participants.jpg);\">\r\n\r\n                \t\t\t\t\t<h3 class=\"ts-card-title\">\r\n\t\t\t\t\t\t<a href=\"https:\/\/teenstreet.life\/eu\/pl\/o\/historia\/\">\r\n\t\t\t\t\t\t\tHistoria\t\t\t\t\t\t<\/a>\r\n                    <\/h3>\r\n                \r\n                                    <p class=\"ts-card-description\">\r\n                        TeenStreet wystartowa\u0142o w 1993 roku z 56 uczestnikami w Oldenburgu. Teraz co roku 4000 uczestnik\u00f3w z 20 r\u00f3\u017cnych kraj\u00f3w zbiera si\u0119, aby lepiej pozna\u0107 Jezusa i uczyni\u0107 Boga wielkim!                    <\/p>\r\n                \t\t\t\t\r\n\r\n                                    <a class=\"ts-card-button elementor-button-link\" href=\"https:\/\/teenstreet.life\/eu\/pl\/o\/historia\/\">\r\n                        Wi\u0119cej informacji                    <\/a>\r\n                \r\n                 \r\n                    <a class=\"ts-card-full-link\" href=\"https:\/\/teenstreet.life\/eu\/pl\/o\/historia\/\"><\/a>\r\n                \r\n            <\/div>\r\n\r\n        \t\t\t\t<\/div>\n\t\t\t\t<\/div>\n\t\t\t\t\t<\/div>\n\t\t<\/div>\n\t\t\t\t<div class=\"elementor-column elementor-col-33 elementor-inner-column elementor-element elementor-element-364681c9\" data-id=\"364681c9\" data-element_type=\"column\" data-e-type=\"column\">\n\t\t\t<div class=\"elementor-widget-wrap elementor-element-populated\">\n\t\t\t\t\t\t<div class=\"elementor-element elementor-element-7a182468 elementor-widget elementor-widget-ts-card\" data-id=\"7a182468\" data-element_type=\"widget\" data-e-type=\"widget\" data-widget_type=\"ts-card.default\">\n\t\t\t\t<div class=\"elementor-widget-container\">\n\t\t\t\t\t            <div class=\"ts-card ts-image-background\" style=\"background-image: url(https:\/\/teenstreet.life\/eu\/wp-content\/uploads\/sites\/13\/2020\/05\/core-values-480x480.jpg);\">\r\n\r\n                \t\t\t\t\t<h3 class=\"ts-card-title\">\r\n\t\t\t\t\t\t<a href=\"https:\/\/teenstreet.life\/eu\/pl\/o\/podstawowe-wartosci\/\">\r\n\t\t\t\t\t\t\tPodstawowe warto\u015bci\t\t\t\t\t\t<\/a>\r\n                    <\/h3>\r\n                \r\n                                    <p class=\"ts-card-description\">\r\n                        W TeenStreet wierzymy, \u017ce nastolatk\u00f3w nale\u017cy traktowa\u0107 powa\u017cnie; ich marzenia i ich zmagania. S\u0105 liderami jutra, w kt\u00f3rych musimy inwestowa\u0107. Dlatego istnieje TeenStreet.                    <\/p>\r\n                \t\t\t\t\r\n\r\n                                    <a class=\"ts-card-button elementor-button-link\" href=\"https:\/\/teenstreet.life\/eu\/pl\/o\/podstawowe-wartosci\/\">\r\n                        Nasze warto\u015bci                    <\/a>\r\n                \r\n                 \r\n                    <a class=\"ts-card-full-link\" href=\"https:\/\/teenstreet.life\/eu\/pl\/o\/podstawowe-wartosci\/\"><\/a>\r\n                \r\n            <\/div>\r\n\r\n        \t\t\t\t<\/div>\n\t\t\t\t<\/div>\n\t\t\t\t\t<\/div>\n\t\t<\/div>\n\t\t\t\t<div class=\"elementor-column elementor-col-33 elementor-inner-column elementor-element elementor-element-10a5bb30\" data-id=\"10a5bb30\" data-element_type=\"column\" data-e-type=\"column\">\n\t\t\t<div class=\"elementor-widget-wrap elementor-element-populated\">\n\t\t\t\t\t\t<div class=\"elementor-element elementor-element-2524ee34 elementor-widget elementor-widget-ts-card\" data-id=\"2524ee34\" data-element_type=\"widget\" data-e-type=\"widget\" data-widget_type=\"ts-card.default\">\n\t\t\t\t<div class=\"elementor-widget-container\">\n\t\t\t\t\t            <div class=\"ts-card ts-image-background\" style=\"background-image: url(https:\/\/teenstreet.life\/eu\/wp-content\/uploads\/sites\/13\/2020\/05\/ts-about-om-480x480.png);\">\r\n\r\n                \t\t\t\t\t<h3 class=\"ts-card-title\">\r\n\t\t\t\t\t\t<a href=\"https:\/\/teenstreet.life\/eu\/pl\/o\/okolo-om\/\">\r\n\t\t\t\t\t\t\tO OM\t\t\t\t\t\t<\/a>\r\n                    <\/h3>\r\n                \r\n                                    <p class=\"ts-card-description\">\r\n                        TeenStreet jest s\u0142u\u017cb\u0105 Operation Mobilization, misyjn\u0105 organizacj\u0105 dzia\u0142aj\u0105c\u0105 w ponad 110 krajach, kt\u00f3ra wyposa\u017ca i motywuje ludzi do dzielenia si\u0119 Bo\u017c\u0105 mi\u0142o\u015bci\u0105 na ca\u0142ym \u015bwiecie.                    <\/p>\r\n                \t\t\t\t\r\n\r\n                                    <a class=\"ts-card-button elementor-button-link\" href=\"https:\/\/teenstreet.life\/eu\/pl\/o\/okolo-om\/\">\r\n                        Odkryj wi\u0119cej                    <\/a>\r\n                \r\n                 \r\n                    <a class=\"ts-card-full-link\" href=\"https:\/\/teenstreet.life\/eu\/pl\/o\/okolo-om\/\"><\/a>\r\n                \r\n            <\/div>\r\n\r\n        \t\t\t\t<\/div>\n\t\t\t\t<\/div>\n\t\t\t\t\t<\/div>\n\t\t<\/div>\n\t\t\t\t\t<\/div>\n\t\t<\/section>\n\t\t\t\t<\/div>","protected":false},"excerpt":{"rendered":"<p>TeenStreet is an international Christian event for teenagers. We work with the Church to motivate, equip and walk alongside (Christian) teens from all across Europe to have a real friendship with Jesus and reflect Him daily in their world. TeenStreet started in 1993 with a total of 53 teenagers and has grown rapidly. Today we have 7 annual week-long events in 6 countries and multiple weekend events in over 15 countries, spread over 4 continents. Around 10,000 participants and volunteers attend and invest in these events. In the next years, we expect to see at least 30 more events started in countries across the world, including the Middle East, Africa, and Asia. We are committed to working with churches and youth groups, supporting them in their ministry to teenagers. At the same time, we emphasise cooperation with churches, because it\u2019s so important that teenagers have a Christian community to be part of after TeenStreet. At TeenStreet we want to encourage teenagers in their walk with Jesus and help them make wise decisions. That is why every participant is part of a small group. Members of a small group share the same language and are the same age. Their adult leader supports them and shares his or her personal relationship with Jesus with them. During the main meetings the teenagers also learn about living in relationship with God. They take what they hear in the main meetings to their small groups to reflect on it and apply it to their lives at home. In addition, TeenStreet offers many exciting things for the teenagers to take part in, including sports, creative arts, seminars and workshops. They also have free time to get to know people from other countries, with different cultural and church backgrounds. Vision TeenStreet works with the Church to motivate, equip and walk alongside (Christian) teens to have a real friendship with Jesus and reflect Him daily in their world. More about TeenStreet<\/p>","protected":false},"author":1,"featured_media":334,"parent":0,"menu_order":0,"comment_status":"closed","ping_status":"closed","template":"","meta":{"iawp_total_views":35,"footnotes":""},"class_list":["post-56","page","type-page","status-publish","has-post-thumbnail","hentry"],"_links":{"self":[{"href":"https:\/\/teenstreet.life\/eu\/pl\/wp-json\/wp\/v2\/pages\/56","targetHints":{"allow":["GET"]}}],"collection":[{"href":"https:\/\/teenstreet.life\/eu\/pl\/wp-json\/wp\/v2\/pages"}],"about":[{"href":"https:\/\/teenstreet.life\/eu\/pl\/wp-json\/wp\/v2\/types\/page"}],"author":[{"embeddable":true,"href":"https:\/\/teenstreet.life\/eu\/pl\/wp-json\/wp\/v2\/users\/1"}],"replies":[{"embeddable":true,"href":"https:\/\/teenstreet.life\/eu\/pl\/wp-json\/wp\/v2\/comments?post=56"}],"version-history":[{"count":2,"href":"https:\/\/teenstreet.life\/eu\/pl\/wp-json\/wp\/v2\/pages\/56\/revisions"}],"predecessor-version":[{"id":8573,"href":"https:\/\/teenstreet.life\/eu\/pl\/wp-json\/wp\/v2\/pages\/56\/revisions\/8573"}],"wp:featuredmedia":[{"embeddable":true,"href":"https:\/\/teenstreet.life\/eu\/pl\/wp-json\/wp\/v2\/media\/334"}],"wp:attachment":[{"href":"https:\/\/teenstreet.life\/eu\/pl\/wp-json\/wp\/v2\/media?parent=56"}],"curies":[{"name":"wp","href":"https:\/\/api.w.org\/{rel}","templated":true}]}}