{"id":107,"date":"2020-05-25T10:12:12","date_gmt":"2020-05-25T10:12:12","guid":{"rendered":"https:\/\/teenstreet.life\/eu\/?page_id=107"},"modified":"2025-11-27T08:27:23","modified_gmt":"2025-11-27T07:27:23","slug":"okolo-om","status":"publish","type":"page","link":"https:\/\/teenstreet.life\/eu\/pl\/about\/about-om\/","title":{"rendered":"O OM"},"content":{"rendered":"<div data-elementor-type=\"wp-page\" data-elementor-id=\"107\" class=\"elementor elementor-107\" data-elementor-post-type=\"page\">\n\t\t\t\t\t\t<section class=\"elementor-section elementor-top-section elementor-element elementor-element-ff69198 elementor-section-boxed elementor-section-height-default elementor-section-height-default wpr-particle-no wpr-jarallax-no wpr-parallax-no wpr-sticky-section-no\" data-id=\"ff69198\" data-element_type=\"section\" data-e-type=\"section\">\n\t\t\t\t\t\t<div class=\"elementor-container elementor-column-gap-default\">\n\t\t\t\t\t<div class=\"elementor-column elementor-col-16 elementor-top-column elementor-element elementor-element-aa9d359\" data-id=\"aa9d359\" data-element_type=\"column\" data-e-type=\"column\">\n\t\t\t<div class=\"elementor-widget-wrap elementor-element-populated\">\n\t\t\t\t\t\t<div class=\"elementor-element elementor-element-aa08e11 elementor-invisible elementor-widget elementor-widget-image\" data-id=\"aa08e11\" data-element_type=\"widget\" data-e-type=\"widget\" data-settings=\"{&quot;_animation&quot;:&quot;fadeIn&quot;}\" data-widget_type=\"image.default\">\n\t\t\t\t<div class=\"elementor-widget-container\">\n\t\t\t\t\t\t\t\t\t\t\t\t\t\t\t<img decoding=\"async\" width=\"150\" height=\"150\" src=\"https:\/\/teenstreet.life\/eu\/wp-content\/uploads\/sites\/13\/2020\/05\/om-logo-150x150.png\" class=\"attachment-thumbnail size-thumbnail wp-image-381\" alt=\"Logo mobilizacji operacji\" srcset=\"https:\/\/teenstreet.life\/eu\/wp-content\/uploads\/sites\/13\/2020\/05\/om-logo-150x150.png 150w, https:\/\/teenstreet.life\/eu\/wp-content\/uploads\/sites\/13\/2020\/05\/om-logo-300x300.png 300w, https:\/\/teenstreet.life\/eu\/wp-content\/uploads\/sites\/13\/2020\/05\/om-logo-1024x1024.png 1024w, https:\/\/teenstreet.life\/eu\/wp-content\/uploads\/sites\/13\/2020\/05\/om-logo-768x768.png 768w, https:\/\/teenstreet.life\/eu\/wp-content\/uploads\/sites\/13\/2020\/05\/om-logo-1536x1536.png 1536w, https:\/\/teenstreet.life\/eu\/wp-content\/uploads\/sites\/13\/2020\/05\/om-logo-2048x2048.png 2048w, https:\/\/teenstreet.life\/eu\/wp-content\/uploads\/sites\/13\/2020\/05\/om-logo-360x360.png 360w, https:\/\/teenstreet.life\/eu\/wp-content\/uploads\/sites\/13\/2020\/05\/om-logo-480x480.png 480w, https:\/\/teenstreet.life\/eu\/wp-content\/uploads\/sites\/13\/2020\/05\/om-logo-720x720.png 720w, https:\/\/teenstreet.life\/eu\/wp-content\/uploads\/sites\/13\/2020\/05\/om-logo-1080x1080.png 1080w\" sizes=\"(max-width: 150px) 100vw, 150px\" \/>\t\t\t\t\t\t\t\t\t\t\t\t\t\t\t<\/div>\n\t\t\t\t<\/div>\n\t\t\t\t\t<\/div>\n\t\t<\/div>\n\t\t\t\t<div class=\"elementor-column elementor-col-66 elementor-top-column elementor-element elementor-element-6f864be\" data-id=\"6f864be\" data-element_type=\"column\" data-e-type=\"column\">\n\t\t\t<div class=\"elementor-widget-wrap elementor-element-populated\">\n\t\t\t\t\t\t<div class=\"elementor-element elementor-element-e43bc4e elementor-widget elementor-widget-video\" data-id=\"e43bc4e\" data-element_type=\"widget\" data-e-type=\"widget\" data-settings=\"{&quot;youtube_url&quot;:&quot;https:\\\/\\\/www.youtube.com\\\/watch?v=-4P0EcTh4lA&quot;,&quot;video_type&quot;:&quot;youtube&quot;,&quot;controls&quot;:&quot;yes&quot;}\" data-widget_type=\"video.default\">\n\t\t\t\t<div class=\"elementor-widget-container\">\n\t\t\t\t\t\t\t<div class=\"elementor-wrapper elementor-open-inline\">\n\t\t\t<div class=\"elementor-video\"><\/div>\t\t<\/div>\n\t\t\t\t\t\t<\/div>\n\t\t\t\t<\/div>\n\t\t\t\t<div class=\"elementor-element elementor-element-6eb7f94 elementor-widget elementor-widget-text-editor\" data-id=\"6eb7f94\" data-element_type=\"widget\" data-e-type=\"widget\" data-widget_type=\"text-editor.default\">\n\t\t\t\t<div class=\"elementor-widget-container\">\n\t\t\t\t\t\t\t\t\t<p>TeenStreet to ministerstwo <a href=\"http:\/\/www.om.org\/\" target=\"_blank\" rel=\"noopener\">Operacja Mobilizacja<\/a> (OM). OM gromadzi na\u015bladowc\u00f3w Jezusa z ca\u0142ego \u015bwiata, aby wykorzystywa\u0107 swoje dary i umiej\u0119tno\u015bci w miejscach, w kt\u00f3rych ludzie nigdy nie do\u015bwiadczyli Jezusa - aby zobaczy\u0107 t\u0119tni\u0105ce \u017cyciem wsp\u00f3lnoty na\u015bladowc\u00f3w Jezusa w\u015br\u00f3d najmniej dotartych.<\/p><p>Ruch rozpocz\u0105\u0142 si\u0119 w 1957 roku, a dzi\u015b 4500 pracownik\u00f3w z ponad 130 kraj\u00f3w dzieli si\u0119 ewangeli\u0105 w ponad 140 krajach i na statkach Logos Hope i Doulos Hope, zak\u0142adaj\u0105c ko\u015bcio\u0142y i pracuj\u0105c praktycznie na rzecz zmian spo\u0142ecznych.<\/p><h2>Ulica Nastolatk\u00f3w<\/h2><p>Konferencja TeenStreet rozpocz\u0119\u0142a si\u0119 w Niemczech w 1993 roku. Od tego czasu dziesi\u0105tki tysi\u0119cy nastolatk\u00f3w wzi\u0119\u0142o udzia\u0142 w konferencji na ca\u0142ym \u015bwiecie. Opr\u00f3cz spotka\u0144 w lecie, przez ca\u0142y rok istnieje mo\u017cliwo\u015b\u0107 bycia cz\u0119\u015bci\u0105 ma\u0142ej grupy, uczestniczenia w misjach i spotykania si\u0119 z nastolatkami z innych ko\u015bcio\u0142\u00f3w i miast. TeenStreet to przede wszystkim g\u0142\u0119bokie prze\u017cywanie, odwa\u017cne \u017cycie dla Jezusa i dobra zabawa.<\/p>\t\t\t\t\t\t\t\t<\/div>\n\t\t\t\t<\/div>\n\t\t\t\t\t<\/div>\n\t\t<\/div>\n\t\t\t\t<div class=\"elementor-column elementor-col-16 elementor-top-column elementor-element elementor-element-d9f4974\" data-id=\"d9f4974\" data-element_type=\"column\" data-e-type=\"column\">\n\t\t\t<div class=\"elementor-widget-wrap\">\n\t\t\t\t\t\t\t<\/div>\n\t\t<\/div>\n\t\t\t\t\t<\/div>\n\t\t<\/section>\n\t\t\t\t<\/div>","protected":false},"excerpt":{"rendered":"<p>https:\/\/www.youtube.com\/watch?v=-4P0EcTh4lA TeenStreet is a ministry of Operation Mobilisation (OM). OM brings together Jesus followers from around the world to use their gifts and skills in places where people have never experienced Jesus \u2013 to see vibrant communities of Jesus followers among the least-reached. The movement started in 1957 and today we are 4500 workers from over 130 nations present sharing the gospel in over 140 countries and onboard the ships Logos Hope and Doulos Hope, planting churches and working practically for social change. TeenStreet TeenStreet started in Germany in 1993. Since then, tens of thousands of teenagers have attended the conference all over the world. As well as gathering in the summer, there are opportunities year-round to be part of a small group, participate in missions and gather with teens from other churches and cities. TeenStreet is all about going deep, living boldly for Jesus and having a lot of fun.<\/p>","protected":false},"author":1,"featured_media":377,"parent":56,"menu_order":0,"comment_status":"closed","ping_status":"closed","template":"","meta":{"iawp_total_views":4,"footnotes":""},"class_list":["post-107","page","type-page","status-publish","has-post-thumbnail","hentry"],"_links":{"self":[{"href":"https:\/\/teenstreet.life\/eu\/pl\/wp-json\/wp\/v2\/pages\/107","targetHints":{"allow":["GET"]}}],"collection":[{"href":"https:\/\/teenstreet.life\/eu\/pl\/wp-json\/wp\/v2\/pages"}],"about":[{"href":"https:\/\/teenstreet.life\/eu\/pl\/wp-json\/wp\/v2\/types\/page"}],"author":[{"embeddable":true,"href":"https:\/\/teenstreet.life\/eu\/pl\/wp-json\/wp\/v2\/users\/1"}],"replies":[{"embeddable":true,"href":"https:\/\/teenstreet.life\/eu\/pl\/wp-json\/wp\/v2\/comments?post=107"}],"version-history":[{"count":4,"href":"https:\/\/teenstreet.life\/eu\/pl\/wp-json\/wp\/v2\/pages\/107\/revisions"}],"predecessor-version":[{"id":8578,"href":"https:\/\/teenstreet.life\/eu\/pl\/wp-json\/wp\/v2\/pages\/107\/revisions\/8578"}],"up":[{"embeddable":true,"href":"https:\/\/teenstreet.life\/eu\/pl\/wp-json\/wp\/v2\/pages\/56"}],"wp:featuredmedia":[{"embeddable":true,"href":"https:\/\/teenstreet.life\/eu\/pl\/wp-json\/wp\/v2\/media\/377"}],"wp:attachment":[{"href":"https:\/\/teenstreet.life\/eu\/pl\/wp-json\/wp\/v2\/media?parent=107"}],"curies":[{"name":"wp","href":"https:\/\/api.w.org\/{rel}","templated":true}]}}