{"id":8911,"date":"2026-01-30T11:46:06","date_gmt":"2026-01-30T10:46:06","guid":{"rendered":"https:\/\/teenstreet.life\/eu\/?page_id=8911"},"modified":"2026-01-30T11:53:31","modified_gmt":"2026-01-30T10:53:31","slug":"tema-2026","status":"publish","type":"page","link":"https:\/\/teenstreet.life\/eu\/no\/theme-2026\/","title":{"rendered":"Tema 2026"},"content":{"rendered":"<div data-elementor-type=\"wp-page\" data-elementor-id=\"8911\" class=\"elementor elementor-8911\" data-elementor-post-type=\"page\">\n\t\t\t\t\t\t<section class=\"elementor-section elementor-top-section elementor-element elementor-element-6dc2c26 elementor-section-boxed elementor-section-height-default elementor-section-height-default wpr-particle-no wpr-jarallax-no wpr-parallax-no wpr-sticky-section-no\" data-id=\"6dc2c26\" data-element_type=\"section\" data-e-type=\"section\">\n\t\t\t\t\t\t<div class=\"elementor-container elementor-column-gap-default\">\n\t\t\t\t\t<div class=\"elementor-column elementor-col-100 elementor-top-column elementor-element elementor-element-6571512\" data-id=\"6571512\" data-element_type=\"column\" data-e-type=\"column\">\n\t\t\t<div class=\"elementor-widget-wrap elementor-element-populated\">\n\t\t\t\t\t\t<section class=\"elementor-section elementor-inner-section elementor-element elementor-element-909717a elementor-section-boxed elementor-section-height-default elementor-section-height-default wpr-particle-no wpr-jarallax-no wpr-parallax-no wpr-sticky-section-no\" data-id=\"909717a\" data-element_type=\"section\" data-e-type=\"section\">\n\t\t\t\t\t\t<div class=\"elementor-container elementor-column-gap-default\">\n\t\t\t\t\t<div class=\"elementor-column elementor-col-50 elementor-inner-column elementor-element elementor-element-a815779\" data-id=\"a815779\" data-element_type=\"column\" data-e-type=\"column\">\n\t\t\t<div class=\"elementor-widget-wrap elementor-element-populated\">\n\t\t\t\t\t\t<div class=\"elementor-element elementor-element-76af625 elementor-widget elementor-widget-image\" data-id=\"76af625\" data-element_type=\"widget\" data-e-type=\"widget\" data-widget_type=\"image.default\">\n\t\t\t\t<div class=\"elementor-widget-container\">\n\t\t\t\t\t\t\t\t\t\t\t\t\t\t\t<img fetchpriority=\"high\" decoding=\"async\" width=\"1000\" height=\"1000\" src=\"https:\/\/teenstreet.life\/eu\/wp-content\/uploads\/sites\/13\/2026\/01\/Pathsthemelogo.png\" class=\"attachment-large size-large wp-image-8915\" alt=\"\" srcset=\"https:\/\/teenstreet.life\/eu\/wp-content\/uploads\/sites\/13\/2026\/01\/Pathsthemelogo.png 1000w, https:\/\/teenstreet.life\/eu\/wp-content\/uploads\/sites\/13\/2026\/01\/Pathsthemelogo-300x300.png 300w, https:\/\/teenstreet.life\/eu\/wp-content\/uploads\/sites\/13\/2026\/01\/Pathsthemelogo-150x150.png 150w, https:\/\/teenstreet.life\/eu\/wp-content\/uploads\/sites\/13\/2026\/01\/Pathsthemelogo-768x768.png 768w, https:\/\/teenstreet.life\/eu\/wp-content\/uploads\/sites\/13\/2026\/01\/Pathsthemelogo-12x12.png 12w, https:\/\/teenstreet.life\/eu\/wp-content\/uploads\/sites\/13\/2026\/01\/Pathsthemelogo-360x360.png 360w, https:\/\/teenstreet.life\/eu\/wp-content\/uploads\/sites\/13\/2026\/01\/Pathsthemelogo-480x480.png 480w, https:\/\/teenstreet.life\/eu\/wp-content\/uploads\/sites\/13\/2026\/01\/Pathsthemelogo-720x720.png 720w, https:\/\/teenstreet.life\/eu\/wp-content\/uploads\/sites\/13\/2026\/01\/Pathsthemelogo-600x600.png 600w, https:\/\/teenstreet.life\/eu\/wp-content\/uploads\/sites\/13\/2026\/01\/Pathsthemelogo-100x100.png 100w\" sizes=\"(max-width: 1000px) 100vw, 1000px\" \/>\t\t\t\t\t\t\t\t\t\t\t\t\t\t\t<\/div>\n\t\t\t\t<\/div>\n\t\t\t\t\t<\/div>\n\t\t<\/div>\n\t\t\t\t<div class=\"elementor-column elementor-col-50 elementor-inner-column elementor-element elementor-element-edf35d4\" data-id=\"edf35d4\" data-element_type=\"column\" data-e-type=\"column\">\n\t\t\t<div class=\"elementor-widget-wrap elementor-element-populated\">\n\t\t\t\t\t\t<div class=\"elementor-element elementor-element-7884912 elementor-widget elementor-widget-text-editor\" data-id=\"7884912\" data-element_type=\"widget\" data-e-type=\"widget\" data-widget_type=\"text-editor.default\">\n\t\t\t\t<div class=\"elementor-widget-container\">\n\t\t\t\t\t\t\t\t\t<h3><span class=\"TextRun SCXW187387299 BCX0\" lang=\"EN-US\" xml:lang=\"EN-US\" data-contrast=\"auto\"><span class=\"NormalTextRun SCXW187387299 BCX0\"><span class=\"TextRun SCXW72985384 BCX0\" lang=\"EN-US\" xml:lang=\"EN-US\" data-contrast=\"none\"><span class=\"NormalTextRun SCXW72985384 BCX0\" data-ccp-parastyle=\"heading 2\">\u00c5rets\u00a0<\/span><span class=\"NormalTextRun CommentStart CommentHighlightPipeRest CommentHighlightRest SCXW72985384 BCX0\" data-ccp-parastyle=\"heading 2\">tema<\/span><span class=\"NormalTextRun CommentHighlightPipeRest SCXW72985384 BCX0\" data-ccp-parastyle=\"heading 2\">:<br \/><\/span><\/span><\/span><\/span><span class=\"TextRun SCXW187387299 BCX0\" lang=\"EN-US\" xml:lang=\"EN-US\" data-contrast=\"auto\"><span class=\"NormalTextRun SCXW187387299 BCX0\"><span class=\"TextRun SCXW72985384 BCX0\" lang=\"EN-US\" xml:lang=\"EN-US\" data-contrast=\"none\"><span class=\"NormalTextRun SCXW72985384 BCX0\" data-ccp-parastyle=\"heading 2\">PATHS | Visdommens kall<\/span><\/span><span class=\"EOP SCXW72985384 BCX0\" data-ccp-props=\"{&quot;134245418&quot;:true,&quot;134245529&quot;:true,&quot;335559738&quot;:160,&quot;335559739&quot;:80}\">\u00a0<\/span><\/span><\/span><\/h3><p><span class=\"TextRun SCXW187387299 BCX0\" lang=\"EN-US\" xml:lang=\"EN-US\" data-contrast=\"auto\"><span class=\"NormalTextRun SCXW187387299 BCX0\">Hva om visdom\u00a0<\/span><span class=\"NormalTextRun SCXW187387299 BCX0\">var ikke<\/span><span class=\"NormalTextRun SCXW187387299 BCX0\">\u00a0bare noe du har l\u00e6rt, eller bare\u00a0<\/span><span class=\"NormalTextRun SCXW187387299 BCX0\">visste,<\/span><span class=\"NormalTextRun SCXW187387299 BCX0\">\u00a0men noe\u00a0<\/span><span class=\"NormalTextRun SCXW187387299 BCX0\">du\u00a0<\/span><span class=\"NormalTextRun ContextualSpellingAndGrammarErrorV2Themed SCXW187387299 BCX0\">...hadde p\u00e5 seg?<\/span><span class=\"NormalTextRun SCXW187387299 BCX0\">\u00a0<\/span><span class=\"NormalTextRun SCXW187387299 BCX0\">Noe som blir sett!<\/span><span class=\"NormalTextRun SCXW187387299 BCX0\">\u00a0<\/span><span class=\"NormalTextRun SCXW187387299 BCX0\">Sett i vennskapene dine, sett i dine\u00a0<\/span><span class=\"NormalTextRun SCXW187387299 BCX0\">handlinger, h\u00f8rt i ordene dine, f\u00f8lt i f\u00f8lelsene dine.<\/span><span class=\"NormalTextRun SCXW187387299 BCX0\">\u00a0PATHS tar deg med p\u00e5 en reise gjennom Ordspr\u00e5kene for \u00e5 avdekke hvordan Guds visdom\u00a0<\/span><span class=\"NormalTextRun SCXW187387299 BCX0\">i<\/span><span class=\"NormalTextRun SCXW187387299 BCX0\">sn't<\/span><span class=\"NormalTextRun SCXW187387299 BCX0\">\u00a0<\/span><span class=\"NormalTextRun SCXW187387299 BCX0\">nettopp l\u00e6rt: det er mottatt og LEVD, g\u00e5tt\u00a0<\/span><span class=\"NormalTextRun SCXW187387299 BCX0\">o<\/span><span class=\"NormalTextRun SCXW187387299 BCX0\">ut<\/span><span class=\"NormalTextRun SCXW187387299 BCX0\">\u00a0<\/span><span class=\"NormalTextRun SCXW187387299 BCX0\">og SE.\u00a0<\/span><span class=\"NormalTextRun SCXW187387299 BCX0\">Visdomsdamen, Salomo og deres medhjelpere utforsker visdommens veier! Hvor begynner visdommen?\u00a0<\/span><span class=\"NormalTextRun SCXW187387299 BCX0\">Hvordan tar vi imot den, og hvordan lever vi den?<\/span><span class=\"NormalTextRun SCXW187387299 BCX0\">\u00a0<\/span><span class=\"NormalTextRun SCXW187387299 BCX0\">I \u00e5r,\u00a0<\/span><span class=\"NormalTextRun SCXW187387299 BCX0\">w<\/span><span class=\"NormalTextRun SCXW187387299 BCX0\">e vil<\/span><span class=\"NormalTextRun SCXW187387299 BCX0\">\u00a0<\/span><span class=\"NormalTextRun SCXW187387299 BCX0\">utforske hva det vil si \u00e5 vandre med visdom - \u00e5 ta valg som former hvem vi blir og\u00a0<\/span><span class=\"NormalTextRun SCXW187387299 BCX0\">hvordan<\/span><span class=\"NormalTextRun SCXW187387299 BCX0\">\u00a0<\/span><span class=\"NormalTextRun SCXW187387299 BCX0\">vi<\/span><span class=\"NormalTextRun SCXW187387299 BCX0\">\u00a0bor i\u00a0<\/span><span class=\"NormalTextRun SCXW187387299 BCX0\">verden.<\/span><\/span><span class=\"EOP SCXW187387299 BCX0\" data-ccp-props=\"{}\">\u00a0<\/span><\/p>\t\t\t\t\t\t\t\t<\/div>\n\t\t\t\t<\/div>\n\t\t\t\t\t<\/div>\n\t\t<\/div>\n\t\t\t\t\t<\/div>\n\t\t<\/section>\n\t\t\t\t\t<\/div>\n\t\t<\/div>\n\t\t\t\t\t<\/div>\n\t\t<\/section>\n\t\t\t\t<\/div>","protected":false},"excerpt":{"rendered":"<p>\u00c5rets tema: PATHS | Wisdom's Call Hva om visdom ikke bare var noe du l\u00e6rte eller bare visste, men noe du hadde p\u00e5 deg? Noe som blir sett! Sett i vennskapene dine, sett i handlingene dine, h\u00f8rt i ordene dine, f\u00f8lt i f\u00f8lelsene dine. PATHS tar deg med p\u00e5 en reise gjennom Ordspr\u00e5kene for \u00e5 avdekke hvordan Guds visdom ikke bare l\u00e6res: den mottas og LEVES, vandres ut og SES. Visdomsdamen, Salomo og deres medvirkende utforsker visdommens veier! Hvor begynner visdommen? Hvordan mottar vi den, og hvordan lever vi den? I \u00e5r skal vi utforske hva det vil si \u00e5 vandre med visdom - \u00e5 ta valg som former hvem vi blir og hvordan vi lever i verden.\u00a0<\/p>","protected":false},"author":82,"featured_media":0,"parent":0,"menu_order":0,"comment_status":"closed","ping_status":"closed","template":"","meta":{"iawp_total_views":70,"footnotes":""},"class_list":["post-8911","page","type-page","status-publish","hentry"],"_links":{"self":[{"href":"https:\/\/teenstreet.life\/eu\/no\/wp-json\/wp\/v2\/pages\/8911","targetHints":{"allow":["GET"]}}],"collection":[{"href":"https:\/\/teenstreet.life\/eu\/no\/wp-json\/wp\/v2\/pages"}],"about":[{"href":"https:\/\/teenstreet.life\/eu\/no\/wp-json\/wp\/v2\/types\/page"}],"author":[{"embeddable":true,"href":"https:\/\/teenstreet.life\/eu\/no\/wp-json\/wp\/v2\/users\/82"}],"replies":[{"embeddable":true,"href":"https:\/\/teenstreet.life\/eu\/no\/wp-json\/wp\/v2\/comments?post=8911"}],"version-history":[{"count":6,"href":"https:\/\/teenstreet.life\/eu\/no\/wp-json\/wp\/v2\/pages\/8911\/revisions"}],"predecessor-version":[{"id":8936,"href":"https:\/\/teenstreet.life\/eu\/no\/wp-json\/wp\/v2\/pages\/8911\/revisions\/8936"}],"wp:attachment":[{"href":"https:\/\/teenstreet.life\/eu\/no\/wp-json\/wp\/v2\/media?parent=8911"}],"curies":[{"name":"wp","href":"https:\/\/api.w.org\/{rel}","templated":true}]}}