{"id":7888,"date":"2024-08-01T09:35:47","date_gmt":"2024-08-01T07:35:47","guid":{"rendered":"https:\/\/teenstreet.life\/eu\/?page_id=7888"},"modified":"2024-08-01T11:54:05","modified_gmt":"2024-08-01T09:54:05","slug":"dag-5-formal","status":"publish","type":"page","link":"https:\/\/teenstreet.life\/eu\/no\/day-5-purpose\/","title":{"rendered":"Dag 5 - Form\u00e5l"},"content":{"rendered":"<div data-elementor-type=\"wp-page\" data-elementor-id=\"7888\" class=\"elementor elementor-7888\" data-elementor-post-type=\"page\">\n\t\t\t\t\t\t<section class=\"elementor-section elementor-top-section elementor-element elementor-element-bcdf2cd elementor-section-boxed elementor-section-height-default elementor-section-height-default wpr-particle-no wpr-jarallax-no wpr-parallax-no wpr-sticky-section-no\" data-id=\"bcdf2cd\" data-element_type=\"section\" data-e-type=\"section\">\n\t\t\t\t\t\t<div class=\"elementor-container elementor-column-gap-default\">\n\t\t\t\t\t<div class=\"elementor-column elementor-col-100 elementor-top-column elementor-element elementor-element-631672e\" data-id=\"631672e\" data-element_type=\"column\" data-e-type=\"column\">\n\t\t\t<div class=\"elementor-widget-wrap elementor-element-populated\">\n\t\t\t\t\t\t<div class=\"elementor-element elementor-element-fb452f1 elementor-skin-carousel elementor-arrows-yes elementor-pagination-type-bullets elementor-pagination-position-outside elementor-widget elementor-widget-media-carousel\" data-id=\"fb452f1\" data-element_type=\"widget\" data-e-type=\"widget\" data-settings=\"{&quot;skin&quot;:&quot;carousel&quot;,&quot;effect&quot;:&quot;slide&quot;,&quot;show_arrows&quot;:&quot;yes&quot;,&quot;pagination&quot;:&quot;bullets&quot;,&quot;speed&quot;:500,&quot;autoplay&quot;:&quot;yes&quot;,&quot;autoplay_speed&quot;:5000,&quot;loop&quot;:&quot;yes&quot;,&quot;pause_on_hover&quot;:&quot;yes&quot;,&quot;pause_on_interaction&quot;:&quot;yes&quot;,&quot;space_between&quot;:{&quot;unit&quot;:&quot;px&quot;,&quot;size&quot;:10,&quot;sizes&quot;:[]},&quot;space_between_tablet&quot;:{&quot;unit&quot;:&quot;px&quot;,&quot;size&quot;:10,&quot;sizes&quot;:[]},&quot;space_between_mobile&quot;:{&quot;unit&quot;:&quot;px&quot;,&quot;size&quot;:10,&quot;sizes&quot;:[]}}\" data-widget_type=\"media-carousel.default\">\n\t\t\t\t<div class=\"elementor-widget-container\">\n\t\t\t\t\t\t\t\t\t<div class=\"elementor-swiper\">\n\t\t\t\t\t<div class=\"elementor-main-swiper swiper\" role=\"region\" aria-roledescription=\"carousel\" aria-label=\"Lysbilder\">\n\t\t\t\t<div class=\"swiper-wrapper\">\n\t\t\t\t\t\t\t\t\t\t\t<div class=\"swiper-slide\" role=\"group\" aria-roledescription=\"slide\">\n\t\t\t\t\t\t\t\t\t<div class=\"elementor-carousel-image\" role=\"img\" aria-label=\"\ud83d\udcf8 Benjamin H\u00f8yland\" style=\"background-image: url(&#039;https:\/\/teenstreet.life\/eu\/wp-content\/uploads\/sites\/13\/2024\/08\/TS24-DAY5-Logo-BHoyland-25-Mainhall.jpg&#039;)\">\n\n\t\t\t\n\t\t\t\t\t<\/div>\n\t\t\t\t\t\t\t\t<\/div>\n\t\t\t\t\t\t\t\t\t\t\t<div class=\"swiper-slide\" role=\"group\" aria-roledescription=\"slide\">\n\t\t\t\t\t\t\t\t\t<div class=\"elementor-carousel-image\" role=\"img\" aria-label=\"\ud83d\udcf8 Benjamin H\u00f8yland\" style=\"background-image: url(&#039;https:\/\/teenstreet.life\/eu\/wp-content\/uploads\/sites\/13\/2024\/08\/TS24-DAY5-Logo-BHoyland-15-Mainhall.jpg&#039;)\">\n\n\t\t\t\n\t\t\t\t\t<\/div>\n\t\t\t\t\t\t\t\t<\/div>\n\t\t\t\t\t\t\t\t\t\t\t<div class=\"swiper-slide\" role=\"group\" aria-roledescription=\"slide\">\n\t\t\t\t\t\t\t\t\t<div class=\"elementor-carousel-image\" role=\"img\" aria-label=\"TS24_Day5_BRathke_10_Outreach\" style=\"background-image: url(&#039;https:\/\/teenstreet.life\/eu\/wp-content\/uploads\/sites\/13\/2024\/08\/TS24_Day5_BRathke_10_Outreach-scaled.jpg&#039;)\">\n\n\t\t\t\n\t\t\t\t\t<\/div>\n\t\t\t\t\t\t\t\t<\/div>\n\t\t\t\t\t\t\t\t\t\t\t<div class=\"swiper-slide\" role=\"group\" aria-roledescription=\"slide\">\n\t\t\t\t\t\t\t\t\t<div class=\"elementor-carousel-image\" role=\"img\" aria-label=\"TS24_Dag5_Logo_BRathke_08_Throne Room\" style=\"background-image: url(&#039;https:\/\/teenstreet.life\/eu\/wp-content\/uploads\/sites\/13\/2024\/08\/TS24_Day5_Logo_BRathke_08_Throne-Room.jpg&#039;)\">\n\n\t\t\t\n\t\t\t\t\t<\/div>\n\t\t\t\t\t\t\t\t<\/div>\n\t\t\t\t\t\t\t\t\t\t\t<div class=\"swiper-slide\" role=\"group\" aria-roledescription=\"slide\">\n\t\t\t\t\t\t\t\t\t<div class=\"elementor-carousel-image\" role=\"img\" aria-label=\"\ud83d\udcf8 Benjamin H\u00f8yland\" style=\"background-image: url(&#039;https:\/\/teenstreet.life\/eu\/wp-content\/uploads\/sites\/13\/2024\/08\/TS24-DAY5-Logo-BHoyland-27-Interact.jpg&#039;)\">\n\n\t\t\t\n\t\t\t\t\t<\/div>\n\t\t\t\t\t\t\t\t<\/div>\n\t\t\t\t\t\t\t\t\t<\/div>\n\t\t\t\t\t\t\t\t\t\t\t\t\t\t\t<div class=\"elementor-swiper-button elementor-swiper-button-prev\" role=\"button\" tabindex=\"0\" aria-label=\"Tidligere\">\n\t\t\t\t\t\t\t<i aria-hidden=\"true\" class=\"eicon-chevron-left\"><\/i>\t\t\t\t\t\t<\/div>\n\t\t\t\t\t\t<div class=\"elementor-swiper-button elementor-swiper-button-next\" role=\"button\" tabindex=\"0\" aria-label=\"Neste\">\n\t\t\t\t\t\t\t<i aria-hidden=\"true\" class=\"eicon-chevron-right\"><\/i>\t\t\t\t\t\t<\/div>\n\t\t\t\t\t\t\t\t\t\t\t\t\t\t\t\t<div class=\"swiper-pagination\"><\/div>\n\t\t\t\t\t\t\t\t\t\t\t\t<\/div>\n\t\t\t\t<\/div>\n\t\t\t\t\t\t\t\t<\/div>\n\t\t\t\t<\/div>\n\t\t\t\t\t<\/div>\n\t\t<\/div>\n\t\t\t\t\t<\/div>\n\t\t<\/section>\n\t\t\t\t<section class=\"elementor-section elementor-top-section elementor-element elementor-element-948dfb4 elementor-section-boxed elementor-section-height-default elementor-section-height-default wpr-particle-no wpr-jarallax-no wpr-parallax-no wpr-sticky-section-no\" data-id=\"948dfb4\" data-element_type=\"section\" data-e-type=\"section\">\n\t\t\t\t\t\t<div class=\"elementor-container elementor-column-gap-default\">\n\t\t\t\t\t<div class=\"elementor-column elementor-col-100 elementor-top-column elementor-element elementor-element-05e9216\" data-id=\"05e9216\" data-element_type=\"column\" data-e-type=\"column\">\n\t\t\t<div class=\"elementor-widget-wrap elementor-element-populated\">\n\t\t\t\t\t\t<div class=\"elementor-element elementor-element-b5568df elementor-widget elementor-widget-text-editor\" data-id=\"b5568df\" data-element_type=\"widget\" data-e-type=\"widget\" data-widget_type=\"text-editor.default\">\n\t\t\t\t<div class=\"elementor-widget-container\">\n\t\t\t\t\t\t\t\t\t<p>Dag 5: Form\u00e5l\u00a0<\/p><p>\u00a0Hva ville TeenStreet v\u00e6rt uten serviceteamet? 652 personer jobber bak kulissene i \u00e5r og gj\u00f8r TeenStreet mulig - p\u00e5 kj\u00f8kkenet, med toalettrengj\u00f8ring, som vakter, i en morsom matbod og s\u00e5 videre. I morges takket vi dem h\u00f8yt! Serviceteam, vi elsker dere!\u00a0<\/p><p>\u00a0Akkurat som den olympiske flammen er det ogs\u00e5 viktig for oss som kristne \u00e5 gi fakkelen videre og bringe lyset om Jesus ut i verden. For det er fortsatt vel 3 milliarder mennesker som har liten eller ingen mulighet til \u00e5 h\u00f8re om Jesus. \u00a0<\/p><p>\u00a0Vi vet fra Paulus at han ikke hvilte selv p\u00e5 slutten av sin tjeneste, men fortsatte \u00e5 forkynne evangeliet helt til neste generasjon tok opp fakkelen. Like f\u00f8r Jesus dro tilbake til sin himmelske Far, sa han til disiplene sine at de skulle v\u00e6re hans vitner - hans bevis (Apg 1,8). Med Den hellige \u00e5nds DUNAMIS-kraft vil ogs\u00e5 v\u00e5re liv forandre seg, og vi vil v\u00e6re bevis p\u00e5 hans kj\u00e6rlighet og bringe hans lys inn i verden. Hans DUMANIS-kraft vil beskytte oss.\u00a0<\/p><p>\u00a0P\u00e5 ettermiddagen gikk mange ten\u00e5ringer ut i byen og brakte Hans lys til folket i Offenburg - ved \u00e5 spille fotball, st\u00e5 p\u00e5 b\u00f8nnetribuner eller snakke med forbipasserende. Ten\u00e5ringene kom tilbake med lysende \u00f8yne og fulle av begeistring over det de hadde opplevd. \u00a0<\/p><p>\u00a0I Throne Room ble vi minnet p\u00e5 at vi som kristne m\u00e5 velge Gud HVER dag. Deretter startet vi en lovsangsstund, der vi ogs\u00e5 brukte de sm\u00e5 faklene som alle fikk ved inngangen, og viftet med dem rundt og lovpriste Gud. Da vi sang sangen \"Battle belongs\", gikk vi alle ned p\u00e5 kn\u00e6rne og sang: \"S\u00e5 n\u00e5r jeg kjemper, kjemper jeg p\u00e5 mine kn\u00e6r med hendene h\u00f8yt l\u00f8ftet. \u00c5, Gud, kampen tilh\u00f8rer deg.\" Senere gikk vi ned p\u00e5 kne igjen - denne gangen for \u00e5 bekjenne v\u00e5re synder for Gud - og sang \"Kristus og Kristus korsfestet\". For en kveld!<\/p>\t\t\t\t\t\t\t\t<\/div>\n\t\t\t\t<\/div>\n\t\t\t\t\t<\/div>\n\t\t<\/div>\n\t\t\t\t\t<\/div>\n\t\t<\/section>\n\t\t\t\t<section class=\"elementor-section elementor-top-section elementor-element elementor-element-0ee6a83 elementor-section-boxed elementor-section-height-default elementor-section-height-default wpr-particle-no wpr-jarallax-no wpr-parallax-no wpr-sticky-section-no\" data-id=\"0ee6a83\" data-element_type=\"section\" data-e-type=\"section\">\n\t\t\t\t\t\t<div class=\"elementor-container elementor-column-gap-default\">\n\t\t\t\t\t<div class=\"elementor-column elementor-col-100 elementor-top-column elementor-element elementor-element-2573971\" data-id=\"2573971\" data-element_type=\"column\" data-e-type=\"column\">\n\t\t\t<div class=\"elementor-widget-wrap elementor-element-populated\">\n\t\t\t\t\t\t<div class=\"elementor-element elementor-element-95bab5a elementor-widget elementor-widget-image\" data-id=\"95bab5a\" data-element_type=\"widget\" data-e-type=\"widget\" data-widget_type=\"image.default\">\n\t\t\t\t<div class=\"elementor-widget-container\">\n\t\t\t\t\t\t\t\t\t\t\t\t\t\t\t<img decoding=\"async\" src=\"https:\/\/teenstreet.life\/eu\/wp-content\/uploads\/sites\/13\/2024\/07\/Capture-decran-2024-07-30-a-09.37.43.png\" title=\"Capture d&#039;\u00e9cran 2024-07-30 \u00e0 09.37.43\" alt=\"Capture d&#039;\u00e9cran 2024-07-30 \u00e0 09.37.43\" loading=\"lazy\" \/>\t\t\t\t\t\t\t\t\t\t\t\t\t\t\t<\/div>\n\t\t\t\t<\/div>\n\t\t\t\t\t<\/div>\n\t\t<\/div>\n\t\t\t\t\t<\/div>\n\t\t<\/section>\n\t\t\t\t<\/div>","protected":false},"excerpt":{"rendered":"<p>Forrige Neste Dag 5: Form\u00e5l Hva ville TeenStreet v\u00e6rt uten serviceteamet? 652 personer jobber bak kulissene i \u00e5r og gj\u00f8r TeenStreet mulig - p\u00e5 kj\u00f8kkenet, med toalettrengj\u00f8ring, som vakter, i en morsom matbod og s\u00e5 videre. I morges takket vi dem h\u00f8yt! Serviceteam, vi elsker dere!   Akkurat som den olympiske flammen er det ogs\u00e5 viktig for oss som kristne \u00e5 gi fakkelen videre og bringe Jesu lys ut i verden. For det er fortsatt vel 3 milliarder mennesker som har liten eller ingen mulighet til \u00e5 h\u00f8re om Jesus.    Vi vet fra Paulus at han ikke hvilte selv p\u00e5 slutten av sin tjeneste, men fortsatte \u00e5 forkynne evangeliet helt til neste generasjon tok opp fakkelen. Like f\u00f8r Jesus dro tilbake til sin himmelske Far, sa han til disiplene sine at de skulle v\u00e6re hans vitner - hans bevis (Apg 1,8). Med Den hellige \u00e5nds DUNAMIS-kraft vil ogs\u00e5 v\u00e5re liv forandre seg, og vi vil v\u00e6re bevis p\u00e5 hans kj\u00e6rlighet og bringe hans lys inn i verden. Hans DUMANIS-kraft vil beskytte oss.   P\u00e5 ettermiddagen gikk mange ten\u00e5ringer ut i byen og brakte Hans lys til folket i Offenburg - ved \u00e5 spille fotball, st\u00e5 p\u00e5 b\u00f8nnetribuner eller snakke med forbipasserende. Ten\u00e5ringene kom tilbake med lysende \u00f8yne og fulle av begeistring over det de hadde opplevd.    I Throne Room ble vi minnet p\u00e5 at vi som kristne m\u00e5 velge Gud HVER dag. Deretter startet vi en lovsangsstund, der vi ogs\u00e5 brukte de sm\u00e5 faklene som alle fikk ved inngangen, og viftet rundt med dem og lovpriste Gud. Da vi sang sangen \u201cBattle belongs\u201d, gikk vi alle ned p\u00e5 kn\u00e6rne og sang: \u201cS\u00e5 n\u00e5r jeg kjemper, kjemper jeg p\u00e5 mine kn\u00e6r med hendene h\u00f8yt l\u00f8ftet. \u00c5, Gud, kampen tilh\u00f8rer deg.\u201d Senere gikk vi ned p\u00e5 kne igjen - denne gangen for \u00e5 bekjenne v\u00e5re synder for Gud - og sang \u201cKristus og Kristus korsfestet\u201d. For en kveld!<\/p>","protected":false},"author":74,"featured_media":7913,"parent":0,"menu_order":0,"comment_status":"closed","ping_status":"closed","template":"","meta":{"iawp_total_views":0,"footnotes":""},"class_list":["post-7888","page","type-page","status-publish","has-post-thumbnail","hentry"],"_links":{"self":[{"href":"https:\/\/teenstreet.life\/eu\/no\/wp-json\/wp\/v2\/pages\/7888","targetHints":{"allow":["GET"]}}],"collection":[{"href":"https:\/\/teenstreet.life\/eu\/no\/wp-json\/wp\/v2\/pages"}],"about":[{"href":"https:\/\/teenstreet.life\/eu\/no\/wp-json\/wp\/v2\/types\/page"}],"author":[{"embeddable":true,"href":"https:\/\/teenstreet.life\/eu\/no\/wp-json\/wp\/v2\/users\/74"}],"replies":[{"embeddable":true,"href":"https:\/\/teenstreet.life\/eu\/no\/wp-json\/wp\/v2\/comments?post=7888"}],"version-history":[{"count":5,"href":"https:\/\/teenstreet.life\/eu\/no\/wp-json\/wp\/v2\/pages\/7888\/revisions"}],"predecessor-version":[{"id":7926,"href":"https:\/\/teenstreet.life\/eu\/no\/wp-json\/wp\/v2\/pages\/7888\/revisions\/7926"}],"wp:featuredmedia":[{"embeddable":true,"href":"https:\/\/teenstreet.life\/eu\/no\/wp-json\/wp\/v2\/media\/7913"}],"wp:attachment":[{"href":"https:\/\/teenstreet.life\/eu\/no\/wp-json\/wp\/v2\/media?parent=7888"}],"curies":[{"name":"wp","href":"https:\/\/api.w.org\/{rel}","templated":true}]}}