{"id":7873,"date":"2024-07-31T11:52:59","date_gmt":"2024-07-31T09:52:59","guid":{"rendered":"https:\/\/teenstreet.life\/eu\/?page_id=7873"},"modified":"2024-07-31T11:53:00","modified_gmt":"2024-07-31T09:53:00","slug":"dag-4-tilfredshet","status":"publish","type":"page","link":"https:\/\/teenstreet.life\/eu\/no\/day-4-contentment\/","title":{"rendered":"Dag 4 - Tilfredshet"},"content":{"rendered":"<div data-elementor-type=\"wp-page\" data-elementor-id=\"7873\" class=\"elementor elementor-7873\" data-elementor-post-type=\"page\">\n\t\t\t\t\t\t<section class=\"elementor-section elementor-top-section elementor-element elementor-element-174c546 elementor-section-boxed elementor-section-height-default elementor-section-height-default wpr-particle-no wpr-jarallax-no wpr-parallax-no wpr-sticky-section-no\" data-id=\"174c546\" data-element_type=\"section\" data-e-type=\"section\">\n\t\t\t\t\t\t<div class=\"elementor-container elementor-column-gap-default\">\n\t\t\t\t\t<div class=\"elementor-column elementor-col-100 elementor-top-column elementor-element elementor-element-8efb91b\" data-id=\"8efb91b\" data-element_type=\"column\" data-e-type=\"column\">\n\t\t\t<div class=\"elementor-widget-wrap elementor-element-populated\">\n\t\t\t\t\t\t<div class=\"elementor-element elementor-element-4ab9919 elementor-skin-carousel elementor-arrows-yes elementor-pagination-type-bullets elementor-pagination-position-outside elementor-widget elementor-widget-media-carousel\" data-id=\"4ab9919\" data-element_type=\"widget\" data-e-type=\"widget\" data-settings=\"{&quot;skin&quot;:&quot;carousel&quot;,&quot;effect&quot;:&quot;slide&quot;,&quot;show_arrows&quot;:&quot;yes&quot;,&quot;pagination&quot;:&quot;bullets&quot;,&quot;speed&quot;:500,&quot;autoplay&quot;:&quot;yes&quot;,&quot;autoplay_speed&quot;:5000,&quot;loop&quot;:&quot;yes&quot;,&quot;pause_on_hover&quot;:&quot;yes&quot;,&quot;pause_on_interaction&quot;:&quot;yes&quot;,&quot;space_between&quot;:{&quot;unit&quot;:&quot;px&quot;,&quot;size&quot;:10,&quot;sizes&quot;:[]},&quot;space_between_tablet&quot;:{&quot;unit&quot;:&quot;px&quot;,&quot;size&quot;:10,&quot;sizes&quot;:[]},&quot;space_between_mobile&quot;:{&quot;unit&quot;:&quot;px&quot;,&quot;size&quot;:10,&quot;sizes&quot;:[]}}\" data-widget_type=\"media-carousel.default\">\n\t\t\t\t<div class=\"elementor-widget-container\">\n\t\t\t\t\t\t\t\t\t<div class=\"elementor-swiper\">\n\t\t\t\t\t<div class=\"elementor-main-swiper swiper\" role=\"region\" aria-roledescription=\"carousel\" aria-label=\"Lysbilder\">\n\t\t\t\t<div class=\"swiper-wrapper\">\n\t\t\t\t\t\t\t\t\t\t\t<div class=\"swiper-slide\" role=\"group\" aria-roledescription=\"slide\">\n\t\t\t\t\t\t\t\t\t<div class=\"elementor-carousel-image\" role=\"img\" aria-label=\"TS24_DAY4_Logo_ASchneider_02_Interact2\" style=\"background-image: url(&#039;https:\/\/teenstreet.life\/eu\/wp-content\/uploads\/sites\/13\/2024\/07\/TS24_DAY4_Logo_ASchneider_02_Interact2.jpg&#039;)\">\n\n\t\t\t\n\t\t\t\t\t<\/div>\n\t\t\t\t\t\t\t\t<\/div>\n\t\t\t\t\t\t\t\t\t\t\t<div class=\"swiper-slide\" role=\"group\" aria-roledescription=\"slide\">\n\t\t\t\t\t\t\t\t\t<div class=\"elementor-carousel-image\" role=\"img\" aria-label=\"\ud83d\udcf8 Benjamin H\u00f8yland\" style=\"background-image: url(&#039;https:\/\/teenstreet.life\/eu\/wp-content\/uploads\/sites\/13\/2024\/07\/TS24-DAY4-Logo-BHoyland-36-Interact.jpg&#039;)\">\n\n\t\t\t\n\t\t\t\t\t<\/div>\n\t\t\t\t\t\t\t\t<\/div>\n\t\t\t\t\t\t\t\t\t\t\t<div class=\"swiper-slide\" role=\"group\" aria-roledescription=\"slide\">\n\t\t\t\t\t\t\t\t\t<div class=\"elementor-carousel-image\" role=\"img\" aria-label=\"TS24_DAY4_Logo_ASchneider_02_Interact3\" style=\"background-image: url(&#039;https:\/\/teenstreet.life\/eu\/wp-content\/uploads\/sites\/13\/2024\/07\/TS24_DAY4_Logo_ASchneider_02_Interact3.jpg&#039;)\">\n\n\t\t\t\n\t\t\t\t\t<\/div>\n\t\t\t\t\t\t\t\t<\/div>\n\t\t\t\t\t\t\t\t\t\t\t<div class=\"swiper-slide\" role=\"group\" aria-roledescription=\"slide\">\n\t\t\t\t\t\t\t\t\t<div class=\"elementor-carousel-image\" role=\"img\" aria-label=\"TS24_DAY4_Logo_ASchneider_05_Interact3\" style=\"background-image: url(&#039;https:\/\/teenstreet.life\/eu\/wp-content\/uploads\/sites\/13\/2024\/07\/TS24_DAY4_Logo_ASchneider_05_Interact3.jpg&#039;)\">\n\n\t\t\t\n\t\t\t\t\t<\/div>\n\t\t\t\t\t\t\t\t<\/div>\n\t\t\t\t\t\t\t\t\t\t\t<div class=\"swiper-slide\" role=\"group\" aria-roledescription=\"slide\">\n\t\t\t\t\t\t\t\t\t<div class=\"elementor-carousel-image\" role=\"img\" aria-label=\"TS24_Dag4_Logo_MBosch_16_Throne Room\" style=\"background-image: url(&#039;https:\/\/teenstreet.life\/eu\/wp-content\/uploads\/sites\/13\/2024\/07\/TS24_Day4_Logo_MBosch_16_Throne-Room.jpg&#039;)\">\n\n\t\t\t\n\t\t\t\t\t<\/div>\n\t\t\t\t\t\t\t\t<\/div>\n\t\t\t\t\t\t\t\t\t<\/div>\n\t\t\t\t\t\t\t\t\t\t\t\t\t\t\t<div class=\"elementor-swiper-button elementor-swiper-button-prev\" role=\"button\" tabindex=\"0\" aria-label=\"Tidligere\">\n\t\t\t\t\t\t\t<i aria-hidden=\"true\" class=\"eicon-chevron-left\"><\/i>\t\t\t\t\t\t<\/div>\n\t\t\t\t\t\t<div class=\"elementor-swiper-button elementor-swiper-button-next\" role=\"button\" tabindex=\"0\" aria-label=\"Neste\">\n\t\t\t\t\t\t\t<i aria-hidden=\"true\" class=\"eicon-chevron-right\"><\/i>\t\t\t\t\t\t<\/div>\n\t\t\t\t\t\t\t\t\t\t\t\t\t\t\t\t<div class=\"swiper-pagination\"><\/div>\n\t\t\t\t\t\t\t\t\t\t\t\t<\/div>\n\t\t\t\t<\/div>\n\t\t\t\t\t\t\t\t<\/div>\n\t\t\t\t<\/div>\n\t\t\t\t\t<\/div>\n\t\t<\/div>\n\t\t\t\t\t<\/div>\n\t\t<\/section>\n\t\t\t\t<section class=\"elementor-section elementor-top-section elementor-element elementor-element-22d2b21 elementor-section-boxed elementor-section-height-default elementor-section-height-default wpr-particle-no wpr-jarallax-no wpr-parallax-no wpr-sticky-section-no\" data-id=\"22d2b21\" data-element_type=\"section\" data-e-type=\"section\">\n\t\t\t\t\t\t<div class=\"elementor-container elementor-column-gap-default\">\n\t\t\t\t\t<div class=\"elementor-column elementor-col-100 elementor-top-column elementor-element elementor-element-e8fba36\" data-id=\"e8fba36\" data-element_type=\"column\" data-e-type=\"column\">\n\t\t\t<div class=\"elementor-widget-wrap elementor-element-populated\">\n\t\t\t\t\t\t<div class=\"elementor-element elementor-element-52a0a51 elementor-widget elementor-widget-text-editor\" data-id=\"52a0a51\" data-element_type=\"widget\" data-e-type=\"widget\" data-widget_type=\"text-editor.default\">\n\t\t\t\t<div class=\"elementor-widget-container\">\n\t\t\t\t\t\t\t\t\t<p>Dag 4: tilfredshet<\/p><p>It might get loud\" - med denne sangen ble ten\u00e5ringene m\u00f8tt i storsalen i dag. Og det ble h\u00f8ylytt da det beste kostymet fra fillekonkurransen - Aliens - ble k\u00e5ret, og da donasjonssummen ble kunngjort: 48 166 euro.<\/p>\n<p>Dagens tema handlet om \u00e5 v\u00e6re tilfreds selv i tider med lidelse. Etter sin omvendelse dro Paulus, den tidligere kristenforf\u00f8lgeren Saulus, til mennesker som enn\u00e5 ikke kjente Jesus, og led mye. Blant annet overlevde han sin egen steining. Med utgangspunkt i Rom 8,18 inns\u00e5 vi at vi i tider med lidelse ofte zoomer inn p\u00e5 problemet som med et mikroskop, men Paulus ber oss om \u00e5 zoome ut og fokusere p\u00e5 Gud.<\/p>\n<p>Det var ikke mye som skjedde p\u00e5 TeenStreet-omr\u00e5det p\u00e5 ettermiddagen p\u00e5 grunn av varmen, og mange foretrakk \u00e5 holde seg innend\u00f8rs eller \u00e5 bade i den n\u00e6rliggende innsj\u00f8en.<\/p>\n<p>&nbsp;P\u00e5 kvelden var det et litt annerledes Throne Room som sto p\u00e5 programmet: b\u00f8nnekvelden. Bandet spilte akustisk, og Josh Green, ungdomsleder for 24-7 Prayer, ledet gjennom kvelden. Han understreket at Jesus startet kirken som et b\u00f8nnem\u00f8te, og at det n\u00e5 er p\u00e5 tide at kirken vender tilbake til sitt opphav og blir et b\u00f8nnens hus. \"B\u00f8nn m\u00e5 v\u00e6re utholdende, konsekvent og motstandsdyktig\", utfordret han oss.<\/p>\n<p>Deretter gikk ten\u00e5ringene i sm\u00e5 grupper til ulike b\u00f8nnestasjoner for \u00e5 be for de un\u00e5dde og for hverandre. Til slutt gikk ten\u00e5ringer fra over 30 nasjoner opp p\u00e5 scenen for \u00e5 be for sitt eget land p\u00e5 sitt eget spr\u00e5k. Et \"hellig kaos\", men likevel et s\u00e5 vakkert tegn p\u00e5 Kristi kropp. Til slutt ba alle Faderv\u00e5r samtidig p\u00e5 sine egne spr\u00e5k.<\/p>\t\t\t\t\t\t\t\t<\/div>\n\t\t\t\t<\/div>\n\t\t\t\t\t<\/div>\n\t\t<\/div>\n\t\t\t\t\t<\/div>\n\t\t<\/section>\n\t\t\t\t<section class=\"elementor-section elementor-top-section elementor-element elementor-element-87967e1 elementor-section-boxed elementor-section-height-default elementor-section-height-default wpr-particle-no wpr-jarallax-no wpr-parallax-no wpr-sticky-section-no\" data-id=\"87967e1\" data-element_type=\"section\" data-e-type=\"section\">\n\t\t\t\t\t\t<div class=\"elementor-container elementor-column-gap-default\">\n\t\t\t\t\t<div class=\"elementor-column elementor-col-100 elementor-top-column elementor-element elementor-element-386a533\" data-id=\"386a533\" data-element_type=\"column\" data-e-type=\"column\">\n\t\t\t<div class=\"elementor-widget-wrap elementor-element-populated\">\n\t\t\t\t\t\t<div class=\"elementor-element elementor-element-887f3fc elementor-widget elementor-widget-image\" data-id=\"887f3fc\" data-element_type=\"widget\" data-e-type=\"widget\" data-widget_type=\"image.default\">\n\t\t\t\t<div class=\"elementor-widget-container\">\n\t\t\t\t\t\t\t\t\t\t\t\t\t\t\t<img decoding=\"async\" src=\"https:\/\/teenstreet.life\/eu\/wp-content\/uploads\/sites\/13\/2024\/07\/Capture-decran-2024-07-30-a-09.37.43.png\" title=\"Capture d&#039;\u00e9cran 2024-07-30 \u00e0 09.37.43\" alt=\"Capture d&#039;\u00e9cran 2024-07-30 \u00e0 09.37.43\" loading=\"lazy\" \/>\t\t\t\t\t\t\t\t\t\t\t\t\t\t\t<\/div>\n\t\t\t\t<\/div>\n\t\t\t\t\t<\/div>\n\t\t<\/div>\n\t\t\t\t\t<\/div>\n\t\t<\/section>\n\t\t\t\t<\/div>","protected":false},"excerpt":{"rendered":"<p>Forrige Neste Dag 4: contentment It might get loud\u201d - med denne sangen ble ten\u00e5ringene m\u00f8tt i storsalen i dag. Og det ble h\u00f8ylytt da det beste kostymet fra fillekonkurransen - Aliens - ble k\u00e5ret, og da donasjonssummen ble kunngjort: 48 166 euro. Dagens tema handlet om \u00e5 v\u00e6re tilfreds selv i tider med lidelse. Etter sin omvendelse dro Paulus, den tidligere kristenforf\u00f8lgeren Saulus, til mennesker som enn\u00e5 ikke kjente Jesus, og led mye. Blant annet overlevde han sin egen steining. Med utgangspunkt i Rom 8,18 inns\u00e5 vi at vi i tider med lidelse ofte zoomer inn p\u00e5 problemet som med et mikroskop, men Paulus ber oss om \u00e5 zoome ut og fokusere p\u00e5 Gud. P\u00e5 ettermiddagen var det ikke mye som foregikk p\u00e5 TeenStreet-stedet p\u00e5 grunn av varmen, og mange foretrakk \u00e5 holde seg innend\u00f8rs eller \u00e5 bade i den n\u00e6rliggende innsj\u00f8en.  Om kvelden var det et litt annerledes Throne Room som sto p\u00e5 programmet: b\u00f8nnekveld. Bandet spilte akustisk, og Josh Green, ungdomsleder for 24-7 Prayer, ledet gjennom kvelden. Han understreket at Jesus startet kirken som et b\u00f8nnem\u00f8te, og at det n\u00e5 er p\u00e5 tide at kirken vender tilbake til sitt opphav og blir et b\u00f8nnens hus. \u201cB\u00f8nn m\u00e5 v\u00e6re utholdende, konsekvent og motstandsdyktig\u201d, utfordret han oss. Deretter gikk ten\u00e5ringene i sm\u00e5grupper til ulike b\u00f8nnestasjoner for \u00e5 be for de un\u00e5dde og for hverandre. Til slutt gikk ten\u00e5ringer fra over 30 nasjoner opp p\u00e5 scenen for \u00e5 be for sitt eget land p\u00e5 sitt eget spr\u00e5k. Et \u201chellig kaos\u201d, men likevel et s\u00e5 vakkert tegn p\u00e5 Kristi kropp. Til slutt ba alle Faderv\u00e5r samtidig p\u00e5 sine egne spr\u00e5k.<\/p>","protected":false},"author":74,"featured_media":7876,"parent":0,"menu_order":0,"comment_status":"closed","ping_status":"closed","template":"","meta":{"iawp_total_views":0,"footnotes":""},"class_list":["post-7873","page","type-page","status-publish","has-post-thumbnail","hentry"],"_links":{"self":[{"href":"https:\/\/teenstreet.life\/eu\/no\/wp-json\/wp\/v2\/pages\/7873","targetHints":{"allow":["GET"]}}],"collection":[{"href":"https:\/\/teenstreet.life\/eu\/no\/wp-json\/wp\/v2\/pages"}],"about":[{"href":"https:\/\/teenstreet.life\/eu\/no\/wp-json\/wp\/v2\/types\/page"}],"author":[{"embeddable":true,"href":"https:\/\/teenstreet.life\/eu\/no\/wp-json\/wp\/v2\/users\/74"}],"replies":[{"embeddable":true,"href":"https:\/\/teenstreet.life\/eu\/no\/wp-json\/wp\/v2\/comments?post=7873"}],"version-history":[{"count":5,"href":"https:\/\/teenstreet.life\/eu\/no\/wp-json\/wp\/v2\/pages\/7873\/revisions"}],"predecessor-version":[{"id":7908,"href":"https:\/\/teenstreet.life\/eu\/no\/wp-json\/wp\/v2\/pages\/7873\/revisions\/7908"}],"wp:featuredmedia":[{"embeddable":true,"href":"https:\/\/teenstreet.life\/eu\/no\/wp-json\/wp\/v2\/media\/7876"}],"wp:attachment":[{"href":"https:\/\/teenstreet.life\/eu\/no\/wp-json\/wp\/v2\/media?parent=7873"}],"curies":[{"name":"wp","href":"https:\/\/api.w.org\/{rel}","templated":true}]}}