{"id":7608,"date":"2024-07-29T19:04:06","date_gmt":"2024-07-29T17:04:06","guid":{"rendered":"https:\/\/teenstreet.life\/eu\/?page_id=7608"},"modified":"2024-07-30T12:33:11","modified_gmt":"2024-07-30T10:33:11","slug":"dag-2-fet","status":"publish","type":"page","link":"https:\/\/teenstreet.life\/eu\/no\/day-2-bold\/","title":{"rendered":"Dag 2 - Fet"},"content":{"rendered":"<div data-elementor-type=\"wp-page\" data-elementor-id=\"7608\" class=\"elementor elementor-7608\" data-elementor-post-type=\"page\">\n\t\t\t\t\t\t<section class=\"elementor-section elementor-top-section elementor-element elementor-element-2146acf elementor-section-boxed elementor-section-height-default elementor-section-height-default wpr-particle-no wpr-jarallax-no wpr-parallax-no wpr-sticky-section-no\" data-id=\"2146acf\" data-element_type=\"section\" data-e-type=\"section\">\n\t\t\t\t\t\t<div class=\"elementor-container elementor-column-gap-default\">\n\t\t\t\t\t<div class=\"elementor-column elementor-col-100 elementor-top-column elementor-element elementor-element-ce80660\" data-id=\"ce80660\" data-element_type=\"column\" data-e-type=\"column\">\n\t\t\t<div class=\"elementor-widget-wrap elementor-element-populated\">\n\t\t\t\t\t\t<div class=\"elementor-element elementor-element-04e814a elementor-skin-carousel elementor-arrows-yes elementor-pagination-type-bullets elementor-pagination-position-outside elementor-widget elementor-widget-media-carousel\" data-id=\"04e814a\" data-element_type=\"widget\" data-e-type=\"widget\" data-settings=\"{&quot;skin&quot;:&quot;carousel&quot;,&quot;effect&quot;:&quot;slide&quot;,&quot;show_arrows&quot;:&quot;yes&quot;,&quot;pagination&quot;:&quot;bullets&quot;,&quot;speed&quot;:500,&quot;autoplay&quot;:&quot;yes&quot;,&quot;autoplay_speed&quot;:5000,&quot;loop&quot;:&quot;yes&quot;,&quot;pause_on_hover&quot;:&quot;yes&quot;,&quot;pause_on_interaction&quot;:&quot;yes&quot;,&quot;space_between&quot;:{&quot;unit&quot;:&quot;px&quot;,&quot;size&quot;:10,&quot;sizes&quot;:[]},&quot;space_between_tablet&quot;:{&quot;unit&quot;:&quot;px&quot;,&quot;size&quot;:10,&quot;sizes&quot;:[]},&quot;space_between_mobile&quot;:{&quot;unit&quot;:&quot;px&quot;,&quot;size&quot;:10,&quot;sizes&quot;:[]}}\" data-widget_type=\"media-carousel.default\">\n\t\t\t\t<div class=\"elementor-widget-container\">\n\t\t\t\t\t\t\t\t\t<div class=\"elementor-swiper\">\n\t\t\t\t\t<div class=\"elementor-main-swiper swiper\" role=\"region\" aria-roledescription=\"carousel\" aria-label=\"Dias (lysbilder)\">\n\t\t\t\t<div class=\"swiper-wrapper\">\n\t\t\t\t\t\t\t\t\t\t\t<div class=\"swiper-slide\" role=\"group\" aria-roledescription=\"slide\">\n\t\t\t\t\t\t\t\t\t<div class=\"elementor-carousel-image\" role=\"img\" aria-label=\"TS24_Dag2_Logo_RvanKranenburg_18_Mainhall\" style=\"background-image: url(&#039;https:\/\/teenstreet.life\/eu\/wp-content\/uploads\/sites\/13\/2024\/07\/TS24_Day2_Logo_RvanKranenburg_18_Mainhall.jpg&#039;)\">\n\n\t\t\t\n\t\t\t\t\t<\/div>\n\t\t\t\t\t\t\t\t<\/div>\n\t\t\t\t\t\t\t\t\t\t\t<div class=\"swiper-slide\" role=\"group\" aria-roledescription=\"slide\">\n\t\t\t\t\t\t\t\t\t<div class=\"elementor-carousel-image\" role=\"img\" aria-label=\"TS24_Dag2_Logo_RvanKranenburg_12_Mainhall\" style=\"background-image: url(&#039;https:\/\/teenstreet.life\/eu\/wp-content\/uploads\/sites\/13\/2024\/07\/TS24_Day2_Logo_RvanKranenburg_12_Mainhall.jpg&#039;)\">\n\n\t\t\t\n\t\t\t\t\t<\/div>\n\t\t\t\t\t\t\t\t<\/div>\n\t\t\t\t\t\t\t\t\t\t\t<div class=\"swiper-slide\" role=\"group\" aria-roledescription=\"slide\">\n\t\t\t\t\t\t\t\t\t<div class=\"elementor-carousel-image\" role=\"img\" aria-label=\"TS24_Dag2_Logo_MBosch_28_Throneroom\" style=\"background-image: url(&#039;https:\/\/teenstreet.life\/eu\/wp-content\/uploads\/sites\/13\/2024\/07\/TS24_Day2_Logo_MBosch_28_Throneroom.jpg&#039;)\">\n\n\t\t\t\n\t\t\t\t\t<\/div>\n\t\t\t\t\t\t\t\t<\/div>\n\t\t\t\t\t\t\t\t\t\t\t<div class=\"swiper-slide\" role=\"group\" aria-roledescription=\"slide\">\n\t\t\t\t\t\t\t\t\t<div class=\"elementor-carousel-image\" role=\"img\" aria-label=\"TS24_DAY2_Logo_ASchneider_10_Interact\" style=\"background-image: url(&#039;https:\/\/teenstreet.life\/eu\/wp-content\/uploads\/sites\/13\/2024\/07\/TS24_DAY2_Logo_ASchneider_10_Interact-scaled.jpg&#039;)\">\n\n\t\t\t\n\t\t\t\t\t<\/div>\n\t\t\t\t\t\t\t\t<\/div>\n\t\t\t\t\t\t\t\t\t\t\t<div class=\"swiper-slide\" role=\"group\" aria-roledescription=\"slide\">\n\t\t\t\t\t\t\t\t\t<div class=\"elementor-carousel-image\" role=\"img\" aria-label=\"TS24_Dag2_Logo_RvanKranenburg_09_Mainhall\" style=\"background-image: url(&#039;https:\/\/teenstreet.life\/eu\/wp-content\/uploads\/sites\/13\/2024\/07\/TS24_Day2_Logo_RvanKranenburg_09_Mainhall.jpg&#039;)\">\n\n\t\t\t\n\t\t\t\t\t<\/div>\n\t\t\t\t\t\t\t\t<\/div>\n\t\t\t\t\t\t\t\t\t<\/div>\n\t\t\t\t\t\t\t\t\t\t\t\t\t\t\t<div class=\"elementor-swiper-button elementor-swiper-button-prev\" role=\"button\" tabindex=\"0\" aria-label=\"Tidligere\" data-no-translation-aria-label=\"\">\n\t\t\t\t\t\t\t<i aria-hidden=\"true\" class=\"eicon-chevron-left\"><\/i>\t\t\t\t\t\t<\/div>\n\t\t\t\t\t\t<div class=\"elementor-swiper-button elementor-swiper-button-next\" role=\"button\" tabindex=\"0\" aria-label=\"N\u00e6ste\" data-no-translation-aria-label=\"\">\n\t\t\t\t\t\t\t<i aria-hidden=\"true\" class=\"eicon-chevron-right\"><\/i>\t\t\t\t\t\t<\/div>\n\t\t\t\t\t\t\t\t\t\t\t\t\t\t\t\t<div class=\"swiper-pagination\"><\/div>\n\t\t\t\t\t\t\t\t\t\t\t\t<\/div>\n\t\t\t\t<\/div>\n\t\t\t\t\t\t\t\t<\/div>\n\t\t\t\t<\/div>\n\t\t\t\t<div class=\"elementor-element elementor-element-976dc05 elementor-widget elementor-widget-text-editor\" data-id=\"976dc05\" data-element_type=\"widget\" data-e-type=\"widget\" data-widget_type=\"text-editor.default\">\n\t\t\t\t<div class=\"elementor-widget-container\">\n\t\t\t\t\t\t\t\t\t<div style=\"clear: both;cursor: text;overflow: visible;position: relative;direction: ltr;, arial, verdana, sans-serif;font-size: 12px\"><div style=\"clear: both;cursor: text;overflow: visible;position: relative;direction: ltr;font-family: 'Segoe UI', 'Segoe UI Web', Arial, Verdana, sans-serif\"><p style=\"margin-right: 0px;margin-bottom: 0px;margin-left: 0px;vertical-align: baseline\"><span lang=\"EN-US\" style=\"font-size: 13pt;line-height: 21.583333px;font-family: AppleSystemUIFont, AppleSystemUIFont_EmbeddedFont, AppleSystemUIFont_MSFontService, sans-serif\" xml:lang=\"EN-US\" data-contrast=\"auto\"><span>\"<\/span><span>Dristighet er ikke \u00e5 f\u00f8le noe<\/span><span>ting og S\u00c5 handler - det er det motsatte!\" <\/span><span>Peter, feigingen som fornektet Jesus, ble <\/span><span>dristig<\/span><span> da han begynte \u00e5 oppf\u00f8re seg som Jesus og etterligne ham. Dette er hvordan <\/span><span style=\"background-position: 0px 100%;background-repeat: repeat-x;background-image: var(--urlSpellingErrorV2,);border-bottom-width: 1px;border-bottom-style: solid;border-bottom-color: transparent\">dristighet<\/span><span> er f\u00f8dt. Med versene fra Romerbrevet 8,37-39 og l\u00f8ftet om at vi er mer enn seierherrer, ble ten\u00e5ringene sendt ut av storsalen for \u00e5 g\u00e5 til sine sm\u00e5grupper.<\/span><\/span><span style=\"font-size: 13pt;line-height: 21.583333px;font-family: AppleSystemUIFont, AppleSystemUIFont_EmbeddedFont, AppleSystemUIFont_MSFontService, sans-serif\" data-ccp-props=\"{}\">\u00a0<\/span><\/p><\/div><div style=\"clear: both;cursor: text;overflow: visible;position: relative;direction: ltr;font-family: 'Segoe UI', 'Segoe UI Web', Arial, Verdana, sans-serif\"><p style=\"margin-right: 0px;margin-bottom: 0px;margin-left: 0px;vertical-align: baseline\"><span style=\"font-size: 13pt;line-height: 21.583333px;font-family: AppleSystemUIFont, AppleSystemUIFont_EmbeddedFont, AppleSystemUIFont_MSFontService, sans-serif\" data-ccp-props=\"{}\">\u00a0<\/span><\/p><\/div><div style=\"clear: both;cursor: text;overflow: visible;position: relative;direction: ltr;font-family: 'Segoe UI', 'Segoe UI Web', Arial, Verdana, sans-serif\"><p style=\"margin-right: 0px;margin-bottom: 0px;margin-left: 0px;vertical-align: baseline\"><span lang=\"EN-US\" style=\"font-size: 13pt;line-height: 21.583333px;font-family: AppleSystemUIFont, AppleSystemUIFont_EmbeddedFont, AppleSystemUIFont_MSFontService, sans-serif\" xml:lang=\"EN-US\" data-contrast=\"auto\"><span>TeenStreet er en del av OM (Operation Mobili<\/span><span>z<\/span><span>ation<\/span><span style=\"background-position: 0px 100%;background-repeat: repeat-x;background-image: var(--urlContextualSpellingAndGrammarErrorV2,);border-bottom-width: 1px;border-bottom-style: solid;border-bottom-color: transparent\">)<\/span><span> og OM \u00f8nsker \u00e5 n\u00e5 de 3 milliarder menneskene som har liten mulighet til \u00e5 h\u00f8re om Jesus og hans kj\u00e6rlighet. Derfor fokuserer TeenStreet ogs\u00e5 p\u00e5 et un\u00e5dd land hver dag. Dagens un\u00e5dde land var Kirgisistan, s\u00e5 vi ba for landet og folket deres p\u00e5 forskjellige steder i l\u00f8pet av dagen.\u00a0<\/span><\/span><span style=\"font-size: 13pt;line-height: 21.583333px;font-family: AppleSystemUIFont, AppleSystemUIFont_EmbeddedFont, AppleSystemUIFont_MSFontService, sans-serif\" data-ccp-props=\"{}\">\u00a0<\/span><\/p><\/div><div style=\"clear: both;cursor: text;overflow: visible;position: relative;direction: ltr;font-family: 'Segoe UI', 'Segoe UI Web', Arial, Verdana, sans-serif\"><p style=\"margin-right: 0px;margin-bottom: 0px;margin-left: 0px;vertical-align: baseline\"><span style=\"font-size: 13pt;line-height: 21.583333px;font-family: AppleSystemUIFont, AppleSystemUIFont_EmbeddedFont, AppleSystemUIFont_MSFontService, sans-serif\" data-ccp-props=\"{}\">\u00a0<\/span><\/p><\/div><div style=\"clear: both;cursor: text;overflow: visible;position: relative;direction: ltr;font-family: 'Segoe UI', 'Segoe UI Web', Arial, Verdana, sans-serif\"><p style=\"margin-right: 0px;margin-bottom: 0px;margin-left: 0px;vertical-align: baseline\"><span lang=\"EN-US\" style=\"font-size: 13pt;line-height: 21.583333px;font-family: AppleSystemUIFont, AppleSystemUIFont_EmbeddedFont, AppleSystemUIFont_MSFontService, sans-serif\" xml:lang=\"EN-US\" data-contrast=\"auto\"><span>Under Throne Room ble vi minnet om historien om helbredelsen av tiggeren i Apostlenes gjerninger 3. Tiggeren, Peter og Johannes hadde \u00e9n ting til felles: de <\/span><span style=\"background-position: 0px 100%;background-repeat: repeat-x;background-image: var(--urlContextualSpellingAndGrammarErrorV2,);border-bottom-width: 1px;border-bottom-style: solid;border-bottom-color: transparent\">Far<\/span><span> som kjenner dem, elsker <\/span><span>dem<\/span><span> og \u00f8nsker \u00e5 helbrede dem - og det samme gjelder for oss. Elle <\/span><span style=\"background-position: 0px 100%;background-repeat: repeat-x;background-image: var(--urlSpellingErrorV2,);border-bottom-width: 1px;border-bottom-style: solid;border-bottom-color: transparent\">Limeb\u00e6r<\/span><span> (Storbritannia) ledet andakten. Hun snakket om psykisk helse og sine egne problemer med angst og <\/span><span>fremhevet<\/span><span> at vi bare kan finne trygghet, h\u00e5p og fred i Jesus. Hun utfordret oss til \u00e5 ta det neste dristige skrittet i tro - g\u00e5 til b\u00f8nneteamet, snakke med treneren v\u00e5r eller sm\u00e5gruppen. Gud venter allerede p\u00e5 oss.\u00a0<\/span><\/span><span style=\"font-size: 13pt;line-height: 21.583333px;font-family: AppleSystemUIFont, AppleSystemUIFont_EmbeddedFont, AppleSystemUIFont_MSFontService, sans-serif\" data-ccp-props=\"{}\">\u00a0<\/span><\/p><\/div><div style=\"clear: both;cursor: text;overflow: visible;position: relative;direction: ltr;font-family: 'Segoe UI', 'Segoe UI Web', Arial, Verdana, sans-serif\"><p style=\"margin-right: 0px;margin-bottom: 0px;margin-left: 0px;vertical-align: baseline\"><span style=\"font-size: 13pt;line-height: 21.583333px;font-family: AppleSystemUIFont, AppleSystemUIFont_EmbeddedFont, AppleSystemUIFont_MSFontService, sans-serif\" data-ccp-props=\"{}\">\u00a0<\/span><\/p><\/div><div style=\"clear: both;cursor: text;overflow: visible;position: relative;direction: ltr;font-family: 'Segoe UI', 'Segoe UI Web', Arial, Verdana, sans-serif\"><p style=\"margin-right: 0px;margin-bottom: 0px;margin-left: 0px;vertical-align: baseline\"><span lang=\"EN-US\" style=\"font-size: 13pt;line-height: 21.583333px;font-family: AppleSystemUIFont, AppleSystemUIFont_EmbeddedFont, AppleSystemUIFont_MSFontService, sans-serif\" xml:lang=\"EN-US\" data-contrast=\"auto\"><span>Lovsangen var intens, og de som \u00f8nsket \u00e5 v\u00e6re i Guds n\u00e6rv\u00e6r lenger, kunne fortsette<\/span><span> rosende<\/span><span> Han i storsalen, mens de andre avsluttet nok en TeenStreet-dag med hamburgere, alkoholfrie cocktails, sport, moro og fellesskap.<\/span><\/span><span style=\"font-size: 13pt;line-height: 21.583333px;font-family: AppleSystemUIFont, AppleSystemUIFont_EmbeddedFont, AppleSystemUIFont_MSFontService, sans-serif\" data-ccp-props=\"{}\">\u00a0<\/span><\/p><\/div><\/div><div style=\"clear: both;cursor: text;overflow: visible;position: relative;direction: ltr;, arial, verdana, sans-serif;font-size: 12px\">\u00a0<\/div>\t\t\t\t\t\t\t\t<\/div>\n\t\t\t\t<\/div>\n\t\t\t\t\t<\/div>\n\t\t<\/div>\n\t\t\t\t\t<\/div>\n\t\t<\/section>\n\t\t\t\t<section class=\"elementor-section elementor-top-section elementor-element elementor-element-ae84be4 elementor-section-boxed elementor-section-height-default elementor-section-height-default wpr-particle-no wpr-jarallax-no wpr-parallax-no wpr-sticky-section-no\" data-id=\"ae84be4\" data-element_type=\"section\" data-e-type=\"section\">\n\t\t\t\t\t\t<div class=\"elementor-container elementor-column-gap-default\">\n\t\t\t\t\t<div class=\"elementor-column elementor-col-100 elementor-top-column elementor-element elementor-element-06f2652\" data-id=\"06f2652\" data-element_type=\"column\" data-e-type=\"column\">\n\t\t\t<div class=\"elementor-widget-wrap elementor-element-populated\">\n\t\t\t\t\t\t<div class=\"elementor-element elementor-element-1054a12 elementor-widget elementor-widget-image\" data-id=\"1054a12\" data-element_type=\"widget\" data-e-type=\"widget\" data-widget_type=\"image.default\">\n\t\t\t\t<div class=\"elementor-widget-container\">\n\t\t\t\t\t\t\t\t\t\t\t\t\t\t\t<img decoding=\"async\" src=\"https:\/\/teenstreet.life\/eu\/wp-content\/uploads\/sites\/13\/2024\/07\/Capture-decran-2024-07-30-a-09.37.43.png\" title=\"Capture d&#039;\u00e9cran 2024-07-30 \u00e0 09.37.43\" alt=\"Capture d&#039;\u00e9cran 2024-07-30 \u00e0 09.37.43\" loading=\"lazy\" \/>\t\t\t\t\t\t\t\t\t\t\t\t\t\t\t<\/div>\n\t\t\t\t<\/div>\n\t\t\t\t\t<\/div>\n\t\t<\/div>\n\t\t\t\t\t<\/div>\n\t\t<\/section>\n\t\t\t\t<\/div>","protected":false},"excerpt":{"rendered":"<p>Previous Next \u201cBoldness is not feeling something and THEN acting \u2013 it\u2019s the opposite!\u201d Peter, the coward who denied Jesus, became bold when he began to act like Jesus, imitating him. This is how boldness is born. With the verses from Romans 8:37-39 and the promise that we are more than conquerors, the teenagers were dismissed from the Main Hall to go to their small groups.\u00a0 \u00a0 TeenStreet is part of OM (Operation Mobilization) and OM wants to reach the 3 billion people who have little opportunity to hear about Jesus and His love. So TeenStreet also focuses on an unreached country every day. Todays unreached country was Kyrgyzstan so we prayed for the country and their people in various places throughout the day.\u00a0\u00a0 \u00a0 During Throne Room, we were reminded about the story of the healing of the beggar in Acts 3. The beggar, Peter and John had one thing in common: the Father who knows them, loves them and wants to heal them &#8211; and the same is true for us. Elle Limebear (UK) led the worship. She spoke about mental health and her own problems with anxiety and emphasized that we can only find safety, hope and peace in Jesus. She challenged us to take the next bold step of faith &#8211; go to the prayer team, talk to our coach or small group. God is already waiting for us.\u00a0\u00a0 \u00a0 The worship time was intense and those who wanted to stay in God&#8217;s presence longer were able to continue praising Him in the Main Hall, while the others ended another TeenStreet day with burgers, non-alcoholic cocktails, sports, fun and fellowship.\u00a0 \u00a0<\/p>","protected":false},"author":74,"featured_media":7720,"parent":0,"menu_order":0,"comment_status":"closed","ping_status":"closed","template":"","meta":{"iawp_total_views":0,"footnotes":""},"class_list":["post-7608","page","type-page","status-publish","has-post-thumbnail","hentry"],"_links":{"self":[{"href":"https:\/\/teenstreet.life\/eu\/no\/wp-json\/wp\/v2\/pages\/7608","targetHints":{"allow":["GET"]}}],"collection":[{"href":"https:\/\/teenstreet.life\/eu\/no\/wp-json\/wp\/v2\/pages"}],"about":[{"href":"https:\/\/teenstreet.life\/eu\/no\/wp-json\/wp\/v2\/types\/page"}],"author":[{"embeddable":true,"href":"https:\/\/teenstreet.life\/eu\/no\/wp-json\/wp\/v2\/users\/74"}],"replies":[{"embeddable":true,"href":"https:\/\/teenstreet.life\/eu\/no\/wp-json\/wp\/v2\/comments?post=7608"}],"version-history":[{"count":5,"href":"https:\/\/teenstreet.life\/eu\/no\/wp-json\/wp\/v2\/pages\/7608\/revisions"}],"predecessor-version":[{"id":7868,"href":"https:\/\/teenstreet.life\/eu\/no\/wp-json\/wp\/v2\/pages\/7608\/revisions\/7868"}],"wp:featuredmedia":[{"embeddable":true,"href":"https:\/\/teenstreet.life\/eu\/no\/wp-json\/wp\/v2\/media\/7720"}],"wp:attachment":[{"href":"https:\/\/teenstreet.life\/eu\/no\/wp-json\/wp\/v2\/media?parent=7608"}],"curies":[{"name":"wp","href":"https:\/\/api.w.org\/{rel}","templated":true}]}}