{"id":60,"date":"2020-05-25T09:24:00","date_gmt":"2020-05-25T09:24:00","guid":{"rendered":"https:\/\/teenstreet.life\/eu\/?page_id=60"},"modified":"2023-11-29T12:57:44","modified_gmt":"2023-11-29T11:57:44","slug":"historie","status":"publish","type":"page","link":"https:\/\/teenstreet.life\/eu\/no\/about\/history\/","title":{"rendered":"Historie"},"content":{"rendered":"<div data-elementor-type=\"wp-page\" data-elementor-id=\"60\" class=\"elementor elementor-60\" data-elementor-post-type=\"page\">\n\t\t\t\t\t\t<section class=\"elementor-section elementor-top-section elementor-element elementor-element-672cfdb elementor-section-boxed elementor-section-height-default elementor-section-height-default wpr-particle-no wpr-jarallax-no wpr-parallax-no wpr-sticky-section-no\" data-id=\"672cfdb\" data-element_type=\"section\" data-e-type=\"section\">\n\t\t\t\t\t\t<div class=\"elementor-container elementor-column-gap-default\">\n\t\t\t\t\t<div class=\"elementor-column elementor-col-16 elementor-top-column elementor-element elementor-element-54fde2a\" data-id=\"54fde2a\" data-element_type=\"column\" data-e-type=\"column\">\n\t\t\t<div class=\"elementor-widget-wrap\">\n\t\t\t\t\t\t\t<\/div>\n\t\t<\/div>\n\t\t\t\t<div class=\"elementor-column elementor-col-66 elementor-top-column elementor-element elementor-element-50a2e63\" data-id=\"50a2e63\" data-element_type=\"column\" data-e-type=\"column\">\n\t\t\t<div class=\"elementor-widget-wrap elementor-element-populated\">\n\t\t\t\t\t\t<div class=\"elementor-element elementor-element-19d84d82 elementor-widget elementor-widget-text-editor\" data-id=\"19d84d82\" data-element_type=\"widget\" data-e-type=\"widget\" data-widget_type=\"text-editor.default\">\n\t\t\t\t<div class=\"elementor-widget-container\">\n\t\t\t\t\t\t\t\t\t<p>TeenStreet startet i 1992 som en visjon for en internasjonal kristen konferanse for ten\u00e5ringer. Grunnleggerne Dan og Suzie Potter fra USA ga den navnet TeenStreet &quot;fordi hele form\u00e5let var \u00e5 gi ten\u00e5ringer en gate \u00e5 reise p\u00e5 ... en m\u00e5te \u00e5 leve p\u00e5&quot;.<\/p>\n<p>Den f\u00f8rste TeenStreet ble holdt i Offenburg, Tyskland, sommeren 1993, med totalt 56 personer. Det vokste raskt derfra, og i 2000 toppet deltakelsen 2000.<\/p>\n<p>I 2004 utvidet TeenStreet til Brasil, deretter til Australia i 2010, og lignende bevegelser har blitt lansert over hele verden.<\/p>\n<p>I dag opererer TeenStreet i syv land, med totalt 8000 deltakere hvert \u00e5r \u2013 men vi er ikke ferdige med \u00e5 vokse.<\/p>\n<p>&quot;TeenStreet er mye mer enn en ukes begivenhet,&quot; forklarer tidligere TeenStreet Europe-direkt\u00f8r Ger van Veen. &quot;Tusenvis av unge mennesker forlater TeenStreet hvert \u00e5r og f\u00e5r makt til \u00e5 leve for Jesus og reflektere ham i deres verden.&quot;<\/p>\n<p>I 2020 lanserte TeenStreet sitt f\u00f8rste online-arrangement noensinne, som et svar p\u00e5 COVID-19-pandemien. Ettersom v\u00e5r innflytelse utvides gjennom nye teknologier og muligheter, f\u00f8lger vi Guds retning for fremtiden, og reiser sammen som et globalt fellesskap av Jesu tilhengere som er forpliktet til \u00e5 forherlige hans navn.<\/p>\t\t\t\t\t\t\t\t<\/div>\n\t\t\t\t<\/div>\n\t\t\t\t\t<\/div>\n\t\t<\/div>\n\t\t\t\t<div class=\"elementor-column elementor-col-16 elementor-top-column elementor-element elementor-element-0320df7\" data-id=\"0320df7\" data-element_type=\"column\" data-e-type=\"column\">\n\t\t\t<div class=\"elementor-widget-wrap\">\n\t\t\t\t\t\t\t<\/div>\n\t\t<\/div>\n\t\t\t\t\t<\/div>\n\t\t<\/section>\n\t\t\t\t<\/div>","protected":false},"excerpt":{"rendered":"<p>TeenStreet began in 1992 as a vision for an international Christian conference for teens. Founders Dan and Suzie Potter from the U.S. gave it the name TeenStreet \u201cbecause the whole purpose was to give teens a street to travel upon\u2026a way to live\u201d. The first TeenStreet was held in Offenburg, Germany, in the summer of 1993, with a total of 56 people. It grew rapidly from there, and by 2000, participation topped 2,000. In 2004, TeenStreet expanded to Brazil, then to Australia in 2010, and similar movements have been launched around the globe. Today, TeenStreet operates in seven countries, with a total of 8,000 participants each year\u2014but we\u2019re not done growing. \u201cTeenStreet is much more than a one-week event,\u201d explains former TeenStreet Europe director Ger van Veen. \u201cThousands of young people leave TeenStreet every year and are empowered to live for Jesus and reflect Him in their world.\u201d In 2020, TeenStreet launched its first ever online event, as a response to the COVID-19 pandemic. As our influence expands through new technologies and opportunities, we\u2019re following God\u2019s direction for the future, journeying together as a global community of Jesus followers who are committed to glorifying His name.<\/p>","protected":false},"author":1,"featured_media":7036,"parent":56,"menu_order":0,"comment_status":"closed","ping_status":"closed","template":"","meta":{"iawp_total_views":7,"footnotes":""},"class_list":["post-60","page","type-page","status-publish","has-post-thumbnail","hentry"],"_links":{"self":[{"href":"https:\/\/teenstreet.life\/eu\/no\/wp-json\/wp\/v2\/pages\/60","targetHints":{"allow":["GET"]}}],"collection":[{"href":"https:\/\/teenstreet.life\/eu\/no\/wp-json\/wp\/v2\/pages"}],"about":[{"href":"https:\/\/teenstreet.life\/eu\/no\/wp-json\/wp\/v2\/types\/page"}],"author":[{"embeddable":true,"href":"https:\/\/teenstreet.life\/eu\/no\/wp-json\/wp\/v2\/users\/1"}],"replies":[{"embeddable":true,"href":"https:\/\/teenstreet.life\/eu\/no\/wp-json\/wp\/v2\/comments?post=60"}],"version-history":[{"count":1,"href":"https:\/\/teenstreet.life\/eu\/no\/wp-json\/wp\/v2\/pages\/60\/revisions"}],"predecessor-version":[{"id":7039,"href":"https:\/\/teenstreet.life\/eu\/no\/wp-json\/wp\/v2\/pages\/60\/revisions\/7039"}],"up":[{"embeddable":true,"href":"https:\/\/teenstreet.life\/eu\/no\/wp-json\/wp\/v2\/pages\/56"}],"wp:featuredmedia":[{"embeddable":true,"href":"https:\/\/teenstreet.life\/eu\/no\/wp-json\/wp\/v2\/media\/7036"}],"wp:attachment":[{"href":"https:\/\/teenstreet.life\/eu\/no\/wp-json\/wp\/v2\/media?parent=60"}],"curies":[{"name":"wp","href":"https:\/\/api.w.org\/{rel}","templated":true}]}}