{"id":2619,"date":"2020-07-20T16:38:00","date_gmt":"2020-07-20T14:38:00","guid":{"rendered":"https:\/\/teenstreet.life\/eu\/?page_id=2619"},"modified":"2020-08-05T17:00:38","modified_gmt":"2020-08-05T15:00:38","slug":"vilkar","status":"publish","type":"page","link":"https:\/\/teenstreet.life\/eu\/no\/terms\/","title":{"rendered":"Generelle vilk\u00e5r og betingelser (GTC)"},"content":{"rendered":"<p>F\u00f8lgende vilk\u00e5r gjelder for v\u00e5r nettbutikk.<\/p>\n\n\n\n<p><strong>\u00a7 1 Virkeomr\u00e5de og forbehold om endringsrett<\/strong><\/p>\n\n\n\n<p>a) Operasjon Mobilisering Deutschland e. V. vil utf\u00f8re bestillingen i henhold til de respektive gyldige vilk\u00e5r og betingelser p\u00e5 tidspunktet for bestillingen. Vi forbeholder oss uttrykkelig retten til \u00e5 gj\u00f8re endringer i AGB.<\/p>\n\n\n\n<p>b) Vi kan ikke akseptere motstridende AGB-er.<\/p>\n\n\n\n<p><strong>\u00a7 <\/strong><strong>2 Levering, toll og fraktkostnader<\/strong><\/p>\n\n\n\n<p>a) I tillegg til kj\u00f8pesummen belaster vi et fast fraktgebyr p\u00e5 \u20ac 5,00. Vi sender gratis fra en verdi av varer p\u00e5 \u20ac 50.<\/p>\n\n\n\n<p>b) Ved leveranser til utlandet vil de faktiske kostnadene belastes. De spesifikke import- og tollvilk\u00e5rene m\u00e5 overholdes av kunden.<\/p>\n\n\n\n<p>Vi har rett til \u00e5 foreta delleveranser.<\/p>\n\n\n\n<p><strong>\u00a7 <\/strong><strong>3 Betalingsbetingelser<\/strong><\/p>\n\n\n\n<p>a) Betaling gj\u00f8res med kredittkort eller Paypal gjennom v\u00e5r partner iZettle. Bestillingsprosessen er fullf\u00f8rt med betalingen.<\/p>\n\n\n\n<p>b) Motregning, konvertering eller reduksjon er kun tillatt dersom kravet ditt er skriftlig bekreftet av oss eller er juridisk etablert. En tilbakeholdsrett eksisterer bare hvis motkravet ditt er basert p\u00e5 det samme kontraktsforholdet.<\/p>\n\n\n\n<p>c) Leverte varer skal forbli v\u00e5r eiendom (\u00a7455 BGB) inntil full betaling av alle eksisterende krav. Kj\u00f8per kan videreselge de leverte varene i vanlige forretningstransaksjoner med eiendomsforbehold fra sin side, men overdrar oss til sikkerhet alle krav han har rett til umiddelbart eller senere inntil bel\u00f8pet av v\u00e5rt fakturabel\u00f8p.<\/p>\n\n\n\n<p><strong>\u00a7 <\/strong><strong>4 Angrerett<\/strong><\/p>\n\n\n\n<p>a) Du kan kansellere kontrakten innen 14 dager etter mottak av varene uten \u00e5 oppgi grunn. Rettidig utsendelse av tilbakekallingen er tilstrekkelig for \u00e5 overholde fristen. For \u00e5 benytte din angrerett kan du kontakte oss enten via brevpost, faks eller e-post: Operation Mobilization eV, Alte Neckarelzer Str. 2, 74821 Mosbach, Telefon: 06261-9470, Faks: 06261-947-147, E-post. Du kan bruke vedlagte pr\u00f8veavbestillingsskjema, men dette er ikke obligatorisk.<\/p>\n\n\n\n<p>Konsekvenser av tilbakekall:<\/p>\n\n\n\n<p>Retur: Du m\u00e5 returnere varene til oss i Mosbach umiddelbart og i alle fall innen fjorten dager senest fra den dagen du informerer oss om opphevelsen av denne kontrakten. Vi kan ikke ta tilbake varer som ikke er i ny, ubrukt stand etter at 14-dagersfristen er utl\u00f8pt. Ved vesentlig forringelse, slitasje eller tap forbeholder vi oss uttrykkelig retten til \u00e5 kreve erstatning.<\/p>\n\n\n\n<p>Refusjon: Vi refunderer kj\u00f8pesummen umiddelbart og senest innen fjorten dager fra den dagen vi mottar melding om at du hever denne kontrakten. Vi forbeholder oss uttrykkelig retten til ikke \u00e5 refundere returkostnadene ved en ordreverdi under \u20ac 40, med mindre de leverte varene ikke samsvarer med de bestilte varene.<\/p>\n\n\n\n<p><strong>\u00a7 <\/strong><strong>5 Databeskyttelse<\/strong><\/p>\n\n\n\n<p>a)a) Du godtar uttrykkelig lagring, behandling og bruk av personopplysningene som er gitt oss i l\u00f8pet av bestillingsprosessen for kontraktsmessige form\u00e5l p\u00e5 grunnlag av EUs databeskyttelsesforordning (DSGVO) og den f\u00f8derale databeskyttelsesloven (BDSG).<\/p>\n\n\n\n<p><strong>\u00a7 <\/strong><strong>6 Diverse<\/strong><\/p>\n\n\n\n<p>a) Tysk lov skal gjelde for unntak av FNs salgskonvensjon. Jurisdiksjonssted er Mosbach, s\u00e5 langt det er lovlig tillatt. Hvis kj\u00f8peren er en kj\u00f8pmann, Operation Mobilization Deutschland e. V. kan ogs\u00e5 saks\u00f8ke ham p\u00e5 hans forretningssted.<\/p>\n\n\n\n<p>b) Endringer i kontrakten og endringen av disse generelle vilk\u00e5rene og betingelsene, inkludert denne skriftlige formklausulen, m\u00e5 gj\u00f8res skriftlig. Ugyldigheten av individuelle bestemmelser p\u00e5virker ikke den gjenv\u00e6rende gyldigheten av kontrakten og disse GTC.<\/p>\n\n\n\n<p><strong>\u00a77 Voldgift av tvister<\/strong><\/p>\n\n\n\n<p>EU-kommisjonen har opprettet en Internett-plattform for nettl\u00f8sning av tvister. Plattformen fungerer som et kontaktpunkt for utenrettslig l\u00f8sning av tvister ang\u00e5ende kontraktsforpliktelser som oppst\u00e5r fra nettbaserte kj\u00f8pskontrakter. Ytterligere informasjon er tilgjengelig under f\u00f8lgende lenke: http:\/\/ec.europa.eu\/consumers\/odr.<\/p>\n\n\n\n<p>Vi er forberedt p\u00e5 \u00e5 delta i en tvistel\u00f8sningsprosedyre. Den kompetente forbrukervoldgiftsnemnda er: Universalschlichtungsstelle des Bundes Zentrum f\u00fcr Schlichtung eV, Stra\u00dfburger Stra\u00dfe 8, 77694 Kehl am Rhein, www.verbraucher-schlichter.de.<\/p>\n\n\n\n<p>Her er malen for uttaksskjemaet:<\/p>\n\n\n\n<p><strong>Eksempel p\u00e5 angreskjema<\/strong><\/p>\n\n\n\n<p>(Hvis du \u00f8nsker \u00e5 kansellere kontrakten, vennligst fyll ut dette skjemaet og returner det til oss)<\/p>\n\n\n\n<p>Til:<\/p>\n\n\n\n<p><strong>Operasjon Mobilisering eV <br>Alte Neckarelzer Str. 2 <br>74821 Mosbach <br>Tyskland<\/strong><\/p>\n\n\n\n<p>Jeg\/vi hever herved kontrakten inng\u00e5tt av meg\/oss p\u00e5 nett for kj\u00f8p av f\u00f8lgende varer\/tjenester<\/p>\n\n\n\n<p>Type vare\/tjeneste: __________________________________<\/p>\n\n\n\n<p>Ordrenummer\/bestillingsnummer:______________________________<\/p>\n\n\n\n<p>Bestilt den: _______\/mottatt den: _______<\/p>\n\n\n\n<p>Navn p\u00e5 forbruker(e): ______________<\/p>\n\n\n\n<p>Adresse til forbrukeren(e): _______________<\/p>\n\n\n\n<p>Signatur fra forbrukeren(e) __________________________________________<\/p>\n\n\n\n<p>(kun ved melding p\u00e5 papir)<\/p>\n\n\n\n<p>Dagens dato:<\/p>","protected":false},"excerpt":{"rendered":"<p>The following terms apply to our web shop. \u00a7 1 Scope of application and reservation of right of amendment a) Operation Mobilisation Deutschland e. V. will execute the order according to the respective valid terms and conditions at the time of the order. We expressly reserve the right to make changes to the AGB. b) [&hellip;]<\/p>\n","protected":false},"author":1,"featured_media":0,"parent":0,"menu_order":0,"comment_status":"closed","ping_status":"closed","template":"","meta":{"iawp_total_views":11,"footnotes":""},"class_list":["post-2619","page","type-page","status-publish","hentry"],"_links":{"self":[{"href":"https:\/\/teenstreet.life\/eu\/no\/wp-json\/wp\/v2\/pages\/2619","targetHints":{"allow":["GET"]}}],"collection":[{"href":"https:\/\/teenstreet.life\/eu\/no\/wp-json\/wp\/v2\/pages"}],"about":[{"href":"https:\/\/teenstreet.life\/eu\/no\/wp-json\/wp\/v2\/types\/page"}],"author":[{"embeddable":true,"href":"https:\/\/teenstreet.life\/eu\/no\/wp-json\/wp\/v2\/users\/1"}],"replies":[{"embeddable":true,"href":"https:\/\/teenstreet.life\/eu\/no\/wp-json\/wp\/v2\/comments?post=2619"}],"version-history":[{"count":0,"href":"https:\/\/teenstreet.life\/eu\/no\/wp-json\/wp\/v2\/pages\/2619\/revisions"}],"wp:attachment":[{"href":"https:\/\/teenstreet.life\/eu\/no\/wp-json\/wp\/v2\/media?parent=2619"}],"curies":[{"name":"wp","href":"https:\/\/api.w.org\/{rel}","templated":true}]}}